{"id":32734,"date":"2026-04-26T08:57:15","date_gmt":"2026-04-26T08:57:15","guid":{"rendered":""},"modified":"2026-04-26T08:57:15","modified_gmt":"2026-04-26T08:57:15","slug":"penetral-alp-koupit-online-32734","status":"publish","type":"product","link":"https:\/\/www.domtechnikpro.com\/produkt\/penetral-alp-koupit-online-32734\/","title":{"rendered":"Penetral ALP Koupit Online"},"content":{"rendered":"<div class=\"basic-description\">\n<h3>Detailn\u00ed popis produktu<\/h3>\n<p>                                    Penetral ALP<br \/>asfaltov\u00fd lak penetra\u010dn\u00ed se zpracov\u00e1vaj\u00ed za studena. Pro aplikaci se pou\u017e\u00edv\u00e1 \u0161t\u011btec nebo pokr\u00fdva\u010dsk\u00fd kart\u00e1\u010d. Je mo\u017en\u00e9 prov\u00e9st n\u00e1st\u0159ik nebo m\u00e1\u010deni.<br \/>P\u0159ed pou\u017eit\u00edm je d\u016fle\u017eit\u00e9 obsah d\u016fkladn\u011b prom\u00edchat. <\/p>\n<p>Spot\u0159eba je z\u00e1visl\u00e1 na zp\u016fsobu pou\u017eiti: <br \/>0,3 kg\/m2<\/p>\n<p>Balen\u00ed a skladov\u00e1n\u00ed:<br \/>dod\u00e1v\u00e1 se ve 3,5 kg a 9 kg kanystrech a na objedn\u00e1vku v 20 kg kbel\u00edc\u00edch, 170 kg (200 l) sudech, v \u017eelezni\u010dn\u00edch cistern\u00e1ch a autocistern\u00e1ch odb\u011bratele. <\/p>\n<p>Skladuje se v uzav\u0159en\u00fdch obalech v kryt\u00fdch prostor\u00e1ch. Obaly s laky nesmi byt vystaveny zv\u00fd\u0161en\u00fdm teplot\u00e1m nebo p\u0159\u00edm\u00e9mu slune\u010dn\u00edmu z\u00e1\u0159eni. B\u011bhem skladov\u00e1ni se p\u0159ipou\u0161t\u00ed zhoustnuti laku a\u017e o 50 %.<\/p>\n<p>Asfaltov\u00fd lak penetra\u010dn\u00ed lze \u0159edit lakov\u00fdm benzinem.                            <\/p><\/div>\n<div class=\"extended-description\">\n<h3>Dopl\u0148kov\u00e9 parametry<\/h3>\n<table class=\"detail-parameters\">\n<tbody>\n<tr>\n<th>        <span class=\"row-header-label\">            Kategorie<span class=\"row-header-label-colon\">:<\/span>        <\/span>    <\/th>\n<td>        Hydroizola\u010dn\u00ed hmoty a n\u00e1t\u011bry    <\/td>\n<\/tr>\n<\/tbody>\n<\/table><\/div>\n<\/p><\/div>\n<\/p><\/div>\n","protected":false},"excerpt":{"rendered":"<p>Detailn\u00ed popis produktu Penetral ALPasfaltov\u00fd lak penetra\u010dn\u00ed se zpracov\u00e1vaj\u00ed za studena. Pro aplikaci se pou\u017e\u00edv\u00e1 \u0161t\u011btec nebo pokr\u00fdva\u010dsk\u00fd kart\u00e1\u010d. Je mo\u017en\u00e9 prov\u00e9st n\u00e1st\u0159ik nebo m\u00e1\u010deni.P\u0159ed pou\u017eit\u00edm je d\u016fle\u017eit\u00e9 obsah d\u016fkladn\u011b prom\u00edchat. Spot\u0159eba je z\u00e1visl\u00e1 na zp\u016fsobu pou\u017eiti: 0,3 kg\/m2 Balen\u00ed a skladov\u00e1n\u00ed:dod\u00e1v\u00e1 se ve 3,5 kg a 9 kg kanystrech a na objedn\u00e1vku v 20 [&hellip;]<\/p>\n","protected":false},"featured_media":32834,"comment_status":"open","ping_status":"open","template":"","meta":[],"product_brand":[],"product_cat":[125],"product_tag":[],"class_list":{"0":"post-32734","1":"product","2":"type-product","3":"status-publish","4":"has-post-thumbnail","6":"product_cat-hydroizolacni-hmoty-a-natery","8":"first","9":"instock","10":"sale","11":"shipping-taxable","12":"purchasable","13":"product-type-simple"},"yoast_head":"<!-- This site is optimized with the Yoast SEO plugin v26.8 - https:\/\/yoast.com\/product\/yoast-seo-wordpress\/ -->\n<title>Penetral ALP Koupit Online - Pr\u016fmyslov\u00e9 vybaven\u00ed a p\u0159\u00edslu\u0161enstv\u00ed<\/title>\n<meta name=\"robots\" content=\"index, follow, max-snippet:-1, max-image-preview:large, max-video-preview:-1\" \/>\n<link rel=\"canonical\" href=\"https:\/\/www.domtechnikpro.com\/index.php\/produkt\/penetral-alp-koupit-online-32734\/\" \/>\n<meta property=\"og:locale\" content=\"cs_CZ\" \/>\n<meta property=\"og:type\" content=\"article\" \/>\n<meta property=\"og:title\" content=\"Penetral ALP Koupit Online - Pr\u016fmyslov\u00e9 vybaven\u00ed a p\u0159\u00edslu\u0161enstv\u00ed\" \/>\n<meta property=\"og:description\" content=\"Detailn\u00ed popis produktu Penetral ALPasfaltov\u00fd lak penetra\u010dn\u00ed se zpracov\u00e1vaj\u00ed za studena. Pro aplikaci se pou\u017e\u00edv\u00e1 \u0161t\u011btec nebo pokr\u00fdva\u010dsk\u00fd kart\u00e1\u010d. Je mo\u017en\u00e9 prov\u00e9st n\u00e1st\u0159ik nebo m\u00e1\u010deni.P\u0159ed pou\u017eit\u00edm je d\u016fle\u017eit\u00e9 obsah d\u016fkladn\u011b prom\u00edchat. Spot\u0159eba je z\u00e1visl\u00e1 na zp\u016fsobu pou\u017eiti: 0,3 kg\/m2 Balen\u00ed a skladov\u00e1n\u00ed:dod\u00e1v\u00e1 se ve 3,5 kg a 9 kg kanystrech a na objedn\u00e1vku v 20 [&hellip;]\" \/>\n<meta property=\"og:url\" content=\"https:\/\/www.domtechnikpro.com\/index.php\/produkt\/penetral-alp-koupit-online-32734\/\" \/>\n<meta property=\"og:site_name\" content=\"Pr\u016fmyslov\u00e9 vybaven\u00ed a p\u0159\u00edslu\u0161enstv\u00ed\" \/>\n<meta property=\"og:image\" content=\"https:\/\/www.domtechnikpro.com\/wp-content\/uploads\/2026\/SK0001380-CZ20260425-092355-0-1777080235-26852_penetral-alp.webp\" \/>\n\t<meta property=\"og:image:width\" content=\"1000\" \/>\n\t<meta property=\"og:image:height\" content=\"750\" \/>\n\t<meta property=\"og:image:type\" content=\"image\/webp\" \/>\n<meta name=\"twitter:card\" content=\"summary_large_image\" \/>\n<meta name=\"twitter:label1\" content=\"Odhadovan\u00e1 doba \u010dten\u00ed\" \/>\n\t<meta name=\"twitter:data1\" content=\"1 minuta\" \/>\n<script type=\"application\/ld+json\" class=\"yoast-schema-graph\">{\"@context\":\"https:\/\/schema.org\",\"@graph\":[{\"@type\":\"WebPage\",\"@id\":\"https:\/\/www.domtechnikpro.com\/index.php\/produkt\/penetral-alp-koupit-online-32734\/\",\"url\":\"https:\/\/www.domtechnikpro.com\/index.php\/produkt\/penetral-alp-koupit-online-32734\/\",\"name\":\"Penetral ALP Koupit Online - Pr\u016fmyslov\u00e9 vybaven\u00ed a p\u0159\u00edslu\u0161enstv\u00ed\",\"isPartOf\":{\"@id\":\"https:\/\/www.domtechnikpro.com\/#website\"},\"primaryImageOfPage\":{\"@id\":\"https:\/\/www.domtechnikpro.com\/index.php\/produkt\/penetral-alp-koupit-online-32734\/#primaryimage\"},\"image\":{\"@id\":\"https:\/\/www.domtechnikpro.com\/index.php\/produkt\/penetral-alp-koupit-online-32734\/#primaryimage\"},\"thumbnailUrl\":\"https:\/\/www.domtechnikpro.com\/wp-content\/uploads\/2026\/SK0001380-CZ20260425-092355-0-1777080235-26852_penetral-alp.webp\",\"datePublished\":\"2026-04-26T08:57:15+00:00\",\"breadcrumb\":{\"@id\":\"https:\/\/www.domtechnikpro.com\/index.php\/produkt\/penetral-alp-koupit-online-32734\/#breadcrumb\"},\"inLanguage\":\"cs\",\"potentialAction\":[{\"@type\":\"ReadAction\",\"target\":[\"https:\/\/www.domtechnikpro.com\/index.php\/produkt\/penetral-alp-koupit-online-32734\/\"]}]},{\"@type\":\"ImageObject\",\"inLanguage\":\"cs\",\"@id\":\"https:\/\/www.domtechnikpro.com\/index.php\/produkt\/penetral-alp-koupit-online-32734\/#primaryimage\",\"url\":\"https:\/\/www.domtechnikpro.com\/wp-content\/uploads\/2026\/SK0001380-CZ20260425-092355-0-1777080235-26852_penetral-alp.webp\",\"contentUrl\":\"https:\/\/www.domtechnikpro.com\/wp-content\/uploads\/2026\/SK0001380-CZ20260425-092355-0-1777080235-26852_penetral-alp.webp\",\"width\":1000,\"height\":750},{\"@type\":\"BreadcrumbList\",\"@id\":\"https:\/\/www.domtechnikpro.com\/index.php\/produkt\/penetral-alp-koupit-online-32734\/#breadcrumb\",\"itemListElement\":[{\"@type\":\"ListItem\",\"position\":1,\"name\":\"Home\",\"item\":\"https:\/\/www.domtechnikpro.com\/\"},{\"@type\":\"ListItem\",\"position\":2,\"name\":\"Products\",\"item\":\"https:\/\/www.domtechnikpro.com\/products\/\"},{\"@type\":\"ListItem\",\"position\":3,\"name\":\"Penetral ALP Koupit Online\"}]},{\"@type\":\"WebSite\",\"@id\":\"https:\/\/www.domtechnikpro.com\/#website\",\"url\":\"https:\/\/www.domtechnikpro.com\/\",\"name\":\"Pr\u016fmyslov\u00e9 vybaven\u00ed a p\u0159\u00edslu\u0161enstv\u00ed\",\"description\":\"Pr\u016fmyslov\u00e9 vybaven\u00ed a p\u0159\u00edslu\u0161enstv\u00ed\",\"publisher\":{\"@id\":\"https:\/\/www.domtechnikpro.com\/#organization\"},\"potentialAction\":[{\"@type\":\"SearchAction\",\"target\":{\"@type\":\"EntryPoint\",\"urlTemplate\":\"https:\/\/www.domtechnikpro.com\/?s={search_term_string}\"},\"query-input\":{\"@type\":\"PropertyValueSpecification\",\"valueRequired\":true,\"valueName\":\"search_term_string\"}}],\"inLanguage\":\"cs\"},{\"@type\":\"Organization\",\"@id\":\"https:\/\/www.domtechnikpro.com\/#organization\",\"name\":\"Pr\u016fmyslov\u00e9 vybaven\u00ed a p\u0159\u00edslu\u0161enstv\u00ed\",\"url\":\"https:\/\/www.domtechnikpro.com\/\",\"logo\":{\"@type\":\"ImageObject\",\"inLanguage\":\"cs\",\"@id\":\"https:\/\/www.domtechnikpro.com\/#\/schema\/logo\/image\/\",\"url\":\"https:\/\/www.domtechnikpro.com\/wp-content\/uploads\/2026\/04\/domtechnikpro_logo_full.svg\",\"contentUrl\":\"https:\/\/www.domtechnikpro.com\/wp-content\/uploads\/2026\/04\/domtechnikpro_logo_full.svg\",\"width\":920,\"height\":180,\"caption\":\"Pr\u016fmyslov\u00e9 vybaven\u00ed a p\u0159\u00edslu\u0161enstv\u00ed\"},\"image\":{\"@id\":\"https:\/\/www.domtechnikpro.com\/#\/schema\/logo\/image\/\"}}]}<\/script>\n<!-- \/ Yoast SEO plugin. -->","yoast_head_json":{"title":"Penetral ALP Koupit Online - Pr\u016fmyslov\u00e9 vybaven\u00ed a p\u0159\u00edslu\u0161enstv\u00ed","robots":{"index":"index","follow":"follow","max-snippet":"max-snippet:-1","max-image-preview":"max-image-preview:large","max-video-preview":"max-video-preview:-1"},"canonical":"https:\/\/www.domtechnikpro.com\/index.php\/produkt\/penetral-alp-koupit-online-32734\/","og_locale":"cs_CZ","og_type":"article","og_title":"Penetral ALP Koupit Online - Pr\u016fmyslov\u00e9 vybaven\u00ed a p\u0159\u00edslu\u0161enstv\u00ed","og_description":"Detailn\u00ed popis produktu Penetral ALPasfaltov\u00fd lak penetra\u010dn\u00ed se zpracov\u00e1vaj\u00ed za studena. Pro aplikaci se pou\u017e\u00edv\u00e1 \u0161t\u011btec nebo pokr\u00fdva\u010dsk\u00fd kart\u00e1\u010d. Je mo\u017en\u00e9 prov\u00e9st n\u00e1st\u0159ik nebo m\u00e1\u010deni.P\u0159ed pou\u017eit\u00edm je d\u016fle\u017eit\u00e9 obsah d\u016fkladn\u011b prom\u00edchat. Spot\u0159eba je z\u00e1visl\u00e1 na zp\u016fsobu pou\u017eiti: 0,3 kg\/m2 Balen\u00ed a skladov\u00e1n\u00ed:dod\u00e1v\u00e1 se ve 3,5 kg a 9 kg kanystrech a na objedn\u00e1vku v 20 [&hellip;]","og_url":"https:\/\/www.domtechnikpro.com\/index.php\/produkt\/penetral-alp-koupit-online-32734\/","og_site_name":"Pr\u016fmyslov\u00e9 vybaven\u00ed a p\u0159\u00edslu\u0161enstv\u00ed","og_image":[{"width":1000,"height":750,"url":"https:\/\/www.domtechnikpro.com\/wp-content\/uploads\/2026\/SK0001380-CZ20260425-092355-0-1777080235-26852_penetral-alp.webp","type":"image\/webp"}],"twitter_card":"summary_large_image","twitter_misc":{"Odhadovan\u00e1 doba \u010dten\u00ed":"1 minuta"},"schema":{"@context":"https:\/\/schema.org","@graph":[{"@type":"WebPage","@id":"https:\/\/www.domtechnikpro.com\/index.php\/produkt\/penetral-alp-koupit-online-32734\/","url":"https:\/\/www.domtechnikpro.com\/index.php\/produkt\/penetral-alp-koupit-online-32734\/","name":"Penetral ALP Koupit Online - Pr\u016fmyslov\u00e9 vybaven\u00ed a p\u0159\u00edslu\u0161enstv\u00ed","isPartOf":{"@id":"https:\/\/www.domtechnikpro.com\/#website"},"primaryImageOfPage":{"@id":"https:\/\/www.domtechnikpro.com\/index.php\/produkt\/penetral-alp-koupit-online-32734\/#primaryimage"},"image":{"@id":"https:\/\/www.domtechnikpro.com\/index.php\/produkt\/penetral-alp-koupit-online-32734\/#primaryimage"},"thumbnailUrl":"https:\/\/www.domtechnikpro.com\/wp-content\/uploads\/2026\/SK0001380-CZ20260425-092355-0-1777080235-26852_penetral-alp.webp","datePublished":"2026-04-26T08:57:15+00:00","breadcrumb":{"@id":"https:\/\/www.domtechnikpro.com\/index.php\/produkt\/penetral-alp-koupit-online-32734\/#breadcrumb"},"inLanguage":"cs","potentialAction":[{"@type":"ReadAction","target":["https:\/\/www.domtechnikpro.com\/index.php\/produkt\/penetral-alp-koupit-online-32734\/"]}]},{"@type":"ImageObject","inLanguage":"cs","@id":"https:\/\/www.domtechnikpro.com\/index.php\/produkt\/penetral-alp-koupit-online-32734\/#primaryimage","url":"https:\/\/www.domtechnikpro.com\/wp-content\/uploads\/2026\/SK0001380-CZ20260425-092355-0-1777080235-26852_penetral-alp.webp","contentUrl":"https:\/\/www.domtechnikpro.com\/wp-content\/uploads\/2026\/SK0001380-CZ20260425-092355-0-1777080235-26852_penetral-alp.webp","width":1000,"height":750},{"@type":"BreadcrumbList","@id":"https:\/\/www.domtechnikpro.com\/index.php\/produkt\/penetral-alp-koupit-online-32734\/#breadcrumb","itemListElement":[{"@type":"ListItem","position":1,"name":"Home","item":"https:\/\/www.domtechnikpro.com\/"},{"@type":"ListItem","position":2,"name":"Products","item":"https:\/\/www.domtechnikpro.com\/products\/"},{"@type":"ListItem","position":3,"name":"Penetral ALP Koupit Online"}]},{"@type":"WebSite","@id":"https:\/\/www.domtechnikpro.com\/#website","url":"https:\/\/www.domtechnikpro.com\/","name":"Pr\u016fmyslov\u00e9 vybaven\u00ed a p\u0159\u00edslu\u0161enstv\u00ed","description":"Pr\u016fmyslov\u00e9 vybaven\u00ed a p\u0159\u00edslu\u0161enstv\u00ed","publisher":{"@id":"https:\/\/www.domtechnikpro.com\/#organization"},"potentialAction":[{"@type":"SearchAction","target":{"@type":"EntryPoint","urlTemplate":"https:\/\/www.domtechnikpro.com\/?s={search_term_string}"},"query-input":{"@type":"PropertyValueSpecification","valueRequired":true,"valueName":"search_term_string"}}],"inLanguage":"cs"},{"@type":"Organization","@id":"https:\/\/www.domtechnikpro.com\/#organization","name":"Pr\u016fmyslov\u00e9 vybaven\u00ed a p\u0159\u00edslu\u0161enstv\u00ed","url":"https:\/\/www.domtechnikpro.com\/","logo":{"@type":"ImageObject","inLanguage":"cs","@id":"https:\/\/www.domtechnikpro.com\/#\/schema\/logo\/image\/","url":"https:\/\/www.domtechnikpro.com\/wp-content\/uploads\/2026\/04\/domtechnikpro_logo_full.svg","contentUrl":"https:\/\/www.domtechnikpro.com\/wp-content\/uploads\/2026\/04\/domtechnikpro_logo_full.svg","width":920,"height":180,"caption":"Pr\u016fmyslov\u00e9 vybaven\u00ed a p\u0159\u00edslu\u0161enstv\u00ed"},"image":{"@id":"https:\/\/www.domtechnikpro.com\/#\/schema\/logo\/image\/"}}]}},"_links":{"self":[{"href":"https:\/\/www.domtechnikpro.com\/wp-json\/wp\/v2\/product\/32734","targetHints":{"allow":["GET"]}}],"collection":[{"href":"https:\/\/www.domtechnikpro.com\/wp-json\/wp\/v2\/product"}],"about":[{"href":"https:\/\/www.domtechnikpro.com\/wp-json\/wp\/v2\/types\/product"}],"replies":[{"embeddable":true,"href":"https:\/\/www.domtechnikpro.com\/wp-json\/wp\/v2\/comments?post=32734"}],"wp:featuredmedia":[{"embeddable":true,"href":"https:\/\/www.domtechnikpro.com\/wp-json\/wp\/v2\/media\/32834"}],"wp:attachment":[{"href":"https:\/\/www.domtechnikpro.com\/wp-json\/wp\/v2\/media?parent=32734"}],"wp:term":[{"taxonomy":"product_brand","embeddable":true,"href":"https:\/\/www.domtechnikpro.com\/wp-json\/wp\/v2\/product_brand?post=32734"},{"taxonomy":"product_cat","embeddable":true,"href":"https:\/\/www.domtechnikpro.com\/wp-json\/wp\/v2\/product_cat?post=32734"},{"taxonomy":"product_tag","embeddable":true,"href":"https:\/\/www.domtechnikpro.com\/wp-json\/wp\/v2\/product_tag?post=32734"}],"curies":[{"name":"wp","href":"https:\/\/api.w.org\/{rel}","templated":true}]}}