{"id":32729,"date":"2026-04-26T08:57:15","date_gmt":"2026-04-26T08:57:15","guid":{"rendered":""},"modified":"2026-04-26T08:57:15","modified_gmt":"2026-04-26T08:57:15","slug":"pattex-chemopren-extrem-omezena-nabidka-32729","status":"publish","type":"product","link":"https:\/\/www.domtechnikpro.com\/produkt\/pattex-chemopren-extrem-omezena-nabidka-32729\/","title":{"rendered":"Pattex Chemopr\u00e9n Extr\u00e9m Omezen\u00e1 Nab\u00eddka"},"content":{"rendered":"<div class=\"basic-description\">\n<h3>Detailn\u00ed popis produktu<\/h3>\n<p>                                    Pattex Chemopr\u00e9n Extr\u00e9m Klasik<br \/>na v\u0161echny sav\u00e9 i nesav\u00e9 materi\u00e1ly: d\u0159evo, tvrzen\u00e9 plasty, k\u016f\u017ei, gumu, kov, textil, p\u0159ekli\u017eku, d\u0159evovl\u00e1knit\u00e9 desky, lamin\u00e1ty. Nevhodn\u00e9 k lepen\u00ed polystyr\u00e9nu, m\u011bk\u010den\u00e9ho PVc, PP, PE a syntetick\u00e9 k\u016f\u017ee.<br \/>K lepen\u00ed d\u0159ev\u011bn\u00fdch materi\u00e1l\u016f k desk\u00e1m HPL, nap\u0159. Resopal, Formica, atd., ke gum\u011b, k\u016f\u017ei, plst, tvrzen\u00e9 PVC, pru\u017en\u00e9 p\u011bnov\u00e9 materi\u00e1ly, kov, atd. K pokl\u00e1d\u00e1n\u00ed zvukov\u00fdch izolac\u00ed a akustick\u00fdch desek (s v\u00fdjimkou polystyrenu), vhodn\u00fdch plastikov\u00fdch dla\u017edic a r\u016fzn\u00fdch typ\u016f obklad\u016f st\u011bn na such\u00e9 a pevn\u00e9 podklady. K lepen\u00ed p\u00e1sk\u016f d\u00fdhy na boky a k\u0159ivky. K polepov\u00e1n\u00ed hran masivn\u00edm d\u0159evem a p\u0159ekli\u017ekou pro ochranu proti vlhkosti a pov\u011btrnostn\u00edm vliv\u016fm a k lepen\u00ed t\u011bsn\u00edc\u00edch p\u00e1sek.<\/p>\n<p>Na kontaktn\u00ed lepen\u00ed s velmi vysokou pevnost\u00ed. Zvl\u00e1\u0161t\u011b na lepen\u00ed k\u016f\u017ee, d\u0159eva, gumy, textili\u00ed, kov\u016f, p\u0159ekli\u017eky, kartonu a r\u016fzn\u00fdch materi\u00e1l\u016f z tvrd\u00fdch um\u011bl\u00fdch hmot. Na lepen\u00ed izola\u010dn\u00edch materi\u00e1l\u016f v prostor\u00e1ch vystaven\u00fdch vy\u0161\u0161\u00edm teplot\u00e1m (nap\u0159. v bl\u00edzkosti topen\u00ed). Nen\u00ed vhodn\u00e9 na lepen\u00ed polystyrenu, teflonu, m\u011bk\u010den\u00e9ho PVC, PE a PP. Nepou\u017e\u00edvejte na spoje, kter\u00e9 p\u0159ich\u00e1zej\u00ed do p\u0159\u00edm\u00e9ho styku s po\u017eivatinami a pitnou vodou.<\/p>\n<p>Vlastnosti bez obsahu toluenu pro extr\u00e9m\u011b nam\u00e1han\u00e9 spoje po prom\u00edch\u00e1n\u00ed okam\u017eit\u011b pou\u017eiteln\u00e9 extr\u00e9mn\u00ed odolnost v\u016f\u010di teplot\u011b a\u017e do 120 \u00b0C pln\u011b vodovzdorn\u00e9 rychle a lehce zpracovateln\u00e9 univerz\u00e1ln\u00ed pou\u017eit\u00ed vysok\u00e1 okam\u017eit\u00e1 pevnost odol\u00e1v\u00e1 dlouhodob\u00e9mu nam\u00e1h\u00e1n\u00ed v ohybu<\/p>\n<p>N\u00e1vod k pou\u017eit\u00ed: <br \/>Podklad mus\u00ed b\u00fdt such, zbaven\u00fd prachu a mastnoty. Lepidlo aplikujte na obal lepen\u00e9 povrchy a nechte 10 a\u017e 15 minut odv\u011btrat. Pot\u00e9 oba lepen\u00e9 d\u00edly spojte a siln\u011b p\u0159itiskn\u011bte k sob\u011b na n\u011bkolik sekund. Doporu\u010den\u00e1 spot\u0159eba 280-390 ml\/m2.<\/p>\n<p>Technick\u00e9 \u00fadaje.<br \/>B\u00e1ze: <br \/>polychlorbutadien<\/p>\n<p>Barva:<br \/>matn\u011b \u017elut\u00e1<\/p>\n<p>Viskozita:<br \/>cca. 2 300\u20132 500 mPa.s<\/p>\n<p>Hustota:<br \/>0,89 g\/cm3<\/p>\n<p>Teplota zpracov\u00e1n\u00ed:<br \/>mezi +18 \u00b0C a +25 \u00b0C<\/p>\n<p>Spot\u0159eba:<br \/>250\u2013350 g\/m2 (p\u0159i oboustran\u00e9m n\u00e1nosu)<\/p>\n<p>Doba odv\u011btr\u00e1n\u00ed:<br \/>10\u201315 min p\u0159i pokojov\u00e9 teplot\u011b<\/p>\n<p>Odolnost v\u016f\u010di teplot\u011b:<br \/>cca. od 40 \u00b0C do +120 \u00b0C<\/p>\n<p>Minim\u00e1ln\u00ed lisovac\u00ed tlak:<br \/>0,5 N\/mm2 (5 kPa\/cm2)<\/p>\n<p>Otev\u0159en\u00e1 doba:<br \/>max. do 2 hodin po odv\u011btr\u00e1n\u00ed je nutno spoje zalisovat<\/p>\n<p>Lepen\u00ed d\u0159eva:<br \/>vlhkost d\u0159eva ca. 8\u201312 %<\/p>\n<p>Nan\u00e1\u0161en\u00ed:<br \/>pomoc\u00ed zubov\u00e9 st\u011brky nebo \u0161t\u011btce<\/p>\n<p>\u010ci\u0161t\u011bn\u00ed:<br \/>pomoc\u00ed \u0159edidla Chemopr\u00e9n<\/p>\n<p>Skladov\u00e1n\u00ed:<br \/>V origin\u00e1ln\u00edm uzav\u0159en\u00e9m obalu na such\u00e9m m\u00edst\u011b. Chra\u0148te p\u0159ed teplotami ni\u017e\u0161\u00edmi ne\u017e +10\u00b0C a vy\u0161\u0161\u00edmi ne\u017e +50\u00b0C.<\/p>\n<p>Pokyny k technick\u00e9mu zpracov\u00e1n\u00ed:<br \/>Lepen\u00fd materi\u00e1l mus\u00ed b\u00fdt such\u00fd, zbaven\u00fd mastnoty a prachu. P\u0159i lepen\u00ed kov\u016f a um\u011bl\u00fdch hmot dodate\u010dn\u00fdm zdrsn\u011bn\u00edm lepen\u00fdch ploch zv\u00fd\u0161\u00edte pevnost spoje. P\u0159i lepen\u00ed sav\u00fd &#8211; sav\u00fd materi\u00e1l doporu\u010dujeme \u0159edit lepidlo Chemopr\u00e9n \u0159edidlem. P\u0159ed pou\u017eit\u00edm lepidlo \u0159\u00e1dn\u011b prom\u00edchejte. Nan\u00e1\u0161ejte v tenk\u00e9 vrstv\u011b zubovou st\u011brkou, \u0161t\u011btcem nebo v\u00e1le\u010dkem na ob\u011b plochy. Doporu\u010den\u00e1 spot\u0159eba je 250\u2013350 g\/m2 (p\u0159i nanesen\u00ed na ob\u011b plochy). Vrstvu lepidla nechte odv\u011btrat cca. 10\u201315 min, potom oba lepen\u00e9 d\u00edly p\u0159ilo\u017ete a pevn\u011b stla\u010dte. Pro pevnost spoje je rozhoduj\u00ed s\u00edla stla\u010den\u00ed, ne doba trvan\u00ed tlaku. Kone\u010dnou pevnost dos\u00e1hnete po 24 hodin\u00e1ch. <\/p>\n<p>P\u0159\u00edpadn\u00e9 zne\u010dist\u011bn\u00ed lepidlem odstra\u0148te Chemopr\u00e9n \u0159edidlem.                            <\/p><\/div>\n<div class=\"extended-description\">\n<h3>Dopl\u0148kov\u00e9 parametry<\/h3>\n<table class=\"detail-parameters\">\n<tbody>\n<tr>\n<th>        <span class=\"row-header-label\">            Kategorie<span class=\"row-header-label-colon\">:<\/span>        <\/span>    <\/th>\n<td>        Univerz\u00e1ln\u00ed lepidlo    <\/td>\n<\/tr>\n<\/tbody>\n<\/table><\/div>\n<\/p><\/div>\n<\/p><\/div>\n","protected":false},"excerpt":{"rendered":"<p>Detailn\u00ed popis produktu Pattex Chemopr\u00e9n Extr\u00e9m Klasikna v\u0161echny sav\u00e9 i nesav\u00e9 materi\u00e1ly: d\u0159evo, tvrzen\u00e9 plasty, k\u016f\u017ei, gumu, kov, textil, p\u0159ekli\u017eku, d\u0159evovl\u00e1knit\u00e9 desky, lamin\u00e1ty. Nevhodn\u00e9 k lepen\u00ed polystyr\u00e9nu, m\u011bk\u010den\u00e9ho PVc, PP, PE a syntetick\u00e9 k\u016f\u017ee.K lepen\u00ed d\u0159ev\u011bn\u00fdch materi\u00e1l\u016f k desk\u00e1m HPL, nap\u0159. Resopal, Formica, atd., ke gum\u011b, k\u016f\u017ei, plst, tvrzen\u00e9 PVC, pru\u017en\u00e9 p\u011bnov\u00e9 materi\u00e1ly, kov, atd. [&hellip;]<\/p>\n","protected":false},"featured_media":32829,"comment_status":"open","ping_status":"open","template":"","meta":[],"product_brand":[],"product_cat":[124],"product_tag":[],"class_list":{"0":"post-32729","1":"product","2":"type-product","3":"status-publish","4":"has-post-thumbnail","6":"product_cat-lepidla-silikony-tmely-a-peny","8":"first","9":"instock","10":"sale","11":"shipping-taxable","12":"purchasable","13":"product-type-simple"},"yoast_head":"<!-- This site is optimized with the Yoast SEO plugin v26.8 - https:\/\/yoast.com\/product\/yoast-seo-wordpress\/ -->\n<title>Pattex Chemopr\u00e9n Extr\u00e9m Omezen\u00e1 Nab\u00eddka - Pr\u016fmyslov\u00e9 vybaven\u00ed a p\u0159\u00edslu\u0161enstv\u00ed<\/title>\n<meta name=\"robots\" content=\"index, follow, max-snippet:-1, max-image-preview:large, max-video-preview:-1\" \/>\n<link rel=\"canonical\" href=\"https:\/\/www.domtechnikpro.com\/index.php\/produkt\/pattex-chemopren-extrem-omezena-nabidka-32729\/\" \/>\n<meta property=\"og:locale\" content=\"cs_CZ\" \/>\n<meta property=\"og:type\" content=\"article\" \/>\n<meta property=\"og:title\" content=\"Pattex Chemopr\u00e9n Extr\u00e9m Omezen\u00e1 Nab\u00eddka - Pr\u016fmyslov\u00e9 vybaven\u00ed a p\u0159\u00edslu\u0161enstv\u00ed\" \/>\n<meta property=\"og:description\" content=\"Detailn\u00ed popis produktu Pattex Chemopr\u00e9n Extr\u00e9m Klasikna v\u0161echny sav\u00e9 i nesav\u00e9 materi\u00e1ly: d\u0159evo, tvrzen\u00e9 plasty, k\u016f\u017ei, gumu, kov, textil, p\u0159ekli\u017eku, d\u0159evovl\u00e1knit\u00e9 desky, lamin\u00e1ty. Nevhodn\u00e9 k lepen\u00ed polystyr\u00e9nu, m\u011bk\u010den\u00e9ho PVc, PP, PE a syntetick\u00e9 k\u016f\u017ee.K lepen\u00ed d\u0159ev\u011bn\u00fdch materi\u00e1l\u016f k desk\u00e1m HPL, nap\u0159. Resopal, Formica, atd., ke gum\u011b, k\u016f\u017ei, plst, tvrzen\u00e9 PVC, pru\u017en\u00e9 p\u011bnov\u00e9 materi\u00e1ly, kov, atd. [&hellip;]\" \/>\n<meta property=\"og:url\" content=\"https:\/\/www.domtechnikpro.com\/index.php\/produkt\/pattex-chemopren-extrem-omezena-nabidka-32729\/\" \/>\n<meta property=\"og:site_name\" content=\"Pr\u016fmyslov\u00e9 vybaven\u00ed a p\u0159\u00edslu\u0161enstv\u00ed\" \/>\n<meta property=\"og:image\" content=\"https:\/\/www.domtechnikpro.com\/wp-content\/uploads\/2026\/SK0001375-CZ20260425-092355-0-1777080235-26837_chemopren-extrem-120ml.webp\" \/>\n\t<meta property=\"og:image:width\" content=\"1000\" \/>\n\t<meta property=\"og:image:height\" content=\"750\" \/>\n\t<meta property=\"og:image:type\" content=\"image\/webp\" \/>\n<meta name=\"twitter:card\" content=\"summary_large_image\" \/>\n<meta name=\"twitter:label1\" content=\"Odhadovan\u00e1 doba \u010dten\u00ed\" \/>\n\t<meta name=\"twitter:data1\" content=\"3 minuty\" \/>\n<script type=\"application\/ld+json\" class=\"yoast-schema-graph\">{\"@context\":\"https:\/\/schema.org\",\"@graph\":[{\"@type\":\"WebPage\",\"@id\":\"https:\/\/www.domtechnikpro.com\/index.php\/produkt\/pattex-chemopren-extrem-omezena-nabidka-32729\/\",\"url\":\"https:\/\/www.domtechnikpro.com\/index.php\/produkt\/pattex-chemopren-extrem-omezena-nabidka-32729\/\",\"name\":\"Pattex Chemopr\u00e9n Extr\u00e9m Omezen\u00e1 Nab\u00eddka - Pr\u016fmyslov\u00e9 vybaven\u00ed a p\u0159\u00edslu\u0161enstv\u00ed\",\"isPartOf\":{\"@id\":\"https:\/\/www.domtechnikpro.com\/#website\"},\"primaryImageOfPage\":{\"@id\":\"https:\/\/www.domtechnikpro.com\/index.php\/produkt\/pattex-chemopren-extrem-omezena-nabidka-32729\/#primaryimage\"},\"image\":{\"@id\":\"https:\/\/www.domtechnikpro.com\/index.php\/produkt\/pattex-chemopren-extrem-omezena-nabidka-32729\/#primaryimage\"},\"thumbnailUrl\":\"https:\/\/www.domtechnikpro.com\/wp-content\/uploads\/2026\/SK0001375-CZ20260425-092355-0-1777080235-26837_chemopren-extrem-120ml.webp\",\"datePublished\":\"2026-04-26T08:57:15+00:00\",\"breadcrumb\":{\"@id\":\"https:\/\/www.domtechnikpro.com\/index.php\/produkt\/pattex-chemopren-extrem-omezena-nabidka-32729\/#breadcrumb\"},\"inLanguage\":\"cs\",\"potentialAction\":[{\"@type\":\"ReadAction\",\"target\":[\"https:\/\/www.domtechnikpro.com\/index.php\/produkt\/pattex-chemopren-extrem-omezena-nabidka-32729\/\"]}]},{\"@type\":\"ImageObject\",\"inLanguage\":\"cs\",\"@id\":\"https:\/\/www.domtechnikpro.com\/index.php\/produkt\/pattex-chemopren-extrem-omezena-nabidka-32729\/#primaryimage\",\"url\":\"https:\/\/www.domtechnikpro.com\/wp-content\/uploads\/2026\/SK0001375-CZ20260425-092355-0-1777080235-26837_chemopren-extrem-120ml.webp\",\"contentUrl\":\"https:\/\/www.domtechnikpro.com\/wp-content\/uploads\/2026\/SK0001375-CZ20260425-092355-0-1777080235-26837_chemopren-extrem-120ml.webp\",\"width\":1000,\"height\":750},{\"@type\":\"BreadcrumbList\",\"@id\":\"https:\/\/www.domtechnikpro.com\/index.php\/produkt\/pattex-chemopren-extrem-omezena-nabidka-32729\/#breadcrumb\",\"itemListElement\":[{\"@type\":\"ListItem\",\"position\":1,\"name\":\"Home\",\"item\":\"https:\/\/www.domtechnikpro.com\/\"},{\"@type\":\"ListItem\",\"position\":2,\"name\":\"Products\",\"item\":\"https:\/\/www.domtechnikpro.com\/products\/\"},{\"@type\":\"ListItem\",\"position\":3,\"name\":\"Pattex Chemopr\u00e9n Extr\u00e9m Omezen\u00e1 Nab\u00eddka\"}]},{\"@type\":\"WebSite\",\"@id\":\"https:\/\/www.domtechnikpro.com\/#website\",\"url\":\"https:\/\/www.domtechnikpro.com\/\",\"name\":\"Pr\u016fmyslov\u00e9 vybaven\u00ed a p\u0159\u00edslu\u0161enstv\u00ed\",\"description\":\"Pr\u016fmyslov\u00e9 vybaven\u00ed a p\u0159\u00edslu\u0161enstv\u00ed\",\"publisher\":{\"@id\":\"https:\/\/www.domtechnikpro.com\/#organization\"},\"potentialAction\":[{\"@type\":\"SearchAction\",\"target\":{\"@type\":\"EntryPoint\",\"urlTemplate\":\"https:\/\/www.domtechnikpro.com\/?s={search_term_string}\"},\"query-input\":{\"@type\":\"PropertyValueSpecification\",\"valueRequired\":true,\"valueName\":\"search_term_string\"}}],\"inLanguage\":\"cs\"},{\"@type\":\"Organization\",\"@id\":\"https:\/\/www.domtechnikpro.com\/#organization\",\"name\":\"Pr\u016fmyslov\u00e9 vybaven\u00ed a p\u0159\u00edslu\u0161enstv\u00ed\",\"url\":\"https:\/\/www.domtechnikpro.com\/\",\"logo\":{\"@type\":\"ImageObject\",\"inLanguage\":\"cs\",\"@id\":\"https:\/\/www.domtechnikpro.com\/#\/schema\/logo\/image\/\",\"url\":\"https:\/\/www.domtechnikpro.com\/wp-content\/uploads\/2026\/04\/domtechnikpro_logo_full.svg\",\"contentUrl\":\"https:\/\/www.domtechnikpro.com\/wp-content\/uploads\/2026\/04\/domtechnikpro_logo_full.svg\",\"width\":920,\"height\":180,\"caption\":\"Pr\u016fmyslov\u00e9 vybaven\u00ed a p\u0159\u00edslu\u0161enstv\u00ed\"},\"image\":{\"@id\":\"https:\/\/www.domtechnikpro.com\/#\/schema\/logo\/image\/\"}}]}<\/script>\n<!-- \/ Yoast SEO plugin. -->","yoast_head_json":{"title":"Pattex Chemopr\u00e9n Extr\u00e9m Omezen\u00e1 Nab\u00eddka - Pr\u016fmyslov\u00e9 vybaven\u00ed a p\u0159\u00edslu\u0161enstv\u00ed","robots":{"index":"index","follow":"follow","max-snippet":"max-snippet:-1","max-image-preview":"max-image-preview:large","max-video-preview":"max-video-preview:-1"},"canonical":"https:\/\/www.domtechnikpro.com\/index.php\/produkt\/pattex-chemopren-extrem-omezena-nabidka-32729\/","og_locale":"cs_CZ","og_type":"article","og_title":"Pattex Chemopr\u00e9n Extr\u00e9m Omezen\u00e1 Nab\u00eddka - Pr\u016fmyslov\u00e9 vybaven\u00ed a p\u0159\u00edslu\u0161enstv\u00ed","og_description":"Detailn\u00ed popis produktu Pattex Chemopr\u00e9n Extr\u00e9m Klasikna v\u0161echny sav\u00e9 i nesav\u00e9 materi\u00e1ly: d\u0159evo, tvrzen\u00e9 plasty, k\u016f\u017ei, gumu, kov, textil, p\u0159ekli\u017eku, d\u0159evovl\u00e1knit\u00e9 desky, lamin\u00e1ty. Nevhodn\u00e9 k lepen\u00ed polystyr\u00e9nu, m\u011bk\u010den\u00e9ho PVc, PP, PE a syntetick\u00e9 k\u016f\u017ee.K lepen\u00ed d\u0159ev\u011bn\u00fdch materi\u00e1l\u016f k desk\u00e1m HPL, nap\u0159. Resopal, Formica, atd., ke gum\u011b, k\u016f\u017ei, plst, tvrzen\u00e9 PVC, pru\u017en\u00e9 p\u011bnov\u00e9 materi\u00e1ly, kov, atd. [&hellip;]","og_url":"https:\/\/www.domtechnikpro.com\/index.php\/produkt\/pattex-chemopren-extrem-omezena-nabidka-32729\/","og_site_name":"Pr\u016fmyslov\u00e9 vybaven\u00ed a p\u0159\u00edslu\u0161enstv\u00ed","og_image":[{"width":1000,"height":750,"url":"https:\/\/www.domtechnikpro.com\/wp-content\/uploads\/2026\/SK0001375-CZ20260425-092355-0-1777080235-26837_chemopren-extrem-120ml.webp","type":"image\/webp"}],"twitter_card":"summary_large_image","twitter_misc":{"Odhadovan\u00e1 doba \u010dten\u00ed":"3 minuty"},"schema":{"@context":"https:\/\/schema.org","@graph":[{"@type":"WebPage","@id":"https:\/\/www.domtechnikpro.com\/index.php\/produkt\/pattex-chemopren-extrem-omezena-nabidka-32729\/","url":"https:\/\/www.domtechnikpro.com\/index.php\/produkt\/pattex-chemopren-extrem-omezena-nabidka-32729\/","name":"Pattex Chemopr\u00e9n Extr\u00e9m Omezen\u00e1 Nab\u00eddka - Pr\u016fmyslov\u00e9 vybaven\u00ed a p\u0159\u00edslu\u0161enstv\u00ed","isPartOf":{"@id":"https:\/\/www.domtechnikpro.com\/#website"},"primaryImageOfPage":{"@id":"https:\/\/www.domtechnikpro.com\/index.php\/produkt\/pattex-chemopren-extrem-omezena-nabidka-32729\/#primaryimage"},"image":{"@id":"https:\/\/www.domtechnikpro.com\/index.php\/produkt\/pattex-chemopren-extrem-omezena-nabidka-32729\/#primaryimage"},"thumbnailUrl":"https:\/\/www.domtechnikpro.com\/wp-content\/uploads\/2026\/SK0001375-CZ20260425-092355-0-1777080235-26837_chemopren-extrem-120ml.webp","datePublished":"2026-04-26T08:57:15+00:00","breadcrumb":{"@id":"https:\/\/www.domtechnikpro.com\/index.php\/produkt\/pattex-chemopren-extrem-omezena-nabidka-32729\/#breadcrumb"},"inLanguage":"cs","potentialAction":[{"@type":"ReadAction","target":["https:\/\/www.domtechnikpro.com\/index.php\/produkt\/pattex-chemopren-extrem-omezena-nabidka-32729\/"]}]},{"@type":"ImageObject","inLanguage":"cs","@id":"https:\/\/www.domtechnikpro.com\/index.php\/produkt\/pattex-chemopren-extrem-omezena-nabidka-32729\/#primaryimage","url":"https:\/\/www.domtechnikpro.com\/wp-content\/uploads\/2026\/SK0001375-CZ20260425-092355-0-1777080235-26837_chemopren-extrem-120ml.webp","contentUrl":"https:\/\/www.domtechnikpro.com\/wp-content\/uploads\/2026\/SK0001375-CZ20260425-092355-0-1777080235-26837_chemopren-extrem-120ml.webp","width":1000,"height":750},{"@type":"BreadcrumbList","@id":"https:\/\/www.domtechnikpro.com\/index.php\/produkt\/pattex-chemopren-extrem-omezena-nabidka-32729\/#breadcrumb","itemListElement":[{"@type":"ListItem","position":1,"name":"Home","item":"https:\/\/www.domtechnikpro.com\/"},{"@type":"ListItem","position":2,"name":"Products","item":"https:\/\/www.domtechnikpro.com\/products\/"},{"@type":"ListItem","position":3,"name":"Pattex Chemopr\u00e9n Extr\u00e9m Omezen\u00e1 Nab\u00eddka"}]},{"@type":"WebSite","@id":"https:\/\/www.domtechnikpro.com\/#website","url":"https:\/\/www.domtechnikpro.com\/","name":"Pr\u016fmyslov\u00e9 vybaven\u00ed a p\u0159\u00edslu\u0161enstv\u00ed","description":"Pr\u016fmyslov\u00e9 vybaven\u00ed a p\u0159\u00edslu\u0161enstv\u00ed","publisher":{"@id":"https:\/\/www.domtechnikpro.com\/#organization"},"potentialAction":[{"@type":"SearchAction","target":{"@type":"EntryPoint","urlTemplate":"https:\/\/www.domtechnikpro.com\/?s={search_term_string}"},"query-input":{"@type":"PropertyValueSpecification","valueRequired":true,"valueName":"search_term_string"}}],"inLanguage":"cs"},{"@type":"Organization","@id":"https:\/\/www.domtechnikpro.com\/#organization","name":"Pr\u016fmyslov\u00e9 vybaven\u00ed a p\u0159\u00edslu\u0161enstv\u00ed","url":"https:\/\/www.domtechnikpro.com\/","logo":{"@type":"ImageObject","inLanguage":"cs","@id":"https:\/\/www.domtechnikpro.com\/#\/schema\/logo\/image\/","url":"https:\/\/www.domtechnikpro.com\/wp-content\/uploads\/2026\/04\/domtechnikpro_logo_full.svg","contentUrl":"https:\/\/www.domtechnikpro.com\/wp-content\/uploads\/2026\/04\/domtechnikpro_logo_full.svg","width":920,"height":180,"caption":"Pr\u016fmyslov\u00e9 vybaven\u00ed a p\u0159\u00edslu\u0161enstv\u00ed"},"image":{"@id":"https:\/\/www.domtechnikpro.com\/#\/schema\/logo\/image\/"}}]}},"_links":{"self":[{"href":"https:\/\/www.domtechnikpro.com\/wp-json\/wp\/v2\/product\/32729","targetHints":{"allow":["GET"]}}],"collection":[{"href":"https:\/\/www.domtechnikpro.com\/wp-json\/wp\/v2\/product"}],"about":[{"href":"https:\/\/www.domtechnikpro.com\/wp-json\/wp\/v2\/types\/product"}],"replies":[{"embeddable":true,"href":"https:\/\/www.domtechnikpro.com\/wp-json\/wp\/v2\/comments?post=32729"}],"wp:featuredmedia":[{"embeddable":true,"href":"https:\/\/www.domtechnikpro.com\/wp-json\/wp\/v2\/media\/32829"}],"wp:attachment":[{"href":"https:\/\/www.domtechnikpro.com\/wp-json\/wp\/v2\/media?parent=32729"}],"wp:term":[{"taxonomy":"product_brand","embeddable":true,"href":"https:\/\/www.domtechnikpro.com\/wp-json\/wp\/v2\/product_brand?post=32729"},{"taxonomy":"product_cat","embeddable":true,"href":"https:\/\/www.domtechnikpro.com\/wp-json\/wp\/v2\/product_cat?post=32729"},{"taxonomy":"product_tag","embeddable":true,"href":"https:\/\/www.domtechnikpro.com\/wp-json\/wp\/v2\/product_tag?post=32729"}],"curies":[{"name":"wp","href":"https:\/\/api.w.org\/{rel}","templated":true}]}}