{"id":32722,"date":"2026-04-26T08:57:15","date_gmt":"2026-04-26T08:57:15","guid":{"rendered":""},"modified":"2026-04-26T08:57:15","modified_gmt":"2026-04-26T08:57:15","slug":"novinka-paint-masker-32722","status":"publish","type":"product","link":"https:\/\/www.domtechnikpro.com\/index.php\/produkt\/novinka-paint-masker-32722\/","title":{"rendered":"Novinka Paint-Masker"},"content":{"rendered":"<div class=\"basic-description\">\n<h3>Detailn\u00ed popis produktu<\/h3>\n<p>                                    Paint-Masker dod\u00e1v\u00e1me v rozm\u011brech:<br \/>\u0161\u00ed\u0159ka\/ d\u00e9lka, n\u00e1vin<br \/>55 cm\/ 33 m<br \/>110 cm\/ 33 m<br \/>140 cm\/ 33 m<br \/>210 cm\/ 33 m<br \/>270 cm\/ 33 m                            <\/div>\n<div class=\"extended-description\">\n<h3>Dopl\u0148kov\u00e9 parametry<\/h3>\n<table class=\"detail-parameters\">\n<tbody>\n<tr>\n<th>        <span class=\"row-header-label\">            Kategorie<span class=\"row-header-label-colon\">:<\/span>        <\/span>    <\/th>\n<td>        Zakr\u00fdvac\u00ed mal\u00ed\u0159sk\u00e9 a lak\u00fdrnick\u00e9 p\u00e1sky    <\/td>\n<\/tr>\n<\/tbody>\n<\/table><\/div>\n<\/p><\/div>\n<\/p><\/div>\n","protected":false},"excerpt":{"rendered":"<p>Detailn\u00ed popis produktu Paint-Masker dod\u00e1v\u00e1me v rozm\u011brech:\u0161\u00ed\u0159ka\/ d\u00e9lka, n\u00e1vin55 cm\/ 33 m110 cm\/ 33 m140 cm\/ 33 m210 cm\/ 33 m270 cm\/ 33 m Dopl\u0148kov\u00e9 parametry Kategorie: Zakr\u00fdvac\u00ed mal\u00ed\u0159sk\u00e9 a lak\u00fdrnick\u00e9 p\u00e1sky<\/p>\n","protected":false},"featured_media":32822,"comment_status":"open","ping_status":"open","template":"","meta":[],"product_brand":[],"product_cat":[123],"product_tag":[],"class_list":{"0":"post-32722","1":"product","2":"type-product","3":"status-publish","4":"has-post-thumbnail","6":"product_cat-malirske-potreby-a-naradi","8":"first","9":"instock","10":"sale","11":"shipping-taxable","12":"purchasable","13":"product-type-simple"},"yoast_head":"<!-- This site is optimized with the Yoast SEO plugin v26.8 - https:\/\/yoast.com\/product\/yoast-seo-wordpress\/ -->\n<title>Novinka Paint-Masker -<\/title>\n<meta name=\"robots\" content=\"index, follow, max-snippet:-1, max-image-preview:large, max-video-preview:-1\" \/>\n<link rel=\"canonical\" href=\"https:\/\/www.domtechnikpro.com\/index.php\/produkt\/novinka-paint-masker-32722\/\" \/>\n<meta property=\"og:locale\" content=\"cs_CZ\" \/>\n<meta property=\"og:type\" content=\"article\" \/>\n<meta property=\"og:title\" content=\"Novinka Paint-Masker -\" \/>\n<meta property=\"og:description\" content=\"Detailn\u00ed popis produktu Paint-Masker dod\u00e1v\u00e1me v rozm\u011brech:\u0161\u00ed\u0159ka\/ d\u00e9lka, n\u00e1vin55 cm\/ 33 m110 cm\/ 33 m140 cm\/ 33 m210 cm\/ 33 m270 cm\/ 33 m Dopl\u0148kov\u00e9 parametry Kategorie: Zakr\u00fdvac\u00ed mal\u00ed\u0159sk\u00e9 a lak\u00fdrnick\u00e9 p\u00e1sky\" \/>\n<meta property=\"og:url\" content=\"https:\/\/www.domtechnikpro.com\/index.php\/produkt\/novinka-paint-masker-32722\/\" \/>\n<meta property=\"og:image\" content=\"https:\/\/www.domtechnikpro.com\/wp-content\/uploads\/2026\/SK0001368-CZ20260425-092355-0-1777080235-26810_schuller-paint-masker.webp\" \/>\n\t<meta property=\"og:image:width\" content=\"1000\" \/>\n\t<meta property=\"og:image:height\" content=\"750\" \/>\n\t<meta property=\"og:image:type\" content=\"image\/webp\" \/>\n<meta name=\"twitter:card\" content=\"summary_large_image\" \/>\n<script type=\"application\/ld+json\" class=\"yoast-schema-graph\">{\"@context\":\"https:\/\/schema.org\",\"@graph\":[{\"@type\":\"WebPage\",\"@id\":\"https:\/\/www.domtechnikpro.com\/index.php\/produkt\/novinka-paint-masker-32722\/\",\"url\":\"https:\/\/www.domtechnikpro.com\/index.php\/produkt\/novinka-paint-masker-32722\/\",\"name\":\"Novinka Paint-Masker -\",\"isPartOf\":{\"@id\":\"https:\/\/www.domtechnikpro.com\/#website\"},\"primaryImageOfPage\":{\"@id\":\"https:\/\/www.domtechnikpro.com\/index.php\/produkt\/novinka-paint-masker-32722\/#primaryimage\"},\"image\":{\"@id\":\"https:\/\/www.domtechnikpro.com\/index.php\/produkt\/novinka-paint-masker-32722\/#primaryimage\"},\"thumbnailUrl\":\"https:\/\/www.domtechnikpro.com\/wp-content\/uploads\/2026\/SK0001368-CZ20260425-092355-0-1777080235-26810_schuller-paint-masker.webp\",\"datePublished\":\"2026-04-26T08:57:15+00:00\",\"breadcrumb\":{\"@id\":\"https:\/\/www.domtechnikpro.com\/index.php\/produkt\/novinka-paint-masker-32722\/#breadcrumb\"},\"inLanguage\":\"cs\",\"potentialAction\":[{\"@type\":\"ReadAction\",\"target\":[\"https:\/\/www.domtechnikpro.com\/index.php\/produkt\/novinka-paint-masker-32722\/\"]}]},{\"@type\":\"ImageObject\",\"inLanguage\":\"cs\",\"@id\":\"https:\/\/www.domtechnikpro.com\/index.php\/produkt\/novinka-paint-masker-32722\/#primaryimage\",\"url\":\"https:\/\/www.domtechnikpro.com\/wp-content\/uploads\/2026\/SK0001368-CZ20260425-092355-0-1777080235-26810_schuller-paint-masker.webp\",\"contentUrl\":\"https:\/\/www.domtechnikpro.com\/wp-content\/uploads\/2026\/SK0001368-CZ20260425-092355-0-1777080235-26810_schuller-paint-masker.webp\",\"width\":1000,\"height\":750},{\"@type\":\"BreadcrumbList\",\"@id\":\"https:\/\/www.domtechnikpro.com\/index.php\/produkt\/novinka-paint-masker-32722\/#breadcrumb\",\"itemListElement\":[{\"@type\":\"ListItem\",\"position\":1,\"name\":\"Home\",\"item\":\"https:\/\/www.domtechnikpro.com\/\"},{\"@type\":\"ListItem\",\"position\":2,\"name\":\"Products\",\"item\":\"https:\/\/www.domtechnikpro.com\/index.php\/products\/\"},{\"@type\":\"ListItem\",\"position\":3,\"name\":\"Novinka Paint-Masker\"}]},{\"@type\":\"WebSite\",\"@id\":\"https:\/\/www.domtechnikpro.com\/#website\",\"url\":\"https:\/\/www.domtechnikpro.com\/\",\"name\":\"\",\"description\":\"\",\"potentialAction\":[{\"@type\":\"SearchAction\",\"target\":{\"@type\":\"EntryPoint\",\"urlTemplate\":\"https:\/\/www.domtechnikpro.com\/?s={search_term_string}\"},\"query-input\":{\"@type\":\"PropertyValueSpecification\",\"valueRequired\":true,\"valueName\":\"search_term_string\"}}],\"inLanguage\":\"cs\"}]}<\/script>\n<!-- \/ Yoast SEO plugin. -->","yoast_head_json":{"title":"Novinka Paint-Masker -","robots":{"index":"index","follow":"follow","max-snippet":"max-snippet:-1","max-image-preview":"max-image-preview:large","max-video-preview":"max-video-preview:-1"},"canonical":"https:\/\/www.domtechnikpro.com\/index.php\/produkt\/novinka-paint-masker-32722\/","og_locale":"cs_CZ","og_type":"article","og_title":"Novinka Paint-Masker -","og_description":"Detailn\u00ed popis produktu Paint-Masker dod\u00e1v\u00e1me v rozm\u011brech:\u0161\u00ed\u0159ka\/ d\u00e9lka, n\u00e1vin55 cm\/ 33 m110 cm\/ 33 m140 cm\/ 33 m210 cm\/ 33 m270 cm\/ 33 m Dopl\u0148kov\u00e9 parametry Kategorie: Zakr\u00fdvac\u00ed mal\u00ed\u0159sk\u00e9 a lak\u00fdrnick\u00e9 p\u00e1sky","og_url":"https:\/\/www.domtechnikpro.com\/index.php\/produkt\/novinka-paint-masker-32722\/","og_image":[{"width":1000,"height":750,"url":"https:\/\/www.domtechnikpro.com\/wp-content\/uploads\/2026\/SK0001368-CZ20260425-092355-0-1777080235-26810_schuller-paint-masker.webp","type":"image\/webp"}],"twitter_card":"summary_large_image","schema":{"@context":"https:\/\/schema.org","@graph":[{"@type":"WebPage","@id":"https:\/\/www.domtechnikpro.com\/index.php\/produkt\/novinka-paint-masker-32722\/","url":"https:\/\/www.domtechnikpro.com\/index.php\/produkt\/novinka-paint-masker-32722\/","name":"Novinka Paint-Masker -","isPartOf":{"@id":"https:\/\/www.domtechnikpro.com\/#website"},"primaryImageOfPage":{"@id":"https:\/\/www.domtechnikpro.com\/index.php\/produkt\/novinka-paint-masker-32722\/#primaryimage"},"image":{"@id":"https:\/\/www.domtechnikpro.com\/index.php\/produkt\/novinka-paint-masker-32722\/#primaryimage"},"thumbnailUrl":"https:\/\/www.domtechnikpro.com\/wp-content\/uploads\/2026\/SK0001368-CZ20260425-092355-0-1777080235-26810_schuller-paint-masker.webp","datePublished":"2026-04-26T08:57:15+00:00","breadcrumb":{"@id":"https:\/\/www.domtechnikpro.com\/index.php\/produkt\/novinka-paint-masker-32722\/#breadcrumb"},"inLanguage":"cs","potentialAction":[{"@type":"ReadAction","target":["https:\/\/www.domtechnikpro.com\/index.php\/produkt\/novinka-paint-masker-32722\/"]}]},{"@type":"ImageObject","inLanguage":"cs","@id":"https:\/\/www.domtechnikpro.com\/index.php\/produkt\/novinka-paint-masker-32722\/#primaryimage","url":"https:\/\/www.domtechnikpro.com\/wp-content\/uploads\/2026\/SK0001368-CZ20260425-092355-0-1777080235-26810_schuller-paint-masker.webp","contentUrl":"https:\/\/www.domtechnikpro.com\/wp-content\/uploads\/2026\/SK0001368-CZ20260425-092355-0-1777080235-26810_schuller-paint-masker.webp","width":1000,"height":750},{"@type":"BreadcrumbList","@id":"https:\/\/www.domtechnikpro.com\/index.php\/produkt\/novinka-paint-masker-32722\/#breadcrumb","itemListElement":[{"@type":"ListItem","position":1,"name":"Home","item":"https:\/\/www.domtechnikpro.com\/"},{"@type":"ListItem","position":2,"name":"Products","item":"https:\/\/www.domtechnikpro.com\/index.php\/products\/"},{"@type":"ListItem","position":3,"name":"Novinka Paint-Masker"}]},{"@type":"WebSite","@id":"https:\/\/www.domtechnikpro.com\/#website","url":"https:\/\/www.domtechnikpro.com\/","name":"","description":"","potentialAction":[{"@type":"SearchAction","target":{"@type":"EntryPoint","urlTemplate":"https:\/\/www.domtechnikpro.com\/?s={search_term_string}"},"query-input":{"@type":"PropertyValueSpecification","valueRequired":true,"valueName":"search_term_string"}}],"inLanguage":"cs"}]}},"_links":{"self":[{"href":"https:\/\/www.domtechnikpro.com\/index.php\/wp-json\/wp\/v2\/product\/32722","targetHints":{"allow":["GET"]}}],"collection":[{"href":"https:\/\/www.domtechnikpro.com\/index.php\/wp-json\/wp\/v2\/product"}],"about":[{"href":"https:\/\/www.domtechnikpro.com\/index.php\/wp-json\/wp\/v2\/types\/product"}],"replies":[{"embeddable":true,"href":"https:\/\/www.domtechnikpro.com\/index.php\/wp-json\/wp\/v2\/comments?post=32722"}],"wp:featuredmedia":[{"embeddable":true,"href":"https:\/\/www.domtechnikpro.com\/index.php\/wp-json\/wp\/v2\/media\/32822"}],"wp:attachment":[{"href":"https:\/\/www.domtechnikpro.com\/index.php\/wp-json\/wp\/v2\/media?parent=32722"}],"wp:term":[{"taxonomy":"product_brand","embeddable":true,"href":"https:\/\/www.domtechnikpro.com\/index.php\/wp-json\/wp\/v2\/product_brand?post=32722"},{"taxonomy":"product_cat","embeddable":true,"href":"https:\/\/www.domtechnikpro.com\/index.php\/wp-json\/wp\/v2\/product_cat?post=32722"},{"taxonomy":"product_tag","embeddable":true,"href":"https:\/\/www.domtechnikpro.com\/index.php\/wp-json\/wp\/v2\/product_tag?post=32722"}],"curies":[{"name":"wp","href":"https:\/\/api.w.org\/{rel}","templated":true}]}}