{"id":32718,"date":"2026-04-26T08:57:15","date_gmt":"2026-04-26T08:57:15","guid":{"rendered":""},"modified":"2026-04-26T08:57:15","modified_gmt":"2026-04-26T08:57:15","slug":"ochranna-plachta-s-oky-90-g-zelena-aktualni-32718","status":"publish","type":"product","link":"https:\/\/www.domtechnikpro.com\/index.php\/produkt\/ochranna-plachta-s-oky-90-g-zelena-aktualni-32718\/","title":{"rendered":"Ochrann\u00e1 plachta s oky 90 g zelen\u00e1 Aktu\u00e1ln\u00ed"},"content":{"rendered":"<div class=\"basic-description\">\n<h3>Detailn\u00ed popis produktu<\/h3>\n<p>                                    Ochrann\u00e1 plachta s oky 90 g zelen\u00e1<\/p>\n<p>Vlastnosti:<br \/>&#8211; tkaninov\u00e1 zakr\u00fdvac\u00ed plachta s hlin\u00edkov\u00fdmi oky<br \/>&#8211; rozp\u011bt\u00ed ok 100 cm<br \/>&#8211; zes\u00edlen\u00fd okraj<\/p>\n<p>Technick\u00e9 \u00fadaje:<br \/>&#8211; materi\u00e1l \u2013 polyetylen<br \/>&#8211; barva \u2013 olivov\u00e1 zelen\u00e1<br \/>&#8211; hmotnost \u2013 90,2 g\/m2<br \/>&#8211; odolnost roztr\u017een\u00ed \u2013 529 kN\/m2<br \/>&#8211; odolnost propustnosti vody \u2013 znamen\u00e1 pronik\u00e1n\u00ed vody m\u00e9n\u011b ne\u017e 1 g, kdy\u017e je plachta <br \/>v\u010detn\u011b krajn\u00edch \u0161v\u016f podrobena testu bou\u0159e (voda je na plachtu kropena\/st\u0159\u00edk\u00e1na z 1 metrov\u00e9 v\u00fd\u0161ky po dobu 5 minut), metoda tohoto testu je specifikov\u00e1na pod AATCC-35,<br \/>&#8211; t\u011b\u017ek\u00e9 kovy \u2013 materi\u00e1l neobsahuje t\u011b\u017ek\u00e9 kovy<\/p>\n<p>Ochrann\u00e1 plachta s oky 90 g zelen\u00e1, dod\u00e1v\u00e1me v rozm\u011brech:<br \/>\u0161\u00ed\u0159ka x d\u00e9lka<br \/>2 m x 3 m<br \/>1,5 m x 6 m<br \/>3 m x 4 m<br \/>3 m x 5 m<br \/>4 m x 5 m<br \/>4 m x 6 m<br \/>5 m x 6 m<br \/>6 m x 8 m<br \/>6 m x 10 m<br \/>8 m x 10 m<br \/>10 m x 12 m                            <\/div>\n<div class=\"extended-description\">\n<h3>Dopl\u0148kov\u00e9 parametry<\/h3>\n<table class=\"detail-parameters\">\n<tbody>\n<tr>\n<th>        <span class=\"row-header-label\">            Kategorie<span class=\"row-header-label-colon\">:<\/span>        <\/span>    <\/th>\n<td>        Zakryvac\u00ed pap\u00edr f\u00f3lie plachty rouna    <\/td>\n<\/tr>\n<\/tbody>\n<\/table><\/div>\n<\/p><\/div>\n<\/p><\/div>\n","protected":false},"excerpt":{"rendered":"<p>Detailn\u00ed popis produktu Ochrann\u00e1 plachta s oky 90 g zelen\u00e1 Vlastnosti:&#8211; tkaninov\u00e1 zakr\u00fdvac\u00ed plachta s hlin\u00edkov\u00fdmi oky&#8211; rozp\u011bt\u00ed ok 100 cm&#8211; zes\u00edlen\u00fd okraj Technick\u00e9 \u00fadaje:&#8211; materi\u00e1l \u2013 polyetylen&#8211; barva \u2013 olivov\u00e1 zelen\u00e1&#8211; hmotnost \u2013 90,2 g\/m2&#8211; odolnost roztr\u017een\u00ed \u2013 529 kN\/m2&#8211; odolnost propustnosti vody \u2013 znamen\u00e1 pronik\u00e1n\u00ed vody m\u00e9n\u011b ne\u017e 1 g, kdy\u017e je plachta [&hellip;]<\/p>\n","protected":false},"featured_media":32818,"comment_status":"open","ping_status":"open","template":"","meta":[],"product_brand":[],"product_cat":[123],"product_tag":[],"class_list":{"0":"post-32718","1":"product","2":"type-product","3":"status-publish","4":"has-post-thumbnail","6":"product_cat-malirske-potreby-a-naradi","8":"first","9":"instock","10":"sale","11":"shipping-taxable","12":"purchasable","13":"product-type-simple"},"yoast_head":"<!-- This site is optimized with the Yoast SEO plugin v26.8 - https:\/\/yoast.com\/product\/yoast-seo-wordpress\/ -->\n<title>Ochrann\u00e1 plachta s oky 90 g zelen\u00e1 Aktu\u00e1ln\u00ed -<\/title>\n<meta name=\"robots\" content=\"index, follow, max-snippet:-1, max-image-preview:large, max-video-preview:-1\" \/>\n<link rel=\"canonical\" href=\"https:\/\/www.domtechnikpro.com\/index.php\/produkt\/ochranna-plachta-s-oky-90-g-zelena-aktualni-32718\/\" \/>\n<meta property=\"og:locale\" content=\"cs_CZ\" \/>\n<meta property=\"og:type\" content=\"article\" \/>\n<meta property=\"og:title\" content=\"Ochrann\u00e1 plachta s oky 90 g zelen\u00e1 Aktu\u00e1ln\u00ed -\" \/>\n<meta property=\"og:description\" content=\"Detailn\u00ed popis produktu Ochrann\u00e1 plachta s oky 90 g zelen\u00e1 Vlastnosti:&#8211; tkaninov\u00e1 zakr\u00fdvac\u00ed plachta s hlin\u00edkov\u00fdmi oky&#8211; rozp\u011bt\u00ed ok 100 cm&#8211; zes\u00edlen\u00fd okraj Technick\u00e9 \u00fadaje:&#8211; materi\u00e1l \u2013 polyetylen&#8211; barva \u2013 olivov\u00e1 zelen\u00e1&#8211; hmotnost \u2013 90,2 g\/m2&#8211; odolnost roztr\u017een\u00ed \u2013 529 kN\/m2&#8211; odolnost propustnosti vody \u2013 znamen\u00e1 pronik\u00e1n\u00ed vody m\u00e9n\u011b ne\u017e 1 g, kdy\u017e je plachta [&hellip;]\" \/>\n<meta property=\"og:url\" content=\"https:\/\/www.domtechnikpro.com\/index.php\/produkt\/ochranna-plachta-s-oky-90-g-zelena-aktualni-32718\/\" \/>\n<meta property=\"og:image\" content=\"https:\/\/www.domtechnikpro.com\/wp-content\/uploads\/2026\/SK0001364-CZ20260425-092355-0-1777080235-26798_schuller-ochranna-plachta.webp\" \/>\n\t<meta property=\"og:image:width\" content=\"1000\" \/>\n\t<meta property=\"og:image:height\" content=\"750\" \/>\n\t<meta property=\"og:image:type\" content=\"image\/webp\" \/>\n<meta name=\"twitter:card\" content=\"summary_large_image\" \/>\n<meta name=\"twitter:label1\" content=\"Odhadovan\u00e1 doba \u010dten\u00ed\" \/>\n\t<meta name=\"twitter:data1\" content=\"1 minuta\" \/>\n<script type=\"application\/ld+json\" class=\"yoast-schema-graph\">{\"@context\":\"https:\/\/schema.org\",\"@graph\":[{\"@type\":\"WebPage\",\"@id\":\"https:\/\/www.domtechnikpro.com\/index.php\/produkt\/ochranna-plachta-s-oky-90-g-zelena-aktualni-32718\/\",\"url\":\"https:\/\/www.domtechnikpro.com\/index.php\/produkt\/ochranna-plachta-s-oky-90-g-zelena-aktualni-32718\/\",\"name\":\"Ochrann\u00e1 plachta s oky 90 g zelen\u00e1 Aktu\u00e1ln\u00ed -\",\"isPartOf\":{\"@id\":\"https:\/\/www.domtechnikpro.com\/#website\"},\"primaryImageOfPage\":{\"@id\":\"https:\/\/www.domtechnikpro.com\/index.php\/produkt\/ochranna-plachta-s-oky-90-g-zelena-aktualni-32718\/#primaryimage\"},\"image\":{\"@id\":\"https:\/\/www.domtechnikpro.com\/index.php\/produkt\/ochranna-plachta-s-oky-90-g-zelena-aktualni-32718\/#primaryimage\"},\"thumbnailUrl\":\"https:\/\/www.domtechnikpro.com\/wp-content\/uploads\/2026\/SK0001364-CZ20260425-092355-0-1777080235-26798_schuller-ochranna-plachta.webp\",\"datePublished\":\"2026-04-26T08:57:15+00:00\",\"breadcrumb\":{\"@id\":\"https:\/\/www.domtechnikpro.com\/index.php\/produkt\/ochranna-plachta-s-oky-90-g-zelena-aktualni-32718\/#breadcrumb\"},\"inLanguage\":\"cs\",\"potentialAction\":[{\"@type\":\"ReadAction\",\"target\":[\"https:\/\/www.domtechnikpro.com\/index.php\/produkt\/ochranna-plachta-s-oky-90-g-zelena-aktualni-32718\/\"]}]},{\"@type\":\"ImageObject\",\"inLanguage\":\"cs\",\"@id\":\"https:\/\/www.domtechnikpro.com\/index.php\/produkt\/ochranna-plachta-s-oky-90-g-zelena-aktualni-32718\/#primaryimage\",\"url\":\"https:\/\/www.domtechnikpro.com\/wp-content\/uploads\/2026\/SK0001364-CZ20260425-092355-0-1777080235-26798_schuller-ochranna-plachta.webp\",\"contentUrl\":\"https:\/\/www.domtechnikpro.com\/wp-content\/uploads\/2026\/SK0001364-CZ20260425-092355-0-1777080235-26798_schuller-ochranna-plachta.webp\",\"width\":1000,\"height\":750},{\"@type\":\"BreadcrumbList\",\"@id\":\"https:\/\/www.domtechnikpro.com\/index.php\/produkt\/ochranna-plachta-s-oky-90-g-zelena-aktualni-32718\/#breadcrumb\",\"itemListElement\":[{\"@type\":\"ListItem\",\"position\":1,\"name\":\"Home\",\"item\":\"https:\/\/www.domtechnikpro.com\/\"},{\"@type\":\"ListItem\",\"position\":2,\"name\":\"Products\",\"item\":\"https:\/\/www.domtechnikpro.com\/index.php\/products\/\"},{\"@type\":\"ListItem\",\"position\":3,\"name\":\"Ochrann\u00e1 plachta s oky 90 g zelen\u00e1 Aktu\u00e1ln\u00ed\"}]},{\"@type\":\"WebSite\",\"@id\":\"https:\/\/www.domtechnikpro.com\/#website\",\"url\":\"https:\/\/www.domtechnikpro.com\/\",\"name\":\"\",\"description\":\"\",\"potentialAction\":[{\"@type\":\"SearchAction\",\"target\":{\"@type\":\"EntryPoint\",\"urlTemplate\":\"https:\/\/www.domtechnikpro.com\/?s={search_term_string}\"},\"query-input\":{\"@type\":\"PropertyValueSpecification\",\"valueRequired\":true,\"valueName\":\"search_term_string\"}}],\"inLanguage\":\"cs\"}]}<\/script>\n<!-- \/ Yoast SEO plugin. -->","yoast_head_json":{"title":"Ochrann\u00e1 plachta s oky 90 g zelen\u00e1 Aktu\u00e1ln\u00ed -","robots":{"index":"index","follow":"follow","max-snippet":"max-snippet:-1","max-image-preview":"max-image-preview:large","max-video-preview":"max-video-preview:-1"},"canonical":"https:\/\/www.domtechnikpro.com\/index.php\/produkt\/ochranna-plachta-s-oky-90-g-zelena-aktualni-32718\/","og_locale":"cs_CZ","og_type":"article","og_title":"Ochrann\u00e1 plachta s oky 90 g zelen\u00e1 Aktu\u00e1ln\u00ed -","og_description":"Detailn\u00ed popis produktu Ochrann\u00e1 plachta s oky 90 g zelen\u00e1 Vlastnosti:&#8211; tkaninov\u00e1 zakr\u00fdvac\u00ed plachta s hlin\u00edkov\u00fdmi oky&#8211; rozp\u011bt\u00ed ok 100 cm&#8211; zes\u00edlen\u00fd okraj Technick\u00e9 \u00fadaje:&#8211; materi\u00e1l \u2013 polyetylen&#8211; barva \u2013 olivov\u00e1 zelen\u00e1&#8211; hmotnost \u2013 90,2 g\/m2&#8211; odolnost roztr\u017een\u00ed \u2013 529 kN\/m2&#8211; odolnost propustnosti vody \u2013 znamen\u00e1 pronik\u00e1n\u00ed vody m\u00e9n\u011b ne\u017e 1 g, kdy\u017e je plachta [&hellip;]","og_url":"https:\/\/www.domtechnikpro.com\/index.php\/produkt\/ochranna-plachta-s-oky-90-g-zelena-aktualni-32718\/","og_image":[{"width":1000,"height":750,"url":"https:\/\/www.domtechnikpro.com\/wp-content\/uploads\/2026\/SK0001364-CZ20260425-092355-0-1777080235-26798_schuller-ochranna-plachta.webp","type":"image\/webp"}],"twitter_card":"summary_large_image","twitter_misc":{"Odhadovan\u00e1 doba \u010dten\u00ed":"1 minuta"},"schema":{"@context":"https:\/\/schema.org","@graph":[{"@type":"WebPage","@id":"https:\/\/www.domtechnikpro.com\/index.php\/produkt\/ochranna-plachta-s-oky-90-g-zelena-aktualni-32718\/","url":"https:\/\/www.domtechnikpro.com\/index.php\/produkt\/ochranna-plachta-s-oky-90-g-zelena-aktualni-32718\/","name":"Ochrann\u00e1 plachta s oky 90 g zelen\u00e1 Aktu\u00e1ln\u00ed -","isPartOf":{"@id":"https:\/\/www.domtechnikpro.com\/#website"},"primaryImageOfPage":{"@id":"https:\/\/www.domtechnikpro.com\/index.php\/produkt\/ochranna-plachta-s-oky-90-g-zelena-aktualni-32718\/#primaryimage"},"image":{"@id":"https:\/\/www.domtechnikpro.com\/index.php\/produkt\/ochranna-plachta-s-oky-90-g-zelena-aktualni-32718\/#primaryimage"},"thumbnailUrl":"https:\/\/www.domtechnikpro.com\/wp-content\/uploads\/2026\/SK0001364-CZ20260425-092355-0-1777080235-26798_schuller-ochranna-plachta.webp","datePublished":"2026-04-26T08:57:15+00:00","breadcrumb":{"@id":"https:\/\/www.domtechnikpro.com\/index.php\/produkt\/ochranna-plachta-s-oky-90-g-zelena-aktualni-32718\/#breadcrumb"},"inLanguage":"cs","potentialAction":[{"@type":"ReadAction","target":["https:\/\/www.domtechnikpro.com\/index.php\/produkt\/ochranna-plachta-s-oky-90-g-zelena-aktualni-32718\/"]}]},{"@type":"ImageObject","inLanguage":"cs","@id":"https:\/\/www.domtechnikpro.com\/index.php\/produkt\/ochranna-plachta-s-oky-90-g-zelena-aktualni-32718\/#primaryimage","url":"https:\/\/www.domtechnikpro.com\/wp-content\/uploads\/2026\/SK0001364-CZ20260425-092355-0-1777080235-26798_schuller-ochranna-plachta.webp","contentUrl":"https:\/\/www.domtechnikpro.com\/wp-content\/uploads\/2026\/SK0001364-CZ20260425-092355-0-1777080235-26798_schuller-ochranna-plachta.webp","width":1000,"height":750},{"@type":"BreadcrumbList","@id":"https:\/\/www.domtechnikpro.com\/index.php\/produkt\/ochranna-plachta-s-oky-90-g-zelena-aktualni-32718\/#breadcrumb","itemListElement":[{"@type":"ListItem","position":1,"name":"Home","item":"https:\/\/www.domtechnikpro.com\/"},{"@type":"ListItem","position":2,"name":"Products","item":"https:\/\/www.domtechnikpro.com\/index.php\/products\/"},{"@type":"ListItem","position":3,"name":"Ochrann\u00e1 plachta s oky 90 g zelen\u00e1 Aktu\u00e1ln\u00ed"}]},{"@type":"WebSite","@id":"https:\/\/www.domtechnikpro.com\/#website","url":"https:\/\/www.domtechnikpro.com\/","name":"","description":"","potentialAction":[{"@type":"SearchAction","target":{"@type":"EntryPoint","urlTemplate":"https:\/\/www.domtechnikpro.com\/?s={search_term_string}"},"query-input":{"@type":"PropertyValueSpecification","valueRequired":true,"valueName":"search_term_string"}}],"inLanguage":"cs"}]}},"_links":{"self":[{"href":"https:\/\/www.domtechnikpro.com\/index.php\/wp-json\/wp\/v2\/product\/32718","targetHints":{"allow":["GET"]}}],"collection":[{"href":"https:\/\/www.domtechnikpro.com\/index.php\/wp-json\/wp\/v2\/product"}],"about":[{"href":"https:\/\/www.domtechnikpro.com\/index.php\/wp-json\/wp\/v2\/types\/product"}],"replies":[{"embeddable":true,"href":"https:\/\/www.domtechnikpro.com\/index.php\/wp-json\/wp\/v2\/comments?post=32718"}],"wp:featuredmedia":[{"embeddable":true,"href":"https:\/\/www.domtechnikpro.com\/index.php\/wp-json\/wp\/v2\/media\/32818"}],"wp:attachment":[{"href":"https:\/\/www.domtechnikpro.com\/index.php\/wp-json\/wp\/v2\/media?parent=32718"}],"wp:term":[{"taxonomy":"product_brand","embeddable":true,"href":"https:\/\/www.domtechnikpro.com\/index.php\/wp-json\/wp\/v2\/product_brand?post=32718"},{"taxonomy":"product_cat","embeddable":true,"href":"https:\/\/www.domtechnikpro.com\/index.php\/wp-json\/wp\/v2\/product_cat?post=32718"},{"taxonomy":"product_tag","embeddable":true,"href":"https:\/\/www.domtechnikpro.com\/index.php\/wp-json\/wp\/v2\/product_tag?post=32718"}],"curies":[{"name":"wp","href":"https:\/\/api.w.org\/{rel}","templated":true}]}}