{"id":32707,"date":"2026-04-26T08:57:15","date_gmt":"2026-04-26T08:57:15","guid":{"rendered":""},"modified":"2026-04-26T08:57:15","modified_gmt":"2026-04-26T08:57:15","slug":"bezpecna-platba-eprosin-t-30-32707","status":"publish","type":"product","link":"https:\/\/www.domtechnikpro.com\/produkt\/bezpecna-platba-eprosin-t-30-32707\/","title":{"rendered":"Bezpe\u010dn\u00e1 Platba Eprosin T 30"},"content":{"rendered":"<div class=\"basic-description\">\n<h3>Detailn\u00ed popis produktu<\/h3>\n<p>                                    <STRONG>P\u0159\u00edprava povrchu:<BR><\/STRONG>Povrch mus\u00ed b\u00fdt such\u00fd, \u010dist\u00fd, odma\u0161t\u011bn\u00fd a zbaven\u00fd mechanick\u00fdch ne\u010distot (prach po brou\u0161en\u00ed, atd.), nejl\u00e9pe m\u00edrn\u011b zdrsn\u011bn\u00fd. Teplota podkladu by m\u011bla dosahovat 15\u201325 \u00b0C p\u0159i max. 50% relativn\u00ed vlhkosti vzduchu. Kovov\u00e9 podklady mus\u00ed b\u00fdt p\u0159i nan\u00e1\u0161en\u00ed Eprosin&nbsp;T 30 such\u00e9. Max. p\u0159\u00edpustn\u00e1 vlhkost d\u0159ev\u011bn\u00e9ho nebo betonov\u00e9ho podkladu je 4 &#8211; 5 %. <BR>Nevytvrzenou kompozici lze z povrchu n\u00e1\u0159ad\u00ed um\u00fdt \u0159edidlem Sinepox&nbsp;S 6300 nebo Lignofix S 6300 p\u0159\u00edpadn\u011b acetonem.<BR><BR>Vytvrzen\u00ed: 24 hodin p\u0159i teplot\u011b +20 \u00b0C<BR>Pln\u00e9 vytvrzen\u00ed: 7 dn\u00ed p\u0159i teplot\u011b +20 \u00b0C, 2 dny p\u0159i +20 \u00b0C a dotvrzen\u00ed 2 dny p\u0159i + 50 \u00b0C (infraz\u00e1\u0159i\u010de)<BR><BR><STRONG>Spot\u0159eba:<BR><\/STRONG>8,5 kg\/m2 p\u0159i v\u00fd\u0161ce vrstvy 5 mm<BR><BR><STRONG>Vzhled:<\/STRONG><BR>visk\u00f3zn\u00ed \u010dern\u00fd tmel<BR><BR> <STRONG>Balen\u00ed:<\/STRONG><BR> set 415 g; set 930 g (v setu s tvrdidlem P 11); 10 kg bez tvrdidla                            <\/div>\n<div class=\"extended-description\">\n<h3>Dopl\u0148kov\u00e9 parametry<\/h3>\n<table class=\"detail-parameters\">\n<tbody>\n<tr>\n<th>        <span class=\"row-header-label\">            Kategorie<span class=\"row-header-label-colon\">:<\/span>        <\/span>    <\/th>\n<td>        Tmely na beton a zdivo    <\/td>\n<\/tr>\n<\/tbody>\n<\/table><\/div>\n<\/p><\/div>\n<\/p><\/div>\n","protected":false},"excerpt":{"rendered":"<p>Detailn\u00ed popis produktu P\u0159\u00edprava povrchu:Povrch mus\u00ed b\u00fdt such\u00fd, \u010dist\u00fd, odma\u0161t\u011bn\u00fd a zbaven\u00fd mechanick\u00fdch ne\u010distot (prach po brou\u0161en\u00ed, atd.), nejl\u00e9pe m\u00edrn\u011b zdrsn\u011bn\u00fd. Teplota podkladu by m\u011bla dosahovat 15\u201325 \u00b0C p\u0159i max. 50% relativn\u00ed vlhkosti vzduchu. Kovov\u00e9 podklady mus\u00ed b\u00fdt p\u0159i nan\u00e1\u0161en\u00ed Eprosin&nbsp;T 30 such\u00e9. Max. p\u0159\u00edpustn\u00e1 vlhkost d\u0159ev\u011bn\u00e9ho nebo betonov\u00e9ho podkladu je 4 &#8211; 5 %. [&hellip;]<\/p>\n","protected":false},"featured_media":32807,"comment_status":"open","ping_status":"open","template":"","meta":[],"product_brand":[],"product_cat":[124],"product_tag":[],"class_list":{"0":"post-32707","1":"product","2":"type-product","3":"status-publish","4":"has-post-thumbnail","6":"product_cat-lepidla-silikony-tmely-a-peny","8":"first","9":"instock","10":"sale","11":"shipping-taxable","12":"purchasable","13":"product-type-simple"},"yoast_head":"<!-- This site is optimized with the Yoast SEO plugin v26.8 - https:\/\/yoast.com\/product\/yoast-seo-wordpress\/ -->\n<title>Bezpe\u010dn\u00e1 Platba Eprosin T 30 - Pr\u016fmyslov\u00e9 vybaven\u00ed a p\u0159\u00edslu\u0161enstv\u00ed<\/title>\n<meta name=\"robots\" content=\"index, follow, max-snippet:-1, max-image-preview:large, max-video-preview:-1\" \/>\n<link rel=\"canonical\" href=\"https:\/\/www.domtechnikpro.com\/index.php\/produkt\/bezpecna-platba-eprosin-t-30-32707\/\" \/>\n<meta property=\"og:locale\" content=\"cs_CZ\" \/>\n<meta property=\"og:type\" content=\"article\" \/>\n<meta property=\"og:title\" content=\"Bezpe\u010dn\u00e1 Platba Eprosin T 30 - Pr\u016fmyslov\u00e9 vybaven\u00ed a p\u0159\u00edslu\u0161enstv\u00ed\" \/>\n<meta property=\"og:description\" content=\"Detailn\u00ed popis produktu P\u0159\u00edprava povrchu:Povrch mus\u00ed b\u00fdt such\u00fd, \u010dist\u00fd, odma\u0161t\u011bn\u00fd a zbaven\u00fd mechanick\u00fdch ne\u010distot (prach po brou\u0161en\u00ed, atd.), nejl\u00e9pe m\u00edrn\u011b zdrsn\u011bn\u00fd. Teplota podkladu by m\u011bla dosahovat 15\u201325 \u00b0C p\u0159i max. 50% relativn\u00ed vlhkosti vzduchu. Kovov\u00e9 podklady mus\u00ed b\u00fdt p\u0159i nan\u00e1\u0161en\u00ed Eprosin&nbsp;T 30 such\u00e9. Max. p\u0159\u00edpustn\u00e1 vlhkost d\u0159ev\u011bn\u00e9ho nebo betonov\u00e9ho podkladu je 4 &#8211; 5 %. [&hellip;]\" \/>\n<meta property=\"og:url\" content=\"https:\/\/www.domtechnikpro.com\/index.php\/produkt\/bezpecna-platba-eprosin-t-30-32707\/\" \/>\n<meta property=\"og:site_name\" content=\"Pr\u016fmyslov\u00e9 vybaven\u00ed a p\u0159\u00edslu\u0161enstv\u00ed\" \/>\n<meta property=\"og:image\" content=\"https:\/\/www.domtechnikpro.com\/wp-content\/uploads\/2026\/SK0001353-CZ20260425-092355-0-1777080235-26765_eprosin-t-30.webp\" \/>\n\t<meta property=\"og:image:width\" content=\"1000\" \/>\n\t<meta property=\"og:image:height\" content=\"750\" \/>\n\t<meta property=\"og:image:type\" content=\"image\/webp\" \/>\n<meta name=\"twitter:card\" content=\"summary_large_image\" \/>\n<meta name=\"twitter:label1\" content=\"Odhadovan\u00e1 doba \u010dten\u00ed\" \/>\n\t<meta name=\"twitter:data1\" content=\"1 minuta\" \/>\n<script type=\"application\/ld+json\" class=\"yoast-schema-graph\">{\"@context\":\"https:\/\/schema.org\",\"@graph\":[{\"@type\":\"WebPage\",\"@id\":\"https:\/\/www.domtechnikpro.com\/index.php\/produkt\/bezpecna-platba-eprosin-t-30-32707\/\",\"url\":\"https:\/\/www.domtechnikpro.com\/index.php\/produkt\/bezpecna-platba-eprosin-t-30-32707\/\",\"name\":\"Bezpe\u010dn\u00e1 Platba Eprosin T 30 - Pr\u016fmyslov\u00e9 vybaven\u00ed a p\u0159\u00edslu\u0161enstv\u00ed\",\"isPartOf\":{\"@id\":\"https:\/\/www.domtechnikpro.com\/#website\"},\"primaryImageOfPage\":{\"@id\":\"https:\/\/www.domtechnikpro.com\/index.php\/produkt\/bezpecna-platba-eprosin-t-30-32707\/#primaryimage\"},\"image\":{\"@id\":\"https:\/\/www.domtechnikpro.com\/index.php\/produkt\/bezpecna-platba-eprosin-t-30-32707\/#primaryimage\"},\"thumbnailUrl\":\"https:\/\/www.domtechnikpro.com\/wp-content\/uploads\/2026\/SK0001353-CZ20260425-092355-0-1777080235-26765_eprosin-t-30.webp\",\"datePublished\":\"2026-04-26T08:57:15+00:00\",\"breadcrumb\":{\"@id\":\"https:\/\/www.domtechnikpro.com\/index.php\/produkt\/bezpecna-platba-eprosin-t-30-32707\/#breadcrumb\"},\"inLanguage\":\"cs\",\"potentialAction\":[{\"@type\":\"ReadAction\",\"target\":[\"https:\/\/www.domtechnikpro.com\/index.php\/produkt\/bezpecna-platba-eprosin-t-30-32707\/\"]}]},{\"@type\":\"ImageObject\",\"inLanguage\":\"cs\",\"@id\":\"https:\/\/www.domtechnikpro.com\/index.php\/produkt\/bezpecna-platba-eprosin-t-30-32707\/#primaryimage\",\"url\":\"https:\/\/www.domtechnikpro.com\/wp-content\/uploads\/2026\/SK0001353-CZ20260425-092355-0-1777080235-26765_eprosin-t-30.webp\",\"contentUrl\":\"https:\/\/www.domtechnikpro.com\/wp-content\/uploads\/2026\/SK0001353-CZ20260425-092355-0-1777080235-26765_eprosin-t-30.webp\",\"width\":1000,\"height\":750},{\"@type\":\"BreadcrumbList\",\"@id\":\"https:\/\/www.domtechnikpro.com\/index.php\/produkt\/bezpecna-platba-eprosin-t-30-32707\/#breadcrumb\",\"itemListElement\":[{\"@type\":\"ListItem\",\"position\":1,\"name\":\"Home\",\"item\":\"https:\/\/www.domtechnikpro.com\/\"},{\"@type\":\"ListItem\",\"position\":2,\"name\":\"Products\",\"item\":\"https:\/\/www.domtechnikpro.com\/products\/\"},{\"@type\":\"ListItem\",\"position\":3,\"name\":\"Bezpe\u010dn\u00e1 Platba Eprosin T 30\"}]},{\"@type\":\"WebSite\",\"@id\":\"https:\/\/www.domtechnikpro.com\/#website\",\"url\":\"https:\/\/www.domtechnikpro.com\/\",\"name\":\"Pr\u016fmyslov\u00e9 vybaven\u00ed a p\u0159\u00edslu\u0161enstv\u00ed\",\"description\":\"Pr\u016fmyslov\u00e9 vybaven\u00ed a p\u0159\u00edslu\u0161enstv\u00ed\",\"publisher\":{\"@id\":\"https:\/\/www.domtechnikpro.com\/#organization\"},\"potentialAction\":[{\"@type\":\"SearchAction\",\"target\":{\"@type\":\"EntryPoint\",\"urlTemplate\":\"https:\/\/www.domtechnikpro.com\/?s={search_term_string}\"},\"query-input\":{\"@type\":\"PropertyValueSpecification\",\"valueRequired\":true,\"valueName\":\"search_term_string\"}}],\"inLanguage\":\"cs\"},{\"@type\":\"Organization\",\"@id\":\"https:\/\/www.domtechnikpro.com\/#organization\",\"name\":\"Pr\u016fmyslov\u00e9 vybaven\u00ed a p\u0159\u00edslu\u0161enstv\u00ed\",\"url\":\"https:\/\/www.domtechnikpro.com\/\",\"logo\":{\"@type\":\"ImageObject\",\"inLanguage\":\"cs\",\"@id\":\"https:\/\/www.domtechnikpro.com\/#\/schema\/logo\/image\/\",\"url\":\"https:\/\/www.domtechnikpro.com\/wp-content\/uploads\/2026\/04\/domtechnikpro_logo_full.svg\",\"contentUrl\":\"https:\/\/www.domtechnikpro.com\/wp-content\/uploads\/2026\/04\/domtechnikpro_logo_full.svg\",\"width\":920,\"height\":180,\"caption\":\"Pr\u016fmyslov\u00e9 vybaven\u00ed a p\u0159\u00edslu\u0161enstv\u00ed\"},\"image\":{\"@id\":\"https:\/\/www.domtechnikpro.com\/#\/schema\/logo\/image\/\"}}]}<\/script>\n<!-- \/ Yoast SEO plugin. -->","yoast_head_json":{"title":"Bezpe\u010dn\u00e1 Platba Eprosin T 30 - Pr\u016fmyslov\u00e9 vybaven\u00ed a p\u0159\u00edslu\u0161enstv\u00ed","robots":{"index":"index","follow":"follow","max-snippet":"max-snippet:-1","max-image-preview":"max-image-preview:large","max-video-preview":"max-video-preview:-1"},"canonical":"https:\/\/www.domtechnikpro.com\/index.php\/produkt\/bezpecna-platba-eprosin-t-30-32707\/","og_locale":"cs_CZ","og_type":"article","og_title":"Bezpe\u010dn\u00e1 Platba Eprosin T 30 - Pr\u016fmyslov\u00e9 vybaven\u00ed a p\u0159\u00edslu\u0161enstv\u00ed","og_description":"Detailn\u00ed popis produktu P\u0159\u00edprava povrchu:Povrch mus\u00ed b\u00fdt such\u00fd, \u010dist\u00fd, odma\u0161t\u011bn\u00fd a zbaven\u00fd mechanick\u00fdch ne\u010distot (prach po brou\u0161en\u00ed, atd.), nejl\u00e9pe m\u00edrn\u011b zdrsn\u011bn\u00fd. Teplota podkladu by m\u011bla dosahovat 15\u201325 \u00b0C p\u0159i max. 50% relativn\u00ed vlhkosti vzduchu. Kovov\u00e9 podklady mus\u00ed b\u00fdt p\u0159i nan\u00e1\u0161en\u00ed Eprosin&nbsp;T 30 such\u00e9. Max. p\u0159\u00edpustn\u00e1 vlhkost d\u0159ev\u011bn\u00e9ho nebo betonov\u00e9ho podkladu je 4 &#8211; 5 %. [&hellip;]","og_url":"https:\/\/www.domtechnikpro.com\/index.php\/produkt\/bezpecna-platba-eprosin-t-30-32707\/","og_site_name":"Pr\u016fmyslov\u00e9 vybaven\u00ed a p\u0159\u00edslu\u0161enstv\u00ed","og_image":[{"width":1000,"height":750,"url":"https:\/\/www.domtechnikpro.com\/wp-content\/uploads\/2026\/SK0001353-CZ20260425-092355-0-1777080235-26765_eprosin-t-30.webp","type":"image\/webp"}],"twitter_card":"summary_large_image","twitter_misc":{"Odhadovan\u00e1 doba \u010dten\u00ed":"1 minuta"},"schema":{"@context":"https:\/\/schema.org","@graph":[{"@type":"WebPage","@id":"https:\/\/www.domtechnikpro.com\/index.php\/produkt\/bezpecna-platba-eprosin-t-30-32707\/","url":"https:\/\/www.domtechnikpro.com\/index.php\/produkt\/bezpecna-platba-eprosin-t-30-32707\/","name":"Bezpe\u010dn\u00e1 Platba Eprosin T 30 - Pr\u016fmyslov\u00e9 vybaven\u00ed a p\u0159\u00edslu\u0161enstv\u00ed","isPartOf":{"@id":"https:\/\/www.domtechnikpro.com\/#website"},"primaryImageOfPage":{"@id":"https:\/\/www.domtechnikpro.com\/index.php\/produkt\/bezpecna-platba-eprosin-t-30-32707\/#primaryimage"},"image":{"@id":"https:\/\/www.domtechnikpro.com\/index.php\/produkt\/bezpecna-platba-eprosin-t-30-32707\/#primaryimage"},"thumbnailUrl":"https:\/\/www.domtechnikpro.com\/wp-content\/uploads\/2026\/SK0001353-CZ20260425-092355-0-1777080235-26765_eprosin-t-30.webp","datePublished":"2026-04-26T08:57:15+00:00","breadcrumb":{"@id":"https:\/\/www.domtechnikpro.com\/index.php\/produkt\/bezpecna-platba-eprosin-t-30-32707\/#breadcrumb"},"inLanguage":"cs","potentialAction":[{"@type":"ReadAction","target":["https:\/\/www.domtechnikpro.com\/index.php\/produkt\/bezpecna-platba-eprosin-t-30-32707\/"]}]},{"@type":"ImageObject","inLanguage":"cs","@id":"https:\/\/www.domtechnikpro.com\/index.php\/produkt\/bezpecna-platba-eprosin-t-30-32707\/#primaryimage","url":"https:\/\/www.domtechnikpro.com\/wp-content\/uploads\/2026\/SK0001353-CZ20260425-092355-0-1777080235-26765_eprosin-t-30.webp","contentUrl":"https:\/\/www.domtechnikpro.com\/wp-content\/uploads\/2026\/SK0001353-CZ20260425-092355-0-1777080235-26765_eprosin-t-30.webp","width":1000,"height":750},{"@type":"BreadcrumbList","@id":"https:\/\/www.domtechnikpro.com\/index.php\/produkt\/bezpecna-platba-eprosin-t-30-32707\/#breadcrumb","itemListElement":[{"@type":"ListItem","position":1,"name":"Home","item":"https:\/\/www.domtechnikpro.com\/"},{"@type":"ListItem","position":2,"name":"Products","item":"https:\/\/www.domtechnikpro.com\/products\/"},{"@type":"ListItem","position":3,"name":"Bezpe\u010dn\u00e1 Platba Eprosin T 30"}]},{"@type":"WebSite","@id":"https:\/\/www.domtechnikpro.com\/#website","url":"https:\/\/www.domtechnikpro.com\/","name":"Pr\u016fmyslov\u00e9 vybaven\u00ed a p\u0159\u00edslu\u0161enstv\u00ed","description":"Pr\u016fmyslov\u00e9 vybaven\u00ed a p\u0159\u00edslu\u0161enstv\u00ed","publisher":{"@id":"https:\/\/www.domtechnikpro.com\/#organization"},"potentialAction":[{"@type":"SearchAction","target":{"@type":"EntryPoint","urlTemplate":"https:\/\/www.domtechnikpro.com\/?s={search_term_string}"},"query-input":{"@type":"PropertyValueSpecification","valueRequired":true,"valueName":"search_term_string"}}],"inLanguage":"cs"},{"@type":"Organization","@id":"https:\/\/www.domtechnikpro.com\/#organization","name":"Pr\u016fmyslov\u00e9 vybaven\u00ed a p\u0159\u00edslu\u0161enstv\u00ed","url":"https:\/\/www.domtechnikpro.com\/","logo":{"@type":"ImageObject","inLanguage":"cs","@id":"https:\/\/www.domtechnikpro.com\/#\/schema\/logo\/image\/","url":"https:\/\/www.domtechnikpro.com\/wp-content\/uploads\/2026\/04\/domtechnikpro_logo_full.svg","contentUrl":"https:\/\/www.domtechnikpro.com\/wp-content\/uploads\/2026\/04\/domtechnikpro_logo_full.svg","width":920,"height":180,"caption":"Pr\u016fmyslov\u00e9 vybaven\u00ed a p\u0159\u00edslu\u0161enstv\u00ed"},"image":{"@id":"https:\/\/www.domtechnikpro.com\/#\/schema\/logo\/image\/"}}]}},"_links":{"self":[{"href":"https:\/\/www.domtechnikpro.com\/wp-json\/wp\/v2\/product\/32707","targetHints":{"allow":["GET"]}}],"collection":[{"href":"https:\/\/www.domtechnikpro.com\/wp-json\/wp\/v2\/product"}],"about":[{"href":"https:\/\/www.domtechnikpro.com\/wp-json\/wp\/v2\/types\/product"}],"replies":[{"embeddable":true,"href":"https:\/\/www.domtechnikpro.com\/wp-json\/wp\/v2\/comments?post=32707"}],"wp:featuredmedia":[{"embeddable":true,"href":"https:\/\/www.domtechnikpro.com\/wp-json\/wp\/v2\/media\/32807"}],"wp:attachment":[{"href":"https:\/\/www.domtechnikpro.com\/wp-json\/wp\/v2\/media?parent=32707"}],"wp:term":[{"taxonomy":"product_brand","embeddable":true,"href":"https:\/\/www.domtechnikpro.com\/wp-json\/wp\/v2\/product_brand?post=32707"},{"taxonomy":"product_cat","embeddable":true,"href":"https:\/\/www.domtechnikpro.com\/wp-json\/wp\/v2\/product_cat?post=32707"},{"taxonomy":"product_tag","embeddable":true,"href":"https:\/\/www.domtechnikpro.com\/wp-json\/wp\/v2\/product_tag?post=32707"}],"curies":[{"name":"wp","href":"https:\/\/api.w.org\/{rel}","templated":true}]}}