{"id":32702,"date":"2026-04-26T08:57:15","date_gmt":"2026-04-26T08:57:15","guid":{"rendered":""},"modified":"2026-04-26T08:57:15","modified_gmt":"2026-04-26T08:57:15","slug":"motip-skoda-akrylovy-sprej-autolak-dokud-zasoby-vydrzi-32702","status":"publish","type":"product","link":"https:\/\/www.domtechnikpro.com\/index.php\/produkt\/motip-skoda-akrylovy-sprej-autolak-dokud-zasoby-vydrzi-32702\/","title":{"rendered":"Motip \u0160koda akrylov\u00fd sprej autolak Dokud Z\u00e1soby Vydr\u017e\u00ed"},"content":{"rendered":"<div class=\"basic-description\">\n<h3>Detailn\u00ed popis produktu<\/h3>\n<p>                                    Motip \u0160koda akrylov\u00fd sprej &#8211; Autosprej \u0160koda<br \/>se vyr\u00e1b\u00ed v univerz\u00e1ln\u00edch odst\u00ednech &#8211; \u010dern\u00e1, b\u00edl\u00e1, z\u00e1kladn\u00ed barvu v akryl\u00e1tov\u00e9 kvalit\u011b, \u0161k\u00e1lu barevn\u00fdch odst\u00edn\u016f (hladk\u00e9 i metalick\u00e9) a kone\u010dn\u011b tuto \u0159adu dopl\u0148uje bezbarv\u00fd akryl\u00e1tov\u00fd lak s vysok\u00fdm leskem. V\u0161echny Autospreje \u0160koda &#8211; aerosoly t\u00e9to \u0159ady maj\u00ed unik\u00e1tn\u00ed trysky, kter\u00e9 zaru\u010duj\u00ed ploch\u00fd st\u0159ik jako u profesion\u00e1ln\u00ed st\u0159\u00edkac\u00ed pistole, d\u00e1le pak tyto trysky jsou oto\u010dn\u00e9 a\u017e o 360\u00b0. T\u00edmto je zaru\u010den p\u0159\u00edstup p\u0159i st\u0159\u00edkan\u00ed i do m\u00edst, kde jin\u00e9 aerosoly jsou ji\u017e nefunk\u010dn\u00ed.<\/p>\n<p>Akrylov\u00fd autolak \u0160koda, barva v\u00ed\u010dka odpov\u00edd\u00e1 barv\u011b obsahu. Odstra\u0148te rez, p\u0159ebruste a d\u016fkladn\u011b o\u010dist\u011bte, vytmelte a p\u0159est\u0159\u00edkejte vypl\u0148ovac\u00ed z\u00e1kladovou barvou. P\u0159ed pou\u017eit\u00edm prot\u0159epejte d\u00f3zu po dobu t\u0159\u00ed minut. Pr\u00e1ci se sprejem si vyzkou\u0161ejte. Nan\u00e1\u0161ejte ze vzd\u00e1lenosti cca 25cm. Nan\u00e1\u0161ejte tenk\u00e9 vrstvy po 24 hodin\u00e1ch odstra\u0148te le\u0161t\u011bn\u00edm suchou mlhu ze spreje. Metelizovan\u00e9 autolaky p\u0159est\u0159\u00edkejte po t\u0159iceti minut\u00e1ch bezbarv\u00fdm lakem.<\/p>\n<p>Bezpe\u010dnostn\u00ed opat\u0159en\u00ed: n\u00e1dobka je pod tlakem, nevystavujte slune\u010dn\u00edmu z\u00e1\u0159en\u00ed a teplot\u00e1m nad 50 \u00b0C (nap\u0159. v aut\u011b). Ani vypr\u00e1zdn\u011bnou n\u00e1dobku nepror\u00e1\u017eejte a nevhazujte do ohn\u011b. Nest\u0159\u00edkejte do otev\u0159en\u00e9ho ohn\u011b nebo na \u017ehav\u00e9 p\u0159edm\u011bty. Uchov\u00e1vejte mimo dosah zdroj\u016f zap\u00e1len\u00ed &#8211; Z\u00e1kaz kou\u0159en\u00ed. Bez dostate\u010dn\u00e9ho v\u011btr\u00e1n\u00ed je mo\u017en\u00fd vznik explozivn\u00edch sm\u011bs\u00ed. Uchov\u00e1vejte mimo dosah d\u011bt\u00ed. Dr\u00e1\u017ed\u00ed o\u010di. Opakovan\u00e1 expozice m\u016f\u017ee zp\u016fsobit vysu\u0161en\u00ed nebo poprask\u00e1n\u00ed k\u016f\u017ee. Vdechov\u00e1n\u00ed par m\u016f\u017ee zp\u016fsobit ospalost a z\u00e1vrat\u011b. Nevdechujte aerosoly. Zamezte styku s k\u016f\u017e\u00ed a o\u010dima. Nevyl\u00e9vejte do kanalizace, zne\u0161kodn\u011bte tento materi\u00e1l a jeho obal ve sb\u011brn\u00e9m m\u00edst\u011b pro zvl\u00e1\u0161tn\u00ed nebo nebezpe\u010dn\u00e9 odpady. P\u0159i po\u017eit\u00ed okam\u017eit\u011b vyhledejte l\u00e9ka\u0159skou pomoc a uka\u017ete tento obal nebo ozna\u010den\u00ed. Pou\u017e\u00edvejte pouze v dob\u0159e v\u011btran\u00fdch prostor\u00e1ch.<br \/>Obsahuje 1,8 (9)-p-Methadien CAS 138-86-3,2 Butanonoxim CAS 96-29-7. Obal odevzdejte ve sb\u011brn\u011b nebezpe\u010dn\u00e9ho odpadu! M\u016f\u017ee vyvolat alergick\u00e9 reakce. Obsahuje Propan CAS 74-98-6, Butan CAS 106-97-8.                            <\/div>\n<div class=\"extended-description\">\n<h3>Dopl\u0148kov\u00e9 parametry<\/h3>\n<table class=\"detail-parameters\">\n<tbody>\n<tr>\n<th>        <span class=\"row-header-label\">            Kategorie<span class=\"row-header-label-colon\">:<\/span>        <\/span>    <\/th>\n<td>        Vrchn\u00ed barvy ve spreji    <\/td>\n<\/tr>\n<\/tbody>\n<\/table><\/div>\n<\/p><\/div>\n<\/p><\/div>\n","protected":false},"excerpt":{"rendered":"<p>Detailn\u00ed popis produktu Motip \u0160koda akrylov\u00fd sprej &#8211; Autosprej \u0160kodase vyr\u00e1b\u00ed v univerz\u00e1ln\u00edch odst\u00ednech &#8211; \u010dern\u00e1, b\u00edl\u00e1, z\u00e1kladn\u00ed barvu v akryl\u00e1tov\u00e9 kvalit\u011b, \u0161k\u00e1lu barevn\u00fdch odst\u00edn\u016f (hladk\u00e9 i metalick\u00e9) a kone\u010dn\u011b tuto \u0159adu dopl\u0148uje bezbarv\u00fd akryl\u00e1tov\u00fd lak s vysok\u00fdm leskem. V\u0161echny Autospreje \u0160koda &#8211; aerosoly t\u00e9to \u0159ady maj\u00ed unik\u00e1tn\u00ed trysky, kter\u00e9 zaru\u010duj\u00ed ploch\u00fd st\u0159ik jako u [&hellip;]<\/p>\n","protected":false},"featured_media":32802,"comment_status":"open","ping_status":"open","template":"","meta":[],"product_brand":[],"product_cat":[122],"product_tag":[],"class_list":{"0":"post-32702","1":"product","2":"type-product","3":"status-publish","4":"has-post-thumbnail","6":"product_cat-barvy-laky-lazury","8":"first","9":"instock","10":"sale","11":"shipping-taxable","12":"purchasable","13":"product-type-simple"},"yoast_head":"<!-- This site is optimized with the Yoast SEO plugin v26.8 - https:\/\/yoast.com\/product\/yoast-seo-wordpress\/ -->\n<title>Motip \u0160koda akrylov\u00fd sprej autolak Dokud Z\u00e1soby Vydr\u017e\u00ed -<\/title>\n<meta name=\"robots\" content=\"index, follow, max-snippet:-1, max-image-preview:large, max-video-preview:-1\" \/>\n<link rel=\"canonical\" href=\"https:\/\/www.domtechnikpro.com\/index.php\/produkt\/motip-skoda-akrylovy-sprej-autolak-dokud-zasoby-vydrzi-32702\/\" \/>\n<meta property=\"og:locale\" content=\"cs_CZ\" \/>\n<meta property=\"og:type\" content=\"article\" \/>\n<meta property=\"og:title\" content=\"Motip \u0160koda akrylov\u00fd sprej autolak Dokud Z\u00e1soby Vydr\u017e\u00ed -\" \/>\n<meta property=\"og:description\" content=\"Detailn\u00ed popis produktu Motip \u0160koda akrylov\u00fd sprej &#8211; Autosprej \u0160kodase vyr\u00e1b\u00ed v univerz\u00e1ln\u00edch odst\u00ednech &#8211; \u010dern\u00e1, b\u00edl\u00e1, z\u00e1kladn\u00ed barvu v akryl\u00e1tov\u00e9 kvalit\u011b, \u0161k\u00e1lu barevn\u00fdch odst\u00edn\u016f (hladk\u00e9 i metalick\u00e9) a kone\u010dn\u011b tuto \u0159adu dopl\u0148uje bezbarv\u00fd akryl\u00e1tov\u00fd lak s vysok\u00fdm leskem. V\u0161echny Autospreje \u0160koda &#8211; aerosoly t\u00e9to \u0159ady maj\u00ed unik\u00e1tn\u00ed trysky, kter\u00e9 zaru\u010duj\u00ed ploch\u00fd st\u0159ik jako u [&hellip;]\" \/>\n<meta property=\"og:url\" content=\"https:\/\/www.domtechnikpro.com\/index.php\/produkt\/motip-skoda-akrylovy-sprej-autolak-dokud-zasoby-vydrzi-32702\/\" \/>\n<meta property=\"og:image\" content=\"https:\/\/www.domtechnikpro.com\/wp-content\/uploads\/2026\/SK0001348-CZ20260425-092355-0-1777080235-26726_son-motip-skoda-program-sprej.webp\" \/>\n\t<meta property=\"og:image:width\" content=\"1000\" \/>\n\t<meta property=\"og:image:height\" content=\"750\" \/>\n\t<meta property=\"og:image:type\" content=\"image\/webp\" \/>\n<meta name=\"twitter:card\" content=\"summary_large_image\" \/>\n<meta name=\"twitter:label1\" content=\"Odhadovan\u00e1 doba \u010dten\u00ed\" \/>\n\t<meta name=\"twitter:data1\" content=\"2 minuty\" \/>\n<script type=\"application\/ld+json\" class=\"yoast-schema-graph\">{\"@context\":\"https:\/\/schema.org\",\"@graph\":[{\"@type\":\"WebPage\",\"@id\":\"https:\/\/www.domtechnikpro.com\/index.php\/produkt\/motip-skoda-akrylovy-sprej-autolak-dokud-zasoby-vydrzi-32702\/\",\"url\":\"https:\/\/www.domtechnikpro.com\/index.php\/produkt\/motip-skoda-akrylovy-sprej-autolak-dokud-zasoby-vydrzi-32702\/\",\"name\":\"Motip \u0160koda akrylov\u00fd sprej autolak Dokud Z\u00e1soby Vydr\u017e\u00ed -\",\"isPartOf\":{\"@id\":\"https:\/\/www.domtechnikpro.com\/#website\"},\"primaryImageOfPage\":{\"@id\":\"https:\/\/www.domtechnikpro.com\/index.php\/produkt\/motip-skoda-akrylovy-sprej-autolak-dokud-zasoby-vydrzi-32702\/#primaryimage\"},\"image\":{\"@id\":\"https:\/\/www.domtechnikpro.com\/index.php\/produkt\/motip-skoda-akrylovy-sprej-autolak-dokud-zasoby-vydrzi-32702\/#primaryimage\"},\"thumbnailUrl\":\"https:\/\/www.domtechnikpro.com\/wp-content\/uploads\/2026\/SK0001348-CZ20260425-092355-0-1777080235-26726_son-motip-skoda-program-sprej.webp\",\"datePublished\":\"2026-04-26T08:57:15+00:00\",\"breadcrumb\":{\"@id\":\"https:\/\/www.domtechnikpro.com\/index.php\/produkt\/motip-skoda-akrylovy-sprej-autolak-dokud-zasoby-vydrzi-32702\/#breadcrumb\"},\"inLanguage\":\"cs\",\"potentialAction\":[{\"@type\":\"ReadAction\",\"target\":[\"https:\/\/www.domtechnikpro.com\/index.php\/produkt\/motip-skoda-akrylovy-sprej-autolak-dokud-zasoby-vydrzi-32702\/\"]}]},{\"@type\":\"ImageObject\",\"inLanguage\":\"cs\",\"@id\":\"https:\/\/www.domtechnikpro.com\/index.php\/produkt\/motip-skoda-akrylovy-sprej-autolak-dokud-zasoby-vydrzi-32702\/#primaryimage\",\"url\":\"https:\/\/www.domtechnikpro.com\/wp-content\/uploads\/2026\/SK0001348-CZ20260425-092355-0-1777080235-26726_son-motip-skoda-program-sprej.webp\",\"contentUrl\":\"https:\/\/www.domtechnikpro.com\/wp-content\/uploads\/2026\/SK0001348-CZ20260425-092355-0-1777080235-26726_son-motip-skoda-program-sprej.webp\",\"width\":1000,\"height\":750},{\"@type\":\"BreadcrumbList\",\"@id\":\"https:\/\/www.domtechnikpro.com\/index.php\/produkt\/motip-skoda-akrylovy-sprej-autolak-dokud-zasoby-vydrzi-32702\/#breadcrumb\",\"itemListElement\":[{\"@type\":\"ListItem\",\"position\":1,\"name\":\"Home\",\"item\":\"https:\/\/www.domtechnikpro.com\/\"},{\"@type\":\"ListItem\",\"position\":2,\"name\":\"Products\",\"item\":\"https:\/\/www.domtechnikpro.com\/index.php\/products\/\"},{\"@type\":\"ListItem\",\"position\":3,\"name\":\"Motip \u0160koda akrylov\u00fd sprej autolak Dokud Z\u00e1soby Vydr\u017e\u00ed\"}]},{\"@type\":\"WebSite\",\"@id\":\"https:\/\/www.domtechnikpro.com\/#website\",\"url\":\"https:\/\/www.domtechnikpro.com\/\",\"name\":\"\",\"description\":\"\",\"potentialAction\":[{\"@type\":\"SearchAction\",\"target\":{\"@type\":\"EntryPoint\",\"urlTemplate\":\"https:\/\/www.domtechnikpro.com\/?s={search_term_string}\"},\"query-input\":{\"@type\":\"PropertyValueSpecification\",\"valueRequired\":true,\"valueName\":\"search_term_string\"}}],\"inLanguage\":\"cs\"}]}<\/script>\n<!-- \/ Yoast SEO plugin. -->","yoast_head_json":{"title":"Motip \u0160koda akrylov\u00fd sprej autolak Dokud Z\u00e1soby Vydr\u017e\u00ed -","robots":{"index":"index","follow":"follow","max-snippet":"max-snippet:-1","max-image-preview":"max-image-preview:large","max-video-preview":"max-video-preview:-1"},"canonical":"https:\/\/www.domtechnikpro.com\/index.php\/produkt\/motip-skoda-akrylovy-sprej-autolak-dokud-zasoby-vydrzi-32702\/","og_locale":"cs_CZ","og_type":"article","og_title":"Motip \u0160koda akrylov\u00fd sprej autolak Dokud Z\u00e1soby Vydr\u017e\u00ed -","og_description":"Detailn\u00ed popis produktu Motip \u0160koda akrylov\u00fd sprej &#8211; Autosprej \u0160kodase vyr\u00e1b\u00ed v univerz\u00e1ln\u00edch odst\u00ednech &#8211; \u010dern\u00e1, b\u00edl\u00e1, z\u00e1kladn\u00ed barvu v akryl\u00e1tov\u00e9 kvalit\u011b, \u0161k\u00e1lu barevn\u00fdch odst\u00edn\u016f (hladk\u00e9 i metalick\u00e9) a kone\u010dn\u011b tuto \u0159adu dopl\u0148uje bezbarv\u00fd akryl\u00e1tov\u00fd lak s vysok\u00fdm leskem. V\u0161echny Autospreje \u0160koda &#8211; aerosoly t\u00e9to \u0159ady maj\u00ed unik\u00e1tn\u00ed trysky, kter\u00e9 zaru\u010duj\u00ed ploch\u00fd st\u0159ik jako u [&hellip;]","og_url":"https:\/\/www.domtechnikpro.com\/index.php\/produkt\/motip-skoda-akrylovy-sprej-autolak-dokud-zasoby-vydrzi-32702\/","og_image":[{"width":1000,"height":750,"url":"https:\/\/www.domtechnikpro.com\/wp-content\/uploads\/2026\/SK0001348-CZ20260425-092355-0-1777080235-26726_son-motip-skoda-program-sprej.webp","type":"image\/webp"}],"twitter_card":"summary_large_image","twitter_misc":{"Odhadovan\u00e1 doba \u010dten\u00ed":"2 minuty"},"schema":{"@context":"https:\/\/schema.org","@graph":[{"@type":"WebPage","@id":"https:\/\/www.domtechnikpro.com\/index.php\/produkt\/motip-skoda-akrylovy-sprej-autolak-dokud-zasoby-vydrzi-32702\/","url":"https:\/\/www.domtechnikpro.com\/index.php\/produkt\/motip-skoda-akrylovy-sprej-autolak-dokud-zasoby-vydrzi-32702\/","name":"Motip \u0160koda akrylov\u00fd sprej autolak Dokud Z\u00e1soby Vydr\u017e\u00ed -","isPartOf":{"@id":"https:\/\/www.domtechnikpro.com\/#website"},"primaryImageOfPage":{"@id":"https:\/\/www.domtechnikpro.com\/index.php\/produkt\/motip-skoda-akrylovy-sprej-autolak-dokud-zasoby-vydrzi-32702\/#primaryimage"},"image":{"@id":"https:\/\/www.domtechnikpro.com\/index.php\/produkt\/motip-skoda-akrylovy-sprej-autolak-dokud-zasoby-vydrzi-32702\/#primaryimage"},"thumbnailUrl":"https:\/\/www.domtechnikpro.com\/wp-content\/uploads\/2026\/SK0001348-CZ20260425-092355-0-1777080235-26726_son-motip-skoda-program-sprej.webp","datePublished":"2026-04-26T08:57:15+00:00","breadcrumb":{"@id":"https:\/\/www.domtechnikpro.com\/index.php\/produkt\/motip-skoda-akrylovy-sprej-autolak-dokud-zasoby-vydrzi-32702\/#breadcrumb"},"inLanguage":"cs","potentialAction":[{"@type":"ReadAction","target":["https:\/\/www.domtechnikpro.com\/index.php\/produkt\/motip-skoda-akrylovy-sprej-autolak-dokud-zasoby-vydrzi-32702\/"]}]},{"@type":"ImageObject","inLanguage":"cs","@id":"https:\/\/www.domtechnikpro.com\/index.php\/produkt\/motip-skoda-akrylovy-sprej-autolak-dokud-zasoby-vydrzi-32702\/#primaryimage","url":"https:\/\/www.domtechnikpro.com\/wp-content\/uploads\/2026\/SK0001348-CZ20260425-092355-0-1777080235-26726_son-motip-skoda-program-sprej.webp","contentUrl":"https:\/\/www.domtechnikpro.com\/wp-content\/uploads\/2026\/SK0001348-CZ20260425-092355-0-1777080235-26726_son-motip-skoda-program-sprej.webp","width":1000,"height":750},{"@type":"BreadcrumbList","@id":"https:\/\/www.domtechnikpro.com\/index.php\/produkt\/motip-skoda-akrylovy-sprej-autolak-dokud-zasoby-vydrzi-32702\/#breadcrumb","itemListElement":[{"@type":"ListItem","position":1,"name":"Home","item":"https:\/\/www.domtechnikpro.com\/"},{"@type":"ListItem","position":2,"name":"Products","item":"https:\/\/www.domtechnikpro.com\/index.php\/products\/"},{"@type":"ListItem","position":3,"name":"Motip \u0160koda akrylov\u00fd sprej autolak Dokud Z\u00e1soby Vydr\u017e\u00ed"}]},{"@type":"WebSite","@id":"https:\/\/www.domtechnikpro.com\/#website","url":"https:\/\/www.domtechnikpro.com\/","name":"","description":"","potentialAction":[{"@type":"SearchAction","target":{"@type":"EntryPoint","urlTemplate":"https:\/\/www.domtechnikpro.com\/?s={search_term_string}"},"query-input":{"@type":"PropertyValueSpecification","valueRequired":true,"valueName":"search_term_string"}}],"inLanguage":"cs"}]}},"_links":{"self":[{"href":"https:\/\/www.domtechnikpro.com\/index.php\/wp-json\/wp\/v2\/product\/32702","targetHints":{"allow":["GET"]}}],"collection":[{"href":"https:\/\/www.domtechnikpro.com\/index.php\/wp-json\/wp\/v2\/product"}],"about":[{"href":"https:\/\/www.domtechnikpro.com\/index.php\/wp-json\/wp\/v2\/types\/product"}],"replies":[{"embeddable":true,"href":"https:\/\/www.domtechnikpro.com\/index.php\/wp-json\/wp\/v2\/comments?post=32702"}],"wp:featuredmedia":[{"embeddable":true,"href":"https:\/\/www.domtechnikpro.com\/index.php\/wp-json\/wp\/v2\/media\/32802"}],"wp:attachment":[{"href":"https:\/\/www.domtechnikpro.com\/index.php\/wp-json\/wp\/v2\/media?parent=32702"}],"wp:term":[{"taxonomy":"product_brand","embeddable":true,"href":"https:\/\/www.domtechnikpro.com\/index.php\/wp-json\/wp\/v2\/product_brand?post=32702"},{"taxonomy":"product_cat","embeddable":true,"href":"https:\/\/www.domtechnikpro.com\/index.php\/wp-json\/wp\/v2\/product_cat?post=32702"},{"taxonomy":"product_tag","embeddable":true,"href":"https:\/\/www.domtechnikpro.com\/index.php\/wp-json\/wp\/v2\/product_tag?post=32702"}],"curies":[{"name":"wp","href":"https:\/\/api.w.org\/{rel}","templated":true}]}}