{"id":32700,"date":"2026-04-26T08:57:15","date_gmt":"2026-04-26T08:57:15","guid":{"rendered":""},"modified":"2026-04-26T08:57:15","modified_gmt":"2026-04-26T08:57:15","slug":"must-have-motip-sprayplast-32700","status":"publish","type":"product","link":"https:\/\/www.domtechnikpro.com\/index.php\/produkt\/must-have-motip-sprayplast-32700\/","title":{"rendered":"Must-Have Motip Sprayplast"},"content":{"rendered":"<div class=\"basic-description\">\n<h3>Detailn\u00ed popis produktu<\/h3>\n<p>                                    SprayPlast neboli tak\u00e9 naz\u00fdvan\u00fd PlastiDip je v\u00edce\u00fa\u010delov\u00fd syntetick\u00fd gumov\u00fd n\u00e1t\u011br s vysokou flexibilitou, kter\u00fd lze jednodu\u0161e nan\u00e1\u0161et na o\u010di\u0161t\u011bn\u00fd a odma\u0161t\u011bn\u00fd povrch.<br \/>Lze pou\u017e\u00edt jako optick\u00fd tuning vozidel na disky kol, vn\u011bj\u0161\u00ed zrc\u00e1tka, spojlery, podb\u011bhy kol a mnoho dal\u0161\u00edch dopl\u0148k\u016f na aut\u011b, motociklu, n\u00e1kladn\u00edm automobilu, dod\u00e1vce, lodi, karavanu a jinde.<br \/>Lze jej tak\u00e9 pou\u017e\u00edt na ochrann\u00e9 n\u00e1t\u011bry v dom\u00e1cnosti a hobby \u010dinnostech na hlin\u00edkov\u00e9 nebo ocelov\u00e9 r\u00e1my, z\u00e1bradl\u00ed, m\u0159\u00ed\u017ee, aj.<br \/>Jako do\u010dasnou zm\u011bnu designu a z\u00e1rove\u0148 ochranu origin\u00e1ln\u00edho laku na kole, kolob\u011b\u017ece, sk\u016ftru a i jinde.<br \/>Krom\u011b toho lze SprayPlast aplikovat na v\u0161echny hladk\u00e9 povrchy, jako je kov, sklo nebo plast.<br \/>Lze zm\u011bnit barvu t\u00e9m\u011b\u0159 \u010dehokoli.<br \/>Vlastnosti v\u00fdrobku, kter\u00e9 V\u00e1s p\u0159esv\u011bt\u010d\u00ed :<br \/>&#8211; jednodu\u0161e a rychle aplikovateln\u00fd potah<br \/>-barevn\u00e1 pru\u017en\u00e1 f\u00f3lie pro rychlou zm\u011bnu designu<br \/>&#8211;  variabiln\u00ed nan\u00e1\u0161en\u00ed : n\u00e1st\u0159ik sprejem, st\u0159\u00edk\u00e1n\u00ed pistol\u00ed, nat\u00edr\u00e1n\u00ed \u0161t\u011btcem &#8230;.<br \/>&#8211; odoln\u00fd p\u0159i myt\u00ed, nemus\u00edte se b\u00e1t pou\u017e\u00edt tlakovou my\u010dku do 130 bar<br \/>&#8211; odoln\u00fd proti soli, olej\u016fm a jin\u00fdm mazadl\u016fm<br \/>&#8211; lze opakovan\u011b p\u0159et\u00edrat, to znamen\u00e1 jednoduchou opravu p\u0159\u00edpadn\u00e9ho po\u0161kozen\u00ed                            <\/div>\n<div class=\"extended-description\">\n<h3>Dopl\u0148kov\u00e9 parametry<\/h3>\n<table class=\"detail-parameters\">\n<tbody>\n<tr>\n<th>        <span class=\"row-header-label\">            Kategorie<span class=\"row-header-label-colon\">:<\/span>        <\/span>    <\/th>\n<td>        Automoto spreje    <\/td>\n<\/tr>\n<\/tbody>\n<\/table><\/div>\n<\/p><\/div>\n<\/p><\/div>\n","protected":false},"excerpt":{"rendered":"<p>Detailn\u00ed popis produktu SprayPlast neboli tak\u00e9 naz\u00fdvan\u00fd PlastiDip je v\u00edce\u00fa\u010delov\u00fd syntetick\u00fd gumov\u00fd n\u00e1t\u011br s vysokou flexibilitou, kter\u00fd lze jednodu\u0161e nan\u00e1\u0161et na o\u010di\u0161t\u011bn\u00fd a odma\u0161t\u011bn\u00fd povrch.Lze pou\u017e\u00edt jako optick\u00fd tuning vozidel na disky kol, vn\u011bj\u0161\u00ed zrc\u00e1tka, spojlery, podb\u011bhy kol a mnoho dal\u0161\u00edch dopl\u0148k\u016f na aut\u011b, motociklu, n\u00e1kladn\u00edm automobilu, dod\u00e1vce, lodi, karavanu a jinde.Lze jej tak\u00e9 pou\u017e\u00edt [&hellip;]<\/p>\n","protected":false},"featured_media":32800,"comment_status":"open","ping_status":"open","template":"","meta":[],"product_brand":[],"product_cat":[122],"product_tag":[],"class_list":{"0":"post-32700","1":"product","2":"type-product","3":"status-publish","4":"has-post-thumbnail","6":"product_cat-barvy-laky-lazury","8":"first","9":"instock","10":"sale","11":"shipping-taxable","12":"purchasable","13":"product-type-simple"},"yoast_head":"<!-- This site is optimized with the Yoast SEO plugin v26.8 - https:\/\/yoast.com\/product\/yoast-seo-wordpress\/ -->\n<title>Must-Have Motip Sprayplast -<\/title>\n<meta name=\"robots\" content=\"index, follow, max-snippet:-1, max-image-preview:large, max-video-preview:-1\" \/>\n<link rel=\"canonical\" href=\"https:\/\/www.domtechnikpro.com\/index.php\/produkt\/must-have-motip-sprayplast-32700\/\" \/>\n<meta property=\"og:locale\" content=\"cs_CZ\" \/>\n<meta property=\"og:type\" content=\"article\" \/>\n<meta property=\"og:title\" content=\"Must-Have Motip Sprayplast -\" \/>\n<meta property=\"og:description\" content=\"Detailn\u00ed popis produktu SprayPlast neboli tak\u00e9 naz\u00fdvan\u00fd PlastiDip je v\u00edce\u00fa\u010delov\u00fd syntetick\u00fd gumov\u00fd n\u00e1t\u011br s vysokou flexibilitou, kter\u00fd lze jednodu\u0161e nan\u00e1\u0161et na o\u010di\u0161t\u011bn\u00fd a odma\u0161t\u011bn\u00fd povrch.Lze pou\u017e\u00edt jako optick\u00fd tuning vozidel na disky kol, vn\u011bj\u0161\u00ed zrc\u00e1tka, spojlery, podb\u011bhy kol a mnoho dal\u0161\u00edch dopl\u0148k\u016f na aut\u011b, motociklu, n\u00e1kladn\u00edm automobilu, dod\u00e1vce, lodi, karavanu a jinde.Lze jej tak\u00e9 pou\u017e\u00edt [&hellip;]\" \/>\n<meta property=\"og:url\" content=\"https:\/\/www.domtechnikpro.com\/index.php\/produkt\/must-have-motip-sprayplast-32700\/\" \/>\n<meta property=\"og:image\" content=\"https:\/\/www.domtechnikpro.com\/wp-content\/uploads\/2026\/SK0001346-CZ20260425-092355-0-1777080235-26720_motip-sprayplast.webp\" \/>\n\t<meta property=\"og:image:width\" content=\"1000\" \/>\n\t<meta property=\"og:image:height\" content=\"750\" \/>\n\t<meta property=\"og:image:type\" content=\"image\/webp\" \/>\n<meta name=\"twitter:card\" content=\"summary_large_image\" \/>\n<meta name=\"twitter:label1\" content=\"Odhadovan\u00e1 doba \u010dten\u00ed\" \/>\n\t<meta name=\"twitter:data1\" content=\"1 minuta\" \/>\n<script type=\"application\/ld+json\" class=\"yoast-schema-graph\">{\"@context\":\"https:\/\/schema.org\",\"@graph\":[{\"@type\":\"WebPage\",\"@id\":\"https:\/\/www.domtechnikpro.com\/index.php\/produkt\/must-have-motip-sprayplast-32700\/\",\"url\":\"https:\/\/www.domtechnikpro.com\/index.php\/produkt\/must-have-motip-sprayplast-32700\/\",\"name\":\"Must-Have Motip Sprayplast -\",\"isPartOf\":{\"@id\":\"https:\/\/www.domtechnikpro.com\/#website\"},\"primaryImageOfPage\":{\"@id\":\"https:\/\/www.domtechnikpro.com\/index.php\/produkt\/must-have-motip-sprayplast-32700\/#primaryimage\"},\"image\":{\"@id\":\"https:\/\/www.domtechnikpro.com\/index.php\/produkt\/must-have-motip-sprayplast-32700\/#primaryimage\"},\"thumbnailUrl\":\"https:\/\/www.domtechnikpro.com\/wp-content\/uploads\/2026\/SK0001346-CZ20260425-092355-0-1777080235-26720_motip-sprayplast.webp\",\"datePublished\":\"2026-04-26T08:57:15+00:00\",\"breadcrumb\":{\"@id\":\"https:\/\/www.domtechnikpro.com\/index.php\/produkt\/must-have-motip-sprayplast-32700\/#breadcrumb\"},\"inLanguage\":\"cs\",\"potentialAction\":[{\"@type\":\"ReadAction\",\"target\":[\"https:\/\/www.domtechnikpro.com\/index.php\/produkt\/must-have-motip-sprayplast-32700\/\"]}]},{\"@type\":\"ImageObject\",\"inLanguage\":\"cs\",\"@id\":\"https:\/\/www.domtechnikpro.com\/index.php\/produkt\/must-have-motip-sprayplast-32700\/#primaryimage\",\"url\":\"https:\/\/www.domtechnikpro.com\/wp-content\/uploads\/2026\/SK0001346-CZ20260425-092355-0-1777080235-26720_motip-sprayplast.webp\",\"contentUrl\":\"https:\/\/www.domtechnikpro.com\/wp-content\/uploads\/2026\/SK0001346-CZ20260425-092355-0-1777080235-26720_motip-sprayplast.webp\",\"width\":1000,\"height\":750},{\"@type\":\"BreadcrumbList\",\"@id\":\"https:\/\/www.domtechnikpro.com\/index.php\/produkt\/must-have-motip-sprayplast-32700\/#breadcrumb\",\"itemListElement\":[{\"@type\":\"ListItem\",\"position\":1,\"name\":\"Home\",\"item\":\"https:\/\/www.domtechnikpro.com\/\"},{\"@type\":\"ListItem\",\"position\":2,\"name\":\"Products\",\"item\":\"https:\/\/www.domtechnikpro.com\/index.php\/products\/\"},{\"@type\":\"ListItem\",\"position\":3,\"name\":\"Must-Have Motip Sprayplast\"}]},{\"@type\":\"WebSite\",\"@id\":\"https:\/\/www.domtechnikpro.com\/#website\",\"url\":\"https:\/\/www.domtechnikpro.com\/\",\"name\":\"\",\"description\":\"\",\"potentialAction\":[{\"@type\":\"SearchAction\",\"target\":{\"@type\":\"EntryPoint\",\"urlTemplate\":\"https:\/\/www.domtechnikpro.com\/?s={search_term_string}\"},\"query-input\":{\"@type\":\"PropertyValueSpecification\",\"valueRequired\":true,\"valueName\":\"search_term_string\"}}],\"inLanguage\":\"cs\"}]}<\/script>\n<!-- \/ Yoast SEO plugin. -->","yoast_head_json":{"title":"Must-Have Motip Sprayplast -","robots":{"index":"index","follow":"follow","max-snippet":"max-snippet:-1","max-image-preview":"max-image-preview:large","max-video-preview":"max-video-preview:-1"},"canonical":"https:\/\/www.domtechnikpro.com\/index.php\/produkt\/must-have-motip-sprayplast-32700\/","og_locale":"cs_CZ","og_type":"article","og_title":"Must-Have Motip Sprayplast -","og_description":"Detailn\u00ed popis produktu SprayPlast neboli tak\u00e9 naz\u00fdvan\u00fd PlastiDip je v\u00edce\u00fa\u010delov\u00fd syntetick\u00fd gumov\u00fd n\u00e1t\u011br s vysokou flexibilitou, kter\u00fd lze jednodu\u0161e nan\u00e1\u0161et na o\u010di\u0161t\u011bn\u00fd a odma\u0161t\u011bn\u00fd povrch.Lze pou\u017e\u00edt jako optick\u00fd tuning vozidel na disky kol, vn\u011bj\u0161\u00ed zrc\u00e1tka, spojlery, podb\u011bhy kol a mnoho dal\u0161\u00edch dopl\u0148k\u016f na aut\u011b, motociklu, n\u00e1kladn\u00edm automobilu, dod\u00e1vce, lodi, karavanu a jinde.Lze jej tak\u00e9 pou\u017e\u00edt [&hellip;]","og_url":"https:\/\/www.domtechnikpro.com\/index.php\/produkt\/must-have-motip-sprayplast-32700\/","og_image":[{"width":1000,"height":750,"url":"https:\/\/www.domtechnikpro.com\/wp-content\/uploads\/2026\/SK0001346-CZ20260425-092355-0-1777080235-26720_motip-sprayplast.webp","type":"image\/webp"}],"twitter_card":"summary_large_image","twitter_misc":{"Odhadovan\u00e1 doba \u010dten\u00ed":"1 minuta"},"schema":{"@context":"https:\/\/schema.org","@graph":[{"@type":"WebPage","@id":"https:\/\/www.domtechnikpro.com\/index.php\/produkt\/must-have-motip-sprayplast-32700\/","url":"https:\/\/www.domtechnikpro.com\/index.php\/produkt\/must-have-motip-sprayplast-32700\/","name":"Must-Have Motip Sprayplast -","isPartOf":{"@id":"https:\/\/www.domtechnikpro.com\/#website"},"primaryImageOfPage":{"@id":"https:\/\/www.domtechnikpro.com\/index.php\/produkt\/must-have-motip-sprayplast-32700\/#primaryimage"},"image":{"@id":"https:\/\/www.domtechnikpro.com\/index.php\/produkt\/must-have-motip-sprayplast-32700\/#primaryimage"},"thumbnailUrl":"https:\/\/www.domtechnikpro.com\/wp-content\/uploads\/2026\/SK0001346-CZ20260425-092355-0-1777080235-26720_motip-sprayplast.webp","datePublished":"2026-04-26T08:57:15+00:00","breadcrumb":{"@id":"https:\/\/www.domtechnikpro.com\/index.php\/produkt\/must-have-motip-sprayplast-32700\/#breadcrumb"},"inLanguage":"cs","potentialAction":[{"@type":"ReadAction","target":["https:\/\/www.domtechnikpro.com\/index.php\/produkt\/must-have-motip-sprayplast-32700\/"]}]},{"@type":"ImageObject","inLanguage":"cs","@id":"https:\/\/www.domtechnikpro.com\/index.php\/produkt\/must-have-motip-sprayplast-32700\/#primaryimage","url":"https:\/\/www.domtechnikpro.com\/wp-content\/uploads\/2026\/SK0001346-CZ20260425-092355-0-1777080235-26720_motip-sprayplast.webp","contentUrl":"https:\/\/www.domtechnikpro.com\/wp-content\/uploads\/2026\/SK0001346-CZ20260425-092355-0-1777080235-26720_motip-sprayplast.webp","width":1000,"height":750},{"@type":"BreadcrumbList","@id":"https:\/\/www.domtechnikpro.com\/index.php\/produkt\/must-have-motip-sprayplast-32700\/#breadcrumb","itemListElement":[{"@type":"ListItem","position":1,"name":"Home","item":"https:\/\/www.domtechnikpro.com\/"},{"@type":"ListItem","position":2,"name":"Products","item":"https:\/\/www.domtechnikpro.com\/index.php\/products\/"},{"@type":"ListItem","position":3,"name":"Must-Have Motip Sprayplast"}]},{"@type":"WebSite","@id":"https:\/\/www.domtechnikpro.com\/#website","url":"https:\/\/www.domtechnikpro.com\/","name":"","description":"","potentialAction":[{"@type":"SearchAction","target":{"@type":"EntryPoint","urlTemplate":"https:\/\/www.domtechnikpro.com\/?s={search_term_string}"},"query-input":{"@type":"PropertyValueSpecification","valueRequired":true,"valueName":"search_term_string"}}],"inLanguage":"cs"}]}},"_links":{"self":[{"href":"https:\/\/www.domtechnikpro.com\/index.php\/wp-json\/wp\/v2\/product\/32700","targetHints":{"allow":["GET"]}}],"collection":[{"href":"https:\/\/www.domtechnikpro.com\/index.php\/wp-json\/wp\/v2\/product"}],"about":[{"href":"https:\/\/www.domtechnikpro.com\/index.php\/wp-json\/wp\/v2\/types\/product"}],"replies":[{"embeddable":true,"href":"https:\/\/www.domtechnikpro.com\/index.php\/wp-json\/wp\/v2\/comments?post=32700"}],"wp:featuredmedia":[{"embeddable":true,"href":"https:\/\/www.domtechnikpro.com\/index.php\/wp-json\/wp\/v2\/media\/32800"}],"wp:attachment":[{"href":"https:\/\/www.domtechnikpro.com\/index.php\/wp-json\/wp\/v2\/media?parent=32700"}],"wp:term":[{"taxonomy":"product_brand","embeddable":true,"href":"https:\/\/www.domtechnikpro.com\/index.php\/wp-json\/wp\/v2\/product_brand?post=32700"},{"taxonomy":"product_cat","embeddable":true,"href":"https:\/\/www.domtechnikpro.com\/index.php\/wp-json\/wp\/v2\/product_cat?post=32700"},{"taxonomy":"product_tag","embeddable":true,"href":"https:\/\/www.domtechnikpro.com\/index.php\/wp-json\/wp\/v2\/product_tag?post=32700"}],"curies":[{"name":"wp","href":"https:\/\/api.w.org\/{rel}","templated":true}]}}