{"id":32699,"date":"2026-04-26T08:57:15","date_gmt":"2026-04-26T08:57:15","guid":{"rendered":""},"modified":"2026-04-26T08:57:15","modified_gmt":"2026-04-26T08:57:15","slug":"motip-silikon-akcni-nabidka-32699","status":"publish","type":"product","link":"https:\/\/www.domtechnikpro.com\/index.php\/produkt\/motip-silikon-akcni-nabidka-32699\/","title":{"rendered":"Motip Silikon Ak\u010dn\u00ed Nab\u00eddka"},"content":{"rendered":"<div class=\"basic-description\">\n<h3>Detailn\u00ed popis produktu<\/h3>\n<p>                                    Silikonov\u00fd sprej pro pou\u017eit\u00ed na:<br \/>Ochranu elektrick\u00fdch kontakt\u016f p\u0159ed vhlkost\u00ed a koroz\u00ed.<br \/>Promaz\u00e1n\u00ed kolejnic sedadel, op\u011brek hlav a st\u0159e\u0161n\u00edch oken.<br \/>Zachov\u00e1n\u00ed flexibility gumy ve dve\u0159\u00edch. <br \/>Studen\u00e9 a tepl\u00e9 vodn\u00ed ventily v topn\u00fdch syst\u00e9mech a soci\u00e1ln\u00edm za\u0159\u00edzen\u00edm.<\/p>\n<p>Vlastnosti:<br \/>Vynikaj\u00edc\u00ed p\u0159ilnavost.<br \/>Vodu odpuzuj\u00edc\u00ed.<br \/>Zabra\u0148uje zamrz\u00e1n\u00ed a vysych\u00e1n\u00ed pry\u017eov\u00fdch d\u00edl\u016f.<br \/>Zabra\u0148uje sk\u0159\u00edp\u00e1n\u00ed a p\u00edsk\u00e1n\u00ed plastov\u00fdch d\u00edl\u016f.<br \/>Vynikaj\u00edc\u00ed mechanick\u00e1 a tepeln\u00e1 stabilita.<br \/>Odoln\u00fd proti pov\u011btrnostn\u00edm vliv\u016fm.<br \/>Odoln\u00fd v\u016f\u010di slab\u00fdm kyselin\u00e1m a z\u00e1sad\u00e1m.<br \/>360\u00b0 speci\u00e1ln\u00ed ventil, pro pou\u017eit\u00ed ze v\u0161ech \u00fahl\u016f.                            <\/div>\n<div class=\"extended-description\">\n<h3>Dopl\u0148kov\u00e9 parametry<\/h3>\n<table class=\"detail-parameters\">\n<tbody>\n<tr>\n<th>        <span class=\"row-header-label\">            Kategorie<span class=\"row-header-label-colon\">:<\/span>        <\/span>    <\/th>\n<td>        Vrchn\u00ed barvy ve spreji    <\/td>\n<\/tr>\n<\/tbody>\n<\/table><\/div>\n<\/p><\/div>\n<\/p><\/div>\n","protected":false},"excerpt":{"rendered":"<p>Detailn\u00ed popis produktu Silikonov\u00fd sprej pro pou\u017eit\u00ed na:Ochranu elektrick\u00fdch kontakt\u016f p\u0159ed vhlkost\u00ed a koroz\u00ed.Promaz\u00e1n\u00ed kolejnic sedadel, op\u011brek hlav a st\u0159e\u0161n\u00edch oken.Zachov\u00e1n\u00ed flexibility gumy ve dve\u0159\u00edch. Studen\u00e9 a tepl\u00e9 vodn\u00ed ventily v topn\u00fdch syst\u00e9mech a soci\u00e1ln\u00edm za\u0159\u00edzen\u00edm. Vlastnosti:Vynikaj\u00edc\u00ed p\u0159ilnavost.Vodu odpuzuj\u00edc\u00ed.Zabra\u0148uje zamrz\u00e1n\u00ed a vysych\u00e1n\u00ed pry\u017eov\u00fdch d\u00edl\u016f.Zabra\u0148uje sk\u0159\u00edp\u00e1n\u00ed a p\u00edsk\u00e1n\u00ed plastov\u00fdch d\u00edl\u016f.Vynikaj\u00edc\u00ed mechanick\u00e1 a tepeln\u00e1 stabilita.Odoln\u00fd proti pov\u011btrnostn\u00edm [&hellip;]<\/p>\n","protected":false},"featured_media":32799,"comment_status":"open","ping_status":"open","template":"","meta":[],"product_brand":[],"product_cat":[122],"product_tag":[],"class_list":{"0":"post-32699","1":"product","2":"type-product","3":"status-publish","4":"has-post-thumbnail","6":"product_cat-barvy-laky-lazury","8":"first","9":"instock","10":"sale","11":"shipping-taxable","12":"purchasable","13":"product-type-simple"},"yoast_head":"<!-- This site is optimized with the Yoast SEO plugin v26.8 - https:\/\/yoast.com\/product\/yoast-seo-wordpress\/ -->\n<title>Motip Silikon Ak\u010dn\u00ed Nab\u00eddka -<\/title>\n<meta name=\"robots\" content=\"index, follow, max-snippet:-1, max-image-preview:large, max-video-preview:-1\" \/>\n<link rel=\"canonical\" href=\"https:\/\/www.domtechnikpro.com\/index.php\/produkt\/motip-silikon-akcni-nabidka-32699\/\" \/>\n<meta property=\"og:locale\" content=\"cs_CZ\" \/>\n<meta property=\"og:type\" content=\"article\" \/>\n<meta property=\"og:title\" content=\"Motip Silikon Ak\u010dn\u00ed Nab\u00eddka -\" \/>\n<meta property=\"og:description\" content=\"Detailn\u00ed popis produktu Silikonov\u00fd sprej pro pou\u017eit\u00ed na:Ochranu elektrick\u00fdch kontakt\u016f p\u0159ed vhlkost\u00ed a koroz\u00ed.Promaz\u00e1n\u00ed kolejnic sedadel, op\u011brek hlav a st\u0159e\u0161n\u00edch oken.Zachov\u00e1n\u00ed flexibility gumy ve dve\u0159\u00edch. Studen\u00e9 a tepl\u00e9 vodn\u00ed ventily v topn\u00fdch syst\u00e9mech a soci\u00e1ln\u00edm za\u0159\u00edzen\u00edm. Vlastnosti:Vynikaj\u00edc\u00ed p\u0159ilnavost.Vodu odpuzuj\u00edc\u00ed.Zabra\u0148uje zamrz\u00e1n\u00ed a vysych\u00e1n\u00ed pry\u017eov\u00fdch d\u00edl\u016f.Zabra\u0148uje sk\u0159\u00edp\u00e1n\u00ed a p\u00edsk\u00e1n\u00ed plastov\u00fdch d\u00edl\u016f.Vynikaj\u00edc\u00ed mechanick\u00e1 a tepeln\u00e1 stabilita.Odoln\u00fd proti pov\u011btrnostn\u00edm [&hellip;]\" \/>\n<meta property=\"og:url\" content=\"https:\/\/www.domtechnikpro.com\/index.php\/produkt\/motip-silikon-akcni-nabidka-32699\/\" \/>\n<meta property=\"og:image\" content=\"https:\/\/www.domtechnikpro.com\/wp-content\/uploads\/2026\/SK0001345-CZ20260425-092355-0-1777080235-26717_motip-silikon-sprej.webp\" \/>\n\t<meta property=\"og:image:width\" content=\"1000\" \/>\n\t<meta property=\"og:image:height\" content=\"750\" \/>\n\t<meta property=\"og:image:type\" content=\"image\/webp\" \/>\n<meta name=\"twitter:card\" content=\"summary_large_image\" \/>\n<meta name=\"twitter:label1\" content=\"Odhadovan\u00e1 doba \u010dten\u00ed\" \/>\n\t<meta name=\"twitter:data1\" content=\"1 minuta\" \/>\n<script type=\"application\/ld+json\" class=\"yoast-schema-graph\">{\"@context\":\"https:\/\/schema.org\",\"@graph\":[{\"@type\":\"WebPage\",\"@id\":\"https:\/\/www.domtechnikpro.com\/index.php\/produkt\/motip-silikon-akcni-nabidka-32699\/\",\"url\":\"https:\/\/www.domtechnikpro.com\/index.php\/produkt\/motip-silikon-akcni-nabidka-32699\/\",\"name\":\"Motip Silikon Ak\u010dn\u00ed Nab\u00eddka -\",\"isPartOf\":{\"@id\":\"https:\/\/www.domtechnikpro.com\/#website\"},\"primaryImageOfPage\":{\"@id\":\"https:\/\/www.domtechnikpro.com\/index.php\/produkt\/motip-silikon-akcni-nabidka-32699\/#primaryimage\"},\"image\":{\"@id\":\"https:\/\/www.domtechnikpro.com\/index.php\/produkt\/motip-silikon-akcni-nabidka-32699\/#primaryimage\"},\"thumbnailUrl\":\"https:\/\/www.domtechnikpro.com\/wp-content\/uploads\/2026\/SK0001345-CZ20260425-092355-0-1777080235-26717_motip-silikon-sprej.webp\",\"datePublished\":\"2026-04-26T08:57:15+00:00\",\"breadcrumb\":{\"@id\":\"https:\/\/www.domtechnikpro.com\/index.php\/produkt\/motip-silikon-akcni-nabidka-32699\/#breadcrumb\"},\"inLanguage\":\"cs\",\"potentialAction\":[{\"@type\":\"ReadAction\",\"target\":[\"https:\/\/www.domtechnikpro.com\/index.php\/produkt\/motip-silikon-akcni-nabidka-32699\/\"]}]},{\"@type\":\"ImageObject\",\"inLanguage\":\"cs\",\"@id\":\"https:\/\/www.domtechnikpro.com\/index.php\/produkt\/motip-silikon-akcni-nabidka-32699\/#primaryimage\",\"url\":\"https:\/\/www.domtechnikpro.com\/wp-content\/uploads\/2026\/SK0001345-CZ20260425-092355-0-1777080235-26717_motip-silikon-sprej.webp\",\"contentUrl\":\"https:\/\/www.domtechnikpro.com\/wp-content\/uploads\/2026\/SK0001345-CZ20260425-092355-0-1777080235-26717_motip-silikon-sprej.webp\",\"width\":1000,\"height\":750},{\"@type\":\"BreadcrumbList\",\"@id\":\"https:\/\/www.domtechnikpro.com\/index.php\/produkt\/motip-silikon-akcni-nabidka-32699\/#breadcrumb\",\"itemListElement\":[{\"@type\":\"ListItem\",\"position\":1,\"name\":\"Home\",\"item\":\"https:\/\/www.domtechnikpro.com\/\"},{\"@type\":\"ListItem\",\"position\":2,\"name\":\"Products\",\"item\":\"https:\/\/www.domtechnikpro.com\/index.php\/products\/\"},{\"@type\":\"ListItem\",\"position\":3,\"name\":\"Motip Silikon Ak\u010dn\u00ed Nab\u00eddka\"}]},{\"@type\":\"WebSite\",\"@id\":\"https:\/\/www.domtechnikpro.com\/#website\",\"url\":\"https:\/\/www.domtechnikpro.com\/\",\"name\":\"\",\"description\":\"\",\"potentialAction\":[{\"@type\":\"SearchAction\",\"target\":{\"@type\":\"EntryPoint\",\"urlTemplate\":\"https:\/\/www.domtechnikpro.com\/?s={search_term_string}\"},\"query-input\":{\"@type\":\"PropertyValueSpecification\",\"valueRequired\":true,\"valueName\":\"search_term_string\"}}],\"inLanguage\":\"cs\"}]}<\/script>\n<!-- \/ Yoast SEO plugin. -->","yoast_head_json":{"title":"Motip Silikon Ak\u010dn\u00ed Nab\u00eddka -","robots":{"index":"index","follow":"follow","max-snippet":"max-snippet:-1","max-image-preview":"max-image-preview:large","max-video-preview":"max-video-preview:-1"},"canonical":"https:\/\/www.domtechnikpro.com\/index.php\/produkt\/motip-silikon-akcni-nabidka-32699\/","og_locale":"cs_CZ","og_type":"article","og_title":"Motip Silikon Ak\u010dn\u00ed Nab\u00eddka -","og_description":"Detailn\u00ed popis produktu Silikonov\u00fd sprej pro pou\u017eit\u00ed na:Ochranu elektrick\u00fdch kontakt\u016f p\u0159ed vhlkost\u00ed a koroz\u00ed.Promaz\u00e1n\u00ed kolejnic sedadel, op\u011brek hlav a st\u0159e\u0161n\u00edch oken.Zachov\u00e1n\u00ed flexibility gumy ve dve\u0159\u00edch. Studen\u00e9 a tepl\u00e9 vodn\u00ed ventily v topn\u00fdch syst\u00e9mech a soci\u00e1ln\u00edm za\u0159\u00edzen\u00edm. Vlastnosti:Vynikaj\u00edc\u00ed p\u0159ilnavost.Vodu odpuzuj\u00edc\u00ed.Zabra\u0148uje zamrz\u00e1n\u00ed a vysych\u00e1n\u00ed pry\u017eov\u00fdch d\u00edl\u016f.Zabra\u0148uje sk\u0159\u00edp\u00e1n\u00ed a p\u00edsk\u00e1n\u00ed plastov\u00fdch d\u00edl\u016f.Vynikaj\u00edc\u00ed mechanick\u00e1 a tepeln\u00e1 stabilita.Odoln\u00fd proti pov\u011btrnostn\u00edm [&hellip;]","og_url":"https:\/\/www.domtechnikpro.com\/index.php\/produkt\/motip-silikon-akcni-nabidka-32699\/","og_image":[{"width":1000,"height":750,"url":"https:\/\/www.domtechnikpro.com\/wp-content\/uploads\/2026\/SK0001345-CZ20260425-092355-0-1777080235-26717_motip-silikon-sprej.webp","type":"image\/webp"}],"twitter_card":"summary_large_image","twitter_misc":{"Odhadovan\u00e1 doba \u010dten\u00ed":"1 minuta"},"schema":{"@context":"https:\/\/schema.org","@graph":[{"@type":"WebPage","@id":"https:\/\/www.domtechnikpro.com\/index.php\/produkt\/motip-silikon-akcni-nabidka-32699\/","url":"https:\/\/www.domtechnikpro.com\/index.php\/produkt\/motip-silikon-akcni-nabidka-32699\/","name":"Motip Silikon Ak\u010dn\u00ed Nab\u00eddka -","isPartOf":{"@id":"https:\/\/www.domtechnikpro.com\/#website"},"primaryImageOfPage":{"@id":"https:\/\/www.domtechnikpro.com\/index.php\/produkt\/motip-silikon-akcni-nabidka-32699\/#primaryimage"},"image":{"@id":"https:\/\/www.domtechnikpro.com\/index.php\/produkt\/motip-silikon-akcni-nabidka-32699\/#primaryimage"},"thumbnailUrl":"https:\/\/www.domtechnikpro.com\/wp-content\/uploads\/2026\/SK0001345-CZ20260425-092355-0-1777080235-26717_motip-silikon-sprej.webp","datePublished":"2026-04-26T08:57:15+00:00","breadcrumb":{"@id":"https:\/\/www.domtechnikpro.com\/index.php\/produkt\/motip-silikon-akcni-nabidka-32699\/#breadcrumb"},"inLanguage":"cs","potentialAction":[{"@type":"ReadAction","target":["https:\/\/www.domtechnikpro.com\/index.php\/produkt\/motip-silikon-akcni-nabidka-32699\/"]}]},{"@type":"ImageObject","inLanguage":"cs","@id":"https:\/\/www.domtechnikpro.com\/index.php\/produkt\/motip-silikon-akcni-nabidka-32699\/#primaryimage","url":"https:\/\/www.domtechnikpro.com\/wp-content\/uploads\/2026\/SK0001345-CZ20260425-092355-0-1777080235-26717_motip-silikon-sprej.webp","contentUrl":"https:\/\/www.domtechnikpro.com\/wp-content\/uploads\/2026\/SK0001345-CZ20260425-092355-0-1777080235-26717_motip-silikon-sprej.webp","width":1000,"height":750},{"@type":"BreadcrumbList","@id":"https:\/\/www.domtechnikpro.com\/index.php\/produkt\/motip-silikon-akcni-nabidka-32699\/#breadcrumb","itemListElement":[{"@type":"ListItem","position":1,"name":"Home","item":"https:\/\/www.domtechnikpro.com\/"},{"@type":"ListItem","position":2,"name":"Products","item":"https:\/\/www.domtechnikpro.com\/index.php\/products\/"},{"@type":"ListItem","position":3,"name":"Motip Silikon Ak\u010dn\u00ed Nab\u00eddka"}]},{"@type":"WebSite","@id":"https:\/\/www.domtechnikpro.com\/#website","url":"https:\/\/www.domtechnikpro.com\/","name":"","description":"","potentialAction":[{"@type":"SearchAction","target":{"@type":"EntryPoint","urlTemplate":"https:\/\/www.domtechnikpro.com\/?s={search_term_string}"},"query-input":{"@type":"PropertyValueSpecification","valueRequired":true,"valueName":"search_term_string"}}],"inLanguage":"cs"}]}},"_links":{"self":[{"href":"https:\/\/www.domtechnikpro.com\/index.php\/wp-json\/wp\/v2\/product\/32699","targetHints":{"allow":["GET"]}}],"collection":[{"href":"https:\/\/www.domtechnikpro.com\/index.php\/wp-json\/wp\/v2\/product"}],"about":[{"href":"https:\/\/www.domtechnikpro.com\/index.php\/wp-json\/wp\/v2\/types\/product"}],"replies":[{"embeddable":true,"href":"https:\/\/www.domtechnikpro.com\/index.php\/wp-json\/wp\/v2\/comments?post=32699"}],"wp:featuredmedia":[{"embeddable":true,"href":"https:\/\/www.domtechnikpro.com\/index.php\/wp-json\/wp\/v2\/media\/32799"}],"wp:attachment":[{"href":"https:\/\/www.domtechnikpro.com\/index.php\/wp-json\/wp\/v2\/media?parent=32699"}],"wp:term":[{"taxonomy":"product_brand","embeddable":true,"href":"https:\/\/www.domtechnikpro.com\/index.php\/wp-json\/wp\/v2\/product_brand?post=32699"},{"taxonomy":"product_cat","embeddable":true,"href":"https:\/\/www.domtechnikpro.com\/index.php\/wp-json\/wp\/v2\/product_cat?post=32699"},{"taxonomy":"product_tag","embeddable":true,"href":"https:\/\/www.domtechnikpro.com\/index.php\/wp-json\/wp\/v2\/product_tag?post=32699"}],"curies":[{"name":"wp","href":"https:\/\/api.w.org\/{rel}","templated":true}]}}