{"id":32588,"date":"2026-04-26T08:57:13","date_gmt":"2026-04-26T08:57:13","guid":{"rendered":""},"modified":"2026-04-26T08:57:13","modified_gmt":"2026-04-26T08:57:13","slug":"akcni-cena-motip-barva-na-motory-32588","status":"publish","type":"product","link":"https:\/\/www.domtechnikpro.com\/index.php\/produkt\/akcni-cena-motip-barva-na-motory-32588\/","title":{"rendered":"Ak\u010dn\u00ed Cena Motip Barva na motory"},"content":{"rendered":"<div class=\"basic-description\">\n<h3>Detailn\u00ed popis produktu<\/h3>\n<p>                                    Motip Barva na motory<br \/>lak je dostate\u010dn\u011b elastick\u00fd a t\u00edm odoln\u00fd v\u016f\u010di teplotn\u00edm v\u00fdkyv\u016fm. <br \/>Lak nab\u00edz\u00ed ochranu p\u0159ed koroz\u00ed, dlouhotrvaj\u00edc\u00ed lesk a sni\u017euje zachyt\u00e1v\u00e1n\u00ed ne\u010distot. <\/p>\n<p>Barva na motory z Tuning \u0159ady MOTIP je k dispozici v p\u011bti barv\u00e1ch:<\/p>\n<p>Barva na motory \u010dern\u00e1\tsprej 400 ml<br \/>Barva na motory \u010derven\u00e1\tsprej 400 ml<br \/>Barva na motory hlin\u00edkov\u00e1\tsprej 400 ml<br \/>Barva na motory modr\u00e1\tsprej 400 ml<br \/>Barva na motory zelen\u00e1\tsprej 400 ml                            <\/div>\n<div class=\"extended-description\">\n<h3>Dopl\u0148kov\u00e9 parametry<\/h3>\n<table class=\"detail-parameters\">\n<tbody>\n<tr>\n<th>        <span class=\"row-header-label\">            Kategorie<span class=\"row-header-label-colon\">:<\/span>        <\/span>    <\/th>\n<td>        Automoto spreje    <\/td>\n<\/tr>\n<\/tbody>\n<\/table><\/div>\n<\/p><\/div>\n<\/p><\/div>\n","protected":false},"excerpt":{"rendered":"<p>Detailn\u00ed popis produktu Motip Barva na motorylak je dostate\u010dn\u011b elastick\u00fd a t\u00edm odoln\u00fd v\u016f\u010di teplotn\u00edm v\u00fdkyv\u016fm. Lak nab\u00edz\u00ed ochranu p\u0159ed koroz\u00ed, dlouhotrvaj\u00edc\u00ed lesk a sni\u017euje zachyt\u00e1v\u00e1n\u00ed ne\u010distot. Barva na motory z Tuning \u0159ady MOTIP je k dispozici v p\u011bti barv\u00e1ch: Barva na motory \u010dern\u00e1 sprej 400 mlBarva na motory \u010derven\u00e1 sprej 400 mlBarva na motory [&hellip;]<\/p>\n","protected":false},"featured_media":32688,"comment_status":"open","ping_status":"open","template":"","meta":[],"product_brand":[],"product_cat":[122],"product_tag":[],"class_list":{"0":"post-32588","1":"product","2":"type-product","3":"status-publish","4":"has-post-thumbnail","6":"product_cat-barvy-laky-lazury","8":"first","9":"instock","10":"sale","11":"shipping-taxable","12":"purchasable","13":"product-type-simple"},"yoast_head":"<!-- This site is optimized with the Yoast SEO plugin v26.8 - https:\/\/yoast.com\/product\/yoast-seo-wordpress\/ -->\n<title>Ak\u010dn\u00ed Cena Motip Barva na motory -<\/title>\n<meta name=\"robots\" content=\"index, follow, max-snippet:-1, max-image-preview:large, max-video-preview:-1\" \/>\n<link rel=\"canonical\" href=\"https:\/\/www.domtechnikpro.com\/index.php\/produkt\/akcni-cena-motip-barva-na-motory-32588\/\" \/>\n<meta property=\"og:locale\" content=\"cs_CZ\" \/>\n<meta property=\"og:type\" content=\"article\" \/>\n<meta property=\"og:title\" content=\"Ak\u010dn\u00ed Cena Motip Barva na motory -\" \/>\n<meta property=\"og:description\" content=\"Detailn\u00ed popis produktu Motip Barva na motorylak je dostate\u010dn\u011b elastick\u00fd a t\u00edm odoln\u00fd v\u016f\u010di teplotn\u00edm v\u00fdkyv\u016fm. Lak nab\u00edz\u00ed ochranu p\u0159ed koroz\u00ed, dlouhotrvaj\u00edc\u00ed lesk a sni\u017euje zachyt\u00e1v\u00e1n\u00ed ne\u010distot. Barva na motory z Tuning \u0159ady MOTIP je k dispozici v p\u011bti barv\u00e1ch: Barva na motory \u010dern\u00e1 sprej 400 mlBarva na motory \u010derven\u00e1 sprej 400 mlBarva na motory [&hellip;]\" \/>\n<meta property=\"og:url\" content=\"https:\/\/www.domtechnikpro.com\/index.php\/produkt\/akcni-cena-motip-barva-na-motory-32588\/\" \/>\n<meta property=\"og:image\" content=\"https:\/\/www.domtechnikpro.com\/wp-content\/uploads\/2026\/SK0001334-CZ20260425-092355-0-1777080235-26675_motip-sprej-na-motory.webp\" \/>\n\t<meta property=\"og:image:width\" content=\"1000\" \/>\n\t<meta property=\"og:image:height\" content=\"750\" \/>\n\t<meta property=\"og:image:type\" content=\"image\/webp\" \/>\n<meta name=\"twitter:card\" content=\"summary_large_image\" \/>\n<script type=\"application\/ld+json\" class=\"yoast-schema-graph\">{\"@context\":\"https:\/\/schema.org\",\"@graph\":[{\"@type\":\"WebPage\",\"@id\":\"https:\/\/www.domtechnikpro.com\/index.php\/produkt\/akcni-cena-motip-barva-na-motory-32588\/\",\"url\":\"https:\/\/www.domtechnikpro.com\/index.php\/produkt\/akcni-cena-motip-barva-na-motory-32588\/\",\"name\":\"Ak\u010dn\u00ed Cena Motip Barva na motory -\",\"isPartOf\":{\"@id\":\"https:\/\/www.domtechnikpro.com\/#website\"},\"primaryImageOfPage\":{\"@id\":\"https:\/\/www.domtechnikpro.com\/index.php\/produkt\/akcni-cena-motip-barva-na-motory-32588\/#primaryimage\"},\"image\":{\"@id\":\"https:\/\/www.domtechnikpro.com\/index.php\/produkt\/akcni-cena-motip-barva-na-motory-32588\/#primaryimage\"},\"thumbnailUrl\":\"https:\/\/www.domtechnikpro.com\/wp-content\/uploads\/2026\/SK0001334-CZ20260425-092355-0-1777080235-26675_motip-sprej-na-motory.webp\",\"datePublished\":\"2026-04-26T08:57:13+00:00\",\"breadcrumb\":{\"@id\":\"https:\/\/www.domtechnikpro.com\/index.php\/produkt\/akcni-cena-motip-barva-na-motory-32588\/#breadcrumb\"},\"inLanguage\":\"cs\",\"potentialAction\":[{\"@type\":\"ReadAction\",\"target\":[\"https:\/\/www.domtechnikpro.com\/index.php\/produkt\/akcni-cena-motip-barva-na-motory-32588\/\"]}]},{\"@type\":\"ImageObject\",\"inLanguage\":\"cs\",\"@id\":\"https:\/\/www.domtechnikpro.com\/index.php\/produkt\/akcni-cena-motip-barva-na-motory-32588\/#primaryimage\",\"url\":\"https:\/\/www.domtechnikpro.com\/wp-content\/uploads\/2026\/SK0001334-CZ20260425-092355-0-1777080235-26675_motip-sprej-na-motory.webp\",\"contentUrl\":\"https:\/\/www.domtechnikpro.com\/wp-content\/uploads\/2026\/SK0001334-CZ20260425-092355-0-1777080235-26675_motip-sprej-na-motory.webp\",\"width\":1000,\"height\":750},{\"@type\":\"BreadcrumbList\",\"@id\":\"https:\/\/www.domtechnikpro.com\/index.php\/produkt\/akcni-cena-motip-barva-na-motory-32588\/#breadcrumb\",\"itemListElement\":[{\"@type\":\"ListItem\",\"position\":1,\"name\":\"Home\",\"item\":\"https:\/\/www.domtechnikpro.com\/\"},{\"@type\":\"ListItem\",\"position\":2,\"name\":\"Products\",\"item\":\"https:\/\/www.domtechnikpro.com\/index.php\/products\/\"},{\"@type\":\"ListItem\",\"position\":3,\"name\":\"Ak\u010dn\u00ed Cena Motip Barva na motory\"}]},{\"@type\":\"WebSite\",\"@id\":\"https:\/\/www.domtechnikpro.com\/#website\",\"url\":\"https:\/\/www.domtechnikpro.com\/\",\"name\":\"\",\"description\":\"\",\"potentialAction\":[{\"@type\":\"SearchAction\",\"target\":{\"@type\":\"EntryPoint\",\"urlTemplate\":\"https:\/\/www.domtechnikpro.com\/?s={search_term_string}\"},\"query-input\":{\"@type\":\"PropertyValueSpecification\",\"valueRequired\":true,\"valueName\":\"search_term_string\"}}],\"inLanguage\":\"cs\"}]}<\/script>\n<!-- \/ Yoast SEO plugin. -->","yoast_head_json":{"title":"Ak\u010dn\u00ed Cena Motip Barva na motory -","robots":{"index":"index","follow":"follow","max-snippet":"max-snippet:-1","max-image-preview":"max-image-preview:large","max-video-preview":"max-video-preview:-1"},"canonical":"https:\/\/www.domtechnikpro.com\/index.php\/produkt\/akcni-cena-motip-barva-na-motory-32588\/","og_locale":"cs_CZ","og_type":"article","og_title":"Ak\u010dn\u00ed Cena Motip Barva na motory -","og_description":"Detailn\u00ed popis produktu Motip Barva na motorylak je dostate\u010dn\u011b elastick\u00fd a t\u00edm odoln\u00fd v\u016f\u010di teplotn\u00edm v\u00fdkyv\u016fm. Lak nab\u00edz\u00ed ochranu p\u0159ed koroz\u00ed, dlouhotrvaj\u00edc\u00ed lesk a sni\u017euje zachyt\u00e1v\u00e1n\u00ed ne\u010distot. Barva na motory z Tuning \u0159ady MOTIP je k dispozici v p\u011bti barv\u00e1ch: Barva na motory \u010dern\u00e1 sprej 400 mlBarva na motory \u010derven\u00e1 sprej 400 mlBarva na motory [&hellip;]","og_url":"https:\/\/www.domtechnikpro.com\/index.php\/produkt\/akcni-cena-motip-barva-na-motory-32588\/","og_image":[{"width":1000,"height":750,"url":"https:\/\/www.domtechnikpro.com\/wp-content\/uploads\/2026\/SK0001334-CZ20260425-092355-0-1777080235-26675_motip-sprej-na-motory.webp","type":"image\/webp"}],"twitter_card":"summary_large_image","schema":{"@context":"https:\/\/schema.org","@graph":[{"@type":"WebPage","@id":"https:\/\/www.domtechnikpro.com\/index.php\/produkt\/akcni-cena-motip-barva-na-motory-32588\/","url":"https:\/\/www.domtechnikpro.com\/index.php\/produkt\/akcni-cena-motip-barva-na-motory-32588\/","name":"Ak\u010dn\u00ed Cena Motip Barva na motory -","isPartOf":{"@id":"https:\/\/www.domtechnikpro.com\/#website"},"primaryImageOfPage":{"@id":"https:\/\/www.domtechnikpro.com\/index.php\/produkt\/akcni-cena-motip-barva-na-motory-32588\/#primaryimage"},"image":{"@id":"https:\/\/www.domtechnikpro.com\/index.php\/produkt\/akcni-cena-motip-barva-na-motory-32588\/#primaryimage"},"thumbnailUrl":"https:\/\/www.domtechnikpro.com\/wp-content\/uploads\/2026\/SK0001334-CZ20260425-092355-0-1777080235-26675_motip-sprej-na-motory.webp","datePublished":"2026-04-26T08:57:13+00:00","breadcrumb":{"@id":"https:\/\/www.domtechnikpro.com\/index.php\/produkt\/akcni-cena-motip-barva-na-motory-32588\/#breadcrumb"},"inLanguage":"cs","potentialAction":[{"@type":"ReadAction","target":["https:\/\/www.domtechnikpro.com\/index.php\/produkt\/akcni-cena-motip-barva-na-motory-32588\/"]}]},{"@type":"ImageObject","inLanguage":"cs","@id":"https:\/\/www.domtechnikpro.com\/index.php\/produkt\/akcni-cena-motip-barva-na-motory-32588\/#primaryimage","url":"https:\/\/www.domtechnikpro.com\/wp-content\/uploads\/2026\/SK0001334-CZ20260425-092355-0-1777080235-26675_motip-sprej-na-motory.webp","contentUrl":"https:\/\/www.domtechnikpro.com\/wp-content\/uploads\/2026\/SK0001334-CZ20260425-092355-0-1777080235-26675_motip-sprej-na-motory.webp","width":1000,"height":750},{"@type":"BreadcrumbList","@id":"https:\/\/www.domtechnikpro.com\/index.php\/produkt\/akcni-cena-motip-barva-na-motory-32588\/#breadcrumb","itemListElement":[{"@type":"ListItem","position":1,"name":"Home","item":"https:\/\/www.domtechnikpro.com\/"},{"@type":"ListItem","position":2,"name":"Products","item":"https:\/\/www.domtechnikpro.com\/index.php\/products\/"},{"@type":"ListItem","position":3,"name":"Ak\u010dn\u00ed Cena Motip Barva na motory"}]},{"@type":"WebSite","@id":"https:\/\/www.domtechnikpro.com\/#website","url":"https:\/\/www.domtechnikpro.com\/","name":"","description":"","potentialAction":[{"@type":"SearchAction","target":{"@type":"EntryPoint","urlTemplate":"https:\/\/www.domtechnikpro.com\/?s={search_term_string}"},"query-input":{"@type":"PropertyValueSpecification","valueRequired":true,"valueName":"search_term_string"}}],"inLanguage":"cs"}]}},"_links":{"self":[{"href":"https:\/\/www.domtechnikpro.com\/index.php\/wp-json\/wp\/v2\/product\/32588","targetHints":{"allow":["GET"]}}],"collection":[{"href":"https:\/\/www.domtechnikpro.com\/index.php\/wp-json\/wp\/v2\/product"}],"about":[{"href":"https:\/\/www.domtechnikpro.com\/index.php\/wp-json\/wp\/v2\/types\/product"}],"replies":[{"embeddable":true,"href":"https:\/\/www.domtechnikpro.com\/index.php\/wp-json\/wp\/v2\/comments?post=32588"}],"wp:featuredmedia":[{"embeddable":true,"href":"https:\/\/www.domtechnikpro.com\/index.php\/wp-json\/wp\/v2\/media\/32688"}],"wp:attachment":[{"href":"https:\/\/www.domtechnikpro.com\/index.php\/wp-json\/wp\/v2\/media?parent=32588"}],"wp:term":[{"taxonomy":"product_brand","embeddable":true,"href":"https:\/\/www.domtechnikpro.com\/index.php\/wp-json\/wp\/v2\/product_brand?post=32588"},{"taxonomy":"product_cat","embeddable":true,"href":"https:\/\/www.domtechnikpro.com\/index.php\/wp-json\/wp\/v2\/product_cat?post=32588"},{"taxonomy":"product_tag","embeddable":true,"href":"https:\/\/www.domtechnikpro.com\/index.php\/wp-json\/wp\/v2\/product_tag?post=32588"}],"curies":[{"name":"wp","href":"https:\/\/api.w.org\/{rel}","templated":true}]}}