{"id":32163,"date":"2026-04-26T08:57:07","date_gmt":"2026-04-26T08:57:07","guid":{"rendered":""},"modified":"2026-04-26T08:57:07","modified_gmt":"2026-04-26T08:57:07","slug":"znackovy-mikrometr-trmenovy-75-100-mm-32163","status":"publish","type":"product","link":"https:\/\/www.domtechnikpro.com\/produkt\/znackovy-mikrometr-trmenovy-75-100-mm-32163\/","title":{"rendered":"Zna\u010dkov\u00fd Mikrometr t\u0159menov\u00fd 75-100 mm"},"content":{"rendered":"<table>\n<div class=\"tab-pane active product-description\" id=\"popis\" role=\"tabpanel\">\n<div class=\"short-description\" itemprop=\"description\"><\/div>\n<div class=\"description\">Smaltovan\u00fd t\u0159men a m\u011b\u0159\u00edc\u00ed dotyky z karbidu wolframu. Kvalitn\u00ed kovov\u00e9 t\u011blo s nastavovac\u00edm kl\u00ed\u010dem. Velikosti 25 &#8211; 50 mm\/1 &#8211; 2\u201d<br \/>a v\u011bt\u0161\u00ed dod\u00e1v\u00e1me s nastavovac\u00edm kalibrem. Vyrobeny dle BS 870.<\/p>\n<p>P\u0159esnost:<br \/>Rovinnost: 0.6 mm.<br \/>Rovnob\u011b\u017enost: (2 + L\/100) \u03bcm (zlomky zaokrouhleny dol\u016f).<br \/>P\u0159\u00edstrojov\u00e1 chyba: \u00b1(1 + L\/75) \u03bcm (zlomky zaokrouhleny nahoru).<br \/>L = maxim\u00e1ln\u00ed m\u011b\u0159ien\u00fd rozm\u011br.<\/div>\n<div class=\"parameters\">\n<tr>\n<td>D\u011blen\u00ed stupnice<\/td>\n<td>0,01 mm<\/td>\n<\/tr>\n<tr>\n<td>Rozsah<\/td>\n<td>75-100 mm<\/td>\n<\/tr><\/div>\n<\/table>\n","protected":false},"excerpt":{"rendered":"<p>Smaltovan\u00fd t\u0159men a m\u011b\u0159\u00edc\u00ed dotyky z karbidu wolframu. Kvalitn\u00ed kovov\u00e9 t\u011blo s nastavovac\u00edm kl\u00ed\u010dem. Velikosti 25 &#8211; 50 mm\/1 &#8211; 2\u201da v\u011bt\u0161\u00ed dod\u00e1v\u00e1me s nastavovac\u00edm kalibrem. Vyrobeny dle BS 870. P\u0159esnost:Rovinnost: 0.6 mm.Rovnob\u011b\u017enost: (2 + L\/100) \u03bcm (zlomky zaokrouhleny dol\u016f).P\u0159\u00edstrojov\u00e1 chyba: \u00b1(1 + L\/75) \u03bcm (zlomky zaokrouhleny nahoru).L = maxim\u00e1ln\u00ed m\u011b\u0159ien\u00fd rozm\u011br. D\u011blen\u00ed stupnice 0,01 [&hellip;]<\/p>\n","protected":false},"featured_media":32263,"comment_status":"open","ping_status":"open","template":"","meta":[],"product_brand":[],"product_cat":[63],"product_tag":[],"class_list":{"0":"post-32163","1":"product","2":"type-product","3":"status-publish","4":"has-post-thumbnail","6":"product_cat-naradi","8":"first","9":"instock","10":"sale","11":"shipping-taxable","12":"purchasable","13":"product-type-simple"},"yoast_head":"<!-- This site is optimized with the Yoast SEO plugin v26.8 - https:\/\/yoast.com\/product\/yoast-seo-wordpress\/ -->\n<title>Zna\u010dkov\u00fd Mikrometr t\u0159menov\u00fd 75-100 mm - Pr\u016fmyslov\u00e9 vybaven\u00ed a p\u0159\u00edslu\u0161enstv\u00ed<\/title>\n<meta name=\"robots\" content=\"index, follow, max-snippet:-1, max-image-preview:large, max-video-preview:-1\" \/>\n<link rel=\"canonical\" href=\"https:\/\/www.domtechnikpro.com\/index.php\/produkt\/znackovy-mikrometr-trmenovy-75-100-mm-32163\/\" \/>\n<meta property=\"og:locale\" content=\"cs_CZ\" \/>\n<meta property=\"og:type\" content=\"article\" \/>\n<meta property=\"og:title\" content=\"Zna\u010dkov\u00fd Mikrometr t\u0159menov\u00fd 75-100 mm - Pr\u016fmyslov\u00e9 vybaven\u00ed a p\u0159\u00edslu\u0161enstv\u00ed\" \/>\n<meta property=\"og:description\" content=\"Smaltovan\u00fd t\u0159men a m\u011b\u0159\u00edc\u00ed dotyky z karbidu wolframu. Kvalitn\u00ed kovov\u00e9 t\u011blo s nastavovac\u00edm kl\u00ed\u010dem. Velikosti 25 &#8211; 50 mm\/1 &#8211; 2\u201da v\u011bt\u0161\u00ed dod\u00e1v\u00e1me s nastavovac\u00edm kalibrem. Vyrobeny dle BS 870. P\u0159esnost:Rovinnost: 0.6 mm.Rovnob\u011b\u017enost: (2 + L\/100) \u03bcm (zlomky zaokrouhleny dol\u016f).P\u0159\u00edstrojov\u00e1 chyba: \u00b1(1 + L\/75) \u03bcm (zlomky zaokrouhleny nahoru).L = maxim\u00e1ln\u00ed m\u011b\u0159ien\u00fd rozm\u011br. D\u011blen\u00ed stupnice 0,01 [&hellip;]\" \/>\n<meta property=\"og:url\" content=\"https:\/\/www.domtechnikpro.com\/index.php\/produkt\/znackovy-mikrometr-trmenovy-75-100-mm-32163\/\" \/>\n<meta property=\"og:site_name\" content=\"Pr\u016fmyslov\u00e9 vybaven\u00ed a p\u0159\u00edslu\u0161enstv\u00ed\" \/>\n<meta property=\"og:image\" content=\"https:\/\/www.domtechnikpro.com\/wp-content\/uploads\/2026\/SK0002486-CZ20260425-092328-0-1777080210-oxd3355040k.webp\" \/>\n\t<meta property=\"og:image:width\" content=\"500\" \/>\n\t<meta property=\"og:image:height\" content=\"245\" \/>\n\t<meta property=\"og:image:type\" content=\"image\/webp\" \/>\n<meta name=\"twitter:card\" content=\"summary_large_image\" \/>\n<script type=\"application\/ld+json\" class=\"yoast-schema-graph\">{\"@context\":\"https:\/\/schema.org\",\"@graph\":[{\"@type\":\"WebPage\",\"@id\":\"https:\/\/www.domtechnikpro.com\/index.php\/produkt\/znackovy-mikrometr-trmenovy-75-100-mm-32163\/\",\"url\":\"https:\/\/www.domtechnikpro.com\/index.php\/produkt\/znackovy-mikrometr-trmenovy-75-100-mm-32163\/\",\"name\":\"Zna\u010dkov\u00fd Mikrometr t\u0159menov\u00fd 75-100 mm - Pr\u016fmyslov\u00e9 vybaven\u00ed a p\u0159\u00edslu\u0161enstv\u00ed\",\"isPartOf\":{\"@id\":\"https:\/\/www.domtechnikpro.com\/#website\"},\"primaryImageOfPage\":{\"@id\":\"https:\/\/www.domtechnikpro.com\/index.php\/produkt\/znackovy-mikrometr-trmenovy-75-100-mm-32163\/#primaryimage\"},\"image\":{\"@id\":\"https:\/\/www.domtechnikpro.com\/index.php\/produkt\/znackovy-mikrometr-trmenovy-75-100-mm-32163\/#primaryimage\"},\"thumbnailUrl\":\"https:\/\/www.domtechnikpro.com\/wp-content\/uploads\/2026\/SK0002486-CZ20260425-092328-0-1777080210-oxd3355040k.webp\",\"datePublished\":\"2026-04-26T08:57:07+00:00\",\"breadcrumb\":{\"@id\":\"https:\/\/www.domtechnikpro.com\/index.php\/produkt\/znackovy-mikrometr-trmenovy-75-100-mm-32163\/#breadcrumb\"},\"inLanguage\":\"cs\",\"potentialAction\":[{\"@type\":\"ReadAction\",\"target\":[\"https:\/\/www.domtechnikpro.com\/index.php\/produkt\/znackovy-mikrometr-trmenovy-75-100-mm-32163\/\"]}]},{\"@type\":\"ImageObject\",\"inLanguage\":\"cs\",\"@id\":\"https:\/\/www.domtechnikpro.com\/index.php\/produkt\/znackovy-mikrometr-trmenovy-75-100-mm-32163\/#primaryimage\",\"url\":\"https:\/\/www.domtechnikpro.com\/wp-content\/uploads\/2026\/SK0002486-CZ20260425-092328-0-1777080210-oxd3355040k.webp\",\"contentUrl\":\"https:\/\/www.domtechnikpro.com\/wp-content\/uploads\/2026\/SK0002486-CZ20260425-092328-0-1777080210-oxd3355040k.webp\",\"width\":500,\"height\":245},{\"@type\":\"BreadcrumbList\",\"@id\":\"https:\/\/www.domtechnikpro.com\/index.php\/produkt\/znackovy-mikrometr-trmenovy-75-100-mm-32163\/#breadcrumb\",\"itemListElement\":[{\"@type\":\"ListItem\",\"position\":1,\"name\":\"Home\",\"item\":\"https:\/\/www.domtechnikpro.com\/\"},{\"@type\":\"ListItem\",\"position\":2,\"name\":\"Products\",\"item\":\"https:\/\/www.domtechnikpro.com\/products\/\"},{\"@type\":\"ListItem\",\"position\":3,\"name\":\"Zna\u010dkov\u00fd Mikrometr t\u0159menov\u00fd 75-100 mm\"}]},{\"@type\":\"WebSite\",\"@id\":\"https:\/\/www.domtechnikpro.com\/#website\",\"url\":\"https:\/\/www.domtechnikpro.com\/\",\"name\":\"Pr\u016fmyslov\u00e9 vybaven\u00ed a p\u0159\u00edslu\u0161enstv\u00ed\",\"description\":\"Pr\u016fmyslov\u00e9 vybaven\u00ed a p\u0159\u00edslu\u0161enstv\u00ed\",\"publisher\":{\"@id\":\"https:\/\/www.domtechnikpro.com\/#organization\"},\"potentialAction\":[{\"@type\":\"SearchAction\",\"target\":{\"@type\":\"EntryPoint\",\"urlTemplate\":\"https:\/\/www.domtechnikpro.com\/?s={search_term_string}\"},\"query-input\":{\"@type\":\"PropertyValueSpecification\",\"valueRequired\":true,\"valueName\":\"search_term_string\"}}],\"inLanguage\":\"cs\"},{\"@type\":\"Organization\",\"@id\":\"https:\/\/www.domtechnikpro.com\/#organization\",\"name\":\"Pr\u016fmyslov\u00e9 vybaven\u00ed a p\u0159\u00edslu\u0161enstv\u00ed\",\"url\":\"https:\/\/www.domtechnikpro.com\/\",\"logo\":{\"@type\":\"ImageObject\",\"inLanguage\":\"cs\",\"@id\":\"https:\/\/www.domtechnikpro.com\/#\/schema\/logo\/image\/\",\"url\":\"https:\/\/www.domtechnikpro.com\/wp-content\/uploads\/2026\/04\/domtechnikpro_logo_full.svg\",\"contentUrl\":\"https:\/\/www.domtechnikpro.com\/wp-content\/uploads\/2026\/04\/domtechnikpro_logo_full.svg\",\"width\":920,\"height\":180,\"caption\":\"Pr\u016fmyslov\u00e9 vybaven\u00ed a p\u0159\u00edslu\u0161enstv\u00ed\"},\"image\":{\"@id\":\"https:\/\/www.domtechnikpro.com\/#\/schema\/logo\/image\/\"}}]}<\/script>\n<!-- \/ Yoast SEO plugin. -->","yoast_head_json":{"title":"Zna\u010dkov\u00fd Mikrometr t\u0159menov\u00fd 75-100 mm - Pr\u016fmyslov\u00e9 vybaven\u00ed a p\u0159\u00edslu\u0161enstv\u00ed","robots":{"index":"index","follow":"follow","max-snippet":"max-snippet:-1","max-image-preview":"max-image-preview:large","max-video-preview":"max-video-preview:-1"},"canonical":"https:\/\/www.domtechnikpro.com\/index.php\/produkt\/znackovy-mikrometr-trmenovy-75-100-mm-32163\/","og_locale":"cs_CZ","og_type":"article","og_title":"Zna\u010dkov\u00fd Mikrometr t\u0159menov\u00fd 75-100 mm - Pr\u016fmyslov\u00e9 vybaven\u00ed a p\u0159\u00edslu\u0161enstv\u00ed","og_description":"Smaltovan\u00fd t\u0159men a m\u011b\u0159\u00edc\u00ed dotyky z karbidu wolframu. Kvalitn\u00ed kovov\u00e9 t\u011blo s nastavovac\u00edm kl\u00ed\u010dem. Velikosti 25 &#8211; 50 mm\/1 &#8211; 2\u201da v\u011bt\u0161\u00ed dod\u00e1v\u00e1me s nastavovac\u00edm kalibrem. Vyrobeny dle BS 870. P\u0159esnost:Rovinnost: 0.6 mm.Rovnob\u011b\u017enost: (2 + L\/100) \u03bcm (zlomky zaokrouhleny dol\u016f).P\u0159\u00edstrojov\u00e1 chyba: \u00b1(1 + L\/75) \u03bcm (zlomky zaokrouhleny nahoru).L = maxim\u00e1ln\u00ed m\u011b\u0159ien\u00fd rozm\u011br. D\u011blen\u00ed stupnice 0,01 [&hellip;]","og_url":"https:\/\/www.domtechnikpro.com\/index.php\/produkt\/znackovy-mikrometr-trmenovy-75-100-mm-32163\/","og_site_name":"Pr\u016fmyslov\u00e9 vybaven\u00ed a p\u0159\u00edslu\u0161enstv\u00ed","og_image":[{"width":500,"height":245,"url":"https:\/\/www.domtechnikpro.com\/wp-content\/uploads\/2026\/SK0002486-CZ20260425-092328-0-1777080210-oxd3355040k.webp","type":"image\/webp"}],"twitter_card":"summary_large_image","schema":{"@context":"https:\/\/schema.org","@graph":[{"@type":"WebPage","@id":"https:\/\/www.domtechnikpro.com\/index.php\/produkt\/znackovy-mikrometr-trmenovy-75-100-mm-32163\/","url":"https:\/\/www.domtechnikpro.com\/index.php\/produkt\/znackovy-mikrometr-trmenovy-75-100-mm-32163\/","name":"Zna\u010dkov\u00fd Mikrometr t\u0159menov\u00fd 75-100 mm - Pr\u016fmyslov\u00e9 vybaven\u00ed a p\u0159\u00edslu\u0161enstv\u00ed","isPartOf":{"@id":"https:\/\/www.domtechnikpro.com\/#website"},"primaryImageOfPage":{"@id":"https:\/\/www.domtechnikpro.com\/index.php\/produkt\/znackovy-mikrometr-trmenovy-75-100-mm-32163\/#primaryimage"},"image":{"@id":"https:\/\/www.domtechnikpro.com\/index.php\/produkt\/znackovy-mikrometr-trmenovy-75-100-mm-32163\/#primaryimage"},"thumbnailUrl":"https:\/\/www.domtechnikpro.com\/wp-content\/uploads\/2026\/SK0002486-CZ20260425-092328-0-1777080210-oxd3355040k.webp","datePublished":"2026-04-26T08:57:07+00:00","breadcrumb":{"@id":"https:\/\/www.domtechnikpro.com\/index.php\/produkt\/znackovy-mikrometr-trmenovy-75-100-mm-32163\/#breadcrumb"},"inLanguage":"cs","potentialAction":[{"@type":"ReadAction","target":["https:\/\/www.domtechnikpro.com\/index.php\/produkt\/znackovy-mikrometr-trmenovy-75-100-mm-32163\/"]}]},{"@type":"ImageObject","inLanguage":"cs","@id":"https:\/\/www.domtechnikpro.com\/index.php\/produkt\/znackovy-mikrometr-trmenovy-75-100-mm-32163\/#primaryimage","url":"https:\/\/www.domtechnikpro.com\/wp-content\/uploads\/2026\/SK0002486-CZ20260425-092328-0-1777080210-oxd3355040k.webp","contentUrl":"https:\/\/www.domtechnikpro.com\/wp-content\/uploads\/2026\/SK0002486-CZ20260425-092328-0-1777080210-oxd3355040k.webp","width":500,"height":245},{"@type":"BreadcrumbList","@id":"https:\/\/www.domtechnikpro.com\/index.php\/produkt\/znackovy-mikrometr-trmenovy-75-100-mm-32163\/#breadcrumb","itemListElement":[{"@type":"ListItem","position":1,"name":"Home","item":"https:\/\/www.domtechnikpro.com\/"},{"@type":"ListItem","position":2,"name":"Products","item":"https:\/\/www.domtechnikpro.com\/products\/"},{"@type":"ListItem","position":3,"name":"Zna\u010dkov\u00fd Mikrometr t\u0159menov\u00fd 75-100 mm"}]},{"@type":"WebSite","@id":"https:\/\/www.domtechnikpro.com\/#website","url":"https:\/\/www.domtechnikpro.com\/","name":"Pr\u016fmyslov\u00e9 vybaven\u00ed a p\u0159\u00edslu\u0161enstv\u00ed","description":"Pr\u016fmyslov\u00e9 vybaven\u00ed a p\u0159\u00edslu\u0161enstv\u00ed","publisher":{"@id":"https:\/\/www.domtechnikpro.com\/#organization"},"potentialAction":[{"@type":"SearchAction","target":{"@type":"EntryPoint","urlTemplate":"https:\/\/www.domtechnikpro.com\/?s={search_term_string}"},"query-input":{"@type":"PropertyValueSpecification","valueRequired":true,"valueName":"search_term_string"}}],"inLanguage":"cs"},{"@type":"Organization","@id":"https:\/\/www.domtechnikpro.com\/#organization","name":"Pr\u016fmyslov\u00e9 vybaven\u00ed a p\u0159\u00edslu\u0161enstv\u00ed","url":"https:\/\/www.domtechnikpro.com\/","logo":{"@type":"ImageObject","inLanguage":"cs","@id":"https:\/\/www.domtechnikpro.com\/#\/schema\/logo\/image\/","url":"https:\/\/www.domtechnikpro.com\/wp-content\/uploads\/2026\/04\/domtechnikpro_logo_full.svg","contentUrl":"https:\/\/www.domtechnikpro.com\/wp-content\/uploads\/2026\/04\/domtechnikpro_logo_full.svg","width":920,"height":180,"caption":"Pr\u016fmyslov\u00e9 vybaven\u00ed a p\u0159\u00edslu\u0161enstv\u00ed"},"image":{"@id":"https:\/\/www.domtechnikpro.com\/#\/schema\/logo\/image\/"}}]}},"_links":{"self":[{"href":"https:\/\/www.domtechnikpro.com\/wp-json\/wp\/v2\/product\/32163","targetHints":{"allow":["GET"]}}],"collection":[{"href":"https:\/\/www.domtechnikpro.com\/wp-json\/wp\/v2\/product"}],"about":[{"href":"https:\/\/www.domtechnikpro.com\/wp-json\/wp\/v2\/types\/product"}],"replies":[{"embeddable":true,"href":"https:\/\/www.domtechnikpro.com\/wp-json\/wp\/v2\/comments?post=32163"}],"wp:featuredmedia":[{"embeddable":true,"href":"https:\/\/www.domtechnikpro.com\/wp-json\/wp\/v2\/media\/32263"}],"wp:attachment":[{"href":"https:\/\/www.domtechnikpro.com\/wp-json\/wp\/v2\/media?parent=32163"}],"wp:term":[{"taxonomy":"product_brand","embeddable":true,"href":"https:\/\/www.domtechnikpro.com\/wp-json\/wp\/v2\/product_brand?post=32163"},{"taxonomy":"product_cat","embeddable":true,"href":"https:\/\/www.domtechnikpro.com\/wp-json\/wp\/v2\/product_cat?post=32163"},{"taxonomy":"product_tag","embeddable":true,"href":"https:\/\/www.domtechnikpro.com\/wp-json\/wp\/v2\/product_tag?post=32163"}],"curies":[{"name":"wp","href":"https:\/\/api.w.org\/{rel}","templated":true}]}}