{"id":32106,"date":"2026-04-26T08:57:07","date_gmt":"2026-04-26T08:57:07","guid":{"rendered":""},"modified":"2026-04-26T08:57:07","modified_gmt":"2026-04-26T08:57:07","slug":"casove-omezene-hladitko-svycarske-360x130mm-32106","status":"publish","type":"product","link":"https:\/\/www.domtechnikpro.com\/index.php\/produkt\/casove-omezene-hladitko-svycarske-360x130mm-32106\/","title":{"rendered":"\u010casov\u011b Omezen\u00e9 Hlad\u00edtko \u0161v\u00fdcarsk\u00e9 360x130mm"},"content":{"rendered":"<table>\n<div class=\"tab-pane active product-description\" id=\"popis\" role=\"tabpanel\">\n<div class=\"short-description\" itemprop=\"description\"><\/div>\n<div class=\"description\"><span class='bullet-line'>Nerez ocel<br \/><\/span><span class='bullet-line'>Plastov\u00e1 rukoje\u0165<\/span><\/div>\n<\/table>\n","protected":false},"excerpt":{"rendered":"<p>Nerez ocelPlastov\u00e1 rukoje\u0165<\/p>\n","protected":false},"featured_media":32206,"comment_status":"open","ping_status":"open","template":"","meta":[],"product_brand":[],"product_cat":[117],"product_tag":[],"class_list":{"0":"post-32106","1":"product","2":"type-product","3":"status-publish","4":"has-post-thumbnail","6":"product_cat-stavebni-technika","8":"first","9":"instock","10":"sale","11":"shipping-taxable","12":"purchasable","13":"product-type-simple"},"yoast_head":"<!-- This site is optimized with the Yoast SEO plugin v26.8 - https:\/\/yoast.com\/product\/yoast-seo-wordpress\/ -->\n<title>\u010casov\u011b Omezen\u00e9 Hlad\u00edtko \u0161v\u00fdcarsk\u00e9 360x130mm -<\/title>\n<meta name=\"robots\" content=\"index, follow, max-snippet:-1, max-image-preview:large, max-video-preview:-1\" \/>\n<link rel=\"canonical\" href=\"https:\/\/www.domtechnikpro.com\/index.php\/produkt\/casove-omezene-hladitko-svycarske-360x130mm-32106\/\" \/>\n<meta property=\"og:locale\" content=\"cs_CZ\" \/>\n<meta property=\"og:type\" content=\"article\" \/>\n<meta property=\"og:title\" content=\"\u010casov\u011b Omezen\u00e9 Hlad\u00edtko \u0161v\u00fdcarsk\u00e9 360x130mm -\" \/>\n<meta property=\"og:description\" content=\"Nerez ocelPlastov\u00e1 rukoje\u0165\" \/>\n<meta property=\"og:url\" content=\"https:\/\/www.domtechnikpro.com\/index.php\/produkt\/casove-omezene-hladitko-svycarske-360x130mm-32106\/\" \/>\n<meta property=\"og:image\" content=\"https:\/\/www.domtechnikpro.com\/wp-content\/uploads\/2026\/SK0002418-CZ20260425-092328-0-1777080210-035.webp\" \/>\n\t<meta property=\"og:image:width\" content=\"400\" \/>\n\t<meta property=\"og:image:height\" content=\"400\" \/>\n\t<meta property=\"og:image:type\" content=\"image\/webp\" \/>\n<meta name=\"twitter:card\" content=\"summary_large_image\" \/>\n<script type=\"application\/ld+json\" class=\"yoast-schema-graph\">{\"@context\":\"https:\/\/schema.org\",\"@graph\":[{\"@type\":\"WebPage\",\"@id\":\"https:\/\/www.domtechnikpro.com\/index.php\/produkt\/casove-omezene-hladitko-svycarske-360x130mm-32106\/\",\"url\":\"https:\/\/www.domtechnikpro.com\/index.php\/produkt\/casove-omezene-hladitko-svycarske-360x130mm-32106\/\",\"name\":\"\u010casov\u011b Omezen\u00e9 Hlad\u00edtko \u0161v\u00fdcarsk\u00e9 360x130mm -\",\"isPartOf\":{\"@id\":\"https:\/\/www.domtechnikpro.com\/#website\"},\"primaryImageOfPage\":{\"@id\":\"https:\/\/www.domtechnikpro.com\/index.php\/produkt\/casove-omezene-hladitko-svycarske-360x130mm-32106\/#primaryimage\"},\"image\":{\"@id\":\"https:\/\/www.domtechnikpro.com\/index.php\/produkt\/casove-omezene-hladitko-svycarske-360x130mm-32106\/#primaryimage\"},\"thumbnailUrl\":\"https:\/\/www.domtechnikpro.com\/wp-content\/uploads\/2026\/SK0002418-CZ20260425-092328-0-1777080210-035.webp\",\"datePublished\":\"2026-04-26T08:57:07+00:00\",\"breadcrumb\":{\"@id\":\"https:\/\/www.domtechnikpro.com\/index.php\/produkt\/casove-omezene-hladitko-svycarske-360x130mm-32106\/#breadcrumb\"},\"inLanguage\":\"cs\",\"potentialAction\":[{\"@type\":\"ReadAction\",\"target\":[\"https:\/\/www.domtechnikpro.com\/index.php\/produkt\/casove-omezene-hladitko-svycarske-360x130mm-32106\/\"]}]},{\"@type\":\"ImageObject\",\"inLanguage\":\"cs\",\"@id\":\"https:\/\/www.domtechnikpro.com\/index.php\/produkt\/casove-omezene-hladitko-svycarske-360x130mm-32106\/#primaryimage\",\"url\":\"https:\/\/www.domtechnikpro.com\/wp-content\/uploads\/2026\/SK0002418-CZ20260425-092328-0-1777080210-035.webp\",\"contentUrl\":\"https:\/\/www.domtechnikpro.com\/wp-content\/uploads\/2026\/SK0002418-CZ20260425-092328-0-1777080210-035.webp\",\"width\":400,\"height\":400},{\"@type\":\"BreadcrumbList\",\"@id\":\"https:\/\/www.domtechnikpro.com\/index.php\/produkt\/casove-omezene-hladitko-svycarske-360x130mm-32106\/#breadcrumb\",\"itemListElement\":[{\"@type\":\"ListItem\",\"position\":1,\"name\":\"Home\",\"item\":\"https:\/\/www.domtechnikpro.com\/\"},{\"@type\":\"ListItem\",\"position\":2,\"name\":\"Products\",\"item\":\"https:\/\/www.domtechnikpro.com\/index.php\/products\/\"},{\"@type\":\"ListItem\",\"position\":3,\"name\":\"\u010casov\u011b Omezen\u00e9 Hlad\u00edtko \u0161v\u00fdcarsk\u00e9 360x130mm\"}]},{\"@type\":\"WebSite\",\"@id\":\"https:\/\/www.domtechnikpro.com\/#website\",\"url\":\"https:\/\/www.domtechnikpro.com\/\",\"name\":\"\",\"description\":\"\",\"potentialAction\":[{\"@type\":\"SearchAction\",\"target\":{\"@type\":\"EntryPoint\",\"urlTemplate\":\"https:\/\/www.domtechnikpro.com\/?s={search_term_string}\"},\"query-input\":{\"@type\":\"PropertyValueSpecification\",\"valueRequired\":true,\"valueName\":\"search_term_string\"}}],\"inLanguage\":\"cs\"}]}<\/script>\n<!-- \/ Yoast SEO plugin. -->","yoast_head_json":{"title":"\u010casov\u011b Omezen\u00e9 Hlad\u00edtko \u0161v\u00fdcarsk\u00e9 360x130mm -","robots":{"index":"index","follow":"follow","max-snippet":"max-snippet:-1","max-image-preview":"max-image-preview:large","max-video-preview":"max-video-preview:-1"},"canonical":"https:\/\/www.domtechnikpro.com\/index.php\/produkt\/casove-omezene-hladitko-svycarske-360x130mm-32106\/","og_locale":"cs_CZ","og_type":"article","og_title":"\u010casov\u011b Omezen\u00e9 Hlad\u00edtko \u0161v\u00fdcarsk\u00e9 360x130mm -","og_description":"Nerez ocelPlastov\u00e1 rukoje\u0165","og_url":"https:\/\/www.domtechnikpro.com\/index.php\/produkt\/casove-omezene-hladitko-svycarske-360x130mm-32106\/","og_image":[{"width":400,"height":400,"url":"https:\/\/www.domtechnikpro.com\/wp-content\/uploads\/2026\/SK0002418-CZ20260425-092328-0-1777080210-035.webp","type":"image\/webp"}],"twitter_card":"summary_large_image","schema":{"@context":"https:\/\/schema.org","@graph":[{"@type":"WebPage","@id":"https:\/\/www.domtechnikpro.com\/index.php\/produkt\/casove-omezene-hladitko-svycarske-360x130mm-32106\/","url":"https:\/\/www.domtechnikpro.com\/index.php\/produkt\/casove-omezene-hladitko-svycarske-360x130mm-32106\/","name":"\u010casov\u011b Omezen\u00e9 Hlad\u00edtko \u0161v\u00fdcarsk\u00e9 360x130mm -","isPartOf":{"@id":"https:\/\/www.domtechnikpro.com\/#website"},"primaryImageOfPage":{"@id":"https:\/\/www.domtechnikpro.com\/index.php\/produkt\/casove-omezene-hladitko-svycarske-360x130mm-32106\/#primaryimage"},"image":{"@id":"https:\/\/www.domtechnikpro.com\/index.php\/produkt\/casove-omezene-hladitko-svycarske-360x130mm-32106\/#primaryimage"},"thumbnailUrl":"https:\/\/www.domtechnikpro.com\/wp-content\/uploads\/2026\/SK0002418-CZ20260425-092328-0-1777080210-035.webp","datePublished":"2026-04-26T08:57:07+00:00","breadcrumb":{"@id":"https:\/\/www.domtechnikpro.com\/index.php\/produkt\/casove-omezene-hladitko-svycarske-360x130mm-32106\/#breadcrumb"},"inLanguage":"cs","potentialAction":[{"@type":"ReadAction","target":["https:\/\/www.domtechnikpro.com\/index.php\/produkt\/casove-omezene-hladitko-svycarske-360x130mm-32106\/"]}]},{"@type":"ImageObject","inLanguage":"cs","@id":"https:\/\/www.domtechnikpro.com\/index.php\/produkt\/casove-omezene-hladitko-svycarske-360x130mm-32106\/#primaryimage","url":"https:\/\/www.domtechnikpro.com\/wp-content\/uploads\/2026\/SK0002418-CZ20260425-092328-0-1777080210-035.webp","contentUrl":"https:\/\/www.domtechnikpro.com\/wp-content\/uploads\/2026\/SK0002418-CZ20260425-092328-0-1777080210-035.webp","width":400,"height":400},{"@type":"BreadcrumbList","@id":"https:\/\/www.domtechnikpro.com\/index.php\/produkt\/casove-omezene-hladitko-svycarske-360x130mm-32106\/#breadcrumb","itemListElement":[{"@type":"ListItem","position":1,"name":"Home","item":"https:\/\/www.domtechnikpro.com\/"},{"@type":"ListItem","position":2,"name":"Products","item":"https:\/\/www.domtechnikpro.com\/index.php\/products\/"},{"@type":"ListItem","position":3,"name":"\u010casov\u011b Omezen\u00e9 Hlad\u00edtko \u0161v\u00fdcarsk\u00e9 360x130mm"}]},{"@type":"WebSite","@id":"https:\/\/www.domtechnikpro.com\/#website","url":"https:\/\/www.domtechnikpro.com\/","name":"","description":"","potentialAction":[{"@type":"SearchAction","target":{"@type":"EntryPoint","urlTemplate":"https:\/\/www.domtechnikpro.com\/?s={search_term_string}"},"query-input":{"@type":"PropertyValueSpecification","valueRequired":true,"valueName":"search_term_string"}}],"inLanguage":"cs"}]}},"_links":{"self":[{"href":"https:\/\/www.domtechnikpro.com\/index.php\/wp-json\/wp\/v2\/product\/32106","targetHints":{"allow":["GET"]}}],"collection":[{"href":"https:\/\/www.domtechnikpro.com\/index.php\/wp-json\/wp\/v2\/product"}],"about":[{"href":"https:\/\/www.domtechnikpro.com\/index.php\/wp-json\/wp\/v2\/types\/product"}],"replies":[{"embeddable":true,"href":"https:\/\/www.domtechnikpro.com\/index.php\/wp-json\/wp\/v2\/comments?post=32106"}],"wp:featuredmedia":[{"embeddable":true,"href":"https:\/\/www.domtechnikpro.com\/index.php\/wp-json\/wp\/v2\/media\/32206"}],"wp:attachment":[{"href":"https:\/\/www.domtechnikpro.com\/index.php\/wp-json\/wp\/v2\/media?parent=32106"}],"wp:term":[{"taxonomy":"product_brand","embeddable":true,"href":"https:\/\/www.domtechnikpro.com\/index.php\/wp-json\/wp\/v2\/product_brand?post=32106"},{"taxonomy":"product_cat","embeddable":true,"href":"https:\/\/www.domtechnikpro.com\/index.php\/wp-json\/wp\/v2\/product_cat?post=32106"},{"taxonomy":"product_tag","embeddable":true,"href":"https:\/\/www.domtechnikpro.com\/index.php\/wp-json\/wp\/v2\/product_tag?post=32106"}],"curies":[{"name":"wp","href":"https:\/\/api.w.org\/{rel}","templated":true}]}}