{"id":31981,"date":"2026-04-26T08:57:05","date_gmt":"2026-04-26T08:57:05","guid":{"rendered":""},"modified":"2026-04-26T08:57:05","modified_gmt":"2026-04-26T08:57:05","slug":"sverak-york-80-standard-80mm-akce-31981","status":"publish","type":"product","link":"https:\/\/www.domtechnikpro.com\/index.php\/produkt\/sverak-york-80-standard-80mm-akce-31981\/","title":{"rendered":"Sv\u011br\u00e1k York 80 Standard &#8211; 80mm Akce"},"content":{"rendered":"<table>\n<div class=\"tab-pane active product-description\" id=\"popis\" role=\"tabpanel\">\n<div class=\"short-description\" itemprop=\"description\"><\/div>\n<div class=\"description\">&#8211; \u010delisti z vysoce kvalitn\u00ed oceli kaleny na 52-54 HRC.<br \/>&#8211; velk\u00e1 kovadlina<br \/>&#8211; integrovan\u00e1 oto\u010dn\u00e1 deska \u00b135\u00b0 s polohovac\u00edmi \u0161rouby<br \/>&#8211; p\u0159esn\u00e9 v\u00e1lcov\u00e9 veden\u00ed<br \/>&#8211; vratidlo s bezpe\u010dnostn\u00edmi koncovkami YORK Standard<br \/>&#8211; upevn\u011bn\u00ed k z\u00e1kladov\u00e9 desce maticemi<br \/>&#8211; bez speci\u00e1ln\u00ed povrchov\u00e9 \u00fapravy<\/div>\n<div class=\"parameters\">\n<tr>\n<td>D\u00e9lka upnut\u00ed<\/td>\n<td>70 mm<\/td>\n<\/tr>\n<tr>\n<td>Hmotnost<\/td>\n<td>6 kg<\/td>\n<\/tr>\n<tr>\n<td>\u0160\u00ed\u0159ka \u010delist\u00ed<\/td>\n<td>80 mm<\/td>\n<\/tr><\/div>\n<\/table>\n","protected":false},"excerpt":{"rendered":"<p>&#8211; \u010delisti z vysoce kvalitn\u00ed oceli kaleny na 52-54 HRC.&#8211; velk\u00e1 kovadlina&#8211; integrovan\u00e1 oto\u010dn\u00e1 deska \u00b135\u00b0 s polohovac\u00edmi \u0161rouby&#8211; p\u0159esn\u00e9 v\u00e1lcov\u00e9 veden\u00ed&#8211; vratidlo s bezpe\u010dnostn\u00edmi koncovkami YORK Standard&#8211; upevn\u011bn\u00ed k z\u00e1kladov\u00e9 desce maticemi&#8211; bez speci\u00e1ln\u00ed povrchov\u00e9 \u00fapravy D\u00e9lka upnut\u00ed 70 mm Hmotnost 6 kg \u0160\u00ed\u0159ka \u010delist\u00ed 80 mm<\/p>\n","protected":false},"featured_media":32081,"comment_status":"open","ping_status":"open","template":"","meta":[],"product_brand":[],"product_cat":[113],"product_tag":[],"class_list":{"0":"post-31981","1":"product","2":"type-product","3":"status-publish","4":"has-post-thumbnail","6":"product_cat-dilna","8":"first","9":"instock","10":"sale","11":"shipping-taxable","12":"purchasable","13":"product-type-simple"},"yoast_head":"<!-- This site is optimized with the Yoast SEO plugin v26.8 - https:\/\/yoast.com\/product\/yoast-seo-wordpress\/ -->\n<title>Sv\u011br\u00e1k York 80 Standard - 80mm Akce -<\/title>\n<meta name=\"robots\" content=\"index, follow, max-snippet:-1, max-image-preview:large, max-video-preview:-1\" \/>\n<link rel=\"canonical\" href=\"https:\/\/www.domtechnikpro.com\/index.php\/produkt\/sverak-york-80-standard-80mm-akce-31981\/\" \/>\n<meta property=\"og:locale\" content=\"cs_CZ\" \/>\n<meta property=\"og:type\" content=\"article\" \/>\n<meta property=\"og:title\" content=\"Sv\u011br\u00e1k York 80 Standard - 80mm Akce -\" \/>\n<meta property=\"og:description\" content=\"&#8211; \u010delisti z vysoce kvalitn\u00ed oceli kaleny na 52-54 HRC.&#8211; velk\u00e1 kovadlina&#8211; integrovan\u00e1 oto\u010dn\u00e1 deska \u00b135\u00b0 s polohovac\u00edmi \u0161rouby&#8211; p\u0159esn\u00e9 v\u00e1lcov\u00e9 veden\u00ed&#8211; vratidlo s bezpe\u010dnostn\u00edmi koncovkami YORK Standard&#8211; upevn\u011bn\u00ed k z\u00e1kladov\u00e9 desce maticemi&#8211; bez speci\u00e1ln\u00ed povrchov\u00e9 \u00fapravy D\u00e9lka upnut\u00ed 70 mm Hmotnost 6 kg \u0160\u00ed\u0159ka \u010delist\u00ed 80 mm\" \/>\n<meta property=\"og:url\" content=\"https:\/\/www.domtechnikpro.com\/index.php\/produkt\/sverak-york-80-standard-80mm-akce-31981\/\" \/>\n<meta property=\"og:image\" content=\"https:\/\/www.domtechnikpro.com\/wp-content\/uploads\/2026\/SK0002297-CZ20260425-092328-0-1777080210-york125_1.webp\" \/>\n\t<meta property=\"og:image:width\" content=\"472\" \/>\n\t<meta property=\"og:image:height\" content=\"308\" \/>\n\t<meta property=\"og:image:type\" content=\"image\/webp\" \/>\n<meta name=\"twitter:card\" content=\"summary_large_image\" \/>\n<script type=\"application\/ld+json\" class=\"yoast-schema-graph\">{\"@context\":\"https:\/\/schema.org\",\"@graph\":[{\"@type\":\"WebPage\",\"@id\":\"https:\/\/www.domtechnikpro.com\/index.php\/produkt\/sverak-york-80-standard-80mm-akce-31981\/\",\"url\":\"https:\/\/www.domtechnikpro.com\/index.php\/produkt\/sverak-york-80-standard-80mm-akce-31981\/\",\"name\":\"Sv\u011br\u00e1k York 80 Standard - 80mm Akce -\",\"isPartOf\":{\"@id\":\"https:\/\/www.domtechnikpro.com\/#website\"},\"primaryImageOfPage\":{\"@id\":\"https:\/\/www.domtechnikpro.com\/index.php\/produkt\/sverak-york-80-standard-80mm-akce-31981\/#primaryimage\"},\"image\":{\"@id\":\"https:\/\/www.domtechnikpro.com\/index.php\/produkt\/sverak-york-80-standard-80mm-akce-31981\/#primaryimage\"},\"thumbnailUrl\":\"https:\/\/www.domtechnikpro.com\/wp-content\/uploads\/2026\/SK0002297-CZ20260425-092328-0-1777080210-york125_1.webp\",\"datePublished\":\"2026-04-26T08:57:05+00:00\",\"breadcrumb\":{\"@id\":\"https:\/\/www.domtechnikpro.com\/index.php\/produkt\/sverak-york-80-standard-80mm-akce-31981\/#breadcrumb\"},\"inLanguage\":\"cs\",\"potentialAction\":[{\"@type\":\"ReadAction\",\"target\":[\"https:\/\/www.domtechnikpro.com\/index.php\/produkt\/sverak-york-80-standard-80mm-akce-31981\/\"]}]},{\"@type\":\"ImageObject\",\"inLanguage\":\"cs\",\"@id\":\"https:\/\/www.domtechnikpro.com\/index.php\/produkt\/sverak-york-80-standard-80mm-akce-31981\/#primaryimage\",\"url\":\"https:\/\/www.domtechnikpro.com\/wp-content\/uploads\/2026\/SK0002297-CZ20260425-092328-0-1777080210-york125_1.webp\",\"contentUrl\":\"https:\/\/www.domtechnikpro.com\/wp-content\/uploads\/2026\/SK0002297-CZ20260425-092328-0-1777080210-york125_1.webp\",\"width\":472,\"height\":308},{\"@type\":\"BreadcrumbList\",\"@id\":\"https:\/\/www.domtechnikpro.com\/index.php\/produkt\/sverak-york-80-standard-80mm-akce-31981\/#breadcrumb\",\"itemListElement\":[{\"@type\":\"ListItem\",\"position\":1,\"name\":\"Home\",\"item\":\"https:\/\/www.domtechnikpro.com\/\"},{\"@type\":\"ListItem\",\"position\":2,\"name\":\"Products\",\"item\":\"https:\/\/www.domtechnikpro.com\/index.php\/products\/\"},{\"@type\":\"ListItem\",\"position\":3,\"name\":\"Sv\u011br\u00e1k York 80 Standard &#8211; 80mm Akce\"}]},{\"@type\":\"WebSite\",\"@id\":\"https:\/\/www.domtechnikpro.com\/#website\",\"url\":\"https:\/\/www.domtechnikpro.com\/\",\"name\":\"\",\"description\":\"\",\"potentialAction\":[{\"@type\":\"SearchAction\",\"target\":{\"@type\":\"EntryPoint\",\"urlTemplate\":\"https:\/\/www.domtechnikpro.com\/?s={search_term_string}\"},\"query-input\":{\"@type\":\"PropertyValueSpecification\",\"valueRequired\":true,\"valueName\":\"search_term_string\"}}],\"inLanguage\":\"cs\"}]}<\/script>\n<!-- \/ Yoast SEO plugin. -->","yoast_head_json":{"title":"Sv\u011br\u00e1k York 80 Standard - 80mm Akce -","robots":{"index":"index","follow":"follow","max-snippet":"max-snippet:-1","max-image-preview":"max-image-preview:large","max-video-preview":"max-video-preview:-1"},"canonical":"https:\/\/www.domtechnikpro.com\/index.php\/produkt\/sverak-york-80-standard-80mm-akce-31981\/","og_locale":"cs_CZ","og_type":"article","og_title":"Sv\u011br\u00e1k York 80 Standard - 80mm Akce -","og_description":"&#8211; \u010delisti z vysoce kvalitn\u00ed oceli kaleny na 52-54 HRC.&#8211; velk\u00e1 kovadlina&#8211; integrovan\u00e1 oto\u010dn\u00e1 deska \u00b135\u00b0 s polohovac\u00edmi \u0161rouby&#8211; p\u0159esn\u00e9 v\u00e1lcov\u00e9 veden\u00ed&#8211; vratidlo s bezpe\u010dnostn\u00edmi koncovkami YORK Standard&#8211; upevn\u011bn\u00ed k z\u00e1kladov\u00e9 desce maticemi&#8211; bez speci\u00e1ln\u00ed povrchov\u00e9 \u00fapravy D\u00e9lka upnut\u00ed 70 mm Hmotnost 6 kg \u0160\u00ed\u0159ka \u010delist\u00ed 80 mm","og_url":"https:\/\/www.domtechnikpro.com\/index.php\/produkt\/sverak-york-80-standard-80mm-akce-31981\/","og_image":[{"width":472,"height":308,"url":"https:\/\/www.domtechnikpro.com\/wp-content\/uploads\/2026\/SK0002297-CZ20260425-092328-0-1777080210-york125_1.webp","type":"image\/webp"}],"twitter_card":"summary_large_image","schema":{"@context":"https:\/\/schema.org","@graph":[{"@type":"WebPage","@id":"https:\/\/www.domtechnikpro.com\/index.php\/produkt\/sverak-york-80-standard-80mm-akce-31981\/","url":"https:\/\/www.domtechnikpro.com\/index.php\/produkt\/sverak-york-80-standard-80mm-akce-31981\/","name":"Sv\u011br\u00e1k York 80 Standard - 80mm Akce -","isPartOf":{"@id":"https:\/\/www.domtechnikpro.com\/#website"},"primaryImageOfPage":{"@id":"https:\/\/www.domtechnikpro.com\/index.php\/produkt\/sverak-york-80-standard-80mm-akce-31981\/#primaryimage"},"image":{"@id":"https:\/\/www.domtechnikpro.com\/index.php\/produkt\/sverak-york-80-standard-80mm-akce-31981\/#primaryimage"},"thumbnailUrl":"https:\/\/www.domtechnikpro.com\/wp-content\/uploads\/2026\/SK0002297-CZ20260425-092328-0-1777080210-york125_1.webp","datePublished":"2026-04-26T08:57:05+00:00","breadcrumb":{"@id":"https:\/\/www.domtechnikpro.com\/index.php\/produkt\/sverak-york-80-standard-80mm-akce-31981\/#breadcrumb"},"inLanguage":"cs","potentialAction":[{"@type":"ReadAction","target":["https:\/\/www.domtechnikpro.com\/index.php\/produkt\/sverak-york-80-standard-80mm-akce-31981\/"]}]},{"@type":"ImageObject","inLanguage":"cs","@id":"https:\/\/www.domtechnikpro.com\/index.php\/produkt\/sverak-york-80-standard-80mm-akce-31981\/#primaryimage","url":"https:\/\/www.domtechnikpro.com\/wp-content\/uploads\/2026\/SK0002297-CZ20260425-092328-0-1777080210-york125_1.webp","contentUrl":"https:\/\/www.domtechnikpro.com\/wp-content\/uploads\/2026\/SK0002297-CZ20260425-092328-0-1777080210-york125_1.webp","width":472,"height":308},{"@type":"BreadcrumbList","@id":"https:\/\/www.domtechnikpro.com\/index.php\/produkt\/sverak-york-80-standard-80mm-akce-31981\/#breadcrumb","itemListElement":[{"@type":"ListItem","position":1,"name":"Home","item":"https:\/\/www.domtechnikpro.com\/"},{"@type":"ListItem","position":2,"name":"Products","item":"https:\/\/www.domtechnikpro.com\/index.php\/products\/"},{"@type":"ListItem","position":3,"name":"Sv\u011br\u00e1k York 80 Standard &#8211; 80mm Akce"}]},{"@type":"WebSite","@id":"https:\/\/www.domtechnikpro.com\/#website","url":"https:\/\/www.domtechnikpro.com\/","name":"","description":"","potentialAction":[{"@type":"SearchAction","target":{"@type":"EntryPoint","urlTemplate":"https:\/\/www.domtechnikpro.com\/?s={search_term_string}"},"query-input":{"@type":"PropertyValueSpecification","valueRequired":true,"valueName":"search_term_string"}}],"inLanguage":"cs"}]}},"_links":{"self":[{"href":"https:\/\/www.domtechnikpro.com\/index.php\/wp-json\/wp\/v2\/product\/31981","targetHints":{"allow":["GET"]}}],"collection":[{"href":"https:\/\/www.domtechnikpro.com\/index.php\/wp-json\/wp\/v2\/product"}],"about":[{"href":"https:\/\/www.domtechnikpro.com\/index.php\/wp-json\/wp\/v2\/types\/product"}],"replies":[{"embeddable":true,"href":"https:\/\/www.domtechnikpro.com\/index.php\/wp-json\/wp\/v2\/comments?post=31981"}],"wp:featuredmedia":[{"embeddable":true,"href":"https:\/\/www.domtechnikpro.com\/index.php\/wp-json\/wp\/v2\/media\/32081"}],"wp:attachment":[{"href":"https:\/\/www.domtechnikpro.com\/index.php\/wp-json\/wp\/v2\/media?parent=31981"}],"wp:term":[{"taxonomy":"product_brand","embeddable":true,"href":"https:\/\/www.domtechnikpro.com\/index.php\/wp-json\/wp\/v2\/product_brand?post=31981"},{"taxonomy":"product_cat","embeddable":true,"href":"https:\/\/www.domtechnikpro.com\/index.php\/wp-json\/wp\/v2\/product_cat?post=31981"},{"taxonomy":"product_tag","embeddable":true,"href":"https:\/\/www.domtechnikpro.com\/index.php\/wp-json\/wp\/v2\/product_tag?post=31981"}],"curies":[{"name":"wp","href":"https:\/\/api.w.org\/{rel}","templated":true}]}}