{"id":31738,"date":"2026-04-26T08:57:02","date_gmt":"2026-04-26T08:57:02","guid":{"rendered":""},"modified":"2026-04-26T08:57:02","modified_gmt":"2026-04-26T08:57:02","slug":"levny-plastovy-kufr-na-naradi-v-profi-kvalite-mcplus-alu-18-457010-31738","status":"publish","type":"product","link":"https:\/\/www.domtechnikpro.com\/index.php\/produkt\/levny-plastovy-kufr-na-naradi-v-profi-kvalite-mcplus-alu-18-457010-31738\/","title":{"rendered":"Levn\u00fd Plastov\u00fd kufr na n\u00e1\u0159ad\u00ed v profi-kvalit\u011b McPlus Alu 18 457010"},"content":{"rendered":"<table>\n<div class=\"tab-pane active product-description\" id=\"popis\" role=\"tabpanel\">\n<div class=\"short-description\" itemprop=\"description\">DOPRODEJ<\/div>\n<div class=\"description\">\n<p>\u25ba Profesion\u00e1ln\u00ed ta\u0161ka Tool<span class=\"bullet-line\">Pouzdro na n\u00e1\u0159ad\u00ed v profesion\u00e1ln\u00ed kvalit\u011b<\/span><br \/><span class=\"bullet-line\">Pouzdra na n\u00e1\u0159ad\u00ed nab\u00edzej\u00ed profesion\u00e1ln\u00ed, ale i n\u00e1ro\u010dn\u00e9 hobby \u0159emesln\u00edky, kompletn\u00ed a mobiln\u00ed pracovi\u0161t\u011b. Navzdory sv\u00fdm kompaktn\u00edm rozm\u011br\u016fm nab\u00edzej\u00ed co nejv\u011bt\u0161\u00ed objem a \u00falo\u017en\u00fd prostor.<\/span><br \/><span class=\"bullet-line\">Odn\u00edmateln\u00e1 sk\u0159\u00ed\u0148ka na n\u00e1\u0159ad\u00ed a 2 krabice na mal\u00e9 d\u00edly uvnit\u0159<\/span><br \/><span class=\"bullet-line\">Stabiln\u00ed hlin\u00edkov\u00e9 svorky<\/span><br \/><span class=\"bullet-line\">Ergonomick\u00e1 hlin\u00edkov\u00e1 rukoje\u0165 pro bezpe\u010dn\u00e9 no\u0161en\u00ed<\/span><br \/><span class=\"bullet-line\">Uzamykateln\u00e9 pomoc\u00ed standardn\u00edho z\u00e1mku<\/span><br \/>&nbsp;<\/p>\n<\/div>\n<div class=\"parameters\">\n<tr>\n<td>Vn\u011bj\u0161\u00ed rozm\u011bry<\/td>\n<td>470x255x215<\/td>\n<\/tr>\n<tr>\n<td>Vnit\u0159n\u00ed rozm\u011bry<\/td>\n<td>420x175x80<\/td>\n<\/tr>\n<tr>\n<td>Barva<\/td>\n<td>\u010derven\u00e1, \u010dern\u00e1<\/td>\n<\/tr>\n<tr>\n<td>Materi\u00e1l<\/td>\n<td>Polypropylen \/ hlin\u00edk<\/td>\n<\/tr>\n<tr>\n<td>V\u00fdrobek<\/td>\n<td>Profesion\u00e1ln\u00ed ta\u0161ka Tool<\/td>\n<\/tr>\n<tr>\n<td>\u010c.zbo\u017e\u00ed.<\/td>\n<td>457010<\/td>\n<\/tr>\n<tr>\n<td>EAN<\/td>\n<td>4005187570106<\/td>\n<\/tr><\/div>\n<\/table>\n","protected":false},"excerpt":{"rendered":"<p>DOPRODEJ \u25ba Profesion\u00e1ln\u00ed ta\u0161ka ToolPouzdro na n\u00e1\u0159ad\u00ed v profesion\u00e1ln\u00ed kvalit\u011bPouzdra na n\u00e1\u0159ad\u00ed nab\u00edzej\u00ed profesion\u00e1ln\u00ed, ale i n\u00e1ro\u010dn\u00e9 hobby \u0159emesln\u00edky, kompletn\u00ed a mobiln\u00ed pracovi\u0161t\u011b. Navzdory sv\u00fdm kompaktn\u00edm rozm\u011br\u016fm nab\u00edzej\u00ed co nejv\u011bt\u0161\u00ed objem a \u00falo\u017en\u00fd prostor.Odn\u00edmateln\u00e1 sk\u0159\u00ed\u0148ka na n\u00e1\u0159ad\u00ed a 2 krabice na mal\u00e9 d\u00edly uvnit\u0159Stabiln\u00ed hlin\u00edkov\u00e9 svorkyErgonomick\u00e1 hlin\u00edkov\u00e1 rukoje\u0165 pro bezpe\u010dn\u00e9 no\u0161en\u00edUzamykateln\u00e9 pomoc\u00ed standardn\u00edho z\u00e1mku&nbsp; Vn\u011bj\u0161\u00ed [&hellip;]<\/p>\n","protected":false},"featured_media":31838,"comment_status":"open","ping_status":"open","template":"","meta":[],"product_brand":[],"product_cat":[113],"product_tag":[],"class_list":{"0":"post-31738","1":"product","2":"type-product","3":"status-publish","4":"has-post-thumbnail","6":"product_cat-dilna","8":"first","9":"instock","10":"sale","11":"shipping-taxable","12":"purchasable","13":"product-type-simple"},"yoast_head":"<!-- This site is optimized with the Yoast SEO plugin v26.8 - https:\/\/yoast.com\/product\/yoast-seo-wordpress\/ -->\n<title>Levn\u00fd Plastov\u00fd kufr na n\u00e1\u0159ad\u00ed v profi-kvalit\u011b McPlus Alu 18 457010 -<\/title>\n<meta name=\"robots\" content=\"index, follow, max-snippet:-1, max-image-preview:large, max-video-preview:-1\" \/>\n<link rel=\"canonical\" href=\"https:\/\/www.domtechnikpro.com\/index.php\/produkt\/levny-plastovy-kufr-na-naradi-v-profi-kvalite-mcplus-alu-18-457010-31738\/\" \/>\n<meta property=\"og:locale\" content=\"cs_CZ\" \/>\n<meta property=\"og:type\" content=\"article\" \/>\n<meta property=\"og:title\" content=\"Levn\u00fd Plastov\u00fd kufr na n\u00e1\u0159ad\u00ed v profi-kvalit\u011b McPlus Alu 18 457010 -\" \/>\n<meta property=\"og:description\" content=\"DOPRODEJ \u25ba Profesion\u00e1ln\u00ed ta\u0161ka ToolPouzdro na n\u00e1\u0159ad\u00ed v profesion\u00e1ln\u00ed kvalit\u011bPouzdra na n\u00e1\u0159ad\u00ed nab\u00edzej\u00ed profesion\u00e1ln\u00ed, ale i n\u00e1ro\u010dn\u00e9 hobby \u0159emesln\u00edky, kompletn\u00ed a mobiln\u00ed pracovi\u0161t\u011b. Navzdory sv\u00fdm kompaktn\u00edm rozm\u011br\u016fm nab\u00edzej\u00ed co nejv\u011bt\u0161\u00ed objem a \u00falo\u017en\u00fd prostor.Odn\u00edmateln\u00e1 sk\u0159\u00ed\u0148ka na n\u00e1\u0159ad\u00ed a 2 krabice na mal\u00e9 d\u00edly uvnit\u0159Stabiln\u00ed hlin\u00edkov\u00e9 svorkyErgonomick\u00e1 hlin\u00edkov\u00e1 rukoje\u0165 pro bezpe\u010dn\u00e9 no\u0161en\u00edUzamykateln\u00e9 pomoc\u00ed standardn\u00edho z\u00e1mku&nbsp; Vn\u011bj\u0161\u00ed [&hellip;]\" \/>\n<meta property=\"og:url\" content=\"https:\/\/www.domtechnikpro.com\/index.php\/produkt\/levny-plastovy-kufr-na-naradi-v-profi-kvalite-mcplus-alu-18-457010-31738\/\" \/>\n<meta property=\"og:image\" content=\"https:\/\/www.domtechnikpro.com\/wp-content\/uploads\/2026\/SK0002147-CZ20260425-092328-0-1777080210-fsafsafasf.webp\" \/>\n\t<meta property=\"og:image:width\" content=\"484\" \/>\n\t<meta property=\"og:image:height\" content=\"401\" \/>\n\t<meta property=\"og:image:type\" content=\"image\/webp\" \/>\n<meta name=\"twitter:card\" content=\"summary_large_image\" \/>\n<meta name=\"twitter:label1\" content=\"Odhadovan\u00e1 doba \u010dten\u00ed\" \/>\n\t<meta name=\"twitter:data1\" content=\"1 minuta\" \/>\n<script type=\"application\/ld+json\" class=\"yoast-schema-graph\">{\"@context\":\"https:\/\/schema.org\",\"@graph\":[{\"@type\":\"WebPage\",\"@id\":\"https:\/\/www.domtechnikpro.com\/index.php\/produkt\/levny-plastovy-kufr-na-naradi-v-profi-kvalite-mcplus-alu-18-457010-31738\/\",\"url\":\"https:\/\/www.domtechnikpro.com\/index.php\/produkt\/levny-plastovy-kufr-na-naradi-v-profi-kvalite-mcplus-alu-18-457010-31738\/\",\"name\":\"Levn\u00fd Plastov\u00fd kufr na n\u00e1\u0159ad\u00ed v profi-kvalit\u011b McPlus Alu 18 457010 -\",\"isPartOf\":{\"@id\":\"https:\/\/www.domtechnikpro.com\/#website\"},\"primaryImageOfPage\":{\"@id\":\"https:\/\/www.domtechnikpro.com\/index.php\/produkt\/levny-plastovy-kufr-na-naradi-v-profi-kvalite-mcplus-alu-18-457010-31738\/#primaryimage\"},\"image\":{\"@id\":\"https:\/\/www.domtechnikpro.com\/index.php\/produkt\/levny-plastovy-kufr-na-naradi-v-profi-kvalite-mcplus-alu-18-457010-31738\/#primaryimage\"},\"thumbnailUrl\":\"https:\/\/www.domtechnikpro.com\/wp-content\/uploads\/2026\/SK0002147-CZ20260425-092328-0-1777080210-fsafsafasf.webp\",\"datePublished\":\"2026-04-26T08:57:02+00:00\",\"breadcrumb\":{\"@id\":\"https:\/\/www.domtechnikpro.com\/index.php\/produkt\/levny-plastovy-kufr-na-naradi-v-profi-kvalite-mcplus-alu-18-457010-31738\/#breadcrumb\"},\"inLanguage\":\"cs\",\"potentialAction\":[{\"@type\":\"ReadAction\",\"target\":[\"https:\/\/www.domtechnikpro.com\/index.php\/produkt\/levny-plastovy-kufr-na-naradi-v-profi-kvalite-mcplus-alu-18-457010-31738\/\"]}]},{\"@type\":\"ImageObject\",\"inLanguage\":\"cs\",\"@id\":\"https:\/\/www.domtechnikpro.com\/index.php\/produkt\/levny-plastovy-kufr-na-naradi-v-profi-kvalite-mcplus-alu-18-457010-31738\/#primaryimage\",\"url\":\"https:\/\/www.domtechnikpro.com\/wp-content\/uploads\/2026\/SK0002147-CZ20260425-092328-0-1777080210-fsafsafasf.webp\",\"contentUrl\":\"https:\/\/www.domtechnikpro.com\/wp-content\/uploads\/2026\/SK0002147-CZ20260425-092328-0-1777080210-fsafsafasf.webp\",\"width\":484,\"height\":401},{\"@type\":\"BreadcrumbList\",\"@id\":\"https:\/\/www.domtechnikpro.com\/index.php\/produkt\/levny-plastovy-kufr-na-naradi-v-profi-kvalite-mcplus-alu-18-457010-31738\/#breadcrumb\",\"itemListElement\":[{\"@type\":\"ListItem\",\"position\":1,\"name\":\"Home\",\"item\":\"https:\/\/www.domtechnikpro.com\/\"},{\"@type\":\"ListItem\",\"position\":2,\"name\":\"Products\",\"item\":\"https:\/\/www.domtechnikpro.com\/index.php\/products\/\"},{\"@type\":\"ListItem\",\"position\":3,\"name\":\"Levn\u00fd Plastov\u00fd kufr na n\u00e1\u0159ad\u00ed v profi-kvalit\u011b McPlus Alu 18 457010\"}]},{\"@type\":\"WebSite\",\"@id\":\"https:\/\/www.domtechnikpro.com\/#website\",\"url\":\"https:\/\/www.domtechnikpro.com\/\",\"name\":\"\",\"description\":\"\",\"potentialAction\":[{\"@type\":\"SearchAction\",\"target\":{\"@type\":\"EntryPoint\",\"urlTemplate\":\"https:\/\/www.domtechnikpro.com\/?s={search_term_string}\"},\"query-input\":{\"@type\":\"PropertyValueSpecification\",\"valueRequired\":true,\"valueName\":\"search_term_string\"}}],\"inLanguage\":\"cs\"}]}<\/script>\n<!-- \/ Yoast SEO plugin. -->","yoast_head_json":{"title":"Levn\u00fd Plastov\u00fd kufr na n\u00e1\u0159ad\u00ed v profi-kvalit\u011b McPlus Alu 18 457010 -","robots":{"index":"index","follow":"follow","max-snippet":"max-snippet:-1","max-image-preview":"max-image-preview:large","max-video-preview":"max-video-preview:-1"},"canonical":"https:\/\/www.domtechnikpro.com\/index.php\/produkt\/levny-plastovy-kufr-na-naradi-v-profi-kvalite-mcplus-alu-18-457010-31738\/","og_locale":"cs_CZ","og_type":"article","og_title":"Levn\u00fd Plastov\u00fd kufr na n\u00e1\u0159ad\u00ed v profi-kvalit\u011b McPlus Alu 18 457010 -","og_description":"DOPRODEJ \u25ba Profesion\u00e1ln\u00ed ta\u0161ka ToolPouzdro na n\u00e1\u0159ad\u00ed v profesion\u00e1ln\u00ed kvalit\u011bPouzdra na n\u00e1\u0159ad\u00ed nab\u00edzej\u00ed profesion\u00e1ln\u00ed, ale i n\u00e1ro\u010dn\u00e9 hobby \u0159emesln\u00edky, kompletn\u00ed a mobiln\u00ed pracovi\u0161t\u011b. Navzdory sv\u00fdm kompaktn\u00edm rozm\u011br\u016fm nab\u00edzej\u00ed co nejv\u011bt\u0161\u00ed objem a \u00falo\u017en\u00fd prostor.Odn\u00edmateln\u00e1 sk\u0159\u00ed\u0148ka na n\u00e1\u0159ad\u00ed a 2 krabice na mal\u00e9 d\u00edly uvnit\u0159Stabiln\u00ed hlin\u00edkov\u00e9 svorkyErgonomick\u00e1 hlin\u00edkov\u00e1 rukoje\u0165 pro bezpe\u010dn\u00e9 no\u0161en\u00edUzamykateln\u00e9 pomoc\u00ed standardn\u00edho z\u00e1mku&nbsp; Vn\u011bj\u0161\u00ed [&hellip;]","og_url":"https:\/\/www.domtechnikpro.com\/index.php\/produkt\/levny-plastovy-kufr-na-naradi-v-profi-kvalite-mcplus-alu-18-457010-31738\/","og_image":[{"width":484,"height":401,"url":"https:\/\/www.domtechnikpro.com\/wp-content\/uploads\/2026\/SK0002147-CZ20260425-092328-0-1777080210-fsafsafasf.webp","type":"image\/webp"}],"twitter_card":"summary_large_image","twitter_misc":{"Odhadovan\u00e1 doba \u010dten\u00ed":"1 minuta"},"schema":{"@context":"https:\/\/schema.org","@graph":[{"@type":"WebPage","@id":"https:\/\/www.domtechnikpro.com\/index.php\/produkt\/levny-plastovy-kufr-na-naradi-v-profi-kvalite-mcplus-alu-18-457010-31738\/","url":"https:\/\/www.domtechnikpro.com\/index.php\/produkt\/levny-plastovy-kufr-na-naradi-v-profi-kvalite-mcplus-alu-18-457010-31738\/","name":"Levn\u00fd Plastov\u00fd kufr na n\u00e1\u0159ad\u00ed v profi-kvalit\u011b McPlus Alu 18 457010 -","isPartOf":{"@id":"https:\/\/www.domtechnikpro.com\/#website"},"primaryImageOfPage":{"@id":"https:\/\/www.domtechnikpro.com\/index.php\/produkt\/levny-plastovy-kufr-na-naradi-v-profi-kvalite-mcplus-alu-18-457010-31738\/#primaryimage"},"image":{"@id":"https:\/\/www.domtechnikpro.com\/index.php\/produkt\/levny-plastovy-kufr-na-naradi-v-profi-kvalite-mcplus-alu-18-457010-31738\/#primaryimage"},"thumbnailUrl":"https:\/\/www.domtechnikpro.com\/wp-content\/uploads\/2026\/SK0002147-CZ20260425-092328-0-1777080210-fsafsafasf.webp","datePublished":"2026-04-26T08:57:02+00:00","breadcrumb":{"@id":"https:\/\/www.domtechnikpro.com\/index.php\/produkt\/levny-plastovy-kufr-na-naradi-v-profi-kvalite-mcplus-alu-18-457010-31738\/#breadcrumb"},"inLanguage":"cs","potentialAction":[{"@type":"ReadAction","target":["https:\/\/www.domtechnikpro.com\/index.php\/produkt\/levny-plastovy-kufr-na-naradi-v-profi-kvalite-mcplus-alu-18-457010-31738\/"]}]},{"@type":"ImageObject","inLanguage":"cs","@id":"https:\/\/www.domtechnikpro.com\/index.php\/produkt\/levny-plastovy-kufr-na-naradi-v-profi-kvalite-mcplus-alu-18-457010-31738\/#primaryimage","url":"https:\/\/www.domtechnikpro.com\/wp-content\/uploads\/2026\/SK0002147-CZ20260425-092328-0-1777080210-fsafsafasf.webp","contentUrl":"https:\/\/www.domtechnikpro.com\/wp-content\/uploads\/2026\/SK0002147-CZ20260425-092328-0-1777080210-fsafsafasf.webp","width":484,"height":401},{"@type":"BreadcrumbList","@id":"https:\/\/www.domtechnikpro.com\/index.php\/produkt\/levny-plastovy-kufr-na-naradi-v-profi-kvalite-mcplus-alu-18-457010-31738\/#breadcrumb","itemListElement":[{"@type":"ListItem","position":1,"name":"Home","item":"https:\/\/www.domtechnikpro.com\/"},{"@type":"ListItem","position":2,"name":"Products","item":"https:\/\/www.domtechnikpro.com\/index.php\/products\/"},{"@type":"ListItem","position":3,"name":"Levn\u00fd Plastov\u00fd kufr na n\u00e1\u0159ad\u00ed v profi-kvalit\u011b McPlus Alu 18 457010"}]},{"@type":"WebSite","@id":"https:\/\/www.domtechnikpro.com\/#website","url":"https:\/\/www.domtechnikpro.com\/","name":"","description":"","potentialAction":[{"@type":"SearchAction","target":{"@type":"EntryPoint","urlTemplate":"https:\/\/www.domtechnikpro.com\/?s={search_term_string}"},"query-input":{"@type":"PropertyValueSpecification","valueRequired":true,"valueName":"search_term_string"}}],"inLanguage":"cs"}]}},"_links":{"self":[{"href":"https:\/\/www.domtechnikpro.com\/index.php\/wp-json\/wp\/v2\/product\/31738","targetHints":{"allow":["GET"]}}],"collection":[{"href":"https:\/\/www.domtechnikpro.com\/index.php\/wp-json\/wp\/v2\/product"}],"about":[{"href":"https:\/\/www.domtechnikpro.com\/index.php\/wp-json\/wp\/v2\/types\/product"}],"replies":[{"embeddable":true,"href":"https:\/\/www.domtechnikpro.com\/index.php\/wp-json\/wp\/v2\/comments?post=31738"}],"wp:featuredmedia":[{"embeddable":true,"href":"https:\/\/www.domtechnikpro.com\/index.php\/wp-json\/wp\/v2\/media\/31838"}],"wp:attachment":[{"href":"https:\/\/www.domtechnikpro.com\/index.php\/wp-json\/wp\/v2\/media?parent=31738"}],"wp:term":[{"taxonomy":"product_brand","embeddable":true,"href":"https:\/\/www.domtechnikpro.com\/index.php\/wp-json\/wp\/v2\/product_brand?post=31738"},{"taxonomy":"product_cat","embeddable":true,"href":"https:\/\/www.domtechnikpro.com\/index.php\/wp-json\/wp\/v2\/product_cat?post=31738"},{"taxonomy":"product_tag","embeddable":true,"href":"https:\/\/www.domtechnikpro.com\/index.php\/wp-json\/wp\/v2\/product_tag?post=31738"}],"curies":[{"name":"wp","href":"https:\/\/api.w.org\/{rel}","templated":true}]}}