{"id":30968,"date":"2026-04-26T08:56:52","date_gmt":"2026-04-26T08:56:52","guid":{"rendered":""},"modified":"2026-04-26T08:56:52","modified_gmt":"2026-04-26T08:56:52","slug":"znackovy-sada-klicu-ockoplochych-cr-v-din838-7ks-30968","status":"publish","type":"product","link":"https:\/\/www.domtechnikpro.com\/index.php\/produkt\/znackovy-sada-klicu-ockoplochych-cr-v-din838-7ks-30968\/","title":{"rendered":"Zna\u010dkov\u00fd Sada kl\u00ed\u010d\u016f o\u010dkoploch\u00fdch Cr-V DIN838 7ks"},"content":{"rendered":"<table>\n<div class=\"tab-pane active product-description\" id=\"popis\" role=\"tabpanel\">\n<div class=\"short-description\" itemprop=\"description\"><\/div>\n<div class=\"description\">\n<p>Obsah sady:<br \/>6 x 7, 8 x 9, 10 x 11, 12 x 13,<br \/>14 x 15, 16 x 17 a 18 x 19 mm.<\/p>\n<p>Jsou vyrobeny z chrom-vanadiov\u00e9 oceli. Jejich rukoje\u0165 m\u00e1 sat\u00e9nov\u011b leskl\u00fd povrch,&nbsp;<br \/>hlavy jsou vysoce le\u0161t\u011bn\u00e9. Oboustrann\u00e9 vyhnut\u00e9 o\u010dkov\u00e9 kl\u00ed\u010de s dvojit\u00fdm vnit\u0159n\u00edm 6-hranem.<\/p>\n<\/div>\n<\/table>\n","protected":false},"excerpt":{"rendered":"<p>Obsah sady:6 x 7, 8 x 9, 10 x 11, 12 x 13,14 x 15, 16 x 17 a 18 x 19 mm. Jsou vyrobeny z chrom-vanadiov\u00e9 oceli. Jejich rukoje\u0165 m\u00e1 sat\u00e9nov\u011b leskl\u00fd povrch,&nbsp;hlavy jsou vysoce le\u0161t\u011bn\u00e9. Oboustrann\u00e9 vyhnut\u00e9 o\u010dkov\u00e9 kl\u00ed\u010de s dvojit\u00fdm vnit\u0159n\u00edm 6-hranem.<\/p>\n","protected":false},"featured_media":31068,"comment_status":"open","ping_status":"open","template":"","meta":[],"product_brand":[],"product_cat":[63],"product_tag":[],"class_list":{"0":"post-30968","1":"product","2":"type-product","3":"status-publish","4":"has-post-thumbnail","6":"product_cat-naradi","8":"first","9":"instock","10":"sale","11":"shipping-taxable","12":"purchasable","13":"product-type-simple"},"yoast_head":"<!-- This site is optimized with the Yoast SEO plugin v26.8 - https:\/\/yoast.com\/product\/yoast-seo-wordpress\/ -->\n<title>Zna\u010dkov\u00fd Sada kl\u00ed\u010d\u016f o\u010dkoploch\u00fdch Cr-V DIN838 7ks -<\/title>\n<meta name=\"robots\" content=\"index, follow, max-snippet:-1, max-image-preview:large, max-video-preview:-1\" \/>\n<link rel=\"canonical\" href=\"https:\/\/www.domtechnikpro.com\/index.php\/produkt\/znackovy-sada-klicu-ockoplochych-cr-v-din838-7ks-30968\/\" \/>\n<meta property=\"og:locale\" content=\"cs_CZ\" \/>\n<meta property=\"og:type\" content=\"article\" \/>\n<meta property=\"og:title\" content=\"Zna\u010dkov\u00fd Sada kl\u00ed\u010d\u016f o\u010dkoploch\u00fdch Cr-V DIN838 7ks -\" \/>\n<meta property=\"og:description\" content=\"Obsah sady:6 x 7, 8 x 9, 10 x 11, 12 x 13,14 x 15, 16 x 17 a 18 x 19 mm. Jsou vyrobeny z chrom-vanadiov\u00e9 oceli. Jejich rukoje\u0165 m\u00e1 sat\u00e9nov\u011b leskl\u00fd povrch,&nbsp;hlavy jsou vysoce le\u0161t\u011bn\u00e9. Oboustrann\u00e9 vyhnut\u00e9 o\u010dkov\u00e9 kl\u00ed\u010de s dvojit\u00fdm vnit\u0159n\u00edm 6-hranem.\" \/>\n<meta property=\"og:url\" content=\"https:\/\/www.domtechnikpro.com\/index.php\/produkt\/znackovy-sada-klicu-ockoplochych-cr-v-din838-7ks-30968\/\" \/>\n<meta property=\"og:image\" content=\"https:\/\/www.domtechnikpro.com\/wp-content\/uploads\/2026\/SK0001690-CZ20260425-092328-0-1777080210-ken5821960k_2.webp\" \/>\n\t<meta property=\"og:image:width\" content=\"699\" \/>\n\t<meta property=\"og:image:height\" content=\"699\" \/>\n\t<meta property=\"og:image:type\" content=\"image\/webp\" \/>\n<meta name=\"twitter:card\" content=\"summary_large_image\" \/>\n<script type=\"application\/ld+json\" class=\"yoast-schema-graph\">{\"@context\":\"https:\/\/schema.org\",\"@graph\":[{\"@type\":\"WebPage\",\"@id\":\"https:\/\/www.domtechnikpro.com\/index.php\/produkt\/znackovy-sada-klicu-ockoplochych-cr-v-din838-7ks-30968\/\",\"url\":\"https:\/\/www.domtechnikpro.com\/index.php\/produkt\/znackovy-sada-klicu-ockoplochych-cr-v-din838-7ks-30968\/\",\"name\":\"Zna\u010dkov\u00fd Sada kl\u00ed\u010d\u016f o\u010dkoploch\u00fdch Cr-V DIN838 7ks -\",\"isPartOf\":{\"@id\":\"https:\/\/www.domtechnikpro.com\/#website\"},\"primaryImageOfPage\":{\"@id\":\"https:\/\/www.domtechnikpro.com\/index.php\/produkt\/znackovy-sada-klicu-ockoplochych-cr-v-din838-7ks-30968\/#primaryimage\"},\"image\":{\"@id\":\"https:\/\/www.domtechnikpro.com\/index.php\/produkt\/znackovy-sada-klicu-ockoplochych-cr-v-din838-7ks-30968\/#primaryimage\"},\"thumbnailUrl\":\"https:\/\/www.domtechnikpro.com\/wp-content\/uploads\/2026\/SK0001690-CZ20260425-092328-0-1777080210-ken5821960k_2.webp\",\"datePublished\":\"2026-04-26T08:56:52+00:00\",\"breadcrumb\":{\"@id\":\"https:\/\/www.domtechnikpro.com\/index.php\/produkt\/znackovy-sada-klicu-ockoplochych-cr-v-din838-7ks-30968\/#breadcrumb\"},\"inLanguage\":\"cs\",\"potentialAction\":[{\"@type\":\"ReadAction\",\"target\":[\"https:\/\/www.domtechnikpro.com\/index.php\/produkt\/znackovy-sada-klicu-ockoplochych-cr-v-din838-7ks-30968\/\"]}]},{\"@type\":\"ImageObject\",\"inLanguage\":\"cs\",\"@id\":\"https:\/\/www.domtechnikpro.com\/index.php\/produkt\/znackovy-sada-klicu-ockoplochych-cr-v-din838-7ks-30968\/#primaryimage\",\"url\":\"https:\/\/www.domtechnikpro.com\/wp-content\/uploads\/2026\/SK0001690-CZ20260425-092328-0-1777080210-ken5821960k_2.webp\",\"contentUrl\":\"https:\/\/www.domtechnikpro.com\/wp-content\/uploads\/2026\/SK0001690-CZ20260425-092328-0-1777080210-ken5821960k_2.webp\",\"width\":699,\"height\":699},{\"@type\":\"BreadcrumbList\",\"@id\":\"https:\/\/www.domtechnikpro.com\/index.php\/produkt\/znackovy-sada-klicu-ockoplochych-cr-v-din838-7ks-30968\/#breadcrumb\",\"itemListElement\":[{\"@type\":\"ListItem\",\"position\":1,\"name\":\"Home\",\"item\":\"https:\/\/www.domtechnikpro.com\/\"},{\"@type\":\"ListItem\",\"position\":2,\"name\":\"Products\",\"item\":\"https:\/\/www.domtechnikpro.com\/index.php\/products\/\"},{\"@type\":\"ListItem\",\"position\":3,\"name\":\"Zna\u010dkov\u00fd Sada kl\u00ed\u010d\u016f o\u010dkoploch\u00fdch Cr-V DIN838 7ks\"}]},{\"@type\":\"WebSite\",\"@id\":\"https:\/\/www.domtechnikpro.com\/#website\",\"url\":\"https:\/\/www.domtechnikpro.com\/\",\"name\":\"\",\"description\":\"\",\"potentialAction\":[{\"@type\":\"SearchAction\",\"target\":{\"@type\":\"EntryPoint\",\"urlTemplate\":\"https:\/\/www.domtechnikpro.com\/?s={search_term_string}\"},\"query-input\":{\"@type\":\"PropertyValueSpecification\",\"valueRequired\":true,\"valueName\":\"search_term_string\"}}],\"inLanguage\":\"cs\"}]}<\/script>\n<!-- \/ Yoast SEO plugin. -->","yoast_head_json":{"title":"Zna\u010dkov\u00fd Sada kl\u00ed\u010d\u016f o\u010dkoploch\u00fdch Cr-V DIN838 7ks -","robots":{"index":"index","follow":"follow","max-snippet":"max-snippet:-1","max-image-preview":"max-image-preview:large","max-video-preview":"max-video-preview:-1"},"canonical":"https:\/\/www.domtechnikpro.com\/index.php\/produkt\/znackovy-sada-klicu-ockoplochych-cr-v-din838-7ks-30968\/","og_locale":"cs_CZ","og_type":"article","og_title":"Zna\u010dkov\u00fd Sada kl\u00ed\u010d\u016f o\u010dkoploch\u00fdch Cr-V DIN838 7ks -","og_description":"Obsah sady:6 x 7, 8 x 9, 10 x 11, 12 x 13,14 x 15, 16 x 17 a 18 x 19 mm. Jsou vyrobeny z chrom-vanadiov\u00e9 oceli. Jejich rukoje\u0165 m\u00e1 sat\u00e9nov\u011b leskl\u00fd povrch,&nbsp;hlavy jsou vysoce le\u0161t\u011bn\u00e9. Oboustrann\u00e9 vyhnut\u00e9 o\u010dkov\u00e9 kl\u00ed\u010de s dvojit\u00fdm vnit\u0159n\u00edm 6-hranem.","og_url":"https:\/\/www.domtechnikpro.com\/index.php\/produkt\/znackovy-sada-klicu-ockoplochych-cr-v-din838-7ks-30968\/","og_image":[{"width":699,"height":699,"url":"https:\/\/www.domtechnikpro.com\/wp-content\/uploads\/2026\/SK0001690-CZ20260425-092328-0-1777080210-ken5821960k_2.webp","type":"image\/webp"}],"twitter_card":"summary_large_image","schema":{"@context":"https:\/\/schema.org","@graph":[{"@type":"WebPage","@id":"https:\/\/www.domtechnikpro.com\/index.php\/produkt\/znackovy-sada-klicu-ockoplochych-cr-v-din838-7ks-30968\/","url":"https:\/\/www.domtechnikpro.com\/index.php\/produkt\/znackovy-sada-klicu-ockoplochych-cr-v-din838-7ks-30968\/","name":"Zna\u010dkov\u00fd Sada kl\u00ed\u010d\u016f o\u010dkoploch\u00fdch Cr-V DIN838 7ks -","isPartOf":{"@id":"https:\/\/www.domtechnikpro.com\/#website"},"primaryImageOfPage":{"@id":"https:\/\/www.domtechnikpro.com\/index.php\/produkt\/znackovy-sada-klicu-ockoplochych-cr-v-din838-7ks-30968\/#primaryimage"},"image":{"@id":"https:\/\/www.domtechnikpro.com\/index.php\/produkt\/znackovy-sada-klicu-ockoplochych-cr-v-din838-7ks-30968\/#primaryimage"},"thumbnailUrl":"https:\/\/www.domtechnikpro.com\/wp-content\/uploads\/2026\/SK0001690-CZ20260425-092328-0-1777080210-ken5821960k_2.webp","datePublished":"2026-04-26T08:56:52+00:00","breadcrumb":{"@id":"https:\/\/www.domtechnikpro.com\/index.php\/produkt\/znackovy-sada-klicu-ockoplochych-cr-v-din838-7ks-30968\/#breadcrumb"},"inLanguage":"cs","potentialAction":[{"@type":"ReadAction","target":["https:\/\/www.domtechnikpro.com\/index.php\/produkt\/znackovy-sada-klicu-ockoplochych-cr-v-din838-7ks-30968\/"]}]},{"@type":"ImageObject","inLanguage":"cs","@id":"https:\/\/www.domtechnikpro.com\/index.php\/produkt\/znackovy-sada-klicu-ockoplochych-cr-v-din838-7ks-30968\/#primaryimage","url":"https:\/\/www.domtechnikpro.com\/wp-content\/uploads\/2026\/SK0001690-CZ20260425-092328-0-1777080210-ken5821960k_2.webp","contentUrl":"https:\/\/www.domtechnikpro.com\/wp-content\/uploads\/2026\/SK0001690-CZ20260425-092328-0-1777080210-ken5821960k_2.webp","width":699,"height":699},{"@type":"BreadcrumbList","@id":"https:\/\/www.domtechnikpro.com\/index.php\/produkt\/znackovy-sada-klicu-ockoplochych-cr-v-din838-7ks-30968\/#breadcrumb","itemListElement":[{"@type":"ListItem","position":1,"name":"Home","item":"https:\/\/www.domtechnikpro.com\/"},{"@type":"ListItem","position":2,"name":"Products","item":"https:\/\/www.domtechnikpro.com\/index.php\/products\/"},{"@type":"ListItem","position":3,"name":"Zna\u010dkov\u00fd Sada kl\u00ed\u010d\u016f o\u010dkoploch\u00fdch Cr-V DIN838 7ks"}]},{"@type":"WebSite","@id":"https:\/\/www.domtechnikpro.com\/#website","url":"https:\/\/www.domtechnikpro.com\/","name":"","description":"","potentialAction":[{"@type":"SearchAction","target":{"@type":"EntryPoint","urlTemplate":"https:\/\/www.domtechnikpro.com\/?s={search_term_string}"},"query-input":{"@type":"PropertyValueSpecification","valueRequired":true,"valueName":"search_term_string"}}],"inLanguage":"cs"}]}},"_links":{"self":[{"href":"https:\/\/www.domtechnikpro.com\/index.php\/wp-json\/wp\/v2\/product\/30968","targetHints":{"allow":["GET"]}}],"collection":[{"href":"https:\/\/www.domtechnikpro.com\/index.php\/wp-json\/wp\/v2\/product"}],"about":[{"href":"https:\/\/www.domtechnikpro.com\/index.php\/wp-json\/wp\/v2\/types\/product"}],"replies":[{"embeddable":true,"href":"https:\/\/www.domtechnikpro.com\/index.php\/wp-json\/wp\/v2\/comments?post=30968"}],"wp:featuredmedia":[{"embeddable":true,"href":"https:\/\/www.domtechnikpro.com\/index.php\/wp-json\/wp\/v2\/media\/31068"}],"wp:attachment":[{"href":"https:\/\/www.domtechnikpro.com\/index.php\/wp-json\/wp\/v2\/media?parent=30968"}],"wp:term":[{"taxonomy":"product_brand","embeddable":true,"href":"https:\/\/www.domtechnikpro.com\/index.php\/wp-json\/wp\/v2\/product_brand?post=30968"},{"taxonomy":"product_cat","embeddable":true,"href":"https:\/\/www.domtechnikpro.com\/index.php\/wp-json\/wp\/v2\/product_cat?post=30968"},{"taxonomy":"product_tag","embeddable":true,"href":"https:\/\/www.domtechnikpro.com\/index.php\/wp-json\/wp\/v2\/product_tag?post=30968"}],"curies":[{"name":"wp","href":"https:\/\/api.w.org\/{rel}","templated":true}]}}