{"id":30380,"date":"2026-04-26T08:56:45","date_gmt":"2026-04-26T08:56:45","guid":{"rendered":""},"modified":"2026-04-26T08:56:45","modified_gmt":"2026-04-26T08:56:45","slug":"narex-kc-10-1-2-00647526-specialni-cena-30380","status":"publish","type":"product","link":"https:\/\/www.domtechnikpro.com\/index.php\/produkt\/narex-kc-10-1-2-00647526-specialni-cena-30380\/","title":{"rendered":"Narex KC 10-1\/2 00647526 Speci\u00e1ln\u00ed Cena"},"content":{"rendered":"<table>\n<div class=\"tab-pane active product-description\" id=\"popis\" role=\"tabpanel\">\n<div class=\"short-description\" itemprop=\"description\"><\/div>\n<div class=\"description\">\u25ba P\u0159ednosti v\u00fdrobku \u25c4<span class='bullet-line'>plastov\u00fd pl\u00e1\u0161\u0165<\/span><\/div>\n<div class=\"parameters\">\n<tr>\n<td>Up\u00edn\u00e1n\u00ed \/ stopka<\/td>\n<td>1\/2\u201c-20 UNF<\/td>\n<\/tr>\n<tr>\n<td>Rozsah skl\u00ed\u010didla<\/td>\n<td>1\u201310 mm<\/td>\n<\/tr><\/div>\n<\/table>\n","protected":false},"excerpt":{"rendered":"<p>\u25ba P\u0159ednosti v\u00fdrobku \u25c4plastov\u00fd pl\u00e1\u0161\u0165 Up\u00edn\u00e1n\u00ed \/ stopka 1\/2\u201c-20 UNF Rozsah skl\u00ed\u010didla 1\u201310 mm<\/p>\n","protected":false},"featured_media":30480,"comment_status":"open","ping_status":"open","template":"","meta":[],"product_brand":[],"product_cat":[113],"product_tag":[],"class_list":{"0":"post-30380","1":"product","2":"type-product","3":"status-publish","4":"has-post-thumbnail","6":"product_cat-dilna","8":"first","9":"instock","10":"sale","11":"shipping-taxable","12":"purchasable","13":"product-type-simple"},"yoast_head":"<!-- This site is optimized with the Yoast SEO plugin v26.8 - https:\/\/yoast.com\/product\/yoast-seo-wordpress\/ -->\n<title>Narex KC 10-1\/2 00647526 Speci\u00e1ln\u00ed Cena -<\/title>\n<meta name=\"robots\" content=\"index, follow, max-snippet:-1, max-image-preview:large, max-video-preview:-1\" \/>\n<link rel=\"canonical\" href=\"https:\/\/www.domtechnikpro.com\/index.php\/produkt\/narex-kc-10-1-2-00647526-specialni-cena-30380\/\" \/>\n<meta property=\"og:locale\" content=\"cs_CZ\" \/>\n<meta property=\"og:type\" content=\"article\" \/>\n<meta property=\"og:title\" content=\"Narex KC 10-1\/2 00647526 Speci\u00e1ln\u00ed Cena -\" \/>\n<meta property=\"og:description\" content=\"\u25ba P\u0159ednosti v\u00fdrobku \u25c4plastov\u00fd pl\u00e1\u0161\u0165 Up\u00edn\u00e1n\u00ed \/ stopka 1\/2\u201c-20 UNF Rozsah skl\u00ed\u010didla 1\u201310 mm\" \/>\n<meta property=\"og:url\" content=\"https:\/\/www.domtechnikpro.com\/index.php\/produkt\/narex-kc-10-1-2-00647526-specialni-cena-30380\/\" \/>\n<meta property=\"og:image\" content=\"https:\/\/www.domtechnikpro.com\/wp-content\/uploads\/2026\/SK0001401-CZ20260425-092328-0-1777080210-00647526e.webp\" \/>\n\t<meta property=\"og:image:width\" content=\"700\" \/>\n\t<meta property=\"og:image:height\" content=\"452\" \/>\n\t<meta property=\"og:image:type\" content=\"image\/webp\" \/>\n<meta name=\"twitter:card\" content=\"summary_large_image\" \/>\n<script type=\"application\/ld+json\" class=\"yoast-schema-graph\">{\"@context\":\"https:\/\/schema.org\",\"@graph\":[{\"@type\":\"WebPage\",\"@id\":\"https:\/\/www.domtechnikpro.com\/index.php\/produkt\/narex-kc-10-1-2-00647526-specialni-cena-30380\/\",\"url\":\"https:\/\/www.domtechnikpro.com\/index.php\/produkt\/narex-kc-10-1-2-00647526-specialni-cena-30380\/\",\"name\":\"Narex KC 10-1\/2 00647526 Speci\u00e1ln\u00ed Cena -\",\"isPartOf\":{\"@id\":\"https:\/\/www.domtechnikpro.com\/#website\"},\"primaryImageOfPage\":{\"@id\":\"https:\/\/www.domtechnikpro.com\/index.php\/produkt\/narex-kc-10-1-2-00647526-specialni-cena-30380\/#primaryimage\"},\"image\":{\"@id\":\"https:\/\/www.domtechnikpro.com\/index.php\/produkt\/narex-kc-10-1-2-00647526-specialni-cena-30380\/#primaryimage\"},\"thumbnailUrl\":\"https:\/\/www.domtechnikpro.com\/wp-content\/uploads\/2026\/SK0001401-CZ20260425-092328-0-1777080210-00647526e.webp\",\"datePublished\":\"2026-04-26T08:56:45+00:00\",\"breadcrumb\":{\"@id\":\"https:\/\/www.domtechnikpro.com\/index.php\/produkt\/narex-kc-10-1-2-00647526-specialni-cena-30380\/#breadcrumb\"},\"inLanguage\":\"cs\",\"potentialAction\":[{\"@type\":\"ReadAction\",\"target\":[\"https:\/\/www.domtechnikpro.com\/index.php\/produkt\/narex-kc-10-1-2-00647526-specialni-cena-30380\/\"]}]},{\"@type\":\"ImageObject\",\"inLanguage\":\"cs\",\"@id\":\"https:\/\/www.domtechnikpro.com\/index.php\/produkt\/narex-kc-10-1-2-00647526-specialni-cena-30380\/#primaryimage\",\"url\":\"https:\/\/www.domtechnikpro.com\/wp-content\/uploads\/2026\/SK0001401-CZ20260425-092328-0-1777080210-00647526e.webp\",\"contentUrl\":\"https:\/\/www.domtechnikpro.com\/wp-content\/uploads\/2026\/SK0001401-CZ20260425-092328-0-1777080210-00647526e.webp\",\"width\":700,\"height\":452},{\"@type\":\"BreadcrumbList\",\"@id\":\"https:\/\/www.domtechnikpro.com\/index.php\/produkt\/narex-kc-10-1-2-00647526-specialni-cena-30380\/#breadcrumb\",\"itemListElement\":[{\"@type\":\"ListItem\",\"position\":1,\"name\":\"Home\",\"item\":\"https:\/\/www.domtechnikpro.com\/\"},{\"@type\":\"ListItem\",\"position\":2,\"name\":\"Products\",\"item\":\"https:\/\/www.domtechnikpro.com\/index.php\/products\/\"},{\"@type\":\"ListItem\",\"position\":3,\"name\":\"Narex KC 10-1\/2 00647526 Speci\u00e1ln\u00ed Cena\"}]},{\"@type\":\"WebSite\",\"@id\":\"https:\/\/www.domtechnikpro.com\/#website\",\"url\":\"https:\/\/www.domtechnikpro.com\/\",\"name\":\"\",\"description\":\"\",\"potentialAction\":[{\"@type\":\"SearchAction\",\"target\":{\"@type\":\"EntryPoint\",\"urlTemplate\":\"https:\/\/www.domtechnikpro.com\/?s={search_term_string}\"},\"query-input\":{\"@type\":\"PropertyValueSpecification\",\"valueRequired\":true,\"valueName\":\"search_term_string\"}}],\"inLanguage\":\"cs\"}]}<\/script>\n<!-- \/ Yoast SEO plugin. -->","yoast_head_json":{"title":"Narex KC 10-1\/2 00647526 Speci\u00e1ln\u00ed Cena -","robots":{"index":"index","follow":"follow","max-snippet":"max-snippet:-1","max-image-preview":"max-image-preview:large","max-video-preview":"max-video-preview:-1"},"canonical":"https:\/\/www.domtechnikpro.com\/index.php\/produkt\/narex-kc-10-1-2-00647526-specialni-cena-30380\/","og_locale":"cs_CZ","og_type":"article","og_title":"Narex KC 10-1\/2 00647526 Speci\u00e1ln\u00ed Cena -","og_description":"\u25ba P\u0159ednosti v\u00fdrobku \u25c4plastov\u00fd pl\u00e1\u0161\u0165 Up\u00edn\u00e1n\u00ed \/ stopka 1\/2\u201c-20 UNF Rozsah skl\u00ed\u010didla 1\u201310 mm","og_url":"https:\/\/www.domtechnikpro.com\/index.php\/produkt\/narex-kc-10-1-2-00647526-specialni-cena-30380\/","og_image":[{"width":700,"height":452,"url":"https:\/\/www.domtechnikpro.com\/wp-content\/uploads\/2026\/SK0001401-CZ20260425-092328-0-1777080210-00647526e.webp","type":"image\/webp"}],"twitter_card":"summary_large_image","schema":{"@context":"https:\/\/schema.org","@graph":[{"@type":"WebPage","@id":"https:\/\/www.domtechnikpro.com\/index.php\/produkt\/narex-kc-10-1-2-00647526-specialni-cena-30380\/","url":"https:\/\/www.domtechnikpro.com\/index.php\/produkt\/narex-kc-10-1-2-00647526-specialni-cena-30380\/","name":"Narex KC 10-1\/2 00647526 Speci\u00e1ln\u00ed Cena -","isPartOf":{"@id":"https:\/\/www.domtechnikpro.com\/#website"},"primaryImageOfPage":{"@id":"https:\/\/www.domtechnikpro.com\/index.php\/produkt\/narex-kc-10-1-2-00647526-specialni-cena-30380\/#primaryimage"},"image":{"@id":"https:\/\/www.domtechnikpro.com\/index.php\/produkt\/narex-kc-10-1-2-00647526-specialni-cena-30380\/#primaryimage"},"thumbnailUrl":"https:\/\/www.domtechnikpro.com\/wp-content\/uploads\/2026\/SK0001401-CZ20260425-092328-0-1777080210-00647526e.webp","datePublished":"2026-04-26T08:56:45+00:00","breadcrumb":{"@id":"https:\/\/www.domtechnikpro.com\/index.php\/produkt\/narex-kc-10-1-2-00647526-specialni-cena-30380\/#breadcrumb"},"inLanguage":"cs","potentialAction":[{"@type":"ReadAction","target":["https:\/\/www.domtechnikpro.com\/index.php\/produkt\/narex-kc-10-1-2-00647526-specialni-cena-30380\/"]}]},{"@type":"ImageObject","inLanguage":"cs","@id":"https:\/\/www.domtechnikpro.com\/index.php\/produkt\/narex-kc-10-1-2-00647526-specialni-cena-30380\/#primaryimage","url":"https:\/\/www.domtechnikpro.com\/wp-content\/uploads\/2026\/SK0001401-CZ20260425-092328-0-1777080210-00647526e.webp","contentUrl":"https:\/\/www.domtechnikpro.com\/wp-content\/uploads\/2026\/SK0001401-CZ20260425-092328-0-1777080210-00647526e.webp","width":700,"height":452},{"@type":"BreadcrumbList","@id":"https:\/\/www.domtechnikpro.com\/index.php\/produkt\/narex-kc-10-1-2-00647526-specialni-cena-30380\/#breadcrumb","itemListElement":[{"@type":"ListItem","position":1,"name":"Home","item":"https:\/\/www.domtechnikpro.com\/"},{"@type":"ListItem","position":2,"name":"Products","item":"https:\/\/www.domtechnikpro.com\/index.php\/products\/"},{"@type":"ListItem","position":3,"name":"Narex KC 10-1\/2 00647526 Speci\u00e1ln\u00ed Cena"}]},{"@type":"WebSite","@id":"https:\/\/www.domtechnikpro.com\/#website","url":"https:\/\/www.domtechnikpro.com\/","name":"","description":"","potentialAction":[{"@type":"SearchAction","target":{"@type":"EntryPoint","urlTemplate":"https:\/\/www.domtechnikpro.com\/?s={search_term_string}"},"query-input":{"@type":"PropertyValueSpecification","valueRequired":true,"valueName":"search_term_string"}}],"inLanguage":"cs"}]}},"_links":{"self":[{"href":"https:\/\/www.domtechnikpro.com\/index.php\/wp-json\/wp\/v2\/product\/30380","targetHints":{"allow":["GET"]}}],"collection":[{"href":"https:\/\/www.domtechnikpro.com\/index.php\/wp-json\/wp\/v2\/product"}],"about":[{"href":"https:\/\/www.domtechnikpro.com\/index.php\/wp-json\/wp\/v2\/types\/product"}],"replies":[{"embeddable":true,"href":"https:\/\/www.domtechnikpro.com\/index.php\/wp-json\/wp\/v2\/comments?post=30380"}],"wp:featuredmedia":[{"embeddable":true,"href":"https:\/\/www.domtechnikpro.com\/index.php\/wp-json\/wp\/v2\/media\/30480"}],"wp:attachment":[{"href":"https:\/\/www.domtechnikpro.com\/index.php\/wp-json\/wp\/v2\/media?parent=30380"}],"wp:term":[{"taxonomy":"product_brand","embeddable":true,"href":"https:\/\/www.domtechnikpro.com\/index.php\/wp-json\/wp\/v2\/product_brand?post=30380"},{"taxonomy":"product_cat","embeddable":true,"href":"https:\/\/www.domtechnikpro.com\/index.php\/wp-json\/wp\/v2\/product_cat?post=30380"},{"taxonomy":"product_tag","embeddable":true,"href":"https:\/\/www.domtechnikpro.com\/index.php\/wp-json\/wp\/v2\/product_tag?post=30380"}],"curies":[{"name":"wp","href":"https:\/\/api.w.org\/{rel}","templated":true}]}}