{"id":30324,"date":"2026-04-26T08:56:45","date_gmt":"2026-04-26T08:56:45","guid":{"rendered":""},"modified":"2026-04-26T08:56:45","modified_gmt":"2026-04-26T08:56:45","slug":"dokud-zasoby-vydrzi-body-bumper-texture-30324","status":"publish","type":"product","link":"https:\/\/www.domtechnikpro.com\/produkt\/dokud-zasoby-vydrzi-body-bumper-texture-30324\/","title":{"rendered":"Dokud Z\u00e1soby Vydr\u017e\u00ed Body Bumper texture"},"content":{"rendered":"<div class=\"row\">\n<div class=\"col-sm-12 shp-tabs-row responsive-nav\">\n<div class=\"shp-tabs-holder\">\n<ul id=\"p-detail-tabs\" class=\"shp-tabs p-detail-tabs visible-links\" role=\"tablist\">\n<li class=\"shp-tab active\" data-testid=\"tabDescription\">                Popis            <\/li>\n<\/ul>\n<\/div><\/div>\n<div class=\"col-sm-12 \">\n<div id=\"tab-content\" class=\"tab-content\">\n<div id=\"description\" class=\"tab-pane fade in active wide-tab\" role=\"tabpanel\">\n<div class=\"description-inner\">\n<div class=\"basic-description\">                                                        Sprej Body bumper texture je rychleschnouc\u00ed barva matn\u00e9ho struktur\u00e1rn\u00edho vzhledu ur\u010den\u00e1 k aplikaci na povrchy z plastick\u00fdch hmoty (n\u00e1razn\u00edky, \u010daloun\u011bn\u00ed, zrc\u00e1tka atd.) krom\u011b polyuretanov\u00fdch. M\u016f\u017ee b\u00fdt pou\u017eit jako z\u00e1klad i vrch.<\/p>\n<p>Balen\u00ed:<br \/>sprej 400ml, 1 L      <\/p>\n<p>Odst\u00edn:<br \/>\u010dern\u00fd                            <\/div>\n<div class=\"extended-description\">\n<p><strong>Dopl\u0148kov\u00e9 parametry<\/strong><\/p>\n<table class=\"detail-parameters\">\n<tbody>\n<tr>\n<th>        <span class=\"row-header-label\">            Kategorie<span class=\"row-header-label-colon\">:<\/span>        <\/span>    <\/th>\n<td>        Spreje na plasty    <\/td>\n<\/tr>\n<tr class=\"productEan\">\n<th>          <span class=\"row-header-label productEan__label\">              EAN<span class=\"row-header-label-colon\">:<\/span>          <\/span>      <\/th>\n<td>          <span class=\"productEan__value js-productEan__value\">Zvolte variantu<\/span>      <\/td>\n<\/tr>\n<\/tbody>\n<\/table><\/div>\n<\/p><\/div>\n<\/p><\/div>\n<\/p><\/div>\n<\/p><\/div>\n<\/p><\/div>\n<\/p><\/div>\n<\/p><\/div>\n<p>                    <\/main>    <\/div>\n<\/p><\/div>\n","protected":false},"excerpt":{"rendered":"<p>Popis Sprej Body bumper texture je rychleschnouc\u00ed barva matn\u00e9ho struktur\u00e1rn\u00edho vzhledu ur\u010den\u00e1 k aplikaci na povrchy z plastick\u00fdch hmoty (n\u00e1razn\u00edky, \u010daloun\u011bn\u00ed, zrc\u00e1tka atd.) krom\u011b polyuretanov\u00fdch. M\u016f\u017ee b\u00fdt pou\u017eit jako z\u00e1klad i vrch. Balen\u00ed:sprej 400ml, 1 L Odst\u00edn:\u010dern\u00fd Dopl\u0148kov\u00e9 parametry Kategorie: Spreje na plasty EAN: Zvolte variantu<\/p>\n","protected":false},"featured_media":30424,"comment_status":"open","ping_status":"open","template":"","meta":[],"product_brand":[],"product_cat":[109],"product_tag":[],"class_list":{"0":"post-30324","1":"product","2":"type-product","3":"status-publish","4":"has-post-thumbnail","6":"product_cat-spreje","8":"first","9":"instock","10":"sale","11":"shipping-taxable","12":"purchasable","13":"product-type-simple"},"yoast_head":"<!-- This site is optimized with the Yoast SEO plugin v26.8 - https:\/\/yoast.com\/product\/yoast-seo-wordpress\/ -->\n<title>Dokud Z\u00e1soby Vydr\u017e\u00ed Body Bumper texture - Pr\u016fmyslov\u00e9 vybaven\u00ed a p\u0159\u00edslu\u0161enstv\u00ed<\/title>\n<meta name=\"robots\" content=\"index, follow, max-snippet:-1, max-image-preview:large, max-video-preview:-1\" \/>\n<link rel=\"canonical\" href=\"https:\/\/www.domtechnikpro.com\/index.php\/produkt\/dokud-zasoby-vydrzi-body-bumper-texture-30324\/\" \/>\n<meta property=\"og:locale\" content=\"cs_CZ\" \/>\n<meta property=\"og:type\" content=\"article\" \/>\n<meta property=\"og:title\" content=\"Dokud Z\u00e1soby Vydr\u017e\u00ed Body Bumper texture - Pr\u016fmyslov\u00e9 vybaven\u00ed a p\u0159\u00edslu\u0161enstv\u00ed\" \/>\n<meta property=\"og:description\" content=\"Popis Sprej Body bumper texture je rychleschnouc\u00ed barva matn\u00e9ho struktur\u00e1rn\u00edho vzhledu ur\u010den\u00e1 k aplikaci na povrchy z plastick\u00fdch hmoty (n\u00e1razn\u00edky, \u010daloun\u011bn\u00ed, zrc\u00e1tka atd.) krom\u011b polyuretanov\u00fdch. M\u016f\u017ee b\u00fdt pou\u017eit jako z\u00e1klad i vrch. Balen\u00ed:sprej 400ml, 1 L Odst\u00edn:\u010dern\u00fd Dopl\u0148kov\u00e9 parametry Kategorie: Spreje na plasty EAN: Zvolte variantu\" \/>\n<meta property=\"og:url\" content=\"https:\/\/www.domtechnikpro.com\/index.php\/produkt\/dokud-zasoby-vydrzi-body-bumper-texture-30324\/\" \/>\n<meta property=\"og:site_name\" content=\"Pr\u016fmyslov\u00e9 vybaven\u00ed a p\u0159\u00edslu\u0161enstv\u00ed\" \/>\n<meta property=\"og:image\" content=\"https:\/\/www.domtechnikpro.com\/wp-content\/uploads\/2026\/SK0002161-CZ20260425-092254-0-1777080174-32166_body-bumper-texture.webp\" \/>\n\t<meta property=\"og:image:width\" content=\"1000\" \/>\n\t<meta property=\"og:image:height\" content=\"750\" \/>\n\t<meta property=\"og:image:type\" content=\"image\/webp\" \/>\n<meta name=\"twitter:card\" content=\"summary_large_image\" \/>\n<script type=\"application\/ld+json\" class=\"yoast-schema-graph\">{\"@context\":\"https:\/\/schema.org\",\"@graph\":[{\"@type\":\"WebPage\",\"@id\":\"https:\/\/www.domtechnikpro.com\/index.php\/produkt\/dokud-zasoby-vydrzi-body-bumper-texture-30324\/\",\"url\":\"https:\/\/www.domtechnikpro.com\/index.php\/produkt\/dokud-zasoby-vydrzi-body-bumper-texture-30324\/\",\"name\":\"Dokud Z\u00e1soby Vydr\u017e\u00ed Body Bumper texture - Pr\u016fmyslov\u00e9 vybaven\u00ed a p\u0159\u00edslu\u0161enstv\u00ed\",\"isPartOf\":{\"@id\":\"https:\/\/www.domtechnikpro.com\/#website\"},\"primaryImageOfPage\":{\"@id\":\"https:\/\/www.domtechnikpro.com\/index.php\/produkt\/dokud-zasoby-vydrzi-body-bumper-texture-30324\/#primaryimage\"},\"image\":{\"@id\":\"https:\/\/www.domtechnikpro.com\/index.php\/produkt\/dokud-zasoby-vydrzi-body-bumper-texture-30324\/#primaryimage\"},\"thumbnailUrl\":\"https:\/\/www.domtechnikpro.com\/wp-content\/uploads\/2026\/SK0002161-CZ20260425-092254-0-1777080174-32166_body-bumper-texture.webp\",\"datePublished\":\"2026-04-26T08:56:45+00:00\",\"breadcrumb\":{\"@id\":\"https:\/\/www.domtechnikpro.com\/index.php\/produkt\/dokud-zasoby-vydrzi-body-bumper-texture-30324\/#breadcrumb\"},\"inLanguage\":\"cs\",\"potentialAction\":[{\"@type\":\"ReadAction\",\"target\":[\"https:\/\/www.domtechnikpro.com\/index.php\/produkt\/dokud-zasoby-vydrzi-body-bumper-texture-30324\/\"]}]},{\"@type\":\"ImageObject\",\"inLanguage\":\"cs\",\"@id\":\"https:\/\/www.domtechnikpro.com\/index.php\/produkt\/dokud-zasoby-vydrzi-body-bumper-texture-30324\/#primaryimage\",\"url\":\"https:\/\/www.domtechnikpro.com\/wp-content\/uploads\/2026\/SK0002161-CZ20260425-092254-0-1777080174-32166_body-bumper-texture.webp\",\"contentUrl\":\"https:\/\/www.domtechnikpro.com\/wp-content\/uploads\/2026\/SK0002161-CZ20260425-092254-0-1777080174-32166_body-bumper-texture.webp\",\"width\":1000,\"height\":750},{\"@type\":\"BreadcrumbList\",\"@id\":\"https:\/\/www.domtechnikpro.com\/index.php\/produkt\/dokud-zasoby-vydrzi-body-bumper-texture-30324\/#breadcrumb\",\"itemListElement\":[{\"@type\":\"ListItem\",\"position\":1,\"name\":\"Home\",\"item\":\"https:\/\/www.domtechnikpro.com\/\"},{\"@type\":\"ListItem\",\"position\":2,\"name\":\"Products\",\"item\":\"https:\/\/www.domtechnikpro.com\/products\/\"},{\"@type\":\"ListItem\",\"position\":3,\"name\":\"Dokud Z\u00e1soby Vydr\u017e\u00ed Body Bumper texture\"}]},{\"@type\":\"WebSite\",\"@id\":\"https:\/\/www.domtechnikpro.com\/#website\",\"url\":\"https:\/\/www.domtechnikpro.com\/\",\"name\":\"Pr\u016fmyslov\u00e9 vybaven\u00ed a p\u0159\u00edslu\u0161enstv\u00ed\",\"description\":\"Pr\u016fmyslov\u00e9 vybaven\u00ed a p\u0159\u00edslu\u0161enstv\u00ed\",\"publisher\":{\"@id\":\"https:\/\/www.domtechnikpro.com\/#organization\"},\"potentialAction\":[{\"@type\":\"SearchAction\",\"target\":{\"@type\":\"EntryPoint\",\"urlTemplate\":\"https:\/\/www.domtechnikpro.com\/?s={search_term_string}\"},\"query-input\":{\"@type\":\"PropertyValueSpecification\",\"valueRequired\":true,\"valueName\":\"search_term_string\"}}],\"inLanguage\":\"cs\"},{\"@type\":\"Organization\",\"@id\":\"https:\/\/www.domtechnikpro.com\/#organization\",\"name\":\"Pr\u016fmyslov\u00e9 vybaven\u00ed a p\u0159\u00edslu\u0161enstv\u00ed\",\"url\":\"https:\/\/www.domtechnikpro.com\/\",\"logo\":{\"@type\":\"ImageObject\",\"inLanguage\":\"cs\",\"@id\":\"https:\/\/www.domtechnikpro.com\/#\/schema\/logo\/image\/\",\"url\":\"https:\/\/www.domtechnikpro.com\/wp-content\/uploads\/2026\/04\/domtechnikpro_logo_full.svg\",\"contentUrl\":\"https:\/\/www.domtechnikpro.com\/wp-content\/uploads\/2026\/04\/domtechnikpro_logo_full.svg\",\"width\":920,\"height\":180,\"caption\":\"Pr\u016fmyslov\u00e9 vybaven\u00ed a p\u0159\u00edslu\u0161enstv\u00ed\"},\"image\":{\"@id\":\"https:\/\/www.domtechnikpro.com\/#\/schema\/logo\/image\/\"}}]}<\/script>\n<!-- \/ Yoast SEO plugin. -->","yoast_head_json":{"title":"Dokud Z\u00e1soby Vydr\u017e\u00ed Body Bumper texture - Pr\u016fmyslov\u00e9 vybaven\u00ed a p\u0159\u00edslu\u0161enstv\u00ed","robots":{"index":"index","follow":"follow","max-snippet":"max-snippet:-1","max-image-preview":"max-image-preview:large","max-video-preview":"max-video-preview:-1"},"canonical":"https:\/\/www.domtechnikpro.com\/index.php\/produkt\/dokud-zasoby-vydrzi-body-bumper-texture-30324\/","og_locale":"cs_CZ","og_type":"article","og_title":"Dokud Z\u00e1soby Vydr\u017e\u00ed Body Bumper texture - Pr\u016fmyslov\u00e9 vybaven\u00ed a p\u0159\u00edslu\u0161enstv\u00ed","og_description":"Popis Sprej Body bumper texture je rychleschnouc\u00ed barva matn\u00e9ho struktur\u00e1rn\u00edho vzhledu ur\u010den\u00e1 k aplikaci na povrchy z plastick\u00fdch hmoty (n\u00e1razn\u00edky, \u010daloun\u011bn\u00ed, zrc\u00e1tka atd.) krom\u011b polyuretanov\u00fdch. M\u016f\u017ee b\u00fdt pou\u017eit jako z\u00e1klad i vrch. Balen\u00ed:sprej 400ml, 1 L Odst\u00edn:\u010dern\u00fd Dopl\u0148kov\u00e9 parametry Kategorie: Spreje na plasty EAN: Zvolte variantu","og_url":"https:\/\/www.domtechnikpro.com\/index.php\/produkt\/dokud-zasoby-vydrzi-body-bumper-texture-30324\/","og_site_name":"Pr\u016fmyslov\u00e9 vybaven\u00ed a p\u0159\u00edslu\u0161enstv\u00ed","og_image":[{"width":1000,"height":750,"url":"https:\/\/www.domtechnikpro.com\/wp-content\/uploads\/2026\/SK0002161-CZ20260425-092254-0-1777080174-32166_body-bumper-texture.webp","type":"image\/webp"}],"twitter_card":"summary_large_image","schema":{"@context":"https:\/\/schema.org","@graph":[{"@type":"WebPage","@id":"https:\/\/www.domtechnikpro.com\/index.php\/produkt\/dokud-zasoby-vydrzi-body-bumper-texture-30324\/","url":"https:\/\/www.domtechnikpro.com\/index.php\/produkt\/dokud-zasoby-vydrzi-body-bumper-texture-30324\/","name":"Dokud Z\u00e1soby Vydr\u017e\u00ed Body Bumper texture - Pr\u016fmyslov\u00e9 vybaven\u00ed a p\u0159\u00edslu\u0161enstv\u00ed","isPartOf":{"@id":"https:\/\/www.domtechnikpro.com\/#website"},"primaryImageOfPage":{"@id":"https:\/\/www.domtechnikpro.com\/index.php\/produkt\/dokud-zasoby-vydrzi-body-bumper-texture-30324\/#primaryimage"},"image":{"@id":"https:\/\/www.domtechnikpro.com\/index.php\/produkt\/dokud-zasoby-vydrzi-body-bumper-texture-30324\/#primaryimage"},"thumbnailUrl":"https:\/\/www.domtechnikpro.com\/wp-content\/uploads\/2026\/SK0002161-CZ20260425-092254-0-1777080174-32166_body-bumper-texture.webp","datePublished":"2026-04-26T08:56:45+00:00","breadcrumb":{"@id":"https:\/\/www.domtechnikpro.com\/index.php\/produkt\/dokud-zasoby-vydrzi-body-bumper-texture-30324\/#breadcrumb"},"inLanguage":"cs","potentialAction":[{"@type":"ReadAction","target":["https:\/\/www.domtechnikpro.com\/index.php\/produkt\/dokud-zasoby-vydrzi-body-bumper-texture-30324\/"]}]},{"@type":"ImageObject","inLanguage":"cs","@id":"https:\/\/www.domtechnikpro.com\/index.php\/produkt\/dokud-zasoby-vydrzi-body-bumper-texture-30324\/#primaryimage","url":"https:\/\/www.domtechnikpro.com\/wp-content\/uploads\/2026\/SK0002161-CZ20260425-092254-0-1777080174-32166_body-bumper-texture.webp","contentUrl":"https:\/\/www.domtechnikpro.com\/wp-content\/uploads\/2026\/SK0002161-CZ20260425-092254-0-1777080174-32166_body-bumper-texture.webp","width":1000,"height":750},{"@type":"BreadcrumbList","@id":"https:\/\/www.domtechnikpro.com\/index.php\/produkt\/dokud-zasoby-vydrzi-body-bumper-texture-30324\/#breadcrumb","itemListElement":[{"@type":"ListItem","position":1,"name":"Home","item":"https:\/\/www.domtechnikpro.com\/"},{"@type":"ListItem","position":2,"name":"Products","item":"https:\/\/www.domtechnikpro.com\/products\/"},{"@type":"ListItem","position":3,"name":"Dokud Z\u00e1soby Vydr\u017e\u00ed Body Bumper texture"}]},{"@type":"WebSite","@id":"https:\/\/www.domtechnikpro.com\/#website","url":"https:\/\/www.domtechnikpro.com\/","name":"Pr\u016fmyslov\u00e9 vybaven\u00ed a p\u0159\u00edslu\u0161enstv\u00ed","description":"Pr\u016fmyslov\u00e9 vybaven\u00ed a p\u0159\u00edslu\u0161enstv\u00ed","publisher":{"@id":"https:\/\/www.domtechnikpro.com\/#organization"},"potentialAction":[{"@type":"SearchAction","target":{"@type":"EntryPoint","urlTemplate":"https:\/\/www.domtechnikpro.com\/?s={search_term_string}"},"query-input":{"@type":"PropertyValueSpecification","valueRequired":true,"valueName":"search_term_string"}}],"inLanguage":"cs"},{"@type":"Organization","@id":"https:\/\/www.domtechnikpro.com\/#organization","name":"Pr\u016fmyslov\u00e9 vybaven\u00ed a p\u0159\u00edslu\u0161enstv\u00ed","url":"https:\/\/www.domtechnikpro.com\/","logo":{"@type":"ImageObject","inLanguage":"cs","@id":"https:\/\/www.domtechnikpro.com\/#\/schema\/logo\/image\/","url":"https:\/\/www.domtechnikpro.com\/wp-content\/uploads\/2026\/04\/domtechnikpro_logo_full.svg","contentUrl":"https:\/\/www.domtechnikpro.com\/wp-content\/uploads\/2026\/04\/domtechnikpro_logo_full.svg","width":920,"height":180,"caption":"Pr\u016fmyslov\u00e9 vybaven\u00ed a p\u0159\u00edslu\u0161enstv\u00ed"},"image":{"@id":"https:\/\/www.domtechnikpro.com\/#\/schema\/logo\/image\/"}}]}},"_links":{"self":[{"href":"https:\/\/www.domtechnikpro.com\/wp-json\/wp\/v2\/product\/30324","targetHints":{"allow":["GET"]}}],"collection":[{"href":"https:\/\/www.domtechnikpro.com\/wp-json\/wp\/v2\/product"}],"about":[{"href":"https:\/\/www.domtechnikpro.com\/wp-json\/wp\/v2\/types\/product"}],"replies":[{"embeddable":true,"href":"https:\/\/www.domtechnikpro.com\/wp-json\/wp\/v2\/comments?post=30324"}],"wp:featuredmedia":[{"embeddable":true,"href":"https:\/\/www.domtechnikpro.com\/wp-json\/wp\/v2\/media\/30424"}],"wp:attachment":[{"href":"https:\/\/www.domtechnikpro.com\/wp-json\/wp\/v2\/media?parent=30324"}],"wp:term":[{"taxonomy":"product_brand","embeddable":true,"href":"https:\/\/www.domtechnikpro.com\/wp-json\/wp\/v2\/product_brand?post=30324"},{"taxonomy":"product_cat","embeddable":true,"href":"https:\/\/www.domtechnikpro.com\/wp-json\/wp\/v2\/product_cat?post=30324"},{"taxonomy":"product_tag","embeddable":true,"href":"https:\/\/www.domtechnikpro.com\/wp-json\/wp\/v2\/product_tag?post=30324"}],"curies":[{"name":"wp","href":"https:\/\/api.w.org\/{rel}","templated":true}]}}