{"id":30150,"date":"2026-04-26T08:56:43","date_gmt":"2026-04-26T08:56:43","guid":{"rendered":""},"modified":"2026-04-26T08:56:43","modified_gmt":"2026-04-26T08:56:43","slug":"body-sprej-496-clear-lak-vysoce-kvalitni-30150","status":"publish","type":"product","link":"https:\/\/www.domtechnikpro.com\/index.php\/produkt\/body-sprej-496-clear-lak-vysoce-kvalitni-30150\/","title":{"rendered":"Body Sprej 496 Clear lak Vysoce Kvalitn\u00ed"},"content":{"rendered":"<div class=\"row\">\n<div class=\"col-sm-12 shp-tabs-row responsive-nav\">\n<div class=\"shp-tabs-holder\">\n<ul id=\"p-detail-tabs\" class=\"shp-tabs p-detail-tabs visible-links\" role=\"tablist\">\n<li class=\"shp-tab active\" data-testid=\"tabDescription\">                Popis            <\/li>\n<\/ul>\n<\/div><\/div>\n<div class=\"col-sm-12 \">\n<div id=\"tab-content\" class=\"tab-content\">\n<div id=\"description\" class=\"tab-pane fade in active wide-tab\" role=\"tabpanel\">\n<div class=\"description-inner\">\n<div class=\"basic-description\">                                                        Sprej Body 496 clear lak je akryl\u00e1tov\u00fd transparentn\u00ed 2K lak ve spreji. Je ur\u010den p\u0159edev\u0161\u00edm k n\u00e1st\u0159ik\u016fm metal\u00edz jako ukon\u010dovac\u00ed vrstva. Tento lak m\u00e1 vynikaj\u00edc\u00ed odolnost v\u016f\u010di klimatick\u00fdm podm\u00ednk\u00e1m a mechanick\u00e9mu opot\u0159eben\u00ed. Nan\u00e1\u0161\u00ed se p\u0159edev\u0161\u00edm na kovov\u00e9 p\u0159edm\u011bty.  Balen\u00ed: sprej 400ml        Odst\u00edn: Transparent                            <\/div>\n<div class=\"extended-description\">\n<p><strong>Dopl\u0148kov\u00e9 parametry<\/strong><\/p>\n<table class=\"detail-parameters\">\n<tbody>\n<tr>\n<th>        <span class=\"row-header-label\">            Kategorie<span class=\"row-header-label-colon\">:<\/span>        <\/span>    <\/th>\n<td>        Autokosmetika    <\/td>\n<\/tr>\n<tr class=\"productEan\">\n<th>          <span class=\"row-header-label productEan__label\">              EAN<span class=\"row-header-label-colon\">:<\/span>          <\/span>      <\/th>\n<td>          <span class=\"productEan__value js-productEan__value\">5203473520012<\/span>      <\/td>\n<\/tr>\n<\/tbody>\n<\/table><\/div>\n<\/p><\/div>\n<\/p><\/div>\n<\/p><\/div>\n<\/p><\/div>\n<\/p><\/div>\n<\/p><\/div>\n<\/p><\/div>\n<p>                    <\/main>    <\/div>\n<\/p><\/div>\n","protected":false},"excerpt":{"rendered":"<p>Popis Sprej Body 496 clear lak je akryl\u00e1tov\u00fd transparentn\u00ed 2K lak ve spreji. Je ur\u010den p\u0159edev\u0161\u00edm k n\u00e1st\u0159ik\u016fm metal\u00edz jako ukon\u010dovac\u00ed vrstva. Tento lak m\u00e1 vynikaj\u00edc\u00ed odolnost v\u016f\u010di klimatick\u00fdm podm\u00ednk\u00e1m a mechanick\u00e9mu opot\u0159eben\u00ed. Nan\u00e1\u0161\u00ed se p\u0159edev\u0161\u00edm na kovov\u00e9 p\u0159edm\u011bty. Balen\u00ed: sprej 400ml Odst\u00edn: Transparent Dopl\u0148kov\u00e9 parametry Kategorie: Autokosmetika EAN: 5203473520012<\/p>\n","protected":false},"featured_media":30250,"comment_status":"open","ping_status":"open","template":"","meta":[],"product_brand":[],"product_cat":[107],"product_tag":[],"class_list":{"0":"post-30150","1":"product","2":"type-product","3":"status-publish","4":"has-post-thumbnail","6":"product_cat-auto-moto","8":"first","9":"instock","10":"sale","11":"shipping-taxable","12":"purchasable","13":"product-type-simple"},"yoast_head":"<!-- This site is optimized with the Yoast SEO plugin v26.8 - https:\/\/yoast.com\/product\/yoast-seo-wordpress\/ -->\n<title>Body Sprej 496 Clear lak Vysoce Kvalitn\u00ed -<\/title>\n<meta name=\"robots\" content=\"index, follow, max-snippet:-1, max-image-preview:large, max-video-preview:-1\" \/>\n<link rel=\"canonical\" href=\"https:\/\/www.domtechnikpro.com\/index.php\/produkt\/body-sprej-496-clear-lak-vysoce-kvalitni-30150\/\" \/>\n<meta property=\"og:locale\" content=\"cs_CZ\" \/>\n<meta property=\"og:type\" content=\"article\" \/>\n<meta property=\"og:title\" content=\"Body Sprej 496 Clear lak Vysoce Kvalitn\u00ed -\" \/>\n<meta property=\"og:description\" content=\"Popis Sprej Body 496 clear lak je akryl\u00e1tov\u00fd transparentn\u00ed 2K lak ve spreji. Je ur\u010den p\u0159edev\u0161\u00edm k n\u00e1st\u0159ik\u016fm metal\u00edz jako ukon\u010dovac\u00ed vrstva. Tento lak m\u00e1 vynikaj\u00edc\u00ed odolnost v\u016f\u010di klimatick\u00fdm podm\u00ednk\u00e1m a mechanick\u00e9mu opot\u0159eben\u00ed. Nan\u00e1\u0161\u00ed se p\u0159edev\u0161\u00edm na kovov\u00e9 p\u0159edm\u011bty. Balen\u00ed: sprej 400ml Odst\u00edn: Transparent Dopl\u0148kov\u00e9 parametry Kategorie: Autokosmetika EAN: 5203473520012\" \/>\n<meta property=\"og:url\" content=\"https:\/\/www.domtechnikpro.com\/index.php\/produkt\/body-sprej-496-clear-lak-vysoce-kvalitni-30150\/\" \/>\n<meta property=\"og:image\" content=\"https:\/\/www.domtechnikpro.com\/wp-content\/uploads\/2026\/SK0002087-CZ20260425-092254-0-1777080174-31146_body-496.webp\" \/>\n\t<meta property=\"og:image:width\" content=\"1000\" \/>\n\t<meta property=\"og:image:height\" content=\"750\" \/>\n\t<meta property=\"og:image:type\" content=\"image\/webp\" \/>\n<meta name=\"twitter:card\" content=\"summary_large_image\" \/>\n<script type=\"application\/ld+json\" class=\"yoast-schema-graph\">{\"@context\":\"https:\/\/schema.org\",\"@graph\":[{\"@type\":\"WebPage\",\"@id\":\"https:\/\/www.domtechnikpro.com\/index.php\/produkt\/body-sprej-496-clear-lak-vysoce-kvalitni-30150\/\",\"url\":\"https:\/\/www.domtechnikpro.com\/index.php\/produkt\/body-sprej-496-clear-lak-vysoce-kvalitni-30150\/\",\"name\":\"Body Sprej 496 Clear lak Vysoce Kvalitn\u00ed -\",\"isPartOf\":{\"@id\":\"https:\/\/www.domtechnikpro.com\/#website\"},\"primaryImageOfPage\":{\"@id\":\"https:\/\/www.domtechnikpro.com\/index.php\/produkt\/body-sprej-496-clear-lak-vysoce-kvalitni-30150\/#primaryimage\"},\"image\":{\"@id\":\"https:\/\/www.domtechnikpro.com\/index.php\/produkt\/body-sprej-496-clear-lak-vysoce-kvalitni-30150\/#primaryimage\"},\"thumbnailUrl\":\"https:\/\/www.domtechnikpro.com\/wp-content\/uploads\/2026\/SK0002087-CZ20260425-092254-0-1777080174-31146_body-496.webp\",\"datePublished\":\"2026-04-26T08:56:43+00:00\",\"breadcrumb\":{\"@id\":\"https:\/\/www.domtechnikpro.com\/index.php\/produkt\/body-sprej-496-clear-lak-vysoce-kvalitni-30150\/#breadcrumb\"},\"inLanguage\":\"cs\",\"potentialAction\":[{\"@type\":\"ReadAction\",\"target\":[\"https:\/\/www.domtechnikpro.com\/index.php\/produkt\/body-sprej-496-clear-lak-vysoce-kvalitni-30150\/\"]}]},{\"@type\":\"ImageObject\",\"inLanguage\":\"cs\",\"@id\":\"https:\/\/www.domtechnikpro.com\/index.php\/produkt\/body-sprej-496-clear-lak-vysoce-kvalitni-30150\/#primaryimage\",\"url\":\"https:\/\/www.domtechnikpro.com\/wp-content\/uploads\/2026\/SK0002087-CZ20260425-092254-0-1777080174-31146_body-496.webp\",\"contentUrl\":\"https:\/\/www.domtechnikpro.com\/wp-content\/uploads\/2026\/SK0002087-CZ20260425-092254-0-1777080174-31146_body-496.webp\",\"width\":1000,\"height\":750},{\"@type\":\"BreadcrumbList\",\"@id\":\"https:\/\/www.domtechnikpro.com\/index.php\/produkt\/body-sprej-496-clear-lak-vysoce-kvalitni-30150\/#breadcrumb\",\"itemListElement\":[{\"@type\":\"ListItem\",\"position\":1,\"name\":\"Home\",\"item\":\"https:\/\/www.domtechnikpro.com\/\"},{\"@type\":\"ListItem\",\"position\":2,\"name\":\"Products\",\"item\":\"https:\/\/www.domtechnikpro.com\/index.php\/products\/\"},{\"@type\":\"ListItem\",\"position\":3,\"name\":\"Body Sprej 496 Clear lak Vysoce Kvalitn\u00ed\"}]},{\"@type\":\"WebSite\",\"@id\":\"https:\/\/www.domtechnikpro.com\/#website\",\"url\":\"https:\/\/www.domtechnikpro.com\/\",\"name\":\"\",\"description\":\"\",\"potentialAction\":[{\"@type\":\"SearchAction\",\"target\":{\"@type\":\"EntryPoint\",\"urlTemplate\":\"https:\/\/www.domtechnikpro.com\/?s={search_term_string}\"},\"query-input\":{\"@type\":\"PropertyValueSpecification\",\"valueRequired\":true,\"valueName\":\"search_term_string\"}}],\"inLanguage\":\"cs\"}]}<\/script>\n<!-- \/ Yoast SEO plugin. -->","yoast_head_json":{"title":"Body Sprej 496 Clear lak Vysoce Kvalitn\u00ed -","robots":{"index":"index","follow":"follow","max-snippet":"max-snippet:-1","max-image-preview":"max-image-preview:large","max-video-preview":"max-video-preview:-1"},"canonical":"https:\/\/www.domtechnikpro.com\/index.php\/produkt\/body-sprej-496-clear-lak-vysoce-kvalitni-30150\/","og_locale":"cs_CZ","og_type":"article","og_title":"Body Sprej 496 Clear lak Vysoce Kvalitn\u00ed -","og_description":"Popis Sprej Body 496 clear lak je akryl\u00e1tov\u00fd transparentn\u00ed 2K lak ve spreji. Je ur\u010den p\u0159edev\u0161\u00edm k n\u00e1st\u0159ik\u016fm metal\u00edz jako ukon\u010dovac\u00ed vrstva. Tento lak m\u00e1 vynikaj\u00edc\u00ed odolnost v\u016f\u010di klimatick\u00fdm podm\u00ednk\u00e1m a mechanick\u00e9mu opot\u0159eben\u00ed. Nan\u00e1\u0161\u00ed se p\u0159edev\u0161\u00edm na kovov\u00e9 p\u0159edm\u011bty. Balen\u00ed: sprej 400ml Odst\u00edn: Transparent Dopl\u0148kov\u00e9 parametry Kategorie: Autokosmetika EAN: 5203473520012","og_url":"https:\/\/www.domtechnikpro.com\/index.php\/produkt\/body-sprej-496-clear-lak-vysoce-kvalitni-30150\/","og_image":[{"width":1000,"height":750,"url":"https:\/\/www.domtechnikpro.com\/wp-content\/uploads\/2026\/SK0002087-CZ20260425-092254-0-1777080174-31146_body-496.webp","type":"image\/webp"}],"twitter_card":"summary_large_image","schema":{"@context":"https:\/\/schema.org","@graph":[{"@type":"WebPage","@id":"https:\/\/www.domtechnikpro.com\/index.php\/produkt\/body-sprej-496-clear-lak-vysoce-kvalitni-30150\/","url":"https:\/\/www.domtechnikpro.com\/index.php\/produkt\/body-sprej-496-clear-lak-vysoce-kvalitni-30150\/","name":"Body Sprej 496 Clear lak Vysoce Kvalitn\u00ed -","isPartOf":{"@id":"https:\/\/www.domtechnikpro.com\/#website"},"primaryImageOfPage":{"@id":"https:\/\/www.domtechnikpro.com\/index.php\/produkt\/body-sprej-496-clear-lak-vysoce-kvalitni-30150\/#primaryimage"},"image":{"@id":"https:\/\/www.domtechnikpro.com\/index.php\/produkt\/body-sprej-496-clear-lak-vysoce-kvalitni-30150\/#primaryimage"},"thumbnailUrl":"https:\/\/www.domtechnikpro.com\/wp-content\/uploads\/2026\/SK0002087-CZ20260425-092254-0-1777080174-31146_body-496.webp","datePublished":"2026-04-26T08:56:43+00:00","breadcrumb":{"@id":"https:\/\/www.domtechnikpro.com\/index.php\/produkt\/body-sprej-496-clear-lak-vysoce-kvalitni-30150\/#breadcrumb"},"inLanguage":"cs","potentialAction":[{"@type":"ReadAction","target":["https:\/\/www.domtechnikpro.com\/index.php\/produkt\/body-sprej-496-clear-lak-vysoce-kvalitni-30150\/"]}]},{"@type":"ImageObject","inLanguage":"cs","@id":"https:\/\/www.domtechnikpro.com\/index.php\/produkt\/body-sprej-496-clear-lak-vysoce-kvalitni-30150\/#primaryimage","url":"https:\/\/www.domtechnikpro.com\/wp-content\/uploads\/2026\/SK0002087-CZ20260425-092254-0-1777080174-31146_body-496.webp","contentUrl":"https:\/\/www.domtechnikpro.com\/wp-content\/uploads\/2026\/SK0002087-CZ20260425-092254-0-1777080174-31146_body-496.webp","width":1000,"height":750},{"@type":"BreadcrumbList","@id":"https:\/\/www.domtechnikpro.com\/index.php\/produkt\/body-sprej-496-clear-lak-vysoce-kvalitni-30150\/#breadcrumb","itemListElement":[{"@type":"ListItem","position":1,"name":"Home","item":"https:\/\/www.domtechnikpro.com\/"},{"@type":"ListItem","position":2,"name":"Products","item":"https:\/\/www.domtechnikpro.com\/index.php\/products\/"},{"@type":"ListItem","position":3,"name":"Body Sprej 496 Clear lak Vysoce Kvalitn\u00ed"}]},{"@type":"WebSite","@id":"https:\/\/www.domtechnikpro.com\/#website","url":"https:\/\/www.domtechnikpro.com\/","name":"","description":"","potentialAction":[{"@type":"SearchAction","target":{"@type":"EntryPoint","urlTemplate":"https:\/\/www.domtechnikpro.com\/?s={search_term_string}"},"query-input":{"@type":"PropertyValueSpecification","valueRequired":true,"valueName":"search_term_string"}}],"inLanguage":"cs"}]}},"_links":{"self":[{"href":"https:\/\/www.domtechnikpro.com\/index.php\/wp-json\/wp\/v2\/product\/30150","targetHints":{"allow":["GET"]}}],"collection":[{"href":"https:\/\/www.domtechnikpro.com\/index.php\/wp-json\/wp\/v2\/product"}],"about":[{"href":"https:\/\/www.domtechnikpro.com\/index.php\/wp-json\/wp\/v2\/types\/product"}],"replies":[{"embeddable":true,"href":"https:\/\/www.domtechnikpro.com\/index.php\/wp-json\/wp\/v2\/comments?post=30150"}],"wp:featuredmedia":[{"embeddable":true,"href":"https:\/\/www.domtechnikpro.com\/index.php\/wp-json\/wp\/v2\/media\/30250"}],"wp:attachment":[{"href":"https:\/\/www.domtechnikpro.com\/index.php\/wp-json\/wp\/v2\/media?parent=30150"}],"wp:term":[{"taxonomy":"product_brand","embeddable":true,"href":"https:\/\/www.domtechnikpro.com\/index.php\/wp-json\/wp\/v2\/product_brand?post=30150"},{"taxonomy":"product_cat","embeddable":true,"href":"https:\/\/www.domtechnikpro.com\/index.php\/wp-json\/wp\/v2\/product_cat?post=30150"},{"taxonomy":"product_tag","embeddable":true,"href":"https:\/\/www.domtechnikpro.com\/index.php\/wp-json\/wp\/v2\/product_tag?post=30150"}],"curies":[{"name":"wp","href":"https:\/\/api.w.org\/{rel}","templated":true}]}}