{"id":30143,"date":"2026-04-26T08:56:43","date_gmt":"2026-04-26T08:56:43","guid":{"rendered":""},"modified":"2026-04-26T08:56:43","modified_gmt":"2026-04-26T08:56:43","slug":"hb-body-p333-plnic-3-1-sleva-30143","status":"publish","type":"product","link":"https:\/\/www.domtechnikpro.com\/produkt\/hb-body-p333-plnic-3-1-sleva-30143\/","title":{"rendered":"HB Body P333 Plni\u010d 3:1 Sleva"},"content":{"rendered":"<div class=\"row\">\n<div class=\"col-sm-12 shp-tabs-row responsive-nav\">\n<div class=\"shp-tabs-holder\">\n<ul id=\"p-detail-tabs\" class=\"shp-tabs p-detail-tabs visible-links\" role=\"tablist\">\n<li class=\"shp-tab active\" data-testid=\"tabDescription\">                Popis            <\/li>\n<\/ul>\n<\/div><\/div>\n<div class=\"col-sm-12 \">\n<div id=\"tab-content\" class=\"tab-content\">\n<div id=\"description\" class=\"tab-pane fade in active wide-tab\" role=\"tabpanel\">\n<div class=\"description-inner\">\n<div class=\"basic-description\">                                                        Body pro P333 je vhodn\u00fd na star\u00e9 n\u00e1t\u011bry nebo na nov\u00e9 nebrou\u0161en\u00e9 origin\u00e1ln\u00ed n\u00e1hradn\u00ed d\u00edly (O.E.M. \/ E-COAT). Plni\u010d m\u016f\u017eeme aplikovat dv\u011bma zp\u016fsoby, a to standartn\u011b (po zaschnut\u00ed brousit brusn\u00fdm pap\u00edrem) nebo p\u0159\u00edmo \u201emokr\u00e9 do mokr\u00e9ho\u201c. D\u00edky jeho vysok\u00e9 pln\u00edc\u00ed schopnosti a tixotropnosti ho lze nan\u00e1\u0161et v siln\u011bj\u0161\u00edch vrstv\u00e1ch. Rychl\u00e9 schnut\u00ed a v\u00fdborn\u00e9 vyrovn\u00e1vac\u00ed schopnosti tohoto materi\u00e1lu zaru\u010duj\u00ed jeho ekonomick\u00e9 nan\u00e1\u0161en\u00ed a rychl\u00e9 brou\u0161en\u00ed. <\/p>\n<p>Tu\u017e\u00ed se v pom\u011bru 3:1 tu\u017eidlem BODY HARDENER H725. Jednou z jeho nejv\u011bt\u0161\u00edch v\u00fdhod je, \u017ee je p\u0159ipraven\u00fd k brou\u0161en\u00ed u\u017e po 2 hodin\u00e1ch su\u0161en\u00ed na vzduchu p\u0159i 23oC. Pou\u017eit\u00edm urychlova\u010de HB BODY PRO A715 TURBO AX se doba schnut\u00ed v\u00fdrazn\u011b zkracuje.<\/p>\n<p>Balen\u00ed : 1lt, 3lt     Odst\u00edn : b\u00edl\u00fd, \u010dern\u00fd, \u0161ed\u00fd                            <\/p><\/div>\n<div class=\"extended-description\">\n<p><strong>Dopl\u0148kov\u00e9 parametry<\/strong><\/p>\n<table class=\"detail-parameters\">\n<tbody>\n<tr>\n<th>        <span class=\"row-header-label\">            Kategorie<span class=\"row-header-label-colon\">:<\/span>        <\/span>    <\/th>\n<td>        T\u011bsn\u00edc\u00ed tmely a materi\u00e1ly    <\/td>\n<\/tr>\n<tr class=\"productEan\">\n<th>          <span class=\"row-header-label productEan__label\">              EAN<span class=\"row-header-label-colon\">:<\/span>          <\/span>      <\/th>\n<td>          <span class=\"productEan__value js-productEan__value\">Zvolte variantu<\/span>      <\/td>\n<\/tr>\n<\/tbody>\n<\/table><\/div>\n<\/p><\/div>\n<\/p><\/div>\n<\/p><\/div>\n<\/p><\/div>\n<\/p><\/div>\n<\/p><\/div>\n<\/p><\/div>\n<p>                    <\/main>    <\/div>\n<\/p><\/div>\n","protected":false},"excerpt":{"rendered":"<p>Popis Body pro P333 je vhodn\u00fd na star\u00e9 n\u00e1t\u011bry nebo na nov\u00e9 nebrou\u0161en\u00e9 origin\u00e1ln\u00ed n\u00e1hradn\u00ed d\u00edly (O.E.M. \/ E-COAT). Plni\u010d m\u016f\u017eeme aplikovat dv\u011bma zp\u016fsoby, a to standartn\u011b (po zaschnut\u00ed brousit brusn\u00fdm pap\u00edrem) nebo p\u0159\u00edmo \u201emokr\u00e9 do mokr\u00e9ho\u201c. D\u00edky jeho vysok\u00e9 pln\u00edc\u00ed schopnosti a tixotropnosti ho lze nan\u00e1\u0161et v siln\u011bj\u0161\u00edch vrstv\u00e1ch. Rychl\u00e9 schnut\u00ed a v\u00fdborn\u00e9 vyrovn\u00e1vac\u00ed [&hellip;]<\/p>\n","protected":false},"featured_media":30243,"comment_status":"open","ping_status":"open","template":"","meta":[],"product_brand":[],"product_cat":[107],"product_tag":[],"class_list":{"0":"post-30143","1":"product","2":"type-product","3":"status-publish","4":"has-post-thumbnail","6":"product_cat-auto-moto","8":"first","9":"instock","10":"sale","11":"shipping-taxable","12":"purchasable","13":"product-type-simple"},"yoast_head":"<!-- This site is optimized with the Yoast SEO plugin v26.8 - https:\/\/yoast.com\/product\/yoast-seo-wordpress\/ -->\n<title>HB Body P333 Plni\u010d 3:1 Sleva - Pr\u016fmyslov\u00e9 vybaven\u00ed a p\u0159\u00edslu\u0161enstv\u00ed<\/title>\n<meta name=\"robots\" content=\"index, follow, max-snippet:-1, max-image-preview:large, max-video-preview:-1\" \/>\n<link rel=\"canonical\" href=\"https:\/\/www.domtechnikpro.com\/index.php\/produkt\/hb-body-p333-plnic-3-1-sleva-30143\/\" \/>\n<meta property=\"og:locale\" content=\"cs_CZ\" \/>\n<meta property=\"og:type\" content=\"article\" \/>\n<meta property=\"og:title\" content=\"HB Body P333 Plni\u010d 3:1 Sleva - Pr\u016fmyslov\u00e9 vybaven\u00ed a p\u0159\u00edslu\u0161enstv\u00ed\" \/>\n<meta property=\"og:description\" content=\"Popis Body pro P333 je vhodn\u00fd na star\u00e9 n\u00e1t\u011bry nebo na nov\u00e9 nebrou\u0161en\u00e9 origin\u00e1ln\u00ed n\u00e1hradn\u00ed d\u00edly (O.E.M. \/ E-COAT). Plni\u010d m\u016f\u017eeme aplikovat dv\u011bma zp\u016fsoby, a to standartn\u011b (po zaschnut\u00ed brousit brusn\u00fdm pap\u00edrem) nebo p\u0159\u00edmo \u201emokr\u00e9 do mokr\u00e9ho\u201c. D\u00edky jeho vysok\u00e9 pln\u00edc\u00ed schopnosti a tixotropnosti ho lze nan\u00e1\u0161et v siln\u011bj\u0161\u00edch vrstv\u00e1ch. Rychl\u00e9 schnut\u00ed a v\u00fdborn\u00e9 vyrovn\u00e1vac\u00ed [&hellip;]\" \/>\n<meta property=\"og:url\" content=\"https:\/\/www.domtechnikpro.com\/index.php\/produkt\/hb-body-p333-plnic-3-1-sleva-30143\/\" \/>\n<meta property=\"og:site_name\" content=\"Pr\u016fmyslov\u00e9 vybaven\u00ed a p\u0159\u00edslu\u0161enstv\u00ed\" \/>\n<meta property=\"og:image\" content=\"https:\/\/www.domtechnikpro.com\/wp-content\/uploads\/2026\/SK0002080-CZ20260425-092254-0-1777080174-31125_body-pro-p333.webp\" \/>\n\t<meta property=\"og:image:width\" content=\"1000\" \/>\n\t<meta property=\"og:image:height\" content=\"750\" \/>\n\t<meta property=\"og:image:type\" content=\"image\/webp\" \/>\n<meta name=\"twitter:card\" content=\"summary_large_image\" \/>\n<meta name=\"twitter:label1\" content=\"Odhadovan\u00e1 doba \u010dten\u00ed\" \/>\n\t<meta name=\"twitter:data1\" content=\"1 minuta\" \/>\n<script type=\"application\/ld+json\" class=\"yoast-schema-graph\">{\"@context\":\"https:\/\/schema.org\",\"@graph\":[{\"@type\":\"WebPage\",\"@id\":\"https:\/\/www.domtechnikpro.com\/index.php\/produkt\/hb-body-p333-plnic-3-1-sleva-30143\/\",\"url\":\"https:\/\/www.domtechnikpro.com\/index.php\/produkt\/hb-body-p333-plnic-3-1-sleva-30143\/\",\"name\":\"HB Body P333 Plni\u010d 3:1 Sleva - Pr\u016fmyslov\u00e9 vybaven\u00ed a p\u0159\u00edslu\u0161enstv\u00ed\",\"isPartOf\":{\"@id\":\"https:\/\/www.domtechnikpro.com\/#website\"},\"primaryImageOfPage\":{\"@id\":\"https:\/\/www.domtechnikpro.com\/index.php\/produkt\/hb-body-p333-plnic-3-1-sleva-30143\/#primaryimage\"},\"image\":{\"@id\":\"https:\/\/www.domtechnikpro.com\/index.php\/produkt\/hb-body-p333-plnic-3-1-sleva-30143\/#primaryimage\"},\"thumbnailUrl\":\"https:\/\/www.domtechnikpro.com\/wp-content\/uploads\/2026\/SK0002080-CZ20260425-092254-0-1777080174-31125_body-pro-p333.webp\",\"datePublished\":\"2026-04-26T08:56:43+00:00\",\"breadcrumb\":{\"@id\":\"https:\/\/www.domtechnikpro.com\/index.php\/produkt\/hb-body-p333-plnic-3-1-sleva-30143\/#breadcrumb\"},\"inLanguage\":\"cs\",\"potentialAction\":[{\"@type\":\"ReadAction\",\"target\":[\"https:\/\/www.domtechnikpro.com\/index.php\/produkt\/hb-body-p333-plnic-3-1-sleva-30143\/\"]}]},{\"@type\":\"ImageObject\",\"inLanguage\":\"cs\",\"@id\":\"https:\/\/www.domtechnikpro.com\/index.php\/produkt\/hb-body-p333-plnic-3-1-sleva-30143\/#primaryimage\",\"url\":\"https:\/\/www.domtechnikpro.com\/wp-content\/uploads\/2026\/SK0002080-CZ20260425-092254-0-1777080174-31125_body-pro-p333.webp\",\"contentUrl\":\"https:\/\/www.domtechnikpro.com\/wp-content\/uploads\/2026\/SK0002080-CZ20260425-092254-0-1777080174-31125_body-pro-p333.webp\",\"width\":1000,\"height\":750},{\"@type\":\"BreadcrumbList\",\"@id\":\"https:\/\/www.domtechnikpro.com\/index.php\/produkt\/hb-body-p333-plnic-3-1-sleva-30143\/#breadcrumb\",\"itemListElement\":[{\"@type\":\"ListItem\",\"position\":1,\"name\":\"Home\",\"item\":\"https:\/\/www.domtechnikpro.com\/\"},{\"@type\":\"ListItem\",\"position\":2,\"name\":\"Products\",\"item\":\"https:\/\/www.domtechnikpro.com\/products\/\"},{\"@type\":\"ListItem\",\"position\":3,\"name\":\"HB Body P333 Plni\u010d 3:1 Sleva\"}]},{\"@type\":\"WebSite\",\"@id\":\"https:\/\/www.domtechnikpro.com\/#website\",\"url\":\"https:\/\/www.domtechnikpro.com\/\",\"name\":\"Pr\u016fmyslov\u00e9 vybaven\u00ed a p\u0159\u00edslu\u0161enstv\u00ed\",\"description\":\"Pr\u016fmyslov\u00e9 vybaven\u00ed a p\u0159\u00edslu\u0161enstv\u00ed\",\"publisher\":{\"@id\":\"https:\/\/www.domtechnikpro.com\/#organization\"},\"potentialAction\":[{\"@type\":\"SearchAction\",\"target\":{\"@type\":\"EntryPoint\",\"urlTemplate\":\"https:\/\/www.domtechnikpro.com\/?s={search_term_string}\"},\"query-input\":{\"@type\":\"PropertyValueSpecification\",\"valueRequired\":true,\"valueName\":\"search_term_string\"}}],\"inLanguage\":\"cs\"},{\"@type\":\"Organization\",\"@id\":\"https:\/\/www.domtechnikpro.com\/#organization\",\"name\":\"Pr\u016fmyslov\u00e9 vybaven\u00ed a p\u0159\u00edslu\u0161enstv\u00ed\",\"url\":\"https:\/\/www.domtechnikpro.com\/\",\"logo\":{\"@type\":\"ImageObject\",\"inLanguage\":\"cs\",\"@id\":\"https:\/\/www.domtechnikpro.com\/#\/schema\/logo\/image\/\",\"url\":\"https:\/\/www.domtechnikpro.com\/wp-content\/uploads\/2026\/04\/domtechnikpro_logo_full.svg\",\"contentUrl\":\"https:\/\/www.domtechnikpro.com\/wp-content\/uploads\/2026\/04\/domtechnikpro_logo_full.svg\",\"width\":920,\"height\":180,\"caption\":\"Pr\u016fmyslov\u00e9 vybaven\u00ed a p\u0159\u00edslu\u0161enstv\u00ed\"},\"image\":{\"@id\":\"https:\/\/www.domtechnikpro.com\/#\/schema\/logo\/image\/\"}}]}<\/script>\n<!-- \/ Yoast SEO plugin. -->","yoast_head_json":{"title":"HB Body P333 Plni\u010d 3:1 Sleva - Pr\u016fmyslov\u00e9 vybaven\u00ed a p\u0159\u00edslu\u0161enstv\u00ed","robots":{"index":"index","follow":"follow","max-snippet":"max-snippet:-1","max-image-preview":"max-image-preview:large","max-video-preview":"max-video-preview:-1"},"canonical":"https:\/\/www.domtechnikpro.com\/index.php\/produkt\/hb-body-p333-plnic-3-1-sleva-30143\/","og_locale":"cs_CZ","og_type":"article","og_title":"HB Body P333 Plni\u010d 3:1 Sleva - Pr\u016fmyslov\u00e9 vybaven\u00ed a p\u0159\u00edslu\u0161enstv\u00ed","og_description":"Popis Body pro P333 je vhodn\u00fd na star\u00e9 n\u00e1t\u011bry nebo na nov\u00e9 nebrou\u0161en\u00e9 origin\u00e1ln\u00ed n\u00e1hradn\u00ed d\u00edly (O.E.M. \/ E-COAT). Plni\u010d m\u016f\u017eeme aplikovat dv\u011bma zp\u016fsoby, a to standartn\u011b (po zaschnut\u00ed brousit brusn\u00fdm pap\u00edrem) nebo p\u0159\u00edmo \u201emokr\u00e9 do mokr\u00e9ho\u201c. D\u00edky jeho vysok\u00e9 pln\u00edc\u00ed schopnosti a tixotropnosti ho lze nan\u00e1\u0161et v siln\u011bj\u0161\u00edch vrstv\u00e1ch. Rychl\u00e9 schnut\u00ed a v\u00fdborn\u00e9 vyrovn\u00e1vac\u00ed [&hellip;]","og_url":"https:\/\/www.domtechnikpro.com\/index.php\/produkt\/hb-body-p333-plnic-3-1-sleva-30143\/","og_site_name":"Pr\u016fmyslov\u00e9 vybaven\u00ed a p\u0159\u00edslu\u0161enstv\u00ed","og_image":[{"width":1000,"height":750,"url":"https:\/\/www.domtechnikpro.com\/wp-content\/uploads\/2026\/SK0002080-CZ20260425-092254-0-1777080174-31125_body-pro-p333.webp","type":"image\/webp"}],"twitter_card":"summary_large_image","twitter_misc":{"Odhadovan\u00e1 doba \u010dten\u00ed":"1 minuta"},"schema":{"@context":"https:\/\/schema.org","@graph":[{"@type":"WebPage","@id":"https:\/\/www.domtechnikpro.com\/index.php\/produkt\/hb-body-p333-plnic-3-1-sleva-30143\/","url":"https:\/\/www.domtechnikpro.com\/index.php\/produkt\/hb-body-p333-plnic-3-1-sleva-30143\/","name":"HB Body P333 Plni\u010d 3:1 Sleva - Pr\u016fmyslov\u00e9 vybaven\u00ed a p\u0159\u00edslu\u0161enstv\u00ed","isPartOf":{"@id":"https:\/\/www.domtechnikpro.com\/#website"},"primaryImageOfPage":{"@id":"https:\/\/www.domtechnikpro.com\/index.php\/produkt\/hb-body-p333-plnic-3-1-sleva-30143\/#primaryimage"},"image":{"@id":"https:\/\/www.domtechnikpro.com\/index.php\/produkt\/hb-body-p333-plnic-3-1-sleva-30143\/#primaryimage"},"thumbnailUrl":"https:\/\/www.domtechnikpro.com\/wp-content\/uploads\/2026\/SK0002080-CZ20260425-092254-0-1777080174-31125_body-pro-p333.webp","datePublished":"2026-04-26T08:56:43+00:00","breadcrumb":{"@id":"https:\/\/www.domtechnikpro.com\/index.php\/produkt\/hb-body-p333-plnic-3-1-sleva-30143\/#breadcrumb"},"inLanguage":"cs","potentialAction":[{"@type":"ReadAction","target":["https:\/\/www.domtechnikpro.com\/index.php\/produkt\/hb-body-p333-plnic-3-1-sleva-30143\/"]}]},{"@type":"ImageObject","inLanguage":"cs","@id":"https:\/\/www.domtechnikpro.com\/index.php\/produkt\/hb-body-p333-plnic-3-1-sleva-30143\/#primaryimage","url":"https:\/\/www.domtechnikpro.com\/wp-content\/uploads\/2026\/SK0002080-CZ20260425-092254-0-1777080174-31125_body-pro-p333.webp","contentUrl":"https:\/\/www.domtechnikpro.com\/wp-content\/uploads\/2026\/SK0002080-CZ20260425-092254-0-1777080174-31125_body-pro-p333.webp","width":1000,"height":750},{"@type":"BreadcrumbList","@id":"https:\/\/www.domtechnikpro.com\/index.php\/produkt\/hb-body-p333-plnic-3-1-sleva-30143\/#breadcrumb","itemListElement":[{"@type":"ListItem","position":1,"name":"Home","item":"https:\/\/www.domtechnikpro.com\/"},{"@type":"ListItem","position":2,"name":"Products","item":"https:\/\/www.domtechnikpro.com\/products\/"},{"@type":"ListItem","position":3,"name":"HB Body P333 Plni\u010d 3:1 Sleva"}]},{"@type":"WebSite","@id":"https:\/\/www.domtechnikpro.com\/#website","url":"https:\/\/www.domtechnikpro.com\/","name":"Pr\u016fmyslov\u00e9 vybaven\u00ed a p\u0159\u00edslu\u0161enstv\u00ed","description":"Pr\u016fmyslov\u00e9 vybaven\u00ed a p\u0159\u00edslu\u0161enstv\u00ed","publisher":{"@id":"https:\/\/www.domtechnikpro.com\/#organization"},"potentialAction":[{"@type":"SearchAction","target":{"@type":"EntryPoint","urlTemplate":"https:\/\/www.domtechnikpro.com\/?s={search_term_string}"},"query-input":{"@type":"PropertyValueSpecification","valueRequired":true,"valueName":"search_term_string"}}],"inLanguage":"cs"},{"@type":"Organization","@id":"https:\/\/www.domtechnikpro.com\/#organization","name":"Pr\u016fmyslov\u00e9 vybaven\u00ed a p\u0159\u00edslu\u0161enstv\u00ed","url":"https:\/\/www.domtechnikpro.com\/","logo":{"@type":"ImageObject","inLanguage":"cs","@id":"https:\/\/www.domtechnikpro.com\/#\/schema\/logo\/image\/","url":"https:\/\/www.domtechnikpro.com\/wp-content\/uploads\/2026\/04\/domtechnikpro_logo_full.svg","contentUrl":"https:\/\/www.domtechnikpro.com\/wp-content\/uploads\/2026\/04\/domtechnikpro_logo_full.svg","width":920,"height":180,"caption":"Pr\u016fmyslov\u00e9 vybaven\u00ed a p\u0159\u00edslu\u0161enstv\u00ed"},"image":{"@id":"https:\/\/www.domtechnikpro.com\/#\/schema\/logo\/image\/"}}]}},"_links":{"self":[{"href":"https:\/\/www.domtechnikpro.com\/wp-json\/wp\/v2\/product\/30143","targetHints":{"allow":["GET"]}}],"collection":[{"href":"https:\/\/www.domtechnikpro.com\/wp-json\/wp\/v2\/product"}],"about":[{"href":"https:\/\/www.domtechnikpro.com\/wp-json\/wp\/v2\/types\/product"}],"replies":[{"embeddable":true,"href":"https:\/\/www.domtechnikpro.com\/wp-json\/wp\/v2\/comments?post=30143"}],"wp:featuredmedia":[{"embeddable":true,"href":"https:\/\/www.domtechnikpro.com\/wp-json\/wp\/v2\/media\/30243"}],"wp:attachment":[{"href":"https:\/\/www.domtechnikpro.com\/wp-json\/wp\/v2\/media?parent=30143"}],"wp:term":[{"taxonomy":"product_brand","embeddable":true,"href":"https:\/\/www.domtechnikpro.com\/wp-json\/wp\/v2\/product_brand?post=30143"},{"taxonomy":"product_cat","embeddable":true,"href":"https:\/\/www.domtechnikpro.com\/wp-json\/wp\/v2\/product_cat?post=30143"},{"taxonomy":"product_tag","embeddable":true,"href":"https:\/\/www.domtechnikpro.com\/wp-json\/wp\/v2\/product_tag?post=30143"}],"curies":[{"name":"wp","href":"https:\/\/api.w.org\/{rel}","templated":true}]}}