{"id":29714,"date":"2026-04-26T08:56:38","date_gmt":"2026-04-26T08:56:38","guid":{"rendered":""},"modified":"2026-04-26T08:56:38","modified_gmt":"2026-04-26T08:56:38","slug":"alkyton-hladky-matny-nakupujte-hned-29714","status":"publish","type":"product","link":"https:\/\/www.domtechnikpro.com\/produkt\/alkyton-hladky-matny-nakupujte-hned-29714\/","title":{"rendered":"Alkyton hladk\u00fd matn\u00fd Nakupujte Hned"},"content":{"rendered":"<div class=\"row\">\n<div class=\"col-sm-12 shp-tabs-row responsive-nav\">\n<div class=\"shp-tabs-holder\">\n<ul id=\"p-detail-tabs\" class=\"shp-tabs p-detail-tabs visible-links\" role=\"tablist\">\n<li class=\"shp-tab active\" data-testid=\"tabDescription\">                Popis            <\/li>\n<\/ul>\n<\/div><\/div>\n<div class=\"col-sm-12 \">\n<div id=\"tab-content\" class=\"tab-content\">\n<div id=\"description\" class=\"tab-pane fade in active wide-tab\" role=\"tabpanel\">\n<div class=\"description-inner\">\n<div class=\"basic-description\">                                                        Antikor\u00f3zn\u00ed barva <STRONG>Alkyton<\/STRONG> je p\u0159edev\u0161\u00edm ur\u010dena k n\u00e1t\u011br\u016fm nov\u00fdch ale i zkorodovan\u00fdch \u017eelezn\u00fdch kov\u016f v exteri\u00e9rech.&nbsp;Barvu <STRONG>Alkyton<\/STRONG> lze aplikovat p\u0159\u00edmo na kov v prost\u0159ed\u00ed s m\u00edrn\u00fdm pr\u016fmyslov\u00fdm zne\u010di\u0161t\u011bn\u00edm, nebo s pou\u017eit\u00edm v syst\u00e9mu se z\u00e1kladov\u00fdmi n\u00e1t\u011bry na kovov\u00e9 konstrukce vystaven\u00e9 agresivn\u011bj\u0161\u00edmu pr\u016fmyslov\u00e9mu prost\u0159ed\u00ed. <BR>Barva Alkyton kryje v 1 vrstv\u011b v cel\u00e9m spektru dod\u00e1van\u00fdch odst\u00edn\u016f. \u00da\u010dinn\u00e9 antikorozn\u00ed pigmenty vytv\u00e1\u0159ej\u00ed dlouhodobou antikorozn\u00ed ochranu. V\u00fdrobek m\u00e1 velmi dobrou p\u0159ilnavost i na zkorodovan\u00fd povrch po ru\u010dn\u00edm o\u010di\u0161t\u011bn\u00ed. Pou\u017eit\u00e1 rozpou\u0161t\u011bdla dod\u00e1vaj\u00ed v\u00fdrobku vynikaj\u00edc\u00ed sl\u00e9vatelnost- p\u0159i aplikaci \u0161t\u011btcem lze dos\u00e1hnout vzhled obdobn\u00e9 kvality jako p\u0159i st\u0159\u00edk\u00e1n\u00ed. Modifikace alkydov\u00fdch prysky\u0159ic uretany dod\u00e1v\u00e1 v\u00fdrobku dlouhodobou barevnou st\u00e1lost.&nbsp;<BR><BR><STRONG>Zp\u016fsob aplikace:<\/STRONG><BR>\u0161t\u011btec, st\u0159\u00edk\u00e1n\u00ed<BR><BR><STRONG>\u0158ed\u011bn\u00ed:<BR><\/STRONG>S 6005<BR><BR><STRONG>Vydatnost:<\/STRONG><BR>10,5 m2\/litr<BR><BR><STRONG>Doba schnut\u00ed<\/STRONG>:<BR>na dotek 2 hodiny, p\u0159et\u00edrateln\u00fd po 16 hodin\u00e1ch                            <\/div>\n<div class=\"extended-description\">\n<p><strong>Dopl\u0148kov\u00e9 parametry<\/strong><\/p>\n<table class=\"detail-parameters\">\n<tbody>\n<tr>\n<th>        <span class=\"row-header-label\">            Kategorie<span class=\"row-header-label-colon\">:<\/span>        <\/span>    <\/th>\n<td>        Antikorozn\u00ed ochrana    <\/td>\n<\/tr>\n<tr class=\"productEan\">\n<th>          <span class=\"row-header-label productEan__label\">              EAN<span class=\"row-header-label-colon\">:<\/span>          <\/span>      <\/th>\n<td>          <span class=\"productEan__value js-productEan__value\">Zvolte variantu<\/span>      <\/td>\n<\/tr>\n<\/tbody>\n<\/table><\/div>\n<\/p><\/div>\n<\/p><\/div>\n<\/p><\/div>\n<\/p><\/div>\n<\/p><\/div>\n<\/p><\/div>\n<\/p><\/div>\n<p>                    <\/main>    <\/div>\n<\/p><\/div>\n","protected":false},"excerpt":{"rendered":"<p>Popis Antikor\u00f3zn\u00ed barva Alkyton je p\u0159edev\u0161\u00edm ur\u010dena k n\u00e1t\u011br\u016fm nov\u00fdch ale i zkorodovan\u00fdch \u017eelezn\u00fdch kov\u016f v exteri\u00e9rech.&nbsp;Barvu Alkyton lze aplikovat p\u0159\u00edmo na kov v prost\u0159ed\u00ed s m\u00edrn\u00fdm pr\u016fmyslov\u00fdm zne\u010di\u0161t\u011bn\u00edm, nebo s pou\u017eit\u00edm v syst\u00e9mu se z\u00e1kladov\u00fdmi n\u00e1t\u011bry na kovov\u00e9 konstrukce vystaven\u00e9 agresivn\u011bj\u0161\u00edmu pr\u016fmyslov\u00e9mu prost\u0159ed\u00ed. Barva Alkyton kryje v 1 vrstv\u011b v cel\u00e9m spektru dod\u00e1van\u00fdch odst\u00edn\u016f. [&hellip;]<\/p>\n","protected":false},"featured_media":29814,"comment_status":"open","ping_status":"open","template":"","meta":[],"product_brand":[],"product_cat":[107],"product_tag":[],"class_list":{"0":"post-29714","1":"product","2":"type-product","3":"status-publish","4":"has-post-thumbnail","6":"product_cat-auto-moto","8":"first","9":"instock","10":"sale","11":"shipping-taxable","12":"purchasable","13":"product-type-simple"},"yoast_head":"<!-- This site is optimized with the Yoast SEO plugin v26.8 - https:\/\/yoast.com\/product\/yoast-seo-wordpress\/ -->\n<title>Alkyton hladk\u00fd matn\u00fd Nakupujte Hned - Pr\u016fmyslov\u00e9 vybaven\u00ed a p\u0159\u00edslu\u0161enstv\u00ed<\/title>\n<meta name=\"robots\" content=\"index, follow, max-snippet:-1, max-image-preview:large, max-video-preview:-1\" \/>\n<link rel=\"canonical\" href=\"https:\/\/www.domtechnikpro.com\/index.php\/produkt\/alkyton-hladky-matny-nakupujte-hned-29714\/\" \/>\n<meta property=\"og:locale\" content=\"cs_CZ\" \/>\n<meta property=\"og:type\" content=\"article\" \/>\n<meta property=\"og:title\" content=\"Alkyton hladk\u00fd matn\u00fd Nakupujte Hned - Pr\u016fmyslov\u00e9 vybaven\u00ed a p\u0159\u00edslu\u0161enstv\u00ed\" \/>\n<meta property=\"og:description\" content=\"Popis Antikor\u00f3zn\u00ed barva Alkyton je p\u0159edev\u0161\u00edm ur\u010dena k n\u00e1t\u011br\u016fm nov\u00fdch ale i zkorodovan\u00fdch \u017eelezn\u00fdch kov\u016f v exteri\u00e9rech.&nbsp;Barvu Alkyton lze aplikovat p\u0159\u00edmo na kov v prost\u0159ed\u00ed s m\u00edrn\u00fdm pr\u016fmyslov\u00fdm zne\u010di\u0161t\u011bn\u00edm, nebo s pou\u017eit\u00edm v syst\u00e9mu se z\u00e1kladov\u00fdmi n\u00e1t\u011bry na kovov\u00e9 konstrukce vystaven\u00e9 agresivn\u011bj\u0161\u00edmu pr\u016fmyslov\u00e9mu prost\u0159ed\u00ed. Barva Alkyton kryje v 1 vrstv\u011b v cel\u00e9m spektru dod\u00e1van\u00fdch odst\u00edn\u016f. [&hellip;]\" \/>\n<meta property=\"og:url\" content=\"https:\/\/www.domtechnikpro.com\/index.php\/produkt\/alkyton-hladky-matny-nakupujte-hned-29714\/\" \/>\n<meta property=\"og:site_name\" content=\"Pr\u016fmyslov\u00e9 vybaven\u00ed a p\u0159\u00edslu\u0161enstv\u00ed\" \/>\n<meta property=\"og:image\" content=\"https:\/\/www.domtechnikpro.com\/wp-content\/uploads\/2026\/SK0001851-CZ20260425-092254-0-1777080174-28890_alkyton-hladky-matny.webp\" \/>\n\t<meta property=\"og:image:width\" content=\"1000\" \/>\n\t<meta property=\"og:image:height\" content=\"750\" \/>\n\t<meta property=\"og:image:type\" content=\"image\/webp\" \/>\n<meta name=\"twitter:card\" content=\"summary_large_image\" \/>\n<meta name=\"twitter:label1\" content=\"Odhadovan\u00e1 doba \u010dten\u00ed\" \/>\n\t<meta name=\"twitter:data1\" content=\"1 minuta\" \/>\n<script type=\"application\/ld+json\" class=\"yoast-schema-graph\">{\"@context\":\"https:\/\/schema.org\",\"@graph\":[{\"@type\":\"WebPage\",\"@id\":\"https:\/\/www.domtechnikpro.com\/index.php\/produkt\/alkyton-hladky-matny-nakupujte-hned-29714\/\",\"url\":\"https:\/\/www.domtechnikpro.com\/index.php\/produkt\/alkyton-hladky-matny-nakupujte-hned-29714\/\",\"name\":\"Alkyton hladk\u00fd matn\u00fd Nakupujte Hned - Pr\u016fmyslov\u00e9 vybaven\u00ed a p\u0159\u00edslu\u0161enstv\u00ed\",\"isPartOf\":{\"@id\":\"https:\/\/www.domtechnikpro.com\/#website\"},\"primaryImageOfPage\":{\"@id\":\"https:\/\/www.domtechnikpro.com\/index.php\/produkt\/alkyton-hladky-matny-nakupujte-hned-29714\/#primaryimage\"},\"image\":{\"@id\":\"https:\/\/www.domtechnikpro.com\/index.php\/produkt\/alkyton-hladky-matny-nakupujte-hned-29714\/#primaryimage\"},\"thumbnailUrl\":\"https:\/\/www.domtechnikpro.com\/wp-content\/uploads\/2026\/SK0001851-CZ20260425-092254-0-1777080174-28890_alkyton-hladky-matny.webp\",\"datePublished\":\"2026-04-26T08:56:38+00:00\",\"breadcrumb\":{\"@id\":\"https:\/\/www.domtechnikpro.com\/index.php\/produkt\/alkyton-hladky-matny-nakupujte-hned-29714\/#breadcrumb\"},\"inLanguage\":\"cs\",\"potentialAction\":[{\"@type\":\"ReadAction\",\"target\":[\"https:\/\/www.domtechnikpro.com\/index.php\/produkt\/alkyton-hladky-matny-nakupujte-hned-29714\/\"]}]},{\"@type\":\"ImageObject\",\"inLanguage\":\"cs\",\"@id\":\"https:\/\/www.domtechnikpro.com\/index.php\/produkt\/alkyton-hladky-matny-nakupujte-hned-29714\/#primaryimage\",\"url\":\"https:\/\/www.domtechnikpro.com\/wp-content\/uploads\/2026\/SK0001851-CZ20260425-092254-0-1777080174-28890_alkyton-hladky-matny.webp\",\"contentUrl\":\"https:\/\/www.domtechnikpro.com\/wp-content\/uploads\/2026\/SK0001851-CZ20260425-092254-0-1777080174-28890_alkyton-hladky-matny.webp\",\"width\":1000,\"height\":750},{\"@type\":\"BreadcrumbList\",\"@id\":\"https:\/\/www.domtechnikpro.com\/index.php\/produkt\/alkyton-hladky-matny-nakupujte-hned-29714\/#breadcrumb\",\"itemListElement\":[{\"@type\":\"ListItem\",\"position\":1,\"name\":\"Home\",\"item\":\"https:\/\/www.domtechnikpro.com\/\"},{\"@type\":\"ListItem\",\"position\":2,\"name\":\"Products\",\"item\":\"https:\/\/www.domtechnikpro.com\/products\/\"},{\"@type\":\"ListItem\",\"position\":3,\"name\":\"Alkyton hladk\u00fd matn\u00fd Nakupujte Hned\"}]},{\"@type\":\"WebSite\",\"@id\":\"https:\/\/www.domtechnikpro.com\/#website\",\"url\":\"https:\/\/www.domtechnikpro.com\/\",\"name\":\"Pr\u016fmyslov\u00e9 vybaven\u00ed a p\u0159\u00edslu\u0161enstv\u00ed\",\"description\":\"Pr\u016fmyslov\u00e9 vybaven\u00ed a p\u0159\u00edslu\u0161enstv\u00ed\",\"publisher\":{\"@id\":\"https:\/\/www.domtechnikpro.com\/#organization\"},\"potentialAction\":[{\"@type\":\"SearchAction\",\"target\":{\"@type\":\"EntryPoint\",\"urlTemplate\":\"https:\/\/www.domtechnikpro.com\/?s={search_term_string}\"},\"query-input\":{\"@type\":\"PropertyValueSpecification\",\"valueRequired\":true,\"valueName\":\"search_term_string\"}}],\"inLanguage\":\"cs\"},{\"@type\":\"Organization\",\"@id\":\"https:\/\/www.domtechnikpro.com\/#organization\",\"name\":\"Pr\u016fmyslov\u00e9 vybaven\u00ed a p\u0159\u00edslu\u0161enstv\u00ed\",\"url\":\"https:\/\/www.domtechnikpro.com\/\",\"logo\":{\"@type\":\"ImageObject\",\"inLanguage\":\"cs\",\"@id\":\"https:\/\/www.domtechnikpro.com\/#\/schema\/logo\/image\/\",\"url\":\"https:\/\/www.domtechnikpro.com\/wp-content\/uploads\/2026\/04\/domtechnikpro_logo_full.svg\",\"contentUrl\":\"https:\/\/www.domtechnikpro.com\/wp-content\/uploads\/2026\/04\/domtechnikpro_logo_full.svg\",\"width\":920,\"height\":180,\"caption\":\"Pr\u016fmyslov\u00e9 vybaven\u00ed a p\u0159\u00edslu\u0161enstv\u00ed\"},\"image\":{\"@id\":\"https:\/\/www.domtechnikpro.com\/#\/schema\/logo\/image\/\"}}]}<\/script>\n<!-- \/ Yoast SEO plugin. -->","yoast_head_json":{"title":"Alkyton hladk\u00fd matn\u00fd Nakupujte Hned - Pr\u016fmyslov\u00e9 vybaven\u00ed a p\u0159\u00edslu\u0161enstv\u00ed","robots":{"index":"index","follow":"follow","max-snippet":"max-snippet:-1","max-image-preview":"max-image-preview:large","max-video-preview":"max-video-preview:-1"},"canonical":"https:\/\/www.domtechnikpro.com\/index.php\/produkt\/alkyton-hladky-matny-nakupujte-hned-29714\/","og_locale":"cs_CZ","og_type":"article","og_title":"Alkyton hladk\u00fd matn\u00fd Nakupujte Hned - Pr\u016fmyslov\u00e9 vybaven\u00ed a p\u0159\u00edslu\u0161enstv\u00ed","og_description":"Popis Antikor\u00f3zn\u00ed barva Alkyton je p\u0159edev\u0161\u00edm ur\u010dena k n\u00e1t\u011br\u016fm nov\u00fdch ale i zkorodovan\u00fdch \u017eelezn\u00fdch kov\u016f v exteri\u00e9rech.&nbsp;Barvu Alkyton lze aplikovat p\u0159\u00edmo na kov v prost\u0159ed\u00ed s m\u00edrn\u00fdm pr\u016fmyslov\u00fdm zne\u010di\u0161t\u011bn\u00edm, nebo s pou\u017eit\u00edm v syst\u00e9mu se z\u00e1kladov\u00fdmi n\u00e1t\u011bry na kovov\u00e9 konstrukce vystaven\u00e9 agresivn\u011bj\u0161\u00edmu pr\u016fmyslov\u00e9mu prost\u0159ed\u00ed. Barva Alkyton kryje v 1 vrstv\u011b v cel\u00e9m spektru dod\u00e1van\u00fdch odst\u00edn\u016f. [&hellip;]","og_url":"https:\/\/www.domtechnikpro.com\/index.php\/produkt\/alkyton-hladky-matny-nakupujte-hned-29714\/","og_site_name":"Pr\u016fmyslov\u00e9 vybaven\u00ed a p\u0159\u00edslu\u0161enstv\u00ed","og_image":[{"width":1000,"height":750,"url":"https:\/\/www.domtechnikpro.com\/wp-content\/uploads\/2026\/SK0001851-CZ20260425-092254-0-1777080174-28890_alkyton-hladky-matny.webp","type":"image\/webp"}],"twitter_card":"summary_large_image","twitter_misc":{"Odhadovan\u00e1 doba \u010dten\u00ed":"1 minuta"},"schema":{"@context":"https:\/\/schema.org","@graph":[{"@type":"WebPage","@id":"https:\/\/www.domtechnikpro.com\/index.php\/produkt\/alkyton-hladky-matny-nakupujte-hned-29714\/","url":"https:\/\/www.domtechnikpro.com\/index.php\/produkt\/alkyton-hladky-matny-nakupujte-hned-29714\/","name":"Alkyton hladk\u00fd matn\u00fd Nakupujte Hned - Pr\u016fmyslov\u00e9 vybaven\u00ed a p\u0159\u00edslu\u0161enstv\u00ed","isPartOf":{"@id":"https:\/\/www.domtechnikpro.com\/#website"},"primaryImageOfPage":{"@id":"https:\/\/www.domtechnikpro.com\/index.php\/produkt\/alkyton-hladky-matny-nakupujte-hned-29714\/#primaryimage"},"image":{"@id":"https:\/\/www.domtechnikpro.com\/index.php\/produkt\/alkyton-hladky-matny-nakupujte-hned-29714\/#primaryimage"},"thumbnailUrl":"https:\/\/www.domtechnikpro.com\/wp-content\/uploads\/2026\/SK0001851-CZ20260425-092254-0-1777080174-28890_alkyton-hladky-matny.webp","datePublished":"2026-04-26T08:56:38+00:00","breadcrumb":{"@id":"https:\/\/www.domtechnikpro.com\/index.php\/produkt\/alkyton-hladky-matny-nakupujte-hned-29714\/#breadcrumb"},"inLanguage":"cs","potentialAction":[{"@type":"ReadAction","target":["https:\/\/www.domtechnikpro.com\/index.php\/produkt\/alkyton-hladky-matny-nakupujte-hned-29714\/"]}]},{"@type":"ImageObject","inLanguage":"cs","@id":"https:\/\/www.domtechnikpro.com\/index.php\/produkt\/alkyton-hladky-matny-nakupujte-hned-29714\/#primaryimage","url":"https:\/\/www.domtechnikpro.com\/wp-content\/uploads\/2026\/SK0001851-CZ20260425-092254-0-1777080174-28890_alkyton-hladky-matny.webp","contentUrl":"https:\/\/www.domtechnikpro.com\/wp-content\/uploads\/2026\/SK0001851-CZ20260425-092254-0-1777080174-28890_alkyton-hladky-matny.webp","width":1000,"height":750},{"@type":"BreadcrumbList","@id":"https:\/\/www.domtechnikpro.com\/index.php\/produkt\/alkyton-hladky-matny-nakupujte-hned-29714\/#breadcrumb","itemListElement":[{"@type":"ListItem","position":1,"name":"Home","item":"https:\/\/www.domtechnikpro.com\/"},{"@type":"ListItem","position":2,"name":"Products","item":"https:\/\/www.domtechnikpro.com\/products\/"},{"@type":"ListItem","position":3,"name":"Alkyton hladk\u00fd matn\u00fd Nakupujte Hned"}]},{"@type":"WebSite","@id":"https:\/\/www.domtechnikpro.com\/#website","url":"https:\/\/www.domtechnikpro.com\/","name":"Pr\u016fmyslov\u00e9 vybaven\u00ed a p\u0159\u00edslu\u0161enstv\u00ed","description":"Pr\u016fmyslov\u00e9 vybaven\u00ed a p\u0159\u00edslu\u0161enstv\u00ed","publisher":{"@id":"https:\/\/www.domtechnikpro.com\/#organization"},"potentialAction":[{"@type":"SearchAction","target":{"@type":"EntryPoint","urlTemplate":"https:\/\/www.domtechnikpro.com\/?s={search_term_string}"},"query-input":{"@type":"PropertyValueSpecification","valueRequired":true,"valueName":"search_term_string"}}],"inLanguage":"cs"},{"@type":"Organization","@id":"https:\/\/www.domtechnikpro.com\/#organization","name":"Pr\u016fmyslov\u00e9 vybaven\u00ed a p\u0159\u00edslu\u0161enstv\u00ed","url":"https:\/\/www.domtechnikpro.com\/","logo":{"@type":"ImageObject","inLanguage":"cs","@id":"https:\/\/www.domtechnikpro.com\/#\/schema\/logo\/image\/","url":"https:\/\/www.domtechnikpro.com\/wp-content\/uploads\/2026\/04\/domtechnikpro_logo_full.svg","contentUrl":"https:\/\/www.domtechnikpro.com\/wp-content\/uploads\/2026\/04\/domtechnikpro_logo_full.svg","width":920,"height":180,"caption":"Pr\u016fmyslov\u00e9 vybaven\u00ed a p\u0159\u00edslu\u0161enstv\u00ed"},"image":{"@id":"https:\/\/www.domtechnikpro.com\/#\/schema\/logo\/image\/"}}]}},"_links":{"self":[{"href":"https:\/\/www.domtechnikpro.com\/wp-json\/wp\/v2\/product\/29714","targetHints":{"allow":["GET"]}}],"collection":[{"href":"https:\/\/www.domtechnikpro.com\/wp-json\/wp\/v2\/product"}],"about":[{"href":"https:\/\/www.domtechnikpro.com\/wp-json\/wp\/v2\/types\/product"}],"replies":[{"embeddable":true,"href":"https:\/\/www.domtechnikpro.com\/wp-json\/wp\/v2\/comments?post=29714"}],"wp:featuredmedia":[{"embeddable":true,"href":"https:\/\/www.domtechnikpro.com\/wp-json\/wp\/v2\/media\/29814"}],"wp:attachment":[{"href":"https:\/\/www.domtechnikpro.com\/wp-json\/wp\/v2\/media?parent=29714"}],"wp:term":[{"taxonomy":"product_brand","embeddable":true,"href":"https:\/\/www.domtechnikpro.com\/wp-json\/wp\/v2\/product_brand?post=29714"},{"taxonomy":"product_cat","embeddable":true,"href":"https:\/\/www.domtechnikpro.com\/wp-json\/wp\/v2\/product_cat?post=29714"},{"taxonomy":"product_tag","embeddable":true,"href":"https:\/\/www.domtechnikpro.com\/wp-json\/wp\/v2\/product_tag?post=29714"}],"curies":[{"name":"wp","href":"https:\/\/api.w.org\/{rel}","templated":true}]}}