{"id":29339,"date":"2026-04-26T08:56:34","date_gmt":"2026-04-26T08:56:34","guid":{"rendered":""},"modified":"2026-04-26T08:56:34","modified_gmt":"2026-04-26T08:56:34","slug":"must-have-soudal-soudakrat-stavebni-disperze-29339","status":"publish","type":"product","link":"https:\/\/www.domtechnikpro.com\/produkt\/must-have-soudal-soudakrat-stavebni-disperze-29339\/","title":{"rendered":"Must-Have Soudal Soudakrat stavebn\u00ed disperze"},"content":{"rendered":"<div class=\"row\">\n<div class=\"col-sm-12 shp-tabs-row responsive-nav\">\n<div class=\"shp-tabs-holder\">\n<ul id=\"p-detail-tabs\" class=\"shp-tabs p-detail-tabs visible-links\" role=\"tablist\">\n<li class=\"shp-tab active\" data-testid=\"tabDescription\">                Popis            <\/li>\n<\/ul>\n<\/div><\/div>\n<div class=\"col-sm-12 \">\n<div id=\"tab-content\" class=\"tab-content\">\n<div id=\"description\" class=\"tab-pane fade in active wide-tab\" role=\"tabpanel\">\n<div class=\"description-inner\">\n<div class=\"basic-description\">                                                        Soudakrat stavebn\u00ed disperze<br \/>po na\u0159ed\u011bn\u00ed s vodou v pom\u011bru 1:3 a\u017e 1:10 (dle savosti podkladu) slou\u017e\u00ed jako penetra\u010dn\u00ed n\u00e1t\u011br por\u00e9zn\u00edch podklad\u016f. Jako p\u0159\u00edsada do cementov\u00fdch sm\u011bs\u00ed zlep\u0161uje zpracovatelnost a v\u00fdsledn\u00e9 vlastnosti beton\u016f a malt, jako penetrace zvy\u0161uje p\u0159ilnavost n\u00e1sledn\u00fdch vrstev, sjednocuje savost por\u00e9zn\u00edch podklad\u016f a sni\u017euje spot\u0159ebu n\u00e1t\u011brov\u00e9 hmoty.<\/p>\n<p>Charakteristika produktu:<br \/>&#8211; mo\u017eno \u0159edit vodou a\u017e 1:10 (penetrace)<br \/>&#8211; jako p\u0159\u00edsada do cementov\u00fdch sm\u011bs\u00ed zlep\u0161uje zpracovatelnost a v\u00fdsledn\u00e9 vlastnosti beton\u016f a malt<br \/>&#8211; jako penetrace zvy\u0161uje p\u0159ilnavost n\u00e1sledn\u00fdch vrstev, sjednocuje savost por\u00e9zn\u00edch podklad\u016f a sni\u017euje spot\u0159ebu n\u00e1t\u011brov\u00e9 hmoty<\/p>\n<p>P\u0159\u00edklady pou\u017eit\u00ed:<br \/>&#8211; penetrace sav\u00fdch podklad\u016f<br \/>&#8211; uzav\u00edrac\u00ed n\u00e1t\u011br betonu, bezpra\u0161n\u00e1 \u00faprava betonov\u00fdch povrch\u016f<br \/>&#8211; zlep\u0161en\u00ed zpracovatelnosti a v\u00fdsledn\u00fdch vlastnost\u00ed malt a beton\u016f<br \/>&#8211; p\u0159\u00edprava vysoce p\u0159ilnav\u00e9 polymer-v\u00e1penn\u00e9 malty se zv\u00fd\u0161enou pru\u017enost\u00ed<\/p>\n<p>Proveden\u00ed.<br \/>Barva:<br \/>transparetn\u00ed<\/p>\n<p>Balen\u00ed:<br \/>plastov\u00e9 l\u00e1hve 1kg, kanystry 5kg, 10 kg<\/p>\n<p>Skladovatelnost:<br \/>v neotev\u0159en\u00e9m p\u016fvodn\u00edm obalu p\u0159i teplot\u00e1ch +5\u00b0C a\u017e +25\u00b0C. Chra\u0148te p\u0159ed mrazem!<\/p>\n<p>Podklady.<br \/>Vhodn\u00e9 povrchy: <br \/>v\u0161echny por\u00e9zn\u00ed stavebn\u00ed materi\u00e1ly<\/p>\n<p>Stav povrchu:<br \/>\u010dist\u00fd, such\u00fd, bez prachu a mastnoty<\/p>\n<p>P\u0159\u00edprava:<br \/>zvl\u00e1\u0161tn\u00ed p\u0159\u00edprava povrchu nen\u00ed vy\u017eadov\u00e1na <\/p>\n<p>V\u017edy doporu\u010dujeme prov\u00e9st p\u0159edb\u011b\u017en\u00fd test kompatibility.<\/p>\n<p>Pracovn\u00ed postup.<\/p>\n<p>Penetrace sav\u00fdch podklad\u016f: <br \/>Soudakrat na\u0159e\u010fte s vodou dle savosti podkladu 1:3 a\u017e 1:10 (\u010d\u00edm v\u00edce sav\u00fd podklad t\u00edm v\u00edce<br \/>\u0159ed\u00edme). Penetra\u010dn\u00ed roztok doporu\u010dujeme nan\u00e1\u0161et \u0161t\u011btcem, v\u00e1le\u010dkem nebo st\u0159\u00edk\u00e1n\u00edm P\u0159i penetraci velmi sav\u00fdch podklad\u016f jako nap\u0159. p\u00f3robeton \u0159e\u010fte v\u00edce a nan\u00e1\u0161ejte ve dvou vrstv\u00e1ch. P\u0159ed nan\u00e1\u0161en\u00edm n\u00e1sledn\u00fdch vrstev nechte n\u00e1t\u011br zaschnout.<\/p>\n<p>Zlep\u0161en\u00ed vlastnost\u00ed malt a betonu:<br \/>Do z\u00e1m\u011bsov\u00e9 vody d\u00e1vkujte 5-10 kg Soudakratu na 100 kg cementu. Po d\u016fkladn\u00e9m<br \/>rozm\u00edch\u00e1n\u00ed sm\u011bsi upravte v p\u0159\u00edpad\u011b pot\u0159eby jej\u00ed konzistenci p\u0159id\u00e1n\u00edm vody.<\/p>\n<p>Lepic\u00ed malta na obklady a dla\u017eby:<br \/>Do such\u00e9 sm\u011bsi ze 2 d\u00edl\u016f jemn\u00e9ho p\u00edsku a 1 d\u00edlu cementu p\u0159id\u00e1vejte za st\u00e1l\u00e9ho m\u00edch\u00e1n\u00ed<br \/>sm\u011bs Soudakratu na\u0159ed\u011bn\u00e9ho s vodou v pom\u011bru 1:1 a\u017e 1:2.<\/p>\n<p>P\u0159\u00edprava polymer v\u00e1penn\u00e9 malty:<br \/>Sm\u011bs p\u00edsku a v\u00e1penn\u00e9ho hydr\u00e1tu rozm\u00edchejte se Soudakratem v pom\u011bru 1kg Soudakratu<br \/>na 10kg v\u00e1penn\u00e9ho hydr\u00e1tu. Malta m\u00e1 zv\u00fd\u0161enou p\u0159ilnavost a pru\u017enost. Je vhodn\u00e1 k oprav\u00e1m om\u00edtek, ke zd\u011bn\u00ed nebo podmaz\u00e1v\u00e1n\u00ed st\u0159e\u0161n\u00edch ta\u0161ek a h\u0159eben\u00e1\u010d\u016f <\/p>\n<p>Adhezn\u00ed m\u016fstek:<br \/>P\u0159idejte do jednoho d\u00edlu Soudakratu 1 d\u00edlu vody a 3 obj. d\u00edly cementu. Rozm\u00edchejte na ka\u0161i, kterou rozet\u0159ete rovnom\u011brn\u011b po podkladu. Nov\u00fd pot\u011br \u010di maltu nan\u00e1\u0161ejte na je\u0161t\u011b lepiv\u00fd (nezaschl\u00fd) povrch.<\/p>\n<p>Uzav\u00edrac\u00ed n\u00e1t\u011br betonu:<br \/>sm\u00edchejte 1 objemov\u00fd d\u00edl Soudakratu s 10 d\u00edly vody a 4 d\u00edly cementu a d\u016fkladn\u011b prom\u00edchejte.Uzav\u00edrac\u00ed n\u00e1t\u011br nan\u00e1\u0161ejte na p\u0159edem napenetrovan\u00fd podklad.<\/p>\n<p>Aplika\u010dn\u00ed teplota:<br \/>+5\u00b0C a\u017e +30\u00b0C, v exteri\u00e9ru nepracujte v p\u0159\u00edpad\u011b p\u0159edpokladu p\u0159\u00edchodu de\u0161t\u011b nebo mrazu do \u00fapln\u00e9ho zaschnut\u00ed n\u00e1t\u011bru.<\/p>\n<p>\u010ci\u0161t\u011bn\u00ed:<br \/>ihned po aplikaci vodou, po zaschnut\u00ed lze odstranit pouze mechanicky.<\/p>\n<p>Bezpe\u010dnost:<br \/>Dodr\u017eujte b\u011b\u017en\u00e9 podm\u00ednky hygieny a bezpe\u010dnosti pr\u00e1ce. Dal\u0161\u00ed pokyny viz etiketa v\u00fdrobku.                            <\/div>\n<div class=\"extended-description\">\n<p><strong>Dopl\u0148kov\u00e9 parametry<\/strong><\/p>\n<table class=\"detail-parameters\">\n<tbody>\n<tr>\n<th>        <span class=\"row-header-label\">            Kategorie<span class=\"row-header-label-colon\">:<\/span>        <\/span>    <\/th>\n<td>        Fas\u00e1dn\u00ed barvy, om\u00edtky a zateplovac\u00ed syst\u00e9my    <\/td>\n<\/tr>\n<tr class=\"productEan\">\n<th>          <span class=\"row-header-label productEan__label\">              EAN<span class=\"row-header-label-colon\">:<\/span>          <\/span>      <\/th>\n<td>          <span class=\"productEan__value js-productEan__value\">Zvolte variantu<\/span>      <\/td>\n<\/tr>\n<\/tbody>\n<\/table><\/div>\n<\/p><\/div>\n<\/p><\/div>\n<\/p><\/div>\n<\/p><\/div>\n<\/p><\/div>\n<\/p><\/div>\n<\/p><\/div>\n<p>                    <\/main>    <\/div>\n<\/p><\/div>\n","protected":false},"excerpt":{"rendered":"<p>Popis Soudakrat stavebn\u00ed disperzepo na\u0159ed\u011bn\u00ed s vodou v pom\u011bru 1:3 a\u017e 1:10 (dle savosti podkladu) slou\u017e\u00ed jako penetra\u010dn\u00ed n\u00e1t\u011br por\u00e9zn\u00edch podklad\u016f. Jako p\u0159\u00edsada do cementov\u00fdch sm\u011bs\u00ed zlep\u0161uje zpracovatelnost a v\u00fdsledn\u00e9 vlastnosti beton\u016f a malt, jako penetrace zvy\u0161uje p\u0159ilnavost n\u00e1sledn\u00fdch vrstev, sjednocuje savost por\u00e9zn\u00edch podklad\u016f a sni\u017euje spot\u0159ebu n\u00e1t\u011brov\u00e9 hmoty. Charakteristika produktu:&#8211; mo\u017eno \u0159edit vodou a\u017e [&hellip;]<\/p>\n","protected":false},"featured_media":29439,"comment_status":"open","ping_status":"open","template":"","meta":[],"product_brand":[],"product_cat":[112],"product_tag":[],"class_list":{"0":"post-29339","1":"product","2":"type-product","3":"status-publish","4":"has-post-thumbnail","6":"product_cat-fasady","8":"first","9":"instock","10":"sale","11":"shipping-taxable","12":"purchasable","13":"product-type-simple"},"yoast_head":"<!-- This site is optimized with the Yoast SEO plugin v26.8 - https:\/\/yoast.com\/product\/yoast-seo-wordpress\/ -->\n<title>Must-Have Soudal Soudakrat stavebn\u00ed disperze -<\/title>\n<meta name=\"robots\" content=\"index, follow, max-snippet:-1, max-image-preview:large, max-video-preview:-1\" \/>\n<link rel=\"canonical\" href=\"https:\/\/www.domtechnikpro.com\/index.php\/produkt\/must-have-soudal-soudakrat-stavebni-disperze-29339\/\" \/>\n<meta property=\"og:locale\" content=\"cs_CZ\" \/>\n<meta property=\"og:type\" content=\"article\" \/>\n<meta property=\"og:title\" content=\"Must-Have Soudal Soudakrat stavebn\u00ed disperze -\" \/>\n<meta property=\"og:description\" content=\"Popis Soudakrat stavebn\u00ed disperzepo na\u0159ed\u011bn\u00ed s vodou v pom\u011bru 1:3 a\u017e 1:10 (dle savosti podkladu) slou\u017e\u00ed jako penetra\u010dn\u00ed n\u00e1t\u011br por\u00e9zn\u00edch podklad\u016f. Jako p\u0159\u00edsada do cementov\u00fdch sm\u011bs\u00ed zlep\u0161uje zpracovatelnost a v\u00fdsledn\u00e9 vlastnosti beton\u016f a malt, jako penetrace zvy\u0161uje p\u0159ilnavost n\u00e1sledn\u00fdch vrstev, sjednocuje savost por\u00e9zn\u00edch podklad\u016f a sni\u017euje spot\u0159ebu n\u00e1t\u011brov\u00e9 hmoty. Charakteristika produktu:&#8211; mo\u017eno \u0159edit vodou a\u017e [&hellip;]\" \/>\n<meta property=\"og:url\" content=\"https:\/\/www.domtechnikpro.com\/index.php\/produkt\/must-have-soudal-soudakrat-stavebni-disperze-29339\/\" \/>\n<meta property=\"og:image\" content=\"https:\/\/www.domtechnikpro.com\/wp-content\/uploads\/2026\/SK0001676-CZ20260425-092254-0-1777080174-28266_soudal-soudakrat.webp\" \/>\n\t<meta property=\"og:image:width\" content=\"1000\" \/>\n\t<meta property=\"og:image:height\" content=\"750\" \/>\n\t<meta property=\"og:image:type\" content=\"image\/webp\" \/>\n<meta name=\"twitter:card\" content=\"summary_large_image\" \/>\n<meta name=\"twitter:label1\" content=\"Odhadovan\u00e1 doba \u010dten\u00ed\" \/>\n\t<meta name=\"twitter:data1\" content=\"3 minuty\" \/>\n<script type=\"application\/ld+json\" class=\"yoast-schema-graph\">{\"@context\":\"https:\/\/schema.org\",\"@graph\":[{\"@type\":\"WebPage\",\"@id\":\"https:\/\/www.domtechnikpro.com\/index.php\/produkt\/must-have-soudal-soudakrat-stavebni-disperze-29339\/\",\"url\":\"https:\/\/www.domtechnikpro.com\/index.php\/produkt\/must-have-soudal-soudakrat-stavebni-disperze-29339\/\",\"name\":\"Must-Have Soudal Soudakrat stavebn\u00ed disperze -\",\"isPartOf\":{\"@id\":\"https:\/\/www.domtechnikpro.com\/#website\"},\"primaryImageOfPage\":{\"@id\":\"https:\/\/www.domtechnikpro.com\/index.php\/produkt\/must-have-soudal-soudakrat-stavebni-disperze-29339\/#primaryimage\"},\"image\":{\"@id\":\"https:\/\/www.domtechnikpro.com\/index.php\/produkt\/must-have-soudal-soudakrat-stavebni-disperze-29339\/#primaryimage\"},\"thumbnailUrl\":\"https:\/\/www.domtechnikpro.com\/wp-content\/uploads\/2026\/SK0001676-CZ20260425-092254-0-1777080174-28266_soudal-soudakrat.webp\",\"datePublished\":\"2026-04-26T08:56:34+00:00\",\"breadcrumb\":{\"@id\":\"https:\/\/www.domtechnikpro.com\/index.php\/produkt\/must-have-soudal-soudakrat-stavebni-disperze-29339\/#breadcrumb\"},\"inLanguage\":\"cs\",\"potentialAction\":[{\"@type\":\"ReadAction\",\"target\":[\"https:\/\/www.domtechnikpro.com\/index.php\/produkt\/must-have-soudal-soudakrat-stavebni-disperze-29339\/\"]}]},{\"@type\":\"ImageObject\",\"inLanguage\":\"cs\",\"@id\":\"https:\/\/www.domtechnikpro.com\/index.php\/produkt\/must-have-soudal-soudakrat-stavebni-disperze-29339\/#primaryimage\",\"url\":\"https:\/\/www.domtechnikpro.com\/wp-content\/uploads\/2026\/SK0001676-CZ20260425-092254-0-1777080174-28266_soudal-soudakrat.webp\",\"contentUrl\":\"https:\/\/www.domtechnikpro.com\/wp-content\/uploads\/2026\/SK0001676-CZ20260425-092254-0-1777080174-28266_soudal-soudakrat.webp\",\"width\":1000,\"height\":750},{\"@type\":\"BreadcrumbList\",\"@id\":\"https:\/\/www.domtechnikpro.com\/index.php\/produkt\/must-have-soudal-soudakrat-stavebni-disperze-29339\/#breadcrumb\",\"itemListElement\":[{\"@type\":\"ListItem\",\"position\":1,\"name\":\"Home\",\"item\":\"https:\/\/www.domtechnikpro.com\/\"},{\"@type\":\"ListItem\",\"position\":2,\"name\":\"Products\",\"item\":\"https:\/\/www.domtechnikpro.com\/products\/\"},{\"@type\":\"ListItem\",\"position\":3,\"name\":\"Must-Have Soudal Soudakrat stavebn\u00ed disperze\"}]},{\"@type\":\"WebSite\",\"@id\":\"https:\/\/www.domtechnikpro.com\/#website\",\"url\":\"https:\/\/www.domtechnikpro.com\/\",\"name\":\"\",\"description\":\"\",\"potentialAction\":[{\"@type\":\"SearchAction\",\"target\":{\"@type\":\"EntryPoint\",\"urlTemplate\":\"https:\/\/www.domtechnikpro.com\/?s={search_term_string}\"},\"query-input\":{\"@type\":\"PropertyValueSpecification\",\"valueRequired\":true,\"valueName\":\"search_term_string\"}}],\"inLanguage\":\"cs\"}]}<\/script>\n<!-- \/ Yoast SEO plugin. -->","yoast_head_json":{"title":"Must-Have Soudal Soudakrat stavebn\u00ed disperze -","robots":{"index":"index","follow":"follow","max-snippet":"max-snippet:-1","max-image-preview":"max-image-preview:large","max-video-preview":"max-video-preview:-1"},"canonical":"https:\/\/www.domtechnikpro.com\/index.php\/produkt\/must-have-soudal-soudakrat-stavebni-disperze-29339\/","og_locale":"cs_CZ","og_type":"article","og_title":"Must-Have Soudal Soudakrat stavebn\u00ed disperze -","og_description":"Popis Soudakrat stavebn\u00ed disperzepo na\u0159ed\u011bn\u00ed s vodou v pom\u011bru 1:3 a\u017e 1:10 (dle savosti podkladu) slou\u017e\u00ed jako penetra\u010dn\u00ed n\u00e1t\u011br por\u00e9zn\u00edch podklad\u016f. Jako p\u0159\u00edsada do cementov\u00fdch sm\u011bs\u00ed zlep\u0161uje zpracovatelnost a v\u00fdsledn\u00e9 vlastnosti beton\u016f a malt, jako penetrace zvy\u0161uje p\u0159ilnavost n\u00e1sledn\u00fdch vrstev, sjednocuje savost por\u00e9zn\u00edch podklad\u016f a sni\u017euje spot\u0159ebu n\u00e1t\u011brov\u00e9 hmoty. Charakteristika produktu:&#8211; mo\u017eno \u0159edit vodou a\u017e [&hellip;]","og_url":"https:\/\/www.domtechnikpro.com\/index.php\/produkt\/must-have-soudal-soudakrat-stavebni-disperze-29339\/","og_image":[{"width":1000,"height":750,"url":"https:\/\/www.domtechnikpro.com\/wp-content\/uploads\/2026\/SK0001676-CZ20260425-092254-0-1777080174-28266_soudal-soudakrat.webp","type":"image\/webp"}],"twitter_card":"summary_large_image","twitter_misc":{"Odhadovan\u00e1 doba \u010dten\u00ed":"3 minuty"},"schema":{"@context":"https:\/\/schema.org","@graph":[{"@type":"WebPage","@id":"https:\/\/www.domtechnikpro.com\/index.php\/produkt\/must-have-soudal-soudakrat-stavebni-disperze-29339\/","url":"https:\/\/www.domtechnikpro.com\/index.php\/produkt\/must-have-soudal-soudakrat-stavebni-disperze-29339\/","name":"Must-Have Soudal Soudakrat stavebn\u00ed disperze -","isPartOf":{"@id":"https:\/\/www.domtechnikpro.com\/#website"},"primaryImageOfPage":{"@id":"https:\/\/www.domtechnikpro.com\/index.php\/produkt\/must-have-soudal-soudakrat-stavebni-disperze-29339\/#primaryimage"},"image":{"@id":"https:\/\/www.domtechnikpro.com\/index.php\/produkt\/must-have-soudal-soudakrat-stavebni-disperze-29339\/#primaryimage"},"thumbnailUrl":"https:\/\/www.domtechnikpro.com\/wp-content\/uploads\/2026\/SK0001676-CZ20260425-092254-0-1777080174-28266_soudal-soudakrat.webp","datePublished":"2026-04-26T08:56:34+00:00","breadcrumb":{"@id":"https:\/\/www.domtechnikpro.com\/index.php\/produkt\/must-have-soudal-soudakrat-stavebni-disperze-29339\/#breadcrumb"},"inLanguage":"cs","potentialAction":[{"@type":"ReadAction","target":["https:\/\/www.domtechnikpro.com\/index.php\/produkt\/must-have-soudal-soudakrat-stavebni-disperze-29339\/"]}]},{"@type":"ImageObject","inLanguage":"cs","@id":"https:\/\/www.domtechnikpro.com\/index.php\/produkt\/must-have-soudal-soudakrat-stavebni-disperze-29339\/#primaryimage","url":"https:\/\/www.domtechnikpro.com\/wp-content\/uploads\/2026\/SK0001676-CZ20260425-092254-0-1777080174-28266_soudal-soudakrat.webp","contentUrl":"https:\/\/www.domtechnikpro.com\/wp-content\/uploads\/2026\/SK0001676-CZ20260425-092254-0-1777080174-28266_soudal-soudakrat.webp","width":1000,"height":750},{"@type":"BreadcrumbList","@id":"https:\/\/www.domtechnikpro.com\/index.php\/produkt\/must-have-soudal-soudakrat-stavebni-disperze-29339\/#breadcrumb","itemListElement":[{"@type":"ListItem","position":1,"name":"Home","item":"https:\/\/www.domtechnikpro.com\/"},{"@type":"ListItem","position":2,"name":"Products","item":"https:\/\/www.domtechnikpro.com\/products\/"},{"@type":"ListItem","position":3,"name":"Must-Have Soudal Soudakrat stavebn\u00ed disperze"}]},{"@type":"WebSite","@id":"https:\/\/www.domtechnikpro.com\/#website","url":"https:\/\/www.domtechnikpro.com\/","name":"","description":"","potentialAction":[{"@type":"SearchAction","target":{"@type":"EntryPoint","urlTemplate":"https:\/\/www.domtechnikpro.com\/?s={search_term_string}"},"query-input":{"@type":"PropertyValueSpecification","valueRequired":true,"valueName":"search_term_string"}}],"inLanguage":"cs"}]}},"_links":{"self":[{"href":"https:\/\/www.domtechnikpro.com\/wp-json\/wp\/v2\/product\/29339","targetHints":{"allow":["GET"]}}],"collection":[{"href":"https:\/\/www.domtechnikpro.com\/wp-json\/wp\/v2\/product"}],"about":[{"href":"https:\/\/www.domtechnikpro.com\/wp-json\/wp\/v2\/types\/product"}],"replies":[{"embeddable":true,"href":"https:\/\/www.domtechnikpro.com\/wp-json\/wp\/v2\/comments?post=29339"}],"wp:featuredmedia":[{"embeddable":true,"href":"https:\/\/www.domtechnikpro.com\/wp-json\/wp\/v2\/media\/29439"}],"wp:attachment":[{"href":"https:\/\/www.domtechnikpro.com\/wp-json\/wp\/v2\/media?parent=29339"}],"wp:term":[{"taxonomy":"product_brand","embeddable":true,"href":"https:\/\/www.domtechnikpro.com\/wp-json\/wp\/v2\/product_brand?post=29339"},{"taxonomy":"product_cat","embeddable":true,"href":"https:\/\/www.domtechnikpro.com\/wp-json\/wp\/v2\/product_cat?post=29339"},{"taxonomy":"product_tag","embeddable":true,"href":"https:\/\/www.domtechnikpro.com\/wp-json\/wp\/v2\/product_tag?post=29339"}],"curies":[{"name":"wp","href":"https:\/\/api.w.org\/{rel}","templated":true}]}}