{"id":28968,"date":"2026-04-26T08:56:29","date_gmt":"2026-04-26T08:56:29","guid":{"rendered":""},"modified":"2026-04-26T08:56:29","modified_gmt":"2026-04-26T08:56:29","slug":"finalni-vyprodej-remmers-renovacni-zaklad-smrk-28968","status":"publish","type":"product","link":"https:\/\/www.domtechnikpro.com\/produkt\/finalni-vyprodej-remmers-renovacni-zaklad-smrk-28968\/","title":{"rendered":"Fin\u00e1ln\u00ed V\u00fdprodej Remmers Renova\u010dn\u00ed z\u00e1klad smrk"},"content":{"rendered":"<div class=\"row\">\n<div class=\"col-sm-12 shp-tabs-row responsive-nav\">\n<div class=\"shp-tabs-holder\">\n<ul id=\"p-detail-tabs\" class=\"shp-tabs p-detail-tabs visible-links\" role=\"tablist\">\n<li class=\"shp-tab active\" data-testid=\"tabDescription\">                Popis            <\/li>\n<\/ul>\n<\/div><\/div>\n<div class=\"col-sm-12 \">\n<div id=\"tab-content\" class=\"tab-content\">\n<div id=\"description\" class=\"tab-pane fade in active wide-tab\" role=\"tabpanel\">\n<div class=\"description-inner\">\n<div class=\"basic-description\">                                                        Oblast pou\u017eit\u00ed:<br \/>D\u0159evo do interi\u00e9ru a exteri\u00e9ru.<br \/>Tvarov\u011b st\u00e1l\u00e9 d\u0159ev\u011bn\u00e9 d\u00edlce, nap\u0159. okna a dve\u0159e.<br \/>\u010c\u00e1ste\u010dn\u011b tvarov\u011b st\u00e1l\u00e9 d\u0159ev\u011bn\u00e9 d\u00edlce: nap\u0159. okenice, obklady, zahradn\u00ed domky.<br \/>Tvarov\u011b nest\u00e1l\u00e9 d\u0159ev\u011bn\u00e9 d\u00edlce, nap\u0159. ploty, hr\u00e1zd\u011bn\u00ed, p\u0159\u00edst\u0159e\u0161ky pro auta, d\u0159ev\u011bn\u00e9 oblo\u017een\u00ed.<br \/>Renovace a vyrovn\u00e1n\u00ed za\u0161edl\u00fdch a flekat\u00fdch d\u0159ev\u011bn\u00fdch povrch\u016f.<\/p>\n<p>Vlastnosti:<br \/>Odoln\u00fd v\u016f\u010di pov\u011btrnostn\u00edm vliv\u016fm a reguluj\u00edc\u00ed vlhkost.<br \/>Rychle schnouc\u00ed.<br \/>Dobr\u00e1 kryc\u00ed schopnost hned po prvn\u00edm n\u00e1t\u011bru.<br \/>Velmi dobr\u00e1 p\u0159ilnavost k podkladu.<\/p>\n<p>Po\u017eadavky na podklad:<br \/>Tvarov\u011b st\u00e1l\u00e9 d\u0159ev\u011bn\u00e9 d\u00edlce: vlhkost d\u0159eva 11 a\u017e 15 %<\/p>\n<p>\u010c\u00e1ste\u010dn\u011b rozm\u011brov\u011b st\u00e1l\u00e9 a rozm\u011brov\u011b nest\u00e1l\u00e9 d\u0159ev\u011bn\u00e9 d\u00edlce: vlhkost d\u0159eva max. 18 %<\/p>\n<p>P\u0159\u00edpravy:<br \/>Ne\u010distoty, mastnotu a uvoln\u011bn\u00fd star\u00fd n\u00e1t\u011br odstra\u0148te.<br \/>Ze\u0161edl\u00e9 a zv\u011btral\u00e9 d\u0159ev\u011bn\u00e9 povrchy d\u016fsledn\u011b o\u010dist\u011bte pomoc\u00ed mosazn\u00e9ho kart\u00e1\u010de, t\u00edm zajist\u00edte optim\u00e1ln\u00ed p\u0159ilnavost.<br \/>Uvoln\u011bn\u00e9 a popraskan\u00e9 suky, jako i otev\u0159en\u00e1 m\u00edsta s prysky\u0159ic\u00ed odstra\u0148te a vy\u010dist\u011bte pomoc\u00ed vhodn\u00e9ho prost\u0159edku (nap\u0159. \u0159edidlem &#8211; Verd\u00fcnnung V 101, Verd\u00fcnnung &amp; Pinselreiniger).<br \/>D\u0159evo ve venkovn\u00edm prost\u0159ed\u00ed, kter\u00e9 m\u00e1 b\u00fdt chr\u00e1n\u011bno p\u0159ed hnilobou a zamodr\u00e1n\u00edm, mus\u00ed b\u00fdt o\u0161et\u0159eno pomoc\u00ed v\u00fdrobku Holzschutz-Grund*. (*Pou\u017e\u00edvejte biocidn\u00ed p\u0159\u00edpravky bezpe\u010dn\u011b. P\u0159ed pou\u017eit\u00edm si v\u017edy p\u0159e\u010dt\u011bte \u00fadaje na obalu a p\u0159ipojen\u00e9 informace o p\u0159\u00edpravku!)<br \/>Ostr\u00e9 hrany zaoblete.<br \/>Dodr\u017eujte v\u0161eobecn\u011b platn\u00e1 pravidla pro n\u00e1t\u011bry na d\u0159evo a d\u0159ev\u011bn\u00e9 materi\u00e1ly ve venkovn\u00edch prostorech.<\/p>\n<p>Spot\u0159eba:<br \/>Cca 100 ml\/m2 podle typu a nas\u00e1kavosti d\u0159eva.                            <\/div>\n<div class=\"extended-description\">\n<p><strong>Dopl\u0148kov\u00e9 parametry<\/strong><\/p>\n<table class=\"detail-parameters\">\n<tbody>\n<tr>\n<th>        <span class=\"row-header-label\">            Kategorie<span class=\"row-header-label-colon\">:<\/span>        <\/span>    <\/th>\n<td>        Impregnace d\u0159eva a ochrann\u00e9 n\u00e1t\u011bry    <\/td>\n<\/tr>\n<tr class=\"productEan\">\n<th>          <span class=\"row-header-label productEan__label\">              EAN<span class=\"row-header-label-colon\">:<\/span>          <\/span>      <\/th>\n<td>          <span class=\"productEan__value js-productEan__value\">4004707166881<\/span>      <\/td>\n<\/tr>\n<\/tbody>\n<\/table><\/div>\n<\/p><\/div>\n<\/p><\/div>\n<\/p><\/div>\n<\/p><\/div>\n<\/p><\/div>\n<\/p><\/div>\n<\/p><\/div>\n<p>                    <\/main>    <\/div>\n<\/p><\/div>\n","protected":false},"excerpt":{"rendered":"<p>Popis Oblast pou\u017eit\u00ed:D\u0159evo do interi\u00e9ru a exteri\u00e9ru.Tvarov\u011b st\u00e1l\u00e9 d\u0159ev\u011bn\u00e9 d\u00edlce, nap\u0159. okna a dve\u0159e.\u010c\u00e1ste\u010dn\u011b tvarov\u011b st\u00e1l\u00e9 d\u0159ev\u011bn\u00e9 d\u00edlce: nap\u0159. okenice, obklady, zahradn\u00ed domky.Tvarov\u011b nest\u00e1l\u00e9 d\u0159ev\u011bn\u00e9 d\u00edlce, nap\u0159. ploty, hr\u00e1zd\u011bn\u00ed, p\u0159\u00edst\u0159e\u0161ky pro auta, d\u0159ev\u011bn\u00e9 oblo\u017een\u00ed.Renovace a vyrovn\u00e1n\u00ed za\u0161edl\u00fdch a flekat\u00fdch d\u0159ev\u011bn\u00fdch povrch\u016f. Vlastnosti:Odoln\u00fd v\u016f\u010di pov\u011btrnostn\u00edm vliv\u016fm a reguluj\u00edc\u00ed vlhkost.Rychle schnouc\u00ed.Dobr\u00e1 kryc\u00ed schopnost hned po prvn\u00edm n\u00e1t\u011bru.Velmi [&hellip;]<\/p>\n","protected":false},"featured_media":29068,"comment_status":"open","ping_status":"open","template":"","meta":[],"product_brand":[],"product_cat":[110],"product_tag":[],"class_list":{"0":"post-28968","1":"product","2":"type-product","3":"status-publish","4":"has-post-thumbnail","6":"product_cat-na-drevo","8":"first","9":"instock","10":"sale","11":"shipping-taxable","12":"purchasable","13":"product-type-simple"},"yoast_head":"<!-- This site is optimized with the Yoast SEO plugin v26.8 - https:\/\/yoast.com\/product\/yoast-seo-wordpress\/ -->\n<title>Fin\u00e1ln\u00ed V\u00fdprodej Remmers Renova\u010dn\u00ed z\u00e1klad smrk - Pr\u016fmyslov\u00e9 vybaven\u00ed a p\u0159\u00edslu\u0161enstv\u00ed<\/title>\n<meta name=\"robots\" content=\"index, follow, max-snippet:-1, max-image-preview:large, max-video-preview:-1\" \/>\n<link rel=\"canonical\" href=\"https:\/\/www.domtechnikpro.com\/index.php\/produkt\/finalni-vyprodej-remmers-renovacni-zaklad-smrk-28968\/\" \/>\n<meta property=\"og:locale\" content=\"cs_CZ\" \/>\n<meta property=\"og:type\" content=\"article\" \/>\n<meta property=\"og:title\" content=\"Fin\u00e1ln\u00ed V\u00fdprodej Remmers Renova\u010dn\u00ed z\u00e1klad smrk - Pr\u016fmyslov\u00e9 vybaven\u00ed a p\u0159\u00edslu\u0161enstv\u00ed\" \/>\n<meta property=\"og:description\" content=\"Popis Oblast pou\u017eit\u00ed:D\u0159evo do interi\u00e9ru a exteri\u00e9ru.Tvarov\u011b st\u00e1l\u00e9 d\u0159ev\u011bn\u00e9 d\u00edlce, nap\u0159. okna a dve\u0159e.\u010c\u00e1ste\u010dn\u011b tvarov\u011b st\u00e1l\u00e9 d\u0159ev\u011bn\u00e9 d\u00edlce: nap\u0159. okenice, obklady, zahradn\u00ed domky.Tvarov\u011b nest\u00e1l\u00e9 d\u0159ev\u011bn\u00e9 d\u00edlce, nap\u0159. ploty, hr\u00e1zd\u011bn\u00ed, p\u0159\u00edst\u0159e\u0161ky pro auta, d\u0159ev\u011bn\u00e9 oblo\u017een\u00ed.Renovace a vyrovn\u00e1n\u00ed za\u0161edl\u00fdch a flekat\u00fdch d\u0159ev\u011bn\u00fdch povrch\u016f. Vlastnosti:Odoln\u00fd v\u016f\u010di pov\u011btrnostn\u00edm vliv\u016fm a reguluj\u00edc\u00ed vlhkost.Rychle schnouc\u00ed.Dobr\u00e1 kryc\u00ed schopnost hned po prvn\u00edm n\u00e1t\u011bru.Velmi [&hellip;]\" \/>\n<meta property=\"og:url\" content=\"https:\/\/www.domtechnikpro.com\/index.php\/produkt\/finalni-vyprodej-remmers-renovacni-zaklad-smrk-28968\/\" \/>\n<meta property=\"og:site_name\" content=\"Pr\u016fmyslov\u00e9 vybaven\u00ed a p\u0159\u00edslu\u0161enstv\u00ed\" \/>\n<meta property=\"og:image\" content=\"https:\/\/www.domtechnikpro.com\/wp-content\/uploads\/2026\/SK0001505-CZ20260425-092254-0-1777080174-27648_remmers-renovacni-zaklad.webp\" \/>\n\t<meta property=\"og:image:width\" content=\"1000\" \/>\n\t<meta property=\"og:image:height\" content=\"750\" \/>\n\t<meta property=\"og:image:type\" content=\"image\/webp\" \/>\n<meta name=\"twitter:card\" content=\"summary_large_image\" \/>\n<meta name=\"twitter:label1\" content=\"Odhadovan\u00e1 doba \u010dten\u00ed\" \/>\n\t<meta name=\"twitter:data1\" content=\"2 minuty\" \/>\n<script type=\"application\/ld+json\" class=\"yoast-schema-graph\">{\"@context\":\"https:\/\/schema.org\",\"@graph\":[{\"@type\":\"WebPage\",\"@id\":\"https:\/\/www.domtechnikpro.com\/index.php\/produkt\/finalni-vyprodej-remmers-renovacni-zaklad-smrk-28968\/\",\"url\":\"https:\/\/www.domtechnikpro.com\/index.php\/produkt\/finalni-vyprodej-remmers-renovacni-zaklad-smrk-28968\/\",\"name\":\"Fin\u00e1ln\u00ed V\u00fdprodej Remmers Renova\u010dn\u00ed z\u00e1klad smrk - Pr\u016fmyslov\u00e9 vybaven\u00ed a p\u0159\u00edslu\u0161enstv\u00ed\",\"isPartOf\":{\"@id\":\"https:\/\/www.domtechnikpro.com\/#website\"},\"primaryImageOfPage\":{\"@id\":\"https:\/\/www.domtechnikpro.com\/index.php\/produkt\/finalni-vyprodej-remmers-renovacni-zaklad-smrk-28968\/#primaryimage\"},\"image\":{\"@id\":\"https:\/\/www.domtechnikpro.com\/index.php\/produkt\/finalni-vyprodej-remmers-renovacni-zaklad-smrk-28968\/#primaryimage\"},\"thumbnailUrl\":\"https:\/\/www.domtechnikpro.com\/wp-content\/uploads\/2026\/SK0001505-CZ20260425-092254-0-1777080174-27648_remmers-renovacni-zaklad.webp\",\"datePublished\":\"2026-04-26T08:56:29+00:00\",\"breadcrumb\":{\"@id\":\"https:\/\/www.domtechnikpro.com\/index.php\/produkt\/finalni-vyprodej-remmers-renovacni-zaklad-smrk-28968\/#breadcrumb\"},\"inLanguage\":\"cs\",\"potentialAction\":[{\"@type\":\"ReadAction\",\"target\":[\"https:\/\/www.domtechnikpro.com\/index.php\/produkt\/finalni-vyprodej-remmers-renovacni-zaklad-smrk-28968\/\"]}]},{\"@type\":\"ImageObject\",\"inLanguage\":\"cs\",\"@id\":\"https:\/\/www.domtechnikpro.com\/index.php\/produkt\/finalni-vyprodej-remmers-renovacni-zaklad-smrk-28968\/#primaryimage\",\"url\":\"https:\/\/www.domtechnikpro.com\/wp-content\/uploads\/2026\/SK0001505-CZ20260425-092254-0-1777080174-27648_remmers-renovacni-zaklad.webp\",\"contentUrl\":\"https:\/\/www.domtechnikpro.com\/wp-content\/uploads\/2026\/SK0001505-CZ20260425-092254-0-1777080174-27648_remmers-renovacni-zaklad.webp\",\"width\":1000,\"height\":750},{\"@type\":\"BreadcrumbList\",\"@id\":\"https:\/\/www.domtechnikpro.com\/index.php\/produkt\/finalni-vyprodej-remmers-renovacni-zaklad-smrk-28968\/#breadcrumb\",\"itemListElement\":[{\"@type\":\"ListItem\",\"position\":1,\"name\":\"Home\",\"item\":\"https:\/\/www.domtechnikpro.com\/\"},{\"@type\":\"ListItem\",\"position\":2,\"name\":\"Products\",\"item\":\"https:\/\/www.domtechnikpro.com\/products\/\"},{\"@type\":\"ListItem\",\"position\":3,\"name\":\"Fin\u00e1ln\u00ed V\u00fdprodej Remmers Renova\u010dn\u00ed z\u00e1klad smrk\"}]},{\"@type\":\"WebSite\",\"@id\":\"https:\/\/www.domtechnikpro.com\/#website\",\"url\":\"https:\/\/www.domtechnikpro.com\/\",\"name\":\"Pr\u016fmyslov\u00e9 vybaven\u00ed a p\u0159\u00edslu\u0161enstv\u00ed\",\"description\":\"Pr\u016fmyslov\u00e9 vybaven\u00ed a p\u0159\u00edslu\u0161enstv\u00ed\",\"publisher\":{\"@id\":\"https:\/\/www.domtechnikpro.com\/#organization\"},\"potentialAction\":[{\"@type\":\"SearchAction\",\"target\":{\"@type\":\"EntryPoint\",\"urlTemplate\":\"https:\/\/www.domtechnikpro.com\/?s={search_term_string}\"},\"query-input\":{\"@type\":\"PropertyValueSpecification\",\"valueRequired\":true,\"valueName\":\"search_term_string\"}}],\"inLanguage\":\"cs\"},{\"@type\":\"Organization\",\"@id\":\"https:\/\/www.domtechnikpro.com\/#organization\",\"name\":\"Pr\u016fmyslov\u00e9 vybaven\u00ed a p\u0159\u00edslu\u0161enstv\u00ed\",\"url\":\"https:\/\/www.domtechnikpro.com\/\",\"logo\":{\"@type\":\"ImageObject\",\"inLanguage\":\"cs\",\"@id\":\"https:\/\/www.domtechnikpro.com\/#\/schema\/logo\/image\/\",\"url\":\"https:\/\/www.domtechnikpro.com\/wp-content\/uploads\/2026\/04\/domtechnikpro_logo_full.svg\",\"contentUrl\":\"https:\/\/www.domtechnikpro.com\/wp-content\/uploads\/2026\/04\/domtechnikpro_logo_full.svg\",\"width\":920,\"height\":180,\"caption\":\"Pr\u016fmyslov\u00e9 vybaven\u00ed a p\u0159\u00edslu\u0161enstv\u00ed\"},\"image\":{\"@id\":\"https:\/\/www.domtechnikpro.com\/#\/schema\/logo\/image\/\"}}]}<\/script>\n<!-- \/ Yoast SEO plugin. -->","yoast_head_json":{"title":"Fin\u00e1ln\u00ed V\u00fdprodej Remmers Renova\u010dn\u00ed z\u00e1klad smrk - Pr\u016fmyslov\u00e9 vybaven\u00ed a p\u0159\u00edslu\u0161enstv\u00ed","robots":{"index":"index","follow":"follow","max-snippet":"max-snippet:-1","max-image-preview":"max-image-preview:large","max-video-preview":"max-video-preview:-1"},"canonical":"https:\/\/www.domtechnikpro.com\/index.php\/produkt\/finalni-vyprodej-remmers-renovacni-zaklad-smrk-28968\/","og_locale":"cs_CZ","og_type":"article","og_title":"Fin\u00e1ln\u00ed V\u00fdprodej Remmers Renova\u010dn\u00ed z\u00e1klad smrk - Pr\u016fmyslov\u00e9 vybaven\u00ed a p\u0159\u00edslu\u0161enstv\u00ed","og_description":"Popis Oblast pou\u017eit\u00ed:D\u0159evo do interi\u00e9ru a exteri\u00e9ru.Tvarov\u011b st\u00e1l\u00e9 d\u0159ev\u011bn\u00e9 d\u00edlce, nap\u0159. okna a dve\u0159e.\u010c\u00e1ste\u010dn\u011b tvarov\u011b st\u00e1l\u00e9 d\u0159ev\u011bn\u00e9 d\u00edlce: nap\u0159. okenice, obklady, zahradn\u00ed domky.Tvarov\u011b nest\u00e1l\u00e9 d\u0159ev\u011bn\u00e9 d\u00edlce, nap\u0159. ploty, hr\u00e1zd\u011bn\u00ed, p\u0159\u00edst\u0159e\u0161ky pro auta, d\u0159ev\u011bn\u00e9 oblo\u017een\u00ed.Renovace a vyrovn\u00e1n\u00ed za\u0161edl\u00fdch a flekat\u00fdch d\u0159ev\u011bn\u00fdch povrch\u016f. Vlastnosti:Odoln\u00fd v\u016f\u010di pov\u011btrnostn\u00edm vliv\u016fm a reguluj\u00edc\u00ed vlhkost.Rychle schnouc\u00ed.Dobr\u00e1 kryc\u00ed schopnost hned po prvn\u00edm n\u00e1t\u011bru.Velmi [&hellip;]","og_url":"https:\/\/www.domtechnikpro.com\/index.php\/produkt\/finalni-vyprodej-remmers-renovacni-zaklad-smrk-28968\/","og_site_name":"Pr\u016fmyslov\u00e9 vybaven\u00ed a p\u0159\u00edslu\u0161enstv\u00ed","og_image":[{"width":1000,"height":750,"url":"https:\/\/www.domtechnikpro.com\/wp-content\/uploads\/2026\/SK0001505-CZ20260425-092254-0-1777080174-27648_remmers-renovacni-zaklad.webp","type":"image\/webp"}],"twitter_card":"summary_large_image","twitter_misc":{"Odhadovan\u00e1 doba \u010dten\u00ed":"2 minuty"},"schema":{"@context":"https:\/\/schema.org","@graph":[{"@type":"WebPage","@id":"https:\/\/www.domtechnikpro.com\/index.php\/produkt\/finalni-vyprodej-remmers-renovacni-zaklad-smrk-28968\/","url":"https:\/\/www.domtechnikpro.com\/index.php\/produkt\/finalni-vyprodej-remmers-renovacni-zaklad-smrk-28968\/","name":"Fin\u00e1ln\u00ed V\u00fdprodej Remmers Renova\u010dn\u00ed z\u00e1klad smrk - Pr\u016fmyslov\u00e9 vybaven\u00ed a p\u0159\u00edslu\u0161enstv\u00ed","isPartOf":{"@id":"https:\/\/www.domtechnikpro.com\/#website"},"primaryImageOfPage":{"@id":"https:\/\/www.domtechnikpro.com\/index.php\/produkt\/finalni-vyprodej-remmers-renovacni-zaklad-smrk-28968\/#primaryimage"},"image":{"@id":"https:\/\/www.domtechnikpro.com\/index.php\/produkt\/finalni-vyprodej-remmers-renovacni-zaklad-smrk-28968\/#primaryimage"},"thumbnailUrl":"https:\/\/www.domtechnikpro.com\/wp-content\/uploads\/2026\/SK0001505-CZ20260425-092254-0-1777080174-27648_remmers-renovacni-zaklad.webp","datePublished":"2026-04-26T08:56:29+00:00","breadcrumb":{"@id":"https:\/\/www.domtechnikpro.com\/index.php\/produkt\/finalni-vyprodej-remmers-renovacni-zaklad-smrk-28968\/#breadcrumb"},"inLanguage":"cs","potentialAction":[{"@type":"ReadAction","target":["https:\/\/www.domtechnikpro.com\/index.php\/produkt\/finalni-vyprodej-remmers-renovacni-zaklad-smrk-28968\/"]}]},{"@type":"ImageObject","inLanguage":"cs","@id":"https:\/\/www.domtechnikpro.com\/index.php\/produkt\/finalni-vyprodej-remmers-renovacni-zaklad-smrk-28968\/#primaryimage","url":"https:\/\/www.domtechnikpro.com\/wp-content\/uploads\/2026\/SK0001505-CZ20260425-092254-0-1777080174-27648_remmers-renovacni-zaklad.webp","contentUrl":"https:\/\/www.domtechnikpro.com\/wp-content\/uploads\/2026\/SK0001505-CZ20260425-092254-0-1777080174-27648_remmers-renovacni-zaklad.webp","width":1000,"height":750},{"@type":"BreadcrumbList","@id":"https:\/\/www.domtechnikpro.com\/index.php\/produkt\/finalni-vyprodej-remmers-renovacni-zaklad-smrk-28968\/#breadcrumb","itemListElement":[{"@type":"ListItem","position":1,"name":"Home","item":"https:\/\/www.domtechnikpro.com\/"},{"@type":"ListItem","position":2,"name":"Products","item":"https:\/\/www.domtechnikpro.com\/products\/"},{"@type":"ListItem","position":3,"name":"Fin\u00e1ln\u00ed V\u00fdprodej Remmers Renova\u010dn\u00ed z\u00e1klad smrk"}]},{"@type":"WebSite","@id":"https:\/\/www.domtechnikpro.com\/#website","url":"https:\/\/www.domtechnikpro.com\/","name":"Pr\u016fmyslov\u00e9 vybaven\u00ed a p\u0159\u00edslu\u0161enstv\u00ed","description":"Pr\u016fmyslov\u00e9 vybaven\u00ed a p\u0159\u00edslu\u0161enstv\u00ed","publisher":{"@id":"https:\/\/www.domtechnikpro.com\/#organization"},"potentialAction":[{"@type":"SearchAction","target":{"@type":"EntryPoint","urlTemplate":"https:\/\/www.domtechnikpro.com\/?s={search_term_string}"},"query-input":{"@type":"PropertyValueSpecification","valueRequired":true,"valueName":"search_term_string"}}],"inLanguage":"cs"},{"@type":"Organization","@id":"https:\/\/www.domtechnikpro.com\/#organization","name":"Pr\u016fmyslov\u00e9 vybaven\u00ed a p\u0159\u00edslu\u0161enstv\u00ed","url":"https:\/\/www.domtechnikpro.com\/","logo":{"@type":"ImageObject","inLanguage":"cs","@id":"https:\/\/www.domtechnikpro.com\/#\/schema\/logo\/image\/","url":"https:\/\/www.domtechnikpro.com\/wp-content\/uploads\/2026\/04\/domtechnikpro_logo_full.svg","contentUrl":"https:\/\/www.domtechnikpro.com\/wp-content\/uploads\/2026\/04\/domtechnikpro_logo_full.svg","width":920,"height":180,"caption":"Pr\u016fmyslov\u00e9 vybaven\u00ed a p\u0159\u00edslu\u0161enstv\u00ed"},"image":{"@id":"https:\/\/www.domtechnikpro.com\/#\/schema\/logo\/image\/"}}]}},"_links":{"self":[{"href":"https:\/\/www.domtechnikpro.com\/wp-json\/wp\/v2\/product\/28968","targetHints":{"allow":["GET"]}}],"collection":[{"href":"https:\/\/www.domtechnikpro.com\/wp-json\/wp\/v2\/product"}],"about":[{"href":"https:\/\/www.domtechnikpro.com\/wp-json\/wp\/v2\/types\/product"}],"replies":[{"embeddable":true,"href":"https:\/\/www.domtechnikpro.com\/wp-json\/wp\/v2\/comments?post=28968"}],"wp:featuredmedia":[{"embeddable":true,"href":"https:\/\/www.domtechnikpro.com\/wp-json\/wp\/v2\/media\/29068"}],"wp:attachment":[{"href":"https:\/\/www.domtechnikpro.com\/wp-json\/wp\/v2\/media?parent=28968"}],"wp:term":[{"taxonomy":"product_brand","embeddable":true,"href":"https:\/\/www.domtechnikpro.com\/wp-json\/wp\/v2\/product_brand?post=28968"},{"taxonomy":"product_cat","embeddable":true,"href":"https:\/\/www.domtechnikpro.com\/wp-json\/wp\/v2\/product_cat?post=28968"},{"taxonomy":"product_tag","embeddable":true,"href":"https:\/\/www.domtechnikpro.com\/wp-json\/wp\/v2\/product_tag?post=28968"}],"curies":[{"name":"wp","href":"https:\/\/api.w.org\/{rel}","templated":true}]}}