{"id":28907,"date":"2026-04-26T08:56:29","date_gmt":"2026-04-26T08:56:29","guid":{"rendered":""},"modified":"2026-04-26T08:56:29","modified_gmt":"2026-04-26T08:56:29","slug":"nizka-cena-profitec-decomarmor-28907","status":"publish","type":"product","link":"https:\/\/www.domtechnikpro.com\/produkt\/nizka-cena-profitec-decomarmor-28907\/","title":{"rendered":"N\u00edzk\u00e1 Cena Profitec Decomarmor"},"content":{"rendered":"<div class=\"row\">\n<div class=\"col-sm-12 shp-tabs-row responsive-nav\">\n<div class=\"shp-tabs-holder\">\n<ul id=\"p-detail-tabs\" class=\"shp-tabs p-detail-tabs visible-links\" role=\"tablist\">\n<li class=\"shp-tab active\" data-testid=\"tabDescription\">                Popis            <\/li>\n<\/ul>\n<\/div><\/div>\n<div class=\"col-sm-12 \">\n<div id=\"tab-content\" class=\"tab-content\">\n<div id=\"description\" class=\"tab-pane fade in active\" role=\"tabpanel\">\n<div class=\"description-inner\">\n<div class=\"basic-description\">                                                        Dekorativn\u00ed barevn\u00e1 om\u00edtka na vytvo\u0159en\u00ed odoln\u00fdch povrch\u016f na schodi\u0161t\u00edch, chodb\u00e1ch, hal\u00e1ch, v \u010dek\u00e1rn\u00e1ch, apod., a tak\u00e9 na vytvo\u0159en\u00ed venkovn\u00edch svisl\u00fdch ploch, nap\u0159. sokl\u016f. Pou\u017eiteln\u00e1 na v\u0161echny miner\u00e1ln\u00ed podklady.<\/p>\n<p>Spot\u0159eba: zrno 0,7 \u2013 1,2 mm (1) cca 2,5 \u2013 3,0 kg\/m2; zrno 1,2 \u2013 1,8 mm (2) cca 4,0 \u2013 4,5 kg\/m2  <br \/>Velikost balen\u00ed: 25 kg                            <\/div>\n<\/p><\/div>\n<\/p><\/div>\n<\/p><\/div>\n<\/p><\/div>\n<\/p><\/div>\n<\/p><\/div>\n<\/p><\/div>\n<p>                    <\/main>    <\/div>\n<\/p><\/div>\n","protected":false},"excerpt":{"rendered":"<p>Popis Dekorativn\u00ed barevn\u00e1 om\u00edtka na vytvo\u0159en\u00ed odoln\u00fdch povrch\u016f na schodi\u0161t\u00edch, chodb\u00e1ch, hal\u00e1ch, v \u010dek\u00e1rn\u00e1ch, apod., a tak\u00e9 na vytvo\u0159en\u00ed venkovn\u00edch svisl\u00fdch ploch, nap\u0159. sokl\u016f. Pou\u017eiteln\u00e1 na v\u0161echny miner\u00e1ln\u00ed podklady. Spot\u0159eba: zrno 0,7 \u2013 1,2 mm (1) cca 2,5 \u2013 3,0 kg\/m2; zrno 1,2 \u2013 1,8 mm (2) cca 4,0 \u2013 4,5 kg\/m2 Velikost balen\u00ed: 25 [&hellip;]<\/p>\n","protected":false},"featured_media":29007,"comment_status":"open","ping_status":"open","template":"","meta":[],"product_brand":[],"product_cat":[112],"product_tag":[],"class_list":{"0":"post-28907","1":"product","2":"type-product","3":"status-publish","4":"has-post-thumbnail","6":"product_cat-fasady","8":"first","9":"instock","10":"sale","11":"shipping-taxable","12":"purchasable","13":"product-type-simple"},"yoast_head":"<!-- This site is optimized with the Yoast SEO plugin v26.8 - https:\/\/yoast.com\/product\/yoast-seo-wordpress\/ -->\n<title>N\u00edzk\u00e1 Cena Profitec Decomarmor -<\/title>\n<meta name=\"robots\" content=\"index, follow, max-snippet:-1, max-image-preview:large, max-video-preview:-1\" \/>\n<link rel=\"canonical\" href=\"https:\/\/www.domtechnikpro.com\/index.php\/produkt\/nizka-cena-profitec-decomarmor-28907\/\" \/>\n<meta property=\"og:locale\" content=\"cs_CZ\" \/>\n<meta property=\"og:type\" content=\"article\" \/>\n<meta property=\"og:title\" content=\"N\u00edzk\u00e1 Cena Profitec Decomarmor -\" \/>\n<meta property=\"og:description\" content=\"Popis Dekorativn\u00ed barevn\u00e1 om\u00edtka na vytvo\u0159en\u00ed odoln\u00fdch povrch\u016f na schodi\u0161t\u00edch, chodb\u00e1ch, hal\u00e1ch, v \u010dek\u00e1rn\u00e1ch, apod., a tak\u00e9 na vytvo\u0159en\u00ed venkovn\u00edch svisl\u00fdch ploch, nap\u0159. sokl\u016f. Pou\u017eiteln\u00e1 na v\u0161echny miner\u00e1ln\u00ed podklady. Spot\u0159eba: zrno 0,7 \u2013 1,2 mm (1) cca 2,5 \u2013 3,0 kg\/m2; zrno 1,2 \u2013 1,8 mm (2) cca 4,0 \u2013 4,5 kg\/m2 Velikost balen\u00ed: 25 [&hellip;]\" \/>\n<meta property=\"og:url\" content=\"https:\/\/www.domtechnikpro.com\/index.php\/produkt\/nizka-cena-profitec-decomarmor-28907\/\" \/>\n<meta property=\"og:image\" content=\"https:\/\/www.domtechnikpro.com\/wp-content\/uploads\/2026\/SK0001444-CZ20260425-092254-0-1777080174-27444_profitec-decormarmor.webp\" \/>\n\t<meta property=\"og:image:width\" content=\"1000\" \/>\n\t<meta property=\"og:image:height\" content=\"750\" \/>\n\t<meta property=\"og:image:type\" content=\"image\/webp\" \/>\n<meta name=\"twitter:card\" content=\"summary_large_image\" \/>\n<script type=\"application\/ld+json\" class=\"yoast-schema-graph\">{\"@context\":\"https:\/\/schema.org\",\"@graph\":[{\"@type\":\"WebPage\",\"@id\":\"https:\/\/www.domtechnikpro.com\/index.php\/produkt\/nizka-cena-profitec-decomarmor-28907\/\",\"url\":\"https:\/\/www.domtechnikpro.com\/index.php\/produkt\/nizka-cena-profitec-decomarmor-28907\/\",\"name\":\"N\u00edzk\u00e1 Cena Profitec Decomarmor -\",\"isPartOf\":{\"@id\":\"https:\/\/www.domtechnikpro.com\/#website\"},\"primaryImageOfPage\":{\"@id\":\"https:\/\/www.domtechnikpro.com\/index.php\/produkt\/nizka-cena-profitec-decomarmor-28907\/#primaryimage\"},\"image\":{\"@id\":\"https:\/\/www.domtechnikpro.com\/index.php\/produkt\/nizka-cena-profitec-decomarmor-28907\/#primaryimage\"},\"thumbnailUrl\":\"https:\/\/www.domtechnikpro.com\/wp-content\/uploads\/2026\/SK0001444-CZ20260425-092254-0-1777080174-27444_profitec-decormarmor.webp\",\"datePublished\":\"2026-04-26T08:56:29+00:00\",\"breadcrumb\":{\"@id\":\"https:\/\/www.domtechnikpro.com\/index.php\/produkt\/nizka-cena-profitec-decomarmor-28907\/#breadcrumb\"},\"inLanguage\":\"cs\",\"potentialAction\":[{\"@type\":\"ReadAction\",\"target\":[\"https:\/\/www.domtechnikpro.com\/index.php\/produkt\/nizka-cena-profitec-decomarmor-28907\/\"]}]},{\"@type\":\"ImageObject\",\"inLanguage\":\"cs\",\"@id\":\"https:\/\/www.domtechnikpro.com\/index.php\/produkt\/nizka-cena-profitec-decomarmor-28907\/#primaryimage\",\"url\":\"https:\/\/www.domtechnikpro.com\/wp-content\/uploads\/2026\/SK0001444-CZ20260425-092254-0-1777080174-27444_profitec-decormarmor.webp\",\"contentUrl\":\"https:\/\/www.domtechnikpro.com\/wp-content\/uploads\/2026\/SK0001444-CZ20260425-092254-0-1777080174-27444_profitec-decormarmor.webp\",\"width\":1000,\"height\":750},{\"@type\":\"BreadcrumbList\",\"@id\":\"https:\/\/www.domtechnikpro.com\/index.php\/produkt\/nizka-cena-profitec-decomarmor-28907\/#breadcrumb\",\"itemListElement\":[{\"@type\":\"ListItem\",\"position\":1,\"name\":\"Home\",\"item\":\"https:\/\/www.domtechnikpro.com\/\"},{\"@type\":\"ListItem\",\"position\":2,\"name\":\"Products\",\"item\":\"https:\/\/www.domtechnikpro.com\/products\/\"},{\"@type\":\"ListItem\",\"position\":3,\"name\":\"N\u00edzk\u00e1 Cena Profitec Decomarmor\"}]},{\"@type\":\"WebSite\",\"@id\":\"https:\/\/www.domtechnikpro.com\/#website\",\"url\":\"https:\/\/www.domtechnikpro.com\/\",\"name\":\"\",\"description\":\"\",\"potentialAction\":[{\"@type\":\"SearchAction\",\"target\":{\"@type\":\"EntryPoint\",\"urlTemplate\":\"https:\/\/www.domtechnikpro.com\/?s={search_term_string}\"},\"query-input\":{\"@type\":\"PropertyValueSpecification\",\"valueRequired\":true,\"valueName\":\"search_term_string\"}}],\"inLanguage\":\"cs\"}]}<\/script>\n<!-- \/ Yoast SEO plugin. -->","yoast_head_json":{"title":"N\u00edzk\u00e1 Cena Profitec Decomarmor -","robots":{"index":"index","follow":"follow","max-snippet":"max-snippet:-1","max-image-preview":"max-image-preview:large","max-video-preview":"max-video-preview:-1"},"canonical":"https:\/\/www.domtechnikpro.com\/index.php\/produkt\/nizka-cena-profitec-decomarmor-28907\/","og_locale":"cs_CZ","og_type":"article","og_title":"N\u00edzk\u00e1 Cena Profitec Decomarmor -","og_description":"Popis Dekorativn\u00ed barevn\u00e1 om\u00edtka na vytvo\u0159en\u00ed odoln\u00fdch povrch\u016f na schodi\u0161t\u00edch, chodb\u00e1ch, hal\u00e1ch, v \u010dek\u00e1rn\u00e1ch, apod., a tak\u00e9 na vytvo\u0159en\u00ed venkovn\u00edch svisl\u00fdch ploch, nap\u0159. sokl\u016f. Pou\u017eiteln\u00e1 na v\u0161echny miner\u00e1ln\u00ed podklady. Spot\u0159eba: zrno 0,7 \u2013 1,2 mm (1) cca 2,5 \u2013 3,0 kg\/m2; zrno 1,2 \u2013 1,8 mm (2) cca 4,0 \u2013 4,5 kg\/m2 Velikost balen\u00ed: 25 [&hellip;]","og_url":"https:\/\/www.domtechnikpro.com\/index.php\/produkt\/nizka-cena-profitec-decomarmor-28907\/","og_image":[{"width":1000,"height":750,"url":"https:\/\/www.domtechnikpro.com\/wp-content\/uploads\/2026\/SK0001444-CZ20260425-092254-0-1777080174-27444_profitec-decormarmor.webp","type":"image\/webp"}],"twitter_card":"summary_large_image","schema":{"@context":"https:\/\/schema.org","@graph":[{"@type":"WebPage","@id":"https:\/\/www.domtechnikpro.com\/index.php\/produkt\/nizka-cena-profitec-decomarmor-28907\/","url":"https:\/\/www.domtechnikpro.com\/index.php\/produkt\/nizka-cena-profitec-decomarmor-28907\/","name":"N\u00edzk\u00e1 Cena Profitec Decomarmor -","isPartOf":{"@id":"https:\/\/www.domtechnikpro.com\/#website"},"primaryImageOfPage":{"@id":"https:\/\/www.domtechnikpro.com\/index.php\/produkt\/nizka-cena-profitec-decomarmor-28907\/#primaryimage"},"image":{"@id":"https:\/\/www.domtechnikpro.com\/index.php\/produkt\/nizka-cena-profitec-decomarmor-28907\/#primaryimage"},"thumbnailUrl":"https:\/\/www.domtechnikpro.com\/wp-content\/uploads\/2026\/SK0001444-CZ20260425-092254-0-1777080174-27444_profitec-decormarmor.webp","datePublished":"2026-04-26T08:56:29+00:00","breadcrumb":{"@id":"https:\/\/www.domtechnikpro.com\/index.php\/produkt\/nizka-cena-profitec-decomarmor-28907\/#breadcrumb"},"inLanguage":"cs","potentialAction":[{"@type":"ReadAction","target":["https:\/\/www.domtechnikpro.com\/index.php\/produkt\/nizka-cena-profitec-decomarmor-28907\/"]}]},{"@type":"ImageObject","inLanguage":"cs","@id":"https:\/\/www.domtechnikpro.com\/index.php\/produkt\/nizka-cena-profitec-decomarmor-28907\/#primaryimage","url":"https:\/\/www.domtechnikpro.com\/wp-content\/uploads\/2026\/SK0001444-CZ20260425-092254-0-1777080174-27444_profitec-decormarmor.webp","contentUrl":"https:\/\/www.domtechnikpro.com\/wp-content\/uploads\/2026\/SK0001444-CZ20260425-092254-0-1777080174-27444_profitec-decormarmor.webp","width":1000,"height":750},{"@type":"BreadcrumbList","@id":"https:\/\/www.domtechnikpro.com\/index.php\/produkt\/nizka-cena-profitec-decomarmor-28907\/#breadcrumb","itemListElement":[{"@type":"ListItem","position":1,"name":"Home","item":"https:\/\/www.domtechnikpro.com\/"},{"@type":"ListItem","position":2,"name":"Products","item":"https:\/\/www.domtechnikpro.com\/products\/"},{"@type":"ListItem","position":3,"name":"N\u00edzk\u00e1 Cena Profitec Decomarmor"}]},{"@type":"WebSite","@id":"https:\/\/www.domtechnikpro.com\/#website","url":"https:\/\/www.domtechnikpro.com\/","name":"","description":"","potentialAction":[{"@type":"SearchAction","target":{"@type":"EntryPoint","urlTemplate":"https:\/\/www.domtechnikpro.com\/?s={search_term_string}"},"query-input":{"@type":"PropertyValueSpecification","valueRequired":true,"valueName":"search_term_string"}}],"inLanguage":"cs"}]}},"_links":{"self":[{"href":"https:\/\/www.domtechnikpro.com\/wp-json\/wp\/v2\/product\/28907","targetHints":{"allow":["GET"]}}],"collection":[{"href":"https:\/\/www.domtechnikpro.com\/wp-json\/wp\/v2\/product"}],"about":[{"href":"https:\/\/www.domtechnikpro.com\/wp-json\/wp\/v2\/types\/product"}],"replies":[{"embeddable":true,"href":"https:\/\/www.domtechnikpro.com\/wp-json\/wp\/v2\/comments?post=28907"}],"wp:featuredmedia":[{"embeddable":true,"href":"https:\/\/www.domtechnikpro.com\/wp-json\/wp\/v2\/media\/29007"}],"wp:attachment":[{"href":"https:\/\/www.domtechnikpro.com\/wp-json\/wp\/v2\/media?parent=28907"}],"wp:term":[{"taxonomy":"product_brand","embeddable":true,"href":"https:\/\/www.domtechnikpro.com\/wp-json\/wp\/v2\/product_brand?post=28907"},{"taxonomy":"product_cat","embeddable":true,"href":"https:\/\/www.domtechnikpro.com\/wp-json\/wp\/v2\/product_cat?post=28907"},{"taxonomy":"product_tag","embeddable":true,"href":"https:\/\/www.domtechnikpro.com\/wp-json\/wp\/v2\/product_tag?post=28907"}],"curies":[{"name":"wp","href":"https:\/\/api.w.org\/{rel}","templated":true}]}}