{"id":28761,"date":"2026-04-26T08:56:27","date_gmt":"2026-04-26T08:56:27","guid":{"rendered":""},"modified":"2026-04-26T08:56:27","modified_gmt":"2026-04-26T08:56:27","slug":"pragoprimer-standard-s2000-expresni-doruceni-28761","status":"publish","type":"product","link":"https:\/\/www.domtechnikpro.com\/index.php\/produkt\/pragoprimer-standard-s2000-expresni-doruceni-28761\/","title":{"rendered":"Pragoprimer Standard  S2000 Expresn\u00ed Doru\u010den\u00ed"},"content":{"rendered":"<div class=\"row\">\n<div class=\"col-sm-12 shp-tabs-row responsive-nav\">\n<div class=\"shp-tabs-holder\">\n<ul id=\"p-detail-tabs\" class=\"shp-tabs p-detail-tabs visible-links\" role=\"tablist\">\n<li class=\"shp-tab active\" data-testid=\"tabDescription\">                Popis            <\/li>\n<\/ul>\n<\/div><\/div>\n<div class=\"col-sm-12 \">\n<div id=\"tab-content\" class=\"tab-content\">\n<div id=\"description\" class=\"tab-pane fade in active wide-tab\" role=\"tabpanel\">\n<div class=\"description-inner\">\n<div class=\"basic-description\">                                                        Pou\u017eit\u00ed: <br \/>Podklad: ocel, litina, (d\u0159evo, d\u0159evot\u0159\u00edska)<br \/>Prost\u0159ed\u00ed: interi\u00e9r, exteri\u00e9r &#8211; dle n\u00e1t\u011brov\u00e9ho syst\u00e9mu<br \/>P\u0159\u00edklady: plechov\u00e9 konstrukce, stroje, d\u0159even\u00fd a kovov\u00fd n\u00e1bytek, z\u00e1rubn\u011b<\/p>\n<p>P\u0159\u00edprava podkladu:<br \/>Podklad pro aplikaci mus\u00ed b\u00fdt \u010dist\u00fd, such\u00fd, zbaven\u00fd mastnot, rzi a prachu, mechanicky o\u010di\u0161t\u011bn\u00fd. Nejd\u0159\u00edve ze v\u0161eho se mus\u00ed povrch odmastit pomoc\u00ed vhodn\u00e9ho \u010dist\u00edc\u00edho prost\u0159edku ( nap\u0159. technick\u00fd benz\u00edn P 6402, aceton P 6401 nebo kde je to mo\u017en\u00e9 tepl\u00e1 tlakov\u00e1 voda s obsahem sapon\u00e1tu ). Pro p\u0159\u00edpadn\u00e9 odstran\u011bn\u00ed zbytk\u016f r\u016fzn\u00fdch sol\u00ed je nutn\u00e9 povrch n\u00e1sledn\u011b opl\u00e1chnout \u010distou vodou. Hrub\u00e9 a dob\u0159e p\u0159ilnav\u00e9 ne\u010distoty je nutn\u00e9 odstranit ru\u010dn\u011b nebo mechanicky ( brou\u0161en\u00edm, \u0161kr\u00e1b\u00e1n\u00edm ). P\u0159\u00edpadnou rez je mo\u017en\u00e9 odstranit t\u00e9\u017e ru\u010dn\u011b nebo mechanicky ( kovov\u00e9 kart\u00e1\u010de, brusn\u00e9 kotou\u010de ) nebo pomoc\u00ed odrezova\u010d\u016f. V p\u0159\u00edpad\u011b pou\u017eit\u00ed chemick\u00fdch odrezova\u010d\u016f je nutn\u00fd n\u00e1sledn\u00fd oplach \u010distou vodou. Sav\u00e9 podklady je nutn\u00e9 nejprve napustit vhodn\u00fdm napou\u0161t\u011bdlem, kter\u00e9 zaji\u0161\u0165uje stejnom\u011brnou savost podkladu. <br \/>D\u0159\u00edve nat\u0159en\u00e9 povrchy je nutn\u00e9 o\u010distit, odmastit a zbavit star\u00fdch nep\u0159ilnav\u00fdch n\u00e1t\u011br\u016f. Pro zaji\u0161t\u011bn\u00ed kompatibility nov\u00e9ho n\u00e1t\u011bru se star\u00fdm je doporu\u010deno prov\u00e9st zku\u0161ebn\u00ed referen\u010dn\u00ed n\u00e1t\u011br na plo\u0161e 1 m2. Je doporu\u010deno dodr\u017eovat cel\u00fd n\u00e1t\u011brov\u00fd syst\u00e9m dle katalogov\u00e9ho listu v\u00fdrobce.<\/p>\n<p>P\u0159\u00edklad n\u00e1t\u011brov\u00e9ho postupu:<\/p>\n<p>N\u00e1t\u011br \/ n\u00e1st\u0159ik kovu:<br \/>P\u0159i aplikaci st\u0159\u00edk\u00e1n\u00edm se nejprve  o\u0161et\u0159\u00ed problematick\u00e1 m\u00edsta ( rohy, hrany, sv\u00e1ry, povrchov\u00e9 vady ) tzv. p\u00e1sov\u00fdm n\u00e1t\u011brem \u0161t\u011btcem a teprve po zavadnut\u00ed tohoto n\u00e1t\u011bru se prov\u00e1d\u00ed n\u00e1st\u0159ik cel\u00e9 plochy ( v\u010detn\u011b ji\u017e nat\u0159en\u00fdch problematick\u00fdch m\u00edst ).<br \/>1. 1x barva S 2000 Pragoprimer Standard, zasych\u00e1n\u00ed n\u00e1t\u011bru 24 hodiny. Optim\u00e1ln\u00ed tlou\u0161\u0165ka jedn\u00e9 vrstvy je 25 -30 ?m. Zasych\u00e1n\u00ed na kovov\u00fdch p\u0159edm\u011btech se m\u016f\u017ee urychlit p\u0159isou\u0161en\u00edm  do teploty 80\u00b0C; <br \/>2. tmelen\u00ed podle pot\u0159eby nap\u0159. tmelem polyesterov\u00fdm BKP Rapid TOS;<br \/>3. p\u0159ebrou\u0161en\u00ed tmelen\u00fdch m\u00edst brusn\u00fdm pap\u00edrem \u010d. 180 &#8211; 220 za mokra;<br \/>4.  1x S 2000 Pragoprimer Standard;<br \/>5.  brou\u0161en\u00ed brusn\u00fdm pap\u00edrem \u010d. 280;<br \/>6. 1-2 x email  Industrol Univerz\u00e1l S 2013, Industrol Plus S 2071, Industrol Profi U 2029  nebo matn\u00fd Industrol Unimat S 2075<\/p>\n<p>N\u00e1t\u011br sav\u00e9ho podkladu:<br \/>1. 1x napu\u0161t\u011bn\u00ed lakem S 1023 Lazurol Classic,  S 1033 Lazurol Impregna\u010dn\u00ed z\u00e1klad, zasych\u00e1n\u00ed 24 hodiny<br \/>2. 1x barva S 2000 Pragoprimer Standard, zasych\u00e1n\u00ed 24 hodiny;<br \/>3. 1-2x email Industrol Univerz\u00e1l S 2013, Industrol Plus S 2071, Industrol Profi U 2029  nebo matn\u00fd Industrol Unimat S 2075 V p\u0159\u00edpad\u011b pot\u0159eby tmelen\u00ed se postupuje jako v p\u0159ede\u0161l\u00e9m bod\u011b (n\u00e1t\u011br kovu)<\/p>\n<p>Minim\u00e1ln\u00ed teplota vzduchu pro nan\u00e1\u0161en\u00ed je 5\u00b0C, teplota nat\u00edran\u00e9ho podkladu mus\u00ed b\u00fdt 3\u00b0C nad rosn\u00fdm bodem, p\u0159i\u010dem\u017e teplota a relativn\u00ed vlhkost vzduchu mus\u00ed b\u00fdt m\u011b\u0159eny v bl\u00edzkosti nat\u00edran\u00e9ho podkladu. Teplota podkladu nesm\u00ed b\u00fdt vy\u0161\u0161\u00ed ne\u017e 40\u00b0C. Relativn\u00ed vlhkost vzduchu nesm\u00ed b\u00fdt vy\u0161\u0161\u00ed ne\u017e 75%. Optim\u00e1ln\u00ed teplota pro nan\u00e1\u0161en\u00ed n\u00e1t\u011brov\u00e9 hmoty je +18\u00b0C a\u017e +23\u00b0C a relativn\u00ed vlhkost vzduchu 40 \u2013 70% Ni\u017e\u0161\u00ed teplota a vy\u0161\u0161\u00ed relativn\u00ed vlhkost p\u0159i nan\u00e1\u0161en\u00ed a zasych\u00e1n\u00ed a p\u0159\u00edli\u0161 siln\u00e1 vrstva nan\u00e1\u0161en\u00e9ho filmu v\u00fdrazn\u011b zpomaluj\u00ed zasych\u00e1n\u00ed a protvrd\u00e1n\u00ed n\u00e1t\u011brov\u00e9ho filmu.<\/p>\n<p>\u0158edidlo:<br \/>S 6001 (st\u0159\u00edk\u00e1n\u00ed), S 6006 (\u0161t\u011btec, v\u00e1le\u010dek)                            <\/div>\n<div class=\"extended-description\">\n<p><strong>Dopl\u0148kov\u00e9 parametry<\/strong><\/p>\n<table class=\"detail-parameters\">\n<tbody>\n<tr>\n<th>        <span class=\"row-header-label\">            Kategorie<span class=\"row-header-label-colon\">:<\/span>        <\/span>    <\/th>\n<td>        Antikorozn\u00ed ochrana    <\/td>\n<\/tr>\n<tr class=\"productEan\">\n<th>          <span class=\"row-header-label productEan__label\">              EAN<span class=\"row-header-label-colon\">:<\/span>          <\/span>      <\/th>\n<td>          <span class=\"productEan__value js-productEan__value\">Zvolte variantu<\/span>      <\/td>\n<\/tr>\n<\/tbody>\n<\/table><\/div>\n<\/p><\/div>\n<\/p><\/div>\n<\/p><\/div>\n<\/p><\/div>\n<\/p><\/div>\n<\/p><\/div>\n<\/p><\/div>\n<p>                    <\/main>    <\/div>\n<\/p><\/div>\n","protected":false},"excerpt":{"rendered":"<p>Popis Pou\u017eit\u00ed: Podklad: ocel, litina, (d\u0159evo, d\u0159evot\u0159\u00edska)Prost\u0159ed\u00ed: interi\u00e9r, exteri\u00e9r &#8211; dle n\u00e1t\u011brov\u00e9ho syst\u00e9muP\u0159\u00edklady: plechov\u00e9 konstrukce, stroje, d\u0159even\u00fd a kovov\u00fd n\u00e1bytek, z\u00e1rubn\u011b P\u0159\u00edprava podkladu:Podklad pro aplikaci mus\u00ed b\u00fdt \u010dist\u00fd, such\u00fd, zbaven\u00fd mastnot, rzi a prachu, mechanicky o\u010di\u0161t\u011bn\u00fd. Nejd\u0159\u00edve ze v\u0161eho se mus\u00ed povrch odmastit pomoc\u00ed vhodn\u00e9ho \u010dist\u00edc\u00edho prost\u0159edku ( nap\u0159. technick\u00fd benz\u00edn P 6402, aceton P [&hellip;]<\/p>\n","protected":false},"featured_media":28861,"comment_status":"open","ping_status":"open","template":"","meta":[],"product_brand":[],"product_cat":[107],"product_tag":[],"class_list":{"0":"post-28761","1":"product","2":"type-product","3":"status-publish","4":"has-post-thumbnail","6":"product_cat-auto-moto","8":"first","9":"instock","10":"sale","11":"shipping-taxable","12":"purchasable","13":"product-type-simple"},"yoast_head":"<!-- This site is optimized with the Yoast SEO plugin v26.8 - https:\/\/yoast.com\/product\/yoast-seo-wordpress\/ -->\n<title>Pragoprimer Standard S2000 Expresn\u00ed Doru\u010den\u00ed -<\/title>\n<meta name=\"robots\" content=\"index, follow, max-snippet:-1, max-image-preview:large, max-video-preview:-1\" \/>\n<link rel=\"canonical\" href=\"https:\/\/www.domtechnikpro.com\/index.php\/produkt\/pragoprimer-standard-s2000-expresni-doruceni-28761\/\" \/>\n<meta property=\"og:locale\" content=\"cs_CZ\" \/>\n<meta property=\"og:type\" content=\"article\" \/>\n<meta property=\"og:title\" content=\"Pragoprimer Standard S2000 Expresn\u00ed Doru\u010den\u00ed -\" \/>\n<meta property=\"og:description\" content=\"Popis Pou\u017eit\u00ed: Podklad: ocel, litina, (d\u0159evo, d\u0159evot\u0159\u00edska)Prost\u0159ed\u00ed: interi\u00e9r, exteri\u00e9r &#8211; dle n\u00e1t\u011brov\u00e9ho syst\u00e9muP\u0159\u00edklady: plechov\u00e9 konstrukce, stroje, d\u0159even\u00fd a kovov\u00fd n\u00e1bytek, z\u00e1rubn\u011b P\u0159\u00edprava podkladu:Podklad pro aplikaci mus\u00ed b\u00fdt \u010dist\u00fd, such\u00fd, zbaven\u00fd mastnot, rzi a prachu, mechanicky o\u010di\u0161t\u011bn\u00fd. Nejd\u0159\u00edve ze v\u0161eho se mus\u00ed povrch odmastit pomoc\u00ed vhodn\u00e9ho \u010dist\u00edc\u00edho prost\u0159edku ( nap\u0159. technick\u00fd benz\u00edn P 6402, aceton P [&hellip;]\" \/>\n<meta property=\"og:url\" content=\"https:\/\/www.domtechnikpro.com\/index.php\/produkt\/pragoprimer-standard-s2000-expresni-doruceni-28761\/\" \/>\n<meta property=\"og:image\" content=\"https:\/\/www.domtechnikpro.com\/wp-content\/uploads\/2026\/SK0001398-CZ20260425-092254-0-1777080174-27249_pragoprimer-standard-s-2000.webp\" \/>\n\t<meta property=\"og:image:width\" content=\"1000\" \/>\n\t<meta property=\"og:image:height\" content=\"750\" \/>\n\t<meta property=\"og:image:type\" content=\"image\/webp\" \/>\n<meta name=\"twitter:card\" content=\"summary_large_image\" \/>\n<meta name=\"twitter:label1\" content=\"Odhadovan\u00e1 doba \u010dten\u00ed\" \/>\n\t<meta name=\"twitter:data1\" content=\"3 minuty\" \/>\n<script type=\"application\/ld+json\" class=\"yoast-schema-graph\">{\"@context\":\"https:\/\/schema.org\",\"@graph\":[{\"@type\":\"WebPage\",\"@id\":\"https:\/\/www.domtechnikpro.com\/index.php\/produkt\/pragoprimer-standard-s2000-expresni-doruceni-28761\/\",\"url\":\"https:\/\/www.domtechnikpro.com\/index.php\/produkt\/pragoprimer-standard-s2000-expresni-doruceni-28761\/\",\"name\":\"Pragoprimer Standard S2000 Expresn\u00ed Doru\u010den\u00ed -\",\"isPartOf\":{\"@id\":\"https:\/\/www.domtechnikpro.com\/#website\"},\"primaryImageOfPage\":{\"@id\":\"https:\/\/www.domtechnikpro.com\/index.php\/produkt\/pragoprimer-standard-s2000-expresni-doruceni-28761\/#primaryimage\"},\"image\":{\"@id\":\"https:\/\/www.domtechnikpro.com\/index.php\/produkt\/pragoprimer-standard-s2000-expresni-doruceni-28761\/#primaryimage\"},\"thumbnailUrl\":\"https:\/\/www.domtechnikpro.com\/wp-content\/uploads\/2026\/SK0001398-CZ20260425-092254-0-1777080174-27249_pragoprimer-standard-s-2000.webp\",\"datePublished\":\"2026-04-26T08:56:27+00:00\",\"breadcrumb\":{\"@id\":\"https:\/\/www.domtechnikpro.com\/index.php\/produkt\/pragoprimer-standard-s2000-expresni-doruceni-28761\/#breadcrumb\"},\"inLanguage\":\"cs\",\"potentialAction\":[{\"@type\":\"ReadAction\",\"target\":[\"https:\/\/www.domtechnikpro.com\/index.php\/produkt\/pragoprimer-standard-s2000-expresni-doruceni-28761\/\"]}]},{\"@type\":\"ImageObject\",\"inLanguage\":\"cs\",\"@id\":\"https:\/\/www.domtechnikpro.com\/index.php\/produkt\/pragoprimer-standard-s2000-expresni-doruceni-28761\/#primaryimage\",\"url\":\"https:\/\/www.domtechnikpro.com\/wp-content\/uploads\/2026\/SK0001398-CZ20260425-092254-0-1777080174-27249_pragoprimer-standard-s-2000.webp\",\"contentUrl\":\"https:\/\/www.domtechnikpro.com\/wp-content\/uploads\/2026\/SK0001398-CZ20260425-092254-0-1777080174-27249_pragoprimer-standard-s-2000.webp\",\"width\":1000,\"height\":750},{\"@type\":\"BreadcrumbList\",\"@id\":\"https:\/\/www.domtechnikpro.com\/index.php\/produkt\/pragoprimer-standard-s2000-expresni-doruceni-28761\/#breadcrumb\",\"itemListElement\":[{\"@type\":\"ListItem\",\"position\":1,\"name\":\"Home\",\"item\":\"https:\/\/www.domtechnikpro.com\/\"},{\"@type\":\"ListItem\",\"position\":2,\"name\":\"Products\",\"item\":\"https:\/\/www.domtechnikpro.com\/index.php\/products\/\"},{\"@type\":\"ListItem\",\"position\":3,\"name\":\"Pragoprimer Standard S2000 Expresn\u00ed Doru\u010den\u00ed\"}]},{\"@type\":\"WebSite\",\"@id\":\"https:\/\/www.domtechnikpro.com\/#website\",\"url\":\"https:\/\/www.domtechnikpro.com\/\",\"name\":\"\",\"description\":\"\",\"potentialAction\":[{\"@type\":\"SearchAction\",\"target\":{\"@type\":\"EntryPoint\",\"urlTemplate\":\"https:\/\/www.domtechnikpro.com\/?s={search_term_string}\"},\"query-input\":{\"@type\":\"PropertyValueSpecification\",\"valueRequired\":true,\"valueName\":\"search_term_string\"}}],\"inLanguage\":\"cs\"}]}<\/script>\n<!-- \/ Yoast SEO plugin. -->","yoast_head_json":{"title":"Pragoprimer Standard S2000 Expresn\u00ed Doru\u010den\u00ed -","robots":{"index":"index","follow":"follow","max-snippet":"max-snippet:-1","max-image-preview":"max-image-preview:large","max-video-preview":"max-video-preview:-1"},"canonical":"https:\/\/www.domtechnikpro.com\/index.php\/produkt\/pragoprimer-standard-s2000-expresni-doruceni-28761\/","og_locale":"cs_CZ","og_type":"article","og_title":"Pragoprimer Standard S2000 Expresn\u00ed Doru\u010den\u00ed -","og_description":"Popis Pou\u017eit\u00ed: Podklad: ocel, litina, (d\u0159evo, d\u0159evot\u0159\u00edska)Prost\u0159ed\u00ed: interi\u00e9r, exteri\u00e9r &#8211; dle n\u00e1t\u011brov\u00e9ho syst\u00e9muP\u0159\u00edklady: plechov\u00e9 konstrukce, stroje, d\u0159even\u00fd a kovov\u00fd n\u00e1bytek, z\u00e1rubn\u011b P\u0159\u00edprava podkladu:Podklad pro aplikaci mus\u00ed b\u00fdt \u010dist\u00fd, such\u00fd, zbaven\u00fd mastnot, rzi a prachu, mechanicky o\u010di\u0161t\u011bn\u00fd. Nejd\u0159\u00edve ze v\u0161eho se mus\u00ed povrch odmastit pomoc\u00ed vhodn\u00e9ho \u010dist\u00edc\u00edho prost\u0159edku ( nap\u0159. technick\u00fd benz\u00edn P 6402, aceton P [&hellip;]","og_url":"https:\/\/www.domtechnikpro.com\/index.php\/produkt\/pragoprimer-standard-s2000-expresni-doruceni-28761\/","og_image":[{"width":1000,"height":750,"url":"https:\/\/www.domtechnikpro.com\/wp-content\/uploads\/2026\/SK0001398-CZ20260425-092254-0-1777080174-27249_pragoprimer-standard-s-2000.webp","type":"image\/webp"}],"twitter_card":"summary_large_image","twitter_misc":{"Odhadovan\u00e1 doba \u010dten\u00ed":"3 minuty"},"schema":{"@context":"https:\/\/schema.org","@graph":[{"@type":"WebPage","@id":"https:\/\/www.domtechnikpro.com\/index.php\/produkt\/pragoprimer-standard-s2000-expresni-doruceni-28761\/","url":"https:\/\/www.domtechnikpro.com\/index.php\/produkt\/pragoprimer-standard-s2000-expresni-doruceni-28761\/","name":"Pragoprimer Standard S2000 Expresn\u00ed Doru\u010den\u00ed -","isPartOf":{"@id":"https:\/\/www.domtechnikpro.com\/#website"},"primaryImageOfPage":{"@id":"https:\/\/www.domtechnikpro.com\/index.php\/produkt\/pragoprimer-standard-s2000-expresni-doruceni-28761\/#primaryimage"},"image":{"@id":"https:\/\/www.domtechnikpro.com\/index.php\/produkt\/pragoprimer-standard-s2000-expresni-doruceni-28761\/#primaryimage"},"thumbnailUrl":"https:\/\/www.domtechnikpro.com\/wp-content\/uploads\/2026\/SK0001398-CZ20260425-092254-0-1777080174-27249_pragoprimer-standard-s-2000.webp","datePublished":"2026-04-26T08:56:27+00:00","breadcrumb":{"@id":"https:\/\/www.domtechnikpro.com\/index.php\/produkt\/pragoprimer-standard-s2000-expresni-doruceni-28761\/#breadcrumb"},"inLanguage":"cs","potentialAction":[{"@type":"ReadAction","target":["https:\/\/www.domtechnikpro.com\/index.php\/produkt\/pragoprimer-standard-s2000-expresni-doruceni-28761\/"]}]},{"@type":"ImageObject","inLanguage":"cs","@id":"https:\/\/www.domtechnikpro.com\/index.php\/produkt\/pragoprimer-standard-s2000-expresni-doruceni-28761\/#primaryimage","url":"https:\/\/www.domtechnikpro.com\/wp-content\/uploads\/2026\/SK0001398-CZ20260425-092254-0-1777080174-27249_pragoprimer-standard-s-2000.webp","contentUrl":"https:\/\/www.domtechnikpro.com\/wp-content\/uploads\/2026\/SK0001398-CZ20260425-092254-0-1777080174-27249_pragoprimer-standard-s-2000.webp","width":1000,"height":750},{"@type":"BreadcrumbList","@id":"https:\/\/www.domtechnikpro.com\/index.php\/produkt\/pragoprimer-standard-s2000-expresni-doruceni-28761\/#breadcrumb","itemListElement":[{"@type":"ListItem","position":1,"name":"Home","item":"https:\/\/www.domtechnikpro.com\/"},{"@type":"ListItem","position":2,"name":"Products","item":"https:\/\/www.domtechnikpro.com\/index.php\/products\/"},{"@type":"ListItem","position":3,"name":"Pragoprimer Standard S2000 Expresn\u00ed Doru\u010den\u00ed"}]},{"@type":"WebSite","@id":"https:\/\/www.domtechnikpro.com\/#website","url":"https:\/\/www.domtechnikpro.com\/","name":"","description":"","potentialAction":[{"@type":"SearchAction","target":{"@type":"EntryPoint","urlTemplate":"https:\/\/www.domtechnikpro.com\/?s={search_term_string}"},"query-input":{"@type":"PropertyValueSpecification","valueRequired":true,"valueName":"search_term_string"}}],"inLanguage":"cs"}]}},"_links":{"self":[{"href":"https:\/\/www.domtechnikpro.com\/index.php\/wp-json\/wp\/v2\/product\/28761","targetHints":{"allow":["GET"]}}],"collection":[{"href":"https:\/\/www.domtechnikpro.com\/index.php\/wp-json\/wp\/v2\/product"}],"about":[{"href":"https:\/\/www.domtechnikpro.com\/index.php\/wp-json\/wp\/v2\/types\/product"}],"replies":[{"embeddable":true,"href":"https:\/\/www.domtechnikpro.com\/index.php\/wp-json\/wp\/v2\/comments?post=28761"}],"wp:featuredmedia":[{"embeddable":true,"href":"https:\/\/www.domtechnikpro.com\/index.php\/wp-json\/wp\/v2\/media\/28861"}],"wp:attachment":[{"href":"https:\/\/www.domtechnikpro.com\/index.php\/wp-json\/wp\/v2\/media?parent=28761"}],"wp:term":[{"taxonomy":"product_brand","embeddable":true,"href":"https:\/\/www.domtechnikpro.com\/index.php\/wp-json\/wp\/v2\/product_brand?post=28761"},{"taxonomy":"product_cat","embeddable":true,"href":"https:\/\/www.domtechnikpro.com\/index.php\/wp-json\/wp\/v2\/product_cat?post=28761"},{"taxonomy":"product_tag","embeddable":true,"href":"https:\/\/www.domtechnikpro.com\/index.php\/wp-json\/wp\/v2\/product_tag?post=28761"}],"curies":[{"name":"wp","href":"https:\/\/api.w.org\/{rel}","templated":true}]}}