{"id":28760,"date":"2026-04-26T08:56:27","date_gmt":"2026-04-26T08:56:27","guid":{"rendered":""},"modified":"2026-04-26T08:56:27","modified_gmt":"2026-04-26T08:56:27","slug":"nejlepsi-cena-pragoprimer-pro-prumysl-s2000p-28760","status":"publish","type":"product","link":"https:\/\/www.domtechnikpro.com\/index.php\/produkt\/nejlepsi-cena-pragoprimer-pro-prumysl-s2000p-28760\/","title":{"rendered":"Nejlep\u0161\u00ed Cena Pragoprimer pro pr\u016fmysl S2000P"},"content":{"rendered":"<div class=\"row\">\n<div class=\"col-sm-12 shp-tabs-row responsive-nav\">\n<div class=\"shp-tabs-holder\">\n<ul id=\"p-detail-tabs\" class=\"shp-tabs p-detail-tabs visible-links\" role=\"tablist\">\n<li class=\"shp-tab active\" data-testid=\"tabDescription\">                Popis            <\/li>\n<\/ul>\n<\/div><\/div>\n<div class=\"col-sm-12 \">\n<div id=\"tab-content\" class=\"tab-content\">\n<div id=\"description\" class=\"tab-pane fade in active wide-tab\" role=\"tabpanel\">\n<div class=\"description-inner\">\n<div class=\"basic-description\">                                                        Pragoprimer pro pr\u016fmysl S2000P<br \/>barva je ur\u010dena k z\u00e1kladn\u00edm n\u00e1t\u011br\u016fm oceli a \u017eeleza pro vnit\u0159n\u00ed i vn\u011bj\u0161\u00ed prost\u0159ed\u00ed, zejm\u00e9na pod syntetick\u00e9 na vzduchu schnouc\u00ed n\u00e1t\u011brov\u00e9 hmoty.<br \/>Barvu je mo\u017en\u00e9 pou\u017e\u00edt i pro n\u00e1t\u011bry nekovov\u00fdch p\u0159edm\u011bt\u016f, sav\u00e9 podklady je v\u0161ak nutn\u00e9 p\u0159edem napustit vhodn\u00fdm impregna\u010dn\u00edm n\u00e1t\u011brem. <\/p>\n<p>Pracovn\u00ed postup:<br \/>N\u00e1t\u011br kovu: 1. 1x barva S 2000 PRAGOPRIMER, zasych\u00e1n\u00ed n\u00e1t\u011bru 24 hodiny. Optim\u00e1ln\u00ed tlou\u0161\u0165ka jedn\u00e9 vrstvy je 25 -30 cm. Zasych\u00e1n\u00ed na kovov\u00fdch p\u0159edm\u011btech se m\u016f\u017ee urychlit p\u0159isou\u0161en\u00edm do teploty 80\u00b0C; <br \/>2. tmelen\u00ed podle pot\u0159eby nap\u0159. tmelem polyesterov\u00fdm BKP Rapid TOS; <br \/>3. p\u0159ebrou\u0161en\u00ed tmelen\u00fdch m\u00edst brusn\u00fdm pap\u00edrem \u010d. 180 &#8211; 220 za mokra; <br \/>4. 1x S 2000 PRAGOPRIMER; <br \/>5. brou\u0161en\u00ed brusn\u00fdm pap\u00edrem \u010d. 280;<br \/>6. 1-2 x email Industrol Univerz\u00e1l S 2013, Industrol Plus S 2071, Industrol Profi U 2029 nebo matn\u00fd Industrol Unimat S 2075 N\u00e1t\u011br sav\u00e9ho podkladu: 1. 1x napu\u0161t\u011bn\u00ed lakem S 1023 LAZUROL, S 1033 LAZUROL Impregna\u010dn\u00ed z\u00e1klad, zasych\u00e1n\u00ed 24 hodiny 2. 1x barva S 2000 PRAGOPRIMER, zasych\u00e1n\u00ed 24 hodiny; 3. 1-2x email Industrol Univerz\u00e1l S 2013, Industrol Plus S 2071, Industrol Profi U 2029 nebo matn\u00fd Industrol Unimat S 2075 V p\u0159\u00edpad\u011b pot\u0159eby tmelen\u00ed se postupuje jako v p\u0159ede\u0161l\u00e9m bod\u011b (n\u00e1t\u011br kovu)<\/p>\n<p>Vydatnost:<br \/>12 -15m2 \/kg v jedn\u00e9 vrstv\u011b<\/p>\n<p>Zp\u016fsob aplikace:<br \/>st\u0159\u00edk\u00e1n\u00ed, \u0161t\u011btec, v\u00e1le\u010dek<\/p>\n<p>Zasych\u00e1n\u00ed:<br \/>Zaschl\u00fd proti prachu do 1 hodiny, proschl\u00fd do 3 hodin<\/p>\n<p>\u0158edidlo:<br \/>S 6001 (st\u0159\u00edk\u00e1n\u00ed), S 6006 (\u0161t\u011btec, v\u00e1le\u010dek)                            <\/div>\n<div class=\"extended-description\">\n<p><strong>Dopl\u0148kov\u00e9 parametry<\/strong><\/p>\n<table class=\"detail-parameters\">\n<tbody>\n<tr>\n<th>        <span class=\"row-header-label\">            Kategorie<span class=\"row-header-label-colon\">:<\/span>        <\/span>    <\/th>\n<td>        Antikorozn\u00ed ochrana    <\/td>\n<\/tr>\n<tr class=\"productEan\">\n<th>          <span class=\"row-header-label productEan__label\">              EAN<span class=\"row-header-label-colon\">:<\/span>          <\/span>      <\/th>\n<td>          <span class=\"productEan__value js-productEan__value\">Zvolte variantu<\/span>      <\/td>\n<\/tr>\n<\/tbody>\n<\/table><\/div>\n<\/p><\/div>\n<\/p><\/div>\n<\/p><\/div>\n<\/p><\/div>\n<\/p><\/div>\n<\/p><\/div>\n<\/p><\/div>\n<p>                    <\/main>    <\/div>\n<\/p><\/div>\n","protected":false},"excerpt":{"rendered":"<p>Popis Pragoprimer pro pr\u016fmysl S2000Pbarva je ur\u010dena k z\u00e1kladn\u00edm n\u00e1t\u011br\u016fm oceli a \u017eeleza pro vnit\u0159n\u00ed i vn\u011bj\u0161\u00ed prost\u0159ed\u00ed, zejm\u00e9na pod syntetick\u00e9 na vzduchu schnouc\u00ed n\u00e1t\u011brov\u00e9 hmoty.Barvu je mo\u017en\u00e9 pou\u017e\u00edt i pro n\u00e1t\u011bry nekovov\u00fdch p\u0159edm\u011bt\u016f, sav\u00e9 podklady je v\u0161ak nutn\u00e9 p\u0159edem napustit vhodn\u00fdm impregna\u010dn\u00edm n\u00e1t\u011brem. Pracovn\u00ed postup:N\u00e1t\u011br kovu: 1. 1x barva S 2000 PRAGOPRIMER, zasych\u00e1n\u00ed n\u00e1t\u011bru [&hellip;]<\/p>\n","protected":false},"featured_media":28860,"comment_status":"open","ping_status":"open","template":"","meta":[],"product_brand":[],"product_cat":[107],"product_tag":[],"class_list":{"0":"post-28760","1":"product","2":"type-product","3":"status-publish","4":"has-post-thumbnail","6":"product_cat-auto-moto","8":"first","9":"instock","10":"sale","11":"shipping-taxable","12":"purchasable","13":"product-type-simple"},"yoast_head":"<!-- This site is optimized with the Yoast SEO plugin v26.8 - https:\/\/yoast.com\/product\/yoast-seo-wordpress\/ -->\n<title>Nejlep\u0161\u00ed Cena Pragoprimer pro pr\u016fmysl S2000P -<\/title>\n<meta name=\"robots\" content=\"index, follow, max-snippet:-1, max-image-preview:large, max-video-preview:-1\" \/>\n<link rel=\"canonical\" href=\"https:\/\/www.domtechnikpro.com\/index.php\/produkt\/nejlepsi-cena-pragoprimer-pro-prumysl-s2000p-28760\/\" \/>\n<meta property=\"og:locale\" content=\"cs_CZ\" \/>\n<meta property=\"og:type\" content=\"article\" \/>\n<meta property=\"og:title\" content=\"Nejlep\u0161\u00ed Cena Pragoprimer pro pr\u016fmysl S2000P -\" \/>\n<meta property=\"og:description\" content=\"Popis Pragoprimer pro pr\u016fmysl S2000Pbarva je ur\u010dena k z\u00e1kladn\u00edm n\u00e1t\u011br\u016fm oceli a \u017eeleza pro vnit\u0159n\u00ed i vn\u011bj\u0161\u00ed prost\u0159ed\u00ed, zejm\u00e9na pod syntetick\u00e9 na vzduchu schnouc\u00ed n\u00e1t\u011brov\u00e9 hmoty.Barvu je mo\u017en\u00e9 pou\u017e\u00edt i pro n\u00e1t\u011bry nekovov\u00fdch p\u0159edm\u011bt\u016f, sav\u00e9 podklady je v\u0161ak nutn\u00e9 p\u0159edem napustit vhodn\u00fdm impregna\u010dn\u00edm n\u00e1t\u011brem. Pracovn\u00ed postup:N\u00e1t\u011br kovu: 1. 1x barva S 2000 PRAGOPRIMER, zasych\u00e1n\u00ed n\u00e1t\u011bru [&hellip;]\" \/>\n<meta property=\"og:url\" content=\"https:\/\/www.domtechnikpro.com\/index.php\/produkt\/nejlepsi-cena-pragoprimer-pro-prumysl-s2000p-28760\/\" \/>\n<meta property=\"og:image\" content=\"https:\/\/www.domtechnikpro.com\/wp-content\/uploads\/2026\/SK0001397-CZ20260425-092254-0-1777080174-27246_pragoprimer-pro-prumysl-s-2000-p.webp\" \/>\n\t<meta property=\"og:image:width\" content=\"1000\" \/>\n\t<meta property=\"og:image:height\" content=\"750\" \/>\n\t<meta property=\"og:image:type\" content=\"image\/webp\" \/>\n<meta name=\"twitter:card\" content=\"summary_large_image\" \/>\n<meta name=\"twitter:label1\" content=\"Odhadovan\u00e1 doba \u010dten\u00ed\" \/>\n\t<meta name=\"twitter:data1\" content=\"1 minuta\" \/>\n<script type=\"application\/ld+json\" class=\"yoast-schema-graph\">{\"@context\":\"https:\/\/schema.org\",\"@graph\":[{\"@type\":\"WebPage\",\"@id\":\"https:\/\/www.domtechnikpro.com\/index.php\/produkt\/nejlepsi-cena-pragoprimer-pro-prumysl-s2000p-28760\/\",\"url\":\"https:\/\/www.domtechnikpro.com\/index.php\/produkt\/nejlepsi-cena-pragoprimer-pro-prumysl-s2000p-28760\/\",\"name\":\"Nejlep\u0161\u00ed Cena Pragoprimer pro pr\u016fmysl S2000P -\",\"isPartOf\":{\"@id\":\"https:\/\/www.domtechnikpro.com\/#website\"},\"primaryImageOfPage\":{\"@id\":\"https:\/\/www.domtechnikpro.com\/index.php\/produkt\/nejlepsi-cena-pragoprimer-pro-prumysl-s2000p-28760\/#primaryimage\"},\"image\":{\"@id\":\"https:\/\/www.domtechnikpro.com\/index.php\/produkt\/nejlepsi-cena-pragoprimer-pro-prumysl-s2000p-28760\/#primaryimage\"},\"thumbnailUrl\":\"https:\/\/www.domtechnikpro.com\/wp-content\/uploads\/2026\/SK0001397-CZ20260425-092254-0-1777080174-27246_pragoprimer-pro-prumysl-s-2000-p.webp\",\"datePublished\":\"2026-04-26T08:56:27+00:00\",\"breadcrumb\":{\"@id\":\"https:\/\/www.domtechnikpro.com\/index.php\/produkt\/nejlepsi-cena-pragoprimer-pro-prumysl-s2000p-28760\/#breadcrumb\"},\"inLanguage\":\"cs\",\"potentialAction\":[{\"@type\":\"ReadAction\",\"target\":[\"https:\/\/www.domtechnikpro.com\/index.php\/produkt\/nejlepsi-cena-pragoprimer-pro-prumysl-s2000p-28760\/\"]}]},{\"@type\":\"ImageObject\",\"inLanguage\":\"cs\",\"@id\":\"https:\/\/www.domtechnikpro.com\/index.php\/produkt\/nejlepsi-cena-pragoprimer-pro-prumysl-s2000p-28760\/#primaryimage\",\"url\":\"https:\/\/www.domtechnikpro.com\/wp-content\/uploads\/2026\/SK0001397-CZ20260425-092254-0-1777080174-27246_pragoprimer-pro-prumysl-s-2000-p.webp\",\"contentUrl\":\"https:\/\/www.domtechnikpro.com\/wp-content\/uploads\/2026\/SK0001397-CZ20260425-092254-0-1777080174-27246_pragoprimer-pro-prumysl-s-2000-p.webp\",\"width\":1000,\"height\":750},{\"@type\":\"BreadcrumbList\",\"@id\":\"https:\/\/www.domtechnikpro.com\/index.php\/produkt\/nejlepsi-cena-pragoprimer-pro-prumysl-s2000p-28760\/#breadcrumb\",\"itemListElement\":[{\"@type\":\"ListItem\",\"position\":1,\"name\":\"Home\",\"item\":\"https:\/\/www.domtechnikpro.com\/\"},{\"@type\":\"ListItem\",\"position\":2,\"name\":\"Products\",\"item\":\"https:\/\/www.domtechnikpro.com\/index.php\/products\/\"},{\"@type\":\"ListItem\",\"position\":3,\"name\":\"Nejlep\u0161\u00ed Cena Pragoprimer pro pr\u016fmysl S2000P\"}]},{\"@type\":\"WebSite\",\"@id\":\"https:\/\/www.domtechnikpro.com\/#website\",\"url\":\"https:\/\/www.domtechnikpro.com\/\",\"name\":\"\",\"description\":\"\",\"potentialAction\":[{\"@type\":\"SearchAction\",\"target\":{\"@type\":\"EntryPoint\",\"urlTemplate\":\"https:\/\/www.domtechnikpro.com\/?s={search_term_string}\"},\"query-input\":{\"@type\":\"PropertyValueSpecification\",\"valueRequired\":true,\"valueName\":\"search_term_string\"}}],\"inLanguage\":\"cs\"}]}<\/script>\n<!-- \/ Yoast SEO plugin. -->","yoast_head_json":{"title":"Nejlep\u0161\u00ed Cena Pragoprimer pro pr\u016fmysl S2000P -","robots":{"index":"index","follow":"follow","max-snippet":"max-snippet:-1","max-image-preview":"max-image-preview:large","max-video-preview":"max-video-preview:-1"},"canonical":"https:\/\/www.domtechnikpro.com\/index.php\/produkt\/nejlepsi-cena-pragoprimer-pro-prumysl-s2000p-28760\/","og_locale":"cs_CZ","og_type":"article","og_title":"Nejlep\u0161\u00ed Cena Pragoprimer pro pr\u016fmysl S2000P -","og_description":"Popis Pragoprimer pro pr\u016fmysl S2000Pbarva je ur\u010dena k z\u00e1kladn\u00edm n\u00e1t\u011br\u016fm oceli a \u017eeleza pro vnit\u0159n\u00ed i vn\u011bj\u0161\u00ed prost\u0159ed\u00ed, zejm\u00e9na pod syntetick\u00e9 na vzduchu schnouc\u00ed n\u00e1t\u011brov\u00e9 hmoty.Barvu je mo\u017en\u00e9 pou\u017e\u00edt i pro n\u00e1t\u011bry nekovov\u00fdch p\u0159edm\u011bt\u016f, sav\u00e9 podklady je v\u0161ak nutn\u00e9 p\u0159edem napustit vhodn\u00fdm impregna\u010dn\u00edm n\u00e1t\u011brem. Pracovn\u00ed postup:N\u00e1t\u011br kovu: 1. 1x barva S 2000 PRAGOPRIMER, zasych\u00e1n\u00ed n\u00e1t\u011bru [&hellip;]","og_url":"https:\/\/www.domtechnikpro.com\/index.php\/produkt\/nejlepsi-cena-pragoprimer-pro-prumysl-s2000p-28760\/","og_image":[{"width":1000,"height":750,"url":"https:\/\/www.domtechnikpro.com\/wp-content\/uploads\/2026\/SK0001397-CZ20260425-092254-0-1777080174-27246_pragoprimer-pro-prumysl-s-2000-p.webp","type":"image\/webp"}],"twitter_card":"summary_large_image","twitter_misc":{"Odhadovan\u00e1 doba \u010dten\u00ed":"1 minuta"},"schema":{"@context":"https:\/\/schema.org","@graph":[{"@type":"WebPage","@id":"https:\/\/www.domtechnikpro.com\/index.php\/produkt\/nejlepsi-cena-pragoprimer-pro-prumysl-s2000p-28760\/","url":"https:\/\/www.domtechnikpro.com\/index.php\/produkt\/nejlepsi-cena-pragoprimer-pro-prumysl-s2000p-28760\/","name":"Nejlep\u0161\u00ed Cena Pragoprimer pro pr\u016fmysl S2000P -","isPartOf":{"@id":"https:\/\/www.domtechnikpro.com\/#website"},"primaryImageOfPage":{"@id":"https:\/\/www.domtechnikpro.com\/index.php\/produkt\/nejlepsi-cena-pragoprimer-pro-prumysl-s2000p-28760\/#primaryimage"},"image":{"@id":"https:\/\/www.domtechnikpro.com\/index.php\/produkt\/nejlepsi-cena-pragoprimer-pro-prumysl-s2000p-28760\/#primaryimage"},"thumbnailUrl":"https:\/\/www.domtechnikpro.com\/wp-content\/uploads\/2026\/SK0001397-CZ20260425-092254-0-1777080174-27246_pragoprimer-pro-prumysl-s-2000-p.webp","datePublished":"2026-04-26T08:56:27+00:00","breadcrumb":{"@id":"https:\/\/www.domtechnikpro.com\/index.php\/produkt\/nejlepsi-cena-pragoprimer-pro-prumysl-s2000p-28760\/#breadcrumb"},"inLanguage":"cs","potentialAction":[{"@type":"ReadAction","target":["https:\/\/www.domtechnikpro.com\/index.php\/produkt\/nejlepsi-cena-pragoprimer-pro-prumysl-s2000p-28760\/"]}]},{"@type":"ImageObject","inLanguage":"cs","@id":"https:\/\/www.domtechnikpro.com\/index.php\/produkt\/nejlepsi-cena-pragoprimer-pro-prumysl-s2000p-28760\/#primaryimage","url":"https:\/\/www.domtechnikpro.com\/wp-content\/uploads\/2026\/SK0001397-CZ20260425-092254-0-1777080174-27246_pragoprimer-pro-prumysl-s-2000-p.webp","contentUrl":"https:\/\/www.domtechnikpro.com\/wp-content\/uploads\/2026\/SK0001397-CZ20260425-092254-0-1777080174-27246_pragoprimer-pro-prumysl-s-2000-p.webp","width":1000,"height":750},{"@type":"BreadcrumbList","@id":"https:\/\/www.domtechnikpro.com\/index.php\/produkt\/nejlepsi-cena-pragoprimer-pro-prumysl-s2000p-28760\/#breadcrumb","itemListElement":[{"@type":"ListItem","position":1,"name":"Home","item":"https:\/\/www.domtechnikpro.com\/"},{"@type":"ListItem","position":2,"name":"Products","item":"https:\/\/www.domtechnikpro.com\/index.php\/products\/"},{"@type":"ListItem","position":3,"name":"Nejlep\u0161\u00ed Cena Pragoprimer pro pr\u016fmysl S2000P"}]},{"@type":"WebSite","@id":"https:\/\/www.domtechnikpro.com\/#website","url":"https:\/\/www.domtechnikpro.com\/","name":"","description":"","potentialAction":[{"@type":"SearchAction","target":{"@type":"EntryPoint","urlTemplate":"https:\/\/www.domtechnikpro.com\/?s={search_term_string}"},"query-input":{"@type":"PropertyValueSpecification","valueRequired":true,"valueName":"search_term_string"}}],"inLanguage":"cs"}]}},"_links":{"self":[{"href":"https:\/\/www.domtechnikpro.com\/index.php\/wp-json\/wp\/v2\/product\/28760","targetHints":{"allow":["GET"]}}],"collection":[{"href":"https:\/\/www.domtechnikpro.com\/index.php\/wp-json\/wp\/v2\/product"}],"about":[{"href":"https:\/\/www.domtechnikpro.com\/index.php\/wp-json\/wp\/v2\/types\/product"}],"replies":[{"embeddable":true,"href":"https:\/\/www.domtechnikpro.com\/index.php\/wp-json\/wp\/v2\/comments?post=28760"}],"wp:featuredmedia":[{"embeddable":true,"href":"https:\/\/www.domtechnikpro.com\/index.php\/wp-json\/wp\/v2\/media\/28860"}],"wp:attachment":[{"href":"https:\/\/www.domtechnikpro.com\/index.php\/wp-json\/wp\/v2\/media?parent=28760"}],"wp:term":[{"taxonomy":"product_brand","embeddable":true,"href":"https:\/\/www.domtechnikpro.com\/index.php\/wp-json\/wp\/v2\/product_brand?post=28760"},{"taxonomy":"product_cat","embeddable":true,"href":"https:\/\/www.domtechnikpro.com\/index.php\/wp-json\/wp\/v2\/product_cat?post=28760"},{"taxonomy":"product_tag","embeddable":true,"href":"https:\/\/www.domtechnikpro.com\/index.php\/wp-json\/wp\/v2\/product_tag?post=28760"}],"curies":[{"name":"wp","href":"https:\/\/api.w.org\/{rel}","templated":true}]}}