{"id":2790,"date":"2026-04-26T08:52:00","date_gmt":"2026-04-26T08:52:00","guid":{"rendered":""},"modified":"2026-04-26T08:52:00","modified_gmt":"2026-04-26T08:52:00","slug":"znackovy-stropni-bodove-prisazene-svitidlo-azzardo-brant-2-square-ip44-black-az2879-gu10-2x50w-ip44-18cm-hranate-cerne-azzardo-2790","status":"publish","type":"product","link":"https:\/\/www.domtechnikpro.com\/index.php\/produkt\/znackovy-stropni-bodove-prisazene-svitidlo-azzardo-brant-2-square-ip44-black-az2879-gu10-2x50w-ip44-18cm-hranate-cerne-azzardo-2790\/","title":{"rendered":"Zna\u010dkov\u00fd Stropn\u00ed bodov\u00e9 p\u0159isazen\u00e9 sv\u00edtidlo Azzardo Brant 2 Square IP44 black AZ2879 GU10 2x50W IP44 18cm hranat\u00e9 \u010dern\u00e9 &#8211; AZZARDO"},"content":{"rendered":"<h3 class=\"product-h3\">Popis produktu<\/h3>\n<p>SV\u00cdTIDLO SE NED\u00c1 KV\u016eLI KRYT\u00cd IP44 VYKL\u00c1P\u011aT! Dvoubodov\u00e9 sv\u00edtidlo Brant 2 square IP44 z kolekce funk\u010dn\u00edho osv\u011btlen\u00ed zna\u010dky Azzardo je ur\u010deno pro stropn\u00ed p\u0159isazenou mont\u00e1\u017e. Jeho modern\u00ed hranat\u00fd design vynikne ve Va\u0161\u00ed p\u0159eds\u00edni, chodb\u011b, gar\u00e1\u017ei \u010di koupeln\u011b. Sv\u00edtidlo je vyrobeno z kvalitn\u00edch materi\u00e1l\u016f, jako jsou hlin\u00edk a kov, a je zhotoveno v matn\u011b \u010dern\u00e9m proveden\u00ed o celkov\u00fdch rozm\u011brech 9,5 x 18 x 9 cm. Dva kulat\u00e9 difuzory jsou osazeny patic\u00ed GU10 o maxim\u00e1ln\u00edm p\u0159\u00edkonu 2 x 50 W (zdroje nejsou sou\u010d\u00e1st\u00ed balen\u00ed). Index pod\u00e1n\u00ed barev je vy\u0161\u0161\u00ed a roven hodnot\u011b 80. V\u00fdhodou tohoto sv\u00edtidla je vysok\u00e9v kryt\u00ed IP44, kter\u00e9 p\u0159edstavuje ochranu p\u0159ed st\u0159\u00edkaj\u00edc\u00ed vodou. Sv\u00edtidlo je nap\u00e1jeno ze s\u00edt\u011b na 230 V a vztahuje se na n\u011bj z\u00e1ruka 3 roky.<\/p>\n<\/p><\/div>\n<\/p><\/div>\n<p><\/p>\n<div class=\"top-params\">\n<h3 class=\"product-h3 collapse-header \" data-toggle=\"collapse\" data-target=\"#collapseOne\" aria-expanded=\"true\" aria-controls=\"collapseOne\">Parametry<\/h3>\n<div id=\"collapseOne\" class=\"collapse show\" aria-labelledby=\"headingOne\" data-parent=\"#product-info-accordion1\">\n<table class=\"table-striped\">\n<tr>\n<td>                V\u00fd\u0161ka v mm            <\/td>\n<td>                95            <\/td>\n<\/tr>\n<tr>\n<td>                Hmotnost g            <\/td>\n<td>                600            <\/td>\n<\/tr>\n<tr>\n<td>                Index pod\u00e1n\u00ed barev            <\/td>\n<td>                80            <\/td>\n<\/tr>\n<tr>\n<td>                \u0160\u00ed\u0159ka v mm            <\/td>\n<td>                180            <\/td>\n<\/tr>\n<tr>\n<td>                D\u00e9lka v mm            <\/td>\n<td>                90            <\/td>\n<\/tr>\n<tr>\n<td>                Ochrana IP            <\/td>\n<td>                IP44            <\/td>\n<\/tr>\n<tr>\n<td>                Max. p\u0159\u00edkon sv\u011bteln\u00e9ho zdroje            <\/td>\n<td>                50W            <\/td>\n<\/tr>\n<tr>\n<td>                V\u00fdkon            <\/td>\n<td>                100W            <\/td>\n<\/tr>\n<tr>\n<td>                Nap\u00e1jec\u00ed nap\u011bt\u00ed            <\/td>\n<td>                220-240 V            <\/td>\n<\/tr>\n<tr>\n<td>                Patice            <\/td>\n<td>                GU10            <\/td>\n<\/tr>\n<tr>\n<td>                V\u010detn\u011b sv\u011bteln\u00e9ho zdroje            <\/td>\n<td>                ne            <\/td>\n<\/tr>\n<tr>\n<td>                Materi\u00e1l            <\/td>\n<td>                kov            <\/td>\n<\/tr>\n<tr>\n<td>                Barva            <\/td>\n<td>                \u010dern\u00e1            <\/td>\n<\/tr>\n<tr>\n<td>                Kolekce            <\/td>\n<td>                Azzardo            <\/td>\n<\/tr>\n<tr>\n<td>                Po\u010det sv\u011bteln\u00fdch zdroj\u016f            <\/td>\n<td>                2            <\/td>\n<\/tr>\n<tr>\n<td>                V\u00fdrobce            <\/td>\n<td>                AZZARDO            <\/td>\n<\/tr>\n<\/table>\n<\/div><\/div>\n<\/div>\n<div class=\"accordion\" id=\"product-info-accordion2\">\n","protected":false},"excerpt":{"rendered":"<p>Popis produktu SV\u00cdTIDLO SE NED\u00c1 KV\u016eLI KRYT\u00cd IP44 VYKL\u00c1P\u011aT! Dvoubodov\u00e9 sv\u00edtidlo Brant 2 square IP44 z kolekce funk\u010dn\u00edho osv\u011btlen\u00ed zna\u010dky Azzardo je ur\u010deno pro stropn\u00ed p\u0159isazenou mont\u00e1\u017e. Jeho modern\u00ed hranat\u00fd design vynikne ve Va\u0161\u00ed p\u0159eds\u00edni, chodb\u011b, gar\u00e1\u017ei \u010di koupeln\u011b. Sv\u00edtidlo je vyrobeno z kvalitn\u00edch materi\u00e1l\u016f, jako jsou hlin\u00edk a kov, a je zhotoveno v matn\u011b [&hellip;]<\/p>\n","protected":false},"featured_media":2890,"comment_status":"open","ping_status":"open","template":"","meta":[],"product_brand":[],"product_cat":[34],"product_tag":[],"class_list":{"0":"post-2790","1":"product","2":"type-product","3":"status-publish","4":"has-post-thumbnail","6":"product_cat-venkovni-svitidla","8":"first","9":"instock","10":"sale","11":"shipping-taxable","12":"purchasable","13":"product-type-simple"},"yoast_head":"<!-- This site is optimized with the Yoast SEO plugin v26.8 - https:\/\/yoast.com\/product\/yoast-seo-wordpress\/ -->\n<title>Zna\u010dkov\u00fd Stropn\u00ed bodov\u00e9 p\u0159isazen\u00e9 sv\u00edtidlo Azzardo Brant 2 Square IP44 black AZ2879 GU10 2x50W IP44 18cm hranat\u00e9 \u010dern\u00e9 - AZZARDO -<\/title>\n<meta name=\"robots\" content=\"index, follow, max-snippet:-1, max-image-preview:large, max-video-preview:-1\" \/>\n<link rel=\"canonical\" href=\"https:\/\/www.domtechnikpro.com\/index.php\/produkt\/znackovy-stropni-bodove-prisazene-svitidlo-azzardo-brant-2-square-ip44-black-az2879-gu10-2x50w-ip44-18cm-hranate-cerne-azzardo-2790\/\" \/>\n<meta property=\"og:locale\" content=\"cs_CZ\" \/>\n<meta property=\"og:type\" content=\"article\" \/>\n<meta property=\"og:title\" content=\"Zna\u010dkov\u00fd Stropn\u00ed bodov\u00e9 p\u0159isazen\u00e9 sv\u00edtidlo Azzardo Brant 2 Square IP44 black AZ2879 GU10 2x50W IP44 18cm hranat\u00e9 \u010dern\u00e9 - AZZARDO -\" \/>\n<meta property=\"og:description\" content=\"Popis produktu SV\u00cdTIDLO SE NED\u00c1 KV\u016eLI KRYT\u00cd IP44 VYKL\u00c1P\u011aT! Dvoubodov\u00e9 sv\u00edtidlo Brant 2 square IP44 z kolekce funk\u010dn\u00edho osv\u011btlen\u00ed zna\u010dky Azzardo je ur\u010deno pro stropn\u00ed p\u0159isazenou mont\u00e1\u017e. Jeho modern\u00ed hranat\u00fd design vynikne ve Va\u0161\u00ed p\u0159eds\u00edni, chodb\u011b, gar\u00e1\u017ei \u010di koupeln\u011b. Sv\u00edtidlo je vyrobeno z kvalitn\u00edch materi\u00e1l\u016f, jako jsou hlin\u00edk a kov, a je zhotoveno v matn\u011b [&hellip;]\" \/>\n<meta property=\"og:url\" content=\"https:\/\/www.domtechnikpro.com\/index.php\/produkt\/znackovy-stropni-bodove-prisazene-svitidlo-azzardo-brant-2-square-ip44-black-az2879-gu10-2x50w-ip44-18cm-hranate-cerne-azzardo-2790\/\" \/>\n<meta property=\"og:image\" content=\"https:\/\/www.domtechnikpro.com\/wp-content\/uploads\/2026\/SK0002847-CZ20260425-091535-0-1777079743-AZZ-AZ2879.webp\" \/>\n\t<meta property=\"og:image:width\" content=\"480\" \/>\n\t<meta property=\"og:image:height\" content=\"480\" \/>\n\t<meta property=\"og:image:type\" content=\"image\/webp\" \/>\n<meta name=\"twitter:card\" content=\"summary_large_image\" \/>\n<meta name=\"twitter:label1\" content=\"Odhadovan\u00e1 doba \u010dten\u00ed\" \/>\n\t<meta name=\"twitter:data1\" content=\"1 minuta\" \/>\n<script type=\"application\/ld+json\" class=\"yoast-schema-graph\">{\"@context\":\"https:\/\/schema.org\",\"@graph\":[{\"@type\":\"WebPage\",\"@id\":\"https:\/\/www.domtechnikpro.com\/index.php\/produkt\/znackovy-stropni-bodove-prisazene-svitidlo-azzardo-brant-2-square-ip44-black-az2879-gu10-2x50w-ip44-18cm-hranate-cerne-azzardo-2790\/\",\"url\":\"https:\/\/www.domtechnikpro.com\/index.php\/produkt\/znackovy-stropni-bodove-prisazene-svitidlo-azzardo-brant-2-square-ip44-black-az2879-gu10-2x50w-ip44-18cm-hranate-cerne-azzardo-2790\/\",\"name\":\"Zna\u010dkov\u00fd Stropn\u00ed bodov\u00e9 p\u0159isazen\u00e9 sv\u00edtidlo Azzardo Brant 2 Square IP44 black AZ2879 GU10 2x50W IP44 18cm hranat\u00e9 \u010dern\u00e9 - AZZARDO -\",\"isPartOf\":{\"@id\":\"https:\/\/www.domtechnikpro.com\/#website\"},\"primaryImageOfPage\":{\"@id\":\"https:\/\/www.domtechnikpro.com\/index.php\/produkt\/znackovy-stropni-bodove-prisazene-svitidlo-azzardo-brant-2-square-ip44-black-az2879-gu10-2x50w-ip44-18cm-hranate-cerne-azzardo-2790\/#primaryimage\"},\"image\":{\"@id\":\"https:\/\/www.domtechnikpro.com\/index.php\/produkt\/znackovy-stropni-bodove-prisazene-svitidlo-azzardo-brant-2-square-ip44-black-az2879-gu10-2x50w-ip44-18cm-hranate-cerne-azzardo-2790\/#primaryimage\"},\"thumbnailUrl\":\"https:\/\/www.domtechnikpro.com\/wp-content\/uploads\/2026\/SK0002847-CZ20260425-091535-0-1777079743-AZZ-AZ2879.webp\",\"datePublished\":\"2026-04-26T08:52:00+00:00\",\"breadcrumb\":{\"@id\":\"https:\/\/www.domtechnikpro.com\/index.php\/produkt\/znackovy-stropni-bodove-prisazene-svitidlo-azzardo-brant-2-square-ip44-black-az2879-gu10-2x50w-ip44-18cm-hranate-cerne-azzardo-2790\/#breadcrumb\"},\"inLanguage\":\"cs\",\"potentialAction\":[{\"@type\":\"ReadAction\",\"target\":[\"https:\/\/www.domtechnikpro.com\/index.php\/produkt\/znackovy-stropni-bodove-prisazene-svitidlo-azzardo-brant-2-square-ip44-black-az2879-gu10-2x50w-ip44-18cm-hranate-cerne-azzardo-2790\/\"]}]},{\"@type\":\"ImageObject\",\"inLanguage\":\"cs\",\"@id\":\"https:\/\/www.domtechnikpro.com\/index.php\/produkt\/znackovy-stropni-bodove-prisazene-svitidlo-azzardo-brant-2-square-ip44-black-az2879-gu10-2x50w-ip44-18cm-hranate-cerne-azzardo-2790\/#primaryimage\",\"url\":\"https:\/\/www.domtechnikpro.com\/wp-content\/uploads\/2026\/SK0002847-CZ20260425-091535-0-1777079743-AZZ-AZ2879.webp\",\"contentUrl\":\"https:\/\/www.domtechnikpro.com\/wp-content\/uploads\/2026\/SK0002847-CZ20260425-091535-0-1777079743-AZZ-AZ2879.webp\",\"width\":480,\"height\":480},{\"@type\":\"BreadcrumbList\",\"@id\":\"https:\/\/www.domtechnikpro.com\/index.php\/produkt\/znackovy-stropni-bodove-prisazene-svitidlo-azzardo-brant-2-square-ip44-black-az2879-gu10-2x50w-ip44-18cm-hranate-cerne-azzardo-2790\/#breadcrumb\",\"itemListElement\":[{\"@type\":\"ListItem\",\"position\":1,\"name\":\"Home\",\"item\":\"https:\/\/www.domtechnikpro.com\/\"},{\"@type\":\"ListItem\",\"position\":2,\"name\":\"Products\",\"item\":\"https:\/\/www.domtechnikpro.com\/index.php\/products\/\"},{\"@type\":\"ListItem\",\"position\":3,\"name\":\"Zna\u010dkov\u00fd Stropn\u00ed bodov\u00e9 p\u0159isazen\u00e9 sv\u00edtidlo Azzardo Brant 2 Square IP44 black AZ2879 GU10 2x50W IP44 18cm hranat\u00e9 \u010dern\u00e9 &#8211; AZZARDO\"}]},{\"@type\":\"WebSite\",\"@id\":\"https:\/\/www.domtechnikpro.com\/#website\",\"url\":\"https:\/\/www.domtechnikpro.com\/\",\"name\":\"\",\"description\":\"\",\"potentialAction\":[{\"@type\":\"SearchAction\",\"target\":{\"@type\":\"EntryPoint\",\"urlTemplate\":\"https:\/\/www.domtechnikpro.com\/?s={search_term_string}\"},\"query-input\":{\"@type\":\"PropertyValueSpecification\",\"valueRequired\":true,\"valueName\":\"search_term_string\"}}],\"inLanguage\":\"cs\"}]}<\/script>\n<!-- \/ Yoast SEO plugin. -->","yoast_head_json":{"title":"Zna\u010dkov\u00fd Stropn\u00ed bodov\u00e9 p\u0159isazen\u00e9 sv\u00edtidlo Azzardo Brant 2 Square IP44 black AZ2879 GU10 2x50W IP44 18cm hranat\u00e9 \u010dern\u00e9 - AZZARDO -","robots":{"index":"index","follow":"follow","max-snippet":"max-snippet:-1","max-image-preview":"max-image-preview:large","max-video-preview":"max-video-preview:-1"},"canonical":"https:\/\/www.domtechnikpro.com\/index.php\/produkt\/znackovy-stropni-bodove-prisazene-svitidlo-azzardo-brant-2-square-ip44-black-az2879-gu10-2x50w-ip44-18cm-hranate-cerne-azzardo-2790\/","og_locale":"cs_CZ","og_type":"article","og_title":"Zna\u010dkov\u00fd Stropn\u00ed bodov\u00e9 p\u0159isazen\u00e9 sv\u00edtidlo Azzardo Brant 2 Square IP44 black AZ2879 GU10 2x50W IP44 18cm hranat\u00e9 \u010dern\u00e9 - AZZARDO -","og_description":"Popis produktu SV\u00cdTIDLO SE NED\u00c1 KV\u016eLI KRYT\u00cd IP44 VYKL\u00c1P\u011aT! Dvoubodov\u00e9 sv\u00edtidlo Brant 2 square IP44 z kolekce funk\u010dn\u00edho osv\u011btlen\u00ed zna\u010dky Azzardo je ur\u010deno pro stropn\u00ed p\u0159isazenou mont\u00e1\u017e. Jeho modern\u00ed hranat\u00fd design vynikne ve Va\u0161\u00ed p\u0159eds\u00edni, chodb\u011b, gar\u00e1\u017ei \u010di koupeln\u011b. Sv\u00edtidlo je vyrobeno z kvalitn\u00edch materi\u00e1l\u016f, jako jsou hlin\u00edk a kov, a je zhotoveno v matn\u011b [&hellip;]","og_url":"https:\/\/www.domtechnikpro.com\/index.php\/produkt\/znackovy-stropni-bodove-prisazene-svitidlo-azzardo-brant-2-square-ip44-black-az2879-gu10-2x50w-ip44-18cm-hranate-cerne-azzardo-2790\/","og_image":[{"width":480,"height":480,"url":"https:\/\/www.domtechnikpro.com\/wp-content\/uploads\/2026\/SK0002847-CZ20260425-091535-0-1777079743-AZZ-AZ2879.webp","type":"image\/webp"}],"twitter_card":"summary_large_image","twitter_misc":{"Odhadovan\u00e1 doba \u010dten\u00ed":"1 minuta"},"schema":{"@context":"https:\/\/schema.org","@graph":[{"@type":"WebPage","@id":"https:\/\/www.domtechnikpro.com\/index.php\/produkt\/znackovy-stropni-bodove-prisazene-svitidlo-azzardo-brant-2-square-ip44-black-az2879-gu10-2x50w-ip44-18cm-hranate-cerne-azzardo-2790\/","url":"https:\/\/www.domtechnikpro.com\/index.php\/produkt\/znackovy-stropni-bodove-prisazene-svitidlo-azzardo-brant-2-square-ip44-black-az2879-gu10-2x50w-ip44-18cm-hranate-cerne-azzardo-2790\/","name":"Zna\u010dkov\u00fd Stropn\u00ed bodov\u00e9 p\u0159isazen\u00e9 sv\u00edtidlo Azzardo Brant 2 Square IP44 black AZ2879 GU10 2x50W IP44 18cm hranat\u00e9 \u010dern\u00e9 - AZZARDO -","isPartOf":{"@id":"https:\/\/www.domtechnikpro.com\/#website"},"primaryImageOfPage":{"@id":"https:\/\/www.domtechnikpro.com\/index.php\/produkt\/znackovy-stropni-bodove-prisazene-svitidlo-azzardo-brant-2-square-ip44-black-az2879-gu10-2x50w-ip44-18cm-hranate-cerne-azzardo-2790\/#primaryimage"},"image":{"@id":"https:\/\/www.domtechnikpro.com\/index.php\/produkt\/znackovy-stropni-bodove-prisazene-svitidlo-azzardo-brant-2-square-ip44-black-az2879-gu10-2x50w-ip44-18cm-hranate-cerne-azzardo-2790\/#primaryimage"},"thumbnailUrl":"https:\/\/www.domtechnikpro.com\/wp-content\/uploads\/2026\/SK0002847-CZ20260425-091535-0-1777079743-AZZ-AZ2879.webp","datePublished":"2026-04-26T08:52:00+00:00","breadcrumb":{"@id":"https:\/\/www.domtechnikpro.com\/index.php\/produkt\/znackovy-stropni-bodove-prisazene-svitidlo-azzardo-brant-2-square-ip44-black-az2879-gu10-2x50w-ip44-18cm-hranate-cerne-azzardo-2790\/#breadcrumb"},"inLanguage":"cs","potentialAction":[{"@type":"ReadAction","target":["https:\/\/www.domtechnikpro.com\/index.php\/produkt\/znackovy-stropni-bodove-prisazene-svitidlo-azzardo-brant-2-square-ip44-black-az2879-gu10-2x50w-ip44-18cm-hranate-cerne-azzardo-2790\/"]}]},{"@type":"ImageObject","inLanguage":"cs","@id":"https:\/\/www.domtechnikpro.com\/index.php\/produkt\/znackovy-stropni-bodove-prisazene-svitidlo-azzardo-brant-2-square-ip44-black-az2879-gu10-2x50w-ip44-18cm-hranate-cerne-azzardo-2790\/#primaryimage","url":"https:\/\/www.domtechnikpro.com\/wp-content\/uploads\/2026\/SK0002847-CZ20260425-091535-0-1777079743-AZZ-AZ2879.webp","contentUrl":"https:\/\/www.domtechnikpro.com\/wp-content\/uploads\/2026\/SK0002847-CZ20260425-091535-0-1777079743-AZZ-AZ2879.webp","width":480,"height":480},{"@type":"BreadcrumbList","@id":"https:\/\/www.domtechnikpro.com\/index.php\/produkt\/znackovy-stropni-bodove-prisazene-svitidlo-azzardo-brant-2-square-ip44-black-az2879-gu10-2x50w-ip44-18cm-hranate-cerne-azzardo-2790\/#breadcrumb","itemListElement":[{"@type":"ListItem","position":1,"name":"Home","item":"https:\/\/www.domtechnikpro.com\/"},{"@type":"ListItem","position":2,"name":"Products","item":"https:\/\/www.domtechnikpro.com\/index.php\/products\/"},{"@type":"ListItem","position":3,"name":"Zna\u010dkov\u00fd Stropn\u00ed bodov\u00e9 p\u0159isazen\u00e9 sv\u00edtidlo Azzardo Brant 2 Square IP44 black AZ2879 GU10 2x50W IP44 18cm hranat\u00e9 \u010dern\u00e9 &#8211; AZZARDO"}]},{"@type":"WebSite","@id":"https:\/\/www.domtechnikpro.com\/#website","url":"https:\/\/www.domtechnikpro.com\/","name":"","description":"","potentialAction":[{"@type":"SearchAction","target":{"@type":"EntryPoint","urlTemplate":"https:\/\/www.domtechnikpro.com\/?s={search_term_string}"},"query-input":{"@type":"PropertyValueSpecification","valueRequired":true,"valueName":"search_term_string"}}],"inLanguage":"cs"}]}},"_links":{"self":[{"href":"https:\/\/www.domtechnikpro.com\/index.php\/wp-json\/wp\/v2\/product\/2790","targetHints":{"allow":["GET"]}}],"collection":[{"href":"https:\/\/www.domtechnikpro.com\/index.php\/wp-json\/wp\/v2\/product"}],"about":[{"href":"https:\/\/www.domtechnikpro.com\/index.php\/wp-json\/wp\/v2\/types\/product"}],"replies":[{"embeddable":true,"href":"https:\/\/www.domtechnikpro.com\/index.php\/wp-json\/wp\/v2\/comments?post=2790"}],"wp:featuredmedia":[{"embeddable":true,"href":"https:\/\/www.domtechnikpro.com\/index.php\/wp-json\/wp\/v2\/media\/2890"}],"wp:attachment":[{"href":"https:\/\/www.domtechnikpro.com\/index.php\/wp-json\/wp\/v2\/media?parent=2790"}],"wp:term":[{"taxonomy":"product_brand","embeddable":true,"href":"https:\/\/www.domtechnikpro.com\/index.php\/wp-json\/wp\/v2\/product_brand?post=2790"},{"taxonomy":"product_cat","embeddable":true,"href":"https:\/\/www.domtechnikpro.com\/index.php\/wp-json\/wp\/v2\/product_cat?post=2790"},{"taxonomy":"product_tag","embeddable":true,"href":"https:\/\/www.domtechnikpro.com\/index.php\/wp-json\/wp\/v2\/product_tag?post=2790"}],"curies":[{"name":"wp","href":"https:\/\/api.w.org\/{rel}","templated":true}]}}