{"id":18552,"date":"2026-04-26T08:54:30","date_gmt":"2026-04-26T08:54:30","guid":{"rendered":""},"modified":"2026-04-26T08:54:30","modified_gmt":"2026-04-26T08:54:30","slug":"vikendova-akce-montazni-uhelniky-zm-oman-18552","status":"publish","type":"product","link":"https:\/\/www.domtechnikpro.com\/index.php\/produkt\/vikendova-akce-montazni-uhelniky-zm-oman-18552\/","title":{"rendered":"V\u00edkendov\u00e1 Akce Mont\u00e1\u017en\u00ed \u00faheln\u00edky ZM Oman"},"content":{"rendered":"<div class=\"detail-description__right\">\t\t\t\t<\/div>\n<div class=\"detail-description__top\">\n<div class=\"rating-promo\">\n<div class=\"raty raty--big\" data-score=\"5\" data-read-only=\"true\" title=\"5\"><\/div>\n<div class=\"rating-promo__number\">\t\t\t<strong>4<\/strong><small>recenze<\/small>\t\t<\/div>\n<div class=\"rating-promo__number\">\t\t\t<strong>4<\/strong><small>z\u00e1kazn\u00edci doporu\u010duj\u00ed<\/small>\t\t<\/div>\n<p>\t\tV\u0161echny recenze\t<\/p><\/div>\n<\/p><\/div>\n<div class=\"detail-description__left\">\n<div class=\"detail-description__left__overflow\">\n<div class=\"detail-description__left__head\">\t\t\t\t\t\tPopis:\t\t\t\t\t<\/div>\n<div class=\"expert-card\">\n<div class=\"expert-card__person\">\t\t\t\t\t\t<span>\t\t\t\t<strong>Tom\u00e1\u0161 Grygar<\/strong>\t\t\t\t<small>specialista<\/small>\t\t\t<\/span>\t\t<\/div>\n<div class=\"expert-card__info\">\n<p>Mont\u00e1\u017en\u00ed \u00faheln\u00edk nen\u00ed kompatibiln\u00ed se schody Flex Termo Metal Box.<\/p>\n<\/p><\/div>\n<\/p><\/div>\n<div class=\"ul-style ul-style--check\">\n<p>Speci\u00e1ln\u00ed mont\u00e1\u017en\u00ed syst\u00e9m umo\u017e\u0148uje samostatn\u00e9 sestaven\u00ed schod\u016f ve strop\u011b. Syst\u00e9m umo\u017e\u0148uje bezpe\u010dn\u00e9 spu\u0161t\u011bn\u00ed sk\u0159\u00edn\u011b do vhodn\u00e9 v\u00fd\u0161ky a p\u0159ipevn\u011bn\u00ed sk\u0159\u00edn\u011b ke stropu. Balen\u00ed obsahuje 4 ks mont\u00e1\u017en\u00edch \u00faheln\u00edk\u016f.<\/p>\n<ul class=\"plusminus\">\n<li><i class=\"fas fa-check\"><\/i><span>Jednoduch\u00e1 a efektivn\u00ed mont\u00e1\u017e<\/span><\/li>\n<li><i class=\"fas fa-check\"><\/i><span>Zpevn\u011bn\u00ed sk\u0159\u00edn\u011b<\/span><\/li>\n<li><i class=\"fas fa-check\"><\/i><span>P\u0159esn\u00e9 osazen\u00ed schod\u016f<\/span><\/li>\n<\/ul>\n<\/div>\n<div class=\"detail-description__left__more\">\t\t\t\t\t\t<span> <\/span><span> <\/span>\t\t\t\t\t<\/div>\n<\/p><\/div>\n<\/p><\/div>\n<div class=\"detail-description__more\"><span> <\/span><span> <\/span><\/div>\n<\/p><\/div>\n<\/p><\/div>\n","protected":false},"excerpt":{"rendered":"<p>4recenze 4z\u00e1kazn\u00edci doporu\u010duj\u00ed V\u0161echny recenze Popis: Tom\u00e1\u0161 Grygar specialista Mont\u00e1\u017en\u00ed \u00faheln\u00edk nen\u00ed kompatibiln\u00ed se schody Flex Termo Metal Box. Speci\u00e1ln\u00ed mont\u00e1\u017en\u00ed syst\u00e9m umo\u017e\u0148uje samostatn\u00e9 sestaven\u00ed schod\u016f ve strop\u011b. Syst\u00e9m umo\u017e\u0148uje bezpe\u010dn\u00e9 spu\u0161t\u011bn\u00ed sk\u0159\u00edn\u011b do vhodn\u00e9 v\u00fd\u0161ky a p\u0159ipevn\u011bn\u00ed sk\u0159\u00edn\u011b ke stropu. Balen\u00ed obsahuje 4 ks mont\u00e1\u017en\u00edch \u00faheln\u00edk\u016f. Jednoduch\u00e1 a efektivn\u00ed mont\u00e1\u017e Zpevn\u011bn\u00ed sk\u0159\u00edn\u011b P\u0159esn\u00e9 osazen\u00ed [&hellip;]<\/p>\n","protected":false},"featured_media":18652,"comment_status":"open","ping_status":"open","template":"","meta":[],"product_brand":[],"product_cat":[88],"product_tag":[],"class_list":{"0":"post-18552","1":"product","2":"type-product","3":"status-publish","4":"has-post-thumbnail","6":"product_cat-stavba","8":"first","9":"instock","10":"sale","11":"shipping-taxable","12":"purchasable","13":"product-type-simple"},"yoast_head":"<!-- This site is optimized with the Yoast SEO plugin v26.8 - https:\/\/yoast.com\/product\/yoast-seo-wordpress\/ -->\n<title>V\u00edkendov\u00e1 Akce Mont\u00e1\u017en\u00ed \u00faheln\u00edky ZM Oman -<\/title>\n<meta name=\"robots\" content=\"index, follow, max-snippet:-1, max-image-preview:large, max-video-preview:-1\" \/>\n<link rel=\"canonical\" href=\"https:\/\/www.domtechnikpro.com\/index.php\/produkt\/vikendova-akce-montazni-uhelniky-zm-oman-18552\/\" \/>\n<meta property=\"og:locale\" content=\"cs_CZ\" \/>\n<meta property=\"og:type\" content=\"article\" \/>\n<meta property=\"og:title\" content=\"V\u00edkendov\u00e1 Akce Mont\u00e1\u017en\u00ed \u00faheln\u00edky ZM Oman -\" \/>\n<meta property=\"og:description\" content=\"4recenze 4z\u00e1kazn\u00edci doporu\u010duj\u00ed V\u0161echny recenze Popis: Tom\u00e1\u0161 Grygar specialista Mont\u00e1\u017en\u00ed \u00faheln\u00edk nen\u00ed kompatibiln\u00ed se schody Flex Termo Metal Box. Speci\u00e1ln\u00ed mont\u00e1\u017en\u00ed syst\u00e9m umo\u017e\u0148uje samostatn\u00e9 sestaven\u00ed schod\u016f ve strop\u011b. Syst\u00e9m umo\u017e\u0148uje bezpe\u010dn\u00e9 spu\u0161t\u011bn\u00ed sk\u0159\u00edn\u011b do vhodn\u00e9 v\u00fd\u0161ky a p\u0159ipevn\u011bn\u00ed sk\u0159\u00edn\u011b ke stropu. Balen\u00ed obsahuje 4 ks mont\u00e1\u017en\u00edch \u00faheln\u00edk\u016f. Jednoduch\u00e1 a efektivn\u00ed mont\u00e1\u017e Zpevn\u011bn\u00ed sk\u0159\u00edn\u011b P\u0159esn\u00e9 osazen\u00ed [&hellip;]\" \/>\n<meta property=\"og:url\" content=\"https:\/\/www.domtechnikpro.com\/index.php\/produkt\/vikendova-akce-montazni-uhelniky-zm-oman-18552\/\" \/>\n<meta property=\"og:image\" content=\"https:\/\/www.domtechnikpro.com\/wp-content\/uploads\/2026\/SK0001613-CZ20260425-091936-0-1777079982-montazni-uhelniky-zm-oman-w1200-h628-f8-c9e4dfae0873c170587.webp\" \/>\n\t<meta property=\"og:image:width\" content=\"1000\" \/>\n\t<meta property=\"og:image:height\" content=\"523\" \/>\n\t<meta property=\"og:image:type\" content=\"image\/webp\" \/>\n<meta name=\"twitter:card\" content=\"summary_large_image\" \/>\n<script type=\"application\/ld+json\" class=\"yoast-schema-graph\">{\"@context\":\"https:\/\/schema.org\",\"@graph\":[{\"@type\":\"WebPage\",\"@id\":\"https:\/\/www.domtechnikpro.com\/index.php\/produkt\/vikendova-akce-montazni-uhelniky-zm-oman-18552\/\",\"url\":\"https:\/\/www.domtechnikpro.com\/index.php\/produkt\/vikendova-akce-montazni-uhelniky-zm-oman-18552\/\",\"name\":\"V\u00edkendov\u00e1 Akce Mont\u00e1\u017en\u00ed \u00faheln\u00edky ZM Oman -\",\"isPartOf\":{\"@id\":\"https:\/\/www.domtechnikpro.com\/#website\"},\"primaryImageOfPage\":{\"@id\":\"https:\/\/www.domtechnikpro.com\/index.php\/produkt\/vikendova-akce-montazni-uhelniky-zm-oman-18552\/#primaryimage\"},\"image\":{\"@id\":\"https:\/\/www.domtechnikpro.com\/index.php\/produkt\/vikendova-akce-montazni-uhelniky-zm-oman-18552\/#primaryimage\"},\"thumbnailUrl\":\"https:\/\/www.domtechnikpro.com\/wp-content\/uploads\/2026\/SK0001613-CZ20260425-091936-0-1777079982-montazni-uhelniky-zm-oman-w1200-h628-f8-c9e4dfae0873c170587.webp\",\"datePublished\":\"2026-04-26T08:54:30+00:00\",\"breadcrumb\":{\"@id\":\"https:\/\/www.domtechnikpro.com\/index.php\/produkt\/vikendova-akce-montazni-uhelniky-zm-oman-18552\/#breadcrumb\"},\"inLanguage\":\"cs\",\"potentialAction\":[{\"@type\":\"ReadAction\",\"target\":[\"https:\/\/www.domtechnikpro.com\/index.php\/produkt\/vikendova-akce-montazni-uhelniky-zm-oman-18552\/\"]}]},{\"@type\":\"ImageObject\",\"inLanguage\":\"cs\",\"@id\":\"https:\/\/www.domtechnikpro.com\/index.php\/produkt\/vikendova-akce-montazni-uhelniky-zm-oman-18552\/#primaryimage\",\"url\":\"https:\/\/www.domtechnikpro.com\/wp-content\/uploads\/2026\/SK0001613-CZ20260425-091936-0-1777079982-montazni-uhelniky-zm-oman-w1200-h628-f8-c9e4dfae0873c170587.webp\",\"contentUrl\":\"https:\/\/www.domtechnikpro.com\/wp-content\/uploads\/2026\/SK0001613-CZ20260425-091936-0-1777079982-montazni-uhelniky-zm-oman-w1200-h628-f8-c9e4dfae0873c170587.webp\",\"width\":1000,\"height\":523},{\"@type\":\"BreadcrumbList\",\"@id\":\"https:\/\/www.domtechnikpro.com\/index.php\/produkt\/vikendova-akce-montazni-uhelniky-zm-oman-18552\/#breadcrumb\",\"itemListElement\":[{\"@type\":\"ListItem\",\"position\":1,\"name\":\"Home\",\"item\":\"https:\/\/www.domtechnikpro.com\/\"},{\"@type\":\"ListItem\",\"position\":2,\"name\":\"Products\",\"item\":\"https:\/\/www.domtechnikpro.com\/index.php\/products\/\"},{\"@type\":\"ListItem\",\"position\":3,\"name\":\"V\u00edkendov\u00e1 Akce Mont\u00e1\u017en\u00ed \u00faheln\u00edky ZM Oman\"}]},{\"@type\":\"WebSite\",\"@id\":\"https:\/\/www.domtechnikpro.com\/#website\",\"url\":\"https:\/\/www.domtechnikpro.com\/\",\"name\":\"\",\"description\":\"\",\"potentialAction\":[{\"@type\":\"SearchAction\",\"target\":{\"@type\":\"EntryPoint\",\"urlTemplate\":\"https:\/\/www.domtechnikpro.com\/?s={search_term_string}\"},\"query-input\":{\"@type\":\"PropertyValueSpecification\",\"valueRequired\":true,\"valueName\":\"search_term_string\"}}],\"inLanguage\":\"cs\"}]}<\/script>\n<!-- \/ Yoast SEO plugin. -->","yoast_head_json":{"title":"V\u00edkendov\u00e1 Akce Mont\u00e1\u017en\u00ed \u00faheln\u00edky ZM Oman -","robots":{"index":"index","follow":"follow","max-snippet":"max-snippet:-1","max-image-preview":"max-image-preview:large","max-video-preview":"max-video-preview:-1"},"canonical":"https:\/\/www.domtechnikpro.com\/index.php\/produkt\/vikendova-akce-montazni-uhelniky-zm-oman-18552\/","og_locale":"cs_CZ","og_type":"article","og_title":"V\u00edkendov\u00e1 Akce Mont\u00e1\u017en\u00ed \u00faheln\u00edky ZM Oman -","og_description":"4recenze 4z\u00e1kazn\u00edci doporu\u010duj\u00ed V\u0161echny recenze Popis: Tom\u00e1\u0161 Grygar specialista Mont\u00e1\u017en\u00ed \u00faheln\u00edk nen\u00ed kompatibiln\u00ed se schody Flex Termo Metal Box. Speci\u00e1ln\u00ed mont\u00e1\u017en\u00ed syst\u00e9m umo\u017e\u0148uje samostatn\u00e9 sestaven\u00ed schod\u016f ve strop\u011b. Syst\u00e9m umo\u017e\u0148uje bezpe\u010dn\u00e9 spu\u0161t\u011bn\u00ed sk\u0159\u00edn\u011b do vhodn\u00e9 v\u00fd\u0161ky a p\u0159ipevn\u011bn\u00ed sk\u0159\u00edn\u011b ke stropu. Balen\u00ed obsahuje 4 ks mont\u00e1\u017en\u00edch \u00faheln\u00edk\u016f. Jednoduch\u00e1 a efektivn\u00ed mont\u00e1\u017e Zpevn\u011bn\u00ed sk\u0159\u00edn\u011b P\u0159esn\u00e9 osazen\u00ed [&hellip;]","og_url":"https:\/\/www.domtechnikpro.com\/index.php\/produkt\/vikendova-akce-montazni-uhelniky-zm-oman-18552\/","og_image":[{"width":1000,"height":523,"url":"https:\/\/www.domtechnikpro.com\/wp-content\/uploads\/2026\/SK0001613-CZ20260425-091936-0-1777079982-montazni-uhelniky-zm-oman-w1200-h628-f8-c9e4dfae0873c170587.webp","type":"image\/webp"}],"twitter_card":"summary_large_image","schema":{"@context":"https:\/\/schema.org","@graph":[{"@type":"WebPage","@id":"https:\/\/www.domtechnikpro.com\/index.php\/produkt\/vikendova-akce-montazni-uhelniky-zm-oman-18552\/","url":"https:\/\/www.domtechnikpro.com\/index.php\/produkt\/vikendova-akce-montazni-uhelniky-zm-oman-18552\/","name":"V\u00edkendov\u00e1 Akce Mont\u00e1\u017en\u00ed \u00faheln\u00edky ZM Oman -","isPartOf":{"@id":"https:\/\/www.domtechnikpro.com\/#website"},"primaryImageOfPage":{"@id":"https:\/\/www.domtechnikpro.com\/index.php\/produkt\/vikendova-akce-montazni-uhelniky-zm-oman-18552\/#primaryimage"},"image":{"@id":"https:\/\/www.domtechnikpro.com\/index.php\/produkt\/vikendova-akce-montazni-uhelniky-zm-oman-18552\/#primaryimage"},"thumbnailUrl":"https:\/\/www.domtechnikpro.com\/wp-content\/uploads\/2026\/SK0001613-CZ20260425-091936-0-1777079982-montazni-uhelniky-zm-oman-w1200-h628-f8-c9e4dfae0873c170587.webp","datePublished":"2026-04-26T08:54:30+00:00","breadcrumb":{"@id":"https:\/\/www.domtechnikpro.com\/index.php\/produkt\/vikendova-akce-montazni-uhelniky-zm-oman-18552\/#breadcrumb"},"inLanguage":"cs","potentialAction":[{"@type":"ReadAction","target":["https:\/\/www.domtechnikpro.com\/index.php\/produkt\/vikendova-akce-montazni-uhelniky-zm-oman-18552\/"]}]},{"@type":"ImageObject","inLanguage":"cs","@id":"https:\/\/www.domtechnikpro.com\/index.php\/produkt\/vikendova-akce-montazni-uhelniky-zm-oman-18552\/#primaryimage","url":"https:\/\/www.domtechnikpro.com\/wp-content\/uploads\/2026\/SK0001613-CZ20260425-091936-0-1777079982-montazni-uhelniky-zm-oman-w1200-h628-f8-c9e4dfae0873c170587.webp","contentUrl":"https:\/\/www.domtechnikpro.com\/wp-content\/uploads\/2026\/SK0001613-CZ20260425-091936-0-1777079982-montazni-uhelniky-zm-oman-w1200-h628-f8-c9e4dfae0873c170587.webp","width":1000,"height":523},{"@type":"BreadcrumbList","@id":"https:\/\/www.domtechnikpro.com\/index.php\/produkt\/vikendova-akce-montazni-uhelniky-zm-oman-18552\/#breadcrumb","itemListElement":[{"@type":"ListItem","position":1,"name":"Home","item":"https:\/\/www.domtechnikpro.com\/"},{"@type":"ListItem","position":2,"name":"Products","item":"https:\/\/www.domtechnikpro.com\/index.php\/products\/"},{"@type":"ListItem","position":3,"name":"V\u00edkendov\u00e1 Akce Mont\u00e1\u017en\u00ed \u00faheln\u00edky ZM Oman"}]},{"@type":"WebSite","@id":"https:\/\/www.domtechnikpro.com\/#website","url":"https:\/\/www.domtechnikpro.com\/","name":"","description":"","potentialAction":[{"@type":"SearchAction","target":{"@type":"EntryPoint","urlTemplate":"https:\/\/www.domtechnikpro.com\/?s={search_term_string}"},"query-input":{"@type":"PropertyValueSpecification","valueRequired":true,"valueName":"search_term_string"}}],"inLanguage":"cs"}]}},"_links":{"self":[{"href":"https:\/\/www.domtechnikpro.com\/index.php\/wp-json\/wp\/v2\/product\/18552","targetHints":{"allow":["GET"]}}],"collection":[{"href":"https:\/\/www.domtechnikpro.com\/index.php\/wp-json\/wp\/v2\/product"}],"about":[{"href":"https:\/\/www.domtechnikpro.com\/index.php\/wp-json\/wp\/v2\/types\/product"}],"replies":[{"embeddable":true,"href":"https:\/\/www.domtechnikpro.com\/index.php\/wp-json\/wp\/v2\/comments?post=18552"}],"wp:featuredmedia":[{"embeddable":true,"href":"https:\/\/www.domtechnikpro.com\/index.php\/wp-json\/wp\/v2\/media\/18652"}],"wp:attachment":[{"href":"https:\/\/www.domtechnikpro.com\/index.php\/wp-json\/wp\/v2\/media?parent=18552"}],"wp:term":[{"taxonomy":"product_brand","embeddable":true,"href":"https:\/\/www.domtechnikpro.com\/index.php\/wp-json\/wp\/v2\/product_brand?post=18552"},{"taxonomy":"product_cat","embeddable":true,"href":"https:\/\/www.domtechnikpro.com\/index.php\/wp-json\/wp\/v2\/product_cat?post=18552"},{"taxonomy":"product_tag","embeddable":true,"href":"https:\/\/www.domtechnikpro.com\/index.php\/wp-json\/wp\/v2\/product_tag?post=18552"}],"curies":[{"name":"wp","href":"https:\/\/api.w.org\/{rel}","templated":true}]}}