{"id":18549,"date":"2026-04-26T08:54:30","date_gmt":"2026-04-26T08:54:30","guid":{"rendered":""},"modified":"2026-04-26T08:54:30","modified_gmt":"2026-04-26T08:54:30","slug":"finalni-vyprodej-oman-lm-pvc-70-x-120-cm-18549","status":"publish","type":"product","link":"https:\/\/www.domtechnikpro.com\/index.php\/produkt\/finalni-vyprodej-oman-lm-pvc-70-x-120-cm-18549\/","title":{"rendered":"Fin\u00e1ln\u00ed V\u00fdprodej Oman LM &#8211; PVC 70 x 120 cm"},"content":{"rendered":"<div class=\"detail-description__right\">\t\t\t\t<\/div>\n<div class=\"detail-description__top\">\n<div class=\"rating-promo\">\n<div class=\"raty raty--big\" data-score=\"4.67\" data-read-only=\"true\" title=\"4.67\"><\/div>\n<div class=\"rating-promo__number\">\t\t\t<strong>3<\/strong><small>recenze<\/small>\t\t<\/div>\n<div class=\"rating-promo__number\">\t\t\t<strong>3<\/strong><small>z\u00e1kazn\u00edci doporu\u010duj\u00ed<\/small>\t\t<\/div>\n<p>\t\tV\u0161echny recenze\t<\/p><\/div>\n<\/p><\/div>\n<div class=\"detail-description__left\">\n<div class=\"detail-description__left__overflow\">\n<div class=\"detail-description__left__head\">\t\t\t\t\t\tPopis:\t\t\t\t\t<\/div>\n<div class=\"ul-style ul-style--check\">\n<p>Kryc\u00ed li\u0161ty slou\u017e\u00ed k za\u010di\u0161t\u011bn\u00ed a zakryt\u00ed mezer vznikl\u00fdch p\u0159i mont\u00e1\u017ei p\u016fdn\u00edch schod\u00fa do otvoru ve strop\u011b. Kryc\u00ed li\u0161ty maskuj\u00ed ze spodn\u00ed \u010d\u00e1sti sp\u00e1ry mezi r\u00e1mem a stropem. Jsou vyrobeny z b\u00edl\u00e9ho PVC, velmi estetick\u00e9. Jednoduch\u00e1 a snadn\u00e1 mont\u00e1\u017e se\u0159\u00edznut\u00fdch li\u0161t, nepot\u0159ebujete dal\u0161\u00ed n\u00e1\u0159ad\u00ed a spojovac\u00ed materi\u00e1ly (h\u0159eb\u00edky, \u0161rouby). Jednoduch\u00e1 mont\u00e1\u017e dovoluje rychl\u00e9 dokon\u010den\u00ed prac\u00ed a navozuj\u00ed pocit profesion\u00e1ln\u00edho proveden\u00ed. Nab\u00edzeny jsou v rozm\u011bru 85 x 140 cm a pro men\u0161\u00ed rozm\u011bry je nutn\u00e9 jejich p\u0159\u00edslu\u0161n\u00e9 zkr\u00e1cen\u00ed.<\/p>\n<p>Li\u0161ty jsou z v\u00fdroby na\u0159ezan\u00e9 do \u00fahlu 45 stup\u0148\u016f a skl\u00e1daj\u00ed se jen k sob\u011b. Lze u\u017eivatelsky zkr\u00e1tit na po\u017eadovan\u00e9 rozm\u011bry.<\/p>\n<\/div>\n<div class=\"detail-description__left__more\">\t\t\t\t\t\t<span> <\/span><span> <\/span>\t\t\t\t\t<\/div>\n<\/p><\/div>\n<\/p><\/div>\n<div class=\"detail-description__more\"><span> <\/span><span> <\/span><\/div>\n<\/p><\/div>\n<\/p><\/div>\n","protected":false},"excerpt":{"rendered":"<p>3recenze 3z\u00e1kazn\u00edci doporu\u010duj\u00ed V\u0161echny recenze Popis: Kryc\u00ed li\u0161ty slou\u017e\u00ed k za\u010di\u0161t\u011bn\u00ed a zakryt\u00ed mezer vznikl\u00fdch p\u0159i mont\u00e1\u017ei p\u016fdn\u00edch schod\u00fa do otvoru ve strop\u011b. Kryc\u00ed li\u0161ty maskuj\u00ed ze spodn\u00ed \u010d\u00e1sti sp\u00e1ry mezi r\u00e1mem a stropem. Jsou vyrobeny z b\u00edl\u00e9ho PVC, velmi estetick\u00e9. Jednoduch\u00e1 a snadn\u00e1 mont\u00e1\u017e se\u0159\u00edznut\u00fdch li\u0161t, nepot\u0159ebujete dal\u0161\u00ed n\u00e1\u0159ad\u00ed a spojovac\u00ed materi\u00e1ly (h\u0159eb\u00edky, \u0161rouby). [&hellip;]<\/p>\n","protected":false},"featured_media":18649,"comment_status":"open","ping_status":"open","template":"","meta":[],"product_brand":[],"product_cat":[88],"product_tag":[],"class_list":{"0":"post-18549","1":"product","2":"type-product","3":"status-publish","4":"has-post-thumbnail","6":"product_cat-stavba","8":"first","9":"instock","10":"sale","11":"shipping-taxable","12":"purchasable","13":"product-type-simple"},"yoast_head":"<!-- This site is optimized with the Yoast SEO plugin v26.8 - https:\/\/yoast.com\/product\/yoast-seo-wordpress\/ -->\n<title>Fin\u00e1ln\u00ed V\u00fdprodej Oman LM - PVC 70 x 120 cm -<\/title>\n<meta name=\"robots\" content=\"index, follow, max-snippet:-1, max-image-preview:large, max-video-preview:-1\" \/>\n<link rel=\"canonical\" href=\"https:\/\/www.domtechnikpro.com\/index.php\/produkt\/finalni-vyprodej-oman-lm-pvc-70-x-120-cm-18549\/\" \/>\n<meta property=\"og:locale\" content=\"cs_CZ\" \/>\n<meta property=\"og:type\" content=\"article\" \/>\n<meta property=\"og:title\" content=\"Fin\u00e1ln\u00ed V\u00fdprodej Oman LM - PVC 70 x 120 cm -\" \/>\n<meta property=\"og:description\" content=\"3recenze 3z\u00e1kazn\u00edci doporu\u010duj\u00ed V\u0161echny recenze Popis: Kryc\u00ed li\u0161ty slou\u017e\u00ed k za\u010di\u0161t\u011bn\u00ed a zakryt\u00ed mezer vznikl\u00fdch p\u0159i mont\u00e1\u017ei p\u016fdn\u00edch schod\u00fa do otvoru ve strop\u011b. Kryc\u00ed li\u0161ty maskuj\u00ed ze spodn\u00ed \u010d\u00e1sti sp\u00e1ry mezi r\u00e1mem a stropem. Jsou vyrobeny z b\u00edl\u00e9ho PVC, velmi estetick\u00e9. Jednoduch\u00e1 a snadn\u00e1 mont\u00e1\u017e se\u0159\u00edznut\u00fdch li\u0161t, nepot\u0159ebujete dal\u0161\u00ed n\u00e1\u0159ad\u00ed a spojovac\u00ed materi\u00e1ly (h\u0159eb\u00edky, \u0161rouby). [&hellip;]\" \/>\n<meta property=\"og:url\" content=\"https:\/\/www.domtechnikpro.com\/index.php\/produkt\/finalni-vyprodej-oman-lm-pvc-70-x-120-cm-18549\/\" \/>\n<meta property=\"og:image\" content=\"https:\/\/www.domtechnikpro.com\/wp-content\/uploads\/2026\/SK0001610-CZ20260425-091936-0-1777079982-kryci-lista-oman-lm-pvc-w1200-h628-f8-1f33d1082953da0375dba.webp\" \/>\n\t<meta property=\"og:image:width\" content=\"1000\" \/>\n\t<meta property=\"og:image:height\" content=\"523\" \/>\n\t<meta property=\"og:image:type\" content=\"image\/webp\" \/>\n<meta name=\"twitter:card\" content=\"summary_large_image\" \/>\n<meta name=\"twitter:label1\" content=\"Odhadovan\u00e1 doba \u010dten\u00ed\" \/>\n\t<meta name=\"twitter:data1\" content=\"1 minuta\" \/>\n<script type=\"application\/ld+json\" class=\"yoast-schema-graph\">{\"@context\":\"https:\/\/schema.org\",\"@graph\":[{\"@type\":\"WebPage\",\"@id\":\"https:\/\/www.domtechnikpro.com\/index.php\/produkt\/finalni-vyprodej-oman-lm-pvc-70-x-120-cm-18549\/\",\"url\":\"https:\/\/www.domtechnikpro.com\/index.php\/produkt\/finalni-vyprodej-oman-lm-pvc-70-x-120-cm-18549\/\",\"name\":\"Fin\u00e1ln\u00ed V\u00fdprodej Oman LM - PVC 70 x 120 cm -\",\"isPartOf\":{\"@id\":\"https:\/\/www.domtechnikpro.com\/#website\"},\"primaryImageOfPage\":{\"@id\":\"https:\/\/www.domtechnikpro.com\/index.php\/produkt\/finalni-vyprodej-oman-lm-pvc-70-x-120-cm-18549\/#primaryimage\"},\"image\":{\"@id\":\"https:\/\/www.domtechnikpro.com\/index.php\/produkt\/finalni-vyprodej-oman-lm-pvc-70-x-120-cm-18549\/#primaryimage\"},\"thumbnailUrl\":\"https:\/\/www.domtechnikpro.com\/wp-content\/uploads\/2026\/SK0001610-CZ20260425-091936-0-1777079982-kryci-lista-oman-lm-pvc-w1200-h628-f8-1f33d1082953da0375dba.webp\",\"datePublished\":\"2026-04-26T08:54:30+00:00\",\"breadcrumb\":{\"@id\":\"https:\/\/www.domtechnikpro.com\/index.php\/produkt\/finalni-vyprodej-oman-lm-pvc-70-x-120-cm-18549\/#breadcrumb\"},\"inLanguage\":\"cs\",\"potentialAction\":[{\"@type\":\"ReadAction\",\"target\":[\"https:\/\/www.domtechnikpro.com\/index.php\/produkt\/finalni-vyprodej-oman-lm-pvc-70-x-120-cm-18549\/\"]}]},{\"@type\":\"ImageObject\",\"inLanguage\":\"cs\",\"@id\":\"https:\/\/www.domtechnikpro.com\/index.php\/produkt\/finalni-vyprodej-oman-lm-pvc-70-x-120-cm-18549\/#primaryimage\",\"url\":\"https:\/\/www.domtechnikpro.com\/wp-content\/uploads\/2026\/SK0001610-CZ20260425-091936-0-1777079982-kryci-lista-oman-lm-pvc-w1200-h628-f8-1f33d1082953da0375dba.webp\",\"contentUrl\":\"https:\/\/www.domtechnikpro.com\/wp-content\/uploads\/2026\/SK0001610-CZ20260425-091936-0-1777079982-kryci-lista-oman-lm-pvc-w1200-h628-f8-1f33d1082953da0375dba.webp\",\"width\":1000,\"height\":523},{\"@type\":\"BreadcrumbList\",\"@id\":\"https:\/\/www.domtechnikpro.com\/index.php\/produkt\/finalni-vyprodej-oman-lm-pvc-70-x-120-cm-18549\/#breadcrumb\",\"itemListElement\":[{\"@type\":\"ListItem\",\"position\":1,\"name\":\"Home\",\"item\":\"https:\/\/www.domtechnikpro.com\/\"},{\"@type\":\"ListItem\",\"position\":2,\"name\":\"Products\",\"item\":\"https:\/\/www.domtechnikpro.com\/index.php\/products\/\"},{\"@type\":\"ListItem\",\"position\":3,\"name\":\"Fin\u00e1ln\u00ed V\u00fdprodej Oman LM &#8211; PVC 70 x 120 cm\"}]},{\"@type\":\"WebSite\",\"@id\":\"https:\/\/www.domtechnikpro.com\/#website\",\"url\":\"https:\/\/www.domtechnikpro.com\/\",\"name\":\"\",\"description\":\"\",\"potentialAction\":[{\"@type\":\"SearchAction\",\"target\":{\"@type\":\"EntryPoint\",\"urlTemplate\":\"https:\/\/www.domtechnikpro.com\/?s={search_term_string}\"},\"query-input\":{\"@type\":\"PropertyValueSpecification\",\"valueRequired\":true,\"valueName\":\"search_term_string\"}}],\"inLanguage\":\"cs\"}]}<\/script>\n<!-- \/ Yoast SEO plugin. -->","yoast_head_json":{"title":"Fin\u00e1ln\u00ed V\u00fdprodej Oman LM - PVC 70 x 120 cm -","robots":{"index":"index","follow":"follow","max-snippet":"max-snippet:-1","max-image-preview":"max-image-preview:large","max-video-preview":"max-video-preview:-1"},"canonical":"https:\/\/www.domtechnikpro.com\/index.php\/produkt\/finalni-vyprodej-oman-lm-pvc-70-x-120-cm-18549\/","og_locale":"cs_CZ","og_type":"article","og_title":"Fin\u00e1ln\u00ed V\u00fdprodej Oman LM - PVC 70 x 120 cm -","og_description":"3recenze 3z\u00e1kazn\u00edci doporu\u010duj\u00ed V\u0161echny recenze Popis: Kryc\u00ed li\u0161ty slou\u017e\u00ed k za\u010di\u0161t\u011bn\u00ed a zakryt\u00ed mezer vznikl\u00fdch p\u0159i mont\u00e1\u017ei p\u016fdn\u00edch schod\u00fa do otvoru ve strop\u011b. Kryc\u00ed li\u0161ty maskuj\u00ed ze spodn\u00ed \u010d\u00e1sti sp\u00e1ry mezi r\u00e1mem a stropem. Jsou vyrobeny z b\u00edl\u00e9ho PVC, velmi estetick\u00e9. Jednoduch\u00e1 a snadn\u00e1 mont\u00e1\u017e se\u0159\u00edznut\u00fdch li\u0161t, nepot\u0159ebujete dal\u0161\u00ed n\u00e1\u0159ad\u00ed a spojovac\u00ed materi\u00e1ly (h\u0159eb\u00edky, \u0161rouby). [&hellip;]","og_url":"https:\/\/www.domtechnikpro.com\/index.php\/produkt\/finalni-vyprodej-oman-lm-pvc-70-x-120-cm-18549\/","og_image":[{"width":1000,"height":523,"url":"https:\/\/www.domtechnikpro.com\/wp-content\/uploads\/2026\/SK0001610-CZ20260425-091936-0-1777079982-kryci-lista-oman-lm-pvc-w1200-h628-f8-1f33d1082953da0375dba.webp","type":"image\/webp"}],"twitter_card":"summary_large_image","twitter_misc":{"Odhadovan\u00e1 doba \u010dten\u00ed":"1 minuta"},"schema":{"@context":"https:\/\/schema.org","@graph":[{"@type":"WebPage","@id":"https:\/\/www.domtechnikpro.com\/index.php\/produkt\/finalni-vyprodej-oman-lm-pvc-70-x-120-cm-18549\/","url":"https:\/\/www.domtechnikpro.com\/index.php\/produkt\/finalni-vyprodej-oman-lm-pvc-70-x-120-cm-18549\/","name":"Fin\u00e1ln\u00ed V\u00fdprodej Oman LM - PVC 70 x 120 cm -","isPartOf":{"@id":"https:\/\/www.domtechnikpro.com\/#website"},"primaryImageOfPage":{"@id":"https:\/\/www.domtechnikpro.com\/index.php\/produkt\/finalni-vyprodej-oman-lm-pvc-70-x-120-cm-18549\/#primaryimage"},"image":{"@id":"https:\/\/www.domtechnikpro.com\/index.php\/produkt\/finalni-vyprodej-oman-lm-pvc-70-x-120-cm-18549\/#primaryimage"},"thumbnailUrl":"https:\/\/www.domtechnikpro.com\/wp-content\/uploads\/2026\/SK0001610-CZ20260425-091936-0-1777079982-kryci-lista-oman-lm-pvc-w1200-h628-f8-1f33d1082953da0375dba.webp","datePublished":"2026-04-26T08:54:30+00:00","breadcrumb":{"@id":"https:\/\/www.domtechnikpro.com\/index.php\/produkt\/finalni-vyprodej-oman-lm-pvc-70-x-120-cm-18549\/#breadcrumb"},"inLanguage":"cs","potentialAction":[{"@type":"ReadAction","target":["https:\/\/www.domtechnikpro.com\/index.php\/produkt\/finalni-vyprodej-oman-lm-pvc-70-x-120-cm-18549\/"]}]},{"@type":"ImageObject","inLanguage":"cs","@id":"https:\/\/www.domtechnikpro.com\/index.php\/produkt\/finalni-vyprodej-oman-lm-pvc-70-x-120-cm-18549\/#primaryimage","url":"https:\/\/www.domtechnikpro.com\/wp-content\/uploads\/2026\/SK0001610-CZ20260425-091936-0-1777079982-kryci-lista-oman-lm-pvc-w1200-h628-f8-1f33d1082953da0375dba.webp","contentUrl":"https:\/\/www.domtechnikpro.com\/wp-content\/uploads\/2026\/SK0001610-CZ20260425-091936-0-1777079982-kryci-lista-oman-lm-pvc-w1200-h628-f8-1f33d1082953da0375dba.webp","width":1000,"height":523},{"@type":"BreadcrumbList","@id":"https:\/\/www.domtechnikpro.com\/index.php\/produkt\/finalni-vyprodej-oman-lm-pvc-70-x-120-cm-18549\/#breadcrumb","itemListElement":[{"@type":"ListItem","position":1,"name":"Home","item":"https:\/\/www.domtechnikpro.com\/"},{"@type":"ListItem","position":2,"name":"Products","item":"https:\/\/www.domtechnikpro.com\/index.php\/products\/"},{"@type":"ListItem","position":3,"name":"Fin\u00e1ln\u00ed V\u00fdprodej Oman LM &#8211; PVC 70 x 120 cm"}]},{"@type":"WebSite","@id":"https:\/\/www.domtechnikpro.com\/#website","url":"https:\/\/www.domtechnikpro.com\/","name":"","description":"","potentialAction":[{"@type":"SearchAction","target":{"@type":"EntryPoint","urlTemplate":"https:\/\/www.domtechnikpro.com\/?s={search_term_string}"},"query-input":{"@type":"PropertyValueSpecification","valueRequired":true,"valueName":"search_term_string"}}],"inLanguage":"cs"}]}},"_links":{"self":[{"href":"https:\/\/www.domtechnikpro.com\/index.php\/wp-json\/wp\/v2\/product\/18549","targetHints":{"allow":["GET"]}}],"collection":[{"href":"https:\/\/www.domtechnikpro.com\/index.php\/wp-json\/wp\/v2\/product"}],"about":[{"href":"https:\/\/www.domtechnikpro.com\/index.php\/wp-json\/wp\/v2\/types\/product"}],"replies":[{"embeddable":true,"href":"https:\/\/www.domtechnikpro.com\/index.php\/wp-json\/wp\/v2\/comments?post=18549"}],"wp:featuredmedia":[{"embeddable":true,"href":"https:\/\/www.domtechnikpro.com\/index.php\/wp-json\/wp\/v2\/media\/18649"}],"wp:attachment":[{"href":"https:\/\/www.domtechnikpro.com\/index.php\/wp-json\/wp\/v2\/media?parent=18549"}],"wp:term":[{"taxonomy":"product_brand","embeddable":true,"href":"https:\/\/www.domtechnikpro.com\/index.php\/wp-json\/wp\/v2\/product_brand?post=18549"},{"taxonomy":"product_cat","embeddable":true,"href":"https:\/\/www.domtechnikpro.com\/index.php\/wp-json\/wp\/v2\/product_cat?post=18549"},{"taxonomy":"product_tag","embeddable":true,"href":"https:\/\/www.domtechnikpro.com\/index.php\/wp-json\/wp\/v2\/product_tag?post=18549"}],"curies":[{"name":"wp","href":"https:\/\/api.w.org\/{rel}","templated":true}]}}