{"id":18548,"date":"2026-04-26T08:54:30","date_gmt":"2026-04-26T08:54:30","guid":{"rendered":""},"modified":"2026-04-26T08:54:30","modified_gmt":"2026-04-26T08:54:30","slug":"rychle-dodani-zabradli-b-oman-70-x-120-cm-18548","status":"publish","type":"product","link":"https:\/\/www.domtechnikpro.com\/index.php\/produkt\/rychle-dodani-zabradli-b-oman-70-x-120-cm-18548\/","title":{"rendered":"Rychl\u00e9 Dod\u00e1n\u00ed Z\u00e1bradl\u00ed B Oman 70 x 120 cm"},"content":{"rendered":"<div class=\"detail-description__right\">\t\t\t\t<\/div>\n<div class=\"detail-description__top\">\n<div class=\"rating-promo\">\n<div class=\"raty raty--big\" data-score=\"4.5\" data-read-only=\"true\" title=\"4.5\"><\/div>\n<div class=\"rating-promo__number\">\t\t\t<strong>2<\/strong><small>recenze<\/small>\t\t<\/div>\n<div class=\"rating-promo__number\">\t\t\t<strong>2<\/strong><small>z\u00e1kazn\u00edci doporu\u010duj\u00ed<\/small>\t\t<\/div>\n<p>\t\tV\u0161echny recenze\t<\/p><\/div>\n<\/p><\/div>\n<div class=\"detail-description__left\">\n<div class=\"detail-description__left__overflow\">\n<div class=\"detail-description__left__head\">\t\t\t\t\t\tPopis:\t\t\t\t\t<\/div>\n<div class=\"ul-style ul-style--check\">\n<p>Z\u00e1bradl\u00ed\u00a0slou\u017e\u00ed jako ochrann\u00e1 bari\u00e9ra v podkrov\u00ed (na p\u016fd\u011b), montuje se na r\u00e1m schod\u016f. Z\u00e1bradl\u00ed je vyrobeno ze d\u0159eva\u00a0s\u00a0kovov\u00fdmi podp\u011brami. Zaji\u0161\u0165uje bezpe\u010dn\u00fd sestup po \u017eeb\u0159\u00edk\u016f a slou\u017e\u00ed tak\u00e9 jako ochrana p\u0159ed spadnut\u00edm do otvoru schodi\u0161t\u011b.\u00a0Lze\u00a0upravit u\u017eivatelsky se\u0159\u00edznut\u00edm do men\u0161\u00edch rozm\u011br\u016f r\u00e1mu.\u00a0<\/p>\n<ul class=\"plusminus\">\n<li><i class=\"fas fa-check\"><\/i><span>Vy\u0161\u0161\u00ed bezpe\u010dnost<\/span><\/li>\n<li><i class=\"fas fa-check\"><\/i><span>Kovov\u00e9 podp\u011bry<\/span><\/li>\n<li><i class=\"fas fa-check\"><\/i><span>Vhodn\u00e9 pro v\u0161echny modely p\u016fdn\u00edch schod\u016f<\/span><\/li>\n<\/ul>\n<p>Z\u00e1bradl\u00ed nen\u00ed kompatibiln\u00ed se schody Flex Termo Metal Box.<\/p>\n<\/div>\n<div class=\"detail-description__left__more\">\t\t\t\t\t\t<span> <\/span><span> <\/span>\t\t\t\t\t<\/div>\n<\/p><\/div>\n<\/p><\/div>\n<div class=\"detail-description__more\"><span> <\/span><span> <\/span><\/div>\n<\/p><\/div>\n<\/p><\/div>\n","protected":false},"excerpt":{"rendered":"<p>2recenze 2z\u00e1kazn\u00edci doporu\u010duj\u00ed V\u0161echny recenze Popis: Z\u00e1bradl\u00ed\u00a0slou\u017e\u00ed jako ochrann\u00e1 bari\u00e9ra v podkrov\u00ed (na p\u016fd\u011b), montuje se na r\u00e1m schod\u016f. Z\u00e1bradl\u00ed je vyrobeno ze d\u0159eva\u00a0s\u00a0kovov\u00fdmi podp\u011brami. Zaji\u0161\u0165uje bezpe\u010dn\u00fd sestup po \u017eeb\u0159\u00edk\u016f a slou\u017e\u00ed tak\u00e9 jako ochrana p\u0159ed spadnut\u00edm do otvoru schodi\u0161t\u011b.\u00a0Lze\u00a0upravit u\u017eivatelsky se\u0159\u00edznut\u00edm do men\u0161\u00edch rozm\u011br\u016f r\u00e1mu.\u00a0 Vy\u0161\u0161\u00ed bezpe\u010dnost Kovov\u00e9 podp\u011bry Vhodn\u00e9 pro v\u0161echny modely p\u016fdn\u00edch [&hellip;]<\/p>\n","protected":false},"featured_media":18648,"comment_status":"open","ping_status":"open","template":"","meta":[],"product_brand":[],"product_cat":[88],"product_tag":[],"class_list":{"0":"post-18548","1":"product","2":"type-product","3":"status-publish","4":"has-post-thumbnail","6":"product_cat-stavba","8":"first","9":"instock","10":"sale","11":"shipping-taxable","12":"purchasable","13":"product-type-simple"},"yoast_head":"<!-- This site is optimized with the Yoast SEO plugin v26.8 - https:\/\/yoast.com\/product\/yoast-seo-wordpress\/ -->\n<title>Rychl\u00e9 Dod\u00e1n\u00ed Z\u00e1bradl\u00ed B Oman 70 x 120 cm -<\/title>\n<meta name=\"robots\" content=\"index, follow, max-snippet:-1, max-image-preview:large, max-video-preview:-1\" \/>\n<link rel=\"canonical\" href=\"https:\/\/www.domtechnikpro.com\/index.php\/produkt\/rychle-dodani-zabradli-b-oman-70-x-120-cm-18548\/\" \/>\n<meta property=\"og:locale\" content=\"cs_CZ\" \/>\n<meta property=\"og:type\" content=\"article\" \/>\n<meta property=\"og:title\" content=\"Rychl\u00e9 Dod\u00e1n\u00ed Z\u00e1bradl\u00ed B Oman 70 x 120 cm -\" \/>\n<meta property=\"og:description\" content=\"2recenze 2z\u00e1kazn\u00edci doporu\u010duj\u00ed V\u0161echny recenze Popis: Z\u00e1bradl\u00ed\u00a0slou\u017e\u00ed jako ochrann\u00e1 bari\u00e9ra v podkrov\u00ed (na p\u016fd\u011b), montuje se na r\u00e1m schod\u016f. Z\u00e1bradl\u00ed je vyrobeno ze d\u0159eva\u00a0s\u00a0kovov\u00fdmi podp\u011brami. Zaji\u0161\u0165uje bezpe\u010dn\u00fd sestup po \u017eeb\u0159\u00edk\u016f a slou\u017e\u00ed tak\u00e9 jako ochrana p\u0159ed spadnut\u00edm do otvoru schodi\u0161t\u011b.\u00a0Lze\u00a0upravit u\u017eivatelsky se\u0159\u00edznut\u00edm do men\u0161\u00edch rozm\u011br\u016f r\u00e1mu.\u00a0 Vy\u0161\u0161\u00ed bezpe\u010dnost Kovov\u00e9 podp\u011bry Vhodn\u00e9 pro v\u0161echny modely p\u016fdn\u00edch [&hellip;]\" \/>\n<meta property=\"og:url\" content=\"https:\/\/www.domtechnikpro.com\/index.php\/produkt\/rychle-dodani-zabradli-b-oman-70-x-120-cm-18548\/\" \/>\n<meta property=\"og:image\" content=\"https:\/\/www.domtechnikpro.com\/wp-content\/uploads\/2026\/SK0001609-CZ20260425-091936-0-1777079982-zabradli-b-oman-70-x-120-cm-w1200-h628-f8-feb94d7213004da56.webp\" \/>\n\t<meta property=\"og:image:width\" content=\"1000\" \/>\n\t<meta property=\"og:image:height\" content=\"523\" \/>\n\t<meta property=\"og:image:type\" content=\"image\/webp\" \/>\n<meta name=\"twitter:card\" content=\"summary_large_image\" \/>\n<script type=\"application\/ld+json\" class=\"yoast-schema-graph\">{\"@context\":\"https:\/\/schema.org\",\"@graph\":[{\"@type\":\"WebPage\",\"@id\":\"https:\/\/www.domtechnikpro.com\/index.php\/produkt\/rychle-dodani-zabradli-b-oman-70-x-120-cm-18548\/\",\"url\":\"https:\/\/www.domtechnikpro.com\/index.php\/produkt\/rychle-dodani-zabradli-b-oman-70-x-120-cm-18548\/\",\"name\":\"Rychl\u00e9 Dod\u00e1n\u00ed Z\u00e1bradl\u00ed B Oman 70 x 120 cm -\",\"isPartOf\":{\"@id\":\"https:\/\/www.domtechnikpro.com\/#website\"},\"primaryImageOfPage\":{\"@id\":\"https:\/\/www.domtechnikpro.com\/index.php\/produkt\/rychle-dodani-zabradli-b-oman-70-x-120-cm-18548\/#primaryimage\"},\"image\":{\"@id\":\"https:\/\/www.domtechnikpro.com\/index.php\/produkt\/rychle-dodani-zabradli-b-oman-70-x-120-cm-18548\/#primaryimage\"},\"thumbnailUrl\":\"https:\/\/www.domtechnikpro.com\/wp-content\/uploads\/2026\/SK0001609-CZ20260425-091936-0-1777079982-zabradli-b-oman-70-x-120-cm-w1200-h628-f8-feb94d7213004da56.webp\",\"datePublished\":\"2026-04-26T08:54:30+00:00\",\"breadcrumb\":{\"@id\":\"https:\/\/www.domtechnikpro.com\/index.php\/produkt\/rychle-dodani-zabradli-b-oman-70-x-120-cm-18548\/#breadcrumb\"},\"inLanguage\":\"cs\",\"potentialAction\":[{\"@type\":\"ReadAction\",\"target\":[\"https:\/\/www.domtechnikpro.com\/index.php\/produkt\/rychle-dodani-zabradli-b-oman-70-x-120-cm-18548\/\"]}]},{\"@type\":\"ImageObject\",\"inLanguage\":\"cs\",\"@id\":\"https:\/\/www.domtechnikpro.com\/index.php\/produkt\/rychle-dodani-zabradli-b-oman-70-x-120-cm-18548\/#primaryimage\",\"url\":\"https:\/\/www.domtechnikpro.com\/wp-content\/uploads\/2026\/SK0001609-CZ20260425-091936-0-1777079982-zabradli-b-oman-70-x-120-cm-w1200-h628-f8-feb94d7213004da56.webp\",\"contentUrl\":\"https:\/\/www.domtechnikpro.com\/wp-content\/uploads\/2026\/SK0001609-CZ20260425-091936-0-1777079982-zabradli-b-oman-70-x-120-cm-w1200-h628-f8-feb94d7213004da56.webp\",\"width\":1000,\"height\":523},{\"@type\":\"BreadcrumbList\",\"@id\":\"https:\/\/www.domtechnikpro.com\/index.php\/produkt\/rychle-dodani-zabradli-b-oman-70-x-120-cm-18548\/#breadcrumb\",\"itemListElement\":[{\"@type\":\"ListItem\",\"position\":1,\"name\":\"Home\",\"item\":\"https:\/\/www.domtechnikpro.com\/\"},{\"@type\":\"ListItem\",\"position\":2,\"name\":\"Products\",\"item\":\"https:\/\/www.domtechnikpro.com\/index.php\/products\/\"},{\"@type\":\"ListItem\",\"position\":3,\"name\":\"Rychl\u00e9 Dod\u00e1n\u00ed Z\u00e1bradl\u00ed B Oman 70 x 120 cm\"}]},{\"@type\":\"WebSite\",\"@id\":\"https:\/\/www.domtechnikpro.com\/#website\",\"url\":\"https:\/\/www.domtechnikpro.com\/\",\"name\":\"\",\"description\":\"\",\"potentialAction\":[{\"@type\":\"SearchAction\",\"target\":{\"@type\":\"EntryPoint\",\"urlTemplate\":\"https:\/\/www.domtechnikpro.com\/?s={search_term_string}\"},\"query-input\":{\"@type\":\"PropertyValueSpecification\",\"valueRequired\":true,\"valueName\":\"search_term_string\"}}],\"inLanguage\":\"cs\"}]}<\/script>\n<!-- \/ Yoast SEO plugin. -->","yoast_head_json":{"title":"Rychl\u00e9 Dod\u00e1n\u00ed Z\u00e1bradl\u00ed B Oman 70 x 120 cm -","robots":{"index":"index","follow":"follow","max-snippet":"max-snippet:-1","max-image-preview":"max-image-preview:large","max-video-preview":"max-video-preview:-1"},"canonical":"https:\/\/www.domtechnikpro.com\/index.php\/produkt\/rychle-dodani-zabradli-b-oman-70-x-120-cm-18548\/","og_locale":"cs_CZ","og_type":"article","og_title":"Rychl\u00e9 Dod\u00e1n\u00ed Z\u00e1bradl\u00ed B Oman 70 x 120 cm -","og_description":"2recenze 2z\u00e1kazn\u00edci doporu\u010duj\u00ed V\u0161echny recenze Popis: Z\u00e1bradl\u00ed\u00a0slou\u017e\u00ed jako ochrann\u00e1 bari\u00e9ra v podkrov\u00ed (na p\u016fd\u011b), montuje se na r\u00e1m schod\u016f. Z\u00e1bradl\u00ed je vyrobeno ze d\u0159eva\u00a0s\u00a0kovov\u00fdmi podp\u011brami. Zaji\u0161\u0165uje bezpe\u010dn\u00fd sestup po \u017eeb\u0159\u00edk\u016f a slou\u017e\u00ed tak\u00e9 jako ochrana p\u0159ed spadnut\u00edm do otvoru schodi\u0161t\u011b.\u00a0Lze\u00a0upravit u\u017eivatelsky se\u0159\u00edznut\u00edm do men\u0161\u00edch rozm\u011br\u016f r\u00e1mu.\u00a0 Vy\u0161\u0161\u00ed bezpe\u010dnost Kovov\u00e9 podp\u011bry Vhodn\u00e9 pro v\u0161echny modely p\u016fdn\u00edch [&hellip;]","og_url":"https:\/\/www.domtechnikpro.com\/index.php\/produkt\/rychle-dodani-zabradli-b-oman-70-x-120-cm-18548\/","og_image":[{"width":1000,"height":523,"url":"https:\/\/www.domtechnikpro.com\/wp-content\/uploads\/2026\/SK0001609-CZ20260425-091936-0-1777079982-zabradli-b-oman-70-x-120-cm-w1200-h628-f8-feb94d7213004da56.webp","type":"image\/webp"}],"twitter_card":"summary_large_image","schema":{"@context":"https:\/\/schema.org","@graph":[{"@type":"WebPage","@id":"https:\/\/www.domtechnikpro.com\/index.php\/produkt\/rychle-dodani-zabradli-b-oman-70-x-120-cm-18548\/","url":"https:\/\/www.domtechnikpro.com\/index.php\/produkt\/rychle-dodani-zabradli-b-oman-70-x-120-cm-18548\/","name":"Rychl\u00e9 Dod\u00e1n\u00ed Z\u00e1bradl\u00ed B Oman 70 x 120 cm -","isPartOf":{"@id":"https:\/\/www.domtechnikpro.com\/#website"},"primaryImageOfPage":{"@id":"https:\/\/www.domtechnikpro.com\/index.php\/produkt\/rychle-dodani-zabradli-b-oman-70-x-120-cm-18548\/#primaryimage"},"image":{"@id":"https:\/\/www.domtechnikpro.com\/index.php\/produkt\/rychle-dodani-zabradli-b-oman-70-x-120-cm-18548\/#primaryimage"},"thumbnailUrl":"https:\/\/www.domtechnikpro.com\/wp-content\/uploads\/2026\/SK0001609-CZ20260425-091936-0-1777079982-zabradli-b-oman-70-x-120-cm-w1200-h628-f8-feb94d7213004da56.webp","datePublished":"2026-04-26T08:54:30+00:00","breadcrumb":{"@id":"https:\/\/www.domtechnikpro.com\/index.php\/produkt\/rychle-dodani-zabradli-b-oman-70-x-120-cm-18548\/#breadcrumb"},"inLanguage":"cs","potentialAction":[{"@type":"ReadAction","target":["https:\/\/www.domtechnikpro.com\/index.php\/produkt\/rychle-dodani-zabradli-b-oman-70-x-120-cm-18548\/"]}]},{"@type":"ImageObject","inLanguage":"cs","@id":"https:\/\/www.domtechnikpro.com\/index.php\/produkt\/rychle-dodani-zabradli-b-oman-70-x-120-cm-18548\/#primaryimage","url":"https:\/\/www.domtechnikpro.com\/wp-content\/uploads\/2026\/SK0001609-CZ20260425-091936-0-1777079982-zabradli-b-oman-70-x-120-cm-w1200-h628-f8-feb94d7213004da56.webp","contentUrl":"https:\/\/www.domtechnikpro.com\/wp-content\/uploads\/2026\/SK0001609-CZ20260425-091936-0-1777079982-zabradli-b-oman-70-x-120-cm-w1200-h628-f8-feb94d7213004da56.webp","width":1000,"height":523},{"@type":"BreadcrumbList","@id":"https:\/\/www.domtechnikpro.com\/index.php\/produkt\/rychle-dodani-zabradli-b-oman-70-x-120-cm-18548\/#breadcrumb","itemListElement":[{"@type":"ListItem","position":1,"name":"Home","item":"https:\/\/www.domtechnikpro.com\/"},{"@type":"ListItem","position":2,"name":"Products","item":"https:\/\/www.domtechnikpro.com\/index.php\/products\/"},{"@type":"ListItem","position":3,"name":"Rychl\u00e9 Dod\u00e1n\u00ed Z\u00e1bradl\u00ed B Oman 70 x 120 cm"}]},{"@type":"WebSite","@id":"https:\/\/www.domtechnikpro.com\/#website","url":"https:\/\/www.domtechnikpro.com\/","name":"","description":"","potentialAction":[{"@type":"SearchAction","target":{"@type":"EntryPoint","urlTemplate":"https:\/\/www.domtechnikpro.com\/?s={search_term_string}"},"query-input":{"@type":"PropertyValueSpecification","valueRequired":true,"valueName":"search_term_string"}}],"inLanguage":"cs"}]}},"_links":{"self":[{"href":"https:\/\/www.domtechnikpro.com\/index.php\/wp-json\/wp\/v2\/product\/18548","targetHints":{"allow":["GET"]}}],"collection":[{"href":"https:\/\/www.domtechnikpro.com\/index.php\/wp-json\/wp\/v2\/product"}],"about":[{"href":"https:\/\/www.domtechnikpro.com\/index.php\/wp-json\/wp\/v2\/types\/product"}],"replies":[{"embeddable":true,"href":"https:\/\/www.domtechnikpro.com\/index.php\/wp-json\/wp\/v2\/comments?post=18548"}],"wp:featuredmedia":[{"embeddable":true,"href":"https:\/\/www.domtechnikpro.com\/index.php\/wp-json\/wp\/v2\/media\/18648"}],"wp:attachment":[{"href":"https:\/\/www.domtechnikpro.com\/index.php\/wp-json\/wp\/v2\/media?parent=18548"}],"wp:term":[{"taxonomy":"product_brand","embeddable":true,"href":"https:\/\/www.domtechnikpro.com\/index.php\/wp-json\/wp\/v2\/product_brand?post=18548"},{"taxonomy":"product_cat","embeddable":true,"href":"https:\/\/www.domtechnikpro.com\/index.php\/wp-json\/wp\/v2\/product_cat?post=18548"},{"taxonomy":"product_tag","embeddable":true,"href":"https:\/\/www.domtechnikpro.com\/index.php\/wp-json\/wp\/v2\/product_tag?post=18548"}],"curies":[{"name":"wp","href":"https:\/\/api.w.org\/{rel}","templated":true}]}}