{"id":18545,"date":"2026-04-26T08:54:30","date_gmt":"2026-04-26T08:54:30","guid":{"rendered":""},"modified":"2026-04-26T08:54:30","modified_gmt":"2026-04-26T08:54:30","slug":"cenova-bomba-budmat-venecja-189-mm-18545","status":"publish","type":"product","link":"https:\/\/www.domtechnikpro.com\/index.php\/produkt\/cenova-bomba-budmat-venecja-189-mm-18545\/","title":{"rendered":"Cenov\u00e1 Bomba Budmat Venecja 189 mm"},"content":{"rendered":"<div class=\"detail-description__right\">\n<div class=\"parameters\">\n<div class=\"table table--simple\">\n<table>\n<tbody>\n<tr>\n<td colspan=\"2\">\n<h4>Vlastnosti<\/h4>\n<\/td>\n<\/tr>\n<tr>\n<td>Materi\u00e1l<\/td>\n<td>ocelov\u00fd plech S280<\/td>\n<\/tr>\n<tr>\n<td>Povrchov\u00e1 \u00faprava<\/td>\n<td>pozink Z275 s\u00a0organick\u00fdm povlakem<\/td>\n<\/tr>\n<tr>\n<td>\u0160\u00ed\u0159ka<\/td>\n<td>372 mm<\/td>\n<\/tr>\n<tr>\n<td>V\u00fd\u0161ka<\/td>\n<td>189 mm<\/td>\n<\/tr>\n<tr>\n<td>Hloubka<\/td>\n<td>82 mm<\/td>\n<\/tr>\n<tr>\n<td>Tlou\u0161\u0165ka<\/td>\n<td>0,7\u00a0mm<\/td>\n<\/tr>\n<tr>\n<td>Tlou\u0161\u0165ka laku<\/td>\n<td>35\u00a0\u00b5m<\/td>\n<\/tr>\n<tr>\n<td>UV ochrana<\/td>\n<td>ano<\/td>\n<\/tr>\n<tr>\n<td>Barvost\u00e1lost<\/td>\n<td>ano<\/td>\n<\/tr>\n<tr>\n<td>Balen\u00ed<\/td>\n<td>12 ks<\/td>\n<\/tr>\n<tr>\n<td colspan=\"2\">\n<h4>Parametry<\/h4>\n<\/td>\n<\/tr>\n<tr>\n<td>P\u016fvod<\/td>\n<td>Vyrobeno v\u00a0PL<\/td>\n<\/tr>\n<tr>\n<td>Z\u00e1ruka<\/td>\n<td>10\u201330 let dle podm\u00ednek v\u00fdrobce<\/td>\n<\/tr>\n<tr>\n<td>Zna\u010dka<\/td>\n<td>Budmat<\/td>\n<\/tr>\n<\/tbody>\n<\/table><\/div>\n<\/div><\/div>\n<div class=\"detail-description__top\">\t\t\t\t<\/div>\n<div class=\"detail-description__left\">\n<div class=\"detail-description__left__overflow\">\n<div class=\"detail-description__left__head\">\t\t\t\t\t\tPopis:\t\t\t\t\t<\/div>\n<div class=\"expert-card\">\n<div class=\"expert-card__person\">\t\t\t<span>\t\t\t\t<strong>Tom\u00e1\u0161 Grygar<\/strong>\t\t\t\t<small>specialista<\/small>\t\t\t<\/span>\t\t<\/div>\n<div class=\"expert-card__info\">\n<p>Oplechov\u00e1n\u00ed je mo\u017en\u00e9 zakoupit pouze s krytinami o plo\u0161e nad 60 m\u00b2. Samostatn\u00fd prodej p\u0159\u00edslu\u0161enstv\u00ed nen\u00ed mo\u017en\u00fd z d\u016fvodu n\u00e1kladn\u00e9 spedice.<\/p>\n<\/p><\/div>\n<\/p><\/div>\n<div class=\"ul-style ul-style--check\">\n<p>\u0160t\u00edtov\u00e1 li\u0161ta slou\u017e\u00ed <strong>k ukon\u010den\u00ed krytiny<\/strong> ve \u0161t\u00edtu st\u0159echy, kdy sou\u010dasn\u011b chr\u00e1n\u00ed nosn\u00e9 st\u0159e\u0161n\u00ed prvky p\u0159ed nep\u0159\u00edzn\u00edv\u00fdmi vlivy po\u010das\u00ed. Tvar z\u00e1v\u011btrn\u00e9 li\u0161ty <strong>dokonale zapad\u00e1<\/strong> do vln modul\u00e1rn\u00ed krytiny Venecja.<\/p>\n<ul class=\"plusminus\">\n<li><i class=\"fas fa-check\"><\/i><span>Estetick\u00fd vzhled<\/span><\/li>\n<li><i class=\"fas fa-check\"><\/i><span>Ochrana p\u0159ed nep\u0159\u00edzniv\u00fdmi vlivy<\/span><\/li>\n<li><i class=\"fas fa-check\"><\/i><span>Kompatibilita krytina Budmat Venecja<\/span><\/li>\n<\/ul>\n<\/div>\n<div class=\"detail-description__left__more\">\t\t\t\t\t\t<span> <\/span><span> <\/span>\t\t\t\t\t<\/div>\n<\/p><\/div>\n<\/p><\/div>\n<div class=\"detail-description__more\"><span> <\/span><span> <\/span><\/div>\n<\/p><\/div>\n<\/p><\/div>\n","protected":false},"excerpt":{"rendered":"<p>Vlastnosti Materi\u00e1l ocelov\u00fd plech S280 Povrchov\u00e1 \u00faprava pozink Z275 s\u00a0organick\u00fdm povlakem \u0160\u00ed\u0159ka 372 mm V\u00fd\u0161ka 189 mm Hloubka 82 mm Tlou\u0161\u0165ka 0,7\u00a0mm Tlou\u0161\u0165ka laku 35\u00a0\u00b5m UV ochrana ano Barvost\u00e1lost ano Balen\u00ed 12 ks Parametry P\u016fvod Vyrobeno v\u00a0PL Z\u00e1ruka 10\u201330 let dle podm\u00ednek v\u00fdrobce Zna\u010dka Budmat Popis: Tom\u00e1\u0161 Grygar specialista Oplechov\u00e1n\u00ed je mo\u017en\u00e9 zakoupit pouze s [&hellip;]<\/p>\n","protected":false},"featured_media":18645,"comment_status":"open","ping_status":"open","template":"","meta":[],"product_brand":[],"product_cat":[88],"product_tag":[],"class_list":{"0":"post-18545","1":"product","2":"type-product","3":"status-publish","4":"has-post-thumbnail","6":"product_cat-stavba","8":"first","9":"instock","10":"sale","11":"shipping-taxable","12":"purchasable","13":"product-type-simple"},"yoast_head":"<!-- This site is optimized with the Yoast SEO plugin v26.8 - https:\/\/yoast.com\/product\/yoast-seo-wordpress\/ -->\n<title>Cenov\u00e1 Bomba Budmat Venecja 189 mm -<\/title>\n<meta name=\"robots\" content=\"index, follow, max-snippet:-1, max-image-preview:large, max-video-preview:-1\" \/>\n<link rel=\"canonical\" href=\"https:\/\/www.domtechnikpro.com\/index.php\/produkt\/cenova-bomba-budmat-venecja-189-mm-18545\/\" \/>\n<meta property=\"og:locale\" content=\"cs_CZ\" \/>\n<meta property=\"og:type\" content=\"article\" \/>\n<meta property=\"og:title\" content=\"Cenov\u00e1 Bomba Budmat Venecja 189 mm -\" \/>\n<meta property=\"og:description\" content=\"Vlastnosti Materi\u00e1l ocelov\u00fd plech S280 Povrchov\u00e1 \u00faprava pozink Z275 s\u00a0organick\u00fdm povlakem \u0160\u00ed\u0159ka 372 mm V\u00fd\u0161ka 189 mm Hloubka 82 mm Tlou\u0161\u0165ka 0,7\u00a0mm Tlou\u0161\u0165ka laku 35\u00a0\u00b5m UV ochrana ano Barvost\u00e1lost ano Balen\u00ed 12 ks Parametry P\u016fvod Vyrobeno v\u00a0PL Z\u00e1ruka 10\u201330 let dle podm\u00ednek v\u00fdrobce Zna\u010dka Budmat Popis: Tom\u00e1\u0161 Grygar specialista Oplechov\u00e1n\u00ed je mo\u017en\u00e9 zakoupit pouze s [&hellip;]\" \/>\n<meta property=\"og:url\" content=\"https:\/\/www.domtechnikpro.com\/index.php\/produkt\/cenova-bomba-budmat-venecja-189-mm-18545\/\" \/>\n<meta property=\"og:image\" content=\"https:\/\/www.domtechnikpro.com\/wp-content\/uploads\/2026\/SK0001606-CZ20260425-091936-0-1777079982-zavetrna-lista-budmat-venecja-189-mm-w1200-h628-f8-e863eb39.webp\" \/>\n\t<meta property=\"og:image:width\" content=\"1000\" \/>\n\t<meta property=\"og:image:height\" content=\"523\" \/>\n\t<meta property=\"og:image:type\" content=\"image\/webp\" \/>\n<meta name=\"twitter:card\" content=\"summary_large_image\" \/>\n<meta name=\"twitter:label1\" content=\"Odhadovan\u00e1 doba \u010dten\u00ed\" \/>\n\t<meta name=\"twitter:data1\" content=\"1 minuta\" \/>\n<script type=\"application\/ld+json\" class=\"yoast-schema-graph\">{\"@context\":\"https:\/\/schema.org\",\"@graph\":[{\"@type\":\"WebPage\",\"@id\":\"https:\/\/www.domtechnikpro.com\/index.php\/produkt\/cenova-bomba-budmat-venecja-189-mm-18545\/\",\"url\":\"https:\/\/www.domtechnikpro.com\/index.php\/produkt\/cenova-bomba-budmat-venecja-189-mm-18545\/\",\"name\":\"Cenov\u00e1 Bomba Budmat Venecja 189 mm -\",\"isPartOf\":{\"@id\":\"https:\/\/www.domtechnikpro.com\/#website\"},\"primaryImageOfPage\":{\"@id\":\"https:\/\/www.domtechnikpro.com\/index.php\/produkt\/cenova-bomba-budmat-venecja-189-mm-18545\/#primaryimage\"},\"image\":{\"@id\":\"https:\/\/www.domtechnikpro.com\/index.php\/produkt\/cenova-bomba-budmat-venecja-189-mm-18545\/#primaryimage\"},\"thumbnailUrl\":\"https:\/\/www.domtechnikpro.com\/wp-content\/uploads\/2026\/SK0001606-CZ20260425-091936-0-1777079982-zavetrna-lista-budmat-venecja-189-mm-w1200-h628-f8-e863eb39.webp\",\"datePublished\":\"2026-04-26T08:54:30+00:00\",\"breadcrumb\":{\"@id\":\"https:\/\/www.domtechnikpro.com\/index.php\/produkt\/cenova-bomba-budmat-venecja-189-mm-18545\/#breadcrumb\"},\"inLanguage\":\"cs\",\"potentialAction\":[{\"@type\":\"ReadAction\",\"target\":[\"https:\/\/www.domtechnikpro.com\/index.php\/produkt\/cenova-bomba-budmat-venecja-189-mm-18545\/\"]}]},{\"@type\":\"ImageObject\",\"inLanguage\":\"cs\",\"@id\":\"https:\/\/www.domtechnikpro.com\/index.php\/produkt\/cenova-bomba-budmat-venecja-189-mm-18545\/#primaryimage\",\"url\":\"https:\/\/www.domtechnikpro.com\/wp-content\/uploads\/2026\/SK0001606-CZ20260425-091936-0-1777079982-zavetrna-lista-budmat-venecja-189-mm-w1200-h628-f8-e863eb39.webp\",\"contentUrl\":\"https:\/\/www.domtechnikpro.com\/wp-content\/uploads\/2026\/SK0001606-CZ20260425-091936-0-1777079982-zavetrna-lista-budmat-venecja-189-mm-w1200-h628-f8-e863eb39.webp\",\"width\":1000,\"height\":523},{\"@type\":\"BreadcrumbList\",\"@id\":\"https:\/\/www.domtechnikpro.com\/index.php\/produkt\/cenova-bomba-budmat-venecja-189-mm-18545\/#breadcrumb\",\"itemListElement\":[{\"@type\":\"ListItem\",\"position\":1,\"name\":\"Home\",\"item\":\"https:\/\/www.domtechnikpro.com\/\"},{\"@type\":\"ListItem\",\"position\":2,\"name\":\"Products\",\"item\":\"https:\/\/www.domtechnikpro.com\/index.php\/products\/\"},{\"@type\":\"ListItem\",\"position\":3,\"name\":\"Cenov\u00e1 Bomba Budmat Venecja 189 mm\"}]},{\"@type\":\"WebSite\",\"@id\":\"https:\/\/www.domtechnikpro.com\/#website\",\"url\":\"https:\/\/www.domtechnikpro.com\/\",\"name\":\"\",\"description\":\"\",\"potentialAction\":[{\"@type\":\"SearchAction\",\"target\":{\"@type\":\"EntryPoint\",\"urlTemplate\":\"https:\/\/www.domtechnikpro.com\/?s={search_term_string}\"},\"query-input\":{\"@type\":\"PropertyValueSpecification\",\"valueRequired\":true,\"valueName\":\"search_term_string\"}}],\"inLanguage\":\"cs\"}]}<\/script>\n<!-- \/ Yoast SEO plugin. -->","yoast_head_json":{"title":"Cenov\u00e1 Bomba Budmat Venecja 189 mm -","robots":{"index":"index","follow":"follow","max-snippet":"max-snippet:-1","max-image-preview":"max-image-preview:large","max-video-preview":"max-video-preview:-1"},"canonical":"https:\/\/www.domtechnikpro.com\/index.php\/produkt\/cenova-bomba-budmat-venecja-189-mm-18545\/","og_locale":"cs_CZ","og_type":"article","og_title":"Cenov\u00e1 Bomba Budmat Venecja 189 mm -","og_description":"Vlastnosti Materi\u00e1l ocelov\u00fd plech S280 Povrchov\u00e1 \u00faprava pozink Z275 s\u00a0organick\u00fdm povlakem \u0160\u00ed\u0159ka 372 mm V\u00fd\u0161ka 189 mm Hloubka 82 mm Tlou\u0161\u0165ka 0,7\u00a0mm Tlou\u0161\u0165ka laku 35\u00a0\u00b5m UV ochrana ano Barvost\u00e1lost ano Balen\u00ed 12 ks Parametry P\u016fvod Vyrobeno v\u00a0PL Z\u00e1ruka 10\u201330 let dle podm\u00ednek v\u00fdrobce Zna\u010dka Budmat Popis: Tom\u00e1\u0161 Grygar specialista Oplechov\u00e1n\u00ed je mo\u017en\u00e9 zakoupit pouze s [&hellip;]","og_url":"https:\/\/www.domtechnikpro.com\/index.php\/produkt\/cenova-bomba-budmat-venecja-189-mm-18545\/","og_image":[{"width":1000,"height":523,"url":"https:\/\/www.domtechnikpro.com\/wp-content\/uploads\/2026\/SK0001606-CZ20260425-091936-0-1777079982-zavetrna-lista-budmat-venecja-189-mm-w1200-h628-f8-e863eb39.webp","type":"image\/webp"}],"twitter_card":"summary_large_image","twitter_misc":{"Odhadovan\u00e1 doba \u010dten\u00ed":"1 minuta"},"schema":{"@context":"https:\/\/schema.org","@graph":[{"@type":"WebPage","@id":"https:\/\/www.domtechnikpro.com\/index.php\/produkt\/cenova-bomba-budmat-venecja-189-mm-18545\/","url":"https:\/\/www.domtechnikpro.com\/index.php\/produkt\/cenova-bomba-budmat-venecja-189-mm-18545\/","name":"Cenov\u00e1 Bomba Budmat Venecja 189 mm -","isPartOf":{"@id":"https:\/\/www.domtechnikpro.com\/#website"},"primaryImageOfPage":{"@id":"https:\/\/www.domtechnikpro.com\/index.php\/produkt\/cenova-bomba-budmat-venecja-189-mm-18545\/#primaryimage"},"image":{"@id":"https:\/\/www.domtechnikpro.com\/index.php\/produkt\/cenova-bomba-budmat-venecja-189-mm-18545\/#primaryimage"},"thumbnailUrl":"https:\/\/www.domtechnikpro.com\/wp-content\/uploads\/2026\/SK0001606-CZ20260425-091936-0-1777079982-zavetrna-lista-budmat-venecja-189-mm-w1200-h628-f8-e863eb39.webp","datePublished":"2026-04-26T08:54:30+00:00","breadcrumb":{"@id":"https:\/\/www.domtechnikpro.com\/index.php\/produkt\/cenova-bomba-budmat-venecja-189-mm-18545\/#breadcrumb"},"inLanguage":"cs","potentialAction":[{"@type":"ReadAction","target":["https:\/\/www.domtechnikpro.com\/index.php\/produkt\/cenova-bomba-budmat-venecja-189-mm-18545\/"]}]},{"@type":"ImageObject","inLanguage":"cs","@id":"https:\/\/www.domtechnikpro.com\/index.php\/produkt\/cenova-bomba-budmat-venecja-189-mm-18545\/#primaryimage","url":"https:\/\/www.domtechnikpro.com\/wp-content\/uploads\/2026\/SK0001606-CZ20260425-091936-0-1777079982-zavetrna-lista-budmat-venecja-189-mm-w1200-h628-f8-e863eb39.webp","contentUrl":"https:\/\/www.domtechnikpro.com\/wp-content\/uploads\/2026\/SK0001606-CZ20260425-091936-0-1777079982-zavetrna-lista-budmat-venecja-189-mm-w1200-h628-f8-e863eb39.webp","width":1000,"height":523},{"@type":"BreadcrumbList","@id":"https:\/\/www.domtechnikpro.com\/index.php\/produkt\/cenova-bomba-budmat-venecja-189-mm-18545\/#breadcrumb","itemListElement":[{"@type":"ListItem","position":1,"name":"Home","item":"https:\/\/www.domtechnikpro.com\/"},{"@type":"ListItem","position":2,"name":"Products","item":"https:\/\/www.domtechnikpro.com\/index.php\/products\/"},{"@type":"ListItem","position":3,"name":"Cenov\u00e1 Bomba Budmat Venecja 189 mm"}]},{"@type":"WebSite","@id":"https:\/\/www.domtechnikpro.com\/#website","url":"https:\/\/www.domtechnikpro.com\/","name":"","description":"","potentialAction":[{"@type":"SearchAction","target":{"@type":"EntryPoint","urlTemplate":"https:\/\/www.domtechnikpro.com\/?s={search_term_string}"},"query-input":{"@type":"PropertyValueSpecification","valueRequired":true,"valueName":"search_term_string"}}],"inLanguage":"cs"}]}},"_links":{"self":[{"href":"https:\/\/www.domtechnikpro.com\/index.php\/wp-json\/wp\/v2\/product\/18545","targetHints":{"allow":["GET"]}}],"collection":[{"href":"https:\/\/www.domtechnikpro.com\/index.php\/wp-json\/wp\/v2\/product"}],"about":[{"href":"https:\/\/www.domtechnikpro.com\/index.php\/wp-json\/wp\/v2\/types\/product"}],"replies":[{"embeddable":true,"href":"https:\/\/www.domtechnikpro.com\/index.php\/wp-json\/wp\/v2\/comments?post=18545"}],"wp:featuredmedia":[{"embeddable":true,"href":"https:\/\/www.domtechnikpro.com\/index.php\/wp-json\/wp\/v2\/media\/18645"}],"wp:attachment":[{"href":"https:\/\/www.domtechnikpro.com\/index.php\/wp-json\/wp\/v2\/media?parent=18545"}],"wp:term":[{"taxonomy":"product_brand","embeddable":true,"href":"https:\/\/www.domtechnikpro.com\/index.php\/wp-json\/wp\/v2\/product_brand?post=18545"},{"taxonomy":"product_cat","embeddable":true,"href":"https:\/\/www.domtechnikpro.com\/index.php\/wp-json\/wp\/v2\/product_cat?post=18545"},{"taxonomy":"product_tag","embeddable":true,"href":"https:\/\/www.domtechnikpro.com\/index.php\/wp-json\/wp\/v2\/product_tag?post=18545"}],"curies":[{"name":"wp","href":"https:\/\/api.w.org\/{rel}","templated":true}]}}