{"id":18543,"date":"2026-04-26T08:54:30","date_gmt":"2026-04-26T08:54:30","guid":{"rendered":""},"modified":"2026-04-26T08:54:30","modified_gmt":"2026-04-26T08:54:30","slug":"budmat-lsw-ral-9005-cerna-bezpecna-platba-18543","status":"publish","type":"product","link":"https:\/\/www.domtechnikpro.com\/index.php\/produkt\/budmat-lsw-ral-9005-cerna-bezpecna-platba-18543\/","title":{"rendered":"Budmat LSW RAL 9005 | \u010dern\u00e1 Bezpe\u010dn\u00e1 Platba"},"content":{"rendered":"<div class=\"detail-description__right\">\n<div class=\"parameters\">\n<div class=\"table table--simple\">\n<table>\n<tbody>\n<tr>\n<td colspan=\"2\">\n<h4>Li\u0161ta<\/h4>\n<\/td>\n<\/tr>\n<tr>\n<td>Materi\u00e1l<\/td>\n<td>ocelov\u00fd plech S280<\/td>\n<\/tr>\n<tr>\n<td>Povrchov\u00e1 \u00faprava<\/td>\n<td>pozink Z275 s\u00a0organick\u00fdm povlakem<\/td>\n<\/tr>\n<tr>\n<td>D\u00e9lka<\/td>\n<td>1200 mm<\/td>\n<\/tr>\n<tr>\n<td>Tlou\u0161\u0165ka<\/td>\n<td>0,5\u00a0mm<\/td>\n<\/tr>\n<tr>\n<td>Ventila\u010dn\u00ed povrch<\/td>\n<td>132 cm<sup>2<\/sup><\/td>\n<\/tr>\n<tr>\n<td colspan=\"2\">\n<h4>Parametry<\/h4>\n<\/td>\n<\/tr>\n<tr>\n<td>P\u016fvod<\/td>\n<td>Vyrobeno v\u00a0PL<\/td>\n<\/tr>\n<tr>\n<td>Z\u00e1ruka<\/td>\n<td>2 roky<\/td>\n<\/tr>\n<tr>\n<td>Zna\u010dka<\/td>\n<td>Budmat<\/td>\n<\/tr>\n<\/tbody>\n<\/table><\/div>\n<\/div><\/div>\n<div class=\"detail-description__top\">\t\t\t\t<\/div>\n<div class=\"detail-description__left\">\n<div class=\"detail-description__left__overflow\">\n<div class=\"detail-description__left__head\">\t\t\t\t\t\tPopis:\t\t\t\t\t<\/div>\n<div class=\"expert-card\">\n<div class=\"expert-card__person\">\t\t\t<span>\t\t\t\t<strong>Tom\u00e1\u0161 Grygar<\/strong>\t\t\t\t<small>specialista<\/small>\t\t\t<\/span>\t\t<\/div>\n<div class=\"expert-card__info\">\n<p>Oplechov\u00e1n\u00ed je mo\u017en\u00e9 zakoupit pouze s krytinami o plo\u0161e nad 60 m\u00b2. Samostatn\u00fd prodej p\u0159\u00edslu\u0161enstv\u00ed nen\u00ed mo\u017en\u00fd z d\u016fvodu n\u00e1kladn\u00e9 spedice.<\/p>\n<\/p><\/div>\n<\/p><\/div>\n<div class=\"ul-style ul-style--check\">\n<p>V\u011btrac\u00ed li\u0161ta se um\u00eds\u0165uje na okraj st\u0159echy a zaji\u0161\u0165uje spr\u00e1vn\u00e9 <strong>odv\u011btr\u00e1n\u00ed st\u0159e\u0161n\u00ed krytiny<\/strong>. Je vyrobena z plechu ur\u010den\u00e9ho pro ocelov\u00e9 st\u0159e\u0161n\u00ed krytiny, proto odol\u00e1v\u00e1 n\u00e1ro\u010dn\u00fdm podm\u00ednk\u00e1m na st\u0159e\u0161e.\u00a0Prost\u0159ednictv\u00edm perforace poskytuje ventila\u010dn\u00ed li\u0161ta ide\u00e1ln\u00ed proud\u011bn\u00ed vzduchu pod st\u0159e\u0161n\u00ed krytinou a <strong>odstra\u0148uje mo\u017enou kondenzaci vody<\/strong>.<\/p>\n<ul class=\"plusminus\">\n<li><i class=\"fas fa-check\"><\/i><span>Ocelov\u00e1 li\u0161ta<\/span><\/li>\n<li><i class=\"fas fa-check\"><\/i><span>Proud\u011bn\u00ed vzduchu<\/span><\/li>\n<li><i class=\"fas fa-check\"><\/i><span>Snadn\u00e1 instalace<\/span><\/li>\n<\/ul>\n<p>Speci\u00e1ln\u00ed konstrukce ocelov\u00e9 ventila\u010dn\u00ed li\u0161ty chr\u00e1n\u00ed st\u0159echu p\u0159ed pt\u00e1ky a hlodavci.\u00a0Li\u0161ta je dokonale p\u0159izp\u016fsobena pro lat\u011b o \u0161\u00ed\u0159ce 50 mm i 60 mm a m\u00e1 speci\u00e1ln\u011b <strong>p\u0159ipraven\u00e9 mont\u00e1\u017en\u00ed otvory<\/strong> pro snadnou a rychlou instalaci.<\/p>\n<div class=\"content-flickity content-flickity--3\">\n<div class=\"content-flickity__body\">\n<div class=\"carousel-item\">\t\t\t\t\t\t\t\t\t\t\t\t\t\t\t\t\t\t\t\t\t\t\t<\/div>\n<div class=\"carousel-item\">\t\t\t\t\t\t\t\t\t\t\t\t\t\t\t\t\t\t\t\t\t\t\t<\/div>\n<div class=\"carousel-item\">\t\t\t\t\t\t\t\t\t\t\t\t\t\t\t\t\t\t\t\t\t\t\t<\/div>\n<\/div>\n<div class=\"content-flickity__caption\">Ventila\u010dn\u00ed startovac\u00ed li\u0161ta Budmat LSW<\/div>\n<\/div>\n<\/div>\n<div class=\"detail-description__left__more\">\t\t\t\t\t\t<span> <\/span><span> <\/span>\t\t\t\t\t<\/div>\n<\/p><\/div>\n<\/p><\/div>\n<div class=\"detail-description__more\"><span> <\/span><span> <\/span><\/div>\n<\/p><\/div>\n<\/p><\/div>\n","protected":false},"excerpt":{"rendered":"<p>Li\u0161ta Materi\u00e1l ocelov\u00fd plech S280 Povrchov\u00e1 \u00faprava pozink Z275 s\u00a0organick\u00fdm povlakem D\u00e9lka 1200 mm Tlou\u0161\u0165ka 0,5\u00a0mm Ventila\u010dn\u00ed povrch 132 cm2 Parametry P\u016fvod Vyrobeno v\u00a0PL Z\u00e1ruka 2 roky Zna\u010dka Budmat Popis: Tom\u00e1\u0161 Grygar specialista Oplechov\u00e1n\u00ed je mo\u017en\u00e9 zakoupit pouze s krytinami o plo\u0161e nad 60 m\u00b2. Samostatn\u00fd prodej p\u0159\u00edslu\u0161enstv\u00ed nen\u00ed mo\u017en\u00fd z d\u016fvodu n\u00e1kladn\u00e9 spedice. V\u011btrac\u00ed [&hellip;]<\/p>\n","protected":false},"featured_media":18643,"comment_status":"open","ping_status":"open","template":"","meta":[],"product_brand":[],"product_cat":[88],"product_tag":[],"class_list":{"0":"post-18543","1":"product","2":"type-product","3":"status-publish","4":"has-post-thumbnail","6":"product_cat-stavba","8":"first","9":"instock","10":"sale","11":"shipping-taxable","12":"purchasable","13":"product-type-simple"},"yoast_head":"<!-- This site is optimized with the Yoast SEO plugin v26.8 - https:\/\/yoast.com\/product\/yoast-seo-wordpress\/ -->\n<title>Budmat LSW RAL 9005 | \u010dern\u00e1 Bezpe\u010dn\u00e1 Platba -<\/title>\n<meta name=\"robots\" content=\"index, follow, max-snippet:-1, max-image-preview:large, max-video-preview:-1\" \/>\n<link rel=\"canonical\" href=\"https:\/\/www.domtechnikpro.com\/index.php\/produkt\/budmat-lsw-ral-9005-cerna-bezpecna-platba-18543\/\" \/>\n<meta property=\"og:locale\" content=\"cs_CZ\" \/>\n<meta property=\"og:type\" content=\"article\" \/>\n<meta property=\"og:title\" content=\"Budmat LSW RAL 9005 | \u010dern\u00e1 Bezpe\u010dn\u00e1 Platba -\" \/>\n<meta property=\"og:description\" content=\"Li\u0161ta Materi\u00e1l ocelov\u00fd plech S280 Povrchov\u00e1 \u00faprava pozink Z275 s\u00a0organick\u00fdm povlakem D\u00e9lka 1200 mm Tlou\u0161\u0165ka 0,5\u00a0mm Ventila\u010dn\u00ed povrch 132 cm2 Parametry P\u016fvod Vyrobeno v\u00a0PL Z\u00e1ruka 2 roky Zna\u010dka Budmat Popis: Tom\u00e1\u0161 Grygar specialista Oplechov\u00e1n\u00ed je mo\u017en\u00e9 zakoupit pouze s krytinami o plo\u0161e nad 60 m\u00b2. Samostatn\u00fd prodej p\u0159\u00edslu\u0161enstv\u00ed nen\u00ed mo\u017en\u00fd z d\u016fvodu n\u00e1kladn\u00e9 spedice. V\u011btrac\u00ed [&hellip;]\" \/>\n<meta property=\"og:url\" content=\"https:\/\/www.domtechnikpro.com\/index.php\/produkt\/budmat-lsw-ral-9005-cerna-bezpecna-platba-18543\/\" \/>\n<meta property=\"og:image\" content=\"https:\/\/www.domtechnikpro.com\/wp-content\/uploads\/2026\/SK0001604-CZ20260425-091936-0-1777079982-ventilacni-startovaci-lista-budmat-lsw-ral-9005-cerna-w1200.webp\" \/>\n\t<meta property=\"og:image:width\" content=\"1000\" \/>\n\t<meta property=\"og:image:height\" content=\"523\" \/>\n\t<meta property=\"og:image:type\" content=\"image\/webp\" \/>\n<meta name=\"twitter:card\" content=\"summary_large_image\" \/>\n<meta name=\"twitter:label1\" content=\"Odhadovan\u00e1 doba \u010dten\u00ed\" \/>\n\t<meta name=\"twitter:data1\" content=\"1 minuta\" \/>\n<script type=\"application\/ld+json\" class=\"yoast-schema-graph\">{\"@context\":\"https:\/\/schema.org\",\"@graph\":[{\"@type\":\"WebPage\",\"@id\":\"https:\/\/www.domtechnikpro.com\/index.php\/produkt\/budmat-lsw-ral-9005-cerna-bezpecna-platba-18543\/\",\"url\":\"https:\/\/www.domtechnikpro.com\/index.php\/produkt\/budmat-lsw-ral-9005-cerna-bezpecna-platba-18543\/\",\"name\":\"Budmat LSW RAL 9005 | \u010dern\u00e1 Bezpe\u010dn\u00e1 Platba -\",\"isPartOf\":{\"@id\":\"https:\/\/www.domtechnikpro.com\/#website\"},\"primaryImageOfPage\":{\"@id\":\"https:\/\/www.domtechnikpro.com\/index.php\/produkt\/budmat-lsw-ral-9005-cerna-bezpecna-platba-18543\/#primaryimage\"},\"image\":{\"@id\":\"https:\/\/www.domtechnikpro.com\/index.php\/produkt\/budmat-lsw-ral-9005-cerna-bezpecna-platba-18543\/#primaryimage\"},\"thumbnailUrl\":\"https:\/\/www.domtechnikpro.com\/wp-content\/uploads\/2026\/SK0001604-CZ20260425-091936-0-1777079982-ventilacni-startovaci-lista-budmat-lsw-ral-9005-cerna-w1200.webp\",\"datePublished\":\"2026-04-26T08:54:30+00:00\",\"breadcrumb\":{\"@id\":\"https:\/\/www.domtechnikpro.com\/index.php\/produkt\/budmat-lsw-ral-9005-cerna-bezpecna-platba-18543\/#breadcrumb\"},\"inLanguage\":\"cs\",\"potentialAction\":[{\"@type\":\"ReadAction\",\"target\":[\"https:\/\/www.domtechnikpro.com\/index.php\/produkt\/budmat-lsw-ral-9005-cerna-bezpecna-platba-18543\/\"]}]},{\"@type\":\"ImageObject\",\"inLanguage\":\"cs\",\"@id\":\"https:\/\/www.domtechnikpro.com\/index.php\/produkt\/budmat-lsw-ral-9005-cerna-bezpecna-platba-18543\/#primaryimage\",\"url\":\"https:\/\/www.domtechnikpro.com\/wp-content\/uploads\/2026\/SK0001604-CZ20260425-091936-0-1777079982-ventilacni-startovaci-lista-budmat-lsw-ral-9005-cerna-w1200.webp\",\"contentUrl\":\"https:\/\/www.domtechnikpro.com\/wp-content\/uploads\/2026\/SK0001604-CZ20260425-091936-0-1777079982-ventilacni-startovaci-lista-budmat-lsw-ral-9005-cerna-w1200.webp\",\"width\":1000,\"height\":523},{\"@type\":\"BreadcrumbList\",\"@id\":\"https:\/\/www.domtechnikpro.com\/index.php\/produkt\/budmat-lsw-ral-9005-cerna-bezpecna-platba-18543\/#breadcrumb\",\"itemListElement\":[{\"@type\":\"ListItem\",\"position\":1,\"name\":\"Home\",\"item\":\"https:\/\/www.domtechnikpro.com\/\"},{\"@type\":\"ListItem\",\"position\":2,\"name\":\"Products\",\"item\":\"https:\/\/www.domtechnikpro.com\/index.php\/products\/\"},{\"@type\":\"ListItem\",\"position\":3,\"name\":\"Budmat LSW RAL 9005 | \u010dern\u00e1 Bezpe\u010dn\u00e1 Platba\"}]},{\"@type\":\"WebSite\",\"@id\":\"https:\/\/www.domtechnikpro.com\/#website\",\"url\":\"https:\/\/www.domtechnikpro.com\/\",\"name\":\"\",\"description\":\"\",\"potentialAction\":[{\"@type\":\"SearchAction\",\"target\":{\"@type\":\"EntryPoint\",\"urlTemplate\":\"https:\/\/www.domtechnikpro.com\/?s={search_term_string}\"},\"query-input\":{\"@type\":\"PropertyValueSpecification\",\"valueRequired\":true,\"valueName\":\"search_term_string\"}}],\"inLanguage\":\"cs\"}]}<\/script>\n<!-- \/ Yoast SEO plugin. -->","yoast_head_json":{"title":"Budmat LSW RAL 9005 | \u010dern\u00e1 Bezpe\u010dn\u00e1 Platba -","robots":{"index":"index","follow":"follow","max-snippet":"max-snippet:-1","max-image-preview":"max-image-preview:large","max-video-preview":"max-video-preview:-1"},"canonical":"https:\/\/www.domtechnikpro.com\/index.php\/produkt\/budmat-lsw-ral-9005-cerna-bezpecna-platba-18543\/","og_locale":"cs_CZ","og_type":"article","og_title":"Budmat LSW RAL 9005 | \u010dern\u00e1 Bezpe\u010dn\u00e1 Platba -","og_description":"Li\u0161ta Materi\u00e1l ocelov\u00fd plech S280 Povrchov\u00e1 \u00faprava pozink Z275 s\u00a0organick\u00fdm povlakem D\u00e9lka 1200 mm Tlou\u0161\u0165ka 0,5\u00a0mm Ventila\u010dn\u00ed povrch 132 cm2 Parametry P\u016fvod Vyrobeno v\u00a0PL Z\u00e1ruka 2 roky Zna\u010dka Budmat Popis: Tom\u00e1\u0161 Grygar specialista Oplechov\u00e1n\u00ed je mo\u017en\u00e9 zakoupit pouze s krytinami o plo\u0161e nad 60 m\u00b2. Samostatn\u00fd prodej p\u0159\u00edslu\u0161enstv\u00ed nen\u00ed mo\u017en\u00fd z d\u016fvodu n\u00e1kladn\u00e9 spedice. V\u011btrac\u00ed [&hellip;]","og_url":"https:\/\/www.domtechnikpro.com\/index.php\/produkt\/budmat-lsw-ral-9005-cerna-bezpecna-platba-18543\/","og_image":[{"width":1000,"height":523,"url":"https:\/\/www.domtechnikpro.com\/wp-content\/uploads\/2026\/SK0001604-CZ20260425-091936-0-1777079982-ventilacni-startovaci-lista-budmat-lsw-ral-9005-cerna-w1200.webp","type":"image\/webp"}],"twitter_card":"summary_large_image","twitter_misc":{"Odhadovan\u00e1 doba \u010dten\u00ed":"1 minuta"},"schema":{"@context":"https:\/\/schema.org","@graph":[{"@type":"WebPage","@id":"https:\/\/www.domtechnikpro.com\/index.php\/produkt\/budmat-lsw-ral-9005-cerna-bezpecna-platba-18543\/","url":"https:\/\/www.domtechnikpro.com\/index.php\/produkt\/budmat-lsw-ral-9005-cerna-bezpecna-platba-18543\/","name":"Budmat LSW RAL 9005 | \u010dern\u00e1 Bezpe\u010dn\u00e1 Platba -","isPartOf":{"@id":"https:\/\/www.domtechnikpro.com\/#website"},"primaryImageOfPage":{"@id":"https:\/\/www.domtechnikpro.com\/index.php\/produkt\/budmat-lsw-ral-9005-cerna-bezpecna-platba-18543\/#primaryimage"},"image":{"@id":"https:\/\/www.domtechnikpro.com\/index.php\/produkt\/budmat-lsw-ral-9005-cerna-bezpecna-platba-18543\/#primaryimage"},"thumbnailUrl":"https:\/\/www.domtechnikpro.com\/wp-content\/uploads\/2026\/SK0001604-CZ20260425-091936-0-1777079982-ventilacni-startovaci-lista-budmat-lsw-ral-9005-cerna-w1200.webp","datePublished":"2026-04-26T08:54:30+00:00","breadcrumb":{"@id":"https:\/\/www.domtechnikpro.com\/index.php\/produkt\/budmat-lsw-ral-9005-cerna-bezpecna-platba-18543\/#breadcrumb"},"inLanguage":"cs","potentialAction":[{"@type":"ReadAction","target":["https:\/\/www.domtechnikpro.com\/index.php\/produkt\/budmat-lsw-ral-9005-cerna-bezpecna-platba-18543\/"]}]},{"@type":"ImageObject","inLanguage":"cs","@id":"https:\/\/www.domtechnikpro.com\/index.php\/produkt\/budmat-lsw-ral-9005-cerna-bezpecna-platba-18543\/#primaryimage","url":"https:\/\/www.domtechnikpro.com\/wp-content\/uploads\/2026\/SK0001604-CZ20260425-091936-0-1777079982-ventilacni-startovaci-lista-budmat-lsw-ral-9005-cerna-w1200.webp","contentUrl":"https:\/\/www.domtechnikpro.com\/wp-content\/uploads\/2026\/SK0001604-CZ20260425-091936-0-1777079982-ventilacni-startovaci-lista-budmat-lsw-ral-9005-cerna-w1200.webp","width":1000,"height":523},{"@type":"BreadcrumbList","@id":"https:\/\/www.domtechnikpro.com\/index.php\/produkt\/budmat-lsw-ral-9005-cerna-bezpecna-platba-18543\/#breadcrumb","itemListElement":[{"@type":"ListItem","position":1,"name":"Home","item":"https:\/\/www.domtechnikpro.com\/"},{"@type":"ListItem","position":2,"name":"Products","item":"https:\/\/www.domtechnikpro.com\/index.php\/products\/"},{"@type":"ListItem","position":3,"name":"Budmat LSW RAL 9005 | \u010dern\u00e1 Bezpe\u010dn\u00e1 Platba"}]},{"@type":"WebSite","@id":"https:\/\/www.domtechnikpro.com\/#website","url":"https:\/\/www.domtechnikpro.com\/","name":"","description":"","potentialAction":[{"@type":"SearchAction","target":{"@type":"EntryPoint","urlTemplate":"https:\/\/www.domtechnikpro.com\/?s={search_term_string}"},"query-input":{"@type":"PropertyValueSpecification","valueRequired":true,"valueName":"search_term_string"}}],"inLanguage":"cs"}]}},"_links":{"self":[{"href":"https:\/\/www.domtechnikpro.com\/index.php\/wp-json\/wp\/v2\/product\/18543","targetHints":{"allow":["GET"]}}],"collection":[{"href":"https:\/\/www.domtechnikpro.com\/index.php\/wp-json\/wp\/v2\/product"}],"about":[{"href":"https:\/\/www.domtechnikpro.com\/index.php\/wp-json\/wp\/v2\/types\/product"}],"replies":[{"embeddable":true,"href":"https:\/\/www.domtechnikpro.com\/index.php\/wp-json\/wp\/v2\/comments?post=18543"}],"wp:featuredmedia":[{"embeddable":true,"href":"https:\/\/www.domtechnikpro.com\/index.php\/wp-json\/wp\/v2\/media\/18643"}],"wp:attachment":[{"href":"https:\/\/www.domtechnikpro.com\/index.php\/wp-json\/wp\/v2\/media?parent=18543"}],"wp:term":[{"taxonomy":"product_brand","embeddable":true,"href":"https:\/\/www.domtechnikpro.com\/index.php\/wp-json\/wp\/v2\/product_brand?post=18543"},{"taxonomy":"product_cat","embeddable":true,"href":"https:\/\/www.domtechnikpro.com\/index.php\/wp-json\/wp\/v2\/product_cat?post=18543"},{"taxonomy":"product_tag","embeddable":true,"href":"https:\/\/www.domtechnikpro.com\/index.php\/wp-json\/wp\/v2\/product_tag?post=18543"}],"curies":[{"name":"wp","href":"https:\/\/api.w.org\/{rel}","templated":true}]}}