{"id":18310,"date":"2026-04-26T08:54:28","date_gmt":"2026-04-26T08:54:28","guid":{"rendered":""},"modified":"2026-04-26T08:54:28","modified_gmt":"2026-04-26T08:54:28","slug":"nejprodavanejsi-silikon-na-polykarbonat-covestro-transparentni-315-ml-18310","status":"publish","type":"product","link":"https:\/\/www.domtechnikpro.com\/index.php\/produkt\/nejprodavanejsi-silikon-na-polykarbonat-covestro-transparentni-315-ml-18310\/","title":{"rendered":"Nejprod\u00e1van\u011bj\u0161\u00ed Silikon na polykarbon\u00e1t Covestro transparentn\u00ed 315 ml"},"content":{"rendered":"<div class=\"detail-description__right\">\n<div class=\"parameters\">\n<div class=\"table\">\n<table>\n<tbody>\n<tr class=\"parameters-switch-tr\">\n<td colspan=\"2\" class=\"parameters-switch\">\n<h4>Parametry<\/h4>\n<\/td>\n<\/tr>\n<tr>\n<th>\t\t\t\t\t\t\tBarva \t\t\t\t\t\t<\/th>\n<td>\t\t\t\t\t\t\t\t\ttransparentn\u00ed\t\t\t\t\t\t<\/td>\n<\/tr>\n<tr>\n<th>\t\t\t\t\t\t\tObjem \t\t\t\t\t\t<\/th>\n<td>\t\t\t\t\t\t\t\t\t315\u00a0\u2013 600\u00a0ml\t\t\t\t\t\t<\/td>\n<\/tr>\n<tr>\n<th>\t\t\t\t\t\t\tUr\u010den\u00ed \t\t\t\t\t\t<\/th>\n<td>\t\t\t\t\t\t\t\t\tinteri\u00e9r \/ exteri\u00e9r\t\t\t\t\t\t<\/td>\n<\/tr>\n<tr>\n<th>\t\t\t\t\t\t\tBalen\u00ed \t\t\t\t\t\t<\/th>\n<td>\t\t\t\t\t\t\t\t\tkartu\u0161e\t\t\t\t\t\t<\/td>\n<\/tr>\n<tr>\n<th>\t\t\t\t\t\t\tZ\u00e1klad \t\t\t\t\t\t<\/th>\n<td>\t\t\t\t\t\t\t\t\t\u2013\t\t\t\t\t\t<\/td>\n<\/tr>\n<tr class=\"parameters-switch-tr\">\n<td colspan=\"2\" class=\"parameters-switch\">\n<h4>Vlastnosti<\/h4>\n<\/td>\n<\/tr>\n<tr>\n<th>\t\t\t\t\t\t\tP\u0159et\u00edr\u00e1n\u00ed \t\t\t\t\t\t<\/th>\n<td>\t\t\t\t\t\t\t\t\tne\t\t\t\t\t\t<\/td>\n<\/tr>\n<tr>\n<th>\t\t\t\t\t\t\tPevnost \t\t\t\t\t\t<\/th>\n<td>\t\t\t\t\t\t\t\t\t\u2013\t\t\t\t\t\t<\/td>\n<\/tr>\n<tr>\n<th>\t\t\t\t\t\t\tVod\u011bodolnost \t\t\t\t\t\t<\/th>\n<td>\t\t\t\t\t\t\t\t\t\u2013\t\t\t\t\t\t<\/td>\n<\/tr>\n<tr>\n<th>\t\t\t\t\t\t\tAplika\u010dn\u00ed teplota \t\t\t\t\t\t<\/th>\n<td>\t\t\t\t\t\t\t\t\t+5\u00a0a\u017e +40\u00a0\u00b0C\t\t\t\t\t\t<\/td>\n<\/tr>\n<tr>\n<th>\t\t\t\t\t\t\tTeplotn\u00ed odolnost \t\t\t\t\t\t<\/th>\n<td>\t\t\t\t\t\t\t\t\t\u201310 a\u017e +80\u00a0\u00b0C\t\t\t\t\t\t<\/td>\n<\/tr>\n<tr>\n<th>\t\t\t\t\t\t\tKonzistence \t\t\t\t\t\t<\/th>\n<td>\t\t\t\t\t\t\t\t\tpasta\t\t\t\t\t\t<\/td>\n<\/tr>\n<tr>\n<th>\t\t\t\t\t\t\tStruktura \t\t\t\t\t\t<\/th>\n<td>\t\t\t\t\t\t\t\t\t\u2013\t\t\t\t\t\t<\/td>\n<\/tr>\n<tr>\n<th>\t\t\t\t\t\t\tUV odolnost \t\t\t\t\t\t<\/th>\n<td>\t\t\t\t\t\t\t\t\tano\t\t\t\t\t\t<\/td>\n<\/tr>\n<tr class=\"parameters-switch-tr\">\n<td colspan=\"2\" class=\"parameters-switch\">\n<h4>Parametry<\/h4>\n<\/td>\n<\/tr>\n<tr>\n<th>P\u016fvod<\/th>\n<td>Vyrobeno v DE<\/td>\n<\/tr>\n<tr>\n<th>Z\u00e1ruka<\/th>\n<td>2 roky<\/td>\n<\/tr>\n<tr>\n<th>Zna\u010dka<\/th>\n<td>Covestro<\/td>\n<\/tr>\n<tr class=\"parameters-switch-tr-last\">\n<th colspan=\"2\"><\/th>\n<\/tr>\n<\/tbody>\n<thead>\n<tr>\n<th colspan=\"2\">Parametry produktu:<\/th>\n<\/tr>\n<\/thead>\n<\/table><\/div>\n<\/div><\/div>\n<div class=\"detail-description__top\">\n<div class=\"rating-promo\">\n<div class=\"raty raty--big\" data-score=\"4.91\" data-read-only=\"true\" title=\"4.91\"><\/div>\n<div class=\"rating-promo__number\">\t\t\t<strong>11<\/strong><small>recenz\u00ed<\/small>\t\t<\/div>\n<div class=\"rating-promo__number\">\t\t\t<strong>11<\/strong><small>z\u00e1kazn\u00edk\u016f doporu\u010duje<\/small>\t\t<\/div>\n<p>\t\tV\u0161echny recenze\t<\/p><\/div>\n<\/p><\/div>\n<div class=\"detail-description__left\">\n<div class=\"detail-description__left__overflow\">\n<div class=\"detail-description__left__head\">\t\t\t\t\t\tPopis:\t\t\t\t\t<\/div>\n<div class=\"ul-style ul-style--check\">\n<p>Neutr\u00e1ln\u00ed\u00a0jednoslo\u017ekov\u00fd silikonov\u00fd tmel 100%\u00a0je p\u0159\u00edmo ur\u010den pro polykarbon\u00e1tov\u00e9 desky.<strong>\u00a0<\/strong>Vyzna\u010duje se trvalou a <strong>dobrou\u00a0p\u0159ilnavost\u00ed k\u00a0v\u011bt\u0161in\u011b podklad\u016f<\/strong> s\u00a0uzav\u0159en\u00fdmi p\u00f3ry, jako je nap\u0159. eloxovan\u00fd hlin\u00edk, polyakryl\u00e1ty, polykarbon\u00e1ty, lakovan\u00e9 nebo lazurovan\u00e9 d\u0159evo, sklo a glazovan\u00e9 povrchy. \u00a0<\/p>\n<ul class=\"plusminus\">\n<li><i class=\"fas fa-check\"><\/i><span>Perfektn\u00ed p\u0159ilnavost<\/span><\/li>\n<li><i class=\"fas fa-check\"><\/i><span>Trval\u00e1 pru\u017enost<\/span><\/li>\n<li><i class=\"fas fa-check\"><\/i><span>Odolnn\u00fd proti UV z\u00e1\u0159en\u00ed<\/span><\/li>\n<li><i class=\"fas fa-check\"><\/i><span>Bez z\u00e1pachu<\/span><\/li>\n<\/ul>\n<p><strong>Tmel m\u00e1 po vytvrzen\u00ed vysokou trvalou pru\u017enost<\/strong>, schopnost vracet se do p\u016fvodn\u00edho stavu a dobrou p\u0159ilnavost i za extr\u00e9mn\u00edch venkovn\u00edch podm\u00ednek. Vrstva, kter\u00e1 se vytvo\u0159\u00ed na nanesen\u00e9m silikonu, je kr\u00e1tce po vytvo\u0159en\u00ed vysoce elastick\u00e1, a umo\u017e\u0148uje tak brzk\u00e9 zat\u00ed\u017een\u00ed tmelu.\u00a0Produkt pro\u0161el testem\u00a0zdravotn\u00ed nez\u00e1vadnosti.<\/p>\n<\/div>\n<div class=\"detail-description__left__more\">\t\t\t\t\t\t<span> <\/span><span> <\/span>\t\t\t\t\t<\/div>\n<\/p><\/div>\n<\/p><\/div>\n<div class=\"detail-description__more\"><span> <\/span><span> <\/span><\/div>\n<\/p><\/div>\n<\/p><\/div>\n","protected":false},"excerpt":{"rendered":"<p>Parametry Barva transparentn\u00ed Objem 315\u00a0\u2013 600\u00a0ml Ur\u010den\u00ed interi\u00e9r \/ exteri\u00e9r Balen\u00ed kartu\u0161e Z\u00e1klad \u2013 Vlastnosti P\u0159et\u00edr\u00e1n\u00ed ne Pevnost \u2013 Vod\u011bodolnost \u2013 Aplika\u010dn\u00ed teplota +5\u00a0a\u017e +40\u00a0\u00b0C Teplotn\u00ed odolnost \u201310 a\u017e +80\u00a0\u00b0C Konzistence pasta Struktura \u2013 UV odolnost ano Parametry P\u016fvod Vyrobeno v DE Z\u00e1ruka 2 roky Zna\u010dka Covestro Parametry produktu: 11recenz\u00ed 11z\u00e1kazn\u00edk\u016f doporu\u010duje V\u0161echny recenze Popis: [&hellip;]<\/p>\n","protected":false},"featured_media":18410,"comment_status":"open","ping_status":"open","template":"","meta":[],"product_brand":[],"product_cat":[88],"product_tag":[],"class_list":{"0":"post-18310","1":"product","2":"type-product","3":"status-publish","4":"has-post-thumbnail","6":"product_cat-stavba","8":"first","9":"instock","10":"sale","11":"shipping-taxable","12":"purchasable","13":"product-type-simple"},"yoast_head":"<!-- This site is optimized with the Yoast SEO plugin v26.8 - https:\/\/yoast.com\/product\/yoast-seo-wordpress\/ -->\n<title>Nejprod\u00e1van\u011bj\u0161\u00ed Silikon na polykarbon\u00e1t Covestro transparentn\u00ed 315 ml -<\/title>\n<meta name=\"robots\" content=\"index, follow, max-snippet:-1, max-image-preview:large, max-video-preview:-1\" \/>\n<link rel=\"canonical\" href=\"https:\/\/www.domtechnikpro.com\/index.php\/produkt\/nejprodavanejsi-silikon-na-polykarbonat-covestro-transparentni-315-ml-18310\/\" \/>\n<meta property=\"og:locale\" content=\"cs_CZ\" \/>\n<meta property=\"og:type\" content=\"article\" \/>\n<meta property=\"og:title\" content=\"Nejprod\u00e1van\u011bj\u0161\u00ed Silikon na polykarbon\u00e1t Covestro transparentn\u00ed 315 ml -\" \/>\n<meta property=\"og:description\" content=\"Parametry Barva transparentn\u00ed Objem 315\u00a0\u2013 600\u00a0ml Ur\u010den\u00ed interi\u00e9r \/ exteri\u00e9r Balen\u00ed kartu\u0161e Z\u00e1klad \u2013 Vlastnosti P\u0159et\u00edr\u00e1n\u00ed ne Pevnost \u2013 Vod\u011bodolnost \u2013 Aplika\u010dn\u00ed teplota +5\u00a0a\u017e +40\u00a0\u00b0C Teplotn\u00ed odolnost \u201310 a\u017e +80\u00a0\u00b0C Konzistence pasta Struktura \u2013 UV odolnost ano Parametry P\u016fvod Vyrobeno v DE Z\u00e1ruka 2 roky Zna\u010dka Covestro Parametry produktu: 11recenz\u00ed 11z\u00e1kazn\u00edk\u016f doporu\u010duje V\u0161echny recenze Popis: [&hellip;]\" \/>\n<meta property=\"og:url\" content=\"https:\/\/www.domtechnikpro.com\/index.php\/produkt\/nejprodavanejsi-silikon-na-polykarbonat-covestro-transparentni-315-ml-18310\/\" \/>\n<meta property=\"og:image\" content=\"https:\/\/www.domtechnikpro.com\/wp-content\/uploads\/2026\/SK0001467-CZ20260425-091936-0-1777079982-silikon-na-polykarbonat-covestro-w1200-h628-f8-396b09f664f7.webp\" \/>\n\t<meta property=\"og:image:width\" content=\"1000\" \/>\n\t<meta property=\"og:image:height\" content=\"523\" \/>\n\t<meta property=\"og:image:type\" content=\"image\/webp\" \/>\n<meta name=\"twitter:card\" content=\"summary_large_image\" \/>\n<meta name=\"twitter:label1\" content=\"Odhadovan\u00e1 doba \u010dten\u00ed\" \/>\n\t<meta name=\"twitter:data1\" content=\"1 minuta\" \/>\n<script type=\"application\/ld+json\" class=\"yoast-schema-graph\">{\"@context\":\"https:\/\/schema.org\",\"@graph\":[{\"@type\":\"WebPage\",\"@id\":\"https:\/\/www.domtechnikpro.com\/index.php\/produkt\/nejprodavanejsi-silikon-na-polykarbonat-covestro-transparentni-315-ml-18310\/\",\"url\":\"https:\/\/www.domtechnikpro.com\/index.php\/produkt\/nejprodavanejsi-silikon-na-polykarbonat-covestro-transparentni-315-ml-18310\/\",\"name\":\"Nejprod\u00e1van\u011bj\u0161\u00ed Silikon na polykarbon\u00e1t Covestro transparentn\u00ed 315 ml -\",\"isPartOf\":{\"@id\":\"https:\/\/www.domtechnikpro.com\/#website\"},\"primaryImageOfPage\":{\"@id\":\"https:\/\/www.domtechnikpro.com\/index.php\/produkt\/nejprodavanejsi-silikon-na-polykarbonat-covestro-transparentni-315-ml-18310\/#primaryimage\"},\"image\":{\"@id\":\"https:\/\/www.domtechnikpro.com\/index.php\/produkt\/nejprodavanejsi-silikon-na-polykarbonat-covestro-transparentni-315-ml-18310\/#primaryimage\"},\"thumbnailUrl\":\"https:\/\/www.domtechnikpro.com\/wp-content\/uploads\/2026\/SK0001467-CZ20260425-091936-0-1777079982-silikon-na-polykarbonat-covestro-w1200-h628-f8-396b09f664f7.webp\",\"datePublished\":\"2026-04-26T08:54:28+00:00\",\"breadcrumb\":{\"@id\":\"https:\/\/www.domtechnikpro.com\/index.php\/produkt\/nejprodavanejsi-silikon-na-polykarbonat-covestro-transparentni-315-ml-18310\/#breadcrumb\"},\"inLanguage\":\"cs\",\"potentialAction\":[{\"@type\":\"ReadAction\",\"target\":[\"https:\/\/www.domtechnikpro.com\/index.php\/produkt\/nejprodavanejsi-silikon-na-polykarbonat-covestro-transparentni-315-ml-18310\/\"]}]},{\"@type\":\"ImageObject\",\"inLanguage\":\"cs\",\"@id\":\"https:\/\/www.domtechnikpro.com\/index.php\/produkt\/nejprodavanejsi-silikon-na-polykarbonat-covestro-transparentni-315-ml-18310\/#primaryimage\",\"url\":\"https:\/\/www.domtechnikpro.com\/wp-content\/uploads\/2026\/SK0001467-CZ20260425-091936-0-1777079982-silikon-na-polykarbonat-covestro-w1200-h628-f8-396b09f664f7.webp\",\"contentUrl\":\"https:\/\/www.domtechnikpro.com\/wp-content\/uploads\/2026\/SK0001467-CZ20260425-091936-0-1777079982-silikon-na-polykarbonat-covestro-w1200-h628-f8-396b09f664f7.webp\",\"width\":1000,\"height\":523},{\"@type\":\"BreadcrumbList\",\"@id\":\"https:\/\/www.domtechnikpro.com\/index.php\/produkt\/nejprodavanejsi-silikon-na-polykarbonat-covestro-transparentni-315-ml-18310\/#breadcrumb\",\"itemListElement\":[{\"@type\":\"ListItem\",\"position\":1,\"name\":\"Home\",\"item\":\"https:\/\/www.domtechnikpro.com\/\"},{\"@type\":\"ListItem\",\"position\":2,\"name\":\"Products\",\"item\":\"https:\/\/www.domtechnikpro.com\/index.php\/products\/\"},{\"@type\":\"ListItem\",\"position\":3,\"name\":\"Nejprod\u00e1van\u011bj\u0161\u00ed Silikon na polykarbon\u00e1t Covestro transparentn\u00ed 315 ml\"}]},{\"@type\":\"WebSite\",\"@id\":\"https:\/\/www.domtechnikpro.com\/#website\",\"url\":\"https:\/\/www.domtechnikpro.com\/\",\"name\":\"\",\"description\":\"\",\"potentialAction\":[{\"@type\":\"SearchAction\",\"target\":{\"@type\":\"EntryPoint\",\"urlTemplate\":\"https:\/\/www.domtechnikpro.com\/?s={search_term_string}\"},\"query-input\":{\"@type\":\"PropertyValueSpecification\",\"valueRequired\":true,\"valueName\":\"search_term_string\"}}],\"inLanguage\":\"cs\"}]}<\/script>\n<!-- \/ Yoast SEO plugin. -->","yoast_head_json":{"title":"Nejprod\u00e1van\u011bj\u0161\u00ed Silikon na polykarbon\u00e1t Covestro transparentn\u00ed 315 ml -","robots":{"index":"index","follow":"follow","max-snippet":"max-snippet:-1","max-image-preview":"max-image-preview:large","max-video-preview":"max-video-preview:-1"},"canonical":"https:\/\/www.domtechnikpro.com\/index.php\/produkt\/nejprodavanejsi-silikon-na-polykarbonat-covestro-transparentni-315-ml-18310\/","og_locale":"cs_CZ","og_type":"article","og_title":"Nejprod\u00e1van\u011bj\u0161\u00ed Silikon na polykarbon\u00e1t Covestro transparentn\u00ed 315 ml -","og_description":"Parametry Barva transparentn\u00ed Objem 315\u00a0\u2013 600\u00a0ml Ur\u010den\u00ed interi\u00e9r \/ exteri\u00e9r Balen\u00ed kartu\u0161e Z\u00e1klad \u2013 Vlastnosti P\u0159et\u00edr\u00e1n\u00ed ne Pevnost \u2013 Vod\u011bodolnost \u2013 Aplika\u010dn\u00ed teplota +5\u00a0a\u017e +40\u00a0\u00b0C Teplotn\u00ed odolnost \u201310 a\u017e +80\u00a0\u00b0C Konzistence pasta Struktura \u2013 UV odolnost ano Parametry P\u016fvod Vyrobeno v DE Z\u00e1ruka 2 roky Zna\u010dka Covestro Parametry produktu: 11recenz\u00ed 11z\u00e1kazn\u00edk\u016f doporu\u010duje V\u0161echny recenze Popis: [&hellip;]","og_url":"https:\/\/www.domtechnikpro.com\/index.php\/produkt\/nejprodavanejsi-silikon-na-polykarbonat-covestro-transparentni-315-ml-18310\/","og_image":[{"width":1000,"height":523,"url":"https:\/\/www.domtechnikpro.com\/wp-content\/uploads\/2026\/SK0001467-CZ20260425-091936-0-1777079982-silikon-na-polykarbonat-covestro-w1200-h628-f8-396b09f664f7.webp","type":"image\/webp"}],"twitter_card":"summary_large_image","twitter_misc":{"Odhadovan\u00e1 doba \u010dten\u00ed":"1 minuta"},"schema":{"@context":"https:\/\/schema.org","@graph":[{"@type":"WebPage","@id":"https:\/\/www.domtechnikpro.com\/index.php\/produkt\/nejprodavanejsi-silikon-na-polykarbonat-covestro-transparentni-315-ml-18310\/","url":"https:\/\/www.domtechnikpro.com\/index.php\/produkt\/nejprodavanejsi-silikon-na-polykarbonat-covestro-transparentni-315-ml-18310\/","name":"Nejprod\u00e1van\u011bj\u0161\u00ed Silikon na polykarbon\u00e1t Covestro transparentn\u00ed 315 ml -","isPartOf":{"@id":"https:\/\/www.domtechnikpro.com\/#website"},"primaryImageOfPage":{"@id":"https:\/\/www.domtechnikpro.com\/index.php\/produkt\/nejprodavanejsi-silikon-na-polykarbonat-covestro-transparentni-315-ml-18310\/#primaryimage"},"image":{"@id":"https:\/\/www.domtechnikpro.com\/index.php\/produkt\/nejprodavanejsi-silikon-na-polykarbonat-covestro-transparentni-315-ml-18310\/#primaryimage"},"thumbnailUrl":"https:\/\/www.domtechnikpro.com\/wp-content\/uploads\/2026\/SK0001467-CZ20260425-091936-0-1777079982-silikon-na-polykarbonat-covestro-w1200-h628-f8-396b09f664f7.webp","datePublished":"2026-04-26T08:54:28+00:00","breadcrumb":{"@id":"https:\/\/www.domtechnikpro.com\/index.php\/produkt\/nejprodavanejsi-silikon-na-polykarbonat-covestro-transparentni-315-ml-18310\/#breadcrumb"},"inLanguage":"cs","potentialAction":[{"@type":"ReadAction","target":["https:\/\/www.domtechnikpro.com\/index.php\/produkt\/nejprodavanejsi-silikon-na-polykarbonat-covestro-transparentni-315-ml-18310\/"]}]},{"@type":"ImageObject","inLanguage":"cs","@id":"https:\/\/www.domtechnikpro.com\/index.php\/produkt\/nejprodavanejsi-silikon-na-polykarbonat-covestro-transparentni-315-ml-18310\/#primaryimage","url":"https:\/\/www.domtechnikpro.com\/wp-content\/uploads\/2026\/SK0001467-CZ20260425-091936-0-1777079982-silikon-na-polykarbonat-covestro-w1200-h628-f8-396b09f664f7.webp","contentUrl":"https:\/\/www.domtechnikpro.com\/wp-content\/uploads\/2026\/SK0001467-CZ20260425-091936-0-1777079982-silikon-na-polykarbonat-covestro-w1200-h628-f8-396b09f664f7.webp","width":1000,"height":523},{"@type":"BreadcrumbList","@id":"https:\/\/www.domtechnikpro.com\/index.php\/produkt\/nejprodavanejsi-silikon-na-polykarbonat-covestro-transparentni-315-ml-18310\/#breadcrumb","itemListElement":[{"@type":"ListItem","position":1,"name":"Home","item":"https:\/\/www.domtechnikpro.com\/"},{"@type":"ListItem","position":2,"name":"Products","item":"https:\/\/www.domtechnikpro.com\/index.php\/products\/"},{"@type":"ListItem","position":3,"name":"Nejprod\u00e1van\u011bj\u0161\u00ed Silikon na polykarbon\u00e1t Covestro transparentn\u00ed 315 ml"}]},{"@type":"WebSite","@id":"https:\/\/www.domtechnikpro.com\/#website","url":"https:\/\/www.domtechnikpro.com\/","name":"","description":"","potentialAction":[{"@type":"SearchAction","target":{"@type":"EntryPoint","urlTemplate":"https:\/\/www.domtechnikpro.com\/?s={search_term_string}"},"query-input":{"@type":"PropertyValueSpecification","valueRequired":true,"valueName":"search_term_string"}}],"inLanguage":"cs"}]}},"_links":{"self":[{"href":"https:\/\/www.domtechnikpro.com\/index.php\/wp-json\/wp\/v2\/product\/18310","targetHints":{"allow":["GET"]}}],"collection":[{"href":"https:\/\/www.domtechnikpro.com\/index.php\/wp-json\/wp\/v2\/product"}],"about":[{"href":"https:\/\/www.domtechnikpro.com\/index.php\/wp-json\/wp\/v2\/types\/product"}],"replies":[{"embeddable":true,"href":"https:\/\/www.domtechnikpro.com\/index.php\/wp-json\/wp\/v2\/comments?post=18310"}],"wp:featuredmedia":[{"embeddable":true,"href":"https:\/\/www.domtechnikpro.com\/index.php\/wp-json\/wp\/v2\/media\/18410"}],"wp:attachment":[{"href":"https:\/\/www.domtechnikpro.com\/index.php\/wp-json\/wp\/v2\/media?parent=18310"}],"wp:term":[{"taxonomy":"product_brand","embeddable":true,"href":"https:\/\/www.domtechnikpro.com\/index.php\/wp-json\/wp\/v2\/product_brand?post=18310"},{"taxonomy":"product_cat","embeddable":true,"href":"https:\/\/www.domtechnikpro.com\/index.php\/wp-json\/wp\/v2\/product_cat?post=18310"},{"taxonomy":"product_tag","embeddable":true,"href":"https:\/\/www.domtechnikpro.com\/index.php\/wp-json\/wp\/v2\/product_tag?post=18310"}],"curies":[{"name":"wp","href":"https:\/\/api.w.org\/{rel}","templated":true}]}}