{"id":18115,"date":"2026-04-26T08:54:26","date_gmt":"2026-04-26T08:54:26","guid":{"rendered":""},"modified":"2026-04-26T08:54:26","modified_gmt":"2026-04-26T08:54:26","slug":"4czech-klic-otevreny-oboustranny-brynyrovany-13-14mm-vyhodna-nabidka-18115","status":"publish","type":"product","link":"https:\/\/www.domtechnikpro.com\/index.php\/produkt\/4czech-klic-otevreny-oboustranny-brynyrovany-13-14mm-vyhodna-nabidka-18115\/","title":{"rendered":"4CZECH Kl\u00ed\u010d otev\u0159en\u00fd oboustrann\u00fd bryn\u00fdrovan\u00fd 13\/14mm V\u00fdhodn\u00e1 Nab\u00eddka"},"content":{"rendered":"<h2>Kl\u00ed\u010d oboustrann\u00fd, 13-14 mm<\/h2>\n<p><strong>Kvalitn\u00ed otev\u0159en\u00fd oboustrann\u00fd kl\u00ed\u010d DIN 895 od zna\u010dky 4CZECH 13-14mm<\/strong>, vyroben\u00fd z prvot\u0159\u00eddn\u00ed chromvanadiov\u00e9 oceli. Povrchov\u00e1 \u00faprava <strong>bryn\u00fdrov\u00e1n\u00edm (\u010dern\u011bn\u00ed)<\/strong> poskytuje kl\u00ed\u010di<strong> vynikaj\u00edc\u00ed vzhled<\/strong> <strong>a odolnost v\u016f\u010di korozi<\/strong>. \u00dast\u00ed kl\u00ed\u010de <strong>je vyklon\u011bn\u00e9 o 15\u00b0 od osy<\/strong>, co\u017e umo\u017e\u0148uje efektivn\u00ed <strong>pr\u00e1ci v t\u011bsn\u00fdch prostorech<\/strong>. Ide\u00e1ln\u00ed na povolv\u00e1n\u00ed a utahov\u00e1n\u00ed spojovac\u00edho materi\u00e1lu jako jsou nap\u0159\u00edklad \u0161estihrann\u00e9 \u0161rouby, nebo \u0161rouby vratov\u00e9.<\/p>\n<p>\u00a0<\/p>\n<h2>V\u00fdhody oboustrann\u00e9ho kl\u00ed\u010de<\/h2>\n<ul>\n<li>Vyrobeno z vysoce kvalitn\u00ed chromvanadiov\u00e9 oceli<\/li>\n<li>Chromovan\u00fd le\u0161t\u011bn\u00fd povrch pro ochranu proti korozi<\/li>\n<li>12hrann\u00e9 o\u010dko vyklon\u011bn\u00e9 o 15\u00b0 pro snadn\u011bj\u0161\u00ed p\u0159\u00edstup k matic\u00edm<\/li>\n<li>Maxim\u00e1ln\u00ed p\u0159enos s\u00edly pro del\u0161\u00ed \u017eivotnost kl\u00ed\u010de i \u0161roub\u016f<\/li>\n<li>Ide\u00e1ln\u00ed pro profesion\u00e1ln\u00ed i dom\u00e1c\u00ed pou\u017eit\u00ed<\/li>\n<\/ul>\n<h2>K \u010demu se pou\u017e\u00edv\u00e1 oboustrann\u00fd kl\u00ed\u010d<\/h2>\n<p>O\u010dkoploch\u00fd kl\u00ed\u010d DIN 3113 z chromvanadiov\u00e9 oceli je ide\u00e1ln\u00ed pro v\u0161echny druhy mechanick\u00fdch prac\u00ed. D\u00edky 12hrann\u00e9mu o\u010dku vyklon\u011bn\u00e9mu o 15\u00b0 a chromovan\u00e9mu povrchu zaji\u0161\u0165uje vysokou efektivitu, odolnost proti korozi a snadn\u00fd p\u0159\u00edstup k t\u011b\u017eko dostupn\u00fdm m\u00edst\u016fm. Tento kl\u00ed\u010d je vhodn\u00fd pro profesion\u00e1ln\u00ed d\u00edlny i pro dom\u00e1c\u00ed kutily.<\/p>\n<p>\u00a0<\/p>\n<h3>Kl\u00ed\u010dov\u00e9 vlastnosti a parametry produktu Kl\u00ed\u010d oboustrann\u00fd<\/h3>\n<p><span style=\"text-decoration: none; font-weight: bold; color: #ff0000;\">Dopravu nacen\u00edme dle V\u00e1mi po\u017eadovan\u00e9ho mno\u017estv\u00ed a m\u00edsta ur\u010den\u00ed.<br \/><\/span><\/p>\n<p><span style=\"text-decoration: none; font-weight: bold; color: #ff0000;\">Pro osobn\u00ed odb\u011br vy\u017eadujeme objedn\u00e1vku potvrzenou prodejcem.<\/span><\/p>\n<div id=\"PDTable3\" class=\"ProductDetailTableView v3a v3 bs-view dcon dc177 PDTable3\" >\n<table>\n<thead><\/thead>\n<tbody>\n<tr class=\"attribute attr_bsshop_maker\">\n<td class=\"caption\">V\u00fdrobce<\/td>\n<td class=\"value\">N\u00e1stroje CZ s.r.o.<\/td>\n<\/tr>\n<tr class=\"attribute attr_A001\">\n<td class=\"caption\">rozm\u011br <\/td>\n<td class=\"value\">13 + 14 mm<\/td>\n<\/tr>\n<\/tbody>\n<\/table>\n<\/div>\n<\/div><\/div>\n<\/div>\n<div id=\"e3263497\" class=\"tabs\">\n","protected":false},"excerpt":{"rendered":"<p>Kl\u00ed\u010d oboustrann\u00fd, 13-14 mm Kvalitn\u00ed otev\u0159en\u00fd oboustrann\u00fd kl\u00ed\u010d DIN 895 od zna\u010dky 4CZECH 13-14mm, vyroben\u00fd z prvot\u0159\u00eddn\u00ed chromvanadiov\u00e9 oceli. Povrchov\u00e1 \u00faprava bryn\u00fdrov\u00e1n\u00edm (\u010dern\u011bn\u00ed) poskytuje kl\u00ed\u010di vynikaj\u00edc\u00ed vzhled a odolnost v\u016f\u010di korozi. \u00dast\u00ed kl\u00ed\u010de je vyklon\u011bn\u00e9 o 15\u00b0 od osy, co\u017e umo\u017e\u0148uje efektivn\u00ed pr\u00e1ci v t\u011bsn\u00fdch prostorech. Ide\u00e1ln\u00ed na povolv\u00e1n\u00ed a utahov\u00e1n\u00ed spojovac\u00edho materi\u00e1lu jako jsou [&hellip;]<\/p>\n","protected":false},"featured_media":18215,"comment_status":"open","ping_status":"open","template":"","meta":[],"product_brand":[],"product_cat":[86],"product_tag":[],"class_list":{"0":"post-18115","1":"product","2":"type-product","3":"status-publish","4":"has-post-thumbnail","6":"product_cat-n-193-rad-205","8":"first","9":"instock","10":"sale","11":"shipping-taxable","12":"purchasable","13":"product-type-simple"},"yoast_head":"<!-- This site is optimized with the Yoast SEO plugin v26.8 - https:\/\/yoast.com\/product\/yoast-seo-wordpress\/ -->\n<title>4CZECH Kl\u00ed\u010d otev\u0159en\u00fd oboustrann\u00fd bryn\u00fdrovan\u00fd 13\/14mm V\u00fdhodn\u00e1 Nab\u00eddka -<\/title>\n<meta name=\"robots\" content=\"index, follow, max-snippet:-1, max-image-preview:large, max-video-preview:-1\" \/>\n<link rel=\"canonical\" href=\"https:\/\/www.domtechnikpro.com\/index.php\/produkt\/4czech-klic-otevreny-oboustranny-brynyrovany-13-14mm-vyhodna-nabidka-18115\/\" \/>\n<meta property=\"og:locale\" content=\"cs_CZ\" \/>\n<meta property=\"og:type\" content=\"article\" \/>\n<meta property=\"og:title\" content=\"4CZECH Kl\u00ed\u010d otev\u0159en\u00fd oboustrann\u00fd bryn\u00fdrovan\u00fd 13\/14mm V\u00fdhodn\u00e1 Nab\u00eddka -\" \/>\n<meta property=\"og:description\" content=\"Kl\u00ed\u010d oboustrann\u00fd, 13-14 mm Kvalitn\u00ed otev\u0159en\u00fd oboustrann\u00fd kl\u00ed\u010d DIN 895 od zna\u010dky 4CZECH 13-14mm, vyroben\u00fd z prvot\u0159\u00eddn\u00ed chromvanadiov\u00e9 oceli. Povrchov\u00e1 \u00faprava bryn\u00fdrov\u00e1n\u00edm (\u010dern\u011bn\u00ed) poskytuje kl\u00ed\u010di vynikaj\u00edc\u00ed vzhled a odolnost v\u016f\u010di korozi. \u00dast\u00ed kl\u00ed\u010de je vyklon\u011bn\u00e9 o 15\u00b0 od osy, co\u017e umo\u017e\u0148uje efektivn\u00ed pr\u00e1ci v t\u011bsn\u00fdch prostorech. Ide\u00e1ln\u00ed na povolv\u00e1n\u00ed a utahov\u00e1n\u00ed spojovac\u00edho materi\u00e1lu jako jsou [&hellip;]\" \/>\n<meta property=\"og:url\" content=\"https:\/\/www.domtechnikpro.com\/index.php\/produkt\/4czech-klic-otevreny-oboustranny-brynyrovany-13-14mm-vyhodna-nabidka-18115\/\" \/>\n<meta property=\"og:image\" content=\"https:\/\/www.domtechnikpro.com\/wp-content\/uploads\/2026\/SK0003131-CZ20260425-091908-0-1777079948-4czech-klic-otevreny-oboustranny-brynyrovany-13-14mm.webp\" \/>\n\t<meta property=\"og:image:width\" content=\"1000\" \/>\n\t<meta property=\"og:image:height\" content=\"525\" \/>\n\t<meta property=\"og:image:type\" content=\"image\/webp\" \/>\n<meta name=\"twitter:card\" content=\"summary_large_image\" \/>\n<meta name=\"twitter:label1\" content=\"Odhadovan\u00e1 doba \u010dten\u00ed\" \/>\n\t<meta name=\"twitter:data1\" content=\"1 minuta\" \/>\n<script type=\"application\/ld+json\" class=\"yoast-schema-graph\">{\"@context\":\"https:\/\/schema.org\",\"@graph\":[{\"@type\":\"WebPage\",\"@id\":\"https:\/\/www.domtechnikpro.com\/index.php\/produkt\/4czech-klic-otevreny-oboustranny-brynyrovany-13-14mm-vyhodna-nabidka-18115\/\",\"url\":\"https:\/\/www.domtechnikpro.com\/index.php\/produkt\/4czech-klic-otevreny-oboustranny-brynyrovany-13-14mm-vyhodna-nabidka-18115\/\",\"name\":\"4CZECH Kl\u00ed\u010d otev\u0159en\u00fd oboustrann\u00fd bryn\u00fdrovan\u00fd 13\/14mm V\u00fdhodn\u00e1 Nab\u00eddka -\",\"isPartOf\":{\"@id\":\"https:\/\/www.domtechnikpro.com\/#website\"},\"primaryImageOfPage\":{\"@id\":\"https:\/\/www.domtechnikpro.com\/index.php\/produkt\/4czech-klic-otevreny-oboustranny-brynyrovany-13-14mm-vyhodna-nabidka-18115\/#primaryimage\"},\"image\":{\"@id\":\"https:\/\/www.domtechnikpro.com\/index.php\/produkt\/4czech-klic-otevreny-oboustranny-brynyrovany-13-14mm-vyhodna-nabidka-18115\/#primaryimage\"},\"thumbnailUrl\":\"https:\/\/www.domtechnikpro.com\/wp-content\/uploads\/2026\/SK0003131-CZ20260425-091908-0-1777079948-4czech-klic-otevreny-oboustranny-brynyrovany-13-14mm.webp\",\"datePublished\":\"2026-04-26T08:54:26+00:00\",\"breadcrumb\":{\"@id\":\"https:\/\/www.domtechnikpro.com\/index.php\/produkt\/4czech-klic-otevreny-oboustranny-brynyrovany-13-14mm-vyhodna-nabidka-18115\/#breadcrumb\"},\"inLanguage\":\"cs\",\"potentialAction\":[{\"@type\":\"ReadAction\",\"target\":[\"https:\/\/www.domtechnikpro.com\/index.php\/produkt\/4czech-klic-otevreny-oboustranny-brynyrovany-13-14mm-vyhodna-nabidka-18115\/\"]}]},{\"@type\":\"ImageObject\",\"inLanguage\":\"cs\",\"@id\":\"https:\/\/www.domtechnikpro.com\/index.php\/produkt\/4czech-klic-otevreny-oboustranny-brynyrovany-13-14mm-vyhodna-nabidka-18115\/#primaryimage\",\"url\":\"https:\/\/www.domtechnikpro.com\/wp-content\/uploads\/2026\/SK0003131-CZ20260425-091908-0-1777079948-4czech-klic-otevreny-oboustranny-brynyrovany-13-14mm.webp\",\"contentUrl\":\"https:\/\/www.domtechnikpro.com\/wp-content\/uploads\/2026\/SK0003131-CZ20260425-091908-0-1777079948-4czech-klic-otevreny-oboustranny-brynyrovany-13-14mm.webp\",\"width\":1000,\"height\":525},{\"@type\":\"BreadcrumbList\",\"@id\":\"https:\/\/www.domtechnikpro.com\/index.php\/produkt\/4czech-klic-otevreny-oboustranny-brynyrovany-13-14mm-vyhodna-nabidka-18115\/#breadcrumb\",\"itemListElement\":[{\"@type\":\"ListItem\",\"position\":1,\"name\":\"Home\",\"item\":\"https:\/\/www.domtechnikpro.com\/\"},{\"@type\":\"ListItem\",\"position\":2,\"name\":\"Products\",\"item\":\"https:\/\/www.domtechnikpro.com\/index.php\/products\/\"},{\"@type\":\"ListItem\",\"position\":3,\"name\":\"4CZECH Kl\u00ed\u010d otev\u0159en\u00fd oboustrann\u00fd bryn\u00fdrovan\u00fd 13\/14mm V\u00fdhodn\u00e1 Nab\u00eddka\"}]},{\"@type\":\"WebSite\",\"@id\":\"https:\/\/www.domtechnikpro.com\/#website\",\"url\":\"https:\/\/www.domtechnikpro.com\/\",\"name\":\"\",\"description\":\"\",\"potentialAction\":[{\"@type\":\"SearchAction\",\"target\":{\"@type\":\"EntryPoint\",\"urlTemplate\":\"https:\/\/www.domtechnikpro.com\/?s={search_term_string}\"},\"query-input\":{\"@type\":\"PropertyValueSpecification\",\"valueRequired\":true,\"valueName\":\"search_term_string\"}}],\"inLanguage\":\"cs\"}]}<\/script>\n<!-- \/ Yoast SEO plugin. -->","yoast_head_json":{"title":"4CZECH Kl\u00ed\u010d otev\u0159en\u00fd oboustrann\u00fd bryn\u00fdrovan\u00fd 13\/14mm V\u00fdhodn\u00e1 Nab\u00eddka -","robots":{"index":"index","follow":"follow","max-snippet":"max-snippet:-1","max-image-preview":"max-image-preview:large","max-video-preview":"max-video-preview:-1"},"canonical":"https:\/\/www.domtechnikpro.com\/index.php\/produkt\/4czech-klic-otevreny-oboustranny-brynyrovany-13-14mm-vyhodna-nabidka-18115\/","og_locale":"cs_CZ","og_type":"article","og_title":"4CZECH Kl\u00ed\u010d otev\u0159en\u00fd oboustrann\u00fd bryn\u00fdrovan\u00fd 13\/14mm V\u00fdhodn\u00e1 Nab\u00eddka -","og_description":"Kl\u00ed\u010d oboustrann\u00fd, 13-14 mm Kvalitn\u00ed otev\u0159en\u00fd oboustrann\u00fd kl\u00ed\u010d DIN 895 od zna\u010dky 4CZECH 13-14mm, vyroben\u00fd z prvot\u0159\u00eddn\u00ed chromvanadiov\u00e9 oceli. Povrchov\u00e1 \u00faprava bryn\u00fdrov\u00e1n\u00edm (\u010dern\u011bn\u00ed) poskytuje kl\u00ed\u010di vynikaj\u00edc\u00ed vzhled a odolnost v\u016f\u010di korozi. \u00dast\u00ed kl\u00ed\u010de je vyklon\u011bn\u00e9 o 15\u00b0 od osy, co\u017e umo\u017e\u0148uje efektivn\u00ed pr\u00e1ci v t\u011bsn\u00fdch prostorech. Ide\u00e1ln\u00ed na povolv\u00e1n\u00ed a utahov\u00e1n\u00ed spojovac\u00edho materi\u00e1lu jako jsou [&hellip;]","og_url":"https:\/\/www.domtechnikpro.com\/index.php\/produkt\/4czech-klic-otevreny-oboustranny-brynyrovany-13-14mm-vyhodna-nabidka-18115\/","og_image":[{"width":1000,"height":525,"url":"https:\/\/www.domtechnikpro.com\/wp-content\/uploads\/2026\/SK0003131-CZ20260425-091908-0-1777079948-4czech-klic-otevreny-oboustranny-brynyrovany-13-14mm.webp","type":"image\/webp"}],"twitter_card":"summary_large_image","twitter_misc":{"Odhadovan\u00e1 doba \u010dten\u00ed":"1 minuta"},"schema":{"@context":"https:\/\/schema.org","@graph":[{"@type":"WebPage","@id":"https:\/\/www.domtechnikpro.com\/index.php\/produkt\/4czech-klic-otevreny-oboustranny-brynyrovany-13-14mm-vyhodna-nabidka-18115\/","url":"https:\/\/www.domtechnikpro.com\/index.php\/produkt\/4czech-klic-otevreny-oboustranny-brynyrovany-13-14mm-vyhodna-nabidka-18115\/","name":"4CZECH Kl\u00ed\u010d otev\u0159en\u00fd oboustrann\u00fd bryn\u00fdrovan\u00fd 13\/14mm V\u00fdhodn\u00e1 Nab\u00eddka -","isPartOf":{"@id":"https:\/\/www.domtechnikpro.com\/#website"},"primaryImageOfPage":{"@id":"https:\/\/www.domtechnikpro.com\/index.php\/produkt\/4czech-klic-otevreny-oboustranny-brynyrovany-13-14mm-vyhodna-nabidka-18115\/#primaryimage"},"image":{"@id":"https:\/\/www.domtechnikpro.com\/index.php\/produkt\/4czech-klic-otevreny-oboustranny-brynyrovany-13-14mm-vyhodna-nabidka-18115\/#primaryimage"},"thumbnailUrl":"https:\/\/www.domtechnikpro.com\/wp-content\/uploads\/2026\/SK0003131-CZ20260425-091908-0-1777079948-4czech-klic-otevreny-oboustranny-brynyrovany-13-14mm.webp","datePublished":"2026-04-26T08:54:26+00:00","breadcrumb":{"@id":"https:\/\/www.domtechnikpro.com\/index.php\/produkt\/4czech-klic-otevreny-oboustranny-brynyrovany-13-14mm-vyhodna-nabidka-18115\/#breadcrumb"},"inLanguage":"cs","potentialAction":[{"@type":"ReadAction","target":["https:\/\/www.domtechnikpro.com\/index.php\/produkt\/4czech-klic-otevreny-oboustranny-brynyrovany-13-14mm-vyhodna-nabidka-18115\/"]}]},{"@type":"ImageObject","inLanguage":"cs","@id":"https:\/\/www.domtechnikpro.com\/index.php\/produkt\/4czech-klic-otevreny-oboustranny-brynyrovany-13-14mm-vyhodna-nabidka-18115\/#primaryimage","url":"https:\/\/www.domtechnikpro.com\/wp-content\/uploads\/2026\/SK0003131-CZ20260425-091908-0-1777079948-4czech-klic-otevreny-oboustranny-brynyrovany-13-14mm.webp","contentUrl":"https:\/\/www.domtechnikpro.com\/wp-content\/uploads\/2026\/SK0003131-CZ20260425-091908-0-1777079948-4czech-klic-otevreny-oboustranny-brynyrovany-13-14mm.webp","width":1000,"height":525},{"@type":"BreadcrumbList","@id":"https:\/\/www.domtechnikpro.com\/index.php\/produkt\/4czech-klic-otevreny-oboustranny-brynyrovany-13-14mm-vyhodna-nabidka-18115\/#breadcrumb","itemListElement":[{"@type":"ListItem","position":1,"name":"Home","item":"https:\/\/www.domtechnikpro.com\/"},{"@type":"ListItem","position":2,"name":"Products","item":"https:\/\/www.domtechnikpro.com\/index.php\/products\/"},{"@type":"ListItem","position":3,"name":"4CZECH Kl\u00ed\u010d otev\u0159en\u00fd oboustrann\u00fd bryn\u00fdrovan\u00fd 13\/14mm V\u00fdhodn\u00e1 Nab\u00eddka"}]},{"@type":"WebSite","@id":"https:\/\/www.domtechnikpro.com\/#website","url":"https:\/\/www.domtechnikpro.com\/","name":"","description":"","potentialAction":[{"@type":"SearchAction","target":{"@type":"EntryPoint","urlTemplate":"https:\/\/www.domtechnikpro.com\/?s={search_term_string}"},"query-input":{"@type":"PropertyValueSpecification","valueRequired":true,"valueName":"search_term_string"}}],"inLanguage":"cs"}]}},"_links":{"self":[{"href":"https:\/\/www.domtechnikpro.com\/index.php\/wp-json\/wp\/v2\/product\/18115","targetHints":{"allow":["GET"]}}],"collection":[{"href":"https:\/\/www.domtechnikpro.com\/index.php\/wp-json\/wp\/v2\/product"}],"about":[{"href":"https:\/\/www.domtechnikpro.com\/index.php\/wp-json\/wp\/v2\/types\/product"}],"replies":[{"embeddable":true,"href":"https:\/\/www.domtechnikpro.com\/index.php\/wp-json\/wp\/v2\/comments?post=18115"}],"wp:featuredmedia":[{"embeddable":true,"href":"https:\/\/www.domtechnikpro.com\/index.php\/wp-json\/wp\/v2\/media\/18215"}],"wp:attachment":[{"href":"https:\/\/www.domtechnikpro.com\/index.php\/wp-json\/wp\/v2\/media?parent=18115"}],"wp:term":[{"taxonomy":"product_brand","embeddable":true,"href":"https:\/\/www.domtechnikpro.com\/index.php\/wp-json\/wp\/v2\/product_brand?post=18115"},{"taxonomy":"product_cat","embeddable":true,"href":"https:\/\/www.domtechnikpro.com\/index.php\/wp-json\/wp\/v2\/product_cat?post=18115"},{"taxonomy":"product_tag","embeddable":true,"href":"https:\/\/www.domtechnikpro.com\/index.php\/wp-json\/wp\/v2\/product_tag?post=18115"}],"curies":[{"name":"wp","href":"https:\/\/api.w.org\/{rel}","templated":true}]}}