{"id":18113,"date":"2026-04-26T08:54:26","date_gmt":"2026-04-26T08:54:26","guid":{"rendered":""},"modified":"2026-04-26T08:54:26","modified_gmt":"2026-04-26T08:54:26","slug":"4czech-zastrcny-klic-sestihranny-s-kulickou-prodlouzeny-2-5mm-88x21mm-ihned-k-objednani-18113","status":"publish","type":"product","link":"https:\/\/www.domtechnikpro.com\/index.php\/produkt\/4czech-zastrcny-klic-sestihranny-s-kulickou-prodlouzeny-2-5mm-88x21mm-ihned-k-objednani-18113\/","title":{"rendered":"4CZECH Z\u00e1str\u010dn\u00fd kl\u00ed\u010d \u0161estihrann\u00fd s kuli\u010dkou prodlou\u017een\u00fd 2.5mm 88x21mm Ihned K Objedn\u00e1n\u00ed"},"content":{"rendered":"<h2>Z\u00e1str\u010dn\u00fd kl\u00ed\u010d \u0161estihrann\u00fd s kulovou hlavou, 2,5 mm, 88x21mm<\/h2>\n<p>Z\u00e1str\u010dn\u00fd kl\u00ed\u010d s kulovou hlavou umo\u017e\u0148uje rychlou a snadnou pr\u00e1ci i v m\u00edstech s omezen\u00fdm p\u0159\u00edstupem d\u00edky mo\u017enosti naklonit kl\u00ed\u010d a\u017e o 15\u00b0. Vyrobeno z kvalitn\u00ed chrom-vanadov\u00e9 oceli podle norem NF-E 74 331, ISO 2936 a DIN 911, pro maxim\u00e1ln\u00ed spolehlivost a odolnost.<\/p>\n<p>\u00a0<\/p>\n<h2>V\u00fdhody inbusov\u00e9ho kl\u00ed\u010de<\/h2>\n<ul>\n<li>Kulov\u00e1 hlava pro pr\u00e1ci pod \u00fahlem a\u017e 15\u00b0<\/li>\n<li>Vyrobeno z chrom-vanadov\u00e9 oceli pro vy\u0161\u0161\u00ed odolnost<\/li>\n<li>Umo\u017e\u0148uje pr\u00e1ci v t\u011b\u017eko dostupn\u00fdch m\u00edstech<\/li>\n<li>Spl\u0148uje normy NF-E 74 331, ISO 2936 a DIN 911<\/li>\n<li>Ide\u00e1ln\u00ed pro profesion\u00e1ln\u00ed i dom\u00e1c\u00ed pou\u017eit\u00ed<\/li>\n<\/ul>\n<h2>K \u010demu se pou\u017e\u00edv\u00e1 \u0161estihrann\u00fd kl\u00ed\u010d<\/h2>\n<p>Z\u00e1str\u010dn\u00fd kl\u00ed\u010d s kulovou hlavou je ide\u00e1ln\u00ed pro pou\u017eit\u00ed v omezen\u00fdch prostorech, kde umo\u017e\u0148uje pr\u00e1ci pod \u00fahlem a\u017e 15\u00b0. D\u00edky vysok\u00e9 kvalit\u011b a odolnosti chrom-vanadov\u00e9 oceli, spl\u0148uje p\u0159\u00edsn\u00e9 normy NF-E 74 331, ISO 2936 a DIN 911, co\u017e zaji\u0161\u0165uje dlouhou \u017eivotnost a spolehlivost p\u0159i ka\u017edodenn\u00edm pou\u017e\u00edv\u00e1n\u00ed.<\/p>\n<p>\u00a0<\/p>\n<h3>Kl\u00ed\u010dov\u00e9 vlastnosti a parametry produktu Kl\u00ed\u010d \u0161estihrann\u00fd<\/h3>\n<p><span style=\"text-decoration: none; font-weight: bold; color: #ff0000;\">Dopravu nacen\u00edme dle V\u00e1mi po\u017eadovan\u00e9ho mno\u017estv\u00ed a m\u00edsta ur\u010den\u00ed.<br \/><\/span><\/p>\n<p><span style=\"text-decoration: none; font-weight: bold; color: #ff0000;\">Pro osobn\u00ed odb\u011br vy\u017eadujeme objedn\u00e1vku potvrzenou prodejcem.<\/span><\/p>\n<div id=\"PDTable3\" class=\"ProductDetailTableView v3a v3 bs-view dcon dc177 PDTable3\" >\n<table>\n<thead><\/thead>\n<tbody>\n<tr class=\"attribute attr_bsshop_maker\">\n<td class=\"caption\">V\u00fdrobce<\/td>\n<td class=\"value\">N\u00e1stroje CZ s.r.o.<\/td>\n<\/tr>\n<tr class=\"attribute attr_A0029\">\n<td class=\"caption\">pr\u016fm\u011br<\/td>\n<td class=\"value\">2,5 mm<\/td>\n<\/tr>\n<\/tbody>\n<\/table>\n<\/div>\n<\/div><\/div>\n<\/div>\n<div id=\"e3263357\" class=\"tabs\">\n","protected":false},"excerpt":{"rendered":"<p>Z\u00e1str\u010dn\u00fd kl\u00ed\u010d \u0161estihrann\u00fd s kulovou hlavou, 2,5 mm, 88x21mm Z\u00e1str\u010dn\u00fd kl\u00ed\u010d s kulovou hlavou umo\u017e\u0148uje rychlou a snadnou pr\u00e1ci i v m\u00edstech s omezen\u00fdm p\u0159\u00edstupem d\u00edky mo\u017enosti naklonit kl\u00ed\u010d a\u017e o 15\u00b0. Vyrobeno z kvalitn\u00ed chrom-vanadov\u00e9 oceli podle norem NF-E 74 331, ISO 2936 a DIN 911, pro maxim\u00e1ln\u00ed spolehlivost a odolnost. \u00a0 V\u00fdhody inbusov\u00e9ho [&hellip;]<\/p>\n","protected":false},"featured_media":18213,"comment_status":"open","ping_status":"open","template":"","meta":[],"product_brand":[],"product_cat":[86],"product_tag":[],"class_list":{"0":"post-18113","1":"product","2":"type-product","3":"status-publish","4":"has-post-thumbnail","6":"product_cat-n-193-rad-205","8":"first","9":"instock","10":"sale","11":"shipping-taxable","12":"purchasable","13":"product-type-simple"},"yoast_head":"<!-- This site is optimized with the Yoast SEO plugin v26.8 - https:\/\/yoast.com\/product\/yoast-seo-wordpress\/ -->\n<title>4CZECH Z\u00e1str\u010dn\u00fd kl\u00ed\u010d \u0161estihrann\u00fd s kuli\u010dkou prodlou\u017een\u00fd 2.5mm 88x21mm Ihned K Objedn\u00e1n\u00ed -<\/title>\n<meta name=\"robots\" content=\"index, follow, max-snippet:-1, max-image-preview:large, max-video-preview:-1\" \/>\n<link rel=\"canonical\" href=\"https:\/\/www.domtechnikpro.com\/index.php\/produkt\/4czech-zastrcny-klic-sestihranny-s-kulickou-prodlouzeny-2-5mm-88x21mm-ihned-k-objednani-18113\/\" \/>\n<meta property=\"og:locale\" content=\"cs_CZ\" \/>\n<meta property=\"og:type\" content=\"article\" \/>\n<meta property=\"og:title\" content=\"4CZECH Z\u00e1str\u010dn\u00fd kl\u00ed\u010d \u0161estihrann\u00fd s kuli\u010dkou prodlou\u017een\u00fd 2.5mm 88x21mm Ihned K Objedn\u00e1n\u00ed -\" \/>\n<meta property=\"og:description\" content=\"Z\u00e1str\u010dn\u00fd kl\u00ed\u010d \u0161estihrann\u00fd s kulovou hlavou, 2,5 mm, 88x21mm Z\u00e1str\u010dn\u00fd kl\u00ed\u010d s kulovou hlavou umo\u017e\u0148uje rychlou a snadnou pr\u00e1ci i v m\u00edstech s omezen\u00fdm p\u0159\u00edstupem d\u00edky mo\u017enosti naklonit kl\u00ed\u010d a\u017e o 15\u00b0. Vyrobeno z kvalitn\u00ed chrom-vanadov\u00e9 oceli podle norem NF-E 74 331, ISO 2936 a DIN 911, pro maxim\u00e1ln\u00ed spolehlivost a odolnost. \u00a0 V\u00fdhody inbusov\u00e9ho [&hellip;]\" \/>\n<meta property=\"og:url\" content=\"https:\/\/www.domtechnikpro.com\/index.php\/produkt\/4czech-zastrcny-klic-sestihranny-s-kulickou-prodlouzeny-2-5mm-88x21mm-ihned-k-objednani-18113\/\" \/>\n<meta property=\"og:image\" content=\"https:\/\/www.domtechnikpro.com\/wp-content\/uploads\/2026\/SK0003129-CZ20260425-091908-0-1777079948-4czech-zastrcny-klic-sestihranny-s-kulickou-prodlouzeny-2-5.webp\" \/>\n\t<meta property=\"og:image:width\" content=\"1000\" \/>\n\t<meta property=\"og:image:height\" content=\"525\" \/>\n\t<meta property=\"og:image:type\" content=\"image\/webp\" \/>\n<meta name=\"twitter:card\" content=\"summary_large_image\" \/>\n<meta name=\"twitter:label1\" content=\"Odhadovan\u00e1 doba \u010dten\u00ed\" \/>\n\t<meta name=\"twitter:data1\" content=\"1 minuta\" \/>\n<script type=\"application\/ld+json\" class=\"yoast-schema-graph\">{\"@context\":\"https:\/\/schema.org\",\"@graph\":[{\"@type\":\"WebPage\",\"@id\":\"https:\/\/www.domtechnikpro.com\/index.php\/produkt\/4czech-zastrcny-klic-sestihranny-s-kulickou-prodlouzeny-2-5mm-88x21mm-ihned-k-objednani-18113\/\",\"url\":\"https:\/\/www.domtechnikpro.com\/index.php\/produkt\/4czech-zastrcny-klic-sestihranny-s-kulickou-prodlouzeny-2-5mm-88x21mm-ihned-k-objednani-18113\/\",\"name\":\"4CZECH Z\u00e1str\u010dn\u00fd kl\u00ed\u010d \u0161estihrann\u00fd s kuli\u010dkou prodlou\u017een\u00fd 2.5mm 88x21mm Ihned K Objedn\u00e1n\u00ed -\",\"isPartOf\":{\"@id\":\"https:\/\/www.domtechnikpro.com\/#website\"},\"primaryImageOfPage\":{\"@id\":\"https:\/\/www.domtechnikpro.com\/index.php\/produkt\/4czech-zastrcny-klic-sestihranny-s-kulickou-prodlouzeny-2-5mm-88x21mm-ihned-k-objednani-18113\/#primaryimage\"},\"image\":{\"@id\":\"https:\/\/www.domtechnikpro.com\/index.php\/produkt\/4czech-zastrcny-klic-sestihranny-s-kulickou-prodlouzeny-2-5mm-88x21mm-ihned-k-objednani-18113\/#primaryimage\"},\"thumbnailUrl\":\"https:\/\/www.domtechnikpro.com\/wp-content\/uploads\/2026\/SK0003129-CZ20260425-091908-0-1777079948-4czech-zastrcny-klic-sestihranny-s-kulickou-prodlouzeny-2-5.webp\",\"datePublished\":\"2026-04-26T08:54:26+00:00\",\"breadcrumb\":{\"@id\":\"https:\/\/www.domtechnikpro.com\/index.php\/produkt\/4czech-zastrcny-klic-sestihranny-s-kulickou-prodlouzeny-2-5mm-88x21mm-ihned-k-objednani-18113\/#breadcrumb\"},\"inLanguage\":\"cs\",\"potentialAction\":[{\"@type\":\"ReadAction\",\"target\":[\"https:\/\/www.domtechnikpro.com\/index.php\/produkt\/4czech-zastrcny-klic-sestihranny-s-kulickou-prodlouzeny-2-5mm-88x21mm-ihned-k-objednani-18113\/\"]}]},{\"@type\":\"ImageObject\",\"inLanguage\":\"cs\",\"@id\":\"https:\/\/www.domtechnikpro.com\/index.php\/produkt\/4czech-zastrcny-klic-sestihranny-s-kulickou-prodlouzeny-2-5mm-88x21mm-ihned-k-objednani-18113\/#primaryimage\",\"url\":\"https:\/\/www.domtechnikpro.com\/wp-content\/uploads\/2026\/SK0003129-CZ20260425-091908-0-1777079948-4czech-zastrcny-klic-sestihranny-s-kulickou-prodlouzeny-2-5.webp\",\"contentUrl\":\"https:\/\/www.domtechnikpro.com\/wp-content\/uploads\/2026\/SK0003129-CZ20260425-091908-0-1777079948-4czech-zastrcny-klic-sestihranny-s-kulickou-prodlouzeny-2-5.webp\",\"width\":1000,\"height\":525},{\"@type\":\"BreadcrumbList\",\"@id\":\"https:\/\/www.domtechnikpro.com\/index.php\/produkt\/4czech-zastrcny-klic-sestihranny-s-kulickou-prodlouzeny-2-5mm-88x21mm-ihned-k-objednani-18113\/#breadcrumb\",\"itemListElement\":[{\"@type\":\"ListItem\",\"position\":1,\"name\":\"Home\",\"item\":\"https:\/\/www.domtechnikpro.com\/\"},{\"@type\":\"ListItem\",\"position\":2,\"name\":\"Products\",\"item\":\"https:\/\/www.domtechnikpro.com\/index.php\/products\/\"},{\"@type\":\"ListItem\",\"position\":3,\"name\":\"4CZECH Z\u00e1str\u010dn\u00fd kl\u00ed\u010d \u0161estihrann\u00fd s kuli\u010dkou prodlou\u017een\u00fd 2.5mm 88x21mm Ihned K Objedn\u00e1n\u00ed\"}]},{\"@type\":\"WebSite\",\"@id\":\"https:\/\/www.domtechnikpro.com\/#website\",\"url\":\"https:\/\/www.domtechnikpro.com\/\",\"name\":\"\",\"description\":\"\",\"potentialAction\":[{\"@type\":\"SearchAction\",\"target\":{\"@type\":\"EntryPoint\",\"urlTemplate\":\"https:\/\/www.domtechnikpro.com\/?s={search_term_string}\"},\"query-input\":{\"@type\":\"PropertyValueSpecification\",\"valueRequired\":true,\"valueName\":\"search_term_string\"}}],\"inLanguage\":\"cs\"}]}<\/script>\n<!-- \/ Yoast SEO plugin. -->","yoast_head_json":{"title":"4CZECH Z\u00e1str\u010dn\u00fd kl\u00ed\u010d \u0161estihrann\u00fd s kuli\u010dkou prodlou\u017een\u00fd 2.5mm 88x21mm Ihned K Objedn\u00e1n\u00ed -","robots":{"index":"index","follow":"follow","max-snippet":"max-snippet:-1","max-image-preview":"max-image-preview:large","max-video-preview":"max-video-preview:-1"},"canonical":"https:\/\/www.domtechnikpro.com\/index.php\/produkt\/4czech-zastrcny-klic-sestihranny-s-kulickou-prodlouzeny-2-5mm-88x21mm-ihned-k-objednani-18113\/","og_locale":"cs_CZ","og_type":"article","og_title":"4CZECH Z\u00e1str\u010dn\u00fd kl\u00ed\u010d \u0161estihrann\u00fd s kuli\u010dkou prodlou\u017een\u00fd 2.5mm 88x21mm Ihned K Objedn\u00e1n\u00ed -","og_description":"Z\u00e1str\u010dn\u00fd kl\u00ed\u010d \u0161estihrann\u00fd s kulovou hlavou, 2,5 mm, 88x21mm Z\u00e1str\u010dn\u00fd kl\u00ed\u010d s kulovou hlavou umo\u017e\u0148uje rychlou a snadnou pr\u00e1ci i v m\u00edstech s omezen\u00fdm p\u0159\u00edstupem d\u00edky mo\u017enosti naklonit kl\u00ed\u010d a\u017e o 15\u00b0. Vyrobeno z kvalitn\u00ed chrom-vanadov\u00e9 oceli podle norem NF-E 74 331, ISO 2936 a DIN 911, pro maxim\u00e1ln\u00ed spolehlivost a odolnost. \u00a0 V\u00fdhody inbusov\u00e9ho [&hellip;]","og_url":"https:\/\/www.domtechnikpro.com\/index.php\/produkt\/4czech-zastrcny-klic-sestihranny-s-kulickou-prodlouzeny-2-5mm-88x21mm-ihned-k-objednani-18113\/","og_image":[{"width":1000,"height":525,"url":"https:\/\/www.domtechnikpro.com\/wp-content\/uploads\/2026\/SK0003129-CZ20260425-091908-0-1777079948-4czech-zastrcny-klic-sestihranny-s-kulickou-prodlouzeny-2-5.webp","type":"image\/webp"}],"twitter_card":"summary_large_image","twitter_misc":{"Odhadovan\u00e1 doba \u010dten\u00ed":"1 minuta"},"schema":{"@context":"https:\/\/schema.org","@graph":[{"@type":"WebPage","@id":"https:\/\/www.domtechnikpro.com\/index.php\/produkt\/4czech-zastrcny-klic-sestihranny-s-kulickou-prodlouzeny-2-5mm-88x21mm-ihned-k-objednani-18113\/","url":"https:\/\/www.domtechnikpro.com\/index.php\/produkt\/4czech-zastrcny-klic-sestihranny-s-kulickou-prodlouzeny-2-5mm-88x21mm-ihned-k-objednani-18113\/","name":"4CZECH Z\u00e1str\u010dn\u00fd kl\u00ed\u010d \u0161estihrann\u00fd s kuli\u010dkou prodlou\u017een\u00fd 2.5mm 88x21mm Ihned K Objedn\u00e1n\u00ed -","isPartOf":{"@id":"https:\/\/www.domtechnikpro.com\/#website"},"primaryImageOfPage":{"@id":"https:\/\/www.domtechnikpro.com\/index.php\/produkt\/4czech-zastrcny-klic-sestihranny-s-kulickou-prodlouzeny-2-5mm-88x21mm-ihned-k-objednani-18113\/#primaryimage"},"image":{"@id":"https:\/\/www.domtechnikpro.com\/index.php\/produkt\/4czech-zastrcny-klic-sestihranny-s-kulickou-prodlouzeny-2-5mm-88x21mm-ihned-k-objednani-18113\/#primaryimage"},"thumbnailUrl":"https:\/\/www.domtechnikpro.com\/wp-content\/uploads\/2026\/SK0003129-CZ20260425-091908-0-1777079948-4czech-zastrcny-klic-sestihranny-s-kulickou-prodlouzeny-2-5.webp","datePublished":"2026-04-26T08:54:26+00:00","breadcrumb":{"@id":"https:\/\/www.domtechnikpro.com\/index.php\/produkt\/4czech-zastrcny-klic-sestihranny-s-kulickou-prodlouzeny-2-5mm-88x21mm-ihned-k-objednani-18113\/#breadcrumb"},"inLanguage":"cs","potentialAction":[{"@type":"ReadAction","target":["https:\/\/www.domtechnikpro.com\/index.php\/produkt\/4czech-zastrcny-klic-sestihranny-s-kulickou-prodlouzeny-2-5mm-88x21mm-ihned-k-objednani-18113\/"]}]},{"@type":"ImageObject","inLanguage":"cs","@id":"https:\/\/www.domtechnikpro.com\/index.php\/produkt\/4czech-zastrcny-klic-sestihranny-s-kulickou-prodlouzeny-2-5mm-88x21mm-ihned-k-objednani-18113\/#primaryimage","url":"https:\/\/www.domtechnikpro.com\/wp-content\/uploads\/2026\/SK0003129-CZ20260425-091908-0-1777079948-4czech-zastrcny-klic-sestihranny-s-kulickou-prodlouzeny-2-5.webp","contentUrl":"https:\/\/www.domtechnikpro.com\/wp-content\/uploads\/2026\/SK0003129-CZ20260425-091908-0-1777079948-4czech-zastrcny-klic-sestihranny-s-kulickou-prodlouzeny-2-5.webp","width":1000,"height":525},{"@type":"BreadcrumbList","@id":"https:\/\/www.domtechnikpro.com\/index.php\/produkt\/4czech-zastrcny-klic-sestihranny-s-kulickou-prodlouzeny-2-5mm-88x21mm-ihned-k-objednani-18113\/#breadcrumb","itemListElement":[{"@type":"ListItem","position":1,"name":"Home","item":"https:\/\/www.domtechnikpro.com\/"},{"@type":"ListItem","position":2,"name":"Products","item":"https:\/\/www.domtechnikpro.com\/index.php\/products\/"},{"@type":"ListItem","position":3,"name":"4CZECH Z\u00e1str\u010dn\u00fd kl\u00ed\u010d \u0161estihrann\u00fd s kuli\u010dkou prodlou\u017een\u00fd 2.5mm 88x21mm Ihned K Objedn\u00e1n\u00ed"}]},{"@type":"WebSite","@id":"https:\/\/www.domtechnikpro.com\/#website","url":"https:\/\/www.domtechnikpro.com\/","name":"","description":"","potentialAction":[{"@type":"SearchAction","target":{"@type":"EntryPoint","urlTemplate":"https:\/\/www.domtechnikpro.com\/?s={search_term_string}"},"query-input":{"@type":"PropertyValueSpecification","valueRequired":true,"valueName":"search_term_string"}}],"inLanguage":"cs"}]}},"_links":{"self":[{"href":"https:\/\/www.domtechnikpro.com\/index.php\/wp-json\/wp\/v2\/product\/18113","targetHints":{"allow":["GET"]}}],"collection":[{"href":"https:\/\/www.domtechnikpro.com\/index.php\/wp-json\/wp\/v2\/product"}],"about":[{"href":"https:\/\/www.domtechnikpro.com\/index.php\/wp-json\/wp\/v2\/types\/product"}],"replies":[{"embeddable":true,"href":"https:\/\/www.domtechnikpro.com\/index.php\/wp-json\/wp\/v2\/comments?post=18113"}],"wp:featuredmedia":[{"embeddable":true,"href":"https:\/\/www.domtechnikpro.com\/index.php\/wp-json\/wp\/v2\/media\/18213"}],"wp:attachment":[{"href":"https:\/\/www.domtechnikpro.com\/index.php\/wp-json\/wp\/v2\/media?parent=18113"}],"wp:term":[{"taxonomy":"product_brand","embeddable":true,"href":"https:\/\/www.domtechnikpro.com\/index.php\/wp-json\/wp\/v2\/product_brand?post=18113"},{"taxonomy":"product_cat","embeddable":true,"href":"https:\/\/www.domtechnikpro.com\/index.php\/wp-json\/wp\/v2\/product_cat?post=18113"},{"taxonomy":"product_tag","embeddable":true,"href":"https:\/\/www.domtechnikpro.com\/index.php\/wp-json\/wp\/v2\/product_tag?post=18113"}],"curies":[{"name":"wp","href":"https:\/\/api.w.org\/{rel}","templated":true}]}}