{"id":17367,"date":"2026-04-26T08:54:18","date_gmt":"2026-04-26T08:54:18","guid":{"rendered":""},"modified":"2026-04-26T08:54:18","modified_gmt":"2026-04-26T08:54:18","slug":"znackovy-stanley-tesarske-kladivo-st-1-51-937-17367","status":"publish","type":"product","link":"https:\/\/www.domtechnikpro.com\/index.php\/produkt\/znackovy-stanley-tesarske-kladivo-st-1-51-937-17367\/","title":{"rendered":"Zna\u010dkov\u00fd Stanley tesa\u0159sk\u00e9 kladivo ST-1-51-937"},"content":{"rendered":"<h2>Stanley tesa\u0159sk\u00e9 kladivo<\/h2>\n<p><strong>Stanley tesa\u0159sk\u00e9 kladivo FatMax Antivibe (ST-1-51-937)<\/strong> je kovan\u00e9 z jednoho kusu oceli, co\u017e zaji\u0161\u0165uje perfektn\u00ed vyv\u00e1\u017eenost a vysokou pevnost. <strong>Magnetick\u00e1 hlava<\/strong> usnad\u0148uje pr\u00e1ci s h\u0159eb\u00edky a <strong>ergonomicky tvarovan\u00e1 rukoje\u0165<\/strong> minimalizuje n\u00e1mahu a vibrace p\u0159i pou\u017e\u00edv\u00e1n\u00ed.<\/p>\n<p>\u00a0<\/p>\n<h2>V\u00fdhody tesa\u0159sk\u00e9ho kladiva Stanley<\/h2>\n<ul>\n<li>Kovan\u00e9 z jednoho kusu oceli<\/li>\n<li>Magnetick\u00e1 hlava pro snadn\u00e9 zatlouk\u00e1n\u00ed h\u0159eb\u00edk\u016f<\/li>\n<li>Antivibe rukoje\u0165 sni\u017euje vibrace<\/li>\n<li>Ergonomick\u00e1 rukoje\u0165 pro pohodln\u00e9 dr\u017een\u00ed<\/li>\n<\/ul>\n<h2>K \u010demu se pou\u017e\u00edv\u00e1 tesa\u0159sk\u00e9 kladivo Stanley<\/h2>\n<p>Tesa\u0159sk\u00e9 kladivo je ide\u00e1ln\u00ed pro n\u00e1ro\u010dn\u00e9 stavebn\u00ed pr\u00e1ce s minim\u00e1ln\u00edm p\u0159enosem vibrac\u00ed do z\u00e1p\u011bst\u00ed.<\/p>\n<p>\u00a0<\/p>\n<h3>Kl\u00ed\u010dov\u00e9 vlastnosti a parametry produktu Tesa\u0159sk\u00e9 kladivo Stanley<\/h3>\n<p><span style=\"text-decoration: none; font-weight: bold; color: #ff0000;\">Dopravu nacen\u00edme dle V\u00e1mi po\u017eadovan\u00e9ho mno\u017estv\u00ed a m\u00edsta ur\u010den\u00ed.<br \/><\/span><\/p>\n<p><span style=\"text-decoration: none; font-weight: bold; color: #ff0000;\">Pro osobn\u00ed odb\u011br vy\u017eadujeme objedn\u00e1vku potvrzenou prodejcem.<\/span><\/p>\n<div id=\"PDTable3\" class=\"ProductDetailTableView v3a v3 bs-view dcon dc177 PDTable3\" >\n<table>\n<thead><\/thead>\n<tbody>\n<tr class=\"attribute attr_A0022\">\n<td class=\"caption\">hmotnost<\/td>\n<td class=\"value\">600 g<\/td>\n<\/tr>\n<\/tbody>\n<\/table>\n<\/div>\n<\/div><\/div>\n<\/div>\n<div id=\"e3235019\" class=\"tabs\">\n","protected":false},"excerpt":{"rendered":"<p>Stanley tesa\u0159sk\u00e9 kladivo Stanley tesa\u0159sk\u00e9 kladivo FatMax Antivibe (ST-1-51-937) je kovan\u00e9 z jednoho kusu oceli, co\u017e zaji\u0161\u0165uje perfektn\u00ed vyv\u00e1\u017eenost a vysokou pevnost. Magnetick\u00e1 hlava usnad\u0148uje pr\u00e1ci s h\u0159eb\u00edky a ergonomicky tvarovan\u00e1 rukoje\u0165 minimalizuje n\u00e1mahu a vibrace p\u0159i pou\u017e\u00edv\u00e1n\u00ed. \u00a0 V\u00fdhody tesa\u0159sk\u00e9ho kladiva Stanley Kovan\u00e9 z jednoho kusu oceli Magnetick\u00e1 hlava pro snadn\u00e9 zatlouk\u00e1n\u00ed h\u0159eb\u00edk\u016f Antivibe [&hellip;]<\/p>\n","protected":false},"featured_media":17467,"comment_status":"open","ping_status":"open","template":"","meta":[],"product_brand":[],"product_cat":[86],"product_tag":[],"class_list":{"0":"post-17367","1":"product","2":"type-product","3":"status-publish","4":"has-post-thumbnail","6":"product_cat-n-193-rad-205","8":"first","9":"instock","10":"sale","11":"shipping-taxable","12":"purchasable","13":"product-type-simple"},"yoast_head":"<!-- This site is optimized with the Yoast SEO plugin v26.8 - https:\/\/yoast.com\/product\/yoast-seo-wordpress\/ -->\n<title>Zna\u010dkov\u00fd Stanley tesa\u0159sk\u00e9 kladivo ST-1-51-937 -<\/title>\n<meta name=\"robots\" content=\"index, follow, max-snippet:-1, max-image-preview:large, max-video-preview:-1\" \/>\n<link rel=\"canonical\" href=\"https:\/\/www.domtechnikpro.com\/index.php\/produkt\/znackovy-stanley-tesarske-kladivo-st-1-51-937-17367\/\" \/>\n<meta property=\"og:locale\" content=\"cs_CZ\" \/>\n<meta property=\"og:type\" content=\"article\" \/>\n<meta property=\"og:title\" content=\"Zna\u010dkov\u00fd Stanley tesa\u0159sk\u00e9 kladivo ST-1-51-937 -\" \/>\n<meta property=\"og:description\" content=\"Stanley tesa\u0159sk\u00e9 kladivo Stanley tesa\u0159sk\u00e9 kladivo FatMax Antivibe (ST-1-51-937) je kovan\u00e9 z jednoho kusu oceli, co\u017e zaji\u0161\u0165uje perfektn\u00ed vyv\u00e1\u017eenost a vysokou pevnost. Magnetick\u00e1 hlava usnad\u0148uje pr\u00e1ci s h\u0159eb\u00edky a ergonomicky tvarovan\u00e1 rukoje\u0165 minimalizuje n\u00e1mahu a vibrace p\u0159i pou\u017e\u00edv\u00e1n\u00ed. \u00a0 V\u00fdhody tesa\u0159sk\u00e9ho kladiva Stanley Kovan\u00e9 z jednoho kusu oceli Magnetick\u00e1 hlava pro snadn\u00e9 zatlouk\u00e1n\u00ed h\u0159eb\u00edk\u016f Antivibe [&hellip;]\" \/>\n<meta property=\"og:url\" content=\"https:\/\/www.domtechnikpro.com\/index.php\/produkt\/znackovy-stanley-tesarske-kladivo-st-1-51-937-17367\/\" \/>\n<meta property=\"og:image\" content=\"https:\/\/www.domtechnikpro.com\/wp-content\/uploads\/2026\/SK0002782-CZ20260425-091908-0-1777079948-stanley-tesarske-kladivo-st-1-51-937.webp\" \/>\n\t<meta property=\"og:image:width\" content=\"1000\" \/>\n\t<meta property=\"og:image:height\" content=\"525\" \/>\n\t<meta property=\"og:image:type\" content=\"image\/webp\" \/>\n<meta name=\"twitter:card\" content=\"summary_large_image\" \/>\n<meta name=\"twitter:label1\" content=\"Odhadovan\u00e1 doba \u010dten\u00ed\" \/>\n\t<meta name=\"twitter:data1\" content=\"1 minuta\" \/>\n<script type=\"application\/ld+json\" class=\"yoast-schema-graph\">{\"@context\":\"https:\/\/schema.org\",\"@graph\":[{\"@type\":\"WebPage\",\"@id\":\"https:\/\/www.domtechnikpro.com\/index.php\/produkt\/znackovy-stanley-tesarske-kladivo-st-1-51-937-17367\/\",\"url\":\"https:\/\/www.domtechnikpro.com\/index.php\/produkt\/znackovy-stanley-tesarske-kladivo-st-1-51-937-17367\/\",\"name\":\"Zna\u010dkov\u00fd Stanley tesa\u0159sk\u00e9 kladivo ST-1-51-937 -\",\"isPartOf\":{\"@id\":\"https:\/\/www.domtechnikpro.com\/#website\"},\"primaryImageOfPage\":{\"@id\":\"https:\/\/www.domtechnikpro.com\/index.php\/produkt\/znackovy-stanley-tesarske-kladivo-st-1-51-937-17367\/#primaryimage\"},\"image\":{\"@id\":\"https:\/\/www.domtechnikpro.com\/index.php\/produkt\/znackovy-stanley-tesarske-kladivo-st-1-51-937-17367\/#primaryimage\"},\"thumbnailUrl\":\"https:\/\/www.domtechnikpro.com\/wp-content\/uploads\/2026\/SK0002782-CZ20260425-091908-0-1777079948-stanley-tesarske-kladivo-st-1-51-937.webp\",\"datePublished\":\"2026-04-26T08:54:18+00:00\",\"breadcrumb\":{\"@id\":\"https:\/\/www.domtechnikpro.com\/index.php\/produkt\/znackovy-stanley-tesarske-kladivo-st-1-51-937-17367\/#breadcrumb\"},\"inLanguage\":\"cs\",\"potentialAction\":[{\"@type\":\"ReadAction\",\"target\":[\"https:\/\/www.domtechnikpro.com\/index.php\/produkt\/znackovy-stanley-tesarske-kladivo-st-1-51-937-17367\/\"]}]},{\"@type\":\"ImageObject\",\"inLanguage\":\"cs\",\"@id\":\"https:\/\/www.domtechnikpro.com\/index.php\/produkt\/znackovy-stanley-tesarske-kladivo-st-1-51-937-17367\/#primaryimage\",\"url\":\"https:\/\/www.domtechnikpro.com\/wp-content\/uploads\/2026\/SK0002782-CZ20260425-091908-0-1777079948-stanley-tesarske-kladivo-st-1-51-937.webp\",\"contentUrl\":\"https:\/\/www.domtechnikpro.com\/wp-content\/uploads\/2026\/SK0002782-CZ20260425-091908-0-1777079948-stanley-tesarske-kladivo-st-1-51-937.webp\",\"width\":1000,\"height\":525},{\"@type\":\"BreadcrumbList\",\"@id\":\"https:\/\/www.domtechnikpro.com\/index.php\/produkt\/znackovy-stanley-tesarske-kladivo-st-1-51-937-17367\/#breadcrumb\",\"itemListElement\":[{\"@type\":\"ListItem\",\"position\":1,\"name\":\"Home\",\"item\":\"https:\/\/www.domtechnikpro.com\/\"},{\"@type\":\"ListItem\",\"position\":2,\"name\":\"Products\",\"item\":\"https:\/\/www.domtechnikpro.com\/index.php\/products\/\"},{\"@type\":\"ListItem\",\"position\":3,\"name\":\"Zna\u010dkov\u00fd Stanley tesa\u0159sk\u00e9 kladivo ST-1-51-937\"}]},{\"@type\":\"WebSite\",\"@id\":\"https:\/\/www.domtechnikpro.com\/#website\",\"url\":\"https:\/\/www.domtechnikpro.com\/\",\"name\":\"\",\"description\":\"\",\"potentialAction\":[{\"@type\":\"SearchAction\",\"target\":{\"@type\":\"EntryPoint\",\"urlTemplate\":\"https:\/\/www.domtechnikpro.com\/?s={search_term_string}\"},\"query-input\":{\"@type\":\"PropertyValueSpecification\",\"valueRequired\":true,\"valueName\":\"search_term_string\"}}],\"inLanguage\":\"cs\"}]}<\/script>\n<!-- \/ Yoast SEO plugin. -->","yoast_head_json":{"title":"Zna\u010dkov\u00fd Stanley tesa\u0159sk\u00e9 kladivo ST-1-51-937 -","robots":{"index":"index","follow":"follow","max-snippet":"max-snippet:-1","max-image-preview":"max-image-preview:large","max-video-preview":"max-video-preview:-1"},"canonical":"https:\/\/www.domtechnikpro.com\/index.php\/produkt\/znackovy-stanley-tesarske-kladivo-st-1-51-937-17367\/","og_locale":"cs_CZ","og_type":"article","og_title":"Zna\u010dkov\u00fd Stanley tesa\u0159sk\u00e9 kladivo ST-1-51-937 -","og_description":"Stanley tesa\u0159sk\u00e9 kladivo Stanley tesa\u0159sk\u00e9 kladivo FatMax Antivibe (ST-1-51-937) je kovan\u00e9 z jednoho kusu oceli, co\u017e zaji\u0161\u0165uje perfektn\u00ed vyv\u00e1\u017eenost a vysokou pevnost. Magnetick\u00e1 hlava usnad\u0148uje pr\u00e1ci s h\u0159eb\u00edky a ergonomicky tvarovan\u00e1 rukoje\u0165 minimalizuje n\u00e1mahu a vibrace p\u0159i pou\u017e\u00edv\u00e1n\u00ed. \u00a0 V\u00fdhody tesa\u0159sk\u00e9ho kladiva Stanley Kovan\u00e9 z jednoho kusu oceli Magnetick\u00e1 hlava pro snadn\u00e9 zatlouk\u00e1n\u00ed h\u0159eb\u00edk\u016f Antivibe [&hellip;]","og_url":"https:\/\/www.domtechnikpro.com\/index.php\/produkt\/znackovy-stanley-tesarske-kladivo-st-1-51-937-17367\/","og_image":[{"width":1000,"height":525,"url":"https:\/\/www.domtechnikpro.com\/wp-content\/uploads\/2026\/SK0002782-CZ20260425-091908-0-1777079948-stanley-tesarske-kladivo-st-1-51-937.webp","type":"image\/webp"}],"twitter_card":"summary_large_image","twitter_misc":{"Odhadovan\u00e1 doba \u010dten\u00ed":"1 minuta"},"schema":{"@context":"https:\/\/schema.org","@graph":[{"@type":"WebPage","@id":"https:\/\/www.domtechnikpro.com\/index.php\/produkt\/znackovy-stanley-tesarske-kladivo-st-1-51-937-17367\/","url":"https:\/\/www.domtechnikpro.com\/index.php\/produkt\/znackovy-stanley-tesarske-kladivo-st-1-51-937-17367\/","name":"Zna\u010dkov\u00fd Stanley tesa\u0159sk\u00e9 kladivo ST-1-51-937 -","isPartOf":{"@id":"https:\/\/www.domtechnikpro.com\/#website"},"primaryImageOfPage":{"@id":"https:\/\/www.domtechnikpro.com\/index.php\/produkt\/znackovy-stanley-tesarske-kladivo-st-1-51-937-17367\/#primaryimage"},"image":{"@id":"https:\/\/www.domtechnikpro.com\/index.php\/produkt\/znackovy-stanley-tesarske-kladivo-st-1-51-937-17367\/#primaryimage"},"thumbnailUrl":"https:\/\/www.domtechnikpro.com\/wp-content\/uploads\/2026\/SK0002782-CZ20260425-091908-0-1777079948-stanley-tesarske-kladivo-st-1-51-937.webp","datePublished":"2026-04-26T08:54:18+00:00","breadcrumb":{"@id":"https:\/\/www.domtechnikpro.com\/index.php\/produkt\/znackovy-stanley-tesarske-kladivo-st-1-51-937-17367\/#breadcrumb"},"inLanguage":"cs","potentialAction":[{"@type":"ReadAction","target":["https:\/\/www.domtechnikpro.com\/index.php\/produkt\/znackovy-stanley-tesarske-kladivo-st-1-51-937-17367\/"]}]},{"@type":"ImageObject","inLanguage":"cs","@id":"https:\/\/www.domtechnikpro.com\/index.php\/produkt\/znackovy-stanley-tesarske-kladivo-st-1-51-937-17367\/#primaryimage","url":"https:\/\/www.domtechnikpro.com\/wp-content\/uploads\/2026\/SK0002782-CZ20260425-091908-0-1777079948-stanley-tesarske-kladivo-st-1-51-937.webp","contentUrl":"https:\/\/www.domtechnikpro.com\/wp-content\/uploads\/2026\/SK0002782-CZ20260425-091908-0-1777079948-stanley-tesarske-kladivo-st-1-51-937.webp","width":1000,"height":525},{"@type":"BreadcrumbList","@id":"https:\/\/www.domtechnikpro.com\/index.php\/produkt\/znackovy-stanley-tesarske-kladivo-st-1-51-937-17367\/#breadcrumb","itemListElement":[{"@type":"ListItem","position":1,"name":"Home","item":"https:\/\/www.domtechnikpro.com\/"},{"@type":"ListItem","position":2,"name":"Products","item":"https:\/\/www.domtechnikpro.com\/index.php\/products\/"},{"@type":"ListItem","position":3,"name":"Zna\u010dkov\u00fd Stanley tesa\u0159sk\u00e9 kladivo ST-1-51-937"}]},{"@type":"WebSite","@id":"https:\/\/www.domtechnikpro.com\/#website","url":"https:\/\/www.domtechnikpro.com\/","name":"","description":"","potentialAction":[{"@type":"SearchAction","target":{"@type":"EntryPoint","urlTemplate":"https:\/\/www.domtechnikpro.com\/?s={search_term_string}"},"query-input":{"@type":"PropertyValueSpecification","valueRequired":true,"valueName":"search_term_string"}}],"inLanguage":"cs"}]}},"_links":{"self":[{"href":"https:\/\/www.domtechnikpro.com\/index.php\/wp-json\/wp\/v2\/product\/17367","targetHints":{"allow":["GET"]}}],"collection":[{"href":"https:\/\/www.domtechnikpro.com\/index.php\/wp-json\/wp\/v2\/product"}],"about":[{"href":"https:\/\/www.domtechnikpro.com\/index.php\/wp-json\/wp\/v2\/types\/product"}],"replies":[{"embeddable":true,"href":"https:\/\/www.domtechnikpro.com\/index.php\/wp-json\/wp\/v2\/comments?post=17367"}],"wp:featuredmedia":[{"embeddable":true,"href":"https:\/\/www.domtechnikpro.com\/index.php\/wp-json\/wp\/v2\/media\/17467"}],"wp:attachment":[{"href":"https:\/\/www.domtechnikpro.com\/index.php\/wp-json\/wp\/v2\/media?parent=17367"}],"wp:term":[{"taxonomy":"product_brand","embeddable":true,"href":"https:\/\/www.domtechnikpro.com\/index.php\/wp-json\/wp\/v2\/product_brand?post=17367"},{"taxonomy":"product_cat","embeddable":true,"href":"https:\/\/www.domtechnikpro.com\/index.php\/wp-json\/wp\/v2\/product_cat?post=17367"},{"taxonomy":"product_tag","embeddable":true,"href":"https:\/\/www.domtechnikpro.com\/index.php\/wp-json\/wp\/v2\/product_tag?post=17367"}],"curies":[{"name":"wp","href":"https:\/\/api.w.org\/{rel}","templated":true}]}}