{"id":17354,"date":"2026-04-26T08:54:18","date_gmt":"2026-04-26T08:54:18","guid":{"rendered":""},"modified":"2026-04-26T08:54:18","modified_gmt":"2026-04-26T08:54:18","slug":"znackovy-stanley-znackovace-s-dlatovym-hrotem-3ks-17354","status":"publish","type":"product","link":"https:\/\/www.domtechnikpro.com\/index.php\/produkt\/znackovy-stanley-znackovace-s-dlatovym-hrotem-3ks-17354\/","title":{"rendered":"Zna\u010dkov\u00fd Stanley Zna\u010dkova\u010de s dl\u00e1tov\u00fdm hrotem 3ks"},"content":{"rendered":"<h2>Zna\u010dkova\u010de s dl\u00e1tov\u00fdm hrotem<\/h2>\n<p><strong>Stanley zna\u010dkova\u010de<\/strong> s dl\u00e1tov\u00fdm hrotem, <strong>sada 3 ks <\/strong>v<strong> \u010dern\u00e9, \u010derven\u00e9 a modr\u00e9 barv\u011b,<\/strong> jsou ide\u00e1ln\u00ed pro popisov\u00e1n\u00ed za jak\u00fdchkoliv pov\u011btrnostn\u00edch podm\u00ednek. Pevn\u00fd hrot odoln\u00fd v\u016f\u010di opot\u0159eben\u00ed a rychleschnouc\u00ed barva zaru\u010duj\u00ed dlouhou \u017eivotnost i na hrub\u00fdch povr\u0161\u00edch.<\/p>\n<p>\u00a0<\/p>\n<h2>V\u00fdhody zna\u010dkova\u010d\u016f s dl\u00e1tov\u00fdm hrotem<\/h2>\n<ul>\n<li>Odoln\u00e9 v\u016f\u010di vod\u011b a oleji<\/li>\n<li>Rychleschnouc\u00ed barvy<\/li>\n<li>Dl\u00e1tov\u00fd hrot pro \u0161irok\u00e9 i tenk\u00e9 linky<\/li>\n<li>Pohodln\u00e9 dr\u017een\u00ed d\u00edky bimateri\u00e1ln\u00ed rukojeti<\/li>\n<\/ul>\n<h2>K \u010demu se pou\u017e\u00edvaj\u00ed zna\u010dkova\u010de s dl\u00e1tov\u00fdm hrotem<\/h2>\n<p>Zna\u010dkova\u010de Stanley jsou vhodn\u00e9 pro psan\u00ed na r\u016fzn\u00e9 povrchy i za n\u00e1ro\u010dn\u00fdch pov\u011btrnostn\u00edch podm\u00ednek.<\/p>\n<p>\u00a0<\/p>\n<h3>Kl\u00ed\u010dov\u00e9 vlastnosti a parametry produktu Zna\u010dkova\u010de s dl\u00e1tov\u00fdm hrotem<\/h3>\n<p><span style=\"text-decoration: none; font-weight: bold; color: #ff0000;\">Dopravu nacen\u00edme dle V\u00e1mi po\u017eadovan\u00e9ho mno\u017estv\u00ed a m\u00edsta ur\u010den\u00ed.<br \/><\/span><\/p>\n<p><span style=\"text-decoration: none; font-weight: bold; color: #ff0000;\">Pro osobn\u00ed odb\u011br vy\u017eadujeme objedn\u00e1vku potvrzenou prodejcem.<\/span><\/p>\n<div id=\"PDTable3\" class=\"ProductDetailTableView v3a v3 bs-view dcon dc177 PDTable3\" >\n<table>\n<thead><\/thead>\n<tbody>\n<tr class=\"attribute attr_bsshop_maker\">\n<td class=\"caption\">V\u00fdrobce<\/td>\n<td class=\"value\">N\u00e1stroje CZ s.r.o.<\/td>\n<\/tr>\n<tr class=\"attribute attr_A0017\">\n<td class=\"caption\">balen\u00ed obsahuje<\/td>\n<td class=\"value\">3 ks<\/td>\n<\/tr>\n<\/tbody>\n<\/table>\n<\/div>\n<\/div><\/div>\n<\/div>\n<div id=\"e3234037\" class=\"tabs\">\n","protected":false},"excerpt":{"rendered":"<p>Zna\u010dkova\u010de s dl\u00e1tov\u00fdm hrotem Stanley zna\u010dkova\u010de s dl\u00e1tov\u00fdm hrotem, sada 3 ks v \u010dern\u00e9, \u010derven\u00e9 a modr\u00e9 barv\u011b, jsou ide\u00e1ln\u00ed pro popisov\u00e1n\u00ed za jak\u00fdchkoliv pov\u011btrnostn\u00edch podm\u00ednek. Pevn\u00fd hrot odoln\u00fd v\u016f\u010di opot\u0159eben\u00ed a rychleschnouc\u00ed barva zaru\u010duj\u00ed dlouhou \u017eivotnost i na hrub\u00fdch povr\u0161\u00edch. \u00a0 V\u00fdhody zna\u010dkova\u010d\u016f s dl\u00e1tov\u00fdm hrotem Odoln\u00e9 v\u016f\u010di vod\u011b a oleji Rychleschnouc\u00ed barvy Dl\u00e1tov\u00fd [&hellip;]<\/p>\n","protected":false},"featured_media":17454,"comment_status":"open","ping_status":"open","template":"","meta":[],"product_brand":[],"product_cat":[86],"product_tag":[],"class_list":{"0":"post-17354","1":"product","2":"type-product","3":"status-publish","4":"has-post-thumbnail","6":"product_cat-n-193-rad-205","8":"first","9":"instock","10":"sale","11":"shipping-taxable","12":"purchasable","13":"product-type-simple"},"yoast_head":"<!-- This site is optimized with the Yoast SEO plugin v26.8 - https:\/\/yoast.com\/product\/yoast-seo-wordpress\/ -->\n<title>Zna\u010dkov\u00fd Stanley Zna\u010dkova\u010de s dl\u00e1tov\u00fdm hrotem 3ks -<\/title>\n<meta name=\"robots\" content=\"index, follow, max-snippet:-1, max-image-preview:large, max-video-preview:-1\" \/>\n<link rel=\"canonical\" href=\"https:\/\/www.domtechnikpro.com\/index.php\/produkt\/znackovy-stanley-znackovace-s-dlatovym-hrotem-3ks-17354\/\" \/>\n<meta property=\"og:locale\" content=\"cs_CZ\" \/>\n<meta property=\"og:type\" content=\"article\" \/>\n<meta property=\"og:title\" content=\"Zna\u010dkov\u00fd Stanley Zna\u010dkova\u010de s dl\u00e1tov\u00fdm hrotem 3ks -\" \/>\n<meta property=\"og:description\" content=\"Zna\u010dkova\u010de s dl\u00e1tov\u00fdm hrotem Stanley zna\u010dkova\u010de s dl\u00e1tov\u00fdm hrotem, sada 3 ks v \u010dern\u00e9, \u010derven\u00e9 a modr\u00e9 barv\u011b, jsou ide\u00e1ln\u00ed pro popisov\u00e1n\u00ed za jak\u00fdchkoliv pov\u011btrnostn\u00edch podm\u00ednek. Pevn\u00fd hrot odoln\u00fd v\u016f\u010di opot\u0159eben\u00ed a rychleschnouc\u00ed barva zaru\u010duj\u00ed dlouhou \u017eivotnost i na hrub\u00fdch povr\u0161\u00edch. \u00a0 V\u00fdhody zna\u010dkova\u010d\u016f s dl\u00e1tov\u00fdm hrotem Odoln\u00e9 v\u016f\u010di vod\u011b a oleji Rychleschnouc\u00ed barvy Dl\u00e1tov\u00fd [&hellip;]\" \/>\n<meta property=\"og:url\" content=\"https:\/\/www.domtechnikpro.com\/index.php\/produkt\/znackovy-stanley-znackovace-s-dlatovym-hrotem-3ks-17354\/\" \/>\n<meta property=\"og:image\" content=\"https:\/\/www.domtechnikpro.com\/wp-content\/uploads\/2026\/SK0002769-CZ20260425-091908-0-1777079948-stanley-znackovace-s-dlatovym-hrotem-3ks.webp\" \/>\n\t<meta property=\"og:image:width\" content=\"1000\" \/>\n\t<meta property=\"og:image:height\" content=\"525\" \/>\n\t<meta property=\"og:image:type\" content=\"image\/webp\" \/>\n<meta name=\"twitter:card\" content=\"summary_large_image\" \/>\n<meta name=\"twitter:label1\" content=\"Odhadovan\u00e1 doba \u010dten\u00ed\" \/>\n\t<meta name=\"twitter:data1\" content=\"1 minuta\" \/>\n<script type=\"application\/ld+json\" class=\"yoast-schema-graph\">{\"@context\":\"https:\/\/schema.org\",\"@graph\":[{\"@type\":\"WebPage\",\"@id\":\"https:\/\/www.domtechnikpro.com\/index.php\/produkt\/znackovy-stanley-znackovace-s-dlatovym-hrotem-3ks-17354\/\",\"url\":\"https:\/\/www.domtechnikpro.com\/index.php\/produkt\/znackovy-stanley-znackovace-s-dlatovym-hrotem-3ks-17354\/\",\"name\":\"Zna\u010dkov\u00fd Stanley Zna\u010dkova\u010de s dl\u00e1tov\u00fdm hrotem 3ks -\",\"isPartOf\":{\"@id\":\"https:\/\/www.domtechnikpro.com\/#website\"},\"primaryImageOfPage\":{\"@id\":\"https:\/\/www.domtechnikpro.com\/index.php\/produkt\/znackovy-stanley-znackovace-s-dlatovym-hrotem-3ks-17354\/#primaryimage\"},\"image\":{\"@id\":\"https:\/\/www.domtechnikpro.com\/index.php\/produkt\/znackovy-stanley-znackovace-s-dlatovym-hrotem-3ks-17354\/#primaryimage\"},\"thumbnailUrl\":\"https:\/\/www.domtechnikpro.com\/wp-content\/uploads\/2026\/SK0002769-CZ20260425-091908-0-1777079948-stanley-znackovace-s-dlatovym-hrotem-3ks.webp\",\"datePublished\":\"2026-04-26T08:54:18+00:00\",\"breadcrumb\":{\"@id\":\"https:\/\/www.domtechnikpro.com\/index.php\/produkt\/znackovy-stanley-znackovace-s-dlatovym-hrotem-3ks-17354\/#breadcrumb\"},\"inLanguage\":\"cs\",\"potentialAction\":[{\"@type\":\"ReadAction\",\"target\":[\"https:\/\/www.domtechnikpro.com\/index.php\/produkt\/znackovy-stanley-znackovace-s-dlatovym-hrotem-3ks-17354\/\"]}]},{\"@type\":\"ImageObject\",\"inLanguage\":\"cs\",\"@id\":\"https:\/\/www.domtechnikpro.com\/index.php\/produkt\/znackovy-stanley-znackovace-s-dlatovym-hrotem-3ks-17354\/#primaryimage\",\"url\":\"https:\/\/www.domtechnikpro.com\/wp-content\/uploads\/2026\/SK0002769-CZ20260425-091908-0-1777079948-stanley-znackovace-s-dlatovym-hrotem-3ks.webp\",\"contentUrl\":\"https:\/\/www.domtechnikpro.com\/wp-content\/uploads\/2026\/SK0002769-CZ20260425-091908-0-1777079948-stanley-znackovace-s-dlatovym-hrotem-3ks.webp\",\"width\":1000,\"height\":525},{\"@type\":\"BreadcrumbList\",\"@id\":\"https:\/\/www.domtechnikpro.com\/index.php\/produkt\/znackovy-stanley-znackovace-s-dlatovym-hrotem-3ks-17354\/#breadcrumb\",\"itemListElement\":[{\"@type\":\"ListItem\",\"position\":1,\"name\":\"Home\",\"item\":\"https:\/\/www.domtechnikpro.com\/\"},{\"@type\":\"ListItem\",\"position\":2,\"name\":\"Products\",\"item\":\"https:\/\/www.domtechnikpro.com\/index.php\/products\/\"},{\"@type\":\"ListItem\",\"position\":3,\"name\":\"Zna\u010dkov\u00fd Stanley Zna\u010dkova\u010de s dl\u00e1tov\u00fdm hrotem 3ks\"}]},{\"@type\":\"WebSite\",\"@id\":\"https:\/\/www.domtechnikpro.com\/#website\",\"url\":\"https:\/\/www.domtechnikpro.com\/\",\"name\":\"\",\"description\":\"\",\"potentialAction\":[{\"@type\":\"SearchAction\",\"target\":{\"@type\":\"EntryPoint\",\"urlTemplate\":\"https:\/\/www.domtechnikpro.com\/?s={search_term_string}\"},\"query-input\":{\"@type\":\"PropertyValueSpecification\",\"valueRequired\":true,\"valueName\":\"search_term_string\"}}],\"inLanguage\":\"cs\"}]}<\/script>\n<!-- \/ Yoast SEO plugin. -->","yoast_head_json":{"title":"Zna\u010dkov\u00fd Stanley Zna\u010dkova\u010de s dl\u00e1tov\u00fdm hrotem 3ks -","robots":{"index":"index","follow":"follow","max-snippet":"max-snippet:-1","max-image-preview":"max-image-preview:large","max-video-preview":"max-video-preview:-1"},"canonical":"https:\/\/www.domtechnikpro.com\/index.php\/produkt\/znackovy-stanley-znackovace-s-dlatovym-hrotem-3ks-17354\/","og_locale":"cs_CZ","og_type":"article","og_title":"Zna\u010dkov\u00fd Stanley Zna\u010dkova\u010de s dl\u00e1tov\u00fdm hrotem 3ks -","og_description":"Zna\u010dkova\u010de s dl\u00e1tov\u00fdm hrotem Stanley zna\u010dkova\u010de s dl\u00e1tov\u00fdm hrotem, sada 3 ks v \u010dern\u00e9, \u010derven\u00e9 a modr\u00e9 barv\u011b, jsou ide\u00e1ln\u00ed pro popisov\u00e1n\u00ed za jak\u00fdchkoliv pov\u011btrnostn\u00edch podm\u00ednek. Pevn\u00fd hrot odoln\u00fd v\u016f\u010di opot\u0159eben\u00ed a rychleschnouc\u00ed barva zaru\u010duj\u00ed dlouhou \u017eivotnost i na hrub\u00fdch povr\u0161\u00edch. \u00a0 V\u00fdhody zna\u010dkova\u010d\u016f s dl\u00e1tov\u00fdm hrotem Odoln\u00e9 v\u016f\u010di vod\u011b a oleji Rychleschnouc\u00ed barvy Dl\u00e1tov\u00fd [&hellip;]","og_url":"https:\/\/www.domtechnikpro.com\/index.php\/produkt\/znackovy-stanley-znackovace-s-dlatovym-hrotem-3ks-17354\/","og_image":[{"width":1000,"height":525,"url":"https:\/\/www.domtechnikpro.com\/wp-content\/uploads\/2026\/SK0002769-CZ20260425-091908-0-1777079948-stanley-znackovace-s-dlatovym-hrotem-3ks.webp","type":"image\/webp"}],"twitter_card":"summary_large_image","twitter_misc":{"Odhadovan\u00e1 doba \u010dten\u00ed":"1 minuta"},"schema":{"@context":"https:\/\/schema.org","@graph":[{"@type":"WebPage","@id":"https:\/\/www.domtechnikpro.com\/index.php\/produkt\/znackovy-stanley-znackovace-s-dlatovym-hrotem-3ks-17354\/","url":"https:\/\/www.domtechnikpro.com\/index.php\/produkt\/znackovy-stanley-znackovace-s-dlatovym-hrotem-3ks-17354\/","name":"Zna\u010dkov\u00fd Stanley Zna\u010dkova\u010de s dl\u00e1tov\u00fdm hrotem 3ks -","isPartOf":{"@id":"https:\/\/www.domtechnikpro.com\/#website"},"primaryImageOfPage":{"@id":"https:\/\/www.domtechnikpro.com\/index.php\/produkt\/znackovy-stanley-znackovace-s-dlatovym-hrotem-3ks-17354\/#primaryimage"},"image":{"@id":"https:\/\/www.domtechnikpro.com\/index.php\/produkt\/znackovy-stanley-znackovace-s-dlatovym-hrotem-3ks-17354\/#primaryimage"},"thumbnailUrl":"https:\/\/www.domtechnikpro.com\/wp-content\/uploads\/2026\/SK0002769-CZ20260425-091908-0-1777079948-stanley-znackovace-s-dlatovym-hrotem-3ks.webp","datePublished":"2026-04-26T08:54:18+00:00","breadcrumb":{"@id":"https:\/\/www.domtechnikpro.com\/index.php\/produkt\/znackovy-stanley-znackovace-s-dlatovym-hrotem-3ks-17354\/#breadcrumb"},"inLanguage":"cs","potentialAction":[{"@type":"ReadAction","target":["https:\/\/www.domtechnikpro.com\/index.php\/produkt\/znackovy-stanley-znackovace-s-dlatovym-hrotem-3ks-17354\/"]}]},{"@type":"ImageObject","inLanguage":"cs","@id":"https:\/\/www.domtechnikpro.com\/index.php\/produkt\/znackovy-stanley-znackovace-s-dlatovym-hrotem-3ks-17354\/#primaryimage","url":"https:\/\/www.domtechnikpro.com\/wp-content\/uploads\/2026\/SK0002769-CZ20260425-091908-0-1777079948-stanley-znackovace-s-dlatovym-hrotem-3ks.webp","contentUrl":"https:\/\/www.domtechnikpro.com\/wp-content\/uploads\/2026\/SK0002769-CZ20260425-091908-0-1777079948-stanley-znackovace-s-dlatovym-hrotem-3ks.webp","width":1000,"height":525},{"@type":"BreadcrumbList","@id":"https:\/\/www.domtechnikpro.com\/index.php\/produkt\/znackovy-stanley-znackovace-s-dlatovym-hrotem-3ks-17354\/#breadcrumb","itemListElement":[{"@type":"ListItem","position":1,"name":"Home","item":"https:\/\/www.domtechnikpro.com\/"},{"@type":"ListItem","position":2,"name":"Products","item":"https:\/\/www.domtechnikpro.com\/index.php\/products\/"},{"@type":"ListItem","position":3,"name":"Zna\u010dkov\u00fd Stanley Zna\u010dkova\u010de s dl\u00e1tov\u00fdm hrotem 3ks"}]},{"@type":"WebSite","@id":"https:\/\/www.domtechnikpro.com\/#website","url":"https:\/\/www.domtechnikpro.com\/","name":"","description":"","potentialAction":[{"@type":"SearchAction","target":{"@type":"EntryPoint","urlTemplate":"https:\/\/www.domtechnikpro.com\/?s={search_term_string}"},"query-input":{"@type":"PropertyValueSpecification","valueRequired":true,"valueName":"search_term_string"}}],"inLanguage":"cs"}]}},"_links":{"self":[{"href":"https:\/\/www.domtechnikpro.com\/index.php\/wp-json\/wp\/v2\/product\/17354","targetHints":{"allow":["GET"]}}],"collection":[{"href":"https:\/\/www.domtechnikpro.com\/index.php\/wp-json\/wp\/v2\/product"}],"about":[{"href":"https:\/\/www.domtechnikpro.com\/index.php\/wp-json\/wp\/v2\/types\/product"}],"replies":[{"embeddable":true,"href":"https:\/\/www.domtechnikpro.com\/index.php\/wp-json\/wp\/v2\/comments?post=17354"}],"wp:featuredmedia":[{"embeddable":true,"href":"https:\/\/www.domtechnikpro.com\/index.php\/wp-json\/wp\/v2\/media\/17454"}],"wp:attachment":[{"href":"https:\/\/www.domtechnikpro.com\/index.php\/wp-json\/wp\/v2\/media?parent=17354"}],"wp:term":[{"taxonomy":"product_brand","embeddable":true,"href":"https:\/\/www.domtechnikpro.com\/index.php\/wp-json\/wp\/v2\/product_brand?post=17354"},{"taxonomy":"product_cat","embeddable":true,"href":"https:\/\/www.domtechnikpro.com\/index.php\/wp-json\/wp\/v2\/product_cat?post=17354"},{"taxonomy":"product_tag","embeddable":true,"href":"https:\/\/www.domtechnikpro.com\/index.php\/wp-json\/wp\/v2\/product_tag?post=17354"}],"curies":[{"name":"wp","href":"https:\/\/api.w.org\/{rel}","templated":true}]}}