{"id":1723,"date":"2026-04-26T08:52:00","date_gmt":"2026-04-26T08:52:00","guid":{"rendered":""},"modified":"2026-04-26T08:52:00","modified_gmt":"2026-04-26T08:52:00","slug":"listovy-1f-system-can-75-krouzek-cerna-astro-lighting-pouze-dnes-1723","status":"publish","type":"product","link":"https:\/\/www.domtechnikpro.com\/index.php\/produkt\/listovy-1f-system-can-75-krouzek-cerna-astro-lighting-pouze-dnes-1723\/","title":{"rendered":"Li\u0161tov\u00fd 1F syst\u00e9m Can 75 krou\u017eek \u010dern\u00e1 &#8211; ASTRO Lighting Pouze Dnes"},"content":{"rendered":"<p><\/p>\n<div class=\"top-params\">\n<h3 class=\"product-h3 collapse-header \" data-toggle=\"collapse\" data-target=\"#collapseOne\" aria-expanded=\"true\" aria-controls=\"collapseOne\">Parametry<\/h3>\n<div id=\"collapseOne\" class=\"collapse show\" aria-labelledby=\"headingOne\" data-parent=\"#product-info-accordion1\">\n<table class=\"table-striped\">\n<tr>\n<td>                V\u00fd\u0161ka v mm            <\/td>\n<td>                28.0            <\/td>\n<\/tr>\n<tr>\n<td>                Pr\u016fm\u011br v mm            <\/td>\n<td>                72.0            <\/td>\n<\/tr>\n<tr>\n<td>                V\u010detn\u011b sv\u011bteln\u00e9ho zdroje            <\/td>\n<td>                ne            <\/td>\n<\/tr>\n<tr>\n<td>                Barva            <\/td>\n<td>                \u010dern\u00e1            <\/td>\n<\/tr>\n<tr>\n<td>                Kolekce            <\/td>\n<td>                Can            <\/td>\n<\/tr>\n<tr>\n<td>                V\u00fdrobce            <\/td>\n<td>                ASTRO            <\/td>\n<\/tr>\n<\/table>\n<\/div><\/div>\n<\/div>\n<div class=\"accordion\" id=\"product-info-accordion2\">\n","protected":false},"excerpt":{"rendered":"<p>Parametry V\u00fd\u0161ka v mm 28.0 Pr\u016fm\u011br v mm 72.0 V\u010detn\u011b sv\u011bteln\u00e9ho zdroje ne Barva \u010dern\u00e1 Kolekce Can V\u00fdrobce ASTRO<\/p>\n","protected":false},"featured_media":1823,"comment_status":"open","ping_status":"open","template":"","meta":[],"product_brand":[],"product_cat":[35],"product_tag":[],"class_list":{"0":"post-1723","1":"product","2":"type-product","3":"status-publish","4":"has-post-thumbnail","6":"product_cat-systemy","8":"first","9":"instock","10":"sale","11":"shipping-taxable","12":"purchasable","13":"product-type-simple"},"yoast_head":"<!-- This site is optimized with the Yoast SEO plugin v26.8 - https:\/\/yoast.com\/product\/yoast-seo-wordpress\/ -->\n<title>Li\u0161tov\u00fd 1F syst\u00e9m Can 75 krou\u017eek \u010dern\u00e1 - ASTRO Lighting Pouze Dnes -<\/title>\n<meta name=\"robots\" content=\"index, follow, max-snippet:-1, max-image-preview:large, max-video-preview:-1\" \/>\n<link rel=\"canonical\" href=\"https:\/\/www.domtechnikpro.com\/index.php\/produkt\/listovy-1f-system-can-75-krouzek-cerna-astro-lighting-pouze-dnes-1723\/\" \/>\n<meta property=\"og:locale\" content=\"cs_CZ\" \/>\n<meta property=\"og:type\" content=\"article\" \/>\n<meta property=\"og:title\" content=\"Li\u0161tov\u00fd 1F syst\u00e9m Can 75 krou\u017eek \u010dern\u00e1 - ASTRO Lighting Pouze Dnes -\" \/>\n<meta property=\"og:description\" content=\"Parametry V\u00fd\u0161ka v mm 28.0 Pr\u016fm\u011br v mm 72.0 V\u010detn\u011b sv\u011bteln\u00e9ho zdroje ne Barva \u010dern\u00e1 Kolekce Can V\u00fdrobce ASTRO\" \/>\n<meta property=\"og:url\" content=\"https:\/\/www.domtechnikpro.com\/index.php\/produkt\/listovy-1f-system-can-75-krouzek-cerna-astro-lighting-pouze-dnes-1723\/\" \/>\n<meta property=\"og:image\" content=\"https:\/\/www.domtechnikpro.com\/wp-content\/uploads\/2026\/SK0002154-CZ20260425-091535-0-1777079743-AST-6020016.webp\" \/>\n\t<meta property=\"og:image:width\" content=\"800\" \/>\n\t<meta property=\"og:image:height\" content=\"800\" \/>\n\t<meta property=\"og:image:type\" content=\"image\/webp\" \/>\n<meta name=\"twitter:card\" content=\"summary_large_image\" \/>\n<script type=\"application\/ld+json\" class=\"yoast-schema-graph\">{\"@context\":\"https:\/\/schema.org\",\"@graph\":[{\"@type\":\"WebPage\",\"@id\":\"https:\/\/www.domtechnikpro.com\/index.php\/produkt\/listovy-1f-system-can-75-krouzek-cerna-astro-lighting-pouze-dnes-1723\/\",\"url\":\"https:\/\/www.domtechnikpro.com\/index.php\/produkt\/listovy-1f-system-can-75-krouzek-cerna-astro-lighting-pouze-dnes-1723\/\",\"name\":\"Li\u0161tov\u00fd 1F syst\u00e9m Can 75 krou\u017eek \u010dern\u00e1 - ASTRO Lighting Pouze Dnes -\",\"isPartOf\":{\"@id\":\"https:\/\/www.domtechnikpro.com\/#website\"},\"primaryImageOfPage\":{\"@id\":\"https:\/\/www.domtechnikpro.com\/index.php\/produkt\/listovy-1f-system-can-75-krouzek-cerna-astro-lighting-pouze-dnes-1723\/#primaryimage\"},\"image\":{\"@id\":\"https:\/\/www.domtechnikpro.com\/index.php\/produkt\/listovy-1f-system-can-75-krouzek-cerna-astro-lighting-pouze-dnes-1723\/#primaryimage\"},\"thumbnailUrl\":\"https:\/\/www.domtechnikpro.com\/wp-content\/uploads\/2026\/SK0002154-CZ20260425-091535-0-1777079743-AST-6020016.webp\",\"datePublished\":\"2026-04-26T08:52:00+00:00\",\"breadcrumb\":{\"@id\":\"https:\/\/www.domtechnikpro.com\/index.php\/produkt\/listovy-1f-system-can-75-krouzek-cerna-astro-lighting-pouze-dnes-1723\/#breadcrumb\"},\"inLanguage\":\"cs\",\"potentialAction\":[{\"@type\":\"ReadAction\",\"target\":[\"https:\/\/www.domtechnikpro.com\/index.php\/produkt\/listovy-1f-system-can-75-krouzek-cerna-astro-lighting-pouze-dnes-1723\/\"]}]},{\"@type\":\"ImageObject\",\"inLanguage\":\"cs\",\"@id\":\"https:\/\/www.domtechnikpro.com\/index.php\/produkt\/listovy-1f-system-can-75-krouzek-cerna-astro-lighting-pouze-dnes-1723\/#primaryimage\",\"url\":\"https:\/\/www.domtechnikpro.com\/wp-content\/uploads\/2026\/SK0002154-CZ20260425-091535-0-1777079743-AST-6020016.webp\",\"contentUrl\":\"https:\/\/www.domtechnikpro.com\/wp-content\/uploads\/2026\/SK0002154-CZ20260425-091535-0-1777079743-AST-6020016.webp\",\"width\":800,\"height\":800},{\"@type\":\"BreadcrumbList\",\"@id\":\"https:\/\/www.domtechnikpro.com\/index.php\/produkt\/listovy-1f-system-can-75-krouzek-cerna-astro-lighting-pouze-dnes-1723\/#breadcrumb\",\"itemListElement\":[{\"@type\":\"ListItem\",\"position\":1,\"name\":\"Home\",\"item\":\"https:\/\/www.domtechnikpro.com\/\"},{\"@type\":\"ListItem\",\"position\":2,\"name\":\"Products\",\"item\":\"https:\/\/www.domtechnikpro.com\/index.php\/products\/\"},{\"@type\":\"ListItem\",\"position\":3,\"name\":\"Li\u0161tov\u00fd 1F syst\u00e9m Can 75 krou\u017eek \u010dern\u00e1 &#8211; ASTRO Lighting Pouze Dnes\"}]},{\"@type\":\"WebSite\",\"@id\":\"https:\/\/www.domtechnikpro.com\/#website\",\"url\":\"https:\/\/www.domtechnikpro.com\/\",\"name\":\"\",\"description\":\"\",\"potentialAction\":[{\"@type\":\"SearchAction\",\"target\":{\"@type\":\"EntryPoint\",\"urlTemplate\":\"https:\/\/www.domtechnikpro.com\/?s={search_term_string}\"},\"query-input\":{\"@type\":\"PropertyValueSpecification\",\"valueRequired\":true,\"valueName\":\"search_term_string\"}}],\"inLanguage\":\"cs\"}]}<\/script>\n<!-- \/ Yoast SEO plugin. -->","yoast_head_json":{"title":"Li\u0161tov\u00fd 1F syst\u00e9m Can 75 krou\u017eek \u010dern\u00e1 - ASTRO Lighting Pouze Dnes -","robots":{"index":"index","follow":"follow","max-snippet":"max-snippet:-1","max-image-preview":"max-image-preview:large","max-video-preview":"max-video-preview:-1"},"canonical":"https:\/\/www.domtechnikpro.com\/index.php\/produkt\/listovy-1f-system-can-75-krouzek-cerna-astro-lighting-pouze-dnes-1723\/","og_locale":"cs_CZ","og_type":"article","og_title":"Li\u0161tov\u00fd 1F syst\u00e9m Can 75 krou\u017eek \u010dern\u00e1 - ASTRO Lighting Pouze Dnes -","og_description":"Parametry V\u00fd\u0161ka v mm 28.0 Pr\u016fm\u011br v mm 72.0 V\u010detn\u011b sv\u011bteln\u00e9ho zdroje ne Barva \u010dern\u00e1 Kolekce Can V\u00fdrobce ASTRO","og_url":"https:\/\/www.domtechnikpro.com\/index.php\/produkt\/listovy-1f-system-can-75-krouzek-cerna-astro-lighting-pouze-dnes-1723\/","og_image":[{"width":800,"height":800,"url":"https:\/\/www.domtechnikpro.com\/wp-content\/uploads\/2026\/SK0002154-CZ20260425-091535-0-1777079743-AST-6020016.webp","type":"image\/webp"}],"twitter_card":"summary_large_image","schema":{"@context":"https:\/\/schema.org","@graph":[{"@type":"WebPage","@id":"https:\/\/www.domtechnikpro.com\/index.php\/produkt\/listovy-1f-system-can-75-krouzek-cerna-astro-lighting-pouze-dnes-1723\/","url":"https:\/\/www.domtechnikpro.com\/index.php\/produkt\/listovy-1f-system-can-75-krouzek-cerna-astro-lighting-pouze-dnes-1723\/","name":"Li\u0161tov\u00fd 1F syst\u00e9m Can 75 krou\u017eek \u010dern\u00e1 - ASTRO Lighting Pouze Dnes -","isPartOf":{"@id":"https:\/\/www.domtechnikpro.com\/#website"},"primaryImageOfPage":{"@id":"https:\/\/www.domtechnikpro.com\/index.php\/produkt\/listovy-1f-system-can-75-krouzek-cerna-astro-lighting-pouze-dnes-1723\/#primaryimage"},"image":{"@id":"https:\/\/www.domtechnikpro.com\/index.php\/produkt\/listovy-1f-system-can-75-krouzek-cerna-astro-lighting-pouze-dnes-1723\/#primaryimage"},"thumbnailUrl":"https:\/\/www.domtechnikpro.com\/wp-content\/uploads\/2026\/SK0002154-CZ20260425-091535-0-1777079743-AST-6020016.webp","datePublished":"2026-04-26T08:52:00+00:00","breadcrumb":{"@id":"https:\/\/www.domtechnikpro.com\/index.php\/produkt\/listovy-1f-system-can-75-krouzek-cerna-astro-lighting-pouze-dnes-1723\/#breadcrumb"},"inLanguage":"cs","potentialAction":[{"@type":"ReadAction","target":["https:\/\/www.domtechnikpro.com\/index.php\/produkt\/listovy-1f-system-can-75-krouzek-cerna-astro-lighting-pouze-dnes-1723\/"]}]},{"@type":"ImageObject","inLanguage":"cs","@id":"https:\/\/www.domtechnikpro.com\/index.php\/produkt\/listovy-1f-system-can-75-krouzek-cerna-astro-lighting-pouze-dnes-1723\/#primaryimage","url":"https:\/\/www.domtechnikpro.com\/wp-content\/uploads\/2026\/SK0002154-CZ20260425-091535-0-1777079743-AST-6020016.webp","contentUrl":"https:\/\/www.domtechnikpro.com\/wp-content\/uploads\/2026\/SK0002154-CZ20260425-091535-0-1777079743-AST-6020016.webp","width":800,"height":800},{"@type":"BreadcrumbList","@id":"https:\/\/www.domtechnikpro.com\/index.php\/produkt\/listovy-1f-system-can-75-krouzek-cerna-astro-lighting-pouze-dnes-1723\/#breadcrumb","itemListElement":[{"@type":"ListItem","position":1,"name":"Home","item":"https:\/\/www.domtechnikpro.com\/"},{"@type":"ListItem","position":2,"name":"Products","item":"https:\/\/www.domtechnikpro.com\/index.php\/products\/"},{"@type":"ListItem","position":3,"name":"Li\u0161tov\u00fd 1F syst\u00e9m Can 75 krou\u017eek \u010dern\u00e1 &#8211; ASTRO Lighting Pouze Dnes"}]},{"@type":"WebSite","@id":"https:\/\/www.domtechnikpro.com\/#website","url":"https:\/\/www.domtechnikpro.com\/","name":"","description":"","potentialAction":[{"@type":"SearchAction","target":{"@type":"EntryPoint","urlTemplate":"https:\/\/www.domtechnikpro.com\/?s={search_term_string}"},"query-input":{"@type":"PropertyValueSpecification","valueRequired":true,"valueName":"search_term_string"}}],"inLanguage":"cs"}]}},"_links":{"self":[{"href":"https:\/\/www.domtechnikpro.com\/index.php\/wp-json\/wp\/v2\/product\/1723","targetHints":{"allow":["GET"]}}],"collection":[{"href":"https:\/\/www.domtechnikpro.com\/index.php\/wp-json\/wp\/v2\/product"}],"about":[{"href":"https:\/\/www.domtechnikpro.com\/index.php\/wp-json\/wp\/v2\/types\/product"}],"replies":[{"embeddable":true,"href":"https:\/\/www.domtechnikpro.com\/index.php\/wp-json\/wp\/v2\/comments?post=1723"}],"wp:featuredmedia":[{"embeddable":true,"href":"https:\/\/www.domtechnikpro.com\/index.php\/wp-json\/wp\/v2\/media\/1823"}],"wp:attachment":[{"href":"https:\/\/www.domtechnikpro.com\/index.php\/wp-json\/wp\/v2\/media?parent=1723"}],"wp:term":[{"taxonomy":"product_brand","embeddable":true,"href":"https:\/\/www.domtechnikpro.com\/index.php\/wp-json\/wp\/v2\/product_brand?post=1723"},{"taxonomy":"product_cat","embeddable":true,"href":"https:\/\/www.domtechnikpro.com\/index.php\/wp-json\/wp\/v2\/product_cat?post=1723"},{"taxonomy":"product_tag","embeddable":true,"href":"https:\/\/www.domtechnikpro.com\/index.php\/wp-json\/wp\/v2\/product_tag?post=1723"}],"curies":[{"name":"wp","href":"https:\/\/api.w.org\/{rel}","templated":true}]}}