{"id":17158,"date":"2026-04-26T08:54:16","date_gmt":"2026-04-26T08:54:16","guid":{"rendered":""},"modified":"2026-04-26T08:54:16","modified_gmt":"2026-04-26T08:54:16","slug":"znackovy-makita-hrebik-nastrelovaci-20-mm-5000-ks-p-45923-17158","status":"publish","type":"product","link":"https:\/\/www.domtechnikpro.com\/produkt\/znackovy-makita-hrebik-nastrelovaci-20-mm-5000-ks-p-45923-17158\/","title":{"rendered":"Zna\u010dkov\u00fd Makita H\u0159eb\u00edk nast\u0159elovac\u00ed 20 mm 5000 ks P-45923"},"content":{"rendered":"<h2>Kol\u00e1\u0159sk\u00e9 nast\u0159elovac\u00ed h\u0159eb\u00edky Makita 20mm balen\u00ed 5000ks P-45923<\/h2>\n<div class=\"content-head__content\">\n<div class=\"content-head__text\">\n<p><strong>Kol\u00e1\u0159sk\u00e9 nast\u0159elovac\u00ed h\u0159eb\u00edky Makita<\/strong>\u00a0jsou navr\u017eeny <strong>pro p\u0159esn\u00e9 a pevn\u00e9 spojov\u00e1n\u00ed d\u0159ev\u011bn\u00fdch konstrukc\u00ed<\/strong>. D\u00edky vysok\u00e9 odolnosti a spolehlivosti <strong>jsou tyto h\u0159eb\u00edky ide\u00e1ln\u00ed pro profesion\u00e1ln\u00ed i dom\u00e1c\u00ed pou\u017eit\u00ed p\u0159i mont\u00e1\u017ei d\u0159ev\u011bn\u00fdch r\u00e1m\u016f, obklad\u016f a dal\u0161\u00edch d\u0159ev\u011bn\u00fdch stavebn\u00edch prvk\u016f<\/strong>. S jejich vyu\u017eit\u00edm dos\u00e1hnete rychl\u00e9ho a efektivn\u00edho p\u0159ipevn\u011bn\u00ed <strong>s minim\u00e1ln\u00edm rizikem po\u0161kozen\u00ed materi\u00e1lu.<\/strong><\/p>\n<\/div>\n<\/div>\n<h2>V\u00fdhody kol\u00e1\u0159sk\u00fdch h\u0159eb\u00edk\u016f Makita<\/h2>\n<div class=\"flex max-w-full flex-col flex-grow\">\n<div class=\"min-h-[20px] text-message flex w-full flex-col items-end gap-2 whitespace-normal break-words [.text-message+&amp;]:mt-5\" dir=\"auto\" data-message-author-role=\"assistant\" data-message-id=\"1c53929d-508a-446d-8e49-046521e82b29\">\n<div class=\"flex w-full flex-col gap-1 empty:hidden first:pt-[3px]\">\n<div class=\"markdown prose w-full break-words dark:prose-invert light\">\n<div class=\"flex max-w-full flex-col flex-grow\">\n<div class=\"min-h-[20px] text-message flex w-full flex-col items-end gap-2 whitespace-normal break-words [.text-message+&amp;]:mt-5\" dir=\"auto\" data-message-author-role=\"assistant\" data-message-id=\"2e2e2d5c-03f6-4175-97f4-2712a53b6fcc\">\n<div class=\"flex w-full flex-col gap-1 empty:hidden first:pt-[3px]\">\n<div class=\"markdown prose w-full break-words dark:prose-invert light\">\n<ul>\n<li><strong>Vysok\u00e1 pevnost a odolnost<\/strong> pro spolehliv\u00e9 p\u0159ipojen\u00ed d\u0159ev\u011bn\u00fdch prvk\u016f.<\/li>\n<li><strong>Kvalitn\u00ed zpracov\u00e1n\u00ed<\/strong> zaru\u010duje dlouhou \u017eivotnost a odolnost proti opot\u0159eben\u00ed.<\/li>\n<li><strong>Rychl\u00e9 a efektivn\u00ed nast\u0159elov\u00e1n\u00ed<\/strong> umo\u017e\u0148uje zkr\u00e1cen\u00ed doby mont\u00e1\u017ee.<\/li>\n<li>Ide\u00e1ln\u00ed pro <strong>kol\u00e1\u0159sk\u00e9 pr\u00e1ce<\/strong>, d\u0159ev\u011bn\u00e9 konstrukce a dal\u0161\u00ed projekty s d\u0159evem.<\/li>\n<\/ul>\n<p>\u00a0<\/p>\n<\/div>\n<\/div>\n<\/div>\n<\/div>\n<\/div>\n<\/div>\n<\/div>\n<\/div>\n<h2><span class=\"JLqJ4b ChMk0b\" data-language-for-alternatives=\"cs\" data-language-to-translate-into=\"sk\" data-phrase-index=\"1\" data-number-of-phrases=\"2\"><span class=\"Q4iAWc\">K \u010demu se pou\u017e\u00edvaj\u00ed kol\u00e1\u0159sk\u00e9 h\u0159eb\u00edky Makita<\/span><\/span><\/h2>\n<div class=\"flex max-w-full flex-col flex-grow\">\n<div class=\"min-h-[20px] text-message flex w-full flex-col items-end gap-2 whitespace-normal break-words [.text-message+&amp;]:mt-5\" dir=\"auto\" data-message-author-role=\"assistant\" data-message-id=\"c4d331df-b646-447b-9731-d718648d30d6\">\n<div class=\"flex w-full flex-col gap-1 empty:hidden first:pt-[3px]\">\n<div class=\"markdown prose w-full break-words dark:prose-invert light\">\n<div class=\"flex max-w-full flex-col flex-grow\">\n<div class=\"min-h-[20px] text-message flex w-full flex-col items-end gap-2 whitespace-normal break-words [.text-message+&amp;]:mt-5\" dir=\"auto\" data-message-author-role=\"assistant\" data-message-id=\"4372a3b8-a577-4cdd-96d8-11d9ff141e19\">\n<div class=\"flex w-full flex-col gap-1 empty:hidden first:pt-[3px]\">\n<div class=\"markdown prose w-full break-words dark:prose-invert light\">\n<p><strong>Kol\u00e1\u0159sk\u00e9 nast\u0159elovac\u00ed h\u0159eb\u00edky Makita<\/strong> se pou\u017e\u00edvaj\u00ed p\u0159edev\u0161\u00edm pro <strong>spoje d\u0159ev\u011bn\u00fdch konstrukc\u00ed<\/strong> v profesion\u00e1ln\u00edch i dom\u00e1c\u00edch stavebn\u00edch projektech. Jsou ide\u00e1ln\u00ed pro <strong>mont\u00e1\u017e d\u0159ev\u011bn\u00fdch r\u00e1m\u016f<\/strong>, obklad\u016f, podlah a dal\u0161\u00edch d\u0159ev\u011bn\u00fdch prvk\u016f, kde je pot\u0159eba pevn\u00e9 a rychl\u00e9 p\u0159ipevn\u011bn\u00ed.<\/p>\n<p>H\u0159eb\u00edky pro stroj Makita: AF505, AF506<\/p>\n<p>\u00a0<\/p>\n<\/div>\n<\/div>\n<\/div>\n<\/div>\n<\/div>\n<\/div>\n<\/div>\n<\/div>\n<h3>Kl\u00ed\u010dov\u00e9 vlastnosti a parametry produktu nast\u0159elovac\u00ed kol\u00e1\u0159sk\u00e9 h\u0159eb\u00edky Makita<\/h3>\n<div id=\"PDTable3\" class=\"ProductDetailTableView v3a v3 bs-view dcon dc177 PDTable3\" >\n<table>\n<thead><\/thead>\n<tbody>\n<tr class=\"attribute attr_bsshop_maker\">\n<td class=\"caption\">V\u00fdrobce<\/td>\n<td class=\"value\">Makita, spol. s r.o.<\/td>\n<\/tr>\n<tr class=\"attribute attr_A001\">\n<td class=\"caption\">rozm\u011br <\/td>\n<td class=\"value\">20 mm<\/td>\n<\/tr>\n<tr class=\"attribute attr_A0017\">\n<td class=\"caption\">balen\u00ed obsahuje<\/td>\n<td class=\"value\">5000 ks<\/td>\n<\/tr>\n<\/tbody>\n<\/table>\n<\/div>\n<\/div><\/div>\n<\/div>\n<div id=\"e3223798\" class=\"tabs\">\n","protected":false},"excerpt":{"rendered":"<p>Kol\u00e1\u0159sk\u00e9 nast\u0159elovac\u00ed h\u0159eb\u00edky Makita 20mm balen\u00ed 5000ks P-45923 Kol\u00e1\u0159sk\u00e9 nast\u0159elovac\u00ed h\u0159eb\u00edky Makita\u00a0jsou navr\u017eeny pro p\u0159esn\u00e9 a pevn\u00e9 spojov\u00e1n\u00ed d\u0159ev\u011bn\u00fdch konstrukc\u00ed. D\u00edky vysok\u00e9 odolnosti a spolehlivosti jsou tyto h\u0159eb\u00edky ide\u00e1ln\u00ed pro profesion\u00e1ln\u00ed i dom\u00e1c\u00ed pou\u017eit\u00ed p\u0159i mont\u00e1\u017ei d\u0159ev\u011bn\u00fdch r\u00e1m\u016f, obklad\u016f a dal\u0161\u00edch d\u0159ev\u011bn\u00fdch stavebn\u00edch prvk\u016f. S jejich vyu\u017eit\u00edm dos\u00e1hnete rychl\u00e9ho a efektivn\u00edho p\u0159ipevn\u011bn\u00ed s minim\u00e1ln\u00edm rizikem [&hellip;]<\/p>\n","protected":false},"featured_media":17258,"comment_status":"open","ping_status":"open","template":"","meta":[],"product_brand":[],"product_cat":[86],"product_tag":[],"class_list":{"0":"post-17158","1":"product","2":"type-product","3":"status-publish","4":"has-post-thumbnail","6":"product_cat-n-193-rad-205","8":"first","9":"instock","10":"sale","11":"shipping-taxable","12":"purchasable","13":"product-type-simple"},"yoast_head":"<!-- This site is optimized with the Yoast SEO plugin v26.8 - https:\/\/yoast.com\/product\/yoast-seo-wordpress\/ -->\n<title>Zna\u010dkov\u00fd Makita H\u0159eb\u00edk nast\u0159elovac\u00ed 20 mm 5000 ks P-45923 - Pr\u016fmyslov\u00e9 vybaven\u00ed a p\u0159\u00edslu\u0161enstv\u00ed<\/title>\n<meta name=\"robots\" content=\"index, follow, max-snippet:-1, max-image-preview:large, max-video-preview:-1\" \/>\n<link rel=\"canonical\" href=\"https:\/\/www.domtechnikpro.com\/index.php\/produkt\/znackovy-makita-hrebik-nastrelovaci-20-mm-5000-ks-p-45923-17158\/\" \/>\n<meta property=\"og:locale\" content=\"cs_CZ\" \/>\n<meta property=\"og:type\" content=\"article\" \/>\n<meta property=\"og:title\" content=\"Zna\u010dkov\u00fd Makita H\u0159eb\u00edk nast\u0159elovac\u00ed 20 mm 5000 ks P-45923 - Pr\u016fmyslov\u00e9 vybaven\u00ed a p\u0159\u00edslu\u0161enstv\u00ed\" \/>\n<meta property=\"og:description\" content=\"Kol\u00e1\u0159sk\u00e9 nast\u0159elovac\u00ed h\u0159eb\u00edky Makita 20mm balen\u00ed 5000ks P-45923 Kol\u00e1\u0159sk\u00e9 nast\u0159elovac\u00ed h\u0159eb\u00edky Makita\u00a0jsou navr\u017eeny pro p\u0159esn\u00e9 a pevn\u00e9 spojov\u00e1n\u00ed d\u0159ev\u011bn\u00fdch konstrukc\u00ed. D\u00edky vysok\u00e9 odolnosti a spolehlivosti jsou tyto h\u0159eb\u00edky ide\u00e1ln\u00ed pro profesion\u00e1ln\u00ed i dom\u00e1c\u00ed pou\u017eit\u00ed p\u0159i mont\u00e1\u017ei d\u0159ev\u011bn\u00fdch r\u00e1m\u016f, obklad\u016f a dal\u0161\u00edch d\u0159ev\u011bn\u00fdch stavebn\u00edch prvk\u016f. S jejich vyu\u017eit\u00edm dos\u00e1hnete rychl\u00e9ho a efektivn\u00edho p\u0159ipevn\u011bn\u00ed s minim\u00e1ln\u00edm rizikem [&hellip;]\" \/>\n<meta property=\"og:url\" content=\"https:\/\/www.domtechnikpro.com\/index.php\/produkt\/znackovy-makita-hrebik-nastrelovaci-20-mm-5000-ks-p-45923-17158\/\" \/>\n<meta property=\"og:site_name\" content=\"Pr\u016fmyslov\u00e9 vybaven\u00ed a p\u0159\u00edslu\u0161enstv\u00ed\" \/>\n<meta property=\"og:image\" content=\"https:\/\/www.domtechnikpro.com\/wp-content\/uploads\/2026\/SK0002673-CZ20260425-091908-0-1777079948-makita-hrebik-nastrelovaci-20-mm-5000-ks-p-45923.webp\" \/>\n\t<meta property=\"og:image:width\" content=\"1000\" \/>\n\t<meta property=\"og:image:height\" content=\"525\" \/>\n\t<meta property=\"og:image:type\" content=\"image\/webp\" \/>\n<meta name=\"twitter:card\" content=\"summary_large_image\" \/>\n<meta name=\"twitter:label1\" content=\"Odhadovan\u00e1 doba \u010dten\u00ed\" \/>\n\t<meta name=\"twitter:data1\" content=\"1 minuta\" \/>\n<script type=\"application\/ld+json\" class=\"yoast-schema-graph\">{\"@context\":\"https:\/\/schema.org\",\"@graph\":[{\"@type\":\"WebPage\",\"@id\":\"https:\/\/www.domtechnikpro.com\/index.php\/produkt\/znackovy-makita-hrebik-nastrelovaci-20-mm-5000-ks-p-45923-17158\/\",\"url\":\"https:\/\/www.domtechnikpro.com\/index.php\/produkt\/znackovy-makita-hrebik-nastrelovaci-20-mm-5000-ks-p-45923-17158\/\",\"name\":\"Zna\u010dkov\u00fd Makita H\u0159eb\u00edk nast\u0159elovac\u00ed 20 mm 5000 ks P-45923 - Pr\u016fmyslov\u00e9 vybaven\u00ed a p\u0159\u00edslu\u0161enstv\u00ed\",\"isPartOf\":{\"@id\":\"https:\/\/www.domtechnikpro.com\/#website\"},\"primaryImageOfPage\":{\"@id\":\"https:\/\/www.domtechnikpro.com\/index.php\/produkt\/znackovy-makita-hrebik-nastrelovaci-20-mm-5000-ks-p-45923-17158\/#primaryimage\"},\"image\":{\"@id\":\"https:\/\/www.domtechnikpro.com\/index.php\/produkt\/znackovy-makita-hrebik-nastrelovaci-20-mm-5000-ks-p-45923-17158\/#primaryimage\"},\"thumbnailUrl\":\"https:\/\/www.domtechnikpro.com\/wp-content\/uploads\/2026\/SK0002673-CZ20260425-091908-0-1777079948-makita-hrebik-nastrelovaci-20-mm-5000-ks-p-45923.webp\",\"datePublished\":\"2026-04-26T08:54:16+00:00\",\"breadcrumb\":{\"@id\":\"https:\/\/www.domtechnikpro.com\/index.php\/produkt\/znackovy-makita-hrebik-nastrelovaci-20-mm-5000-ks-p-45923-17158\/#breadcrumb\"},\"inLanguage\":\"cs\",\"potentialAction\":[{\"@type\":\"ReadAction\",\"target\":[\"https:\/\/www.domtechnikpro.com\/index.php\/produkt\/znackovy-makita-hrebik-nastrelovaci-20-mm-5000-ks-p-45923-17158\/\"]}]},{\"@type\":\"ImageObject\",\"inLanguage\":\"cs\",\"@id\":\"https:\/\/www.domtechnikpro.com\/index.php\/produkt\/znackovy-makita-hrebik-nastrelovaci-20-mm-5000-ks-p-45923-17158\/#primaryimage\",\"url\":\"https:\/\/www.domtechnikpro.com\/wp-content\/uploads\/2026\/SK0002673-CZ20260425-091908-0-1777079948-makita-hrebik-nastrelovaci-20-mm-5000-ks-p-45923.webp\",\"contentUrl\":\"https:\/\/www.domtechnikpro.com\/wp-content\/uploads\/2026\/SK0002673-CZ20260425-091908-0-1777079948-makita-hrebik-nastrelovaci-20-mm-5000-ks-p-45923.webp\",\"width\":1000,\"height\":525},{\"@type\":\"BreadcrumbList\",\"@id\":\"https:\/\/www.domtechnikpro.com\/index.php\/produkt\/znackovy-makita-hrebik-nastrelovaci-20-mm-5000-ks-p-45923-17158\/#breadcrumb\",\"itemListElement\":[{\"@type\":\"ListItem\",\"position\":1,\"name\":\"Home\",\"item\":\"https:\/\/www.domtechnikpro.com\/\"},{\"@type\":\"ListItem\",\"position\":2,\"name\":\"Products\",\"item\":\"https:\/\/www.domtechnikpro.com\/products\/\"},{\"@type\":\"ListItem\",\"position\":3,\"name\":\"Zna\u010dkov\u00fd Makita H\u0159eb\u00edk nast\u0159elovac\u00ed 20 mm 5000 ks P-45923\"}]},{\"@type\":\"WebSite\",\"@id\":\"https:\/\/www.domtechnikpro.com\/#website\",\"url\":\"https:\/\/www.domtechnikpro.com\/\",\"name\":\"Pr\u016fmyslov\u00e9 vybaven\u00ed a p\u0159\u00edslu\u0161enstv\u00ed\",\"description\":\"Pr\u016fmyslov\u00e9 vybaven\u00ed a p\u0159\u00edslu\u0161enstv\u00ed\",\"publisher\":{\"@id\":\"https:\/\/www.domtechnikpro.com\/#organization\"},\"potentialAction\":[{\"@type\":\"SearchAction\",\"target\":{\"@type\":\"EntryPoint\",\"urlTemplate\":\"https:\/\/www.domtechnikpro.com\/?s={search_term_string}\"},\"query-input\":{\"@type\":\"PropertyValueSpecification\",\"valueRequired\":true,\"valueName\":\"search_term_string\"}}],\"inLanguage\":\"cs\"},{\"@type\":\"Organization\",\"@id\":\"https:\/\/www.domtechnikpro.com\/#organization\",\"name\":\"Pr\u016fmyslov\u00e9 vybaven\u00ed a p\u0159\u00edslu\u0161enstv\u00ed\",\"url\":\"https:\/\/www.domtechnikpro.com\/\",\"logo\":{\"@type\":\"ImageObject\",\"inLanguage\":\"cs\",\"@id\":\"https:\/\/www.domtechnikpro.com\/#\/schema\/logo\/image\/\",\"url\":\"https:\/\/www.domtechnikpro.com\/wp-content\/uploads\/2026\/04\/domtechnikpro_logo_full.svg\",\"contentUrl\":\"https:\/\/www.domtechnikpro.com\/wp-content\/uploads\/2026\/04\/domtechnikpro_logo_full.svg\",\"width\":920,\"height\":180,\"caption\":\"Pr\u016fmyslov\u00e9 vybaven\u00ed a p\u0159\u00edslu\u0161enstv\u00ed\"},\"image\":{\"@id\":\"https:\/\/www.domtechnikpro.com\/#\/schema\/logo\/image\/\"}}]}<\/script>\n<!-- \/ Yoast SEO plugin. -->","yoast_head_json":{"title":"Zna\u010dkov\u00fd Makita H\u0159eb\u00edk nast\u0159elovac\u00ed 20 mm 5000 ks P-45923 - Pr\u016fmyslov\u00e9 vybaven\u00ed a p\u0159\u00edslu\u0161enstv\u00ed","robots":{"index":"index","follow":"follow","max-snippet":"max-snippet:-1","max-image-preview":"max-image-preview:large","max-video-preview":"max-video-preview:-1"},"canonical":"https:\/\/www.domtechnikpro.com\/index.php\/produkt\/znackovy-makita-hrebik-nastrelovaci-20-mm-5000-ks-p-45923-17158\/","og_locale":"cs_CZ","og_type":"article","og_title":"Zna\u010dkov\u00fd Makita H\u0159eb\u00edk nast\u0159elovac\u00ed 20 mm 5000 ks P-45923 - Pr\u016fmyslov\u00e9 vybaven\u00ed a p\u0159\u00edslu\u0161enstv\u00ed","og_description":"Kol\u00e1\u0159sk\u00e9 nast\u0159elovac\u00ed h\u0159eb\u00edky Makita 20mm balen\u00ed 5000ks P-45923 Kol\u00e1\u0159sk\u00e9 nast\u0159elovac\u00ed h\u0159eb\u00edky Makita\u00a0jsou navr\u017eeny pro p\u0159esn\u00e9 a pevn\u00e9 spojov\u00e1n\u00ed d\u0159ev\u011bn\u00fdch konstrukc\u00ed. D\u00edky vysok\u00e9 odolnosti a spolehlivosti jsou tyto h\u0159eb\u00edky ide\u00e1ln\u00ed pro profesion\u00e1ln\u00ed i dom\u00e1c\u00ed pou\u017eit\u00ed p\u0159i mont\u00e1\u017ei d\u0159ev\u011bn\u00fdch r\u00e1m\u016f, obklad\u016f a dal\u0161\u00edch d\u0159ev\u011bn\u00fdch stavebn\u00edch prvk\u016f. S jejich vyu\u017eit\u00edm dos\u00e1hnete rychl\u00e9ho a efektivn\u00edho p\u0159ipevn\u011bn\u00ed s minim\u00e1ln\u00edm rizikem [&hellip;]","og_url":"https:\/\/www.domtechnikpro.com\/index.php\/produkt\/znackovy-makita-hrebik-nastrelovaci-20-mm-5000-ks-p-45923-17158\/","og_site_name":"Pr\u016fmyslov\u00e9 vybaven\u00ed a p\u0159\u00edslu\u0161enstv\u00ed","og_image":[{"width":1000,"height":525,"url":"https:\/\/www.domtechnikpro.com\/wp-content\/uploads\/2026\/SK0002673-CZ20260425-091908-0-1777079948-makita-hrebik-nastrelovaci-20-mm-5000-ks-p-45923.webp","type":"image\/webp"}],"twitter_card":"summary_large_image","twitter_misc":{"Odhadovan\u00e1 doba \u010dten\u00ed":"1 minuta"},"schema":{"@context":"https:\/\/schema.org","@graph":[{"@type":"WebPage","@id":"https:\/\/www.domtechnikpro.com\/index.php\/produkt\/znackovy-makita-hrebik-nastrelovaci-20-mm-5000-ks-p-45923-17158\/","url":"https:\/\/www.domtechnikpro.com\/index.php\/produkt\/znackovy-makita-hrebik-nastrelovaci-20-mm-5000-ks-p-45923-17158\/","name":"Zna\u010dkov\u00fd Makita H\u0159eb\u00edk nast\u0159elovac\u00ed 20 mm 5000 ks P-45923 - Pr\u016fmyslov\u00e9 vybaven\u00ed a p\u0159\u00edslu\u0161enstv\u00ed","isPartOf":{"@id":"https:\/\/www.domtechnikpro.com\/#website"},"primaryImageOfPage":{"@id":"https:\/\/www.domtechnikpro.com\/index.php\/produkt\/znackovy-makita-hrebik-nastrelovaci-20-mm-5000-ks-p-45923-17158\/#primaryimage"},"image":{"@id":"https:\/\/www.domtechnikpro.com\/index.php\/produkt\/znackovy-makita-hrebik-nastrelovaci-20-mm-5000-ks-p-45923-17158\/#primaryimage"},"thumbnailUrl":"https:\/\/www.domtechnikpro.com\/wp-content\/uploads\/2026\/SK0002673-CZ20260425-091908-0-1777079948-makita-hrebik-nastrelovaci-20-mm-5000-ks-p-45923.webp","datePublished":"2026-04-26T08:54:16+00:00","breadcrumb":{"@id":"https:\/\/www.domtechnikpro.com\/index.php\/produkt\/znackovy-makita-hrebik-nastrelovaci-20-mm-5000-ks-p-45923-17158\/#breadcrumb"},"inLanguage":"cs","potentialAction":[{"@type":"ReadAction","target":["https:\/\/www.domtechnikpro.com\/index.php\/produkt\/znackovy-makita-hrebik-nastrelovaci-20-mm-5000-ks-p-45923-17158\/"]}]},{"@type":"ImageObject","inLanguage":"cs","@id":"https:\/\/www.domtechnikpro.com\/index.php\/produkt\/znackovy-makita-hrebik-nastrelovaci-20-mm-5000-ks-p-45923-17158\/#primaryimage","url":"https:\/\/www.domtechnikpro.com\/wp-content\/uploads\/2026\/SK0002673-CZ20260425-091908-0-1777079948-makita-hrebik-nastrelovaci-20-mm-5000-ks-p-45923.webp","contentUrl":"https:\/\/www.domtechnikpro.com\/wp-content\/uploads\/2026\/SK0002673-CZ20260425-091908-0-1777079948-makita-hrebik-nastrelovaci-20-mm-5000-ks-p-45923.webp","width":1000,"height":525},{"@type":"BreadcrumbList","@id":"https:\/\/www.domtechnikpro.com\/index.php\/produkt\/znackovy-makita-hrebik-nastrelovaci-20-mm-5000-ks-p-45923-17158\/#breadcrumb","itemListElement":[{"@type":"ListItem","position":1,"name":"Home","item":"https:\/\/www.domtechnikpro.com\/"},{"@type":"ListItem","position":2,"name":"Products","item":"https:\/\/www.domtechnikpro.com\/products\/"},{"@type":"ListItem","position":3,"name":"Zna\u010dkov\u00fd Makita H\u0159eb\u00edk nast\u0159elovac\u00ed 20 mm 5000 ks P-45923"}]},{"@type":"WebSite","@id":"https:\/\/www.domtechnikpro.com\/#website","url":"https:\/\/www.domtechnikpro.com\/","name":"Pr\u016fmyslov\u00e9 vybaven\u00ed a p\u0159\u00edslu\u0161enstv\u00ed","description":"Pr\u016fmyslov\u00e9 vybaven\u00ed a p\u0159\u00edslu\u0161enstv\u00ed","publisher":{"@id":"https:\/\/www.domtechnikpro.com\/#organization"},"potentialAction":[{"@type":"SearchAction","target":{"@type":"EntryPoint","urlTemplate":"https:\/\/www.domtechnikpro.com\/?s={search_term_string}"},"query-input":{"@type":"PropertyValueSpecification","valueRequired":true,"valueName":"search_term_string"}}],"inLanguage":"cs"},{"@type":"Organization","@id":"https:\/\/www.domtechnikpro.com\/#organization","name":"Pr\u016fmyslov\u00e9 vybaven\u00ed a p\u0159\u00edslu\u0161enstv\u00ed","url":"https:\/\/www.domtechnikpro.com\/","logo":{"@type":"ImageObject","inLanguage":"cs","@id":"https:\/\/www.domtechnikpro.com\/#\/schema\/logo\/image\/","url":"https:\/\/www.domtechnikpro.com\/wp-content\/uploads\/2026\/04\/domtechnikpro_logo_full.svg","contentUrl":"https:\/\/www.domtechnikpro.com\/wp-content\/uploads\/2026\/04\/domtechnikpro_logo_full.svg","width":920,"height":180,"caption":"Pr\u016fmyslov\u00e9 vybaven\u00ed a p\u0159\u00edslu\u0161enstv\u00ed"},"image":{"@id":"https:\/\/www.domtechnikpro.com\/#\/schema\/logo\/image\/"}}]}},"_links":{"self":[{"href":"https:\/\/www.domtechnikpro.com\/wp-json\/wp\/v2\/product\/17158","targetHints":{"allow":["GET"]}}],"collection":[{"href":"https:\/\/www.domtechnikpro.com\/wp-json\/wp\/v2\/product"}],"about":[{"href":"https:\/\/www.domtechnikpro.com\/wp-json\/wp\/v2\/types\/product"}],"replies":[{"embeddable":true,"href":"https:\/\/www.domtechnikpro.com\/wp-json\/wp\/v2\/comments?post=17158"}],"wp:featuredmedia":[{"embeddable":true,"href":"https:\/\/www.domtechnikpro.com\/wp-json\/wp\/v2\/media\/17258"}],"wp:attachment":[{"href":"https:\/\/www.domtechnikpro.com\/wp-json\/wp\/v2\/media?parent=17158"}],"wp:term":[{"taxonomy":"product_brand","embeddable":true,"href":"https:\/\/www.domtechnikpro.com\/wp-json\/wp\/v2\/product_brand?post=17158"},{"taxonomy":"product_cat","embeddable":true,"href":"https:\/\/www.domtechnikpro.com\/wp-json\/wp\/v2\/product_cat?post=17158"},{"taxonomy":"product_tag","embeddable":true,"href":"https:\/\/www.domtechnikpro.com\/wp-json\/wp\/v2\/product_tag?post=17158"}],"curies":[{"name":"wp","href":"https:\/\/api.w.org\/{rel}","templated":true}]}}