{"id":16931,"date":"2026-04-26T08:54:13","date_gmt":"2026-04-26T08:54:13","guid":{"rendered":""},"modified":"2026-04-26T08:54:13","modified_gmt":"2026-04-26T08:54:13","slug":"oblibeny-makita-dmr301-radio-stavebni-16931","status":"publish","type":"product","link":"https:\/\/www.domtechnikpro.com\/index.php\/produkt\/oblibeny-makita-dmr301-radio-stavebni-16931\/","title":{"rendered":"Obl\u00edben\u00fd Makita DMR301 R\u00e1dio stavebn\u00ed"},"content":{"rendered":"<h2>Aku r\u00e1dio Makita DMR301 BT, bez aku s nab\u00edje\u010dkou<\/h2>\n<p>Aku r\u00e1dio s nab\u00edje\u010dkou Makita DMR301 je navr\u017eeno pro pr\u00e1ci s Li-ion akumul\u00e1tory CXT a LXT (12\/14,4\/18V) nebo nap\u00e1jen\u00ed ze s\u00ed\u0165ov\u00e9ho adapt\u00e9ru. R\u00e1dio podporuje Bluetooth 4.2 pro p\u0159ipojen\u00ed extern\u00edch za\u0159\u00edzen\u00ed a m\u00e1 dva USB porty pro nab\u00edjen\u00ed. Disponuje digit\u00e1ln\u00edm displejem, stereoreproduktory a mo\u017enost\u00ed p\u0159\u00edjmu digit\u00e1ln\u00edho sign\u00e1lu DAB\/DAB+. S IP64 ochranou proti prachu a st\u0159\u00edkaj\u00edc\u00ed vod\u011b je ide\u00e1ln\u00ed pro pou\u017eit\u00ed na stavb\u00e1ch a v n\u00e1ro\u010dn\u00e9m prost\u0159ed\u00ed. Bez akumul\u00e1toru.<\/p>\n<p>\u00a0<\/p>\n<h2>V\u00fdhody r\u00e1dia Makita DMR301<\/h2>\n<ul>\n<li>Kompatibilita s Li-ion akumul\u00e1tory CXT\/LXT a s\u00ed\u0165ov\u00fdm adapt\u00e9rem<\/li>\n<li>Bluetooth 4.2 pro bezdr\u00e1tov\u00e9 p\u0159ipojen\u00ed do 30 m<\/li>\n<li>Mo\u017enost nab\u00edjen\u00ed extern\u00edch za\u0159\u00edzen\u00ed p\u0159es dva USB porty<\/li>\n<li>P\u0159\u00edjem digit\u00e1ln\u00edho sign\u00e1lu DAB\/DAB+ a FM r\u00e1dia<\/li>\n<li>Ochrana IP64 proti prachu a st\u0159\u00edkaj\u00edc\u00ed vod\u011b<\/li>\n<\/ul>\n<h2>K \u010demu se pou\u017e\u00edv\u00e1 Makita r\u00e1dio DMR301<\/h2>\n<p>Aku r\u00e1dio Makita DMR301 je ide\u00e1ln\u00ed pro pou\u017eit\u00ed na stavb\u00e1ch a v d\u00edln\u00e1ch, kde je pot\u0159eba hudba a odoln\u00fd design. D\u00edky Bluetooth a USB port\u016fm je r\u00e1dio vhodn\u00e9 i pro nab\u00edjen\u00ed a p\u0159ipojen\u00ed extern\u00edch za\u0159\u00edzen\u00ed.<\/p>\n<p>\u00a0<\/p>\n<h3>Kl\u00ed\u010dov\u00e9 vlastnosti a parametry produktu R\u00e1dio Makita DMR301<\/h3>\n<p><span style=\"text-decoration: none; font-weight: bold; color: #ff0000;\">Dopravu nacen\u00edme dle V\u00e1mi po\u017eadovan\u00e9ho mno\u017estv\u00ed a m\u00edsta ur\u010den\u00ed.<br \/><\/span><\/p>\n<p><span style=\"text-decoration: none; font-weight: bold; color: #ff0000;\">Pro osobn\u00ed odb\u011br vy\u017eadujeme objedn\u00e1vku potvrzenou prodejcem.<\/span><\/p>\n<p><strong>V balen\u00ed:<br \/><\/strong>S\u00ed\u0165ov\u00fd adapt\u00e9r (TC00000137)<br \/>\u0160\u0148\u016fra adapt\u00e9ru (TC00000142)<br \/>Dod\u00e1vka bez akumul\u00e1toru<\/p>\n<div id=\"PDTable3\" class=\"ProductDetailTableView v3a v3 bs-view dcon dc177 PDTable3\" >\n<table>\n<thead><\/thead>\n<tbody>\n<tr class=\"attribute attr_bsshop_maker\">\n<td class=\"caption\">V\u00fdrobce<\/td>\n<td class=\"value\">Makita, spol. s r.o.<\/td>\n<\/tr>\n<tr class=\"attribute attr_A001\">\n<td class=\"caption\">rozm\u011br <\/td>\n<td class=\"value\">285 x 185 x 305 mm<\/td>\n<\/tr>\n<tr class=\"attribute attr_A0022\">\n<td class=\"caption\">hmotnost<\/td>\n<td class=\"value\">6 kg<\/td>\n<\/tr>\n<\/tbody>\n<\/table>\n<\/div>\n<\/div>\n<div id=\"PDDescription2\" class=\"UserContentView userContent v1a v1 bs-view dcon dc154 PDDescription2\" >\n<p><strong><span style=\"color: #ff0000;\">Cena je uvedena v\u010detn\u011b recykla\u010dn\u00edho poplatku.<\/span><\/strong><\/p>\n<\/div><\/div>\n<\/div>\n<div id=\"e3209764\" class=\"tabs\">\n","protected":false},"excerpt":{"rendered":"<p>Aku r\u00e1dio Makita DMR301 BT, bez aku s nab\u00edje\u010dkou Aku r\u00e1dio s nab\u00edje\u010dkou Makita DMR301 je navr\u017eeno pro pr\u00e1ci s Li-ion akumul\u00e1tory CXT a LXT (12\/14,4\/18V) nebo nap\u00e1jen\u00ed ze s\u00ed\u0165ov\u00e9ho adapt\u00e9ru. R\u00e1dio podporuje Bluetooth 4.2 pro p\u0159ipojen\u00ed extern\u00edch za\u0159\u00edzen\u00ed a m\u00e1 dva USB porty pro nab\u00edjen\u00ed. Disponuje digit\u00e1ln\u00edm displejem, stereoreproduktory a mo\u017enost\u00ed p\u0159\u00edjmu digit\u00e1ln\u00edho sign\u00e1lu [&hellip;]<\/p>\n","protected":false},"featured_media":17031,"comment_status":"open","ping_status":"open","template":"","meta":[],"product_brand":[],"product_cat":[86],"product_tag":[],"class_list":{"0":"post-16931","1":"product","2":"type-product","3":"status-publish","4":"has-post-thumbnail","6":"product_cat-n-193-rad-205","8":"first","9":"instock","10":"sale","11":"shipping-taxable","12":"purchasable","13":"product-type-simple"},"yoast_head":"<!-- This site is optimized with the Yoast SEO plugin v26.8 - https:\/\/yoast.com\/product\/yoast-seo-wordpress\/ -->\n<title>Obl\u00edben\u00fd Makita DMR301 R\u00e1dio stavebn\u00ed -<\/title>\n<meta name=\"robots\" content=\"index, follow, max-snippet:-1, max-image-preview:large, max-video-preview:-1\" \/>\n<link rel=\"canonical\" href=\"https:\/\/www.domtechnikpro.com\/index.php\/produkt\/oblibeny-makita-dmr301-radio-stavebni-16931\/\" \/>\n<meta property=\"og:locale\" content=\"cs_CZ\" \/>\n<meta property=\"og:type\" content=\"article\" \/>\n<meta property=\"og:title\" content=\"Obl\u00edben\u00fd Makita DMR301 R\u00e1dio stavebn\u00ed -\" \/>\n<meta property=\"og:description\" content=\"Aku r\u00e1dio Makita DMR301 BT, bez aku s nab\u00edje\u010dkou Aku r\u00e1dio s nab\u00edje\u010dkou Makita DMR301 je navr\u017eeno pro pr\u00e1ci s Li-ion akumul\u00e1tory CXT a LXT (12\/14,4\/18V) nebo nap\u00e1jen\u00ed ze s\u00ed\u0165ov\u00e9ho adapt\u00e9ru. R\u00e1dio podporuje Bluetooth 4.2 pro p\u0159ipojen\u00ed extern\u00edch za\u0159\u00edzen\u00ed a m\u00e1 dva USB porty pro nab\u00edjen\u00ed. Disponuje digit\u00e1ln\u00edm displejem, stereoreproduktory a mo\u017enost\u00ed p\u0159\u00edjmu digit\u00e1ln\u00edho sign\u00e1lu [&hellip;]\" \/>\n<meta property=\"og:url\" content=\"https:\/\/www.domtechnikpro.com\/index.php\/produkt\/oblibeny-makita-dmr301-radio-stavebni-16931\/\" \/>\n<meta property=\"og:image\" content=\"https:\/\/www.domtechnikpro.com\/wp-content\/uploads\/2026\/SK0002546-CZ20260425-091908-0-1777079948-makita-dmr301-radio-stavebni.webp\" \/>\n\t<meta property=\"og:image:width\" content=\"1000\" \/>\n\t<meta property=\"og:image:height\" content=\"525\" \/>\n\t<meta property=\"og:image:type\" content=\"image\/webp\" \/>\n<meta name=\"twitter:card\" content=\"summary_large_image\" \/>\n<meta name=\"twitter:label1\" content=\"Odhadovan\u00e1 doba \u010dten\u00ed\" \/>\n\t<meta name=\"twitter:data1\" content=\"1 minuta\" \/>\n<script type=\"application\/ld+json\" class=\"yoast-schema-graph\">{\"@context\":\"https:\/\/schema.org\",\"@graph\":[{\"@type\":\"WebPage\",\"@id\":\"https:\/\/www.domtechnikpro.com\/index.php\/produkt\/oblibeny-makita-dmr301-radio-stavebni-16931\/\",\"url\":\"https:\/\/www.domtechnikpro.com\/index.php\/produkt\/oblibeny-makita-dmr301-radio-stavebni-16931\/\",\"name\":\"Obl\u00edben\u00fd Makita DMR301 R\u00e1dio stavebn\u00ed -\",\"isPartOf\":{\"@id\":\"https:\/\/www.domtechnikpro.com\/#website\"},\"primaryImageOfPage\":{\"@id\":\"https:\/\/www.domtechnikpro.com\/index.php\/produkt\/oblibeny-makita-dmr301-radio-stavebni-16931\/#primaryimage\"},\"image\":{\"@id\":\"https:\/\/www.domtechnikpro.com\/index.php\/produkt\/oblibeny-makita-dmr301-radio-stavebni-16931\/#primaryimage\"},\"thumbnailUrl\":\"https:\/\/www.domtechnikpro.com\/wp-content\/uploads\/2026\/SK0002546-CZ20260425-091908-0-1777079948-makita-dmr301-radio-stavebni.webp\",\"datePublished\":\"2026-04-26T08:54:13+00:00\",\"breadcrumb\":{\"@id\":\"https:\/\/www.domtechnikpro.com\/index.php\/produkt\/oblibeny-makita-dmr301-radio-stavebni-16931\/#breadcrumb\"},\"inLanguage\":\"cs\",\"potentialAction\":[{\"@type\":\"ReadAction\",\"target\":[\"https:\/\/www.domtechnikpro.com\/index.php\/produkt\/oblibeny-makita-dmr301-radio-stavebni-16931\/\"]}]},{\"@type\":\"ImageObject\",\"inLanguage\":\"cs\",\"@id\":\"https:\/\/www.domtechnikpro.com\/index.php\/produkt\/oblibeny-makita-dmr301-radio-stavebni-16931\/#primaryimage\",\"url\":\"https:\/\/www.domtechnikpro.com\/wp-content\/uploads\/2026\/SK0002546-CZ20260425-091908-0-1777079948-makita-dmr301-radio-stavebni.webp\",\"contentUrl\":\"https:\/\/www.domtechnikpro.com\/wp-content\/uploads\/2026\/SK0002546-CZ20260425-091908-0-1777079948-makita-dmr301-radio-stavebni.webp\",\"width\":1000,\"height\":525},{\"@type\":\"BreadcrumbList\",\"@id\":\"https:\/\/www.domtechnikpro.com\/index.php\/produkt\/oblibeny-makita-dmr301-radio-stavebni-16931\/#breadcrumb\",\"itemListElement\":[{\"@type\":\"ListItem\",\"position\":1,\"name\":\"Home\",\"item\":\"https:\/\/www.domtechnikpro.com\/\"},{\"@type\":\"ListItem\",\"position\":2,\"name\":\"Products\",\"item\":\"https:\/\/www.domtechnikpro.com\/index.php\/products\/\"},{\"@type\":\"ListItem\",\"position\":3,\"name\":\"Obl\u00edben\u00fd Makita DMR301 R\u00e1dio stavebn\u00ed\"}]},{\"@type\":\"WebSite\",\"@id\":\"https:\/\/www.domtechnikpro.com\/#website\",\"url\":\"https:\/\/www.domtechnikpro.com\/\",\"name\":\"\",\"description\":\"\",\"potentialAction\":[{\"@type\":\"SearchAction\",\"target\":{\"@type\":\"EntryPoint\",\"urlTemplate\":\"https:\/\/www.domtechnikpro.com\/?s={search_term_string}\"},\"query-input\":{\"@type\":\"PropertyValueSpecification\",\"valueRequired\":true,\"valueName\":\"search_term_string\"}}],\"inLanguage\":\"cs\"}]}<\/script>\n<!-- \/ Yoast SEO plugin. -->","yoast_head_json":{"title":"Obl\u00edben\u00fd Makita DMR301 R\u00e1dio stavebn\u00ed -","robots":{"index":"index","follow":"follow","max-snippet":"max-snippet:-1","max-image-preview":"max-image-preview:large","max-video-preview":"max-video-preview:-1"},"canonical":"https:\/\/www.domtechnikpro.com\/index.php\/produkt\/oblibeny-makita-dmr301-radio-stavebni-16931\/","og_locale":"cs_CZ","og_type":"article","og_title":"Obl\u00edben\u00fd Makita DMR301 R\u00e1dio stavebn\u00ed -","og_description":"Aku r\u00e1dio Makita DMR301 BT, bez aku s nab\u00edje\u010dkou Aku r\u00e1dio s nab\u00edje\u010dkou Makita DMR301 je navr\u017eeno pro pr\u00e1ci s Li-ion akumul\u00e1tory CXT a LXT (12\/14,4\/18V) nebo nap\u00e1jen\u00ed ze s\u00ed\u0165ov\u00e9ho adapt\u00e9ru. R\u00e1dio podporuje Bluetooth 4.2 pro p\u0159ipojen\u00ed extern\u00edch za\u0159\u00edzen\u00ed a m\u00e1 dva USB porty pro nab\u00edjen\u00ed. Disponuje digit\u00e1ln\u00edm displejem, stereoreproduktory a mo\u017enost\u00ed p\u0159\u00edjmu digit\u00e1ln\u00edho sign\u00e1lu [&hellip;]","og_url":"https:\/\/www.domtechnikpro.com\/index.php\/produkt\/oblibeny-makita-dmr301-radio-stavebni-16931\/","og_image":[{"width":1000,"height":525,"url":"https:\/\/www.domtechnikpro.com\/wp-content\/uploads\/2026\/SK0002546-CZ20260425-091908-0-1777079948-makita-dmr301-radio-stavebni.webp","type":"image\/webp"}],"twitter_card":"summary_large_image","twitter_misc":{"Odhadovan\u00e1 doba \u010dten\u00ed":"1 minuta"},"schema":{"@context":"https:\/\/schema.org","@graph":[{"@type":"WebPage","@id":"https:\/\/www.domtechnikpro.com\/index.php\/produkt\/oblibeny-makita-dmr301-radio-stavebni-16931\/","url":"https:\/\/www.domtechnikpro.com\/index.php\/produkt\/oblibeny-makita-dmr301-radio-stavebni-16931\/","name":"Obl\u00edben\u00fd Makita DMR301 R\u00e1dio stavebn\u00ed -","isPartOf":{"@id":"https:\/\/www.domtechnikpro.com\/#website"},"primaryImageOfPage":{"@id":"https:\/\/www.domtechnikpro.com\/index.php\/produkt\/oblibeny-makita-dmr301-radio-stavebni-16931\/#primaryimage"},"image":{"@id":"https:\/\/www.domtechnikpro.com\/index.php\/produkt\/oblibeny-makita-dmr301-radio-stavebni-16931\/#primaryimage"},"thumbnailUrl":"https:\/\/www.domtechnikpro.com\/wp-content\/uploads\/2026\/SK0002546-CZ20260425-091908-0-1777079948-makita-dmr301-radio-stavebni.webp","datePublished":"2026-04-26T08:54:13+00:00","breadcrumb":{"@id":"https:\/\/www.domtechnikpro.com\/index.php\/produkt\/oblibeny-makita-dmr301-radio-stavebni-16931\/#breadcrumb"},"inLanguage":"cs","potentialAction":[{"@type":"ReadAction","target":["https:\/\/www.domtechnikpro.com\/index.php\/produkt\/oblibeny-makita-dmr301-radio-stavebni-16931\/"]}]},{"@type":"ImageObject","inLanguage":"cs","@id":"https:\/\/www.domtechnikpro.com\/index.php\/produkt\/oblibeny-makita-dmr301-radio-stavebni-16931\/#primaryimage","url":"https:\/\/www.domtechnikpro.com\/wp-content\/uploads\/2026\/SK0002546-CZ20260425-091908-0-1777079948-makita-dmr301-radio-stavebni.webp","contentUrl":"https:\/\/www.domtechnikpro.com\/wp-content\/uploads\/2026\/SK0002546-CZ20260425-091908-0-1777079948-makita-dmr301-radio-stavebni.webp","width":1000,"height":525},{"@type":"BreadcrumbList","@id":"https:\/\/www.domtechnikpro.com\/index.php\/produkt\/oblibeny-makita-dmr301-radio-stavebni-16931\/#breadcrumb","itemListElement":[{"@type":"ListItem","position":1,"name":"Home","item":"https:\/\/www.domtechnikpro.com\/"},{"@type":"ListItem","position":2,"name":"Products","item":"https:\/\/www.domtechnikpro.com\/index.php\/products\/"},{"@type":"ListItem","position":3,"name":"Obl\u00edben\u00fd Makita DMR301 R\u00e1dio stavebn\u00ed"}]},{"@type":"WebSite","@id":"https:\/\/www.domtechnikpro.com\/#website","url":"https:\/\/www.domtechnikpro.com\/","name":"","description":"","potentialAction":[{"@type":"SearchAction","target":{"@type":"EntryPoint","urlTemplate":"https:\/\/www.domtechnikpro.com\/?s={search_term_string}"},"query-input":{"@type":"PropertyValueSpecification","valueRequired":true,"valueName":"search_term_string"}}],"inLanguage":"cs"}]}},"_links":{"self":[{"href":"https:\/\/www.domtechnikpro.com\/index.php\/wp-json\/wp\/v2\/product\/16931","targetHints":{"allow":["GET"]}}],"collection":[{"href":"https:\/\/www.domtechnikpro.com\/index.php\/wp-json\/wp\/v2\/product"}],"about":[{"href":"https:\/\/www.domtechnikpro.com\/index.php\/wp-json\/wp\/v2\/types\/product"}],"replies":[{"embeddable":true,"href":"https:\/\/www.domtechnikpro.com\/index.php\/wp-json\/wp\/v2\/comments?post=16931"}],"wp:featuredmedia":[{"embeddable":true,"href":"https:\/\/www.domtechnikpro.com\/index.php\/wp-json\/wp\/v2\/media\/17031"}],"wp:attachment":[{"href":"https:\/\/www.domtechnikpro.com\/index.php\/wp-json\/wp\/v2\/media?parent=16931"}],"wp:term":[{"taxonomy":"product_brand","embeddable":true,"href":"https:\/\/www.domtechnikpro.com\/index.php\/wp-json\/wp\/v2\/product_brand?post=16931"},{"taxonomy":"product_cat","embeddable":true,"href":"https:\/\/www.domtechnikpro.com\/index.php\/wp-json\/wp\/v2\/product_cat?post=16931"},{"taxonomy":"product_tag","embeddable":true,"href":"https:\/\/www.domtechnikpro.com\/index.php\/wp-json\/wp\/v2\/product_tag?post=16931"}],"curies":[{"name":"wp","href":"https:\/\/api.w.org\/{rel}","templated":true}]}}