{"id":16929,"date":"2026-04-26T08:54:13","date_gmt":"2026-04-26T08:54:13","guid":{"rendered":""},"modified":"2026-04-26T08:54:13","modified_gmt":"2026-04-26T08:54:13","slug":"makita-dur193z-aku-vyzinac-doprava-zdarma-16929","status":"publish","type":"product","link":"https:\/\/www.domtechnikpro.com\/index.php\/produkt\/makita-dur193z-aku-vyzinac-doprava-zdarma-16929\/","title":{"rendered":"Makita DUR193Z Aku vy\u017e\u00edna\u010d Doprava Zdarma"},"content":{"rendered":"<h2>Aku vy\u017e\u00edna\u010d Makita DUR193Z bez aku a nab\u00edje\u010dky<\/h2>\n<p>Aku vy\u017e\u00edna\u010d Makita DUR193Z je lehk\u00fd a kompaktn\u00ed n\u00e1stroj na Li-ion akumul\u00e1tory 18V LXT, ide\u00e1ln\u00ed pro pr\u00e1ci v bl\u00edzkosti p\u0159ek\u00e1\u017eek, jako jsou stromy \u010di obrubn\u00edky. Vy\u017e\u00edna\u010d nab\u00edz\u00ed optim\u00e1ln\u00ed vyv\u00e1\u017een\u00ed, nastavitelnou d\u00e9lku h\u0159\u00eddele (1248-1436 mm) a sklon vy\u017e\u00edn\u00e1n\u00ed v p\u011bti poloh\u00e1ch. \u00dahel vy\u017e\u00edn\u00e1n\u00ed lze nastavit v rozsahu 180\u00b0, a d\u00edky indik\u00e1toru stavu nabit\u00ed m\u00e1te p\u0159ehled o zb\u00fdvaj\u00edc\u00ed kapacit\u011b akumul\u00e1toru. Poloautomatick\u00e1 strunov\u00e1 hlava umo\u017e\u0148uje snadn\u00e9 dopl\u0148ov\u00e1n\u00ed struny. Bez akumul\u00e1toru a nab\u00edje\u010dky.<\/p>\n<p>\u00a0<\/p>\n<h2>V\u00fdhody vy\u017e\u00edna\u010de Makita DUR193Z<\/h2>\n<ul>\n<li>Lehk\u00fd a kompaktn\u00ed design pro snadnou manipulaci<\/li>\n<li>Nastaviteln\u00e1 d\u00e9lka h\u0159\u00eddele a sklon vy\u017e\u00edn\u00e1n\u00ed<\/li>\n<li>Mo\u017enost nastaven\u00ed \u00fahlu vy\u017e\u00edn\u00e1n\u00ed a\u017e o 180\u00b0<\/li>\n<li>Poloautomatick\u00e1 strunov\u00e1 hlava pro snadn\u00e9 dopl\u0148ov\u00e1n\u00ed struny<\/li>\n<li>Indik\u00e1tor stavu nabit\u00ed akumul\u00e1toru<\/li>\n<\/ul>\n<h2>K \u010demu se pou\u017e\u00edv\u00e1 Makita vy\u017e\u00edna\u010d DUR193Z<\/h2>\n<p>Aku vy\u017e\u00edna\u010d Makita DUR193Z je ide\u00e1ln\u00ed pro \u00fadr\u017ebu zahrad a tr\u00e1vn\u00edk\u016f, zejm\u00e9na v bl\u00edzkosti p\u0159ek\u00e1\u017eek. D\u00edky nastaviteln\u00e9mu \u00fahlu a sklonu vy\u017e\u00edn\u00e1n\u00ed je vhodn\u00fd pro p\u0159esnou a efektivn\u00ed pr\u00e1ci v jak\u00e9mkoli ter\u00e9nu.<\/p>\n<p>\u00a0<\/p>\n<h3>Kl\u00ed\u010dov\u00e9 vlastnosti a parametry produktu vy\u017e\u00edna\u010d Makita DUR193Z<\/h3>\n<p><span style=\"text-decoration: none; font-weight: bold; color: #ff0000;\">Dopravu nacen\u00edme dle V\u00e1mi po\u017eadovan\u00e9ho mno\u017estv\u00ed a m\u00edsta ur\u010den\u00ed.<br \/><\/span><\/p>\n<p><span style=\"text-decoration: none; font-weight: bold; color: #ff0000;\">Pro osobn\u00ed odb\u011br vy\u017eadujeme objedn\u00e1vku potvrzenou prodejcem.<\/span><\/p>\n<p><strong>V balen\u00ed:<br \/><\/strong>Poutko na \u0161\u0148\u016fru (127508-0)<br \/>Strunov\u00e1 hlava (191Y39-5)<br \/>Dod\u00e1v\u00e1no bez akumul\u00e1toru a nab\u00edje\u010dky<\/p>\n<div id=\"PDTable3\" class=\"ProductDetailTableView v3a v3 bs-view dcon dc177 PDTable3\" >\n<table>\n<thead><\/thead>\n<tbody>\n<tr class=\"attribute attr_bsshop_maker\">\n<td class=\"caption\">V\u00fdrobce<\/td>\n<td class=\"value\">Makita, spol. s r.o.<\/td>\n<\/tr>\n<tr class=\"attribute attr_A001\">\n<td class=\"caption\">rozm\u011br <\/td>\n<td class=\"value\">1248 x 265 x 358 mm<\/td>\n<\/tr>\n<tr class=\"attribute attr_A0022\">\n<td class=\"caption\">hmotnost<\/td>\n<td class=\"value\">2,6 kg<\/td>\n<\/tr>\n<tr class=\"attribute attr_AA039\">\n<td class=\"caption\">akumul\u00e1tor<\/td>\n<td class=\"value\">Li-Ion 18 V<\/td>\n<\/tr>\n<\/tbody>\n<\/table>\n<\/div>\n<\/div>\n<div id=\"PDDescription2\" class=\"UserContentView userContent v1a v1 bs-view dcon dc154 PDDescription2\" >\n<p><strong><span style=\"color: #ff0000;\">Cena je uvedena v\u010detn\u011b recykla\u010dn\u00edho poplatku.<\/span><\/strong><\/p>\n<\/div><\/div>\n<div id=\"PDImages\" class=\"ProductDetailImageView v2a v2 bs-view dcon dc172 PDImages\" >\n<div class=\"imageList\">\n<div class=\"items\">\n<div class=\"item\"><span class=\"description\">Makita DUR193Z aku vy\u017e&#237;na\u010d s nastavitelnou h\u0159&#237;del&#237; a strunovou hlavou, bez akumul&#225;toru.<\/span><\/div>\n<div class=\"item\"><span class=\"description\">Makita DUR193Z Aku vy\u017e&#237;na\u010d<\/span><\/div>\n<div class=\"item\"><span class=\"description\">Makita DUR193Z Aku vy\u017e&#237;na\u010d<\/span><\/div>\n<\/div>\n<\/div>\n<\/div>\n<\/div>\n<div id=\"e3209333\" class=\"tabs\">\n","protected":false},"excerpt":{"rendered":"<p>Aku vy\u017e\u00edna\u010d Makita DUR193Z bez aku a nab\u00edje\u010dky Aku vy\u017e\u00edna\u010d Makita DUR193Z je lehk\u00fd a kompaktn\u00ed n\u00e1stroj na Li-ion akumul\u00e1tory 18V LXT, ide\u00e1ln\u00ed pro pr\u00e1ci v bl\u00edzkosti p\u0159ek\u00e1\u017eek, jako jsou stromy \u010di obrubn\u00edky. Vy\u017e\u00edna\u010d nab\u00edz\u00ed optim\u00e1ln\u00ed vyv\u00e1\u017een\u00ed, nastavitelnou d\u00e9lku h\u0159\u00eddele (1248-1436 mm) a sklon vy\u017e\u00edn\u00e1n\u00ed v p\u011bti poloh\u00e1ch. \u00dahel vy\u017e\u00edn\u00e1n\u00ed lze nastavit v rozsahu 180\u00b0, [&hellip;]<\/p>\n","protected":false},"featured_media":17029,"comment_status":"open","ping_status":"open","template":"","meta":[],"product_brand":[],"product_cat":[86],"product_tag":[],"class_list":{"0":"post-16929","1":"product","2":"type-product","3":"status-publish","4":"has-post-thumbnail","6":"product_cat-n-193-rad-205","8":"first","9":"instock","10":"sale","11":"shipping-taxable","12":"purchasable","13":"product-type-simple"},"yoast_head":"<!-- This site is optimized with the Yoast SEO plugin v26.8 - https:\/\/yoast.com\/product\/yoast-seo-wordpress\/ -->\n<title>Makita DUR193Z Aku vy\u017e\u00edna\u010d Doprava Zdarma -<\/title>\n<meta name=\"robots\" content=\"index, follow, max-snippet:-1, max-image-preview:large, max-video-preview:-1\" \/>\n<link rel=\"canonical\" href=\"https:\/\/www.domtechnikpro.com\/index.php\/produkt\/makita-dur193z-aku-vyzinac-doprava-zdarma-16929\/\" \/>\n<meta property=\"og:locale\" content=\"cs_CZ\" \/>\n<meta property=\"og:type\" content=\"article\" \/>\n<meta property=\"og:title\" content=\"Makita DUR193Z Aku vy\u017e\u00edna\u010d Doprava Zdarma -\" \/>\n<meta property=\"og:description\" content=\"Aku vy\u017e\u00edna\u010d Makita DUR193Z bez aku a nab\u00edje\u010dky Aku vy\u017e\u00edna\u010d Makita DUR193Z je lehk\u00fd a kompaktn\u00ed n\u00e1stroj na Li-ion akumul\u00e1tory 18V LXT, ide\u00e1ln\u00ed pro pr\u00e1ci v bl\u00edzkosti p\u0159ek\u00e1\u017eek, jako jsou stromy \u010di obrubn\u00edky. Vy\u017e\u00edna\u010d nab\u00edz\u00ed optim\u00e1ln\u00ed vyv\u00e1\u017een\u00ed, nastavitelnou d\u00e9lku h\u0159\u00eddele (1248-1436 mm) a sklon vy\u017e\u00edn\u00e1n\u00ed v p\u011bti poloh\u00e1ch. \u00dahel vy\u017e\u00edn\u00e1n\u00ed lze nastavit v rozsahu 180\u00b0, [&hellip;]\" \/>\n<meta property=\"og:url\" content=\"https:\/\/www.domtechnikpro.com\/index.php\/produkt\/makita-dur193z-aku-vyzinac-doprava-zdarma-16929\/\" \/>\n<meta property=\"og:image\" content=\"https:\/\/www.domtechnikpro.com\/wp-content\/uploads\/2026\/SK0002544-CZ20260425-091908-0-1777079948-makita-dur193z-aku-vyzinac.webp\" \/>\n\t<meta property=\"og:image:width\" content=\"1000\" \/>\n\t<meta property=\"og:image:height\" content=\"525\" \/>\n\t<meta property=\"og:image:type\" content=\"image\/webp\" \/>\n<meta name=\"twitter:card\" content=\"summary_large_image\" \/>\n<meta name=\"twitter:label1\" content=\"Odhadovan\u00e1 doba \u010dten\u00ed\" \/>\n\t<meta name=\"twitter:data1\" content=\"2 minuty\" \/>\n<script type=\"application\/ld+json\" class=\"yoast-schema-graph\">{\"@context\":\"https:\/\/schema.org\",\"@graph\":[{\"@type\":\"WebPage\",\"@id\":\"https:\/\/www.domtechnikpro.com\/index.php\/produkt\/makita-dur193z-aku-vyzinac-doprava-zdarma-16929\/\",\"url\":\"https:\/\/www.domtechnikpro.com\/index.php\/produkt\/makita-dur193z-aku-vyzinac-doprava-zdarma-16929\/\",\"name\":\"Makita DUR193Z Aku vy\u017e\u00edna\u010d Doprava Zdarma -\",\"isPartOf\":{\"@id\":\"https:\/\/www.domtechnikpro.com\/#website\"},\"primaryImageOfPage\":{\"@id\":\"https:\/\/www.domtechnikpro.com\/index.php\/produkt\/makita-dur193z-aku-vyzinac-doprava-zdarma-16929\/#primaryimage\"},\"image\":{\"@id\":\"https:\/\/www.domtechnikpro.com\/index.php\/produkt\/makita-dur193z-aku-vyzinac-doprava-zdarma-16929\/#primaryimage\"},\"thumbnailUrl\":\"https:\/\/www.domtechnikpro.com\/wp-content\/uploads\/2026\/SK0002544-CZ20260425-091908-0-1777079948-makita-dur193z-aku-vyzinac.webp\",\"datePublished\":\"2026-04-26T08:54:13+00:00\",\"breadcrumb\":{\"@id\":\"https:\/\/www.domtechnikpro.com\/index.php\/produkt\/makita-dur193z-aku-vyzinac-doprava-zdarma-16929\/#breadcrumb\"},\"inLanguage\":\"cs\",\"potentialAction\":[{\"@type\":\"ReadAction\",\"target\":[\"https:\/\/www.domtechnikpro.com\/index.php\/produkt\/makita-dur193z-aku-vyzinac-doprava-zdarma-16929\/\"]}]},{\"@type\":\"ImageObject\",\"inLanguage\":\"cs\",\"@id\":\"https:\/\/www.domtechnikpro.com\/index.php\/produkt\/makita-dur193z-aku-vyzinac-doprava-zdarma-16929\/#primaryimage\",\"url\":\"https:\/\/www.domtechnikpro.com\/wp-content\/uploads\/2026\/SK0002544-CZ20260425-091908-0-1777079948-makita-dur193z-aku-vyzinac.webp\",\"contentUrl\":\"https:\/\/www.domtechnikpro.com\/wp-content\/uploads\/2026\/SK0002544-CZ20260425-091908-0-1777079948-makita-dur193z-aku-vyzinac.webp\",\"width\":1000,\"height\":525},{\"@type\":\"BreadcrumbList\",\"@id\":\"https:\/\/www.domtechnikpro.com\/index.php\/produkt\/makita-dur193z-aku-vyzinac-doprava-zdarma-16929\/#breadcrumb\",\"itemListElement\":[{\"@type\":\"ListItem\",\"position\":1,\"name\":\"Home\",\"item\":\"https:\/\/www.domtechnikpro.com\/\"},{\"@type\":\"ListItem\",\"position\":2,\"name\":\"Products\",\"item\":\"https:\/\/www.domtechnikpro.com\/index.php\/products\/\"},{\"@type\":\"ListItem\",\"position\":3,\"name\":\"Makita DUR193Z Aku vy\u017e\u00edna\u010d Doprava Zdarma\"}]},{\"@type\":\"WebSite\",\"@id\":\"https:\/\/www.domtechnikpro.com\/#website\",\"url\":\"https:\/\/www.domtechnikpro.com\/\",\"name\":\"\",\"description\":\"\",\"potentialAction\":[{\"@type\":\"SearchAction\",\"target\":{\"@type\":\"EntryPoint\",\"urlTemplate\":\"https:\/\/www.domtechnikpro.com\/?s={search_term_string}\"},\"query-input\":{\"@type\":\"PropertyValueSpecification\",\"valueRequired\":true,\"valueName\":\"search_term_string\"}}],\"inLanguage\":\"cs\"}]}<\/script>\n<!-- \/ Yoast SEO plugin. -->","yoast_head_json":{"title":"Makita DUR193Z Aku vy\u017e\u00edna\u010d Doprava Zdarma -","robots":{"index":"index","follow":"follow","max-snippet":"max-snippet:-1","max-image-preview":"max-image-preview:large","max-video-preview":"max-video-preview:-1"},"canonical":"https:\/\/www.domtechnikpro.com\/index.php\/produkt\/makita-dur193z-aku-vyzinac-doprava-zdarma-16929\/","og_locale":"cs_CZ","og_type":"article","og_title":"Makita DUR193Z Aku vy\u017e\u00edna\u010d Doprava Zdarma -","og_description":"Aku vy\u017e\u00edna\u010d Makita DUR193Z bez aku a nab\u00edje\u010dky Aku vy\u017e\u00edna\u010d Makita DUR193Z je lehk\u00fd a kompaktn\u00ed n\u00e1stroj na Li-ion akumul\u00e1tory 18V LXT, ide\u00e1ln\u00ed pro pr\u00e1ci v bl\u00edzkosti p\u0159ek\u00e1\u017eek, jako jsou stromy \u010di obrubn\u00edky. Vy\u017e\u00edna\u010d nab\u00edz\u00ed optim\u00e1ln\u00ed vyv\u00e1\u017een\u00ed, nastavitelnou d\u00e9lku h\u0159\u00eddele (1248-1436 mm) a sklon vy\u017e\u00edn\u00e1n\u00ed v p\u011bti poloh\u00e1ch. \u00dahel vy\u017e\u00edn\u00e1n\u00ed lze nastavit v rozsahu 180\u00b0, [&hellip;]","og_url":"https:\/\/www.domtechnikpro.com\/index.php\/produkt\/makita-dur193z-aku-vyzinac-doprava-zdarma-16929\/","og_image":[{"width":1000,"height":525,"url":"https:\/\/www.domtechnikpro.com\/wp-content\/uploads\/2026\/SK0002544-CZ20260425-091908-0-1777079948-makita-dur193z-aku-vyzinac.webp","type":"image\/webp"}],"twitter_card":"summary_large_image","twitter_misc":{"Odhadovan\u00e1 doba \u010dten\u00ed":"2 minuty"},"schema":{"@context":"https:\/\/schema.org","@graph":[{"@type":"WebPage","@id":"https:\/\/www.domtechnikpro.com\/index.php\/produkt\/makita-dur193z-aku-vyzinac-doprava-zdarma-16929\/","url":"https:\/\/www.domtechnikpro.com\/index.php\/produkt\/makita-dur193z-aku-vyzinac-doprava-zdarma-16929\/","name":"Makita DUR193Z Aku vy\u017e\u00edna\u010d Doprava Zdarma -","isPartOf":{"@id":"https:\/\/www.domtechnikpro.com\/#website"},"primaryImageOfPage":{"@id":"https:\/\/www.domtechnikpro.com\/index.php\/produkt\/makita-dur193z-aku-vyzinac-doprava-zdarma-16929\/#primaryimage"},"image":{"@id":"https:\/\/www.domtechnikpro.com\/index.php\/produkt\/makita-dur193z-aku-vyzinac-doprava-zdarma-16929\/#primaryimage"},"thumbnailUrl":"https:\/\/www.domtechnikpro.com\/wp-content\/uploads\/2026\/SK0002544-CZ20260425-091908-0-1777079948-makita-dur193z-aku-vyzinac.webp","datePublished":"2026-04-26T08:54:13+00:00","breadcrumb":{"@id":"https:\/\/www.domtechnikpro.com\/index.php\/produkt\/makita-dur193z-aku-vyzinac-doprava-zdarma-16929\/#breadcrumb"},"inLanguage":"cs","potentialAction":[{"@type":"ReadAction","target":["https:\/\/www.domtechnikpro.com\/index.php\/produkt\/makita-dur193z-aku-vyzinac-doprava-zdarma-16929\/"]}]},{"@type":"ImageObject","inLanguage":"cs","@id":"https:\/\/www.domtechnikpro.com\/index.php\/produkt\/makita-dur193z-aku-vyzinac-doprava-zdarma-16929\/#primaryimage","url":"https:\/\/www.domtechnikpro.com\/wp-content\/uploads\/2026\/SK0002544-CZ20260425-091908-0-1777079948-makita-dur193z-aku-vyzinac.webp","contentUrl":"https:\/\/www.domtechnikpro.com\/wp-content\/uploads\/2026\/SK0002544-CZ20260425-091908-0-1777079948-makita-dur193z-aku-vyzinac.webp","width":1000,"height":525},{"@type":"BreadcrumbList","@id":"https:\/\/www.domtechnikpro.com\/index.php\/produkt\/makita-dur193z-aku-vyzinac-doprava-zdarma-16929\/#breadcrumb","itemListElement":[{"@type":"ListItem","position":1,"name":"Home","item":"https:\/\/www.domtechnikpro.com\/"},{"@type":"ListItem","position":2,"name":"Products","item":"https:\/\/www.domtechnikpro.com\/index.php\/products\/"},{"@type":"ListItem","position":3,"name":"Makita DUR193Z Aku vy\u017e\u00edna\u010d Doprava Zdarma"}]},{"@type":"WebSite","@id":"https:\/\/www.domtechnikpro.com\/#website","url":"https:\/\/www.domtechnikpro.com\/","name":"","description":"","potentialAction":[{"@type":"SearchAction","target":{"@type":"EntryPoint","urlTemplate":"https:\/\/www.domtechnikpro.com\/?s={search_term_string}"},"query-input":{"@type":"PropertyValueSpecification","valueRequired":true,"valueName":"search_term_string"}}],"inLanguage":"cs"}]}},"_links":{"self":[{"href":"https:\/\/www.domtechnikpro.com\/index.php\/wp-json\/wp\/v2\/product\/16929","targetHints":{"allow":["GET"]}}],"collection":[{"href":"https:\/\/www.domtechnikpro.com\/index.php\/wp-json\/wp\/v2\/product"}],"about":[{"href":"https:\/\/www.domtechnikpro.com\/index.php\/wp-json\/wp\/v2\/types\/product"}],"replies":[{"embeddable":true,"href":"https:\/\/www.domtechnikpro.com\/index.php\/wp-json\/wp\/v2\/comments?post=16929"}],"wp:featuredmedia":[{"embeddable":true,"href":"https:\/\/www.domtechnikpro.com\/index.php\/wp-json\/wp\/v2\/media\/17029"}],"wp:attachment":[{"href":"https:\/\/www.domtechnikpro.com\/index.php\/wp-json\/wp\/v2\/media?parent=16929"}],"wp:term":[{"taxonomy":"product_brand","embeddable":true,"href":"https:\/\/www.domtechnikpro.com\/index.php\/wp-json\/wp\/v2\/product_brand?post=16929"},{"taxonomy":"product_cat","embeddable":true,"href":"https:\/\/www.domtechnikpro.com\/index.php\/wp-json\/wp\/v2\/product_cat?post=16929"},{"taxonomy":"product_tag","embeddable":true,"href":"https:\/\/www.domtechnikpro.com\/index.php\/wp-json\/wp\/v2\/product_tag?post=16929"}],"curies":[{"name":"wp","href":"https:\/\/api.w.org\/{rel}","templated":true}]}}