{"id":16921,"date":"2026-04-26T08:54:13","date_gmt":"2026-04-26T08:54:13","guid":{"rendered":""},"modified":"2026-04-26T08:54:13","modified_gmt":"2026-04-26T08:54:13","slug":"makita-dcl180z-vysavac-oblibeny-16921","status":"publish","type":"product","link":"https:\/\/www.domtechnikpro.com\/index.php\/produkt\/makita-dcl180z-vysavac-oblibeny-16921\/","title":{"rendered":"Makita DCL180Z Vysava\u010d Obl\u00edben\u00fd"},"content":{"rendered":"<h2>Aku vysava\u010d Makita DCL180Z bez aku a nab\u00edje\u010dky<\/h2>\n<p>Aku vysava\u010d Makita DCL180Z je lehk\u00fd a kompaktn\u00ed vysava\u010d, ide\u00e1ln\u00ed pro such\u00e9 vys\u00e1v\u00e1n\u00ed drobn\u00fdch \u010d\u00e1stic, jako je prach nebo odpad z vrt\u00e1n\u00ed. Vysava\u010d je navr\u017een pro pou\u017eit\u00ed s Li-ion akumul\u00e1tory 18 V (nen\u00ed sou\u010d\u00e1st\u00ed balen\u00ed) a m\u00e1 velk\u00fd prachov\u00fd vak o objemu 650 ml. Pogumovan\u00e1 rukoje\u0165 zaji\u0161\u0165uje pohodlnou manipulaci.<\/p>\n<p>\u00a0<\/p>\n<h2>V\u00fdhody vysava\u010de Makita DCL180Z<\/h2>\n<ul>\n<li>Lehk\u00fd a kompaktn\u00ed design pro snadn\u00e9 pou\u017e\u00edv\u00e1n\u00ed<\/li>\n<li>Velk\u00fd prachov\u00fd vak o objemu 650 ml<\/li>\n<li>Pogumovan\u00e1 rukoje\u0165 pro pohodln\u00e9 dr\u017een\u00ed<\/li>\n<li>Vhodn\u00fd pro such\u00e9 vys\u00e1v\u00e1n\u00ed drobn\u00fdch ne\u010distot<\/li>\n<li>Sou\u010d\u00e1st\u00ed balen\u00ed jsou r\u016fzn\u00e9 hubice a praktick\u00fd popruh<\/li>\n<\/ul>\n<h2>K \u010demu se pou\u017e\u00edv\u00e1 Makita vysava\u010d DCL180Z<\/h2>\n<p>Aku vysava\u010d Makita DCL180Z je ide\u00e1ln\u00ed pro rychl\u00e9 \u00faklidy drobn\u00fdch \u010d\u00e1stic a prachu v dom\u00e1cnosti, d\u00edln\u011b nebo na stavb\u011b. D\u00edky lehk\u00e9mu a kompaktn\u00edmu designu je snadno p\u0159enosn\u00fd a pohodln\u00fd na pou\u017e\u00edv\u00e1n\u00ed.<\/p>\n<p>\u00a0<\/p>\n<h3>Kl\u00ed\u010dov\u00e9 vlastnosti a parametry produktu Vysava\u010d Makita DCL180Z<\/h3>\n<p><span style=\"text-decoration: none; font-weight: bold; color: #ff0000;\">Dopravu nacen\u00edme dle V\u00e1mi po\u017eadovan\u00e9ho mno\u017estv\u00ed a m\u00edsta ur\u010den\u00ed.<br \/><\/span><\/p>\n<p><span style=\"text-decoration: none; font-weight: bold; color: #ff0000;\">Pro osobn\u00ed odb\u011br vy\u017eadujeme objedn\u00e1vku potvrzenou prodejcem.<\/span><\/p>\n<p><strong>V balen\u00ed:<br \/><\/strong>Podlahov\u00e1 hubice (122859-6)<br \/>\u00dazk\u00e1 hubice (451243-1)<br \/>Ods\u00e1vac\u00ed hadice (451244-9)<br \/>Dr\u017e\u00e1k trysky (451245-7)<br \/>Filtra\u010dn\u00ed s\u00e1\u010dek (443060-3)<br \/>P\u0159edfiltr (451208-3)<\/p>\n<div id=\"PDTable3\" class=\"ProductDetailTableView v3a v3 bs-view dcon dc177 PDTable3\" >\n<table>\n<thead><\/thead>\n<tbody>\n<tr class=\"attribute attr_bsshop_maker\">\n<td class=\"caption\">V\u00fdrobce<\/td>\n<td class=\"value\">Makita, spol. s r.o.<\/td>\n<\/tr>\n<tr class=\"attribute attr_A001\">\n<td class=\"caption\">rozm\u011br <\/td>\n<td class=\"value\">403 x 195 x 226 mm<\/td>\n<\/tr>\n<tr class=\"attribute attr_A0022\">\n<td class=\"caption\">hmotnost<\/td>\n<td class=\"value\">1,2 kg<\/td>\n<\/tr>\n<\/tbody>\n<\/table>\n<\/div>\n<\/div>\n<div id=\"PDDescription2\" class=\"UserContentView userContent v1a v1 bs-view dcon dc154 PDDescription2\" >\n<p><strong><span style=\"color: #ff0000;\">Cena je uvedena v\u010detn\u011b recykla\u010dn\u00edho poplatku.<\/span><\/strong><\/p>\n<\/div><\/div>\n<\/div>\n<div id=\"e3208705\" class=\"tabs\">\n","protected":false},"excerpt":{"rendered":"<p>Aku vysava\u010d Makita DCL180Z bez aku a nab\u00edje\u010dky Aku vysava\u010d Makita DCL180Z je lehk\u00fd a kompaktn\u00ed vysava\u010d, ide\u00e1ln\u00ed pro such\u00e9 vys\u00e1v\u00e1n\u00ed drobn\u00fdch \u010d\u00e1stic, jako je prach nebo odpad z vrt\u00e1n\u00ed. Vysava\u010d je navr\u017een pro pou\u017eit\u00ed s Li-ion akumul\u00e1tory 18 V (nen\u00ed sou\u010d\u00e1st\u00ed balen\u00ed) a m\u00e1 velk\u00fd prachov\u00fd vak o objemu 650 ml. Pogumovan\u00e1 rukoje\u0165 zaji\u0161\u0165uje [&hellip;]<\/p>\n","protected":false},"featured_media":17021,"comment_status":"open","ping_status":"open","template":"","meta":[],"product_brand":[],"product_cat":[86],"product_tag":[],"class_list":{"0":"post-16921","1":"product","2":"type-product","3":"status-publish","4":"has-post-thumbnail","6":"product_cat-n-193-rad-205","8":"first","9":"instock","10":"sale","11":"shipping-taxable","12":"purchasable","13":"product-type-simple"},"yoast_head":"<!-- This site is optimized with the Yoast SEO plugin v26.8 - https:\/\/yoast.com\/product\/yoast-seo-wordpress\/ -->\n<title>Makita DCL180Z Vysava\u010d Obl\u00edben\u00fd -<\/title>\n<meta name=\"robots\" content=\"index, follow, max-snippet:-1, max-image-preview:large, max-video-preview:-1\" \/>\n<link rel=\"canonical\" href=\"https:\/\/www.domtechnikpro.com\/index.php\/produkt\/makita-dcl180z-vysavac-oblibeny-16921\/\" \/>\n<meta property=\"og:locale\" content=\"cs_CZ\" \/>\n<meta property=\"og:type\" content=\"article\" \/>\n<meta property=\"og:title\" content=\"Makita DCL180Z Vysava\u010d Obl\u00edben\u00fd -\" \/>\n<meta property=\"og:description\" content=\"Aku vysava\u010d Makita DCL180Z bez aku a nab\u00edje\u010dky Aku vysava\u010d Makita DCL180Z je lehk\u00fd a kompaktn\u00ed vysava\u010d, ide\u00e1ln\u00ed pro such\u00e9 vys\u00e1v\u00e1n\u00ed drobn\u00fdch \u010d\u00e1stic, jako je prach nebo odpad z vrt\u00e1n\u00ed. Vysava\u010d je navr\u017een pro pou\u017eit\u00ed s Li-ion akumul\u00e1tory 18 V (nen\u00ed sou\u010d\u00e1st\u00ed balen\u00ed) a m\u00e1 velk\u00fd prachov\u00fd vak o objemu 650 ml. Pogumovan\u00e1 rukoje\u0165 zaji\u0161\u0165uje [&hellip;]\" \/>\n<meta property=\"og:url\" content=\"https:\/\/www.domtechnikpro.com\/index.php\/produkt\/makita-dcl180z-vysavac-oblibeny-16921\/\" \/>\n<meta property=\"og:image\" content=\"https:\/\/www.domtechnikpro.com\/wp-content\/uploads\/2026\/SK0002536-CZ20260425-091908-0-1777079948-makita-dcl180z-vysavac.webp\" \/>\n\t<meta property=\"og:image:width\" content=\"1000\" \/>\n\t<meta property=\"og:image:height\" content=\"525\" \/>\n\t<meta property=\"og:image:type\" content=\"image\/webp\" \/>\n<meta name=\"twitter:card\" content=\"summary_large_image\" \/>\n<meta name=\"twitter:label1\" content=\"Odhadovan\u00e1 doba \u010dten\u00ed\" \/>\n\t<meta name=\"twitter:data1\" content=\"1 minuta\" \/>\n<script type=\"application\/ld+json\" class=\"yoast-schema-graph\">{\"@context\":\"https:\/\/schema.org\",\"@graph\":[{\"@type\":\"WebPage\",\"@id\":\"https:\/\/www.domtechnikpro.com\/index.php\/produkt\/makita-dcl180z-vysavac-oblibeny-16921\/\",\"url\":\"https:\/\/www.domtechnikpro.com\/index.php\/produkt\/makita-dcl180z-vysavac-oblibeny-16921\/\",\"name\":\"Makita DCL180Z Vysava\u010d Obl\u00edben\u00fd -\",\"isPartOf\":{\"@id\":\"https:\/\/www.domtechnikpro.com\/#website\"},\"primaryImageOfPage\":{\"@id\":\"https:\/\/www.domtechnikpro.com\/index.php\/produkt\/makita-dcl180z-vysavac-oblibeny-16921\/#primaryimage\"},\"image\":{\"@id\":\"https:\/\/www.domtechnikpro.com\/index.php\/produkt\/makita-dcl180z-vysavac-oblibeny-16921\/#primaryimage\"},\"thumbnailUrl\":\"https:\/\/www.domtechnikpro.com\/wp-content\/uploads\/2026\/SK0002536-CZ20260425-091908-0-1777079948-makita-dcl180z-vysavac.webp\",\"datePublished\":\"2026-04-26T08:54:13+00:00\",\"breadcrumb\":{\"@id\":\"https:\/\/www.domtechnikpro.com\/index.php\/produkt\/makita-dcl180z-vysavac-oblibeny-16921\/#breadcrumb\"},\"inLanguage\":\"cs\",\"potentialAction\":[{\"@type\":\"ReadAction\",\"target\":[\"https:\/\/www.domtechnikpro.com\/index.php\/produkt\/makita-dcl180z-vysavac-oblibeny-16921\/\"]}]},{\"@type\":\"ImageObject\",\"inLanguage\":\"cs\",\"@id\":\"https:\/\/www.domtechnikpro.com\/index.php\/produkt\/makita-dcl180z-vysavac-oblibeny-16921\/#primaryimage\",\"url\":\"https:\/\/www.domtechnikpro.com\/wp-content\/uploads\/2026\/SK0002536-CZ20260425-091908-0-1777079948-makita-dcl180z-vysavac.webp\",\"contentUrl\":\"https:\/\/www.domtechnikpro.com\/wp-content\/uploads\/2026\/SK0002536-CZ20260425-091908-0-1777079948-makita-dcl180z-vysavac.webp\",\"width\":1000,\"height\":525},{\"@type\":\"BreadcrumbList\",\"@id\":\"https:\/\/www.domtechnikpro.com\/index.php\/produkt\/makita-dcl180z-vysavac-oblibeny-16921\/#breadcrumb\",\"itemListElement\":[{\"@type\":\"ListItem\",\"position\":1,\"name\":\"Home\",\"item\":\"https:\/\/www.domtechnikpro.com\/\"},{\"@type\":\"ListItem\",\"position\":2,\"name\":\"Products\",\"item\":\"https:\/\/www.domtechnikpro.com\/index.php\/products\/\"},{\"@type\":\"ListItem\",\"position\":3,\"name\":\"Makita DCL180Z Vysava\u010d Obl\u00edben\u00fd\"}]},{\"@type\":\"WebSite\",\"@id\":\"https:\/\/www.domtechnikpro.com\/#website\",\"url\":\"https:\/\/www.domtechnikpro.com\/\",\"name\":\"\",\"description\":\"\",\"potentialAction\":[{\"@type\":\"SearchAction\",\"target\":{\"@type\":\"EntryPoint\",\"urlTemplate\":\"https:\/\/www.domtechnikpro.com\/?s={search_term_string}\"},\"query-input\":{\"@type\":\"PropertyValueSpecification\",\"valueRequired\":true,\"valueName\":\"search_term_string\"}}],\"inLanguage\":\"cs\"}]}<\/script>\n<!-- \/ Yoast SEO plugin. -->","yoast_head_json":{"title":"Makita DCL180Z Vysava\u010d Obl\u00edben\u00fd -","robots":{"index":"index","follow":"follow","max-snippet":"max-snippet:-1","max-image-preview":"max-image-preview:large","max-video-preview":"max-video-preview:-1"},"canonical":"https:\/\/www.domtechnikpro.com\/index.php\/produkt\/makita-dcl180z-vysavac-oblibeny-16921\/","og_locale":"cs_CZ","og_type":"article","og_title":"Makita DCL180Z Vysava\u010d Obl\u00edben\u00fd -","og_description":"Aku vysava\u010d Makita DCL180Z bez aku a nab\u00edje\u010dky Aku vysava\u010d Makita DCL180Z je lehk\u00fd a kompaktn\u00ed vysava\u010d, ide\u00e1ln\u00ed pro such\u00e9 vys\u00e1v\u00e1n\u00ed drobn\u00fdch \u010d\u00e1stic, jako je prach nebo odpad z vrt\u00e1n\u00ed. Vysava\u010d je navr\u017een pro pou\u017eit\u00ed s Li-ion akumul\u00e1tory 18 V (nen\u00ed sou\u010d\u00e1st\u00ed balen\u00ed) a m\u00e1 velk\u00fd prachov\u00fd vak o objemu 650 ml. Pogumovan\u00e1 rukoje\u0165 zaji\u0161\u0165uje [&hellip;]","og_url":"https:\/\/www.domtechnikpro.com\/index.php\/produkt\/makita-dcl180z-vysavac-oblibeny-16921\/","og_image":[{"width":1000,"height":525,"url":"https:\/\/www.domtechnikpro.com\/wp-content\/uploads\/2026\/SK0002536-CZ20260425-091908-0-1777079948-makita-dcl180z-vysavac.webp","type":"image\/webp"}],"twitter_card":"summary_large_image","twitter_misc":{"Odhadovan\u00e1 doba \u010dten\u00ed":"1 minuta"},"schema":{"@context":"https:\/\/schema.org","@graph":[{"@type":"WebPage","@id":"https:\/\/www.domtechnikpro.com\/index.php\/produkt\/makita-dcl180z-vysavac-oblibeny-16921\/","url":"https:\/\/www.domtechnikpro.com\/index.php\/produkt\/makita-dcl180z-vysavac-oblibeny-16921\/","name":"Makita DCL180Z Vysava\u010d Obl\u00edben\u00fd -","isPartOf":{"@id":"https:\/\/www.domtechnikpro.com\/#website"},"primaryImageOfPage":{"@id":"https:\/\/www.domtechnikpro.com\/index.php\/produkt\/makita-dcl180z-vysavac-oblibeny-16921\/#primaryimage"},"image":{"@id":"https:\/\/www.domtechnikpro.com\/index.php\/produkt\/makita-dcl180z-vysavac-oblibeny-16921\/#primaryimage"},"thumbnailUrl":"https:\/\/www.domtechnikpro.com\/wp-content\/uploads\/2026\/SK0002536-CZ20260425-091908-0-1777079948-makita-dcl180z-vysavac.webp","datePublished":"2026-04-26T08:54:13+00:00","breadcrumb":{"@id":"https:\/\/www.domtechnikpro.com\/index.php\/produkt\/makita-dcl180z-vysavac-oblibeny-16921\/#breadcrumb"},"inLanguage":"cs","potentialAction":[{"@type":"ReadAction","target":["https:\/\/www.domtechnikpro.com\/index.php\/produkt\/makita-dcl180z-vysavac-oblibeny-16921\/"]}]},{"@type":"ImageObject","inLanguage":"cs","@id":"https:\/\/www.domtechnikpro.com\/index.php\/produkt\/makita-dcl180z-vysavac-oblibeny-16921\/#primaryimage","url":"https:\/\/www.domtechnikpro.com\/wp-content\/uploads\/2026\/SK0002536-CZ20260425-091908-0-1777079948-makita-dcl180z-vysavac.webp","contentUrl":"https:\/\/www.domtechnikpro.com\/wp-content\/uploads\/2026\/SK0002536-CZ20260425-091908-0-1777079948-makita-dcl180z-vysavac.webp","width":1000,"height":525},{"@type":"BreadcrumbList","@id":"https:\/\/www.domtechnikpro.com\/index.php\/produkt\/makita-dcl180z-vysavac-oblibeny-16921\/#breadcrumb","itemListElement":[{"@type":"ListItem","position":1,"name":"Home","item":"https:\/\/www.domtechnikpro.com\/"},{"@type":"ListItem","position":2,"name":"Products","item":"https:\/\/www.domtechnikpro.com\/index.php\/products\/"},{"@type":"ListItem","position":3,"name":"Makita DCL180Z Vysava\u010d Obl\u00edben\u00fd"}]},{"@type":"WebSite","@id":"https:\/\/www.domtechnikpro.com\/#website","url":"https:\/\/www.domtechnikpro.com\/","name":"","description":"","potentialAction":[{"@type":"SearchAction","target":{"@type":"EntryPoint","urlTemplate":"https:\/\/www.domtechnikpro.com\/?s={search_term_string}"},"query-input":{"@type":"PropertyValueSpecification","valueRequired":true,"valueName":"search_term_string"}}],"inLanguage":"cs"}]}},"_links":{"self":[{"href":"https:\/\/www.domtechnikpro.com\/index.php\/wp-json\/wp\/v2\/product\/16921","targetHints":{"allow":["GET"]}}],"collection":[{"href":"https:\/\/www.domtechnikpro.com\/index.php\/wp-json\/wp\/v2\/product"}],"about":[{"href":"https:\/\/www.domtechnikpro.com\/index.php\/wp-json\/wp\/v2\/types\/product"}],"replies":[{"embeddable":true,"href":"https:\/\/www.domtechnikpro.com\/index.php\/wp-json\/wp\/v2\/comments?post=16921"}],"wp:featuredmedia":[{"embeddable":true,"href":"https:\/\/www.domtechnikpro.com\/index.php\/wp-json\/wp\/v2\/media\/17021"}],"wp:attachment":[{"href":"https:\/\/www.domtechnikpro.com\/index.php\/wp-json\/wp\/v2\/media?parent=16921"}],"wp:term":[{"taxonomy":"product_brand","embeddable":true,"href":"https:\/\/www.domtechnikpro.com\/index.php\/wp-json\/wp\/v2\/product_brand?post=16921"},{"taxonomy":"product_cat","embeddable":true,"href":"https:\/\/www.domtechnikpro.com\/index.php\/wp-json\/wp\/v2\/product_cat?post=16921"},{"taxonomy":"product_tag","embeddable":true,"href":"https:\/\/www.domtechnikpro.com\/index.php\/wp-json\/wp\/v2\/product_tag?post=16921"}],"curies":[{"name":"wp","href":"https:\/\/api.w.org\/{rel}","templated":true}]}}