{"id":16919,"date":"2026-04-26T08:54:13","date_gmt":"2026-04-26T08:54:13","guid":{"rendered":""},"modified":"2026-04-26T08:54:13","modified_gmt":"2026-04-26T08:54:13","slug":"makita-dtd154z-utahovak-nizka-cena-16919","status":"publish","type":"product","link":"https:\/\/www.domtechnikpro.com\/index.php\/produkt\/makita-dtd154z-utahovak-nizka-cena-16919\/","title":{"rendered":"Makita DTD154Z Utahov\u00e1k N\u00edzk\u00e1 Cena"},"content":{"rendered":"<h2>Aku r\u00e1zov\u00fd utahov\u00e1k Makita DTD154Z bez aku a nab\u00edje\u010dky<\/h2>\n<p><strong>Aku r\u00e1zov\u00fd utahov\u00e1k Makita DTD154Z<\/strong> LXT s bezuhl\u00edkov\u00fdm motorem a <strong>3stup\u0148ov\u00fdm elektronick\u00fdm nastaven\u00edm rychlost\u00ed<\/strong> je ide\u00e1ln\u00ed pro pr\u00e1ci v n\u00e1ro\u010dn\u00fdch podm\u00ednk\u00e1ch d\u00edky technologii XPT. <strong>Lehk\u00fd a kompaktn\u00ed design<\/strong>, ergonomick\u00e1 pogumovan\u00e1 rukoje\u0165 a LED osv\u011btlen\u00ed zvy\u0161uj\u00ed <strong>komfort p\u0159i pr\u00e1ci<\/strong>. Bez akumul\u00e1toru, nab\u00edje\u010dky a kufru.<\/p>\n<p>\u00a0<\/p>\n<h2>V\u00fdhody utahov\u00e1ku Makita DTD154Z<\/h2>\n<ul>\n<li>Bezuhl\u00edkov\u00fd motor pro del\u0161\u00ed pracovn\u00ed cyklus<\/li>\n<li>3stup\u0148ov\u00e9 nastaven\u00ed rychlost\u00ed + funkce pro TEX vruty<\/li>\n<li>Technologie XPT pro pou\u017eit\u00ed v pra\u0161n\u00e9m a vlhk\u00e9m prost\u0159ed\u00ed<\/li>\n<li>Celokovov\u00e1 p\u0159evodovka pro dlouhou \u017eivotnost<\/li>\n<li>Lehk\u00fd, kompaktn\u00ed design s LED osv\u011btlen\u00edm pracovn\u00ed plochy<\/li>\n<\/ul>\n<h2>K \u010demu se pou\u017e\u00edv\u00e1 Makita utahov\u00e1k DTD154Z<\/h2>\n<p>Aku r\u00e1zov\u00fd utahov\u00e1k Makita DTD154Z je ide\u00e1ln\u00ed pro profesion\u00e1ln\u00ed \u0161roubov\u00e1n\u00ed a utahov\u00e1n\u00ed v n\u00e1ro\u010dn\u00fdch podm\u00ednk\u00e1ch. D\u00edky kompaktn\u00edmu designu a funkci pro aplikaci TEX vrut\u016f je vhodn\u00fd pro r\u016fzn\u00e9 stavebn\u00ed a mont\u00e1\u017en\u00ed pr\u00e1ce.<\/p>\n<p>\u00a0<\/p>\n<h3>Kl\u00ed\u010dov\u00e9 vlastnosti a parametry produktu Vrta\u010dka Makita DF333DSAE<\/h3>\n<p><span style=\"text-decoration: none; font-weight: bold; color: #ff0000;\">Dopravu nacen\u00edme dle V\u00e1mi po\u017eadovan\u00e9ho mno\u017estv\u00ed a m\u00edsta ur\u010den\u00ed.<br \/><\/span><\/p>\n<p><span style=\"text-decoration: none; font-weight: bold; color: #ff0000;\">Pro osobn\u00ed odb\u011br vy\u017eadujeme objedn\u00e1vku potvrzenou prodejcem.<\/span><\/p>\n<div id=\"PDTable3\" class=\"ProductDetailTableView v3a v3 bs-view dcon dc177 PDTable3\" >\n<table>\n<thead><\/thead>\n<tbody>\n<tr class=\"attribute attr_bsshop_maker\">\n<td class=\"caption\">V\u00fdrobce<\/td>\n<td class=\"value\">Makita, spol. s r.o.<\/td>\n<\/tr>\n<tr class=\"attribute attr_A001\">\n<td class=\"caption\">rozm\u011br <\/td>\n<td class=\"value\">117 x 79 x 236 mm<\/td>\n<\/tr>\n<tr class=\"attribute attr_A0022\">\n<td class=\"caption\">hmotnost<\/td>\n<td class=\"value\">1,3 kg<\/td>\n<\/tr>\n<tr class=\"attribute attr_AA039\">\n<td class=\"caption\">akumul\u00e1tor<\/td>\n<td class=\"value\">Li-Ion 18 V<\/td>\n<\/tr>\n<\/tbody>\n<\/table>\n<\/div>\n<\/div>\n<div id=\"PDDescription2\" class=\"UserContentView userContent v1a v1 bs-view dcon dc154 PDDescription2\" >\n<p><strong><span style=\"color: #ff0000;\">Cena je uvedena v\u010detn\u011b recykla\u010dn\u00edho poplatku.<\/span><\/strong><\/p>\n<\/div><\/div>\n<div id=\"PDImages\" class=\"ProductDetailImageView v2a v2 bs-view dcon dc172 PDImages\" >\n<div class=\"imageList\">\n<div class=\"items\">\n<div class=\"item\"><span class=\"description\">Makita DTD154Z aku r&#225;zov&#253; utahov&#225;k s bezuhl&#237;kov&#253;m motorem, 3stup\u0148ov&#253;m nastaven&#237;m rychlost&#237; a LED osv\u011btlen&#237;m, bez akumul&#225;toru.<\/span><\/div>\n<div class=\"item\"><span class=\"description\">Makita DTD154Z Utahov&#225;k<\/span><\/div>\n<\/div>\n<\/div>\n<\/div>\n<\/div>\n<div id=\"e3208549\" class=\"tabs\">\n","protected":false},"excerpt":{"rendered":"<p>Aku r\u00e1zov\u00fd utahov\u00e1k Makita DTD154Z bez aku a nab\u00edje\u010dky Aku r\u00e1zov\u00fd utahov\u00e1k Makita DTD154Z LXT s bezuhl\u00edkov\u00fdm motorem a 3stup\u0148ov\u00fdm elektronick\u00fdm nastaven\u00edm rychlost\u00ed je ide\u00e1ln\u00ed pro pr\u00e1ci v n\u00e1ro\u010dn\u00fdch podm\u00ednk\u00e1ch d\u00edky technologii XPT. Lehk\u00fd a kompaktn\u00ed design, ergonomick\u00e1 pogumovan\u00e1 rukoje\u0165 a LED osv\u011btlen\u00ed zvy\u0161uj\u00ed komfort p\u0159i pr\u00e1ci. Bez akumul\u00e1toru, nab\u00edje\u010dky a kufru. \u00a0 V\u00fdhody utahov\u00e1ku [&hellip;]<\/p>\n","protected":false},"featured_media":17019,"comment_status":"open","ping_status":"open","template":"","meta":[],"product_brand":[],"product_cat":[86],"product_tag":[],"class_list":{"0":"post-16919","1":"product","2":"type-product","3":"status-publish","4":"has-post-thumbnail","6":"product_cat-n-193-rad-205","8":"first","9":"instock","10":"sale","11":"shipping-taxable","12":"purchasable","13":"product-type-simple"},"yoast_head":"<!-- This site is optimized with the Yoast SEO plugin v26.8 - https:\/\/yoast.com\/product\/yoast-seo-wordpress\/ -->\n<title>Makita DTD154Z Utahov\u00e1k N\u00edzk\u00e1 Cena -<\/title>\n<meta name=\"robots\" content=\"index, follow, max-snippet:-1, max-image-preview:large, max-video-preview:-1\" \/>\n<link rel=\"canonical\" href=\"https:\/\/www.domtechnikpro.com\/index.php\/produkt\/makita-dtd154z-utahovak-nizka-cena-16919\/\" \/>\n<meta property=\"og:locale\" content=\"cs_CZ\" \/>\n<meta property=\"og:type\" content=\"article\" \/>\n<meta property=\"og:title\" content=\"Makita DTD154Z Utahov\u00e1k N\u00edzk\u00e1 Cena -\" \/>\n<meta property=\"og:description\" content=\"Aku r\u00e1zov\u00fd utahov\u00e1k Makita DTD154Z bez aku a nab\u00edje\u010dky Aku r\u00e1zov\u00fd utahov\u00e1k Makita DTD154Z LXT s bezuhl\u00edkov\u00fdm motorem a 3stup\u0148ov\u00fdm elektronick\u00fdm nastaven\u00edm rychlost\u00ed je ide\u00e1ln\u00ed pro pr\u00e1ci v n\u00e1ro\u010dn\u00fdch podm\u00ednk\u00e1ch d\u00edky technologii XPT. Lehk\u00fd a kompaktn\u00ed design, ergonomick\u00e1 pogumovan\u00e1 rukoje\u0165 a LED osv\u011btlen\u00ed zvy\u0161uj\u00ed komfort p\u0159i pr\u00e1ci. Bez akumul\u00e1toru, nab\u00edje\u010dky a kufru. \u00a0 V\u00fdhody utahov\u00e1ku [&hellip;]\" \/>\n<meta property=\"og:url\" content=\"https:\/\/www.domtechnikpro.com\/index.php\/produkt\/makita-dtd154z-utahovak-nizka-cena-16919\/\" \/>\n<meta property=\"og:image\" content=\"https:\/\/www.domtechnikpro.com\/wp-content\/uploads\/2026\/SK0002534-CZ20260425-091908-0-1777079948-makita-dtd154z-utahovak.webp\" \/>\n\t<meta property=\"og:image:width\" content=\"1000\" \/>\n\t<meta property=\"og:image:height\" content=\"525\" \/>\n\t<meta property=\"og:image:type\" content=\"image\/webp\" \/>\n<meta name=\"twitter:card\" content=\"summary_large_image\" \/>\n<meta name=\"twitter:label1\" content=\"Odhadovan\u00e1 doba \u010dten\u00ed\" \/>\n\t<meta name=\"twitter:data1\" content=\"1 minuta\" \/>\n<script type=\"application\/ld+json\" class=\"yoast-schema-graph\">{\"@context\":\"https:\/\/schema.org\",\"@graph\":[{\"@type\":\"WebPage\",\"@id\":\"https:\/\/www.domtechnikpro.com\/index.php\/produkt\/makita-dtd154z-utahovak-nizka-cena-16919\/\",\"url\":\"https:\/\/www.domtechnikpro.com\/index.php\/produkt\/makita-dtd154z-utahovak-nizka-cena-16919\/\",\"name\":\"Makita DTD154Z Utahov\u00e1k N\u00edzk\u00e1 Cena -\",\"isPartOf\":{\"@id\":\"https:\/\/www.domtechnikpro.com\/#website\"},\"primaryImageOfPage\":{\"@id\":\"https:\/\/www.domtechnikpro.com\/index.php\/produkt\/makita-dtd154z-utahovak-nizka-cena-16919\/#primaryimage\"},\"image\":{\"@id\":\"https:\/\/www.domtechnikpro.com\/index.php\/produkt\/makita-dtd154z-utahovak-nizka-cena-16919\/#primaryimage\"},\"thumbnailUrl\":\"https:\/\/www.domtechnikpro.com\/wp-content\/uploads\/2026\/SK0002534-CZ20260425-091908-0-1777079948-makita-dtd154z-utahovak.webp\",\"datePublished\":\"2026-04-26T08:54:13+00:00\",\"breadcrumb\":{\"@id\":\"https:\/\/www.domtechnikpro.com\/index.php\/produkt\/makita-dtd154z-utahovak-nizka-cena-16919\/#breadcrumb\"},\"inLanguage\":\"cs\",\"potentialAction\":[{\"@type\":\"ReadAction\",\"target\":[\"https:\/\/www.domtechnikpro.com\/index.php\/produkt\/makita-dtd154z-utahovak-nizka-cena-16919\/\"]}]},{\"@type\":\"ImageObject\",\"inLanguage\":\"cs\",\"@id\":\"https:\/\/www.domtechnikpro.com\/index.php\/produkt\/makita-dtd154z-utahovak-nizka-cena-16919\/#primaryimage\",\"url\":\"https:\/\/www.domtechnikpro.com\/wp-content\/uploads\/2026\/SK0002534-CZ20260425-091908-0-1777079948-makita-dtd154z-utahovak.webp\",\"contentUrl\":\"https:\/\/www.domtechnikpro.com\/wp-content\/uploads\/2026\/SK0002534-CZ20260425-091908-0-1777079948-makita-dtd154z-utahovak.webp\",\"width\":1000,\"height\":525},{\"@type\":\"BreadcrumbList\",\"@id\":\"https:\/\/www.domtechnikpro.com\/index.php\/produkt\/makita-dtd154z-utahovak-nizka-cena-16919\/#breadcrumb\",\"itemListElement\":[{\"@type\":\"ListItem\",\"position\":1,\"name\":\"Home\",\"item\":\"https:\/\/www.domtechnikpro.com\/\"},{\"@type\":\"ListItem\",\"position\":2,\"name\":\"Products\",\"item\":\"https:\/\/www.domtechnikpro.com\/index.php\/products\/\"},{\"@type\":\"ListItem\",\"position\":3,\"name\":\"Makita DTD154Z Utahov\u00e1k N\u00edzk\u00e1 Cena\"}]},{\"@type\":\"WebSite\",\"@id\":\"https:\/\/www.domtechnikpro.com\/#website\",\"url\":\"https:\/\/www.domtechnikpro.com\/\",\"name\":\"\",\"description\":\"\",\"potentialAction\":[{\"@type\":\"SearchAction\",\"target\":{\"@type\":\"EntryPoint\",\"urlTemplate\":\"https:\/\/www.domtechnikpro.com\/?s={search_term_string}\"},\"query-input\":{\"@type\":\"PropertyValueSpecification\",\"valueRequired\":true,\"valueName\":\"search_term_string\"}}],\"inLanguage\":\"cs\"}]}<\/script>\n<!-- \/ Yoast SEO plugin. -->","yoast_head_json":{"title":"Makita DTD154Z Utahov\u00e1k N\u00edzk\u00e1 Cena -","robots":{"index":"index","follow":"follow","max-snippet":"max-snippet:-1","max-image-preview":"max-image-preview:large","max-video-preview":"max-video-preview:-1"},"canonical":"https:\/\/www.domtechnikpro.com\/index.php\/produkt\/makita-dtd154z-utahovak-nizka-cena-16919\/","og_locale":"cs_CZ","og_type":"article","og_title":"Makita DTD154Z Utahov\u00e1k N\u00edzk\u00e1 Cena -","og_description":"Aku r\u00e1zov\u00fd utahov\u00e1k Makita DTD154Z bez aku a nab\u00edje\u010dky Aku r\u00e1zov\u00fd utahov\u00e1k Makita DTD154Z LXT s bezuhl\u00edkov\u00fdm motorem a 3stup\u0148ov\u00fdm elektronick\u00fdm nastaven\u00edm rychlost\u00ed je ide\u00e1ln\u00ed pro pr\u00e1ci v n\u00e1ro\u010dn\u00fdch podm\u00ednk\u00e1ch d\u00edky technologii XPT. Lehk\u00fd a kompaktn\u00ed design, ergonomick\u00e1 pogumovan\u00e1 rukoje\u0165 a LED osv\u011btlen\u00ed zvy\u0161uj\u00ed komfort p\u0159i pr\u00e1ci. Bez akumul\u00e1toru, nab\u00edje\u010dky a kufru. \u00a0 V\u00fdhody utahov\u00e1ku [&hellip;]","og_url":"https:\/\/www.domtechnikpro.com\/index.php\/produkt\/makita-dtd154z-utahovak-nizka-cena-16919\/","og_image":[{"width":1000,"height":525,"url":"https:\/\/www.domtechnikpro.com\/wp-content\/uploads\/2026\/SK0002534-CZ20260425-091908-0-1777079948-makita-dtd154z-utahovak.webp","type":"image\/webp"}],"twitter_card":"summary_large_image","twitter_misc":{"Odhadovan\u00e1 doba \u010dten\u00ed":"1 minuta"},"schema":{"@context":"https:\/\/schema.org","@graph":[{"@type":"WebPage","@id":"https:\/\/www.domtechnikpro.com\/index.php\/produkt\/makita-dtd154z-utahovak-nizka-cena-16919\/","url":"https:\/\/www.domtechnikpro.com\/index.php\/produkt\/makita-dtd154z-utahovak-nizka-cena-16919\/","name":"Makita DTD154Z Utahov\u00e1k N\u00edzk\u00e1 Cena -","isPartOf":{"@id":"https:\/\/www.domtechnikpro.com\/#website"},"primaryImageOfPage":{"@id":"https:\/\/www.domtechnikpro.com\/index.php\/produkt\/makita-dtd154z-utahovak-nizka-cena-16919\/#primaryimage"},"image":{"@id":"https:\/\/www.domtechnikpro.com\/index.php\/produkt\/makita-dtd154z-utahovak-nizka-cena-16919\/#primaryimage"},"thumbnailUrl":"https:\/\/www.domtechnikpro.com\/wp-content\/uploads\/2026\/SK0002534-CZ20260425-091908-0-1777079948-makita-dtd154z-utahovak.webp","datePublished":"2026-04-26T08:54:13+00:00","breadcrumb":{"@id":"https:\/\/www.domtechnikpro.com\/index.php\/produkt\/makita-dtd154z-utahovak-nizka-cena-16919\/#breadcrumb"},"inLanguage":"cs","potentialAction":[{"@type":"ReadAction","target":["https:\/\/www.domtechnikpro.com\/index.php\/produkt\/makita-dtd154z-utahovak-nizka-cena-16919\/"]}]},{"@type":"ImageObject","inLanguage":"cs","@id":"https:\/\/www.domtechnikpro.com\/index.php\/produkt\/makita-dtd154z-utahovak-nizka-cena-16919\/#primaryimage","url":"https:\/\/www.domtechnikpro.com\/wp-content\/uploads\/2026\/SK0002534-CZ20260425-091908-0-1777079948-makita-dtd154z-utahovak.webp","contentUrl":"https:\/\/www.domtechnikpro.com\/wp-content\/uploads\/2026\/SK0002534-CZ20260425-091908-0-1777079948-makita-dtd154z-utahovak.webp","width":1000,"height":525},{"@type":"BreadcrumbList","@id":"https:\/\/www.domtechnikpro.com\/index.php\/produkt\/makita-dtd154z-utahovak-nizka-cena-16919\/#breadcrumb","itemListElement":[{"@type":"ListItem","position":1,"name":"Home","item":"https:\/\/www.domtechnikpro.com\/"},{"@type":"ListItem","position":2,"name":"Products","item":"https:\/\/www.domtechnikpro.com\/index.php\/products\/"},{"@type":"ListItem","position":3,"name":"Makita DTD154Z Utahov\u00e1k N\u00edzk\u00e1 Cena"}]},{"@type":"WebSite","@id":"https:\/\/www.domtechnikpro.com\/#website","url":"https:\/\/www.domtechnikpro.com\/","name":"","description":"","potentialAction":[{"@type":"SearchAction","target":{"@type":"EntryPoint","urlTemplate":"https:\/\/www.domtechnikpro.com\/?s={search_term_string}"},"query-input":{"@type":"PropertyValueSpecification","valueRequired":true,"valueName":"search_term_string"}}],"inLanguage":"cs"}]}},"_links":{"self":[{"href":"https:\/\/www.domtechnikpro.com\/index.php\/wp-json\/wp\/v2\/product\/16919","targetHints":{"allow":["GET"]}}],"collection":[{"href":"https:\/\/www.domtechnikpro.com\/index.php\/wp-json\/wp\/v2\/product"}],"about":[{"href":"https:\/\/www.domtechnikpro.com\/index.php\/wp-json\/wp\/v2\/types\/product"}],"replies":[{"embeddable":true,"href":"https:\/\/www.domtechnikpro.com\/index.php\/wp-json\/wp\/v2\/comments?post=16919"}],"wp:featuredmedia":[{"embeddable":true,"href":"https:\/\/www.domtechnikpro.com\/index.php\/wp-json\/wp\/v2\/media\/17019"}],"wp:attachment":[{"href":"https:\/\/www.domtechnikpro.com\/index.php\/wp-json\/wp\/v2\/media?parent=16919"}],"wp:term":[{"taxonomy":"product_brand","embeddable":true,"href":"https:\/\/www.domtechnikpro.com\/index.php\/wp-json\/wp\/v2\/product_brand?post=16919"},{"taxonomy":"product_cat","embeddable":true,"href":"https:\/\/www.domtechnikpro.com\/index.php\/wp-json\/wp\/v2\/product_cat?post=16919"},{"taxonomy":"product_tag","embeddable":true,"href":"https:\/\/www.domtechnikpro.com\/index.php\/wp-json\/wp\/v2\/product_tag?post=16919"}],"curies":[{"name":"wp","href":"https:\/\/api.w.org\/{rel}","templated":true}]}}