{"id":16914,"date":"2026-04-26T08:54:13","date_gmt":"2026-04-26T08:54:13","guid":{"rendered":""},"modified":"2026-04-26T08:54:13","modified_gmt":"2026-04-26T08:54:13","slug":"makita-bl1860b-18v-6ah-li-ion-zlevneny-16914","status":"publish","type":"product","link":"https:\/\/www.domtechnikpro.com\/index.php\/produkt\/makita-bl1860b-18v-6ah-li-ion-zlevneny-16914\/","title":{"rendered":"Makita BL1860B 18V 6Ah Li-Ion Zlevn\u011bn\u00fd"},"content":{"rendered":"<h2>Akumul\u00e1tor Makita BL1860B 18V 6Ah li-Ion<\/h2>\n<p><strong>Akumul\u00e1tor Makita BL1860B<\/strong> s dlouhou \u017eivotnost\u00ed a ochranou proti p\u0159eh\u0159\u00e1t\u00ed, p\u0159ebit\u00ed a hlubok\u00e9mu vybit\u00ed. <strong>Ide\u00e1ln\u00ed pro n\u00e1\u0159ad\u00ed Makita, v\u010detn\u011b vrta\u010dek, brusek a pil, s univerz\u00e1ln\u00edm vyu\u017eit\u00edm pro dom\u00e1c\u00ed i profesion\u00e1ln\u00ed pr\u00e1ce.<\/strong><\/p>\n<p>\u00a0<\/p>\n<h2>V\u00fdhody akumul\u00e1toru Makita BL1860B<\/h2>\n<ul>\n<li>Ochrana proti p\u0159eh\u0159\u00e1t\u00ed, zkratu a p\u0159ebit\u00ed<\/li>\n<li>LED indik\u00e1tor kapacity<\/li>\n<li>Vestav\u011bn\u00fd syst\u00e9m chlazen\u00ed pro rychl\u00e9 nab\u00edjen\u00ed<\/li>\n<li>Kompatibilita s r\u016fzn\u00fdmi stroji Makita<\/li>\n<li>Dlouh\u00e1 \u017eivotnost a spolehlivost<\/li>\n<\/ul>\n<h2>K \u010demu se pou\u017e\u00edv\u00e1 Makita akumul\u00e1tor BL1860B<\/h2>\n<p>Akumul\u00e1tor Makita BL1860B je vhodn\u00fd pro r\u016fzn\u00e9 modely stroj\u016f, v\u010detn\u011b vrta\u010dek, brusek a pil. Nab\u00edz\u00ed bezpe\u010dn\u00e9 a efektivn\u00ed pou\u017e\u00edv\u00e1n\u00ed v d\u00edln\u011b, gar\u00e1\u017ei i na zahrad\u011b.<\/p>\n<p>\u00a0<\/p>\n<h3>Kl\u00ed\u010dov\u00e9 vlastnosti a parametry produktu Akumul\u00e1tor Makita BL1860B<\/h3>\n<p><span style=\"text-decoration: none; font-weight: bold; color: #ff0000;\">Dopravu nacen\u00edme dle V\u00e1mi po\u017eadovan\u00e9ho mno\u017estv\u00ed a m\u00edsta ur\u010den\u00ed.<br \/><\/span><\/p>\n<p><span style=\"text-decoration: none; font-weight: bold; color: #ff0000;\">Pro osobn\u00ed odb\u011br vy\u017eadujeme objedn\u00e1vku potvrzenou prodejcem.<\/span><\/p>\n<div id=\"PDTable3\" class=\"ProductDetailTableView v3a v3 bs-view dcon dc177 PDTable3\" >\n<table>\n<thead><\/thead>\n<tbody>\n<tr class=\"attribute attr_bsshop_maker\">\n<td class=\"caption\">V\u00fdrobce<\/td>\n<td class=\"value\">Makita, spol. s r.o.<\/td>\n<\/tr>\n<tr class=\"attribute attr_A001\">\n<td class=\"caption\">rozm\u011br <\/td>\n<td class=\"value\">115 x 74 x 65 mm<\/td>\n<\/tr>\n<tr class=\"attribute attr_A0022\">\n<td class=\"caption\">hmotnost<\/td>\n<td class=\"value\">0,7 kg<\/td>\n<\/tr>\n<tr class=\"attribute attr_A0037\">\n<td class=\"caption\">kapacita akumul\u00e1toru<\/td>\n<td class=\"value\">6000 mAh<\/td>\n<\/tr>\n<tr class=\"attribute attr_A0038\">\n<td class=\"caption\">nap\u011bt\u00ed<\/td>\n<td class=\"value\">18 V<\/td>\n<\/tr>\n<tr class=\"attribute attr_A0039\">\n<td class=\"caption\">typ<\/td>\n<td class=\"value\">Li-Ion<\/td>\n<\/tr>\n<\/tbody>\n<\/table>\n<\/div>\n<\/div>\n<div id=\"PDDescription2\" class=\"UserContentView userContent v1a v1 bs-view dcon dc154 PDDescription2\" >\n<p><strong><span style=\"color: #ff0000;\">Cena je uvedena v\u010detn\u011b recykla\u010dn\u00edho poplatku.<\/span><\/strong><\/p>\n<\/div><\/div>\n<div id=\"PDImages\" class=\"ProductDetailImageView v2a v2 bs-view dcon dc172 PDImages\" >\n<div class=\"imageList\">\n<div class=\"items\">\n<div class=\"item\"><span class=\"description\">Makita BL1860B akumul&#225;tor s LED indik&#225;torem a ochranou proti p\u0159eh\u0159&#225;t&#237;, p\u0159ebit&#237; a hlubok&#233;mu vybit&#237;.<\/span><\/div>\n<div class=\"item\"><span class=\"description\">Makita BL1860B 18V 6Ah Li-Ion<\/span><\/div>\n<\/div>\n<\/div>\n<\/div>\n<\/div>\n<div id=\"e3208156\" class=\"tabs\">\n","protected":false},"excerpt":{"rendered":"<p>Akumul\u00e1tor Makita BL1860B 18V 6Ah li-Ion Akumul\u00e1tor Makita BL1860B s dlouhou \u017eivotnost\u00ed a ochranou proti p\u0159eh\u0159\u00e1t\u00ed, p\u0159ebit\u00ed a hlubok\u00e9mu vybit\u00ed. Ide\u00e1ln\u00ed pro n\u00e1\u0159ad\u00ed Makita, v\u010detn\u011b vrta\u010dek, brusek a pil, s univerz\u00e1ln\u00edm vyu\u017eit\u00edm pro dom\u00e1c\u00ed i profesion\u00e1ln\u00ed pr\u00e1ce. \u00a0 V\u00fdhody akumul\u00e1toru Makita BL1860B Ochrana proti p\u0159eh\u0159\u00e1t\u00ed, zkratu a p\u0159ebit\u00ed LED indik\u00e1tor kapacity Vestav\u011bn\u00fd syst\u00e9m chlazen\u00ed pro [&hellip;]<\/p>\n","protected":false},"featured_media":17014,"comment_status":"open","ping_status":"open","template":"","meta":[],"product_brand":[],"product_cat":[86],"product_tag":[],"class_list":{"0":"post-16914","1":"product","2":"type-product","3":"status-publish","4":"has-post-thumbnail","6":"product_cat-n-193-rad-205","8":"first","9":"instock","10":"sale","11":"shipping-taxable","12":"purchasable","13":"product-type-simple"},"yoast_head":"<!-- This site is optimized with the Yoast SEO plugin v26.8 - https:\/\/yoast.com\/product\/yoast-seo-wordpress\/ -->\n<title>Makita BL1860B 18V 6Ah Li-Ion Zlevn\u011bn\u00fd -<\/title>\n<meta name=\"robots\" content=\"index, follow, max-snippet:-1, max-image-preview:large, max-video-preview:-1\" \/>\n<link rel=\"canonical\" href=\"https:\/\/www.domtechnikpro.com\/index.php\/produkt\/makita-bl1860b-18v-6ah-li-ion-zlevneny-16914\/\" \/>\n<meta property=\"og:locale\" content=\"cs_CZ\" \/>\n<meta property=\"og:type\" content=\"article\" \/>\n<meta property=\"og:title\" content=\"Makita BL1860B 18V 6Ah Li-Ion Zlevn\u011bn\u00fd -\" \/>\n<meta property=\"og:description\" content=\"Akumul\u00e1tor Makita BL1860B 18V 6Ah li-Ion Akumul\u00e1tor Makita BL1860B s dlouhou \u017eivotnost\u00ed a ochranou proti p\u0159eh\u0159\u00e1t\u00ed, p\u0159ebit\u00ed a hlubok\u00e9mu vybit\u00ed. Ide\u00e1ln\u00ed pro n\u00e1\u0159ad\u00ed Makita, v\u010detn\u011b vrta\u010dek, brusek a pil, s univerz\u00e1ln\u00edm vyu\u017eit\u00edm pro dom\u00e1c\u00ed i profesion\u00e1ln\u00ed pr\u00e1ce. \u00a0 V\u00fdhody akumul\u00e1toru Makita BL1860B Ochrana proti p\u0159eh\u0159\u00e1t\u00ed, zkratu a p\u0159ebit\u00ed LED indik\u00e1tor kapacity Vestav\u011bn\u00fd syst\u00e9m chlazen\u00ed pro [&hellip;]\" \/>\n<meta property=\"og:url\" content=\"https:\/\/www.domtechnikpro.com\/index.php\/produkt\/makita-bl1860b-18v-6ah-li-ion-zlevneny-16914\/\" \/>\n<meta property=\"og:image\" content=\"https:\/\/www.domtechnikpro.com\/wp-content\/uploads\/2026\/SK0002529-CZ20260425-091908-0-1777079948-makita-bl1860b-18v-6ah-li-ion.webp\" \/>\n\t<meta property=\"og:image:width\" content=\"1000\" \/>\n\t<meta property=\"og:image:height\" content=\"525\" \/>\n\t<meta property=\"og:image:type\" content=\"image\/webp\" \/>\n<meta name=\"twitter:card\" content=\"summary_large_image\" \/>\n<meta name=\"twitter:label1\" content=\"Odhadovan\u00e1 doba \u010dten\u00ed\" \/>\n\t<meta name=\"twitter:data1\" content=\"1 minuta\" \/>\n<script type=\"application\/ld+json\" class=\"yoast-schema-graph\">{\"@context\":\"https:\/\/schema.org\",\"@graph\":[{\"@type\":\"WebPage\",\"@id\":\"https:\/\/www.domtechnikpro.com\/index.php\/produkt\/makita-bl1860b-18v-6ah-li-ion-zlevneny-16914\/\",\"url\":\"https:\/\/www.domtechnikpro.com\/index.php\/produkt\/makita-bl1860b-18v-6ah-li-ion-zlevneny-16914\/\",\"name\":\"Makita BL1860B 18V 6Ah Li-Ion Zlevn\u011bn\u00fd -\",\"isPartOf\":{\"@id\":\"https:\/\/www.domtechnikpro.com\/#website\"},\"primaryImageOfPage\":{\"@id\":\"https:\/\/www.domtechnikpro.com\/index.php\/produkt\/makita-bl1860b-18v-6ah-li-ion-zlevneny-16914\/#primaryimage\"},\"image\":{\"@id\":\"https:\/\/www.domtechnikpro.com\/index.php\/produkt\/makita-bl1860b-18v-6ah-li-ion-zlevneny-16914\/#primaryimage\"},\"thumbnailUrl\":\"https:\/\/www.domtechnikpro.com\/wp-content\/uploads\/2026\/SK0002529-CZ20260425-091908-0-1777079948-makita-bl1860b-18v-6ah-li-ion.webp\",\"datePublished\":\"2026-04-26T08:54:13+00:00\",\"breadcrumb\":{\"@id\":\"https:\/\/www.domtechnikpro.com\/index.php\/produkt\/makita-bl1860b-18v-6ah-li-ion-zlevneny-16914\/#breadcrumb\"},\"inLanguage\":\"cs\",\"potentialAction\":[{\"@type\":\"ReadAction\",\"target\":[\"https:\/\/www.domtechnikpro.com\/index.php\/produkt\/makita-bl1860b-18v-6ah-li-ion-zlevneny-16914\/\"]}]},{\"@type\":\"ImageObject\",\"inLanguage\":\"cs\",\"@id\":\"https:\/\/www.domtechnikpro.com\/index.php\/produkt\/makita-bl1860b-18v-6ah-li-ion-zlevneny-16914\/#primaryimage\",\"url\":\"https:\/\/www.domtechnikpro.com\/wp-content\/uploads\/2026\/SK0002529-CZ20260425-091908-0-1777079948-makita-bl1860b-18v-6ah-li-ion.webp\",\"contentUrl\":\"https:\/\/www.domtechnikpro.com\/wp-content\/uploads\/2026\/SK0002529-CZ20260425-091908-0-1777079948-makita-bl1860b-18v-6ah-li-ion.webp\",\"width\":1000,\"height\":525},{\"@type\":\"BreadcrumbList\",\"@id\":\"https:\/\/www.domtechnikpro.com\/index.php\/produkt\/makita-bl1860b-18v-6ah-li-ion-zlevneny-16914\/#breadcrumb\",\"itemListElement\":[{\"@type\":\"ListItem\",\"position\":1,\"name\":\"Home\",\"item\":\"https:\/\/www.domtechnikpro.com\/\"},{\"@type\":\"ListItem\",\"position\":2,\"name\":\"Products\",\"item\":\"https:\/\/www.domtechnikpro.com\/index.php\/products\/\"},{\"@type\":\"ListItem\",\"position\":3,\"name\":\"Makita BL1860B 18V 6Ah Li-Ion Zlevn\u011bn\u00fd\"}]},{\"@type\":\"WebSite\",\"@id\":\"https:\/\/www.domtechnikpro.com\/#website\",\"url\":\"https:\/\/www.domtechnikpro.com\/\",\"name\":\"\",\"description\":\"\",\"potentialAction\":[{\"@type\":\"SearchAction\",\"target\":{\"@type\":\"EntryPoint\",\"urlTemplate\":\"https:\/\/www.domtechnikpro.com\/?s={search_term_string}\"},\"query-input\":{\"@type\":\"PropertyValueSpecification\",\"valueRequired\":true,\"valueName\":\"search_term_string\"}}],\"inLanguage\":\"cs\"}]}<\/script>\n<!-- \/ Yoast SEO plugin. -->","yoast_head_json":{"title":"Makita BL1860B 18V 6Ah Li-Ion Zlevn\u011bn\u00fd -","robots":{"index":"index","follow":"follow","max-snippet":"max-snippet:-1","max-image-preview":"max-image-preview:large","max-video-preview":"max-video-preview:-1"},"canonical":"https:\/\/www.domtechnikpro.com\/index.php\/produkt\/makita-bl1860b-18v-6ah-li-ion-zlevneny-16914\/","og_locale":"cs_CZ","og_type":"article","og_title":"Makita BL1860B 18V 6Ah Li-Ion Zlevn\u011bn\u00fd -","og_description":"Akumul\u00e1tor Makita BL1860B 18V 6Ah li-Ion Akumul\u00e1tor Makita BL1860B s dlouhou \u017eivotnost\u00ed a ochranou proti p\u0159eh\u0159\u00e1t\u00ed, p\u0159ebit\u00ed a hlubok\u00e9mu vybit\u00ed. Ide\u00e1ln\u00ed pro n\u00e1\u0159ad\u00ed Makita, v\u010detn\u011b vrta\u010dek, brusek a pil, s univerz\u00e1ln\u00edm vyu\u017eit\u00edm pro dom\u00e1c\u00ed i profesion\u00e1ln\u00ed pr\u00e1ce. \u00a0 V\u00fdhody akumul\u00e1toru Makita BL1860B Ochrana proti p\u0159eh\u0159\u00e1t\u00ed, zkratu a p\u0159ebit\u00ed LED indik\u00e1tor kapacity Vestav\u011bn\u00fd syst\u00e9m chlazen\u00ed pro [&hellip;]","og_url":"https:\/\/www.domtechnikpro.com\/index.php\/produkt\/makita-bl1860b-18v-6ah-li-ion-zlevneny-16914\/","og_image":[{"width":1000,"height":525,"url":"https:\/\/www.domtechnikpro.com\/wp-content\/uploads\/2026\/SK0002529-CZ20260425-091908-0-1777079948-makita-bl1860b-18v-6ah-li-ion.webp","type":"image\/webp"}],"twitter_card":"summary_large_image","twitter_misc":{"Odhadovan\u00e1 doba \u010dten\u00ed":"1 minuta"},"schema":{"@context":"https:\/\/schema.org","@graph":[{"@type":"WebPage","@id":"https:\/\/www.domtechnikpro.com\/index.php\/produkt\/makita-bl1860b-18v-6ah-li-ion-zlevneny-16914\/","url":"https:\/\/www.domtechnikpro.com\/index.php\/produkt\/makita-bl1860b-18v-6ah-li-ion-zlevneny-16914\/","name":"Makita BL1860B 18V 6Ah Li-Ion Zlevn\u011bn\u00fd -","isPartOf":{"@id":"https:\/\/www.domtechnikpro.com\/#website"},"primaryImageOfPage":{"@id":"https:\/\/www.domtechnikpro.com\/index.php\/produkt\/makita-bl1860b-18v-6ah-li-ion-zlevneny-16914\/#primaryimage"},"image":{"@id":"https:\/\/www.domtechnikpro.com\/index.php\/produkt\/makita-bl1860b-18v-6ah-li-ion-zlevneny-16914\/#primaryimage"},"thumbnailUrl":"https:\/\/www.domtechnikpro.com\/wp-content\/uploads\/2026\/SK0002529-CZ20260425-091908-0-1777079948-makita-bl1860b-18v-6ah-li-ion.webp","datePublished":"2026-04-26T08:54:13+00:00","breadcrumb":{"@id":"https:\/\/www.domtechnikpro.com\/index.php\/produkt\/makita-bl1860b-18v-6ah-li-ion-zlevneny-16914\/#breadcrumb"},"inLanguage":"cs","potentialAction":[{"@type":"ReadAction","target":["https:\/\/www.domtechnikpro.com\/index.php\/produkt\/makita-bl1860b-18v-6ah-li-ion-zlevneny-16914\/"]}]},{"@type":"ImageObject","inLanguage":"cs","@id":"https:\/\/www.domtechnikpro.com\/index.php\/produkt\/makita-bl1860b-18v-6ah-li-ion-zlevneny-16914\/#primaryimage","url":"https:\/\/www.domtechnikpro.com\/wp-content\/uploads\/2026\/SK0002529-CZ20260425-091908-0-1777079948-makita-bl1860b-18v-6ah-li-ion.webp","contentUrl":"https:\/\/www.domtechnikpro.com\/wp-content\/uploads\/2026\/SK0002529-CZ20260425-091908-0-1777079948-makita-bl1860b-18v-6ah-li-ion.webp","width":1000,"height":525},{"@type":"BreadcrumbList","@id":"https:\/\/www.domtechnikpro.com\/index.php\/produkt\/makita-bl1860b-18v-6ah-li-ion-zlevneny-16914\/#breadcrumb","itemListElement":[{"@type":"ListItem","position":1,"name":"Home","item":"https:\/\/www.domtechnikpro.com\/"},{"@type":"ListItem","position":2,"name":"Products","item":"https:\/\/www.domtechnikpro.com\/index.php\/products\/"},{"@type":"ListItem","position":3,"name":"Makita BL1860B 18V 6Ah Li-Ion Zlevn\u011bn\u00fd"}]},{"@type":"WebSite","@id":"https:\/\/www.domtechnikpro.com\/#website","url":"https:\/\/www.domtechnikpro.com\/","name":"","description":"","potentialAction":[{"@type":"SearchAction","target":{"@type":"EntryPoint","urlTemplate":"https:\/\/www.domtechnikpro.com\/?s={search_term_string}"},"query-input":{"@type":"PropertyValueSpecification","valueRequired":true,"valueName":"search_term_string"}}],"inLanguage":"cs"}]}},"_links":{"self":[{"href":"https:\/\/www.domtechnikpro.com\/index.php\/wp-json\/wp\/v2\/product\/16914","targetHints":{"allow":["GET"]}}],"collection":[{"href":"https:\/\/www.domtechnikpro.com\/index.php\/wp-json\/wp\/v2\/product"}],"about":[{"href":"https:\/\/www.domtechnikpro.com\/index.php\/wp-json\/wp\/v2\/types\/product"}],"replies":[{"embeddable":true,"href":"https:\/\/www.domtechnikpro.com\/index.php\/wp-json\/wp\/v2\/comments?post=16914"}],"wp:featuredmedia":[{"embeddable":true,"href":"https:\/\/www.domtechnikpro.com\/index.php\/wp-json\/wp\/v2\/media\/17014"}],"wp:attachment":[{"href":"https:\/\/www.domtechnikpro.com\/index.php\/wp-json\/wp\/v2\/media?parent=16914"}],"wp:term":[{"taxonomy":"product_brand","embeddable":true,"href":"https:\/\/www.domtechnikpro.com\/index.php\/wp-json\/wp\/v2\/product_brand?post=16914"},{"taxonomy":"product_cat","embeddable":true,"href":"https:\/\/www.domtechnikpro.com\/index.php\/wp-json\/wp\/v2\/product_cat?post=16914"},{"taxonomy":"product_tag","embeddable":true,"href":"https:\/\/www.domtechnikpro.com\/index.php\/wp-json\/wp\/v2\/product_tag?post=16914"}],"curies":[{"name":"wp","href":"https:\/\/api.w.org\/{rel}","templated":true}]}}