{"id":16906,"date":"2026-04-26T08:54:13","date_gmt":"2026-04-26T08:54:13","guid":{"rendered":""},"modified":"2026-04-26T08:54:13","modified_gmt":"2026-04-26T08:54:13","slug":"znackovy-midas-mazivo-montazni-pb-250ml-16906","status":"publish","type":"product","link":"https:\/\/www.domtechnikpro.com\/produkt\/znackovy-midas-mazivo-montazni-pb-250ml-16906\/","title":{"rendered":"Zna\u010dkov\u00fd Midas Mazivo mont\u00e1\u017en\u00ed PB 250ml"},"content":{"rendered":"<h2>Mont\u00e1\u017en\u00ed mazivo PB 250 ml<\/h2>\n<p><strong>Kluzn\u00fd prost\u0159edek pro plastov\u00e9 trubky 250 m<\/strong><strong>l<\/strong> v\u00fdrazn\u011b <strong>usnad\u0148uje mont\u00e1\u017e a demont\u00e1\u017e plastov\u00fdch trubek<\/strong>. Aplikace tenk\u00e9 vrstvy p\u0159\u00edpravku na konce trubek <strong>zaji\u0161\u0165uje hladk\u00e9 spojen\u00ed a snadn\u00e9 rozebr\u00e1n\u00ed jednotliv\u00fdch prvk\u016f<\/strong>, jako odpadn\u00ed kolena, odpadn\u00ed odbo\u010dky, odpadn\u00ed trubky a dal\u0161\u00ed. To v\u00fdrazn\u011b zjednodu\u0161uje pr\u00e1ci p\u0159i instalaci.<\/p>\n<h4>\u00a0<\/h4>\n<h2>V\u00fdhody mont\u00e1\u017en\u00edho maziva<\/h2>\n<ul>\n<li>Usnad\u0148uje mont\u00e1\u017e a demont\u00e1\u017e plastov\u00fdch trubek<\/li>\n<li>Aplikace tenk\u00e9 vrstvy zaji\u0161\u0165uje hladk\u00e9 spojen\u00ed<\/li>\n<li>Zjednodu\u0161uje manipulaci p\u0159i instalaci trubek<\/li>\n<li>Praktick\u00e9 balen\u00ed 250 ml<\/li>\n<li>Vhodn\u00fd pro v\u0161echny typy plastov\u00fdch trubek<\/li>\n<\/ul>\n<h2>K \u010demu se pou\u017e\u00edv\u00e1 mont\u00e1\u017en\u00ed mazivo<\/h2>\n<p>Kluzn\u00fd prost\u0159edek pro plastov\u00e9 trubky 250 ml se pou\u017e\u00edv\u00e1 pro snadnou mont\u00e1\u017e a demont\u00e1\u017e plastov\u00fdch trubek. Sta\u010d\u00ed aplikovat tenkou vrstvu na konce trubek, co\u017e zajist\u00ed hladk\u00e9 spojen\u00ed a usnadn\u00ed p\u0159\u00edpadn\u00e9 rozebr\u00e1n\u00ed prvk\u016f. Ide\u00e1ln\u00ed pro instalaci plastov\u00fdch potrub\u00ed v dom\u00e1cnosti i pr\u016fmyslu.<\/p>\n<p>\u00a0<\/p>\n<h3>Kl\u00ed\u010dov\u00e9 vlastnosti a parametry produktu Mont\u00e1\u017en\u00ed mazivo PB<\/h3>\n<p><span style=\"text-decoration: none; font-weight: bold; color: #ff0000;\">Dopravu nacen\u00edme dle V\u00e1mi po\u017eadovan\u00e9ho mno\u017estv\u00ed a m\u00edsta ur\u010den\u00ed.<br \/><\/span><\/p>\n<p><span style=\"text-decoration: none; font-weight: bold; color: #ff0000;\">Pro osobn\u00ed odb\u011br vy\u017eadujeme objedn\u00e1vku potvrzenou prodejcem.<br \/><\/span><\/p>\n<div id=\"PDTable3\" class=\"ProductDetailTableView v3a v3 bs-view dcon dc177 PDTable3\" >\n<table>\n<thead><\/thead>\n<tbody>\n<tr class=\"attribute attr_bsshop_maker\">\n<td class=\"caption\">V\u00fdrobce<\/td>\n<td class=\"value\">Midas International spol. s.r.o.<\/td>\n<\/tr>\n<tr class=\"attribute attr_A0017\">\n<td class=\"caption\">balen\u00ed obsahuje<\/td>\n<td class=\"value\">250 ml<\/td>\n<\/tr>\n<tr class=\"attribute attr_A0022\">\n<td class=\"caption\">hmotnost<\/td>\n<td class=\"value\">0,3 kg<\/td>\n<\/tr>\n<\/tbody>\n<\/table>\n<\/div>\n<\/div><\/div>\n<\/div>\n<div id=\"e3185289\" class=\"tabs\">\n","protected":false},"excerpt":{"rendered":"<p>Mont\u00e1\u017en\u00ed mazivo PB 250 ml Kluzn\u00fd prost\u0159edek pro plastov\u00e9 trubky 250 ml v\u00fdrazn\u011b usnad\u0148uje mont\u00e1\u017e a demont\u00e1\u017e plastov\u00fdch trubek. Aplikace tenk\u00e9 vrstvy p\u0159\u00edpravku na konce trubek zaji\u0161\u0165uje hladk\u00e9 spojen\u00ed a snadn\u00e9 rozebr\u00e1n\u00ed jednotliv\u00fdch prvk\u016f, jako odpadn\u00ed kolena, odpadn\u00ed odbo\u010dky, odpadn\u00ed trubky a dal\u0161\u00ed. To v\u00fdrazn\u011b zjednodu\u0161uje pr\u00e1ci p\u0159i instalaci. \u00a0 V\u00fdhody mont\u00e1\u017en\u00edho maziva Usnad\u0148uje mont\u00e1\u017e [&hellip;]<\/p>\n","protected":false},"featured_media":17006,"comment_status":"open","ping_status":"open","template":"","meta":[],"product_brand":[],"product_cat":[82],"product_tag":[],"class_list":{"0":"post-16906","1":"product","2":"type-product","3":"status-publish","4":"has-post-thumbnail","6":"product_cat-materi-225-ly-pro-hrubou-stavbu","8":"first","9":"instock","10":"sale","11":"shipping-taxable","12":"purchasable","13":"product-type-simple"},"yoast_head":"<!-- This site is optimized with the Yoast SEO plugin v26.8 - https:\/\/yoast.com\/product\/yoast-seo-wordpress\/ -->\n<title>Zna\u010dkov\u00fd Midas Mazivo mont\u00e1\u017en\u00ed PB 250ml - Pr\u016fmyslov\u00e9 vybaven\u00ed a p\u0159\u00edslu\u0161enstv\u00ed<\/title>\n<meta name=\"robots\" content=\"index, follow, max-snippet:-1, max-image-preview:large, max-video-preview:-1\" \/>\n<link rel=\"canonical\" href=\"https:\/\/www.domtechnikpro.com\/index.php\/produkt\/znackovy-midas-mazivo-montazni-pb-250ml-16906\/\" \/>\n<meta property=\"og:locale\" content=\"cs_CZ\" \/>\n<meta property=\"og:type\" content=\"article\" \/>\n<meta property=\"og:title\" content=\"Zna\u010dkov\u00fd Midas Mazivo mont\u00e1\u017en\u00ed PB 250ml - Pr\u016fmyslov\u00e9 vybaven\u00ed a p\u0159\u00edslu\u0161enstv\u00ed\" \/>\n<meta property=\"og:description\" content=\"Mont\u00e1\u017en\u00ed mazivo PB 250 ml Kluzn\u00fd prost\u0159edek pro plastov\u00e9 trubky 250 ml v\u00fdrazn\u011b usnad\u0148uje mont\u00e1\u017e a demont\u00e1\u017e plastov\u00fdch trubek. Aplikace tenk\u00e9 vrstvy p\u0159\u00edpravku na konce trubek zaji\u0161\u0165uje hladk\u00e9 spojen\u00ed a snadn\u00e9 rozebr\u00e1n\u00ed jednotliv\u00fdch prvk\u016f, jako odpadn\u00ed kolena, odpadn\u00ed odbo\u010dky, odpadn\u00ed trubky a dal\u0161\u00ed. To v\u00fdrazn\u011b zjednodu\u0161uje pr\u00e1ci p\u0159i instalaci. \u00a0 V\u00fdhody mont\u00e1\u017en\u00edho maziva Usnad\u0148uje mont\u00e1\u017e [&hellip;]\" \/>\n<meta property=\"og:url\" content=\"https:\/\/www.domtechnikpro.com\/index.php\/produkt\/znackovy-midas-mazivo-montazni-pb-250ml-16906\/\" \/>\n<meta property=\"og:site_name\" content=\"Pr\u016fmyslov\u00e9 vybaven\u00ed a p\u0159\u00edslu\u0161enstv\u00ed\" \/>\n<meta property=\"og:image\" content=\"https:\/\/www.domtechnikpro.com\/wp-content\/uploads\/2026\/SK0002252-CZ20260425-091908-0-1777079948-midas-mazivo-montazni-pb-250ml.webp\" \/>\n\t<meta property=\"og:image:width\" content=\"1000\" \/>\n\t<meta property=\"og:image:height\" content=\"525\" \/>\n\t<meta property=\"og:image:type\" content=\"image\/webp\" \/>\n<meta name=\"twitter:card\" content=\"summary_large_image\" \/>\n<meta name=\"twitter:label1\" content=\"Odhadovan\u00e1 doba \u010dten\u00ed\" \/>\n\t<meta name=\"twitter:data1\" content=\"1 minuta\" \/>\n<script type=\"application\/ld+json\" class=\"yoast-schema-graph\">{\"@context\":\"https:\/\/schema.org\",\"@graph\":[{\"@type\":\"WebPage\",\"@id\":\"https:\/\/www.domtechnikpro.com\/index.php\/produkt\/znackovy-midas-mazivo-montazni-pb-250ml-16906\/\",\"url\":\"https:\/\/www.domtechnikpro.com\/index.php\/produkt\/znackovy-midas-mazivo-montazni-pb-250ml-16906\/\",\"name\":\"Zna\u010dkov\u00fd Midas Mazivo mont\u00e1\u017en\u00ed PB 250ml - Pr\u016fmyslov\u00e9 vybaven\u00ed a p\u0159\u00edslu\u0161enstv\u00ed\",\"isPartOf\":{\"@id\":\"https:\/\/www.domtechnikpro.com\/#website\"},\"primaryImageOfPage\":{\"@id\":\"https:\/\/www.domtechnikpro.com\/index.php\/produkt\/znackovy-midas-mazivo-montazni-pb-250ml-16906\/#primaryimage\"},\"image\":{\"@id\":\"https:\/\/www.domtechnikpro.com\/index.php\/produkt\/znackovy-midas-mazivo-montazni-pb-250ml-16906\/#primaryimage\"},\"thumbnailUrl\":\"https:\/\/www.domtechnikpro.com\/wp-content\/uploads\/2026\/SK0002252-CZ20260425-091908-0-1777079948-midas-mazivo-montazni-pb-250ml.webp\",\"datePublished\":\"2026-04-26T08:54:13+00:00\",\"breadcrumb\":{\"@id\":\"https:\/\/www.domtechnikpro.com\/index.php\/produkt\/znackovy-midas-mazivo-montazni-pb-250ml-16906\/#breadcrumb\"},\"inLanguage\":\"cs\",\"potentialAction\":[{\"@type\":\"ReadAction\",\"target\":[\"https:\/\/www.domtechnikpro.com\/index.php\/produkt\/znackovy-midas-mazivo-montazni-pb-250ml-16906\/\"]}]},{\"@type\":\"ImageObject\",\"inLanguage\":\"cs\",\"@id\":\"https:\/\/www.domtechnikpro.com\/index.php\/produkt\/znackovy-midas-mazivo-montazni-pb-250ml-16906\/#primaryimage\",\"url\":\"https:\/\/www.domtechnikpro.com\/wp-content\/uploads\/2026\/SK0002252-CZ20260425-091908-0-1777079948-midas-mazivo-montazni-pb-250ml.webp\",\"contentUrl\":\"https:\/\/www.domtechnikpro.com\/wp-content\/uploads\/2026\/SK0002252-CZ20260425-091908-0-1777079948-midas-mazivo-montazni-pb-250ml.webp\",\"width\":1000,\"height\":525},{\"@type\":\"BreadcrumbList\",\"@id\":\"https:\/\/www.domtechnikpro.com\/index.php\/produkt\/znackovy-midas-mazivo-montazni-pb-250ml-16906\/#breadcrumb\",\"itemListElement\":[{\"@type\":\"ListItem\",\"position\":1,\"name\":\"Home\",\"item\":\"https:\/\/www.domtechnikpro.com\/\"},{\"@type\":\"ListItem\",\"position\":2,\"name\":\"Products\",\"item\":\"https:\/\/www.domtechnikpro.com\/products\/\"},{\"@type\":\"ListItem\",\"position\":3,\"name\":\"Zna\u010dkov\u00fd Midas Mazivo mont\u00e1\u017en\u00ed PB 250ml\"}]},{\"@type\":\"WebSite\",\"@id\":\"https:\/\/www.domtechnikpro.com\/#website\",\"url\":\"https:\/\/www.domtechnikpro.com\/\",\"name\":\"Pr\u016fmyslov\u00e9 vybaven\u00ed a p\u0159\u00edslu\u0161enstv\u00ed\",\"description\":\"Pr\u016fmyslov\u00e9 vybaven\u00ed a p\u0159\u00edslu\u0161enstv\u00ed\",\"publisher\":{\"@id\":\"https:\/\/www.domtechnikpro.com\/#organization\"},\"potentialAction\":[{\"@type\":\"SearchAction\",\"target\":{\"@type\":\"EntryPoint\",\"urlTemplate\":\"https:\/\/www.domtechnikpro.com\/?s={search_term_string}\"},\"query-input\":{\"@type\":\"PropertyValueSpecification\",\"valueRequired\":true,\"valueName\":\"search_term_string\"}}],\"inLanguage\":\"cs\"},{\"@type\":\"Organization\",\"@id\":\"https:\/\/www.domtechnikpro.com\/#organization\",\"name\":\"Pr\u016fmyslov\u00e9 vybaven\u00ed a p\u0159\u00edslu\u0161enstv\u00ed\",\"url\":\"https:\/\/www.domtechnikpro.com\/\",\"logo\":{\"@type\":\"ImageObject\",\"inLanguage\":\"cs\",\"@id\":\"https:\/\/www.domtechnikpro.com\/#\/schema\/logo\/image\/\",\"url\":\"https:\/\/www.domtechnikpro.com\/wp-content\/uploads\/2026\/04\/domtechnikpro_logo_full.svg\",\"contentUrl\":\"https:\/\/www.domtechnikpro.com\/wp-content\/uploads\/2026\/04\/domtechnikpro_logo_full.svg\",\"width\":920,\"height\":180,\"caption\":\"Pr\u016fmyslov\u00e9 vybaven\u00ed a p\u0159\u00edslu\u0161enstv\u00ed\"},\"image\":{\"@id\":\"https:\/\/www.domtechnikpro.com\/#\/schema\/logo\/image\/\"}}]}<\/script>\n<!-- \/ Yoast SEO plugin. -->","yoast_head_json":{"title":"Zna\u010dkov\u00fd Midas Mazivo mont\u00e1\u017en\u00ed PB 250ml - Pr\u016fmyslov\u00e9 vybaven\u00ed a p\u0159\u00edslu\u0161enstv\u00ed","robots":{"index":"index","follow":"follow","max-snippet":"max-snippet:-1","max-image-preview":"max-image-preview:large","max-video-preview":"max-video-preview:-1"},"canonical":"https:\/\/www.domtechnikpro.com\/index.php\/produkt\/znackovy-midas-mazivo-montazni-pb-250ml-16906\/","og_locale":"cs_CZ","og_type":"article","og_title":"Zna\u010dkov\u00fd Midas Mazivo mont\u00e1\u017en\u00ed PB 250ml - Pr\u016fmyslov\u00e9 vybaven\u00ed a p\u0159\u00edslu\u0161enstv\u00ed","og_description":"Mont\u00e1\u017en\u00ed mazivo PB 250 ml Kluzn\u00fd prost\u0159edek pro plastov\u00e9 trubky 250 ml v\u00fdrazn\u011b usnad\u0148uje mont\u00e1\u017e a demont\u00e1\u017e plastov\u00fdch trubek. Aplikace tenk\u00e9 vrstvy p\u0159\u00edpravku na konce trubek zaji\u0161\u0165uje hladk\u00e9 spojen\u00ed a snadn\u00e9 rozebr\u00e1n\u00ed jednotliv\u00fdch prvk\u016f, jako odpadn\u00ed kolena, odpadn\u00ed odbo\u010dky, odpadn\u00ed trubky a dal\u0161\u00ed. To v\u00fdrazn\u011b zjednodu\u0161uje pr\u00e1ci p\u0159i instalaci. \u00a0 V\u00fdhody mont\u00e1\u017en\u00edho maziva Usnad\u0148uje mont\u00e1\u017e [&hellip;]","og_url":"https:\/\/www.domtechnikpro.com\/index.php\/produkt\/znackovy-midas-mazivo-montazni-pb-250ml-16906\/","og_site_name":"Pr\u016fmyslov\u00e9 vybaven\u00ed a p\u0159\u00edslu\u0161enstv\u00ed","og_image":[{"width":1000,"height":525,"url":"https:\/\/www.domtechnikpro.com\/wp-content\/uploads\/2026\/SK0002252-CZ20260425-091908-0-1777079948-midas-mazivo-montazni-pb-250ml.webp","type":"image\/webp"}],"twitter_card":"summary_large_image","twitter_misc":{"Odhadovan\u00e1 doba \u010dten\u00ed":"1 minuta"},"schema":{"@context":"https:\/\/schema.org","@graph":[{"@type":"WebPage","@id":"https:\/\/www.domtechnikpro.com\/index.php\/produkt\/znackovy-midas-mazivo-montazni-pb-250ml-16906\/","url":"https:\/\/www.domtechnikpro.com\/index.php\/produkt\/znackovy-midas-mazivo-montazni-pb-250ml-16906\/","name":"Zna\u010dkov\u00fd Midas Mazivo mont\u00e1\u017en\u00ed PB 250ml - Pr\u016fmyslov\u00e9 vybaven\u00ed a p\u0159\u00edslu\u0161enstv\u00ed","isPartOf":{"@id":"https:\/\/www.domtechnikpro.com\/#website"},"primaryImageOfPage":{"@id":"https:\/\/www.domtechnikpro.com\/index.php\/produkt\/znackovy-midas-mazivo-montazni-pb-250ml-16906\/#primaryimage"},"image":{"@id":"https:\/\/www.domtechnikpro.com\/index.php\/produkt\/znackovy-midas-mazivo-montazni-pb-250ml-16906\/#primaryimage"},"thumbnailUrl":"https:\/\/www.domtechnikpro.com\/wp-content\/uploads\/2026\/SK0002252-CZ20260425-091908-0-1777079948-midas-mazivo-montazni-pb-250ml.webp","datePublished":"2026-04-26T08:54:13+00:00","breadcrumb":{"@id":"https:\/\/www.domtechnikpro.com\/index.php\/produkt\/znackovy-midas-mazivo-montazni-pb-250ml-16906\/#breadcrumb"},"inLanguage":"cs","potentialAction":[{"@type":"ReadAction","target":["https:\/\/www.domtechnikpro.com\/index.php\/produkt\/znackovy-midas-mazivo-montazni-pb-250ml-16906\/"]}]},{"@type":"ImageObject","inLanguage":"cs","@id":"https:\/\/www.domtechnikpro.com\/index.php\/produkt\/znackovy-midas-mazivo-montazni-pb-250ml-16906\/#primaryimage","url":"https:\/\/www.domtechnikpro.com\/wp-content\/uploads\/2026\/SK0002252-CZ20260425-091908-0-1777079948-midas-mazivo-montazni-pb-250ml.webp","contentUrl":"https:\/\/www.domtechnikpro.com\/wp-content\/uploads\/2026\/SK0002252-CZ20260425-091908-0-1777079948-midas-mazivo-montazni-pb-250ml.webp","width":1000,"height":525},{"@type":"BreadcrumbList","@id":"https:\/\/www.domtechnikpro.com\/index.php\/produkt\/znackovy-midas-mazivo-montazni-pb-250ml-16906\/#breadcrumb","itemListElement":[{"@type":"ListItem","position":1,"name":"Home","item":"https:\/\/www.domtechnikpro.com\/"},{"@type":"ListItem","position":2,"name":"Products","item":"https:\/\/www.domtechnikpro.com\/products\/"},{"@type":"ListItem","position":3,"name":"Zna\u010dkov\u00fd Midas Mazivo mont\u00e1\u017en\u00ed PB 250ml"}]},{"@type":"WebSite","@id":"https:\/\/www.domtechnikpro.com\/#website","url":"https:\/\/www.domtechnikpro.com\/","name":"Pr\u016fmyslov\u00e9 vybaven\u00ed a p\u0159\u00edslu\u0161enstv\u00ed","description":"Pr\u016fmyslov\u00e9 vybaven\u00ed a p\u0159\u00edslu\u0161enstv\u00ed","publisher":{"@id":"https:\/\/www.domtechnikpro.com\/#organization"},"potentialAction":[{"@type":"SearchAction","target":{"@type":"EntryPoint","urlTemplate":"https:\/\/www.domtechnikpro.com\/?s={search_term_string}"},"query-input":{"@type":"PropertyValueSpecification","valueRequired":true,"valueName":"search_term_string"}}],"inLanguage":"cs"},{"@type":"Organization","@id":"https:\/\/www.domtechnikpro.com\/#organization","name":"Pr\u016fmyslov\u00e9 vybaven\u00ed a p\u0159\u00edslu\u0161enstv\u00ed","url":"https:\/\/www.domtechnikpro.com\/","logo":{"@type":"ImageObject","inLanguage":"cs","@id":"https:\/\/www.domtechnikpro.com\/#\/schema\/logo\/image\/","url":"https:\/\/www.domtechnikpro.com\/wp-content\/uploads\/2026\/04\/domtechnikpro_logo_full.svg","contentUrl":"https:\/\/www.domtechnikpro.com\/wp-content\/uploads\/2026\/04\/domtechnikpro_logo_full.svg","width":920,"height":180,"caption":"Pr\u016fmyslov\u00e9 vybaven\u00ed a p\u0159\u00edslu\u0161enstv\u00ed"},"image":{"@id":"https:\/\/www.domtechnikpro.com\/#\/schema\/logo\/image\/"}}]}},"_links":{"self":[{"href":"https:\/\/www.domtechnikpro.com\/wp-json\/wp\/v2\/product\/16906","targetHints":{"allow":["GET"]}}],"collection":[{"href":"https:\/\/www.domtechnikpro.com\/wp-json\/wp\/v2\/product"}],"about":[{"href":"https:\/\/www.domtechnikpro.com\/wp-json\/wp\/v2\/types\/product"}],"replies":[{"embeddable":true,"href":"https:\/\/www.domtechnikpro.com\/wp-json\/wp\/v2\/comments?post=16906"}],"wp:featuredmedia":[{"embeddable":true,"href":"https:\/\/www.domtechnikpro.com\/wp-json\/wp\/v2\/media\/17006"}],"wp:attachment":[{"href":"https:\/\/www.domtechnikpro.com\/wp-json\/wp\/v2\/media?parent=16906"}],"wp:term":[{"taxonomy":"product_brand","embeddable":true,"href":"https:\/\/www.domtechnikpro.com\/wp-json\/wp\/v2\/product_brand?post=16906"},{"taxonomy":"product_cat","embeddable":true,"href":"https:\/\/www.domtechnikpro.com\/wp-json\/wp\/v2\/product_cat?post=16906"},{"taxonomy":"product_tag","embeddable":true,"href":"https:\/\/www.domtechnikpro.com\/wp-json\/wp\/v2\/product_tag?post=16906"}],"curies":[{"name":"wp","href":"https:\/\/api.w.org\/{rel}","templated":true}]}}