{"id":15160,"date":"2026-04-26T08:53:53","date_gmt":"2026-04-26T08:53:53","guid":{"rendered":""},"modified":"2026-04-26T08:53:53","modified_gmt":"2026-04-26T08:53:53","slug":"top-prodej-spony-velox-sada-hb-jednostranna-bv-pro-zed-240-mm-5-ks-15160","status":"publish","type":"product","link":"https:\/\/www.domtechnikpro.com\/produkt\/top-prodej-spony-velox-sada-hb-jednostranna-bv-pro-zed-240-mm-5-ks-15160\/","title":{"rendered":"Top Prodej Spony Velox sada HB jednostrann\u00e1 BV pro ze\u010f 240\u00a0mm 5\u00a0ks"},"content":{"rendered":"<div class=\"content-actual\">\n<p>Soustava spojovac\u00edch spon s nava\u0159en\u00fdmi distan\u010dn\u00edmi p\u0159\u00ed\u010dkami zaji\u0161\u0165uje vz\u00e1jemnou fixaci polohy v\u011bncov\u00fdch desek. Jednostrann\u00e9 spony se kladou ve spodn\u00ed \u00farovni prvn\u00ed vrstvy bedn\u011bn\u00ed, v \u00farovni ulo\u017een\u00ed stropu na vnit\u0159n\u00ed\u00a0nosn\u00e9 st\u011bny a p\u0159i vytv\u00e1\u0159en\u00ed parapet\u016f. K vytvo\u0159en\u00ed 2 bm jednostrann\u00e9ho bedn\u011bn\u00ed je pot\u0159eba 1 ks v\u011bncov\u00e9 desky a 1 sada spon HB (5 ks). Jednostrann\u00e9 bedn\u011bn\u00ed v\u011bnc\u016f se realizuje p\u0159ed mont\u00e1\u017e\u00ed stropn\u00ed konstrukce.<\/p>\n<\/p><\/div>\n<\/p><\/div>\n","protected":false},"excerpt":{"rendered":"<p>Soustava spojovac\u00edch spon s nava\u0159en\u00fdmi distan\u010dn\u00edmi p\u0159\u00ed\u010dkami zaji\u0161\u0165uje vz\u00e1jemnou fixaci polohy v\u011bncov\u00fdch desek. Jednostrann\u00e9 spony se kladou ve spodn\u00ed \u00farovni prvn\u00ed vrstvy bedn\u011bn\u00ed, v \u00farovni ulo\u017een\u00ed stropu na vnit\u0159n\u00ed\u00a0nosn\u00e9 st\u011bny a p\u0159i vytv\u00e1\u0159en\u00ed parapet\u016f. K vytvo\u0159en\u00ed 2 bm jednostrann\u00e9ho bedn\u011bn\u00ed je pot\u0159eba 1 ks v\u011bncov\u00e9 desky a 1 sada spon HB (5 ks). Jednostrann\u00e9 bedn\u011bn\u00ed [&hellip;]<\/p>\n","protected":false},"featured_media":15260,"comment_status":"open","ping_status":"open","template":"","meta":[],"product_brand":[],"product_cat":[69],"product_tag":[],"class_list":{"0":"post-15160","1":"product","2":"type-product","3":"status-publish","4":"has-post-thumbnail","6":"product_cat-specialni-nabidka","8":"first","9":"instock","10":"sale","11":"shipping-taxable","12":"purchasable","13":"product-type-simple"},"yoast_head":"<!-- This site is optimized with the Yoast SEO plugin v26.8 - https:\/\/yoast.com\/product\/yoast-seo-wordpress\/ -->\n<title>Top Prodej Spony Velox sada HB jednostrann\u00e1 BV pro ze\u010f 240\u00a0mm 5\u00a0ks - Pr\u016fmyslov\u00e9 vybaven\u00ed a p\u0159\u00edslu\u0161enstv\u00ed<\/title>\n<meta name=\"robots\" content=\"index, follow, max-snippet:-1, max-image-preview:large, max-video-preview:-1\" \/>\n<link rel=\"canonical\" href=\"https:\/\/www.domtechnikpro.com\/index.php\/produkt\/top-prodej-spony-velox-sada-hb-jednostranna-bv-pro-zed-240-mm-5-ks-15160\/\" \/>\n<meta property=\"og:locale\" content=\"cs_CZ\" \/>\n<meta property=\"og:type\" content=\"article\" \/>\n<meta property=\"og:title\" content=\"Top Prodej Spony Velox sada HB jednostrann\u00e1 BV pro ze\u010f 240\u00a0mm 5\u00a0ks - Pr\u016fmyslov\u00e9 vybaven\u00ed a p\u0159\u00edslu\u0161enstv\u00ed\" \/>\n<meta property=\"og:description\" content=\"Soustava spojovac\u00edch spon s nava\u0159en\u00fdmi distan\u010dn\u00edmi p\u0159\u00ed\u010dkami zaji\u0161\u0165uje vz\u00e1jemnou fixaci polohy v\u011bncov\u00fdch desek. Jednostrann\u00e9 spony se kladou ve spodn\u00ed \u00farovni prvn\u00ed vrstvy bedn\u011bn\u00ed, v \u00farovni ulo\u017een\u00ed stropu na vnit\u0159n\u00ed\u00a0nosn\u00e9 st\u011bny a p\u0159i vytv\u00e1\u0159en\u00ed parapet\u016f. K vytvo\u0159en\u00ed 2 bm jednostrann\u00e9ho bedn\u011bn\u00ed je pot\u0159eba 1 ks v\u011bncov\u00e9 desky a 1 sada spon HB (5 ks). Jednostrann\u00e9 bedn\u011bn\u00ed [&hellip;]\" \/>\n<meta property=\"og:url\" content=\"https:\/\/www.domtechnikpro.com\/index.php\/produkt\/top-prodej-spony-velox-sada-hb-jednostranna-bv-pro-zed-240-mm-5-ks-15160\/\" \/>\n<meta property=\"og:site_name\" content=\"Pr\u016fmyslov\u00e9 vybaven\u00ed a p\u0159\u00edslu\u0161enstv\u00ed\" \/>\n<meta property=\"og:image\" content=\"https:\/\/www.domtechnikpro.com\/wp-content\/uploads\/2026\/SK0002531-CZ20260425-091842-0-1777079922-tablet-spony..webp\" \/>\n\t<meta property=\"og:image:width\" content=\"370\" \/>\n\t<meta property=\"og:image:height\" content=\"370\" \/>\n\t<meta property=\"og:image:type\" content=\"image\/webp\" \/>\n<meta name=\"twitter:card\" content=\"summary_large_image\" \/>\n<script type=\"application\/ld+json\" class=\"yoast-schema-graph\">{\"@context\":\"https:\/\/schema.org\",\"@graph\":[{\"@type\":\"WebPage\",\"@id\":\"https:\/\/www.domtechnikpro.com\/index.php\/produkt\/top-prodej-spony-velox-sada-hb-jednostranna-bv-pro-zed-240-mm-5-ks-15160\/\",\"url\":\"https:\/\/www.domtechnikpro.com\/index.php\/produkt\/top-prodej-spony-velox-sada-hb-jednostranna-bv-pro-zed-240-mm-5-ks-15160\/\",\"name\":\"Top Prodej Spony Velox sada HB jednostrann\u00e1 BV pro ze\u010f 240\u00a0mm 5\u00a0ks - Pr\u016fmyslov\u00e9 vybaven\u00ed a p\u0159\u00edslu\u0161enstv\u00ed\",\"isPartOf\":{\"@id\":\"https:\/\/www.domtechnikpro.com\/#website\"},\"primaryImageOfPage\":{\"@id\":\"https:\/\/www.domtechnikpro.com\/index.php\/produkt\/top-prodej-spony-velox-sada-hb-jednostranna-bv-pro-zed-240-mm-5-ks-15160\/#primaryimage\"},\"image\":{\"@id\":\"https:\/\/www.domtechnikpro.com\/index.php\/produkt\/top-prodej-spony-velox-sada-hb-jednostranna-bv-pro-zed-240-mm-5-ks-15160\/#primaryimage\"},\"thumbnailUrl\":\"https:\/\/www.domtechnikpro.com\/wp-content\/uploads\/2026\/SK0002531-CZ20260425-091842-0-1777079922-tablet-spony..webp\",\"datePublished\":\"2026-04-26T08:53:53+00:00\",\"breadcrumb\":{\"@id\":\"https:\/\/www.domtechnikpro.com\/index.php\/produkt\/top-prodej-spony-velox-sada-hb-jednostranna-bv-pro-zed-240-mm-5-ks-15160\/#breadcrumb\"},\"inLanguage\":\"cs\",\"potentialAction\":[{\"@type\":\"ReadAction\",\"target\":[\"https:\/\/www.domtechnikpro.com\/index.php\/produkt\/top-prodej-spony-velox-sada-hb-jednostranna-bv-pro-zed-240-mm-5-ks-15160\/\"]}]},{\"@type\":\"ImageObject\",\"inLanguage\":\"cs\",\"@id\":\"https:\/\/www.domtechnikpro.com\/index.php\/produkt\/top-prodej-spony-velox-sada-hb-jednostranna-bv-pro-zed-240-mm-5-ks-15160\/#primaryimage\",\"url\":\"https:\/\/www.domtechnikpro.com\/wp-content\/uploads\/2026\/SK0002531-CZ20260425-091842-0-1777079922-tablet-spony..webp\",\"contentUrl\":\"https:\/\/www.domtechnikpro.com\/wp-content\/uploads\/2026\/SK0002531-CZ20260425-091842-0-1777079922-tablet-spony..webp\",\"width\":370,\"height\":370},{\"@type\":\"BreadcrumbList\",\"@id\":\"https:\/\/www.domtechnikpro.com\/index.php\/produkt\/top-prodej-spony-velox-sada-hb-jednostranna-bv-pro-zed-240-mm-5-ks-15160\/#breadcrumb\",\"itemListElement\":[{\"@type\":\"ListItem\",\"position\":1,\"name\":\"Home\",\"item\":\"https:\/\/www.domtechnikpro.com\/\"},{\"@type\":\"ListItem\",\"position\":2,\"name\":\"Products\",\"item\":\"https:\/\/www.domtechnikpro.com\/products\/\"},{\"@type\":\"ListItem\",\"position\":3,\"name\":\"Top Prodej Spony Velox sada HB jednostrann\u00e1 BV pro ze\u010f 240\u00a0mm 5\u00a0ks\"}]},{\"@type\":\"WebSite\",\"@id\":\"https:\/\/www.domtechnikpro.com\/#website\",\"url\":\"https:\/\/www.domtechnikpro.com\/\",\"name\":\"Pr\u016fmyslov\u00e9 vybaven\u00ed a p\u0159\u00edslu\u0161enstv\u00ed\",\"description\":\"Pr\u016fmyslov\u00e9 vybaven\u00ed a p\u0159\u00edslu\u0161enstv\u00ed\",\"publisher\":{\"@id\":\"https:\/\/www.domtechnikpro.com\/#organization\"},\"potentialAction\":[{\"@type\":\"SearchAction\",\"target\":{\"@type\":\"EntryPoint\",\"urlTemplate\":\"https:\/\/www.domtechnikpro.com\/?s={search_term_string}\"},\"query-input\":{\"@type\":\"PropertyValueSpecification\",\"valueRequired\":true,\"valueName\":\"search_term_string\"}}],\"inLanguage\":\"cs\"},{\"@type\":\"Organization\",\"@id\":\"https:\/\/www.domtechnikpro.com\/#organization\",\"name\":\"Pr\u016fmyslov\u00e9 vybaven\u00ed a p\u0159\u00edslu\u0161enstv\u00ed\",\"url\":\"https:\/\/www.domtechnikpro.com\/\",\"logo\":{\"@type\":\"ImageObject\",\"inLanguage\":\"cs\",\"@id\":\"https:\/\/www.domtechnikpro.com\/#\/schema\/logo\/image\/\",\"url\":\"https:\/\/www.domtechnikpro.com\/wp-content\/uploads\/2026\/04\/domtechnikpro_logo_full.svg\",\"contentUrl\":\"https:\/\/www.domtechnikpro.com\/wp-content\/uploads\/2026\/04\/domtechnikpro_logo_full.svg\",\"width\":920,\"height\":180,\"caption\":\"Pr\u016fmyslov\u00e9 vybaven\u00ed a p\u0159\u00edslu\u0161enstv\u00ed\"},\"image\":{\"@id\":\"https:\/\/www.domtechnikpro.com\/#\/schema\/logo\/image\/\"}}]}<\/script>\n<!-- \/ Yoast SEO plugin. -->","yoast_head_json":{"title":"Top Prodej Spony Velox sada HB jednostrann\u00e1 BV pro ze\u010f 240\u00a0mm 5\u00a0ks - Pr\u016fmyslov\u00e9 vybaven\u00ed a p\u0159\u00edslu\u0161enstv\u00ed","robots":{"index":"index","follow":"follow","max-snippet":"max-snippet:-1","max-image-preview":"max-image-preview:large","max-video-preview":"max-video-preview:-1"},"canonical":"https:\/\/www.domtechnikpro.com\/index.php\/produkt\/top-prodej-spony-velox-sada-hb-jednostranna-bv-pro-zed-240-mm-5-ks-15160\/","og_locale":"cs_CZ","og_type":"article","og_title":"Top Prodej Spony Velox sada HB jednostrann\u00e1 BV pro ze\u010f 240\u00a0mm 5\u00a0ks - Pr\u016fmyslov\u00e9 vybaven\u00ed a p\u0159\u00edslu\u0161enstv\u00ed","og_description":"Soustava spojovac\u00edch spon s nava\u0159en\u00fdmi distan\u010dn\u00edmi p\u0159\u00ed\u010dkami zaji\u0161\u0165uje vz\u00e1jemnou fixaci polohy v\u011bncov\u00fdch desek. Jednostrann\u00e9 spony se kladou ve spodn\u00ed \u00farovni prvn\u00ed vrstvy bedn\u011bn\u00ed, v \u00farovni ulo\u017een\u00ed stropu na vnit\u0159n\u00ed\u00a0nosn\u00e9 st\u011bny a p\u0159i vytv\u00e1\u0159en\u00ed parapet\u016f. K vytvo\u0159en\u00ed 2 bm jednostrann\u00e9ho bedn\u011bn\u00ed je pot\u0159eba 1 ks v\u011bncov\u00e9 desky a 1 sada spon HB (5 ks). Jednostrann\u00e9 bedn\u011bn\u00ed [&hellip;]","og_url":"https:\/\/www.domtechnikpro.com\/index.php\/produkt\/top-prodej-spony-velox-sada-hb-jednostranna-bv-pro-zed-240-mm-5-ks-15160\/","og_site_name":"Pr\u016fmyslov\u00e9 vybaven\u00ed a p\u0159\u00edslu\u0161enstv\u00ed","og_image":[{"width":370,"height":370,"url":"https:\/\/www.domtechnikpro.com\/wp-content\/uploads\/2026\/SK0002531-CZ20260425-091842-0-1777079922-tablet-spony..webp","type":"image\/webp"}],"twitter_card":"summary_large_image","schema":{"@context":"https:\/\/schema.org","@graph":[{"@type":"WebPage","@id":"https:\/\/www.domtechnikpro.com\/index.php\/produkt\/top-prodej-spony-velox-sada-hb-jednostranna-bv-pro-zed-240-mm-5-ks-15160\/","url":"https:\/\/www.domtechnikpro.com\/index.php\/produkt\/top-prodej-spony-velox-sada-hb-jednostranna-bv-pro-zed-240-mm-5-ks-15160\/","name":"Top Prodej Spony Velox sada HB jednostrann\u00e1 BV pro ze\u010f 240\u00a0mm 5\u00a0ks - Pr\u016fmyslov\u00e9 vybaven\u00ed a p\u0159\u00edslu\u0161enstv\u00ed","isPartOf":{"@id":"https:\/\/www.domtechnikpro.com\/#website"},"primaryImageOfPage":{"@id":"https:\/\/www.domtechnikpro.com\/index.php\/produkt\/top-prodej-spony-velox-sada-hb-jednostranna-bv-pro-zed-240-mm-5-ks-15160\/#primaryimage"},"image":{"@id":"https:\/\/www.domtechnikpro.com\/index.php\/produkt\/top-prodej-spony-velox-sada-hb-jednostranna-bv-pro-zed-240-mm-5-ks-15160\/#primaryimage"},"thumbnailUrl":"https:\/\/www.domtechnikpro.com\/wp-content\/uploads\/2026\/SK0002531-CZ20260425-091842-0-1777079922-tablet-spony..webp","datePublished":"2026-04-26T08:53:53+00:00","breadcrumb":{"@id":"https:\/\/www.domtechnikpro.com\/index.php\/produkt\/top-prodej-spony-velox-sada-hb-jednostranna-bv-pro-zed-240-mm-5-ks-15160\/#breadcrumb"},"inLanguage":"cs","potentialAction":[{"@type":"ReadAction","target":["https:\/\/www.domtechnikpro.com\/index.php\/produkt\/top-prodej-spony-velox-sada-hb-jednostranna-bv-pro-zed-240-mm-5-ks-15160\/"]}]},{"@type":"ImageObject","inLanguage":"cs","@id":"https:\/\/www.domtechnikpro.com\/index.php\/produkt\/top-prodej-spony-velox-sada-hb-jednostranna-bv-pro-zed-240-mm-5-ks-15160\/#primaryimage","url":"https:\/\/www.domtechnikpro.com\/wp-content\/uploads\/2026\/SK0002531-CZ20260425-091842-0-1777079922-tablet-spony..webp","contentUrl":"https:\/\/www.domtechnikpro.com\/wp-content\/uploads\/2026\/SK0002531-CZ20260425-091842-0-1777079922-tablet-spony..webp","width":370,"height":370},{"@type":"BreadcrumbList","@id":"https:\/\/www.domtechnikpro.com\/index.php\/produkt\/top-prodej-spony-velox-sada-hb-jednostranna-bv-pro-zed-240-mm-5-ks-15160\/#breadcrumb","itemListElement":[{"@type":"ListItem","position":1,"name":"Home","item":"https:\/\/www.domtechnikpro.com\/"},{"@type":"ListItem","position":2,"name":"Products","item":"https:\/\/www.domtechnikpro.com\/products\/"},{"@type":"ListItem","position":3,"name":"Top Prodej Spony Velox sada HB jednostrann\u00e1 BV pro ze\u010f 240\u00a0mm 5\u00a0ks"}]},{"@type":"WebSite","@id":"https:\/\/www.domtechnikpro.com\/#website","url":"https:\/\/www.domtechnikpro.com\/","name":"Pr\u016fmyslov\u00e9 vybaven\u00ed a p\u0159\u00edslu\u0161enstv\u00ed","description":"Pr\u016fmyslov\u00e9 vybaven\u00ed a p\u0159\u00edslu\u0161enstv\u00ed","publisher":{"@id":"https:\/\/www.domtechnikpro.com\/#organization"},"potentialAction":[{"@type":"SearchAction","target":{"@type":"EntryPoint","urlTemplate":"https:\/\/www.domtechnikpro.com\/?s={search_term_string}"},"query-input":{"@type":"PropertyValueSpecification","valueRequired":true,"valueName":"search_term_string"}}],"inLanguage":"cs"},{"@type":"Organization","@id":"https:\/\/www.domtechnikpro.com\/#organization","name":"Pr\u016fmyslov\u00e9 vybaven\u00ed a p\u0159\u00edslu\u0161enstv\u00ed","url":"https:\/\/www.domtechnikpro.com\/","logo":{"@type":"ImageObject","inLanguage":"cs","@id":"https:\/\/www.domtechnikpro.com\/#\/schema\/logo\/image\/","url":"https:\/\/www.domtechnikpro.com\/wp-content\/uploads\/2026\/04\/domtechnikpro_logo_full.svg","contentUrl":"https:\/\/www.domtechnikpro.com\/wp-content\/uploads\/2026\/04\/domtechnikpro_logo_full.svg","width":920,"height":180,"caption":"Pr\u016fmyslov\u00e9 vybaven\u00ed a p\u0159\u00edslu\u0161enstv\u00ed"},"image":{"@id":"https:\/\/www.domtechnikpro.com\/#\/schema\/logo\/image\/"}}]}},"_links":{"self":[{"href":"https:\/\/www.domtechnikpro.com\/wp-json\/wp\/v2\/product\/15160","targetHints":{"allow":["GET"]}}],"collection":[{"href":"https:\/\/www.domtechnikpro.com\/wp-json\/wp\/v2\/product"}],"about":[{"href":"https:\/\/www.domtechnikpro.com\/wp-json\/wp\/v2\/types\/product"}],"replies":[{"embeddable":true,"href":"https:\/\/www.domtechnikpro.com\/wp-json\/wp\/v2\/comments?post=15160"}],"wp:featuredmedia":[{"embeddable":true,"href":"https:\/\/www.domtechnikpro.com\/wp-json\/wp\/v2\/media\/15260"}],"wp:attachment":[{"href":"https:\/\/www.domtechnikpro.com\/wp-json\/wp\/v2\/media?parent=15160"}],"wp:term":[{"taxonomy":"product_brand","embeddable":true,"href":"https:\/\/www.domtechnikpro.com\/wp-json\/wp\/v2\/product_brand?post=15160"},{"taxonomy":"product_cat","embeddable":true,"href":"https:\/\/www.domtechnikpro.com\/wp-json\/wp\/v2\/product_cat?post=15160"},{"taxonomy":"product_tag","embeddable":true,"href":"https:\/\/www.domtechnikpro.com\/wp-json\/wp\/v2\/product_tag?post=15160"}],"curies":[{"name":"wp","href":"https:\/\/api.w.org\/{rel}","templated":true}]}}