{"id":15155,"date":"2026-04-26T08:53:53","date_gmt":"2026-04-26T08:53:53","guid":{"rendered":""},"modified":"2026-04-26T08:53:53","modified_gmt":"2026-04-26T08:53:53","slug":"deska-vencova-velox-wsc-35-35x250x2000-mm-bezpecna-platba-15155","status":"publish","type":"product","link":"https:\/\/www.domtechnikpro.com\/index.php\/produkt\/deska-vencova-velox-wsc-35-35x250x2000-mm-bezpecna-platba-15155\/","title":{"rendered":"Deska v\u011bncov\u00e1 Velox WSC\u00a035 35x250x2000\u00a0mm Bezpe\u010dn\u00e1 Platba"},"content":{"rendered":"<div class=\"content-actual\">\n<p>Pro bedn\u011bn\u00ed v\u011bnc\u016f st\u011bn se pou\u017e\u00edv\u00e1 v\u011bncov\u00e1 deska VELOX WSC35 v\u00fd\u0161ky 250 mm, kter\u00e1 m\u016f\u017ee b\u00fdt opat\u0159ena tepelnou izolac\u00ed v tlou\u0161\u0165k\u00e1ch 50 nebo 100 mm. D\u00edky tepeln\u00e9 izolaci doch\u00e1z\u00ed k podstatn\u00e9mu omezen\u00ed mo\u017en\u00e9ho vzniku tepeln\u00fdch most\u016f obvodov\u00fdch v\u011bncov\u00fdch konstrukc\u00ed v m\u00edst\u011b styku se v\u0161emi typy stropn\u00edch konstrukc\u00ed. K nosn\u00fdm st\u011bn\u00e1m se bedn\u011bn\u00ed v\u011bnc\u016f p\u0159ipev\u0148uje mont\u00e1\u017en\u00edmi sponami s antikorozn\u00ed \u00fapravou. D\u00e9lka spon odpov\u00edd\u00e1 \u0161\u00ed\u0159ce zdiva.\u00a0<\/p>\n<p>Bedn\u011bn\u00ed v\u011bnc\u016f VELOX je lehk\u00e9 a odoln\u00e9, skv\u011ble izoluje teplo a umo\u017e\u0148uje rychlou a jednoduchou mont\u00e1\u017e bez lepen\u00ed.<\/p>\n<\/p><\/div>\n<\/p><\/div>\n","protected":false},"excerpt":{"rendered":"<p>Pro bedn\u011bn\u00ed v\u011bnc\u016f st\u011bn se pou\u017e\u00edv\u00e1 v\u011bncov\u00e1 deska VELOX WSC35 v\u00fd\u0161ky 250 mm, kter\u00e1 m\u016f\u017ee b\u00fdt opat\u0159ena tepelnou izolac\u00ed v tlou\u0161\u0165k\u00e1ch 50 nebo 100 mm. D\u00edky tepeln\u00e9 izolaci doch\u00e1z\u00ed k podstatn\u00e9mu omezen\u00ed mo\u017en\u00e9ho vzniku tepeln\u00fdch most\u016f obvodov\u00fdch v\u011bncov\u00fdch konstrukc\u00ed v m\u00edst\u011b styku se v\u0161emi typy stropn\u00edch konstrukc\u00ed. K nosn\u00fdm st\u011bn\u00e1m se bedn\u011bn\u00ed v\u011bnc\u016f p\u0159ipev\u0148uje mont\u00e1\u017en\u00edmi [&hellip;]<\/p>\n","protected":false},"featured_media":15255,"comment_status":"open","ping_status":"open","template":"","meta":[],"product_brand":[],"product_cat":[69],"product_tag":[],"class_list":{"0":"post-15155","1":"product","2":"type-product","3":"status-publish","4":"has-post-thumbnail","6":"product_cat-specialni-nabidka","8":"first","9":"instock","10":"sale","11":"shipping-taxable","12":"purchasable","13":"product-type-simple"},"yoast_head":"<!-- This site is optimized with the Yoast SEO plugin v26.8 - https:\/\/yoast.com\/product\/yoast-seo-wordpress\/ -->\n<title>Deska v\u011bncov\u00e1 Velox WSC\u00a035 35x250x2000\u00a0mm Bezpe\u010dn\u00e1 Platba -<\/title>\n<meta name=\"robots\" content=\"index, follow, max-snippet:-1, max-image-preview:large, max-video-preview:-1\" \/>\n<link rel=\"canonical\" href=\"https:\/\/www.domtechnikpro.com\/index.php\/produkt\/deska-vencova-velox-wsc-35-35x250x2000-mm-bezpecna-platba-15155\/\" \/>\n<meta property=\"og:locale\" content=\"cs_CZ\" \/>\n<meta property=\"og:type\" content=\"article\" \/>\n<meta property=\"og:title\" content=\"Deska v\u011bncov\u00e1 Velox WSC\u00a035 35x250x2000\u00a0mm Bezpe\u010dn\u00e1 Platba -\" \/>\n<meta property=\"og:description\" content=\"Pro bedn\u011bn\u00ed v\u011bnc\u016f st\u011bn se pou\u017e\u00edv\u00e1 v\u011bncov\u00e1 deska VELOX WSC35 v\u00fd\u0161ky 250 mm, kter\u00e1 m\u016f\u017ee b\u00fdt opat\u0159ena tepelnou izolac\u00ed v tlou\u0161\u0165k\u00e1ch 50 nebo 100 mm. D\u00edky tepeln\u00e9 izolaci doch\u00e1z\u00ed k podstatn\u00e9mu omezen\u00ed mo\u017en\u00e9ho vzniku tepeln\u00fdch most\u016f obvodov\u00fdch v\u011bncov\u00fdch konstrukc\u00ed v m\u00edst\u011b styku se v\u0161emi typy stropn\u00edch konstrukc\u00ed. K nosn\u00fdm st\u011bn\u00e1m se bedn\u011bn\u00ed v\u011bnc\u016f p\u0159ipev\u0148uje mont\u00e1\u017en\u00edmi [&hellip;]\" \/>\n<meta property=\"og:url\" content=\"https:\/\/www.domtechnikpro.com\/index.php\/produkt\/deska-vencova-velox-wsc-35-35x250x2000-mm-bezpecna-platba-15155\/\" \/>\n<meta property=\"og:image\" content=\"https:\/\/www.domtechnikpro.com\/wp-content\/uploads\/2026\/SK0002526-CZ20260425-091842-0-1777079922-tablet-velox.webp\" \/>\n\t<meta property=\"og:image:width\" content=\"800\" \/>\n\t<meta property=\"og:image:height\" content=\"800\" \/>\n\t<meta property=\"og:image:type\" content=\"image\/webp\" \/>\n<meta name=\"twitter:card\" content=\"summary_large_image\" \/>\n<meta name=\"twitter:label1\" content=\"Odhadovan\u00e1 doba \u010dten\u00ed\" \/>\n\t<meta name=\"twitter:data1\" content=\"1 minuta\" \/>\n<script type=\"application\/ld+json\" class=\"yoast-schema-graph\">{\"@context\":\"https:\/\/schema.org\",\"@graph\":[{\"@type\":\"WebPage\",\"@id\":\"https:\/\/www.domtechnikpro.com\/index.php\/produkt\/deska-vencova-velox-wsc-35-35x250x2000-mm-bezpecna-platba-15155\/\",\"url\":\"https:\/\/www.domtechnikpro.com\/index.php\/produkt\/deska-vencova-velox-wsc-35-35x250x2000-mm-bezpecna-platba-15155\/\",\"name\":\"Deska v\u011bncov\u00e1 Velox WSC\u00a035 35x250x2000\u00a0mm Bezpe\u010dn\u00e1 Platba -\",\"isPartOf\":{\"@id\":\"https:\/\/www.domtechnikpro.com\/#website\"},\"primaryImageOfPage\":{\"@id\":\"https:\/\/www.domtechnikpro.com\/index.php\/produkt\/deska-vencova-velox-wsc-35-35x250x2000-mm-bezpecna-platba-15155\/#primaryimage\"},\"image\":{\"@id\":\"https:\/\/www.domtechnikpro.com\/index.php\/produkt\/deska-vencova-velox-wsc-35-35x250x2000-mm-bezpecna-platba-15155\/#primaryimage\"},\"thumbnailUrl\":\"https:\/\/www.domtechnikpro.com\/wp-content\/uploads\/2026\/SK0002526-CZ20260425-091842-0-1777079922-tablet-velox.webp\",\"datePublished\":\"2026-04-26T08:53:53+00:00\",\"breadcrumb\":{\"@id\":\"https:\/\/www.domtechnikpro.com\/index.php\/produkt\/deska-vencova-velox-wsc-35-35x250x2000-mm-bezpecna-platba-15155\/#breadcrumb\"},\"inLanguage\":\"cs\",\"potentialAction\":[{\"@type\":\"ReadAction\",\"target\":[\"https:\/\/www.domtechnikpro.com\/index.php\/produkt\/deska-vencova-velox-wsc-35-35x250x2000-mm-bezpecna-platba-15155\/\"]}]},{\"@type\":\"ImageObject\",\"inLanguage\":\"cs\",\"@id\":\"https:\/\/www.domtechnikpro.com\/index.php\/produkt\/deska-vencova-velox-wsc-35-35x250x2000-mm-bezpecna-platba-15155\/#primaryimage\",\"url\":\"https:\/\/www.domtechnikpro.com\/wp-content\/uploads\/2026\/SK0002526-CZ20260425-091842-0-1777079922-tablet-velox.webp\",\"contentUrl\":\"https:\/\/www.domtechnikpro.com\/wp-content\/uploads\/2026\/SK0002526-CZ20260425-091842-0-1777079922-tablet-velox.webp\",\"width\":800,\"height\":800},{\"@type\":\"BreadcrumbList\",\"@id\":\"https:\/\/www.domtechnikpro.com\/index.php\/produkt\/deska-vencova-velox-wsc-35-35x250x2000-mm-bezpecna-platba-15155\/#breadcrumb\",\"itemListElement\":[{\"@type\":\"ListItem\",\"position\":1,\"name\":\"Home\",\"item\":\"https:\/\/www.domtechnikpro.com\/\"},{\"@type\":\"ListItem\",\"position\":2,\"name\":\"Products\",\"item\":\"https:\/\/www.domtechnikpro.com\/index.php\/products\/\"},{\"@type\":\"ListItem\",\"position\":3,\"name\":\"Deska v\u011bncov\u00e1 Velox WSC\u00a035 35x250x2000\u00a0mm Bezpe\u010dn\u00e1 Platba\"}]},{\"@type\":\"WebSite\",\"@id\":\"https:\/\/www.domtechnikpro.com\/#website\",\"url\":\"https:\/\/www.domtechnikpro.com\/\",\"name\":\"\",\"description\":\"\",\"potentialAction\":[{\"@type\":\"SearchAction\",\"target\":{\"@type\":\"EntryPoint\",\"urlTemplate\":\"https:\/\/www.domtechnikpro.com\/?s={search_term_string}\"},\"query-input\":{\"@type\":\"PropertyValueSpecification\",\"valueRequired\":true,\"valueName\":\"search_term_string\"}}],\"inLanguage\":\"cs\"}]}<\/script>\n<!-- \/ Yoast SEO plugin. -->","yoast_head_json":{"title":"Deska v\u011bncov\u00e1 Velox WSC\u00a035 35x250x2000\u00a0mm Bezpe\u010dn\u00e1 Platba -","robots":{"index":"index","follow":"follow","max-snippet":"max-snippet:-1","max-image-preview":"max-image-preview:large","max-video-preview":"max-video-preview:-1"},"canonical":"https:\/\/www.domtechnikpro.com\/index.php\/produkt\/deska-vencova-velox-wsc-35-35x250x2000-mm-bezpecna-platba-15155\/","og_locale":"cs_CZ","og_type":"article","og_title":"Deska v\u011bncov\u00e1 Velox WSC\u00a035 35x250x2000\u00a0mm Bezpe\u010dn\u00e1 Platba -","og_description":"Pro bedn\u011bn\u00ed v\u011bnc\u016f st\u011bn se pou\u017e\u00edv\u00e1 v\u011bncov\u00e1 deska VELOX WSC35 v\u00fd\u0161ky 250 mm, kter\u00e1 m\u016f\u017ee b\u00fdt opat\u0159ena tepelnou izolac\u00ed v tlou\u0161\u0165k\u00e1ch 50 nebo 100 mm. D\u00edky tepeln\u00e9 izolaci doch\u00e1z\u00ed k podstatn\u00e9mu omezen\u00ed mo\u017en\u00e9ho vzniku tepeln\u00fdch most\u016f obvodov\u00fdch v\u011bncov\u00fdch konstrukc\u00ed v m\u00edst\u011b styku se v\u0161emi typy stropn\u00edch konstrukc\u00ed. K nosn\u00fdm st\u011bn\u00e1m se bedn\u011bn\u00ed v\u011bnc\u016f p\u0159ipev\u0148uje mont\u00e1\u017en\u00edmi [&hellip;]","og_url":"https:\/\/www.domtechnikpro.com\/index.php\/produkt\/deska-vencova-velox-wsc-35-35x250x2000-mm-bezpecna-platba-15155\/","og_image":[{"width":800,"height":800,"url":"https:\/\/www.domtechnikpro.com\/wp-content\/uploads\/2026\/SK0002526-CZ20260425-091842-0-1777079922-tablet-velox.webp","type":"image\/webp"}],"twitter_card":"summary_large_image","twitter_misc":{"Odhadovan\u00e1 doba \u010dten\u00ed":"1 minuta"},"schema":{"@context":"https:\/\/schema.org","@graph":[{"@type":"WebPage","@id":"https:\/\/www.domtechnikpro.com\/index.php\/produkt\/deska-vencova-velox-wsc-35-35x250x2000-mm-bezpecna-platba-15155\/","url":"https:\/\/www.domtechnikpro.com\/index.php\/produkt\/deska-vencova-velox-wsc-35-35x250x2000-mm-bezpecna-platba-15155\/","name":"Deska v\u011bncov\u00e1 Velox WSC\u00a035 35x250x2000\u00a0mm Bezpe\u010dn\u00e1 Platba -","isPartOf":{"@id":"https:\/\/www.domtechnikpro.com\/#website"},"primaryImageOfPage":{"@id":"https:\/\/www.domtechnikpro.com\/index.php\/produkt\/deska-vencova-velox-wsc-35-35x250x2000-mm-bezpecna-platba-15155\/#primaryimage"},"image":{"@id":"https:\/\/www.domtechnikpro.com\/index.php\/produkt\/deska-vencova-velox-wsc-35-35x250x2000-mm-bezpecna-platba-15155\/#primaryimage"},"thumbnailUrl":"https:\/\/www.domtechnikpro.com\/wp-content\/uploads\/2026\/SK0002526-CZ20260425-091842-0-1777079922-tablet-velox.webp","datePublished":"2026-04-26T08:53:53+00:00","breadcrumb":{"@id":"https:\/\/www.domtechnikpro.com\/index.php\/produkt\/deska-vencova-velox-wsc-35-35x250x2000-mm-bezpecna-platba-15155\/#breadcrumb"},"inLanguage":"cs","potentialAction":[{"@type":"ReadAction","target":["https:\/\/www.domtechnikpro.com\/index.php\/produkt\/deska-vencova-velox-wsc-35-35x250x2000-mm-bezpecna-platba-15155\/"]}]},{"@type":"ImageObject","inLanguage":"cs","@id":"https:\/\/www.domtechnikpro.com\/index.php\/produkt\/deska-vencova-velox-wsc-35-35x250x2000-mm-bezpecna-platba-15155\/#primaryimage","url":"https:\/\/www.domtechnikpro.com\/wp-content\/uploads\/2026\/SK0002526-CZ20260425-091842-0-1777079922-tablet-velox.webp","contentUrl":"https:\/\/www.domtechnikpro.com\/wp-content\/uploads\/2026\/SK0002526-CZ20260425-091842-0-1777079922-tablet-velox.webp","width":800,"height":800},{"@type":"BreadcrumbList","@id":"https:\/\/www.domtechnikpro.com\/index.php\/produkt\/deska-vencova-velox-wsc-35-35x250x2000-mm-bezpecna-platba-15155\/#breadcrumb","itemListElement":[{"@type":"ListItem","position":1,"name":"Home","item":"https:\/\/www.domtechnikpro.com\/"},{"@type":"ListItem","position":2,"name":"Products","item":"https:\/\/www.domtechnikpro.com\/index.php\/products\/"},{"@type":"ListItem","position":3,"name":"Deska v\u011bncov\u00e1 Velox WSC\u00a035 35x250x2000\u00a0mm Bezpe\u010dn\u00e1 Platba"}]},{"@type":"WebSite","@id":"https:\/\/www.domtechnikpro.com\/#website","url":"https:\/\/www.domtechnikpro.com\/","name":"","description":"","potentialAction":[{"@type":"SearchAction","target":{"@type":"EntryPoint","urlTemplate":"https:\/\/www.domtechnikpro.com\/?s={search_term_string}"},"query-input":{"@type":"PropertyValueSpecification","valueRequired":true,"valueName":"search_term_string"}}],"inLanguage":"cs"}]}},"_links":{"self":[{"href":"https:\/\/www.domtechnikpro.com\/index.php\/wp-json\/wp\/v2\/product\/15155","targetHints":{"allow":["GET"]}}],"collection":[{"href":"https:\/\/www.domtechnikpro.com\/index.php\/wp-json\/wp\/v2\/product"}],"about":[{"href":"https:\/\/www.domtechnikpro.com\/index.php\/wp-json\/wp\/v2\/types\/product"}],"replies":[{"embeddable":true,"href":"https:\/\/www.domtechnikpro.com\/index.php\/wp-json\/wp\/v2\/comments?post=15155"}],"wp:featuredmedia":[{"embeddable":true,"href":"https:\/\/www.domtechnikpro.com\/index.php\/wp-json\/wp\/v2\/media\/15255"}],"wp:attachment":[{"href":"https:\/\/www.domtechnikpro.com\/index.php\/wp-json\/wp\/v2\/media?parent=15155"}],"wp:term":[{"taxonomy":"product_brand","embeddable":true,"href":"https:\/\/www.domtechnikpro.com\/index.php\/wp-json\/wp\/v2\/product_brand?post=15155"},{"taxonomy":"product_cat","embeddable":true,"href":"https:\/\/www.domtechnikpro.com\/index.php\/wp-json\/wp\/v2\/product_cat?post=15155"},{"taxonomy":"product_tag","embeddable":true,"href":"https:\/\/www.domtechnikpro.com\/index.php\/wp-json\/wp\/v2\/product_tag?post=15155"}],"curies":[{"name":"wp","href":"https:\/\/api.w.org\/{rel}","templated":true}]}}