{"id":14590,"date":"2026-04-26T08:53:47","date_gmt":"2026-04-26T08:53:47","guid":{"rendered":""},"modified":"2026-04-26T08:53:47","modified_gmt":"2026-04-26T08:53:47","slug":"casove-omezene-elektroda-bazicka-e-b-121-3-2-450-124-ks-6-kg-14590","status":"publish","type":"product","link":"https:\/\/www.domtechnikpro.com\/index.php\/produkt\/casove-omezene-elektroda-bazicka-e-b-121-3-2-450-124-ks-6-kg-14590\/","title":{"rendered":"\u010casov\u011b Omezen\u00e9 Elektroda bazick\u00e1 E-B\u00a0121 3,2\/450 124\u00a0ks\/6 kg"},"content":{"rendered":"<div class=\"content-actual\">\n<p>Bazick\u00e9 elektrody s univerz\u00e1ln\u00edm pou\u017eit\u00edm pro sva\u0159ov\u00e1n\u00ed zna\u010dn\u011b nam\u00e1han\u00fdch sou\u010d\u00e1st\u00ed potrub\u00ed energetick\u00fdch za\u0159\u00edzen\u00ed, dopravn\u00edch prost\u0159edk\u016f, tlakov\u00fdch n\u00e1dob, lodn\u00edch i stavebn\u00edch konstrukc\u00ed z oceli pevnosti cca 480 MPa, nap\u0159. P235\/S235 a\u017e P420\/S420 aj. Vhodn\u00e1 pro v\u0161echny polohy sva\u0159ov\u00e1n\u00ed krom\u011b svisl\u00e9 shora dol\u016f.<\/p>\n<\/p><\/div>\n<\/p><\/div>\n","protected":false},"excerpt":{"rendered":"<p>Bazick\u00e9 elektrody s univerz\u00e1ln\u00edm pou\u017eit\u00edm pro sva\u0159ov\u00e1n\u00ed zna\u010dn\u011b nam\u00e1han\u00fdch sou\u010d\u00e1st\u00ed potrub\u00ed energetick\u00fdch za\u0159\u00edzen\u00ed, dopravn\u00edch prost\u0159edk\u016f, tlakov\u00fdch n\u00e1dob, lodn\u00edch i stavebn\u00edch konstrukc\u00ed z oceli pevnosti cca 480 MPa, nap\u0159. P235\/S235 a\u017e P420\/S420 aj. Vhodn\u00e1 pro v\u0161echny polohy sva\u0159ov\u00e1n\u00ed krom\u011b svisl\u00e9 shora dol\u016f.<\/p>\n","protected":false},"featured_media":14690,"comment_status":"open","ping_status":"open","template":"","meta":[],"product_brand":[],"product_cat":[79],"product_tag":[],"class_list":{"0":"post-14590","1":"product","2":"type-product","3":"status-publish","4":"has-post-thumbnail","6":"product_cat-elektro-materialy","8":"first","9":"instock","10":"sale","11":"shipping-taxable","12":"purchasable","13":"product-type-simple"},"yoast_head":"<!-- This site is optimized with the Yoast SEO plugin v26.8 - https:\/\/yoast.com\/product\/yoast-seo-wordpress\/ -->\n<title>\u010casov\u011b Omezen\u00e9 Elektroda bazick\u00e1 E-B\u00a0121 3,2\/450 124\u00a0ks\/6 kg -<\/title>\n<meta name=\"robots\" content=\"index, follow, max-snippet:-1, max-image-preview:large, max-video-preview:-1\" \/>\n<link rel=\"canonical\" href=\"https:\/\/www.domtechnikpro.com\/index.php\/produkt\/casove-omezene-elektroda-bazicka-e-b-121-3-2-450-124-ks-6-kg-14590\/\" \/>\n<meta property=\"og:locale\" content=\"cs_CZ\" \/>\n<meta property=\"og:type\" content=\"article\" \/>\n<meta property=\"og:title\" content=\"\u010casov\u011b Omezen\u00e9 Elektroda bazick\u00e1 E-B\u00a0121 3,2\/450 124\u00a0ks\/6 kg -\" \/>\n<meta property=\"og:description\" content=\"Bazick\u00e9 elektrody s univerz\u00e1ln\u00edm pou\u017eit\u00edm pro sva\u0159ov\u00e1n\u00ed zna\u010dn\u011b nam\u00e1han\u00fdch sou\u010d\u00e1st\u00ed potrub\u00ed energetick\u00fdch za\u0159\u00edzen\u00ed, dopravn\u00edch prost\u0159edk\u016f, tlakov\u00fdch n\u00e1dob, lodn\u00edch i stavebn\u00edch konstrukc\u00ed z oceli pevnosti cca 480 MPa, nap\u0159. P235\/S235 a\u017e P420\/S420 aj. Vhodn\u00e1 pro v\u0161echny polohy sva\u0159ov\u00e1n\u00ed krom\u011b svisl\u00e9 shora dol\u016f.\" \/>\n<meta property=\"og:url\" content=\"https:\/\/www.domtechnikpro.com\/index.php\/produkt\/casove-omezene-elektroda-bazicka-e-b-121-3-2-450-124-ks-6-kg-14590\/\" \/>\n<meta property=\"og:image\" content=\"https:\/\/www.domtechnikpro.com\/wp-content\/uploads\/2026\/SK0002261-CZ20260425-091842-0-1777079922-tablet-elektrody-2.webp\" \/>\n\t<meta property=\"og:image:width\" content=\"801\" \/>\n\t<meta property=\"og:image:height\" content=\"355\" \/>\n\t<meta property=\"og:image:type\" content=\"image\/webp\" \/>\n<meta name=\"twitter:card\" content=\"summary_large_image\" \/>\n<script type=\"application\/ld+json\" class=\"yoast-schema-graph\">{\"@context\":\"https:\/\/schema.org\",\"@graph\":[{\"@type\":\"WebPage\",\"@id\":\"https:\/\/www.domtechnikpro.com\/index.php\/produkt\/casove-omezene-elektroda-bazicka-e-b-121-3-2-450-124-ks-6-kg-14590\/\",\"url\":\"https:\/\/www.domtechnikpro.com\/index.php\/produkt\/casove-omezene-elektroda-bazicka-e-b-121-3-2-450-124-ks-6-kg-14590\/\",\"name\":\"\u010casov\u011b Omezen\u00e9 Elektroda bazick\u00e1 E-B\u00a0121 3,2\/450 124\u00a0ks\/6 kg -\",\"isPartOf\":{\"@id\":\"https:\/\/www.domtechnikpro.com\/#website\"},\"primaryImageOfPage\":{\"@id\":\"https:\/\/www.domtechnikpro.com\/index.php\/produkt\/casove-omezene-elektroda-bazicka-e-b-121-3-2-450-124-ks-6-kg-14590\/#primaryimage\"},\"image\":{\"@id\":\"https:\/\/www.domtechnikpro.com\/index.php\/produkt\/casove-omezene-elektroda-bazicka-e-b-121-3-2-450-124-ks-6-kg-14590\/#primaryimage\"},\"thumbnailUrl\":\"https:\/\/www.domtechnikpro.com\/wp-content\/uploads\/2026\/SK0002261-CZ20260425-091842-0-1777079922-tablet-elektrody-2.webp\",\"datePublished\":\"2026-04-26T08:53:47+00:00\",\"breadcrumb\":{\"@id\":\"https:\/\/www.domtechnikpro.com\/index.php\/produkt\/casove-omezene-elektroda-bazicka-e-b-121-3-2-450-124-ks-6-kg-14590\/#breadcrumb\"},\"inLanguage\":\"cs\",\"potentialAction\":[{\"@type\":\"ReadAction\",\"target\":[\"https:\/\/www.domtechnikpro.com\/index.php\/produkt\/casove-omezene-elektroda-bazicka-e-b-121-3-2-450-124-ks-6-kg-14590\/\"]}]},{\"@type\":\"ImageObject\",\"inLanguage\":\"cs\",\"@id\":\"https:\/\/www.domtechnikpro.com\/index.php\/produkt\/casove-omezene-elektroda-bazicka-e-b-121-3-2-450-124-ks-6-kg-14590\/#primaryimage\",\"url\":\"https:\/\/www.domtechnikpro.com\/wp-content\/uploads\/2026\/SK0002261-CZ20260425-091842-0-1777079922-tablet-elektrody-2.webp\",\"contentUrl\":\"https:\/\/www.domtechnikpro.com\/wp-content\/uploads\/2026\/SK0002261-CZ20260425-091842-0-1777079922-tablet-elektrody-2.webp\",\"width\":801,\"height\":355},{\"@type\":\"BreadcrumbList\",\"@id\":\"https:\/\/www.domtechnikpro.com\/index.php\/produkt\/casove-omezene-elektroda-bazicka-e-b-121-3-2-450-124-ks-6-kg-14590\/#breadcrumb\",\"itemListElement\":[{\"@type\":\"ListItem\",\"position\":1,\"name\":\"Home\",\"item\":\"https:\/\/www.domtechnikpro.com\/\"},{\"@type\":\"ListItem\",\"position\":2,\"name\":\"Products\",\"item\":\"https:\/\/www.domtechnikpro.com\/index.php\/products\/\"},{\"@type\":\"ListItem\",\"position\":3,\"name\":\"\u010casov\u011b Omezen\u00e9 Elektroda bazick\u00e1 E-B\u00a0121 3,2\/450 124\u00a0ks\/6 kg\"}]},{\"@type\":\"WebSite\",\"@id\":\"https:\/\/www.domtechnikpro.com\/#website\",\"url\":\"https:\/\/www.domtechnikpro.com\/\",\"name\":\"\",\"description\":\"\",\"potentialAction\":[{\"@type\":\"SearchAction\",\"target\":{\"@type\":\"EntryPoint\",\"urlTemplate\":\"https:\/\/www.domtechnikpro.com\/?s={search_term_string}\"},\"query-input\":{\"@type\":\"PropertyValueSpecification\",\"valueRequired\":true,\"valueName\":\"search_term_string\"}}],\"inLanguage\":\"cs\"}]}<\/script>\n<!-- \/ Yoast SEO plugin. -->","yoast_head_json":{"title":"\u010casov\u011b Omezen\u00e9 Elektroda bazick\u00e1 E-B\u00a0121 3,2\/450 124\u00a0ks\/6 kg -","robots":{"index":"index","follow":"follow","max-snippet":"max-snippet:-1","max-image-preview":"max-image-preview:large","max-video-preview":"max-video-preview:-1"},"canonical":"https:\/\/www.domtechnikpro.com\/index.php\/produkt\/casove-omezene-elektroda-bazicka-e-b-121-3-2-450-124-ks-6-kg-14590\/","og_locale":"cs_CZ","og_type":"article","og_title":"\u010casov\u011b Omezen\u00e9 Elektroda bazick\u00e1 E-B\u00a0121 3,2\/450 124\u00a0ks\/6 kg -","og_description":"Bazick\u00e9 elektrody s univerz\u00e1ln\u00edm pou\u017eit\u00edm pro sva\u0159ov\u00e1n\u00ed zna\u010dn\u011b nam\u00e1han\u00fdch sou\u010d\u00e1st\u00ed potrub\u00ed energetick\u00fdch za\u0159\u00edzen\u00ed, dopravn\u00edch prost\u0159edk\u016f, tlakov\u00fdch n\u00e1dob, lodn\u00edch i stavebn\u00edch konstrukc\u00ed z oceli pevnosti cca 480 MPa, nap\u0159. P235\/S235 a\u017e P420\/S420 aj. Vhodn\u00e1 pro v\u0161echny polohy sva\u0159ov\u00e1n\u00ed krom\u011b svisl\u00e9 shora dol\u016f.","og_url":"https:\/\/www.domtechnikpro.com\/index.php\/produkt\/casove-omezene-elektroda-bazicka-e-b-121-3-2-450-124-ks-6-kg-14590\/","og_image":[{"width":801,"height":355,"url":"https:\/\/www.domtechnikpro.com\/wp-content\/uploads\/2026\/SK0002261-CZ20260425-091842-0-1777079922-tablet-elektrody-2.webp","type":"image\/webp"}],"twitter_card":"summary_large_image","schema":{"@context":"https:\/\/schema.org","@graph":[{"@type":"WebPage","@id":"https:\/\/www.domtechnikpro.com\/index.php\/produkt\/casove-omezene-elektroda-bazicka-e-b-121-3-2-450-124-ks-6-kg-14590\/","url":"https:\/\/www.domtechnikpro.com\/index.php\/produkt\/casove-omezene-elektroda-bazicka-e-b-121-3-2-450-124-ks-6-kg-14590\/","name":"\u010casov\u011b Omezen\u00e9 Elektroda bazick\u00e1 E-B\u00a0121 3,2\/450 124\u00a0ks\/6 kg -","isPartOf":{"@id":"https:\/\/www.domtechnikpro.com\/#website"},"primaryImageOfPage":{"@id":"https:\/\/www.domtechnikpro.com\/index.php\/produkt\/casove-omezene-elektroda-bazicka-e-b-121-3-2-450-124-ks-6-kg-14590\/#primaryimage"},"image":{"@id":"https:\/\/www.domtechnikpro.com\/index.php\/produkt\/casove-omezene-elektroda-bazicka-e-b-121-3-2-450-124-ks-6-kg-14590\/#primaryimage"},"thumbnailUrl":"https:\/\/www.domtechnikpro.com\/wp-content\/uploads\/2026\/SK0002261-CZ20260425-091842-0-1777079922-tablet-elektrody-2.webp","datePublished":"2026-04-26T08:53:47+00:00","breadcrumb":{"@id":"https:\/\/www.domtechnikpro.com\/index.php\/produkt\/casove-omezene-elektroda-bazicka-e-b-121-3-2-450-124-ks-6-kg-14590\/#breadcrumb"},"inLanguage":"cs","potentialAction":[{"@type":"ReadAction","target":["https:\/\/www.domtechnikpro.com\/index.php\/produkt\/casove-omezene-elektroda-bazicka-e-b-121-3-2-450-124-ks-6-kg-14590\/"]}]},{"@type":"ImageObject","inLanguage":"cs","@id":"https:\/\/www.domtechnikpro.com\/index.php\/produkt\/casove-omezene-elektroda-bazicka-e-b-121-3-2-450-124-ks-6-kg-14590\/#primaryimage","url":"https:\/\/www.domtechnikpro.com\/wp-content\/uploads\/2026\/SK0002261-CZ20260425-091842-0-1777079922-tablet-elektrody-2.webp","contentUrl":"https:\/\/www.domtechnikpro.com\/wp-content\/uploads\/2026\/SK0002261-CZ20260425-091842-0-1777079922-tablet-elektrody-2.webp","width":801,"height":355},{"@type":"BreadcrumbList","@id":"https:\/\/www.domtechnikpro.com\/index.php\/produkt\/casove-omezene-elektroda-bazicka-e-b-121-3-2-450-124-ks-6-kg-14590\/#breadcrumb","itemListElement":[{"@type":"ListItem","position":1,"name":"Home","item":"https:\/\/www.domtechnikpro.com\/"},{"@type":"ListItem","position":2,"name":"Products","item":"https:\/\/www.domtechnikpro.com\/index.php\/products\/"},{"@type":"ListItem","position":3,"name":"\u010casov\u011b Omezen\u00e9 Elektroda bazick\u00e1 E-B\u00a0121 3,2\/450 124\u00a0ks\/6 kg"}]},{"@type":"WebSite","@id":"https:\/\/www.domtechnikpro.com\/#website","url":"https:\/\/www.domtechnikpro.com\/","name":"","description":"","potentialAction":[{"@type":"SearchAction","target":{"@type":"EntryPoint","urlTemplate":"https:\/\/www.domtechnikpro.com\/?s={search_term_string}"},"query-input":{"@type":"PropertyValueSpecification","valueRequired":true,"valueName":"search_term_string"}}],"inLanguage":"cs"}]}},"_links":{"self":[{"href":"https:\/\/www.domtechnikpro.com\/index.php\/wp-json\/wp\/v2\/product\/14590","targetHints":{"allow":["GET"]}}],"collection":[{"href":"https:\/\/www.domtechnikpro.com\/index.php\/wp-json\/wp\/v2\/product"}],"about":[{"href":"https:\/\/www.domtechnikpro.com\/index.php\/wp-json\/wp\/v2\/types\/product"}],"replies":[{"embeddable":true,"href":"https:\/\/www.domtechnikpro.com\/index.php\/wp-json\/wp\/v2\/comments?post=14590"}],"wp:featuredmedia":[{"embeddable":true,"href":"https:\/\/www.domtechnikpro.com\/index.php\/wp-json\/wp\/v2\/media\/14690"}],"wp:attachment":[{"href":"https:\/\/www.domtechnikpro.com\/index.php\/wp-json\/wp\/v2\/media?parent=14590"}],"wp:term":[{"taxonomy":"product_brand","embeddable":true,"href":"https:\/\/www.domtechnikpro.com\/index.php\/wp-json\/wp\/v2\/product_brand?post=14590"},{"taxonomy":"product_cat","embeddable":true,"href":"https:\/\/www.domtechnikpro.com\/index.php\/wp-json\/wp\/v2\/product_cat?post=14590"},{"taxonomy":"product_tag","embeddable":true,"href":"https:\/\/www.domtechnikpro.com\/index.php\/wp-json\/wp\/v2\/product_tag?post=14590"}],"curies":[{"name":"wp","href":"https:\/\/api.w.org\/{rel}","templated":true}]}}