{"id":14151,"date":"2026-04-26T08:53:42","date_gmt":"2026-04-26T08:53:42","guid":{"rendered":""},"modified":"2026-04-26T08:53:42","modified_gmt":"2026-04-26T08:53:42","slug":"oblibeny-zasuvka-gumova-ip44-250-v-16-a-14151","status":"publish","type":"product","link":"https:\/\/www.domtechnikpro.com\/index.php\/produkt\/oblibeny-zasuvka-gumova-ip44-250-v-16-a-14151\/","title":{"rendered":"Obl\u00edben\u00fd Z\u00e1suvka gumov\u00e1 IP44 250\u00a0V\/16\u00a0A"},"content":{"rendered":"<div class=\"content-actual\">\n<p>Gumov\u00e1 z\u00e1suvka pro pohybliv\u00fd p\u0159\u00edvod, k\u00f3d 050446.<\/p>\n<\/p><\/div>\n<\/p><\/div>\n","protected":false},"excerpt":{"rendered":"<p>Gumov\u00e1 z\u00e1suvka pro pohybliv\u00fd p\u0159\u00edvod, k\u00f3d 050446.<\/p>\n","protected":false},"featured_media":14251,"comment_status":"open","ping_status":"open","template":"","meta":[],"product_brand":[],"product_cat":[79],"product_tag":[],"class_list":{"0":"post-14151","1":"product","2":"type-product","3":"status-publish","4":"has-post-thumbnail","6":"product_cat-elektro-materialy","8":"first","9":"instock","10":"sale","11":"shipping-taxable","12":"purchasable","13":"product-type-simple"},"yoast_head":"<!-- This site is optimized with the Yoast SEO plugin v26.8 - https:\/\/yoast.com\/product\/yoast-seo-wordpress\/ -->\n<title>Obl\u00edben\u00fd Z\u00e1suvka gumov\u00e1 IP44 250\u00a0V\/16\u00a0A -<\/title>\n<meta name=\"robots\" content=\"index, follow, max-snippet:-1, max-image-preview:large, max-video-preview:-1\" \/>\n<link rel=\"canonical\" href=\"https:\/\/www.domtechnikpro.com\/index.php\/produkt\/oblibeny-zasuvka-gumova-ip44-250-v-16-a-14151\/\" \/>\n<meta property=\"og:locale\" content=\"cs_CZ\" \/>\n<meta property=\"og:type\" content=\"article\" \/>\n<meta property=\"og:title\" content=\"Obl\u00edben\u00fd Z\u00e1suvka gumov\u00e1 IP44 250\u00a0V\/16\u00a0A -\" \/>\n<meta property=\"og:description\" content=\"Gumov\u00e1 z\u00e1suvka pro pohybliv\u00fd p\u0159\u00edvod, k\u00f3d 050446.\" \/>\n<meta property=\"og:url\" content=\"https:\/\/www.domtechnikpro.com\/index.php\/produkt\/oblibeny-zasuvka-gumova-ip44-250-v-16-a-14151\/\" \/>\n<meta property=\"og:image\" content=\"https:\/\/www.domtechnikpro.com\/wp-content\/uploads\/2026\/SK0002022-CZ20260425-091842-0-1777079922-tablet-159342-4465.webp\" \/>\n\t<meta property=\"og:image:width\" content=\"418\" \/>\n\t<meta property=\"og:image:height\" content=\"418\" \/>\n\t<meta property=\"og:image:type\" content=\"image\/webp\" \/>\n<meta name=\"twitter:card\" content=\"summary_large_image\" \/>\n<script type=\"application\/ld+json\" class=\"yoast-schema-graph\">{\"@context\":\"https:\/\/schema.org\",\"@graph\":[{\"@type\":\"WebPage\",\"@id\":\"https:\/\/www.domtechnikpro.com\/index.php\/produkt\/oblibeny-zasuvka-gumova-ip44-250-v-16-a-14151\/\",\"url\":\"https:\/\/www.domtechnikpro.com\/index.php\/produkt\/oblibeny-zasuvka-gumova-ip44-250-v-16-a-14151\/\",\"name\":\"Obl\u00edben\u00fd Z\u00e1suvka gumov\u00e1 IP44 250\u00a0V\/16\u00a0A -\",\"isPartOf\":{\"@id\":\"https:\/\/www.domtechnikpro.com\/#website\"},\"primaryImageOfPage\":{\"@id\":\"https:\/\/www.domtechnikpro.com\/index.php\/produkt\/oblibeny-zasuvka-gumova-ip44-250-v-16-a-14151\/#primaryimage\"},\"image\":{\"@id\":\"https:\/\/www.domtechnikpro.com\/index.php\/produkt\/oblibeny-zasuvka-gumova-ip44-250-v-16-a-14151\/#primaryimage\"},\"thumbnailUrl\":\"https:\/\/www.domtechnikpro.com\/wp-content\/uploads\/2026\/SK0002022-CZ20260425-091842-0-1777079922-tablet-159342-4465.webp\",\"datePublished\":\"2026-04-26T08:53:42+00:00\",\"breadcrumb\":{\"@id\":\"https:\/\/www.domtechnikpro.com\/index.php\/produkt\/oblibeny-zasuvka-gumova-ip44-250-v-16-a-14151\/#breadcrumb\"},\"inLanguage\":\"cs\",\"potentialAction\":[{\"@type\":\"ReadAction\",\"target\":[\"https:\/\/www.domtechnikpro.com\/index.php\/produkt\/oblibeny-zasuvka-gumova-ip44-250-v-16-a-14151\/\"]}]},{\"@type\":\"ImageObject\",\"inLanguage\":\"cs\",\"@id\":\"https:\/\/www.domtechnikpro.com\/index.php\/produkt\/oblibeny-zasuvka-gumova-ip44-250-v-16-a-14151\/#primaryimage\",\"url\":\"https:\/\/www.domtechnikpro.com\/wp-content\/uploads\/2026\/SK0002022-CZ20260425-091842-0-1777079922-tablet-159342-4465.webp\",\"contentUrl\":\"https:\/\/www.domtechnikpro.com\/wp-content\/uploads\/2026\/SK0002022-CZ20260425-091842-0-1777079922-tablet-159342-4465.webp\",\"width\":418,\"height\":418},{\"@type\":\"BreadcrumbList\",\"@id\":\"https:\/\/www.domtechnikpro.com\/index.php\/produkt\/oblibeny-zasuvka-gumova-ip44-250-v-16-a-14151\/#breadcrumb\",\"itemListElement\":[{\"@type\":\"ListItem\",\"position\":1,\"name\":\"Home\",\"item\":\"https:\/\/www.domtechnikpro.com\/\"},{\"@type\":\"ListItem\",\"position\":2,\"name\":\"Products\",\"item\":\"https:\/\/www.domtechnikpro.com\/index.php\/products\/\"},{\"@type\":\"ListItem\",\"position\":3,\"name\":\"Obl\u00edben\u00fd Z\u00e1suvka gumov\u00e1 IP44 250\u00a0V\/16\u00a0A\"}]},{\"@type\":\"WebSite\",\"@id\":\"https:\/\/www.domtechnikpro.com\/#website\",\"url\":\"https:\/\/www.domtechnikpro.com\/\",\"name\":\"\",\"description\":\"\",\"potentialAction\":[{\"@type\":\"SearchAction\",\"target\":{\"@type\":\"EntryPoint\",\"urlTemplate\":\"https:\/\/www.domtechnikpro.com\/?s={search_term_string}\"},\"query-input\":{\"@type\":\"PropertyValueSpecification\",\"valueRequired\":true,\"valueName\":\"search_term_string\"}}],\"inLanguage\":\"cs\"}]}<\/script>\n<!-- \/ Yoast SEO plugin. -->","yoast_head_json":{"title":"Obl\u00edben\u00fd Z\u00e1suvka gumov\u00e1 IP44 250\u00a0V\/16\u00a0A -","robots":{"index":"index","follow":"follow","max-snippet":"max-snippet:-1","max-image-preview":"max-image-preview:large","max-video-preview":"max-video-preview:-1"},"canonical":"https:\/\/www.domtechnikpro.com\/index.php\/produkt\/oblibeny-zasuvka-gumova-ip44-250-v-16-a-14151\/","og_locale":"cs_CZ","og_type":"article","og_title":"Obl\u00edben\u00fd Z\u00e1suvka gumov\u00e1 IP44 250\u00a0V\/16\u00a0A -","og_description":"Gumov\u00e1 z\u00e1suvka pro pohybliv\u00fd p\u0159\u00edvod, k\u00f3d 050446.","og_url":"https:\/\/www.domtechnikpro.com\/index.php\/produkt\/oblibeny-zasuvka-gumova-ip44-250-v-16-a-14151\/","og_image":[{"width":418,"height":418,"url":"https:\/\/www.domtechnikpro.com\/wp-content\/uploads\/2026\/SK0002022-CZ20260425-091842-0-1777079922-tablet-159342-4465.webp","type":"image\/webp"}],"twitter_card":"summary_large_image","schema":{"@context":"https:\/\/schema.org","@graph":[{"@type":"WebPage","@id":"https:\/\/www.domtechnikpro.com\/index.php\/produkt\/oblibeny-zasuvka-gumova-ip44-250-v-16-a-14151\/","url":"https:\/\/www.domtechnikpro.com\/index.php\/produkt\/oblibeny-zasuvka-gumova-ip44-250-v-16-a-14151\/","name":"Obl\u00edben\u00fd Z\u00e1suvka gumov\u00e1 IP44 250\u00a0V\/16\u00a0A -","isPartOf":{"@id":"https:\/\/www.domtechnikpro.com\/#website"},"primaryImageOfPage":{"@id":"https:\/\/www.domtechnikpro.com\/index.php\/produkt\/oblibeny-zasuvka-gumova-ip44-250-v-16-a-14151\/#primaryimage"},"image":{"@id":"https:\/\/www.domtechnikpro.com\/index.php\/produkt\/oblibeny-zasuvka-gumova-ip44-250-v-16-a-14151\/#primaryimage"},"thumbnailUrl":"https:\/\/www.domtechnikpro.com\/wp-content\/uploads\/2026\/SK0002022-CZ20260425-091842-0-1777079922-tablet-159342-4465.webp","datePublished":"2026-04-26T08:53:42+00:00","breadcrumb":{"@id":"https:\/\/www.domtechnikpro.com\/index.php\/produkt\/oblibeny-zasuvka-gumova-ip44-250-v-16-a-14151\/#breadcrumb"},"inLanguage":"cs","potentialAction":[{"@type":"ReadAction","target":["https:\/\/www.domtechnikpro.com\/index.php\/produkt\/oblibeny-zasuvka-gumova-ip44-250-v-16-a-14151\/"]}]},{"@type":"ImageObject","inLanguage":"cs","@id":"https:\/\/www.domtechnikpro.com\/index.php\/produkt\/oblibeny-zasuvka-gumova-ip44-250-v-16-a-14151\/#primaryimage","url":"https:\/\/www.domtechnikpro.com\/wp-content\/uploads\/2026\/SK0002022-CZ20260425-091842-0-1777079922-tablet-159342-4465.webp","contentUrl":"https:\/\/www.domtechnikpro.com\/wp-content\/uploads\/2026\/SK0002022-CZ20260425-091842-0-1777079922-tablet-159342-4465.webp","width":418,"height":418},{"@type":"BreadcrumbList","@id":"https:\/\/www.domtechnikpro.com\/index.php\/produkt\/oblibeny-zasuvka-gumova-ip44-250-v-16-a-14151\/#breadcrumb","itemListElement":[{"@type":"ListItem","position":1,"name":"Home","item":"https:\/\/www.domtechnikpro.com\/"},{"@type":"ListItem","position":2,"name":"Products","item":"https:\/\/www.domtechnikpro.com\/index.php\/products\/"},{"@type":"ListItem","position":3,"name":"Obl\u00edben\u00fd Z\u00e1suvka gumov\u00e1 IP44 250\u00a0V\/16\u00a0A"}]},{"@type":"WebSite","@id":"https:\/\/www.domtechnikpro.com\/#website","url":"https:\/\/www.domtechnikpro.com\/","name":"","description":"","potentialAction":[{"@type":"SearchAction","target":{"@type":"EntryPoint","urlTemplate":"https:\/\/www.domtechnikpro.com\/?s={search_term_string}"},"query-input":{"@type":"PropertyValueSpecification","valueRequired":true,"valueName":"search_term_string"}}],"inLanguage":"cs"}]}},"_links":{"self":[{"href":"https:\/\/www.domtechnikpro.com\/index.php\/wp-json\/wp\/v2\/product\/14151","targetHints":{"allow":["GET"]}}],"collection":[{"href":"https:\/\/www.domtechnikpro.com\/index.php\/wp-json\/wp\/v2\/product"}],"about":[{"href":"https:\/\/www.domtechnikpro.com\/index.php\/wp-json\/wp\/v2\/types\/product"}],"replies":[{"embeddable":true,"href":"https:\/\/www.domtechnikpro.com\/index.php\/wp-json\/wp\/v2\/comments?post=14151"}],"wp:featuredmedia":[{"embeddable":true,"href":"https:\/\/www.domtechnikpro.com\/index.php\/wp-json\/wp\/v2\/media\/14251"}],"wp:attachment":[{"href":"https:\/\/www.domtechnikpro.com\/index.php\/wp-json\/wp\/v2\/media?parent=14151"}],"wp:term":[{"taxonomy":"product_brand","embeddable":true,"href":"https:\/\/www.domtechnikpro.com\/index.php\/wp-json\/wp\/v2\/product_brand?post=14151"},{"taxonomy":"product_cat","embeddable":true,"href":"https:\/\/www.domtechnikpro.com\/index.php\/wp-json\/wp\/v2\/product_cat?post=14151"},{"taxonomy":"product_tag","embeddable":true,"href":"https:\/\/www.domtechnikpro.com\/index.php\/wp-json\/wp\/v2\/product_tag?post=14151"}],"curies":[{"name":"wp","href":"https:\/\/api.w.org\/{rel}","templated":true}]}}