{"id":13777,"date":"2026-04-26T08:53:38","date_gmt":"2026-04-26T08:53:38","guid":{"rendered":""},"modified":"2026-04-26T08:53:38","modified_gmt":"2026-04-26T08:53:38","slug":"znackovy-lepenka-asfaltova-oxidovana-charbit-v60-s35-10-m2-bal-13777","status":"publish","type":"product","link":"https:\/\/www.domtechnikpro.com\/produkt\/znackovy-lepenka-asfaltova-oxidovana-charbit-v60-s35-10-m2-bal-13777\/","title":{"rendered":"Zna\u010dkov\u00fd Lepenka asfaltov\u00e1 oxidovan\u00e1 Charbit V60\u00a0S35 10\u00a0m2\/bal"},"content":{"rendered":"<div class=\"content-actual\">\n<p><span id=\"page3R_mcid4\" class=\"markedContent\"><span dir=\"ltr\" role=\"presentation\">Lepenka Charbit V60 S35 je podkladn\u00ed natavovac\u00ed<\/span><span dir=\"ltr\" role=\"presentation\">\u00a0<\/span><span dir=\"ltr\" role=\"presentation\">p\u00e1s z<\/span><span dir=\"ltr\" role=\"presentation\">\u00a0<\/span><span dir=\"ltr\" role=\"presentation\">oxidovan\u00e9ho<\/span><span dir=\"ltr\" role=\"presentation\">\u00a0<\/span><span dir=\"ltr\" role=\"presentation\">asfaltu<\/span><span dir=\"ltr\" role=\"presentation\">\u00a0<\/span><span dir=\"ltr\" role=\"presentation\">s nosnou vlo\u017ekou ze sklen\u011bn\u00e9\u00a0<\/span><span dir=\"ltr\" role=\"presentation\">roho\u017ee, na povrchu s jemnozrnn\u00fdm posypem.<\/span><\/span><\/p>\n<p><span class=\"markedContent\"><span dir=\"ltr\" role=\"presentation\">pou\u017eit\u00ed :<\/span><\/span><\/p>\n<ul>\n<li><span class=\"markedContent\"><span dir=\"ltr\" role=\"presentation\">proti zemn\u00ed vlhkosti<\/span><\/span><\/li>\n<li><span class=\"markedContent\"><span dir=\"ltr\" role=\"presentation\">p<\/span><\/span><span style=\"mso-fareast-font-family: 'Times New Roman';\">odkladn\u00ed p\u00e1s do v\u00edcevrstv\u00fdch hydroizola\u010dn\u00edch syst\u00e9m\u016f ploch\u00fdch st\u0159ech<\/span><\/li>\n<li><span class=\"markedContent\"><span dir=\"ltr\" role=\"presentation\">jako protiradonov\u00e1 izolace<\/span><\/span><\/li>\n<\/ul><\/div>\n<\/p><\/div>\n","protected":false},"excerpt":{"rendered":"<p>Lepenka Charbit V60 S35 je podkladn\u00ed natavovac\u00ed\u00a0p\u00e1s z\u00a0oxidovan\u00e9ho\u00a0asfaltu\u00a0s nosnou vlo\u017ekou ze sklen\u011bn\u00e9\u00a0roho\u017ee, na povrchu s jemnozrnn\u00fdm posypem. pou\u017eit\u00ed : proti zemn\u00ed vlhkosti podkladn\u00ed p\u00e1s do v\u00edcevrstv\u00fdch hydroizola\u010dn\u00edch syst\u00e9m\u016f ploch\u00fdch st\u0159ech jako protiradonov\u00e1 izolace<\/p>\n","protected":false},"featured_media":13877,"comment_status":"open","ping_status":"open","template":"","meta":[],"product_brand":[],"product_cat":[57],"product_tag":[],"class_list":{"0":"post-13777","1":"product","2":"type-product","3":"status-publish","4":"has-post-thumbnail","6":"product_cat-hydroizolace","8":"first","9":"instock","10":"sale","11":"shipping-taxable","12":"purchasable","13":"product-type-simple"},"yoast_head":"<!-- This site is optimized with the Yoast SEO plugin v26.8 - https:\/\/yoast.com\/product\/yoast-seo-wordpress\/ -->\n<title>Zna\u010dkov\u00fd Lepenka asfaltov\u00e1 oxidovan\u00e1 Charbit V60\u00a0S35 10\u00a0m2\/bal - Pr\u016fmyslov\u00e9 vybaven\u00ed a p\u0159\u00edslu\u0161enstv\u00ed<\/title>\n<meta name=\"robots\" content=\"index, follow, max-snippet:-1, max-image-preview:large, max-video-preview:-1\" \/>\n<link rel=\"canonical\" href=\"https:\/\/www.domtechnikpro.com\/index.php\/produkt\/znackovy-lepenka-asfaltova-oxidovana-charbit-v60-s35-10-m2-bal-13777\/\" \/>\n<meta property=\"og:locale\" content=\"cs_CZ\" \/>\n<meta property=\"og:type\" content=\"article\" \/>\n<meta property=\"og:title\" content=\"Zna\u010dkov\u00fd Lepenka asfaltov\u00e1 oxidovan\u00e1 Charbit V60\u00a0S35 10\u00a0m2\/bal - Pr\u016fmyslov\u00e9 vybaven\u00ed a p\u0159\u00edslu\u0161enstv\u00ed\" \/>\n<meta property=\"og:description\" content=\"Lepenka Charbit V60 S35 je podkladn\u00ed natavovac\u00ed\u00a0p\u00e1s z\u00a0oxidovan\u00e9ho\u00a0asfaltu\u00a0s nosnou vlo\u017ekou ze sklen\u011bn\u00e9\u00a0roho\u017ee, na povrchu s jemnozrnn\u00fdm posypem. pou\u017eit\u00ed : proti zemn\u00ed vlhkosti podkladn\u00ed p\u00e1s do v\u00edcevrstv\u00fdch hydroizola\u010dn\u00edch syst\u00e9m\u016f ploch\u00fdch st\u0159ech jako protiradonov\u00e1 izolace\" \/>\n<meta property=\"og:url\" content=\"https:\/\/www.domtechnikpro.com\/index.php\/produkt\/znackovy-lepenka-asfaltova-oxidovana-charbit-v60-s35-10-m2-bal-13777\/\" \/>\n<meta property=\"og:site_name\" content=\"Pr\u016fmyslov\u00e9 vybaven\u00ed a p\u0159\u00edslu\u0161enstv\u00ed\" \/>\n<meta property=\"og:image\" content=\"https:\/\/www.domtechnikpro.com\/wp-content\/uploads\/2026\/SK0001848-CZ20260425-091842-0-1777079922-tablet-charbit-v60-s35.webp\" \/>\n\t<meta property=\"og:image:width\" content=\"800\" \/>\n\t<meta property=\"og:image:height\" content=\"415\" \/>\n\t<meta property=\"og:image:type\" content=\"image\/webp\" \/>\n<meta name=\"twitter:card\" content=\"summary_large_image\" \/>\n<script type=\"application\/ld+json\" class=\"yoast-schema-graph\">{\"@context\":\"https:\/\/schema.org\",\"@graph\":[{\"@type\":\"WebPage\",\"@id\":\"https:\/\/www.domtechnikpro.com\/index.php\/produkt\/znackovy-lepenka-asfaltova-oxidovana-charbit-v60-s35-10-m2-bal-13777\/\",\"url\":\"https:\/\/www.domtechnikpro.com\/index.php\/produkt\/znackovy-lepenka-asfaltova-oxidovana-charbit-v60-s35-10-m2-bal-13777\/\",\"name\":\"Zna\u010dkov\u00fd Lepenka asfaltov\u00e1 oxidovan\u00e1 Charbit V60\u00a0S35 10\u00a0m2\/bal - Pr\u016fmyslov\u00e9 vybaven\u00ed a p\u0159\u00edslu\u0161enstv\u00ed\",\"isPartOf\":{\"@id\":\"https:\/\/www.domtechnikpro.com\/#website\"},\"primaryImageOfPage\":{\"@id\":\"https:\/\/www.domtechnikpro.com\/index.php\/produkt\/znackovy-lepenka-asfaltova-oxidovana-charbit-v60-s35-10-m2-bal-13777\/#primaryimage\"},\"image\":{\"@id\":\"https:\/\/www.domtechnikpro.com\/index.php\/produkt\/znackovy-lepenka-asfaltova-oxidovana-charbit-v60-s35-10-m2-bal-13777\/#primaryimage\"},\"thumbnailUrl\":\"https:\/\/www.domtechnikpro.com\/wp-content\/uploads\/2026\/SK0001848-CZ20260425-091842-0-1777079922-tablet-charbit-v60-s35.webp\",\"datePublished\":\"2026-04-26T08:53:38+00:00\",\"breadcrumb\":{\"@id\":\"https:\/\/www.domtechnikpro.com\/index.php\/produkt\/znackovy-lepenka-asfaltova-oxidovana-charbit-v60-s35-10-m2-bal-13777\/#breadcrumb\"},\"inLanguage\":\"cs\",\"potentialAction\":[{\"@type\":\"ReadAction\",\"target\":[\"https:\/\/www.domtechnikpro.com\/index.php\/produkt\/znackovy-lepenka-asfaltova-oxidovana-charbit-v60-s35-10-m2-bal-13777\/\"]}]},{\"@type\":\"ImageObject\",\"inLanguage\":\"cs\",\"@id\":\"https:\/\/www.domtechnikpro.com\/index.php\/produkt\/znackovy-lepenka-asfaltova-oxidovana-charbit-v60-s35-10-m2-bal-13777\/#primaryimage\",\"url\":\"https:\/\/www.domtechnikpro.com\/wp-content\/uploads\/2026\/SK0001848-CZ20260425-091842-0-1777079922-tablet-charbit-v60-s35.webp\",\"contentUrl\":\"https:\/\/www.domtechnikpro.com\/wp-content\/uploads\/2026\/SK0001848-CZ20260425-091842-0-1777079922-tablet-charbit-v60-s35.webp\",\"width\":800,\"height\":415},{\"@type\":\"BreadcrumbList\",\"@id\":\"https:\/\/www.domtechnikpro.com\/index.php\/produkt\/znackovy-lepenka-asfaltova-oxidovana-charbit-v60-s35-10-m2-bal-13777\/#breadcrumb\",\"itemListElement\":[{\"@type\":\"ListItem\",\"position\":1,\"name\":\"Home\",\"item\":\"https:\/\/www.domtechnikpro.com\/\"},{\"@type\":\"ListItem\",\"position\":2,\"name\":\"Products\",\"item\":\"https:\/\/www.domtechnikpro.com\/products\/\"},{\"@type\":\"ListItem\",\"position\":3,\"name\":\"Zna\u010dkov\u00fd Lepenka asfaltov\u00e1 oxidovan\u00e1 Charbit V60\u00a0S35 10\u00a0m2\/bal\"}]},{\"@type\":\"WebSite\",\"@id\":\"https:\/\/www.domtechnikpro.com\/#website\",\"url\":\"https:\/\/www.domtechnikpro.com\/\",\"name\":\"Pr\u016fmyslov\u00e9 vybaven\u00ed a p\u0159\u00edslu\u0161enstv\u00ed\",\"description\":\"Pr\u016fmyslov\u00e9 vybaven\u00ed a p\u0159\u00edslu\u0161enstv\u00ed\",\"publisher\":{\"@id\":\"https:\/\/www.domtechnikpro.com\/#organization\"},\"potentialAction\":[{\"@type\":\"SearchAction\",\"target\":{\"@type\":\"EntryPoint\",\"urlTemplate\":\"https:\/\/www.domtechnikpro.com\/?s={search_term_string}\"},\"query-input\":{\"@type\":\"PropertyValueSpecification\",\"valueRequired\":true,\"valueName\":\"search_term_string\"}}],\"inLanguage\":\"cs\"},{\"@type\":\"Organization\",\"@id\":\"https:\/\/www.domtechnikpro.com\/#organization\",\"name\":\"Pr\u016fmyslov\u00e9 vybaven\u00ed a p\u0159\u00edslu\u0161enstv\u00ed\",\"url\":\"https:\/\/www.domtechnikpro.com\/\",\"logo\":{\"@type\":\"ImageObject\",\"inLanguage\":\"cs\",\"@id\":\"https:\/\/www.domtechnikpro.com\/#\/schema\/logo\/image\/\",\"url\":\"https:\/\/www.domtechnikpro.com\/wp-content\/uploads\/2026\/04\/domtechnikpro_logo_full.svg\",\"contentUrl\":\"https:\/\/www.domtechnikpro.com\/wp-content\/uploads\/2026\/04\/domtechnikpro_logo_full.svg\",\"width\":920,\"height\":180,\"caption\":\"Pr\u016fmyslov\u00e9 vybaven\u00ed a p\u0159\u00edslu\u0161enstv\u00ed\"},\"image\":{\"@id\":\"https:\/\/www.domtechnikpro.com\/#\/schema\/logo\/image\/\"}}]}<\/script>\n<!-- \/ Yoast SEO plugin. -->","yoast_head_json":{"title":"Zna\u010dkov\u00fd Lepenka asfaltov\u00e1 oxidovan\u00e1 Charbit V60\u00a0S35 10\u00a0m2\/bal - Pr\u016fmyslov\u00e9 vybaven\u00ed a p\u0159\u00edslu\u0161enstv\u00ed","robots":{"index":"index","follow":"follow","max-snippet":"max-snippet:-1","max-image-preview":"max-image-preview:large","max-video-preview":"max-video-preview:-1"},"canonical":"https:\/\/www.domtechnikpro.com\/index.php\/produkt\/znackovy-lepenka-asfaltova-oxidovana-charbit-v60-s35-10-m2-bal-13777\/","og_locale":"cs_CZ","og_type":"article","og_title":"Zna\u010dkov\u00fd Lepenka asfaltov\u00e1 oxidovan\u00e1 Charbit V60\u00a0S35 10\u00a0m2\/bal - Pr\u016fmyslov\u00e9 vybaven\u00ed a p\u0159\u00edslu\u0161enstv\u00ed","og_description":"Lepenka Charbit V60 S35 je podkladn\u00ed natavovac\u00ed\u00a0p\u00e1s z\u00a0oxidovan\u00e9ho\u00a0asfaltu\u00a0s nosnou vlo\u017ekou ze sklen\u011bn\u00e9\u00a0roho\u017ee, na povrchu s jemnozrnn\u00fdm posypem. pou\u017eit\u00ed : proti zemn\u00ed vlhkosti podkladn\u00ed p\u00e1s do v\u00edcevrstv\u00fdch hydroizola\u010dn\u00edch syst\u00e9m\u016f ploch\u00fdch st\u0159ech jako protiradonov\u00e1 izolace","og_url":"https:\/\/www.domtechnikpro.com\/index.php\/produkt\/znackovy-lepenka-asfaltova-oxidovana-charbit-v60-s35-10-m2-bal-13777\/","og_site_name":"Pr\u016fmyslov\u00e9 vybaven\u00ed a p\u0159\u00edslu\u0161enstv\u00ed","og_image":[{"width":800,"height":415,"url":"https:\/\/www.domtechnikpro.com\/wp-content\/uploads\/2026\/SK0001848-CZ20260425-091842-0-1777079922-tablet-charbit-v60-s35.webp","type":"image\/webp"}],"twitter_card":"summary_large_image","schema":{"@context":"https:\/\/schema.org","@graph":[{"@type":"WebPage","@id":"https:\/\/www.domtechnikpro.com\/index.php\/produkt\/znackovy-lepenka-asfaltova-oxidovana-charbit-v60-s35-10-m2-bal-13777\/","url":"https:\/\/www.domtechnikpro.com\/index.php\/produkt\/znackovy-lepenka-asfaltova-oxidovana-charbit-v60-s35-10-m2-bal-13777\/","name":"Zna\u010dkov\u00fd Lepenka asfaltov\u00e1 oxidovan\u00e1 Charbit V60\u00a0S35 10\u00a0m2\/bal - Pr\u016fmyslov\u00e9 vybaven\u00ed a p\u0159\u00edslu\u0161enstv\u00ed","isPartOf":{"@id":"https:\/\/www.domtechnikpro.com\/#website"},"primaryImageOfPage":{"@id":"https:\/\/www.domtechnikpro.com\/index.php\/produkt\/znackovy-lepenka-asfaltova-oxidovana-charbit-v60-s35-10-m2-bal-13777\/#primaryimage"},"image":{"@id":"https:\/\/www.domtechnikpro.com\/index.php\/produkt\/znackovy-lepenka-asfaltova-oxidovana-charbit-v60-s35-10-m2-bal-13777\/#primaryimage"},"thumbnailUrl":"https:\/\/www.domtechnikpro.com\/wp-content\/uploads\/2026\/SK0001848-CZ20260425-091842-0-1777079922-tablet-charbit-v60-s35.webp","datePublished":"2026-04-26T08:53:38+00:00","breadcrumb":{"@id":"https:\/\/www.domtechnikpro.com\/index.php\/produkt\/znackovy-lepenka-asfaltova-oxidovana-charbit-v60-s35-10-m2-bal-13777\/#breadcrumb"},"inLanguage":"cs","potentialAction":[{"@type":"ReadAction","target":["https:\/\/www.domtechnikpro.com\/index.php\/produkt\/znackovy-lepenka-asfaltova-oxidovana-charbit-v60-s35-10-m2-bal-13777\/"]}]},{"@type":"ImageObject","inLanguage":"cs","@id":"https:\/\/www.domtechnikpro.com\/index.php\/produkt\/znackovy-lepenka-asfaltova-oxidovana-charbit-v60-s35-10-m2-bal-13777\/#primaryimage","url":"https:\/\/www.domtechnikpro.com\/wp-content\/uploads\/2026\/SK0001848-CZ20260425-091842-0-1777079922-tablet-charbit-v60-s35.webp","contentUrl":"https:\/\/www.domtechnikpro.com\/wp-content\/uploads\/2026\/SK0001848-CZ20260425-091842-0-1777079922-tablet-charbit-v60-s35.webp","width":800,"height":415},{"@type":"BreadcrumbList","@id":"https:\/\/www.domtechnikpro.com\/index.php\/produkt\/znackovy-lepenka-asfaltova-oxidovana-charbit-v60-s35-10-m2-bal-13777\/#breadcrumb","itemListElement":[{"@type":"ListItem","position":1,"name":"Home","item":"https:\/\/www.domtechnikpro.com\/"},{"@type":"ListItem","position":2,"name":"Products","item":"https:\/\/www.domtechnikpro.com\/products\/"},{"@type":"ListItem","position":3,"name":"Zna\u010dkov\u00fd Lepenka asfaltov\u00e1 oxidovan\u00e1 Charbit V60\u00a0S35 10\u00a0m2\/bal"}]},{"@type":"WebSite","@id":"https:\/\/www.domtechnikpro.com\/#website","url":"https:\/\/www.domtechnikpro.com\/","name":"Pr\u016fmyslov\u00e9 vybaven\u00ed a p\u0159\u00edslu\u0161enstv\u00ed","description":"Pr\u016fmyslov\u00e9 vybaven\u00ed a p\u0159\u00edslu\u0161enstv\u00ed","publisher":{"@id":"https:\/\/www.domtechnikpro.com\/#organization"},"potentialAction":[{"@type":"SearchAction","target":{"@type":"EntryPoint","urlTemplate":"https:\/\/www.domtechnikpro.com\/?s={search_term_string}"},"query-input":{"@type":"PropertyValueSpecification","valueRequired":true,"valueName":"search_term_string"}}],"inLanguage":"cs"},{"@type":"Organization","@id":"https:\/\/www.domtechnikpro.com\/#organization","name":"Pr\u016fmyslov\u00e9 vybaven\u00ed a p\u0159\u00edslu\u0161enstv\u00ed","url":"https:\/\/www.domtechnikpro.com\/","logo":{"@type":"ImageObject","inLanguage":"cs","@id":"https:\/\/www.domtechnikpro.com\/#\/schema\/logo\/image\/","url":"https:\/\/www.domtechnikpro.com\/wp-content\/uploads\/2026\/04\/domtechnikpro_logo_full.svg","contentUrl":"https:\/\/www.domtechnikpro.com\/wp-content\/uploads\/2026\/04\/domtechnikpro_logo_full.svg","width":920,"height":180,"caption":"Pr\u016fmyslov\u00e9 vybaven\u00ed a p\u0159\u00edslu\u0161enstv\u00ed"},"image":{"@id":"https:\/\/www.domtechnikpro.com\/#\/schema\/logo\/image\/"}}]}},"_links":{"self":[{"href":"https:\/\/www.domtechnikpro.com\/wp-json\/wp\/v2\/product\/13777","targetHints":{"allow":["GET"]}}],"collection":[{"href":"https:\/\/www.domtechnikpro.com\/wp-json\/wp\/v2\/product"}],"about":[{"href":"https:\/\/www.domtechnikpro.com\/wp-json\/wp\/v2\/types\/product"}],"replies":[{"embeddable":true,"href":"https:\/\/www.domtechnikpro.com\/wp-json\/wp\/v2\/comments?post=13777"}],"wp:featuredmedia":[{"embeddable":true,"href":"https:\/\/www.domtechnikpro.com\/wp-json\/wp\/v2\/media\/13877"}],"wp:attachment":[{"href":"https:\/\/www.domtechnikpro.com\/wp-json\/wp\/v2\/media?parent=13777"}],"wp:term":[{"taxonomy":"product_brand","embeddable":true,"href":"https:\/\/www.domtechnikpro.com\/wp-json\/wp\/v2\/product_brand?post=13777"},{"taxonomy":"product_cat","embeddable":true,"href":"https:\/\/www.domtechnikpro.com\/wp-json\/wp\/v2\/product_cat?post=13777"},{"taxonomy":"product_tag","embeddable":true,"href":"https:\/\/www.domtechnikpro.com\/wp-json\/wp\/v2\/product_tag?post=13777"}],"curies":[{"name":"wp","href":"https:\/\/api.w.org\/{rel}","templated":true}]}}