{"id":13582,"date":"2026-04-26T08:53:36","date_gmt":"2026-04-26T08:53:36","guid":{"rendered":""},"modified":"2026-04-26T08:53:36","modified_gmt":"2026-04-26T08:53:36","slug":"ztracene-bedneni-diton-t40-500x400x250-mm-hit-sezony-13582","status":"publish","type":"product","link":"https:\/\/www.domtechnikpro.com\/index.php\/produkt\/ztracene-bedneni-diton-t40-500x400x250-mm-hit-sezony-13582\/","title":{"rendered":"Ztracen\u00e9 bedn\u011bn\u00ed Diton\u00a0T40 500x400x250\u00a0mm Hit Sez\u00f3ny"},"content":{"rendered":"<div class=\"content-actual\">\n<p>vlastnosti :<\/p>\n<ul>\n<li>vysok\u00e1 pevnost<\/li>\n<li>mrazuvzdornost<\/li>\n<li>rychl\u00e1 v\u00fdstavba<\/li>\n<li>pouze v p\u0159\u00edrodn\u00ed barv\u011b<\/li>\n<\/ul><\/div>\n<\/p><\/div>\n","protected":false},"excerpt":{"rendered":"<p>vlastnosti : vysok\u00e1 pevnost mrazuvzdornost rychl\u00e1 v\u00fdstavba pouze v p\u0159\u00edrodn\u00ed barv\u011b<\/p>\n","protected":false},"featured_media":13682,"comment_status":"open","ping_status":"open","template":"","meta":[],"product_brand":[],"product_cat":[61],"product_tag":[],"class_list":{"0":"post-13582","1":"product","2":"type-product","3":"status-publish","4":"has-post-thumbnail","6":"product_cat-hruba-stavba","8":"first","9":"instock","10":"sale","11":"shipping-taxable","12":"purchasable","13":"product-type-simple"},"yoast_head":"<!-- This site is optimized with the Yoast SEO plugin v26.8 - https:\/\/yoast.com\/product\/yoast-seo-wordpress\/ -->\n<title>Ztracen\u00e9 bedn\u011bn\u00ed Diton\u00a0T40 500x400x250\u00a0mm Hit Sez\u00f3ny -<\/title>\n<meta name=\"robots\" content=\"index, follow, max-snippet:-1, max-image-preview:large, max-video-preview:-1\" \/>\n<link rel=\"canonical\" href=\"https:\/\/www.domtechnikpro.com\/index.php\/produkt\/ztracene-bedneni-diton-t40-500x400x250-mm-hit-sezony-13582\/\" \/>\n<meta property=\"og:locale\" content=\"cs_CZ\" \/>\n<meta property=\"og:type\" content=\"article\" \/>\n<meta property=\"og:title\" content=\"Ztracen\u00e9 bedn\u011bn\u00ed Diton\u00a0T40 500x400x250\u00a0mm Hit Sez\u00f3ny -\" \/>\n<meta property=\"og:description\" content=\"vlastnosti : vysok\u00e1 pevnost mrazuvzdornost rychl\u00e1 v\u00fdstavba pouze v p\u0159\u00edrodn\u00ed barv\u011b\" \/>\n<meta property=\"og:url\" content=\"https:\/\/www.domtechnikpro.com\/index.php\/produkt\/ztracene-bedneni-diton-t40-500x400x250-mm-hit-sezony-13582\/\" \/>\n<meta property=\"og:image\" content=\"https:\/\/www.domtechnikpro.com\/wp-content\/uploads\/2026\/SK0001753-CZ20260425-091842-0-1777079922-tablet-25305010101_ztracene_bedneni_40_prirodni_solo_001.we.webp\" \/>\n\t<meta property=\"og:image:width\" content=\"800\" \/>\n\t<meta property=\"og:image:height\" content=\"800\" \/>\n\t<meta property=\"og:image:type\" content=\"image\/webp\" \/>\n<meta name=\"twitter:card\" content=\"summary_large_image\" \/>\n<script type=\"application\/ld+json\" class=\"yoast-schema-graph\">{\"@context\":\"https:\/\/schema.org\",\"@graph\":[{\"@type\":\"WebPage\",\"@id\":\"https:\/\/www.domtechnikpro.com\/index.php\/produkt\/ztracene-bedneni-diton-t40-500x400x250-mm-hit-sezony-13582\/\",\"url\":\"https:\/\/www.domtechnikpro.com\/index.php\/produkt\/ztracene-bedneni-diton-t40-500x400x250-mm-hit-sezony-13582\/\",\"name\":\"Ztracen\u00e9 bedn\u011bn\u00ed Diton\u00a0T40 500x400x250\u00a0mm Hit Sez\u00f3ny -\",\"isPartOf\":{\"@id\":\"https:\/\/www.domtechnikpro.com\/#website\"},\"primaryImageOfPage\":{\"@id\":\"https:\/\/www.domtechnikpro.com\/index.php\/produkt\/ztracene-bedneni-diton-t40-500x400x250-mm-hit-sezony-13582\/#primaryimage\"},\"image\":{\"@id\":\"https:\/\/www.domtechnikpro.com\/index.php\/produkt\/ztracene-bedneni-diton-t40-500x400x250-mm-hit-sezony-13582\/#primaryimage\"},\"thumbnailUrl\":\"https:\/\/www.domtechnikpro.com\/wp-content\/uploads\/2026\/SK0001753-CZ20260425-091842-0-1777079922-tablet-25305010101_ztracene_bedneni_40_prirodni_solo_001.we.webp\",\"datePublished\":\"2026-04-26T08:53:36+00:00\",\"breadcrumb\":{\"@id\":\"https:\/\/www.domtechnikpro.com\/index.php\/produkt\/ztracene-bedneni-diton-t40-500x400x250-mm-hit-sezony-13582\/#breadcrumb\"},\"inLanguage\":\"cs\",\"potentialAction\":[{\"@type\":\"ReadAction\",\"target\":[\"https:\/\/www.domtechnikpro.com\/index.php\/produkt\/ztracene-bedneni-diton-t40-500x400x250-mm-hit-sezony-13582\/\"]}]},{\"@type\":\"ImageObject\",\"inLanguage\":\"cs\",\"@id\":\"https:\/\/www.domtechnikpro.com\/index.php\/produkt\/ztracene-bedneni-diton-t40-500x400x250-mm-hit-sezony-13582\/#primaryimage\",\"url\":\"https:\/\/www.domtechnikpro.com\/wp-content\/uploads\/2026\/SK0001753-CZ20260425-091842-0-1777079922-tablet-25305010101_ztracene_bedneni_40_prirodni_solo_001.we.webp\",\"contentUrl\":\"https:\/\/www.domtechnikpro.com\/wp-content\/uploads\/2026\/SK0001753-CZ20260425-091842-0-1777079922-tablet-25305010101_ztracene_bedneni_40_prirodni_solo_001.we.webp\",\"width\":800,\"height\":800},{\"@type\":\"BreadcrumbList\",\"@id\":\"https:\/\/www.domtechnikpro.com\/index.php\/produkt\/ztracene-bedneni-diton-t40-500x400x250-mm-hit-sezony-13582\/#breadcrumb\",\"itemListElement\":[{\"@type\":\"ListItem\",\"position\":1,\"name\":\"Home\",\"item\":\"https:\/\/www.domtechnikpro.com\/\"},{\"@type\":\"ListItem\",\"position\":2,\"name\":\"Products\",\"item\":\"https:\/\/www.domtechnikpro.com\/index.php\/products\/\"},{\"@type\":\"ListItem\",\"position\":3,\"name\":\"Ztracen\u00e9 bedn\u011bn\u00ed Diton\u00a0T40 500x400x250\u00a0mm Hit Sez\u00f3ny\"}]},{\"@type\":\"WebSite\",\"@id\":\"https:\/\/www.domtechnikpro.com\/#website\",\"url\":\"https:\/\/www.domtechnikpro.com\/\",\"name\":\"\",\"description\":\"\",\"potentialAction\":[{\"@type\":\"SearchAction\",\"target\":{\"@type\":\"EntryPoint\",\"urlTemplate\":\"https:\/\/www.domtechnikpro.com\/?s={search_term_string}\"},\"query-input\":{\"@type\":\"PropertyValueSpecification\",\"valueRequired\":true,\"valueName\":\"search_term_string\"}}],\"inLanguage\":\"cs\"}]}<\/script>\n<!-- \/ Yoast SEO plugin. -->","yoast_head_json":{"title":"Ztracen\u00e9 bedn\u011bn\u00ed Diton\u00a0T40 500x400x250\u00a0mm Hit Sez\u00f3ny -","robots":{"index":"index","follow":"follow","max-snippet":"max-snippet:-1","max-image-preview":"max-image-preview:large","max-video-preview":"max-video-preview:-1"},"canonical":"https:\/\/www.domtechnikpro.com\/index.php\/produkt\/ztracene-bedneni-diton-t40-500x400x250-mm-hit-sezony-13582\/","og_locale":"cs_CZ","og_type":"article","og_title":"Ztracen\u00e9 bedn\u011bn\u00ed Diton\u00a0T40 500x400x250\u00a0mm Hit Sez\u00f3ny -","og_description":"vlastnosti : vysok\u00e1 pevnost mrazuvzdornost rychl\u00e1 v\u00fdstavba pouze v p\u0159\u00edrodn\u00ed barv\u011b","og_url":"https:\/\/www.domtechnikpro.com\/index.php\/produkt\/ztracene-bedneni-diton-t40-500x400x250-mm-hit-sezony-13582\/","og_image":[{"width":800,"height":800,"url":"https:\/\/www.domtechnikpro.com\/wp-content\/uploads\/2026\/SK0001753-CZ20260425-091842-0-1777079922-tablet-25305010101_ztracene_bedneni_40_prirodni_solo_001.we.webp","type":"image\/webp"}],"twitter_card":"summary_large_image","schema":{"@context":"https:\/\/schema.org","@graph":[{"@type":"WebPage","@id":"https:\/\/www.domtechnikpro.com\/index.php\/produkt\/ztracene-bedneni-diton-t40-500x400x250-mm-hit-sezony-13582\/","url":"https:\/\/www.domtechnikpro.com\/index.php\/produkt\/ztracene-bedneni-diton-t40-500x400x250-mm-hit-sezony-13582\/","name":"Ztracen\u00e9 bedn\u011bn\u00ed Diton\u00a0T40 500x400x250\u00a0mm Hit Sez\u00f3ny -","isPartOf":{"@id":"https:\/\/www.domtechnikpro.com\/#website"},"primaryImageOfPage":{"@id":"https:\/\/www.domtechnikpro.com\/index.php\/produkt\/ztracene-bedneni-diton-t40-500x400x250-mm-hit-sezony-13582\/#primaryimage"},"image":{"@id":"https:\/\/www.domtechnikpro.com\/index.php\/produkt\/ztracene-bedneni-diton-t40-500x400x250-mm-hit-sezony-13582\/#primaryimage"},"thumbnailUrl":"https:\/\/www.domtechnikpro.com\/wp-content\/uploads\/2026\/SK0001753-CZ20260425-091842-0-1777079922-tablet-25305010101_ztracene_bedneni_40_prirodni_solo_001.we.webp","datePublished":"2026-04-26T08:53:36+00:00","breadcrumb":{"@id":"https:\/\/www.domtechnikpro.com\/index.php\/produkt\/ztracene-bedneni-diton-t40-500x400x250-mm-hit-sezony-13582\/#breadcrumb"},"inLanguage":"cs","potentialAction":[{"@type":"ReadAction","target":["https:\/\/www.domtechnikpro.com\/index.php\/produkt\/ztracene-bedneni-diton-t40-500x400x250-mm-hit-sezony-13582\/"]}]},{"@type":"ImageObject","inLanguage":"cs","@id":"https:\/\/www.domtechnikpro.com\/index.php\/produkt\/ztracene-bedneni-diton-t40-500x400x250-mm-hit-sezony-13582\/#primaryimage","url":"https:\/\/www.domtechnikpro.com\/wp-content\/uploads\/2026\/SK0001753-CZ20260425-091842-0-1777079922-tablet-25305010101_ztracene_bedneni_40_prirodni_solo_001.we.webp","contentUrl":"https:\/\/www.domtechnikpro.com\/wp-content\/uploads\/2026\/SK0001753-CZ20260425-091842-0-1777079922-tablet-25305010101_ztracene_bedneni_40_prirodni_solo_001.we.webp","width":800,"height":800},{"@type":"BreadcrumbList","@id":"https:\/\/www.domtechnikpro.com\/index.php\/produkt\/ztracene-bedneni-diton-t40-500x400x250-mm-hit-sezony-13582\/#breadcrumb","itemListElement":[{"@type":"ListItem","position":1,"name":"Home","item":"https:\/\/www.domtechnikpro.com\/"},{"@type":"ListItem","position":2,"name":"Products","item":"https:\/\/www.domtechnikpro.com\/index.php\/products\/"},{"@type":"ListItem","position":3,"name":"Ztracen\u00e9 bedn\u011bn\u00ed Diton\u00a0T40 500x400x250\u00a0mm Hit Sez\u00f3ny"}]},{"@type":"WebSite","@id":"https:\/\/www.domtechnikpro.com\/#website","url":"https:\/\/www.domtechnikpro.com\/","name":"","description":"","potentialAction":[{"@type":"SearchAction","target":{"@type":"EntryPoint","urlTemplate":"https:\/\/www.domtechnikpro.com\/?s={search_term_string}"},"query-input":{"@type":"PropertyValueSpecification","valueRequired":true,"valueName":"search_term_string"}}],"inLanguage":"cs"}]}},"_links":{"self":[{"href":"https:\/\/www.domtechnikpro.com\/index.php\/wp-json\/wp\/v2\/product\/13582","targetHints":{"allow":["GET"]}}],"collection":[{"href":"https:\/\/www.domtechnikpro.com\/index.php\/wp-json\/wp\/v2\/product"}],"about":[{"href":"https:\/\/www.domtechnikpro.com\/index.php\/wp-json\/wp\/v2\/types\/product"}],"replies":[{"embeddable":true,"href":"https:\/\/www.domtechnikpro.com\/index.php\/wp-json\/wp\/v2\/comments?post=13582"}],"wp:featuredmedia":[{"embeddable":true,"href":"https:\/\/www.domtechnikpro.com\/index.php\/wp-json\/wp\/v2\/media\/13682"}],"wp:attachment":[{"href":"https:\/\/www.domtechnikpro.com\/index.php\/wp-json\/wp\/v2\/media?parent=13582"}],"wp:term":[{"taxonomy":"product_brand","embeddable":true,"href":"https:\/\/www.domtechnikpro.com\/index.php\/wp-json\/wp\/v2\/product_brand?post=13582"},{"taxonomy":"product_cat","embeddable":true,"href":"https:\/\/www.domtechnikpro.com\/index.php\/wp-json\/wp\/v2\/product_cat?post=13582"},{"taxonomy":"product_tag","embeddable":true,"href":"https:\/\/www.domtechnikpro.com\/index.php\/wp-json\/wp\/v2\/product_tag?post=13582"}],"curies":[{"name":"wp","href":"https:\/\/api.w.org\/{rel}","templated":true}]}}