{"id":1337,"date":"2026-04-26T08:52:00","date_gmt":"2026-04-26T08:52:00","guid":{"rendered":""},"modified":"2026-04-26T08:52:00","modified_gmt":"2026-04-26T08:52:00","slug":"led-venkovni-nastenne-svitidlo-azzardo-gambino-1-dark-grey-az0957-6w-480lm-3000k-ip44-10cm-tmave-sede-azzardo-akcni-nabidka-1337","status":"publish","type":"product","link":"https:\/\/www.domtechnikpro.com\/index.php\/produkt\/led-venkovni-nastenne-svitidlo-azzardo-gambino-1-dark-grey-az0957-6w-480lm-3000k-ip44-10cm-tmave-sede-azzardo-akcni-nabidka-1337\/","title":{"rendered":"LED Venkovn\u00ed n\u00e1st\u011bnn\u00e9 sv\u00edtidlo Azzardo Gambino 1 dark grey AZ0957 6W 480lm 3000K IP44 10cm tmav\u011b \u0161ed\u00e9 &#8211; AZZARDO Ak\u010dn\u00ed Nab\u00eddka"},"content":{"rendered":"<h3 class=\"product-h3\">Popis produktu<\/h3>\n<p>N\u00e1st\u011bnn\u00e9 sv\u00edtidlo Gambino 1 z kolekce modern\u00edho osv\u011btlen\u00ed zna\u010dky Azzardo je vhodn\u00e9 pro osv\u00edcen\u00ed Va\u0161\u00ed zahrady d\u00edky vysok\u00e9mu kryt\u00ed IP44, kter\u00e9 chr\u00e1n\u00ed sv\u00edtidlo p\u0159ed st\u0159\u00edkaj\u00edc\u00ed vodou ze v\u0161ech sm\u011br\u016f. Nad\u010dasov\u00fd hranat\u00fd design a integrovan\u00fd LED zdroj zaru\u010d\u00ed dlouhodobou spokojenost. Sv\u011bteln\u00fd paprsek je vyza\u0159ov\u00e1n dv\u011bmi sm\u011bry, nahoru a dol\u016f, a to v \u00fahlu 90 stup\u0148\u016f. N\u00e1st\u011bnka je zhotovena z odoln\u00e9ho hlin\u00edku s tmav\u011b \u0161edou povrchovou \u00fapravou. Integrovan\u00fd LED zdroj o p\u0159\u00edkonu 1 x 6 W dosahuje sv\u00edtivosti a\u017e 480lm s teplotou chromati\u010dnosti 3000K (neutr\u00e1ln\u00ed \u017elut\u00e9 sv\u011btlo). Celkov\u00e9 rozm\u011bry \u010din\u00ed 10 x 10 x 10 cm. Sv\u00edtidlo je nap\u00e1jeno ze s\u00edt\u011b na 230 V a vztahuje se na n\u011bj z\u00e1ruka 3 roky.<\/p>\n<\/p><\/div>\n<\/p><\/div>\n<p><\/p>\n<div class=\"top-params\">\n<h3 class=\"product-h3 collapse-header \" data-toggle=\"collapse\" data-target=\"#collapseOne\" aria-expanded=\"true\" aria-controls=\"collapseOne\">Parametry<\/h3>\n<div id=\"collapseOne\" class=\"collapse show\" aria-labelledby=\"headingOne\" data-parent=\"#product-info-accordion1\">\n<table class=\"table-striped\">\n<tr>\n<td>                V\u00fd\u0161ka v mm            <\/td>\n<td>                100            <\/td>\n<\/tr>\n<tr>\n<td>                \u00dahel z\u00e1\u0159en\u00ed            <\/td>\n<td>                90            <\/td>\n<\/tr>\n<tr>\n<td>                Hmotnost g            <\/td>\n<td>                600            <\/td>\n<\/tr>\n<tr>\n<td>                Energetick\u00e1 \u00fa\u010dinnost            <\/td>\n<td>                G            <\/td>\n<\/tr>\n<tr>\n<td>                Index pod\u00e1n\u00ed barev            <\/td>\n<td>                80            <\/td>\n<\/tr>\n<tr>\n<td>                \u0160\u00ed\u0159ka v mm            <\/td>\n<td>                100            <\/td>\n<\/tr>\n<tr>\n<td>                D\u00e9lka v mm            <\/td>\n<td>                100            <\/td>\n<\/tr>\n<tr>\n<td>                Ochrana IP            <\/td>\n<td>                IP44            <\/td>\n<\/tr>\n<tr>\n<td>                Sv\u011bteln\u00fd tok            <\/td>\n<td>                480lm            <\/td>\n<\/tr>\n<tr>\n<td>                Teplota barvy sv\u011btla            <\/td>\n<td>                3000K            <\/td>\n<\/tr>\n<tr>\n<td>                Max. p\u0159\u00edkon sv\u011bteln\u00e9ho zdroje            <\/td>\n<td>                6W            <\/td>\n<\/tr>\n<tr>\n<td>                V\u00fdkon            <\/td>\n<td>                6W            <\/td>\n<\/tr>\n<tr>\n<td>                Nap\u00e1jec\u00ed nap\u011bt\u00ed            <\/td>\n<td>                220-240 V            <\/td>\n<\/tr>\n<tr>\n<td>                Patice            <\/td>\n<td>                LED            <\/td>\n<\/tr>\n<tr>\n<td>                V\u010detn\u011b sv\u011bteln\u00e9ho zdroje            <\/td>\n<td>                ano            <\/td>\n<\/tr>\n<tr>\n<td>                Materi\u00e1l            <\/td>\n<td>                hlin\u00edk            <\/td>\n<\/tr>\n<tr>\n<td>                Barva            <\/td>\n<td>                \u0161ed\u00e1            <\/td>\n<\/tr>\n<tr>\n<td>                Kolekce            <\/td>\n<td>                Azzardo            <\/td>\n<\/tr>\n<tr>\n<td>                Po\u010det sv\u011bteln\u00fdch zdroj\u016f            <\/td>\n<td>                1            <\/td>\n<\/tr>\n<tr>\n<td>                V\u00fdrobce            <\/td>\n<td>                AZZARDO            <\/td>\n<\/tr>\n<\/table>\n<\/div><\/div>\n<\/div>\n<div class=\"accordion\" id=\"product-info-accordion2\">\n","protected":false},"excerpt":{"rendered":"<p>Popis produktu N\u00e1st\u011bnn\u00e9 sv\u00edtidlo Gambino 1 z kolekce modern\u00edho osv\u011btlen\u00ed zna\u010dky Azzardo je vhodn\u00e9 pro osv\u00edcen\u00ed Va\u0161\u00ed zahrady d\u00edky vysok\u00e9mu kryt\u00ed IP44, kter\u00e9 chr\u00e1n\u00ed sv\u00edtidlo p\u0159ed st\u0159\u00edkaj\u00edc\u00ed vodou ze v\u0161ech sm\u011br\u016f. Nad\u010dasov\u00fd hranat\u00fd design a integrovan\u00fd LED zdroj zaru\u010d\u00ed dlouhodobou spokojenost. Sv\u011bteln\u00fd paprsek je vyza\u0159ov\u00e1n dv\u011bmi sm\u011bry, nahoru a dol\u016f, a to v \u00fahlu 90 [&hellip;]<\/p>\n","protected":false},"featured_media":1437,"comment_status":"open","ping_status":"open","template":"","meta":[],"product_brand":[],"product_cat":[34],"product_tag":[],"class_list":{"0":"post-1337","1":"product","2":"type-product","3":"status-publish","4":"has-post-thumbnail","6":"product_cat-venkovni-svitidla","8":"first","9":"instock","10":"sale","11":"shipping-taxable","12":"purchasable","13":"product-type-simple"},"yoast_head":"<!-- This site is optimized with the Yoast SEO plugin v26.8 - https:\/\/yoast.com\/product\/yoast-seo-wordpress\/ -->\n<title>LED Venkovn\u00ed n\u00e1st\u011bnn\u00e9 sv\u00edtidlo Azzardo Gambino 1 dark grey AZ0957 6W 480lm 3000K IP44 10cm tmav\u011b \u0161ed\u00e9 - AZZARDO Ak\u010dn\u00ed Nab\u00eddka -<\/title>\n<meta name=\"robots\" content=\"index, follow, max-snippet:-1, max-image-preview:large, max-video-preview:-1\" \/>\n<link rel=\"canonical\" href=\"https:\/\/www.domtechnikpro.com\/index.php\/produkt\/led-venkovni-nastenne-svitidlo-azzardo-gambino-1-dark-grey-az0957-6w-480lm-3000k-ip44-10cm-tmave-sede-azzardo-akcni-nabidka-1337\/\" \/>\n<meta property=\"og:locale\" content=\"cs_CZ\" \/>\n<meta property=\"og:type\" content=\"article\" \/>\n<meta property=\"og:title\" content=\"LED Venkovn\u00ed n\u00e1st\u011bnn\u00e9 sv\u00edtidlo Azzardo Gambino 1 dark grey AZ0957 6W 480lm 3000K IP44 10cm tmav\u011b \u0161ed\u00e9 - AZZARDO Ak\u010dn\u00ed Nab\u00eddka -\" \/>\n<meta property=\"og:description\" content=\"Popis produktu N\u00e1st\u011bnn\u00e9 sv\u00edtidlo Gambino 1 z kolekce modern\u00edho osv\u011btlen\u00ed zna\u010dky Azzardo je vhodn\u00e9 pro osv\u00edcen\u00ed Va\u0161\u00ed zahrady d\u00edky vysok\u00e9mu kryt\u00ed IP44, kter\u00e9 chr\u00e1n\u00ed sv\u00edtidlo p\u0159ed st\u0159\u00edkaj\u00edc\u00ed vodou ze v\u0161ech sm\u011br\u016f. Nad\u010dasov\u00fd hranat\u00fd design a integrovan\u00fd LED zdroj zaru\u010d\u00ed dlouhodobou spokojenost. Sv\u011bteln\u00fd paprsek je vyza\u0159ov\u00e1n dv\u011bmi sm\u011bry, nahoru a dol\u016f, a to v \u00fahlu 90 [&hellip;]\" \/>\n<meta property=\"og:url\" content=\"https:\/\/www.domtechnikpro.com\/index.php\/produkt\/led-venkovni-nastenne-svitidlo-azzardo-gambino-1-dark-grey-az0957-6w-480lm-3000k-ip44-10cm-tmave-sede-azzardo-akcni-nabidka-1337\/\" \/>\n<meta property=\"og:image\" content=\"https:\/\/www.domtechnikpro.com\/wp-content\/uploads\/2026\/SK0002377-CZ20260425-091535-0-1777079743-AZZ-AZ0957.webp\" \/>\n\t<meta property=\"og:image:width\" content=\"480\" \/>\n\t<meta property=\"og:image:height\" content=\"480\" \/>\n\t<meta property=\"og:image:type\" content=\"image\/webp\" \/>\n<meta name=\"twitter:card\" content=\"summary_large_image\" \/>\n<meta name=\"twitter:label1\" content=\"Odhadovan\u00e1 doba \u010dten\u00ed\" \/>\n\t<meta name=\"twitter:data1\" content=\"1 minuta\" \/>\n<script type=\"application\/ld+json\" class=\"yoast-schema-graph\">{\"@context\":\"https:\/\/schema.org\",\"@graph\":[{\"@type\":\"WebPage\",\"@id\":\"https:\/\/www.domtechnikpro.com\/index.php\/produkt\/led-venkovni-nastenne-svitidlo-azzardo-gambino-1-dark-grey-az0957-6w-480lm-3000k-ip44-10cm-tmave-sede-azzardo-akcni-nabidka-1337\/\",\"url\":\"https:\/\/www.domtechnikpro.com\/index.php\/produkt\/led-venkovni-nastenne-svitidlo-azzardo-gambino-1-dark-grey-az0957-6w-480lm-3000k-ip44-10cm-tmave-sede-azzardo-akcni-nabidka-1337\/\",\"name\":\"LED Venkovn\u00ed n\u00e1st\u011bnn\u00e9 sv\u00edtidlo Azzardo Gambino 1 dark grey AZ0957 6W 480lm 3000K IP44 10cm tmav\u011b \u0161ed\u00e9 - AZZARDO Ak\u010dn\u00ed Nab\u00eddka -\",\"isPartOf\":{\"@id\":\"https:\/\/www.domtechnikpro.com\/#website\"},\"primaryImageOfPage\":{\"@id\":\"https:\/\/www.domtechnikpro.com\/index.php\/produkt\/led-venkovni-nastenne-svitidlo-azzardo-gambino-1-dark-grey-az0957-6w-480lm-3000k-ip44-10cm-tmave-sede-azzardo-akcni-nabidka-1337\/#primaryimage\"},\"image\":{\"@id\":\"https:\/\/www.domtechnikpro.com\/index.php\/produkt\/led-venkovni-nastenne-svitidlo-azzardo-gambino-1-dark-grey-az0957-6w-480lm-3000k-ip44-10cm-tmave-sede-azzardo-akcni-nabidka-1337\/#primaryimage\"},\"thumbnailUrl\":\"https:\/\/www.domtechnikpro.com\/wp-content\/uploads\/2026\/SK0002377-CZ20260425-091535-0-1777079743-AZZ-AZ0957.webp\",\"datePublished\":\"2026-04-26T08:52:00+00:00\",\"breadcrumb\":{\"@id\":\"https:\/\/www.domtechnikpro.com\/index.php\/produkt\/led-venkovni-nastenne-svitidlo-azzardo-gambino-1-dark-grey-az0957-6w-480lm-3000k-ip44-10cm-tmave-sede-azzardo-akcni-nabidka-1337\/#breadcrumb\"},\"inLanguage\":\"cs\",\"potentialAction\":[{\"@type\":\"ReadAction\",\"target\":[\"https:\/\/www.domtechnikpro.com\/index.php\/produkt\/led-venkovni-nastenne-svitidlo-azzardo-gambino-1-dark-grey-az0957-6w-480lm-3000k-ip44-10cm-tmave-sede-azzardo-akcni-nabidka-1337\/\"]}]},{\"@type\":\"ImageObject\",\"inLanguage\":\"cs\",\"@id\":\"https:\/\/www.domtechnikpro.com\/index.php\/produkt\/led-venkovni-nastenne-svitidlo-azzardo-gambino-1-dark-grey-az0957-6w-480lm-3000k-ip44-10cm-tmave-sede-azzardo-akcni-nabidka-1337\/#primaryimage\",\"url\":\"https:\/\/www.domtechnikpro.com\/wp-content\/uploads\/2026\/SK0002377-CZ20260425-091535-0-1777079743-AZZ-AZ0957.webp\",\"contentUrl\":\"https:\/\/www.domtechnikpro.com\/wp-content\/uploads\/2026\/SK0002377-CZ20260425-091535-0-1777079743-AZZ-AZ0957.webp\",\"width\":480,\"height\":480},{\"@type\":\"BreadcrumbList\",\"@id\":\"https:\/\/www.domtechnikpro.com\/index.php\/produkt\/led-venkovni-nastenne-svitidlo-azzardo-gambino-1-dark-grey-az0957-6w-480lm-3000k-ip44-10cm-tmave-sede-azzardo-akcni-nabidka-1337\/#breadcrumb\",\"itemListElement\":[{\"@type\":\"ListItem\",\"position\":1,\"name\":\"Home\",\"item\":\"https:\/\/www.domtechnikpro.com\/\"},{\"@type\":\"ListItem\",\"position\":2,\"name\":\"Products\",\"item\":\"https:\/\/www.domtechnikpro.com\/index.php\/products\/\"},{\"@type\":\"ListItem\",\"position\":3,\"name\":\"LED Venkovn\u00ed n\u00e1st\u011bnn\u00e9 sv\u00edtidlo Azzardo Gambino 1 dark grey AZ0957 6W 480lm 3000K IP44 10cm tmav\u011b \u0161ed\u00e9 &#8211; AZZARDO Ak\u010dn\u00ed Nab\u00eddka\"}]},{\"@type\":\"WebSite\",\"@id\":\"https:\/\/www.domtechnikpro.com\/#website\",\"url\":\"https:\/\/www.domtechnikpro.com\/\",\"name\":\"\",\"description\":\"\",\"potentialAction\":[{\"@type\":\"SearchAction\",\"target\":{\"@type\":\"EntryPoint\",\"urlTemplate\":\"https:\/\/www.domtechnikpro.com\/?s={search_term_string}\"},\"query-input\":{\"@type\":\"PropertyValueSpecification\",\"valueRequired\":true,\"valueName\":\"search_term_string\"}}],\"inLanguage\":\"cs\"}]}<\/script>\n<!-- \/ Yoast SEO plugin. -->","yoast_head_json":{"title":"LED Venkovn\u00ed n\u00e1st\u011bnn\u00e9 sv\u00edtidlo Azzardo Gambino 1 dark grey AZ0957 6W 480lm 3000K IP44 10cm tmav\u011b \u0161ed\u00e9 - AZZARDO Ak\u010dn\u00ed Nab\u00eddka -","robots":{"index":"index","follow":"follow","max-snippet":"max-snippet:-1","max-image-preview":"max-image-preview:large","max-video-preview":"max-video-preview:-1"},"canonical":"https:\/\/www.domtechnikpro.com\/index.php\/produkt\/led-venkovni-nastenne-svitidlo-azzardo-gambino-1-dark-grey-az0957-6w-480lm-3000k-ip44-10cm-tmave-sede-azzardo-akcni-nabidka-1337\/","og_locale":"cs_CZ","og_type":"article","og_title":"LED Venkovn\u00ed n\u00e1st\u011bnn\u00e9 sv\u00edtidlo Azzardo Gambino 1 dark grey AZ0957 6W 480lm 3000K IP44 10cm tmav\u011b \u0161ed\u00e9 - AZZARDO Ak\u010dn\u00ed Nab\u00eddka -","og_description":"Popis produktu N\u00e1st\u011bnn\u00e9 sv\u00edtidlo Gambino 1 z kolekce modern\u00edho osv\u011btlen\u00ed zna\u010dky Azzardo je vhodn\u00e9 pro osv\u00edcen\u00ed Va\u0161\u00ed zahrady d\u00edky vysok\u00e9mu kryt\u00ed IP44, kter\u00e9 chr\u00e1n\u00ed sv\u00edtidlo p\u0159ed st\u0159\u00edkaj\u00edc\u00ed vodou ze v\u0161ech sm\u011br\u016f. Nad\u010dasov\u00fd hranat\u00fd design a integrovan\u00fd LED zdroj zaru\u010d\u00ed dlouhodobou spokojenost. Sv\u011bteln\u00fd paprsek je vyza\u0159ov\u00e1n dv\u011bmi sm\u011bry, nahoru a dol\u016f, a to v \u00fahlu 90 [&hellip;]","og_url":"https:\/\/www.domtechnikpro.com\/index.php\/produkt\/led-venkovni-nastenne-svitidlo-azzardo-gambino-1-dark-grey-az0957-6w-480lm-3000k-ip44-10cm-tmave-sede-azzardo-akcni-nabidka-1337\/","og_image":[{"width":480,"height":480,"url":"https:\/\/www.domtechnikpro.com\/wp-content\/uploads\/2026\/SK0002377-CZ20260425-091535-0-1777079743-AZZ-AZ0957.webp","type":"image\/webp"}],"twitter_card":"summary_large_image","twitter_misc":{"Odhadovan\u00e1 doba \u010dten\u00ed":"1 minuta"},"schema":{"@context":"https:\/\/schema.org","@graph":[{"@type":"WebPage","@id":"https:\/\/www.domtechnikpro.com\/index.php\/produkt\/led-venkovni-nastenne-svitidlo-azzardo-gambino-1-dark-grey-az0957-6w-480lm-3000k-ip44-10cm-tmave-sede-azzardo-akcni-nabidka-1337\/","url":"https:\/\/www.domtechnikpro.com\/index.php\/produkt\/led-venkovni-nastenne-svitidlo-azzardo-gambino-1-dark-grey-az0957-6w-480lm-3000k-ip44-10cm-tmave-sede-azzardo-akcni-nabidka-1337\/","name":"LED Venkovn\u00ed n\u00e1st\u011bnn\u00e9 sv\u00edtidlo Azzardo Gambino 1 dark grey AZ0957 6W 480lm 3000K IP44 10cm tmav\u011b \u0161ed\u00e9 - AZZARDO Ak\u010dn\u00ed Nab\u00eddka -","isPartOf":{"@id":"https:\/\/www.domtechnikpro.com\/#website"},"primaryImageOfPage":{"@id":"https:\/\/www.domtechnikpro.com\/index.php\/produkt\/led-venkovni-nastenne-svitidlo-azzardo-gambino-1-dark-grey-az0957-6w-480lm-3000k-ip44-10cm-tmave-sede-azzardo-akcni-nabidka-1337\/#primaryimage"},"image":{"@id":"https:\/\/www.domtechnikpro.com\/index.php\/produkt\/led-venkovni-nastenne-svitidlo-azzardo-gambino-1-dark-grey-az0957-6w-480lm-3000k-ip44-10cm-tmave-sede-azzardo-akcni-nabidka-1337\/#primaryimage"},"thumbnailUrl":"https:\/\/www.domtechnikpro.com\/wp-content\/uploads\/2026\/SK0002377-CZ20260425-091535-0-1777079743-AZZ-AZ0957.webp","datePublished":"2026-04-26T08:52:00+00:00","breadcrumb":{"@id":"https:\/\/www.domtechnikpro.com\/index.php\/produkt\/led-venkovni-nastenne-svitidlo-azzardo-gambino-1-dark-grey-az0957-6w-480lm-3000k-ip44-10cm-tmave-sede-azzardo-akcni-nabidka-1337\/#breadcrumb"},"inLanguage":"cs","potentialAction":[{"@type":"ReadAction","target":["https:\/\/www.domtechnikpro.com\/index.php\/produkt\/led-venkovni-nastenne-svitidlo-azzardo-gambino-1-dark-grey-az0957-6w-480lm-3000k-ip44-10cm-tmave-sede-azzardo-akcni-nabidka-1337\/"]}]},{"@type":"ImageObject","inLanguage":"cs","@id":"https:\/\/www.domtechnikpro.com\/index.php\/produkt\/led-venkovni-nastenne-svitidlo-azzardo-gambino-1-dark-grey-az0957-6w-480lm-3000k-ip44-10cm-tmave-sede-azzardo-akcni-nabidka-1337\/#primaryimage","url":"https:\/\/www.domtechnikpro.com\/wp-content\/uploads\/2026\/SK0002377-CZ20260425-091535-0-1777079743-AZZ-AZ0957.webp","contentUrl":"https:\/\/www.domtechnikpro.com\/wp-content\/uploads\/2026\/SK0002377-CZ20260425-091535-0-1777079743-AZZ-AZ0957.webp","width":480,"height":480},{"@type":"BreadcrumbList","@id":"https:\/\/www.domtechnikpro.com\/index.php\/produkt\/led-venkovni-nastenne-svitidlo-azzardo-gambino-1-dark-grey-az0957-6w-480lm-3000k-ip44-10cm-tmave-sede-azzardo-akcni-nabidka-1337\/#breadcrumb","itemListElement":[{"@type":"ListItem","position":1,"name":"Home","item":"https:\/\/www.domtechnikpro.com\/"},{"@type":"ListItem","position":2,"name":"Products","item":"https:\/\/www.domtechnikpro.com\/index.php\/products\/"},{"@type":"ListItem","position":3,"name":"LED Venkovn\u00ed n\u00e1st\u011bnn\u00e9 sv\u00edtidlo Azzardo Gambino 1 dark grey AZ0957 6W 480lm 3000K IP44 10cm tmav\u011b \u0161ed\u00e9 &#8211; AZZARDO Ak\u010dn\u00ed Nab\u00eddka"}]},{"@type":"WebSite","@id":"https:\/\/www.domtechnikpro.com\/#website","url":"https:\/\/www.domtechnikpro.com\/","name":"","description":"","potentialAction":[{"@type":"SearchAction","target":{"@type":"EntryPoint","urlTemplate":"https:\/\/www.domtechnikpro.com\/?s={search_term_string}"},"query-input":{"@type":"PropertyValueSpecification","valueRequired":true,"valueName":"search_term_string"}}],"inLanguage":"cs"}]}},"_links":{"self":[{"href":"https:\/\/www.domtechnikpro.com\/index.php\/wp-json\/wp\/v2\/product\/1337","targetHints":{"allow":["GET"]}}],"collection":[{"href":"https:\/\/www.domtechnikpro.com\/index.php\/wp-json\/wp\/v2\/product"}],"about":[{"href":"https:\/\/www.domtechnikpro.com\/index.php\/wp-json\/wp\/v2\/types\/product"}],"replies":[{"embeddable":true,"href":"https:\/\/www.domtechnikpro.com\/index.php\/wp-json\/wp\/v2\/comments?post=1337"}],"wp:featuredmedia":[{"embeddable":true,"href":"https:\/\/www.domtechnikpro.com\/index.php\/wp-json\/wp\/v2\/media\/1437"}],"wp:attachment":[{"href":"https:\/\/www.domtechnikpro.com\/index.php\/wp-json\/wp\/v2\/media?parent=1337"}],"wp:term":[{"taxonomy":"product_brand","embeddable":true,"href":"https:\/\/www.domtechnikpro.com\/index.php\/wp-json\/wp\/v2\/product_brand?post=1337"},{"taxonomy":"product_cat","embeddable":true,"href":"https:\/\/www.domtechnikpro.com\/index.php\/wp-json\/wp\/v2\/product_cat?post=1337"},{"taxonomy":"product_tag","embeddable":true,"href":"https:\/\/www.domtechnikpro.com\/index.php\/wp-json\/wp\/v2\/product_tag?post=1337"}],"curies":[{"name":"wp","href":"https:\/\/api.w.org\/{rel}","templated":true}]}}